{"id":9870,"date":"2025-01-06T17:21:49","date_gmt":"2025-01-07T01:21:49","guid":{"rendered":"https:\/\/pophaw.com\/?post_type=product&#038;p=9870"},"modified":"2025-01-25T23:25:20","modified_gmt":"2025-01-26T07:25:20","slug":"kit-limpiador-electrico-de-oidos","status":"publish","type":"product","link":"https:\/\/pophaw.com\/es\/producto\/kit-limpiador-electrico-de-oidos\/","title":{"rendered":"Kit limpiador el\u00e9ctrico de o\u00eddos"},"content":{"rendered":"<p><strong data-immersive-translate-walked=\"9e6acf32-57c4-4064-9a51-b946ea592b05\"><span data-immersive-translate-walked=\"9e6acf32-57c4-4064-9a51-b946ea592b05\" data-immersive-translate-paragraph=\"1\" data-spm-anchor-id=\"a2g0o.detail.1000023.i0.7c02573flvU06C\">Soluci\u00f3n limpiadora de o\u00eddos f\u00e1cil y eficaz. Ayude a usted y a su familia a resolver los problemas causados por la cera de los o\u00eddos.<\/span><\/strong><\/p>\n<p><span class=\"slate-node-text\">1. <strong>Limpieza eficaz de los o\u00eddos<\/strong><\/span><span class=\"slate-node-text\">: El limpiador de o\u00eddos es un dispositivo el\u00e9ctrico totalmente autom\u00e1tico que utiliza agua caliente para eliminar suavemente el exceso de cerumen acumulado. Est\u00e1 dise\u00f1ado para ser suave y seguro, utilizando agua que est\u00e1 cerca de la temperatura corporal (38 \u00b0 F) para adaptarse a ti mismo.<br \/>\n<\/span><span class=\"slate-node-text\">2. <strong>Dise\u00f1o impermeable<\/strong><\/span><span class=\"slate-node-text\">: Con un grado de impermeabilidad IPX5, este limpiador de o\u00eddos puede utilizarse en la ducha para mayor comodidad. Su dise\u00f1o impermeable tambi\u00e9n facilita su limpieza y mantenimiento.<br \/>\n<\/span><span class=\"slate-node-text\">3. <strong>Cuatro modos de presi\u00f3n<\/strong><\/span><span class=\"slate-node-text\">: Este limpiador de cerumen en spray cuenta con cuatro modos de presi\u00f3n diferentes, proporcionando una variedad de opciones para adaptarse a diferentes necesidades. Tanto si necesita una limpieza suave como una limpieza m\u00e1s profunda, hay un modo que se adaptar\u00e1 a sus necesidades.<br \/>\n4. <\/span><span class=\"slate-node-text\"><strong>F\u00e1cil de usar<\/strong><\/span><span class=\"slate-node-text\">: Adem\u00e1s, es recargable, lo que facilita su uso sin tener que preocuparse de cambiar las pilas.<br \/>\n<\/span><span class=\"slate-node-text\">5. <strong>Ahorra tiempo<\/strong><\/span><span class=\"slate-node-text\">: Al proporcionar una forma segura y eficaz de limpiar los o\u00eddos en casa, este removedor de cerumen puede ahorrar tiempo y dinero gastados en limpiezas de o\u00eddos profesionales. Es una soluci\u00f3n c\u00f3moda y rentable para quienes buscan una forma sencilla y eficaz de mantener limpios sus o\u00eddos.<\/span><\/p>\n<p align=\"start\">- Eliminaci\u00f3n del cerumen: Dise\u00f1ado para la eliminaci\u00f3n eficiente de la cera del o\u00eddo, esta herramienta ayuda a mantener la higiene del o\u00eddo y promover la salud en general.<br \/>\n- Irrigaci\u00f3n de agua para el cuidado de la salud: Su funci\u00f3n de irrigaci\u00f3n con agua proporciona beneficios para el cuidado de la salud al eliminar las sustancias nocivas de los o\u00eddos.<br \/>\n- Limpiador de o\u00eddos para adultos y ni\u00f1os: Esta vers\u00e1til herramienta es adecuada tanto para adultos como para ni\u00f1os, lo que la convierte en una opci\u00f3n familiar para la limpieza de o\u00eddos.<br \/>\n- Origen : China continental<br \/>\n- Una unidad: Cada paquete contiene una unidad, lo que proporciona una gran relaci\u00f3n calidad-precio y garantiza que disponga de las herramientas necesarias para una limpieza eficaz de los o\u00eddos.<\/p>\n<p><strong>Especificaciones:<\/strong><br \/>\nCapacidad de la botella de agua: 200 ml<br \/>\nPresi\u00f3n: 7-24,5 PSI<br \/>\nModos: Modo normal\/Modelo suave\/Modelo Plus\/Modo fuerte<br \/>\nCapacidad de la bater\u00eda:2000mAh<br \/>\nLuz LED: 5 piezas<br \/>\nTiempo de carga: 3 horas<br \/>\nTiempo de trabajo: 7 horas<\/p>\n<p><strong>Embalaje incluido:<\/strong><br \/>\n1X Iirrigaci\u00f3n el\u00e9ctrica del o\u00eddo<br \/>\n1X Cubeta para orejas<br \/>\n9X Almohadillas desechables<br \/>\n1X Cable de carga<br \/>\n1X Manual del usuario<\/p>","protected":false},"excerpt":{"rendered":"<p>4 modos de presi\u00f3n Eliminaci\u00f3n de cerumen<\/p>","protected":false},"featured_media":9871,"template":"","meta":{"bwfblock_default_font":"","_uag_custom_page_level_css":"","site-sidebar-layout":"default","site-content-layout":"","ast-site-content-layout":"default","site-content-style":"default","site-sidebar-style":"default","ast-global-header-display":"","ast-banner-title-visibility":"","ast-main-header-display":"","ast-hfb-above-header-display":"","ast-hfb-below-header-display":"","ast-hfb-mobile-header-display":"","site-post-title":"","ast-breadcrumbs-content":"","ast-featured-img":"","footer-sml-layout":"","ast-disable-related-posts":"","theme-transparent-header-meta":"default","adv-header-id-meta":"","stick-header-meta":"default","header-above-stick-meta":"","header-main-stick-meta":"","header-below-stick-meta":"","astra-migrate-meta-layouts":"set","ast-page-background-enabled":"default","ast-page-background-meta":{"desktop":{"background-color":"","background-image":"","background-repeat":"repeat","background-position":"center center","background-size":"auto","background-attachment":"scroll","background-type":"","background-media":"","overlay-type":"","overlay-color":"","overlay-opacity":"","overlay-gradient":""},"tablet":{"background-color":"","background-image":"","background-repeat":"repeat","background-position":"center center","background-size":"auto","background-attachment":"scroll","background-type":"","background-media":"","overlay-type":"","overlay-color":"","overlay-opacity":"","overlay-gradient":""},"mobile":{"background-color":"","background-image":"","background-repeat":"repeat","background-position":"center center","background-size":"auto","background-attachment":"scroll","background-type":"","background-media":"","overlay-type":"","overlay-color":"","overlay-opacity":"","overlay-gradient":""}},"ast-content-background-meta":{"desktop":{"background-color":"var(--ast-global-color-5)","background-image":"","background-repeat":"repeat","background-position":"center center","background-size":"auto","background-attachment":"scroll","background-type":"","background-media":"","overlay-type":"","overlay-color":"","overlay-opacity":"","overlay-gradient":""},"tablet":{"background-color":"var(--ast-global-color-5)","background-image":"","background-repeat":"repeat","background-position":"center center","background-size":"auto","background-attachment":"scroll","background-type":"","background-media":"","overlay-type":"","overlay-color":"","overlay-opacity":"","overlay-gradient":""},"mobile":{"background-color":"var(--ast-global-color-5)","background-image":"","background-repeat":"repeat","background-position":"center center","background-size":"auto","background-attachment":"scroll","background-type":"","background-media":"","overlay-type":"","overlay-color":"","overlay-opacity":"","overlay-gradient":""}}},"product_brand":[73],"product_cat":[338,336,93],"product_tag":[],"class_list":{"0":"post-9870","1":"product","2":"type-product","3":"status-publish","4":"has-post-thumbnail","6":"product_brand-pophaw","7":"product_cat-personal-care","8":"product_cat-healthcare-products","9":"product_cat-hearing-vision-care","10":"desktop-align-center","11":"tablet-align-center","12":"mobile-align-center","13":"ast-product-gallery-layout-horizontal-slider","14":"ast-magnify-disabled","15":"ast-product-tabs-layout-horizontal","17":"first","18":"instock","19":"shipping-taxable","20":"purchasable","21":"product-type-simple"},"spectra_custom_meta":{"_edit_lock":["1738909533:1"],"_edit_last":["1"],"rank_math_seo_score":["86"],"rank_math_focus_keyword":["Ear Cleaner"],"rank_math_description":["Electric Ear Cleaner Kit 4 Pressure Modes Ear Wax Removal Health Care Water Irrigation Ear Washer For Adults Child Ear Cleaner"],"_thumbnail_id":["9871"],"_admin_notes":["https:\/\/detail.1688.com\/offer\/749028696320.html?spm=a261y.7663282.1081181309812.1.61904092dTyQwB&sk=consign"],"_custom_product_field":[""],"_sku":["PH11335014"],"_global_unique_id":["17841900187435"],"_regular_price":["26.99"],"total_sales":["0"],"_tax_status":["taxable"],"_tax_class":[""],"_manage_stock":["no"],"_backorders":["no"],"_sold_individually":["no"],"_virtual":["no"],"_downloadable":["no"],"_download_limit":["-1"],"_download_expiry":["-1"],"_stock":[null],"_stock_status":["instock"],"_wc_average_rating":["0"],"_wc_review_count":["0"],"_product_version":["9.6.0"],"_price":["26.99"],"_wc_gla_visibility":["sync-and-show"],"_wc_gla_sync_status":["synced"],"_product_image_gallery":["9873,9874,9875,9872,9876"],"_wc_facebook_sync_enabled":["yes"],"fb_visibility":["yes"],"fb_product_description":[""],"_wc_facebook_product_image_source":["product"],"_wc_facebook_commerce_enabled":["no"],"fb_product_group_id":["9389009541133895"],"_wc_gla_synced_at":["1773802835"],"_wc_gla_google_ids":["a:1:{s:2:\"US\";s:21:\"online:en:US:gla_9870\";}"],"rank_math_primary_product_brand":["73"],"rank_math_primary_product_cat":["338"],"rank_math_primary_fb_product_set":["0"],"site-sidebar-layout":["default"],"ast-site-content-layout":["default"],"site-content-style":["default"],"site-sidebar-style":["default"],"theme-transparent-header-meta":["default"],"stick-header-meta":["default"],"rank_math_analytic_object_id":["190"],"fb_product_item_id":["9389009801133869"],"astra-migrate-meta-layouts":["set"],"wpil_sync_report3":["1"],"wpil_links_inbound_internal_count":["0"],"wpil_links_inbound_internal_count_data":["eJxLtDKwqq4FAAZPAf4="],"wpil_links_outbound_internal_count":["0"],"wpil_links_outbound_internal_count_data":["eJxLtDKwqq4FAAZPAf4="],"wpil_links_outbound_external_count":["0"],"wpil_links_outbound_external_count_data":["eJxLtDKwqq4FAAZPAf4="],"wpil_sync_report2_time":["2025-01-27T07:29:10+00:00"],"classic-editor-remember":["classic-editor"],"omnisend_last_sync":["2025-05-16T11:05:10+00:00"],"surerank_settings_general":["a:7:{s:9:\"separator\";s:1:\"-\";s:10:\"page_title\";s:21:\"%title% - %site_name%\";s:25:\"auto_generate_description\";b:1;s:16:\"page_description\";s:126:\"Electric Ear Cleaner Kit 4 Pressure Modes Ear Wax Removal Health Care Water Irrigation Ear Washer For Adults Child Ear Cleaner\";s:16:\"auto_description\";s:155:\"Easy and Effective Ear Cleaner Solution. Help you and your family solve the trouble caused by ear wax. 1. Efficient Ear Cleaning: The ear washer is a fully\";s:14:\"fallback_image\";s:0:\"\";s:13:\"canonical_url\";s:52:\"https:\/\/pophaw.com\/product\/electric-ear-cleaner-kit\/\";}"],"surerank_settings_post_no_index":["no"],"surerank_settings_post_no_follow":["no"],"surerank_settings_post_no_archive":["no"],"surerank_settings_social":["a:23:{s:15:\"open_graph_tags\";b:1;s:18:\"facebook_meta_tags\";b:1;s:17:\"twitter_meta_tags\";b:1;s:16:\"oembeded_scripts\";b:1;s:17:\"oembeded_og_title\";b:1;s:22:\"oembeded_social_images\";b:1;s:27:\"oembeded_remove_author_name\";b:1;s:17:\"facebook_page_url\";s:54:\"https:\/\/www.facebook.com\/profile.php?id=61571207938497\";s:24:\"facebook_author_fallback\";s:0:\"\";s:17:\"twitter_card_type\";s:19:\"summary_large_image\";s:24:\"twitter_same_as_facebook\";b:1;s:24:\"twitter_profile_username\";s:0:\"\";s:24:\"twitter_profile_fallback\";s:0:\"\";s:14:\"facebook_title\";s:21:\"%title% - %site_name%\";s:20:\"facebook_description\";s:9:\"%content%\";s:18:\"facebook_image_url\";s:56:\"https:\/\/pophaw.com\/wp-content\/uploads\/2025\/01\/10004.webp\";s:17:\"facebook_image_id\";i:9871;s:20:\"facebook_image_width\";i:970;s:21:\"facebook_image_height\";i:970;s:13:\"twitter_title\";s:21:\"%title% - %site_name%\";s:19:\"twitter_description\";s:9:\"%content%\";s:17:\"twitter_image_url\";s:56:\"https:\/\/pophaw.com\/wp-content\/uploads\/2025\/01\/10004.webp\";s:16:\"twitter_image_id\";i:9871;}"],"surerank_migration":["1"],"astra_style_timestamp_css":["1775174645"],"wwpp_product_wholesale_visibility_filter":["all"],"_uag_css_file_name":["uag-css-9870.css"],"rank_math_internal_links_processed":["1"],"_uag_page_assets":["a:9:{s:3:\"css\";s:263:\".uag-blocks-common-selector{z-index:var(--z-index-desktop) !important}@media (max-width: 976px){.uag-blocks-common-selector{z-index:var(--z-index-tablet) !important}}@media (max-width: 767px){.uag-blocks-common-selector{z-index:var(--z-index-mobile) !important}}\n\";s:2:\"js\";s:0:\"\";s:18:\"current_block_list\";a:15:{i:0;s:23:\"surecart\/slide-out-cart\";i:1;s:30:\"surecart\/slide-out-cart-header\";i:2;s:29:\"surecart\/slide-out-cart-items\";i:3;s:30:\"surecart\/slide-out-cart-coupon\";i:4;s:32:\"surecart\/slide-out-cart-subtotal\";i:5;s:38:\"surecart\/slide-out-cart-bump-line-item\";i:6;s:30:\"surecart\/slide-out-cart-submit\";i:7;s:11:\"core\/search\";i:8;s:10:\"core\/group\";i:9;s:12:\"core\/heading\";i:10;s:17:\"core\/latest-posts\";i:11;s:20:\"core\/latest-comments\";i:12;s:13:\"core\/archives\";i:13;s:15:\"core\/categories\";i:14;s:14:\"core\/shortcode\";}s:8:\"uag_flag\";b:0;s:11:\"uag_version\";s:10:\"1775168599\";s:6:\"gfonts\";a:0:{}s:10:\"gfonts_url\";s:0:\"\";s:12:\"gfonts_files\";a:0:{}s:14:\"uag_faq_layout\";b:0;}"],"_wc_gla_mc_status":["approved"]},"uagb_featured_image_src":{"full":["https:\/\/pophaw.com\/wp-content\/uploads\/2025\/01\/10004.webp",970,970,false],"thumbnail":["https:\/\/pophaw.com\/wp-content\/uploads\/2025\/01\/10004-150x150.webp",150,150,true],"medium":["https:\/\/pophaw.com\/wp-content\/uploads\/2025\/01\/10004-300x300.webp",300,300,true],"medium_large":["https:\/\/pophaw.com\/wp-content\/uploads\/2025\/01\/10004-768x768.webp",768,768,true],"large":["https:\/\/pophaw.com\/wp-content\/uploads\/2025\/01\/10004.webp",970,970,false],"ryviu-small":["https:\/\/pophaw.com\/wp-content\/uploads\/2025\/01\/10004.webp",40,40,false],"ryviu-medium":["https:\/\/pophaw.com\/wp-content\/uploads\/2025\/01\/10004.webp",132,132,false],"1536x1536":["https:\/\/pophaw.com\/wp-content\/uploads\/2025\/01\/10004.webp",970,970,false],"2048x2048":["https:\/\/pophaw.com\/wp-content\/uploads\/2025\/01\/10004.webp",970,970,false],"trp-custom-language-flag":["https:\/\/pophaw.com\/wp-content\/uploads\/2025\/01\/10004.webp",12,12,false],"woocommerce_thumbnail":["https:\/\/pophaw.com\/wp-content\/uploads\/2025\/01\/10004-300x300.webp",300,300,true],"woocommerce_single":["https:\/\/pophaw.com\/wp-content\/uploads\/2025\/01\/10004-600x600.webp",600,600,true],"woocommerce_gallery_thumbnail":["https:\/\/pophaw.com\/wp-content\/uploads\/2025\/01\/10004-100x100.webp",100,100,true]},"uagb_author_info":{"display_name":"Dr. Rowan","author_link":"https:\/\/pophaw.com\/es\/author\/"},"uagb_comment_info":0,"uagb_excerpt":"4 Pressure Modes Ear Wax Removal","_links":{"self":[{"href":"https:\/\/pophaw.com\/es\/wp-json\/wp\/v2\/product\/9870","targetHints":{"allow":["GET"]}}],"collection":[{"href":"https:\/\/pophaw.com\/es\/wp-json\/wp\/v2\/product"}],"about":[{"href":"https:\/\/pophaw.com\/es\/wp-json\/wp\/v2\/types\/product"}],"wp:featuredmedia":[{"embeddable":true,"href":"https:\/\/pophaw.com\/es\/wp-json\/wp\/v2\/media\/9871"}],"wp:attachment":[{"href":"https:\/\/pophaw.com\/es\/wp-json\/wp\/v2\/media?parent=9870"}],"wp:term":[{"taxonomy":"product_brand","embeddable":true,"href":"https:\/\/pophaw.com\/es\/wp-json\/wp\/v2\/product_brand?post=9870"},{"taxonomy":"product_cat","embeddable":true,"href":"https:\/\/pophaw.com\/es\/wp-json\/wp\/v2\/product_cat?post=9870"},{"taxonomy":"product_tag","embeddable":true,"href":"https:\/\/pophaw.com\/es\/wp-json\/wp\/v2\/product_tag?post=9870"}],"curies":[{"name":"wp","href":"https:\/\/api.w.org\/{rel}","templated":true}]}}