{"id":9877,"date":"2025-01-06T23:16:20","date_gmt":"2025-01-07T07:16:20","guid":{"rendered":"https:\/\/pophaw.com\/?post_type=product&#038;p=9877"},"modified":"2025-01-25T23:25:35","modified_gmt":"2025-01-26T07:25:35","slug":"extractor-de-cerumen-electrico","status":"publish","type":"product","link":"https:\/\/pophaw.com\/es\/producto\/extractor-de-cerumen-electrico\/","title":{"rendered":"Extractor de cerumen el\u00e9ctrico"},"content":{"rendered":"<p><strong>Remoci\u00f3n de Cera de O\u00eddo, Kit El\u00e9ctrico de Limpieza de O\u00eddo, Kit de Irrigaci\u00f3n de O\u00eddo con 4 Modos de Presi\u00f3n, Seguro y Efectivo Kit de Limpieza de O\u00eddo con Limpiador de O\u00eddo-Incluye Lavabo, Toalla y 9 Puntas<\/strong><\/p>\n<p><strong data-spm-anchor-id=\"a2g0o.detail.1000023.i0.560cZiATZiATut\">Especificaciones:<\/strong><\/p>\n<p>Material: ABS+Silicona<\/p>\n<p>Tama\u00f1o del producto: 17,2*15,4*4,7 cm<\/p>\n<p>Tama\u00f1o del paquete: 18,1*16*6,2 cm<\/p>\n<p>Fuente de alimentaci\u00f3n: 18650 (2000mAh)<\/p>\n<p>Tensi\u00f3n de trabajo: 3,55-4,2V<\/p>\n<p>Color del indicador: blanco, rojo, verde<\/p>\n<p>Potencia nominal: 1,5 W<\/p>\n<p>Tensi\u00f3n de carga: 5V\u00b10,25V<\/p>\n<p>Corriente: 800 mA\u00b130 mA (carga cuando la bater\u00eda est\u00e1 descargada)<\/p>\n<p>Tiempo de carga: unas 2,5 horas<\/p>\n<p>Funci\u00f3n impermeable: el producto no es impermeable, y el contacto con la boca de la botella es impermeable<\/p>\n<p>M\u00e9todo de carga: Carga tipo-c<\/p>\n<p><strong>Caracter\u00edsticas:<\/strong><\/p>\n<p>1. El limpiador de o\u00eddos totalmente autom\u00e1tico limpia los o\u00eddos de forma segura e higi\u00e9nica, es indoloro y sin efectos secundarios, y puede ser utilizado por toda la familia.<\/p>\n<p>2. Este limpiador de o\u00eddos el\u00e9ctrico multifuncional puede eliminar eficazmente el cerumen en el canal auditivo, mejorar la obstrucci\u00f3n del canal auditivo, aliviar las molestias del o\u00eddo y hacer que sus o\u00eddos se sientan m\u00e1s c\u00f3modos.<\/p>\n<p>3. Cuatro velocidades de diferentes intensidades (modo suave, modo est\u00e1ndar, modo de pulso y modo fuerte) est\u00e1n disponibles para la selecci\u00f3n para satisfacer las necesidades reales de los diferentes grupos de personas.<\/p>\n<p>4. Bater\u00eda de litio de 2000mAh incorporada con una duraci\u00f3n de hasta 6 meses, lo que le permite disfrutar de un c\u00f3modo lavado de o\u00eddos en cualquier momento y lugar.<\/p>\n<p>5. El vaso de agua integrado de gran capacidad de 500 ml satisface las necesidades de un lavado de o\u00eddo \u00fanico sin necesidad de rellenarlo con frecuencia.<\/p>\n<p>* Este producto es apto para mayores de 12 a\u00f1os; en caso de ni\u00f1os menores de 12 a\u00f1os, consulte a un m\u00e9dico.<\/p>\n<p><strong>Lista de embalaje:<\/strong><\/p>\n<p>Sistema el\u00e9ctrico de lavado de o\u00eddos*1<\/p>\n<p>Cubeta auricular*1<\/p>\n<p>Botella de agua de 500 ml*1<\/p>\n<p>Tapones de un solo orificio*9<\/p>\n<p>Tapones de cinco orificios*1<\/p>\n<p>Cable de carga tipo C*1<\/p>\n<p>Manual de instrucciones*1<\/p>","protected":false},"excerpt":{"rendered":"<p>Kit de limpieza de o\u00eddos de 4 modos de presi\u00f3n<\/p>","protected":false},"featured_media":9878,"template":"","meta":{"bwfblock_default_font":"","_uag_custom_page_level_css":"","site-sidebar-layout":"default","site-content-layout":"","ast-site-content-layout":"default","site-content-style":"default","site-sidebar-style":"default","ast-global-header-display":"","ast-banner-title-visibility":"","ast-main-header-display":"","ast-hfb-above-header-display":"","ast-hfb-below-header-display":"","ast-hfb-mobile-header-display":"","site-post-title":"","ast-breadcrumbs-content":"","ast-featured-img":"","footer-sml-layout":"","ast-disable-related-posts":"","theme-transparent-header-meta":"default","adv-header-id-meta":"","stick-header-meta":"default","header-above-stick-meta":"","header-main-stick-meta":"","header-below-stick-meta":"","astra-migrate-meta-layouts":"set","ast-page-background-enabled":"default","ast-page-background-meta":{"desktop":{"background-color":"","background-image":"","background-repeat":"repeat","background-position":"center center","background-size":"auto","background-attachment":"scroll","background-type":"","background-media":"","overlay-type":"","overlay-color":"","overlay-opacity":"","overlay-gradient":""},"tablet":{"background-color":"","background-image":"","background-repeat":"repeat","background-position":"center center","background-size":"auto","background-attachment":"scroll","background-type":"","background-media":"","overlay-type":"","overlay-color":"","overlay-opacity":"","overlay-gradient":""},"mobile":{"background-color":"","background-image":"","background-repeat":"repeat","background-position":"center center","background-size":"auto","background-attachment":"scroll","background-type":"","background-media":"","overlay-type":"","overlay-color":"","overlay-opacity":"","overlay-gradient":""}},"ast-content-background-meta":{"desktop":{"background-color":"var(--ast-global-color-5)","background-image":"","background-repeat":"repeat","background-position":"center center","background-size":"auto","background-attachment":"scroll","background-type":"","background-media":"","overlay-type":"","overlay-color":"","overlay-opacity":"","overlay-gradient":""},"tablet":{"background-color":"var(--ast-global-color-5)","background-image":"","background-repeat":"repeat","background-position":"center center","background-size":"auto","background-attachment":"scroll","background-type":"","background-media":"","overlay-type":"","overlay-color":"","overlay-opacity":"","overlay-gradient":""},"mobile":{"background-color":"var(--ast-global-color-5)","background-image":"","background-repeat":"repeat","background-position":"center center","background-size":"auto","background-attachment":"scroll","background-type":"","background-media":"","overlay-type":"","overlay-color":"","overlay-opacity":"","overlay-gradient":""}}},"product_brand":[73],"product_cat":[338,336,93],"product_tag":[],"class_list":{"0":"post-9877","1":"product","2":"type-product","3":"status-publish","4":"has-post-thumbnail","6":"product_brand-pophaw","7":"product_cat-personal-care","8":"product_cat-healthcare-products","9":"product_cat-hearing-vision-care","10":"desktop-align-center","11":"tablet-align-center","12":"mobile-align-center","13":"ast-product-gallery-layout-horizontal-slider","14":"ast-magnify-disabled","15":"ast-product-tabs-layout-horizontal","17":"first","18":"instock","19":"shipping-taxable","20":"purchasable","21":"product-type-simple"},"spectra_custom_meta":{"_edit_lock":["1738909404:1"],"_edit_last":["1"],"rank_math_seo_score":["87"],"rank_math_description":["Ear Wax Removal, Electric Ear Cleaning Kit , Ear Irrigation Kit with 4 Pressure Modes, Safe and Effective Ear Flush Kit with Ear"],"rank_math_focus_keyword":["Ear Wax Removal"],"_thumbnail_id":["9878"],"_admin_notes":["https:\/\/detail.1688.com\/offer\/749028696320.html?kj_agent_plugin=aliprice&fromkv=xytTrace:2146915b17362331902293245e2148&token=NtUZPn5BRJfpIB9C7Ixpz1Ix94xThlHZNtSP3TkHUhnP9oCXCHAIKcOd9tI6gsQ8"],"_custom_product_field":[""],"_sku":["PH11335015"],"_global_unique_id":["17841900187442"],"_regular_price":["26.99"],"total_sales":["0"],"_tax_status":["taxable"],"_tax_class":[""],"_manage_stock":["no"],"_backorders":["no"],"_sold_individually":["no"],"_virtual":["no"],"_downloadable":["no"],"_download_limit":["-1"],"_download_expiry":["-1"],"_stock":[null],"_stock_status":["instock"],"_wc_average_rating":["0"],"_wc_review_count":["0"],"_product_version":["9.6.0"],"_price":["26.99"],"_wc_gla_visibility":["sync-and-show"],"_wc_gla_sync_status":["synced"],"_product_image_gallery":["9883,9881,9879,9882,9880"],"_wc_facebook_sync_enabled":["yes"],"fb_visibility":["yes"],"fb_product_description":[""],"_wc_facebook_product_image_source":["product"],"_wc_facebook_commerce_enabled":["no"],"fb_product_group_id":["8698115990298497"],"rank_math_primary_product_brand":["73"],"rank_math_primary_product_cat":["338"],"rank_math_primary_fb_product_set":["0"],"site-sidebar-layout":["default"],"ast-site-content-layout":["default"],"site-content-style":["default"],"site-sidebar-style":["default"],"theme-transparent-header-meta":["default"],"astra-migrate-meta-layouts":["set"],"stick-header-meta":["default"],"rank_math_analytic_object_id":["191"],"fb_product_item_id":["8698116220298474"],"_wc_gla_synced_at":["1773802835"],"_wc_gla_google_ids":["a:1:{s:2:\"US\";s:21:\"online:en:US:gla_9877\";}"],"wpil_sync_report3":["1"],"wpil_links_inbound_internal_count":["0"],"wpil_links_inbound_internal_count_data":["eJxLtDKwqq4FAAZPAf4="],"wpil_links_outbound_internal_count":["0"],"wpil_links_outbound_internal_count_data":["eJxLtDKwqq4FAAZPAf4="],"wpil_links_outbound_external_count":["0"],"wpil_links_outbound_external_count_data":["eJxLtDKwqq4FAAZPAf4="],"wpil_sync_report2_time":["2025-01-27T07:29:10+00:00"],"classic-editor-remember":["classic-editor"],"omnisend_last_sync":["2025-05-16T11:05:10+00:00"],"surerank_settings_general":["a:7:{s:9:\"separator\";s:1:\"-\";s:10:\"page_title\";s:21:\"%title% - %site_name%\";s:25:\"auto_generate_description\";b:1;s:16:\"page_description\";s:128:\"Ear Wax Removal, Electric Ear Cleaning Kit , Ear Irrigation Kit with 4 Pressure Modes, Safe and Effective Ear Flush Kit with Ear\";s:16:\"auto_description\";s:160:\"Ear Wax Removal, Electric Ear Cleaning Kit , Ear Irrigation Kit with 4 Pressure Modes, Safe and Effective Ear Flush Kit with Ear Cleaner\u2014Includes Basin, Towel\";s:14:\"fallback_image\";s:0:\"\";s:13:\"canonical_url\";s:57:\"https:\/\/pophaw.com\/product\/electric-ear-wax-removal-tool\/\";}"],"surerank_settings_post_no_index":["no"],"surerank_settings_post_no_follow":["no"],"surerank_settings_post_no_archive":["no"],"surerank_settings_social":["a:23:{s:15:\"open_graph_tags\";b:1;s:18:\"facebook_meta_tags\";b:1;s:17:\"twitter_meta_tags\";b:1;s:16:\"oembeded_scripts\";b:1;s:17:\"oembeded_og_title\";b:1;s:22:\"oembeded_social_images\";b:1;s:27:\"oembeded_remove_author_name\";b:1;s:17:\"facebook_page_url\";s:54:\"https:\/\/www.facebook.com\/profile.php?id=61571207938497\";s:24:\"facebook_author_fallback\";s:0:\"\";s:17:\"twitter_card_type\";s:19:\"summary_large_image\";s:24:\"twitter_same_as_facebook\";b:1;s:24:\"twitter_profile_username\";s:0:\"\";s:24:\"twitter_profile_fallback\";s:0:\"\";s:14:\"facebook_title\";s:21:\"%title% - %site_name%\";s:20:\"facebook_description\";s:9:\"%content%\";s:18:\"facebook_image_url\";s:58:\"https:\/\/pophaw.com\/wp-content\/uploads\/2025\/01\/10003-1.webp\";s:17:\"facebook_image_id\";i:9878;s:20:\"facebook_image_width\";i:1600;s:21:\"facebook_image_height\";i:1600;s:13:\"twitter_title\";s:21:\"%title% - %site_name%\";s:19:\"twitter_description\";s:9:\"%content%\";s:17:\"twitter_image_url\";s:58:\"https:\/\/pophaw.com\/wp-content\/uploads\/2025\/01\/10003-1.webp\";s:16:\"twitter_image_id\";i:9878;}"],"surerank_migration":["1"],"astra_style_timestamp_css":["1775174730"],"wwpp_product_wholesale_visibility_filter":["all"],"_uag_css_file_name":["uag-css-9877.css"],"rank_math_internal_links_processed":["1"],"_uag_page_assets":["a:9:{s:3:\"css\";s:263:\".uag-blocks-common-selector{z-index:var(--z-index-desktop) !important}@media (max-width: 976px){.uag-blocks-common-selector{z-index:var(--z-index-tablet) !important}}@media (max-width: 767px){.uag-blocks-common-selector{z-index:var(--z-index-mobile) !important}}\n\";s:2:\"js\";s:0:\"\";s:18:\"current_block_list\";a:15:{i:0;s:23:\"surecart\/slide-out-cart\";i:1;s:30:\"surecart\/slide-out-cart-header\";i:2;s:29:\"surecart\/slide-out-cart-items\";i:3;s:30:\"surecart\/slide-out-cart-coupon\";i:4;s:32:\"surecart\/slide-out-cart-subtotal\";i:5;s:38:\"surecart\/slide-out-cart-bump-line-item\";i:6;s:30:\"surecart\/slide-out-cart-submit\";i:7;s:11:\"core\/search\";i:8;s:10:\"core\/group\";i:9;s:12:\"core\/heading\";i:10;s:17:\"core\/latest-posts\";i:11;s:20:\"core\/latest-comments\";i:12;s:13:\"core\/archives\";i:13;s:15:\"core\/categories\";i:14;s:14:\"core\/shortcode\";}s:8:\"uag_flag\";b:0;s:11:\"uag_version\";s:10:\"1775168599\";s:6:\"gfonts\";a:0:{}s:10:\"gfonts_url\";s:0:\"\";s:12:\"gfonts_files\";a:0:{}s:14:\"uag_faq_layout\";b:0;}"],"_wc_gla_mc_status":["approved"]},"uagb_featured_image_src":{"full":["https:\/\/pophaw.com\/wp-content\/uploads\/2025\/01\/10003-1.webp",1600,1600,false],"thumbnail":["https:\/\/pophaw.com\/wp-content\/uploads\/2025\/01\/10003-1-150x150.webp",150,150,true],"medium":["https:\/\/pophaw.com\/wp-content\/uploads\/2025\/01\/10003-1-300x300.webp",300,300,true],"medium_large":["https:\/\/pophaw.com\/wp-content\/uploads\/2025\/01\/10003-1-768x768.webp",768,768,true],"large":["https:\/\/pophaw.com\/wp-content\/uploads\/2025\/01\/10003-1-1024x1024.webp",1024,1024,true],"ryviu-small":["https:\/\/pophaw.com\/wp-content\/uploads\/2025\/01\/10003-1.webp",40,40,false],"ryviu-medium":["https:\/\/pophaw.com\/wp-content\/uploads\/2025\/01\/10003-1.webp",132,132,false],"1536x1536":["https:\/\/pophaw.com\/wp-content\/uploads\/2025\/01\/10003-1-1536x1536.webp",1536,1536,true],"2048x2048":["https:\/\/pophaw.com\/wp-content\/uploads\/2025\/01\/10003-1.webp",1600,1600,false],"trp-custom-language-flag":["https:\/\/pophaw.com\/wp-content\/uploads\/2025\/01\/10003-1.webp",12,12,false],"woocommerce_thumbnail":["https:\/\/pophaw.com\/wp-content\/uploads\/2025\/01\/10003-1-300x300.webp",300,300,true],"woocommerce_single":["https:\/\/pophaw.com\/wp-content\/uploads\/2025\/01\/10003-1-600x600.webp",600,600,true],"woocommerce_gallery_thumbnail":["https:\/\/pophaw.com\/wp-content\/uploads\/2025\/01\/10003-1-100x100.webp",100,100,true]},"uagb_author_info":{"display_name":"Dr. Rowan","author_link":"https:\/\/pophaw.com\/es\/author\/"},"uagb_comment_info":0,"uagb_excerpt":"4 Pressure Mode Ear Flush Kit","_links":{"self":[{"href":"https:\/\/pophaw.com\/es\/wp-json\/wp\/v2\/product\/9877","targetHints":{"allow":["GET"]}}],"collection":[{"href":"https:\/\/pophaw.com\/es\/wp-json\/wp\/v2\/product"}],"about":[{"href":"https:\/\/pophaw.com\/es\/wp-json\/wp\/v2\/types\/product"}],"wp:featuredmedia":[{"embeddable":true,"href":"https:\/\/pophaw.com\/es\/wp-json\/wp\/v2\/media\/9878"}],"wp:attachment":[{"href":"https:\/\/pophaw.com\/es\/wp-json\/wp\/v2\/media?parent=9877"}],"wp:term":[{"taxonomy":"product_brand","embeddable":true,"href":"https:\/\/pophaw.com\/es\/wp-json\/wp\/v2\/product_brand?post=9877"},{"taxonomy":"product_cat","embeddable":true,"href":"https:\/\/pophaw.com\/es\/wp-json\/wp\/v2\/product_cat?post=9877"},{"taxonomy":"product_tag","embeddable":true,"href":"https:\/\/pophaw.com\/es\/wp-json\/wp\/v2\/product_tag?post=9877"}],"curies":[{"name":"wp","href":"https:\/\/api.w.org\/{rel}","templated":true}]}}