{"id":9921,"date":"2025-01-07T19:05:51","date_gmt":"2025-01-08T03:05:51","guid":{"rendered":"https:\/\/pophaw.com\/?post_type=product&#038;p=9921"},"modified":"2025-01-25T23:26:20","modified_gmt":"2025-01-26T07:26:20","slug":"grapadora-cutanea-desechable-35w","status":"publish","type":"product","link":"https:\/\/pophaw.com\/es\/producto\/grapadora-cutanea-desechable-35w\/","title":{"rendered":"Grapadora cut\u00e1nea desechable 35W"},"content":{"rendered":"<h2><strong>\u00bfQu\u00e9 es una grapadora cut\u00e1nea desechable?<\/strong><\/h2>\n<p>Una grapadora cut\u00e1nea desechable es un dispositivo m\u00e9dico de un solo uso dise\u00f1ado para cerrar heridas de forma r\u00e1pida y eficaz mediante la inserci\u00f3n de grapas quir\u00fargicas en la piel. A diferencia de los m\u00e9todos de sutura tradicionales, las grapadoras cut\u00e1neas reducen significativamente el tiempo de cierre, minimizan los riesgos de infecci\u00f3n y ofrecen resultados uniformes.<\/p>\n<p>En <strong>35W Desechable <a href=\"https:\/\/pophaw.com\/es\/producto\/grapadora-cutanea-medica-35w\/\">Grapadora de piel<\/a><\/strong> es una herramienta compacta y ligera, precargada con 35 grapas est\u00e9riles. Se utiliza habitualmente en urgencias, quir\u00f3fanos e incluso en intervenciones veterinarias. El dispositivo tiene un dise\u00f1o ergon\u00f3mico que garantiza la comodidad y la precisi\u00f3n para los profesionales m\u00e9dicos y la facilidad de uso para el personal no m\u00e9dico en determinadas situaciones.<\/p>\n<h2>Caracter\u00edsticas principales de la grapadora de piel 35W<\/h2>\n<p>La grapadora cut\u00e1nea desechable 35W destaca por su fiabilidad, esterilidad y rendimiento. Las caracter\u00edsticas clave incluyen:<\/p>\n<ol>\n<li><strong>Precargado con 35 grapas est\u00e9riles<\/strong>:<br \/>\nCada grapadora viene precargada con 35 grapas de alta calidad, lo que reduce el tiempo de preparaci\u00f3n y garantiza una aplicaci\u00f3n est\u00e9ril.<\/li>\n<li><strong>Dise\u00f1o ergon\u00f3mico<\/strong>:<br \/>\nEl dise\u00f1o ligero y contorneado de la grapadora facilita su manejo, incluso en procedimientos prolongados. La empu\u00f1adura garantiza estabilidad y precisi\u00f3n durante el uso.<\/li>\n<li><strong>Un solo uso para la higiene<\/strong>:<br \/>\nDise\u00f1ado para un solo uso a fin de evitar la contaminaci\u00f3n cruzada y garantizar la m\u00e1xima esterilidad, por lo que resulta ideal para entornos m\u00e9dicos y de urgencias.<\/li>\n<li><strong>Colocaci\u00f3n uniforme de grapas<\/strong>:<br \/>\nEl dispositivo proporciona una colocaci\u00f3n uniforme de las grapas, garantizando un cierre eficaz de la herida con cicatrices m\u00ednimas.<\/li>\n<li><strong>Soluci\u00f3n rentable<\/strong>:<br \/>\nAl ser un dispositivo desechable, elimina la necesidad de equipos de esterilizaci\u00f3n, lo que ahorra tiempo y recursos a los centros m\u00e9dicos.<\/li>\n<\/ol>\n<h2>Aplicaciones: \u00bfQui\u00e9n debe usar esta grapadora?<\/h2>\n<p>En <strong>Grapadora cut\u00e1nea desechable 35W<\/strong> es vers\u00e1til y ampliamente utilizado en diversos campos m\u00e9dicos y veterinarios. Es ideal para:<\/p>\n<ol>\n<li><strong>Profesionales de urgencias m\u00e9dicas<\/strong>:<\/li>\n<li><strong>Cirujanos y profesionales sanitarios<\/strong>:<\/li>\n<li><strong>Veterinarios<\/strong>:<\/li>\n<li><strong>Primeros intervinientes y m\u00e9dicos de campo<\/strong>:<\/li>\n<li><strong>Preparativos m\u00e9dicos DIY<\/strong>:<\/li>\n<\/ol>\n<p>&nbsp;<\/p>\n<table>\n<thead>\n<tr>\n<th>Caracter\u00edstica<\/th>\n<th>Grapadora cut\u00e1nea desechable 35W<\/th>\n<th>M\u00e9todos tradicionales de cierre cut\u00e1neo<\/th>\n<\/tr>\n<\/thead>\n<tbody>\n<tr>\n<td>Esterilidad<\/td>\n<td>S\u00ed<\/td>\n<td>Var\u00eda<\/td>\n<\/tr>\n<tr>\n<td>Comodidad de un solo uso<\/td>\n<td>S\u00ed<\/td>\n<td>No<\/td>\n<\/tr>\n<tr>\n<td>Rentable<\/td>\n<td>S\u00ed<\/td>\n<td>Moderado<\/td>\n<\/tr>\n<\/tbody>\n<\/table>\n<p>&nbsp;<\/p>\n<p><strong>Descripci\u00f3n:<\/strong><\/p>\n<p>Material:Pl\u00e1stico<\/p>\n<p>Tama\u00f1o de la grapadora de sutura: 15*8cm\/5.9*3.15<\/p>\n<p>Color:Blanco<\/p>\n<p>Cantidad: 1 unidad<\/p>\n<div style=\"width: 1024px;\" class=\"wp-video\"><video class=\"wp-video-shortcode\" id=\"video-9921-1\" width=\"1024\" height=\"576\" preload=\"metadata\" controls=\"controls\"><source type=\"video\/mp4\" src=\"https:\/\/pophaw.com\/wp-content\/uploads\/2025\/01\/skin-stapler.mp4?_=1\" \/><a href=\"https:\/\/pophaw.com\/wp-content\/uploads\/2025\/01\/skin-stapler.mp4\">https:\/\/pophaw.com\/wp-content\/uploads\/2025\/01\/skin-stapler.mp4<\/a><\/video><\/div>\n<p>&nbsp;<\/p>\n<h2><strong>PREGUNTAS FRECUENTES<\/strong><\/h2>\n<h3><strong>1. \u00bfPuedo utilizar la grapadora de 35 W con fines veterinarios?<\/strong><\/h3>\n<p>S\u00ed, la grapadora cut\u00e1nea desechable de 35 W es adecuada para aplicaciones veterinarias. Los veterinarios la utilizan habitualmente para cerrar heridas en animales despu\u00e9s de procedimientos quir\u00fargicos o lesiones. Su dise\u00f1o est\u00e9ril y desechable garantiza la higiene y minimiza el riesgo de infecci\u00f3n, por lo que es una opci\u00f3n fiable tanto para animales peque\u00f1os como grandes. No obstante, se recomienda consultar a un profesional veterinario para que le oriente sobre el uso y la t\u00e9cnica adecuados.<\/p>\n<h3><strong>2. \u00bfC\u00f3mo se retiran las grapas aplicadas con este aparato?<\/strong><\/h3>\n<p>Para retirar de forma segura las grapas aplicadas con la Grapadora Cut\u00e1nea Desechable 35W, necesitar\u00e1 un <strong>herramienta para quitar grapas<\/strong> dise\u00f1ado espec\u00edficamente para grapas quir\u00fargicas. Siga estos pasos:<\/p>\n<ol>\n<li>\n<h4><strong>Preparar la zona<\/strong>:<\/h4>\n<ul>\n<li>Limpie la zona de la herida con una soluci\u00f3n antis\u00e9ptica para reducir el riesgo de infecci\u00f3n.<\/li>\n<li>Aseg\u00farese de que la herida ha cicatrizado lo suficiente antes de retirar las grapas (consulte a un profesional m\u00e9dico si no est\u00e1 seguro).<\/li>\n<\/ul>\n<\/li>\n<li>\n<h4><strong>Coloque el <a href=\"https:\/\/pophaw.com\/es\/producto\/kit-de-eliminacion-de-grapas-cutaneas\/\">Quitagrapas<\/a><\/strong>:<\/h4>\n<ul>\n<li>Deslice la punta del quitagrapas por debajo del centro de la grapa.<\/li>\n<li>Apriete suavemente el mango para levantar los extremos de la grapa de la piel.<\/li>\n<\/ul>\n<\/li>\n<li>\n<h4><strong>Quitar la grapa<\/strong>:<\/h4>\n<ul>\n<li>Una vez desenganchada la grapa, ret\u00edrela con cuidado de la herida.<\/li>\n<li>Repita la operaci\u00f3n con cada grapa hasta eliminarlas todas.<\/li>\n<\/ul>\n<\/li>\n<li>\n<h4><strong>Cuidados posteriores a la extracci\u00f3n<\/strong>:<\/h4>\n<ul>\n<li>Limpie de nuevo la herida y aplique un ap\u00f3sito si es necesario.<\/li>\n<li>Vigile la zona en busca de signos de infecci\u00f3n, como enrojecimiento, hinchaz\u00f3n o secreci\u00f3n.<\/li>\n<\/ul>\n<\/li>\n<\/ol>\n<p>Si no est\u00e1 entrenado en la retirada de grapas, se recomienda encarecidamente buscar ayuda de un profesional m\u00e9dico o veterinario para evitar complicaciones.<\/p>","protected":false},"excerpt":{"rendered":"<p id=\"title\" class=\"a-size-large a-spacing-none\"><span id=\"productTitle\" class=\"a-size-large product-title-word-break\">35 W Uso veterinario y m\u00e9dico de primeros auxilios<\/span><\/p>","protected":false},"featured_media":9922,"template":"","meta":{"bwfblock_default_font":"","_uag_custom_page_level_css":"","site-sidebar-layout":"default","site-content-layout":"","ast-site-content-layout":"default","site-content-style":"default","site-sidebar-style":"default","ast-global-header-display":"","ast-banner-title-visibility":"","ast-main-header-display":"","ast-hfb-above-header-display":"","ast-hfb-below-header-display":"","ast-hfb-mobile-header-display":"","site-post-title":"","ast-breadcrumbs-content":"","ast-featured-img":"","footer-sml-layout":"","ast-disable-related-posts":"","theme-transparent-header-meta":"default","adv-header-id-meta":"","stick-header-meta":"default","header-above-stick-meta":"","header-main-stick-meta":"","header-below-stick-meta":"","astra-migrate-meta-layouts":"set","ast-page-background-enabled":"default","ast-page-background-meta":{"desktop":{"background-color":"","background-image":"","background-repeat":"repeat","background-position":"center center","background-size":"auto","background-attachment":"scroll","background-type":"","background-media":"","overlay-type":"","overlay-color":"","overlay-opacity":"","overlay-gradient":""},"tablet":{"background-color":"","background-image":"","background-repeat":"repeat","background-position":"center center","background-size":"auto","background-attachment":"scroll","background-type":"","background-media":"","overlay-type":"","overlay-color":"","overlay-opacity":"","overlay-gradient":""},"mobile":{"background-color":"","background-image":"","background-repeat":"repeat","background-position":"center center","background-size":"auto","background-attachment":"scroll","background-type":"","background-media":"","overlay-type":"","overlay-color":"","overlay-opacity":"","overlay-gradient":""}},"ast-content-background-meta":{"desktop":{"background-color":"var(--ast-global-color-5)","background-image":"","background-repeat":"repeat","background-position":"center center","background-size":"auto","background-attachment":"scroll","background-type":"","background-media":"","overlay-type":"","overlay-color":"","overlay-opacity":"","overlay-gradient":""},"tablet":{"background-color":"var(--ast-global-color-5)","background-image":"","background-repeat":"repeat","background-position":"center center","background-size":"auto","background-attachment":"scroll","background-type":"","background-media":"","overlay-type":"","overlay-color":"","overlay-opacity":"","overlay-gradient":""},"mobile":{"background-color":"var(--ast-global-color-5)","background-image":"","background-repeat":"repeat","background-position":"center center","background-size":"auto","background-attachment":"scroll","background-type":"","background-media":"","overlay-type":"","overlay-color":"","overlay-opacity":"","overlay-gradient":""}}},"product_brand":[73],"product_cat":[337,102,336],"product_tag":[],"class_list":{"0":"post-9921","1":"product","2":"type-product","3":"status-publish","4":"has-post-thumbnail","6":"product_brand-pophaw","7":"product_cat-first-aid","8":"product_cat-first-aid-emergency-kits","9":"product_cat-healthcare-products","10":"desktop-align-center","11":"tablet-align-center","12":"mobile-align-center","13":"ast-product-gallery-layout-horizontal-slider","14":"ast-magnify-disabled","15":"ast-product-single-variable","16":"ast-product-tabs-layout-horizontal","18":"first","19":"instock","20":"sale","21":"shipping-taxable","22":"purchasable","23":"product-type-variable"},"spectra_custom_meta":{"_edit_lock":["1737876380:1"],"_edit_last":["1"],"rank_math_seo_score":["93"],"rank_math_focus_keyword":["Disposable Skin Stapler"],"rank_math_description":["This is an individual single-use sterile disposable skin stapler containing 35 wide staples. We sell them individually and also in cases of 2 or 3."],"_thumbnail_id":["9922"],"_admin_notes":[""],"_custom_product_field":[""],"total_sales":["3"],"_tax_status":["taxable"],"_tax_class":[""],"_manage_stock":["no"],"_backorders":["no"],"_sold_individually":["no"],"_virtual":["no"],"_downloadable":["no"],"_download_limit":["-1"],"_download_expiry":["-1"],"_stock":[null],"_stock_status":["instock"],"_wc_average_rating":["5.00"],"_wc_review_count":["2"],"_product_version":["9.6.0"],"_wc_gla_visibility":["sync-and-show"],"_product_image_gallery":["9923,9924,9925,9926,9927"],"_wc_facebook_sync_enabled":["yes"],"fb_visibility":["yes"],"fb_product_description":[""],"_wc_facebook_product_image_source":["product"],"_wc_facebook_commerce_enabled":["no"],"fb_product_group_id":["8767061670090024"],"rank_math_primary_product_brand":["73"],"rank_math_primary_product_cat":["337"],"rank_math_primary_fb_product_set":["0"],"site-sidebar-layout":["default"],"ast-site-content-layout":["default"],"site-content-style":["default"],"site-sidebar-style":["default"],"theme-transparent-header-meta":["default"],"stick-header-meta":["default"],"rank_math_analytic_object_id":["197"],"fb_product_item_id":["8767062073423317"],"_product_attributes":["a:1:{s:20:\"pa_quantity-per-case\";a:6:{s:4:\"name\";s:20:\"pa_quantity-per-case\";s:5:\"value\";s:0:\"\";s:8:\"position\";i:0;s:10:\"is_visible\";i:0;s:12:\"is_variation\";i:1;s:11:\"is_taxonomy\";i:1;}}"],"_wc_gla_sync_status":["synced"],"_wc_gla_synced_at":["1773802835"],"_wc_gla_google_ids":["a:1:{s:2:\"US\";s:21:\"online:en:US:gla_9930\";}"],"_sku":["PH11335020"],"_global_unique_id":["17841900187688"],"classic-editor-remember":["classic-editor"],"_wc_gla_brand":["Pophaw"],"_price":["6.95","13.4","19.5"],"rank_math_schema_WooCommerceProduct":["a:2:{s:8:\"metadata\";a:4:{s:4:\"type\";s:8:\"template\";s:9:\"shortcode\";s:38:\"s-25712791-a508-421c-a1f8-1f6a3b052111\";s:9:\"isPrimary\";s:1:\"1\";s:5:\"title\";s:19:\"WooCommerce Product\";}s:5:\"@type\";s:18:\"WooCommerceProduct\";}"],"rank_math_shortcode_schema_s-25712791-a508-421c-a1f8-1f6a3b052111":["77903"],"_ppcp_button_position":["bottom"],"_upsell_ids":["a:1:{i:0;i:9942;}"],"wp_statistics_words_count":["508"],"rank_math_schema_VideoObject":["a:12:{s:5:\"@type\";s:11:\"VideoObject\";s:8:\"metadata\";a:8:{s:5:\"title\";s:5:\"Video\";s:4:\"type\";s:8:\"template\";s:9:\"shortcode\";s:15:\"s-679354cb075c3\";s:9:\"isPrimary\";b:0;s:23:\"reviewLocationShortcode\";s:24:\"[rank_math_rich_snippet]\";s:8:\"category\";s:12:\"%categories%\";s:4:\"tags\";s:6:\"%tags%\";s:15:\"isAutoGenerated\";b:1;}s:4:\"name\";s:11:\"%seo_title%\";s:11:\"description\";s:17:\"%seo_description%\";s:10:\"uploadDate\";s:20:\"%date(Y-m-dTH:i:sP)%\";s:12:\"thumbnailUrl\";s:16:\"%post_thumbnail%\";s:8:\"embedUrl\";s:0:\"\";s:10:\"contentUrl\";s:62:\"https:\/\/pophaw.com\/wp-content\/uploads\/2025\/01\/skin-stapler.mp4\";s:8:\"duration\";s:0:\"\";s:5:\"width\";i:1024;s:6:\"height\";i:576;s:16:\"isFamilyFriendly\";b:1;}"],"_wc_rating_count":["a:1:{i:5;i:1;}"],"astra-migrate-meta-layouts":["set"],"wpil_sync_report3":["1"],"wpil_links_inbound_internal_count":["0"],"wpil_links_inbound_internal_count_data":["eJxLtDKwqq4FAAZPAf4="],"wpil_links_outbound_internal_count":["3"],"wpil_links_outbound_internal_count_data":["eJzdVE1v2zAM\/SuF7q5sN+5a5S\/sC+1hR0GVlYSILAkSvbQY8t9HWV7qrkUP6zCgu4kUH\/n4SFCJC\/EDRL3+IppOsG8BrPzke2PlR3B7Jhr6TuKDYJZMCT1b5+BEKDZGy+jVtYLtEEMSnAcfdupwrv3AQ\/T9qJEPpgetbJX24KqEKlgTq4vuwDN2RVCfMD+bWrBHePZcCQYOTXSK6tyJpsSHKf4Z26\/ZPbMlQoXo9XXTZoaCIaA1bP255MCHYNgyXRKXghE5HFMJooa1p+IOi90VAdIpRbLjthiE1Bb0r7+rKScgeFccmaiPW+VAS4xqswF9ApI26OMc1wim9Eb+Xtd5pyfqxwminN5lCAGoz1tS9ey2qMrmYqrvTS\/vHmQgjuCydnUhZr1WhdjTDkmyep7wYQcpmCh1NArNadyZHCSpRvQ5bOmmnjSx2C6WI7sHGr818kl0OxeZCt9j8R+BRvvH23f58vYdQjV3x8dgveoTb+u243XDl4t4PoTVm\/ZwnuPjUP4On\/c5xvYNR6R59YgsNKqiGfx3Oih7wH9zQ1b\/8w0hGuV8nN1kXd\/vFTn+BK38Mh0="],"wpil_links_outbound_external_count":["0"],"wpil_links_outbound_external_count_data":["eJxLtDKwqq4FAAZPAf4="],"wpil_sync_report2_time":["2025-01-27T07:29:10+00:00"],"omnisend_last_sync":["2025-05-16T11:05:10+00:00"],"_wc_facebook_sync_enabled_v2":["yes"],"surerank_settings_general":["a:7:{s:9:\"separator\";s:1:\"-\";s:10:\"page_title\";s:21:\"%title% - %site_name%\";s:25:\"auto_generate_description\";b:1;s:16:\"page_description\";s:147:\"This is an individual single-use sterile disposable skin stapler containing 35 wide staples. We sell them individually and also in cases of 2 or 3.\";s:16:\"auto_description\";s:153:\"What is a Disposable Skin Stapler? A disposable skin stapler is a single-use medical device designed to close wounds quickly and efficiently by inserting\";s:14:\"fallback_image\";s:0:\"\";s:13:\"canonical_url\";s:55:\"https:\/\/pophaw.com\/product\/35w-disposable-skin-stapler\/\";}"],"surerank_settings_post_no_index":["no"],"surerank_settings_post_no_follow":["no"],"surerank_settings_post_no_archive":["no"],"surerank_settings_social":["a:23:{s:15:\"open_graph_tags\";b:1;s:18:\"facebook_meta_tags\";b:1;s:17:\"twitter_meta_tags\";b:1;s:16:\"oembeded_scripts\";b:1;s:17:\"oembeded_og_title\";b:1;s:22:\"oembeded_social_images\";b:1;s:27:\"oembeded_remove_author_name\";b:1;s:17:\"facebook_page_url\";s:54:\"https:\/\/www.facebook.com\/profile.php?id=61571207938497\";s:24:\"facebook_author_fallback\";s:0:\"\";s:17:\"twitter_card_type\";s:19:\"summary_large_image\";s:24:\"twitter_same_as_facebook\";b:1;s:24:\"twitter_profile_username\";s:0:\"\";s:24:\"twitter_profile_fallback\";s:0:\"\";s:14:\"facebook_title\";s:21:\"%title% - %site_name%\";s:20:\"facebook_description\";s:9:\"%content%\";s:18:\"facebook_image_url\";s:58:\"https:\/\/pophaw.com\/wp-content\/uploads\/2025\/01\/10006-2.webp\";s:17:\"facebook_image_id\";i:9922;s:20:\"facebook_image_width\";i:800;s:21:\"facebook_image_height\";i:800;s:13:\"twitter_title\";s:21:\"%title% - %site_name%\";s:19:\"twitter_description\";s:9:\"%content%\";s:17:\"twitter_image_url\";s:58:\"https:\/\/pophaw.com\/wp-content\/uploads\/2025\/01\/10006-2.webp\";s:16:\"twitter_image_id\";i:9922;}"],"surerank_migration":["1"],"astra_style_timestamp_css":["1775192886"],"wwpp_product_wholesale_visibility_filter":["all"],"_uag_css_file_name":["uag-css-9921.css"],"rank_math_internal_links_processed":["1"],"_uag_page_assets":["a:9:{s:3:\"css\";s:0:\"\";s:2:\"js\";s:0:\"\";s:18:\"current_block_list\";a:15:{i:0;s:23:\"surecart\/slide-out-cart\";i:1;s:30:\"surecart\/slide-out-cart-header\";i:2;s:29:\"surecart\/slide-out-cart-items\";i:3;s:30:\"surecart\/slide-out-cart-coupon\";i:4;s:32:\"surecart\/slide-out-cart-subtotal\";i:5;s:38:\"surecart\/slide-out-cart-bump-line-item\";i:6;s:30:\"surecart\/slide-out-cart-submit\";i:7;s:11:\"core\/search\";i:8;s:10:\"core\/group\";i:9;s:12:\"core\/heading\";i:10;s:17:\"core\/latest-posts\";i:11;s:20:\"core\/latest-comments\";i:12;s:13:\"core\/archives\";i:13;s:15:\"core\/categories\";i:14;s:14:\"core\/shortcode\";}s:8:\"uag_flag\";b:0;s:11:\"uag_version\";s:10:\"1775168599\";s:6:\"gfonts\";a:0:{}s:10:\"gfonts_url\";s:0:\"\";s:12:\"gfonts_files\";a:0:{}s:14:\"uag_faq_layout\";b:0;}"],"_wc_gla_mc_status":["approved"]},"uagb_featured_image_src":{"full":["https:\/\/pophaw.com\/wp-content\/uploads\/2025\/01\/10006-2.webp",800,800,false],"thumbnail":["https:\/\/pophaw.com\/wp-content\/uploads\/2025\/01\/10006-2-150x150.webp",150,150,true],"medium":["https:\/\/pophaw.com\/wp-content\/uploads\/2025\/01\/10006-2-300x300.webp",300,300,true],"medium_large":["https:\/\/pophaw.com\/wp-content\/uploads\/2025\/01\/10006-2-768x768.webp",768,768,true],"large":["https:\/\/pophaw.com\/wp-content\/uploads\/2025\/01\/10006-2.webp",800,800,false],"ryviu-small":["https:\/\/pophaw.com\/wp-content\/uploads\/2025\/01\/10006-2.webp",40,40,false],"ryviu-medium":["https:\/\/pophaw.com\/wp-content\/uploads\/2025\/01\/10006-2.webp",132,132,false],"1536x1536":["https:\/\/pophaw.com\/wp-content\/uploads\/2025\/01\/10006-2.webp",800,800,false],"2048x2048":["https:\/\/pophaw.com\/wp-content\/uploads\/2025\/01\/10006-2.webp",800,800,false],"trp-custom-language-flag":["https:\/\/pophaw.com\/wp-content\/uploads\/2025\/01\/10006-2.webp",12,12,false],"woocommerce_thumbnail":["https:\/\/pophaw.com\/wp-content\/uploads\/2025\/01\/10006-2-300x300.webp",300,300,true],"woocommerce_single":["https:\/\/pophaw.com\/wp-content\/uploads\/2025\/01\/10006-2-600x600.webp",600,600,true],"woocommerce_gallery_thumbnail":["https:\/\/pophaw.com\/wp-content\/uploads\/2025\/01\/10006-2-100x100.webp",100,100,true]},"uagb_author_info":{"display_name":"Dr. Rowan","author_link":"https:\/\/pophaw.com\/es\/author\/"},"uagb_comment_info":2,"uagb_excerpt":"35 W Vet and Medical First Aid Use","_links":{"self":[{"href":"https:\/\/pophaw.com\/es\/wp-json\/wp\/v2\/product\/9921","targetHints":{"allow":["GET"]}}],"collection":[{"href":"https:\/\/pophaw.com\/es\/wp-json\/wp\/v2\/product"}],"about":[{"href":"https:\/\/pophaw.com\/es\/wp-json\/wp\/v2\/types\/product"}],"wp:featuredmedia":[{"embeddable":true,"href":"https:\/\/pophaw.com\/es\/wp-json\/wp\/v2\/media\/9922"}],"wp:attachment":[{"href":"https:\/\/pophaw.com\/es\/wp-json\/wp\/v2\/media?parent=9921"}],"wp:term":[{"taxonomy":"product_brand","embeddable":true,"href":"https:\/\/pophaw.com\/es\/wp-json\/wp\/v2\/product_brand?post=9921"},{"taxonomy":"product_cat","embeddable":true,"href":"https:\/\/pophaw.com\/es\/wp-json\/wp\/v2\/product_cat?post=9921"},{"taxonomy":"product_tag","embeddable":true,"href":"https:\/\/pophaw.com\/es\/wp-json\/wp\/v2\/product_tag?post=9921"}],"curies":[{"name":"wp","href":"https:\/\/api.w.org\/{rel}","templated":true}]}}