{"id":10802,"date":"2025-01-24T05:46:20","date_gmt":"2025-01-24T13:46:20","guid":{"rendered":"https:\/\/pophaw.com\/?page_id=10802"},"modified":"2025-01-29T04:00:20","modified_gmt":"2025-01-29T12:00:20","slug":"carriere","status":"publish","type":"page","link":"https:\/\/pophaw.com\/fr\/carriere\/","title":{"rendered":"Carri\u00e8re"},"content":{"rendered":"<h2 data-immersive-translate-walked=\"8e5b5df6-ad8f-41d5-8cc9-6b51c370c5ac\"><strong data-immersive-translate-walked=\"8e5b5df6-ad8f-41d5-8cc9-6b51c370c5ac\" data-immersive-translate-paragraph=\"1\">Ing\u00e9nieur logiciel<\/strong><\/h2>\n<p data-immersive-translate-walked=\"8e5b5df6-ad8f-41d5-8cc9-6b51c370c5ac\" data-immersive-translate-paragraph=\"1\">Exigences minimales : licence en technologie de l'information, en informatique, en ing\u00e9nierie informatique ou dans un domaine connexe.<\/p>\n<p data-immersive-translate-walked=\"8e5b5df6-ad8f-41d5-8cc9-6b51c370c5ac\" data-immersive-translate-paragraph=\"1\">1. G\u00e9rer les membres du personnel d'IBSpot charg\u00e9s de l'administration du r\u00e9seau et des syst\u00e8mes et \u00e9tablir des priorit\u00e9s pour toutes les activit\u00e9s connexes, y compris les incidents (tickets de d\u00e9rangement), les projets d'acquisition, la maintenance\/les mises \u00e0 niveau du mat\u00e9riel du r\u00e9seau, la maintenance\/les mises \u00e0 niveau du mat\u00e9riel du serveur et les mises \u00e0 jour du syst\u00e8me d'exploitation, ainsi que d'autres initiatives de l'\u00e9quipe ;<\/p>\n<p data-immersive-translate-walked=\"8e5b5df6-ad8f-41d5-8cc9-6b51c370c5ac\" data-immersive-translate-paragraph=\"1\">2. Aider \u00e0 d\u00e9finir les normes appropri\u00e9es en mati\u00e8re de r\u00e9seau, de t\u00e9l\u00e9communications et de technologie des serveurs \u00e0 utiliser dans le cadre de l'architecture existante de l'entreprise ;<\/p>\n<p data-immersive-translate-walked=\"8e5b5df6-ad8f-41d5-8cc9-6b51c370c5ac\" data-immersive-translate-paragraph=\"1\">3. Rechercher et fournir des orientations strat\u00e9giques sur l'utilisation de nouveaux produits\/technologies, notamment les routeurs, les commutateurs, la gestion des r\u00e9seaux, les op\u00e9rations et la gestion de la s\u00e9curit\u00e9, les technologies sans fil et le mat\u00e9riel\/logiciel des serveurs ;<\/p>\n<p data-immersive-translate-walked=\"8e5b5df6-ad8f-41d5-8cc9-6b51c370c5ac\" data-immersive-translate-paragraph=\"1\">4. Participer aux activit\u00e9s de gestion du changement li\u00e9es \u00e0 l'environnement du r\u00e9seau et du serveur, y compris les exigences en mati\u00e8re de documentation, les interruptions programm\u00e9es, les proc\u00e9dures op\u00e9rationnelles, etc ;<\/p>\n<p data-immersive-translate-walked=\"8e5b5df6-ad8f-41d5-8cc9-6b51c370c5ac\" data-immersive-translate-paragraph=\"1\">5. Surveillance proactive de tous les composants li\u00e9s au r\u00e9seau sous le contr\u00f4le des op\u00e9rations du r\u00e9seau et r\u00e9solution rapide pendant et apr\u00e8s les heures de travail en suivant des proc\u00e9dures solides de documentation, de notification et d'escalade ;<\/p>\n<p data-immersive-translate-walked=\"8e5b5df6-ad8f-41d5-8cc9-6b51c370c5ac\" data-immersive-translate-paragraph=\"1\">6. \u00c9laborer un plan de sauvegarde du r\u00e9seau et de reprise apr\u00e8s sinistre pour les tests annuels et les urgences du r\u00e9seau ;<\/p>\n<p data-immersive-translate-walked=\"8e5b5df6-ad8f-41d5-8cc9-6b51c370c5ac\" data-immersive-translate-paragraph=\"1\">7. Fournir des rapports d'incidents documentant les arr\u00eats de production et d\u00e9taillant l'analyse des causes profondes et les mesures \u00e0 prendre pour \u00e9viter que de tels incidents ne se reproduisent ;<\/p>\n<p data-immersive-translate-walked=\"8e5b5df6-ad8f-41d5-8cc9-6b51c370c5ac\" data-immersive-translate-paragraph=\"1\">8. D\u00e9velopper toutes les activit\u00e9s li\u00e9es \u00e0 la sant\u00e9, aux performances et \u00e0 la fiabilit\u00e9 de tous les composants et services du r\u00e9seau sous le contr\u00f4le de l'exploitation du r\u00e9seau, y compris la planification de la capacit\u00e9, les tendances en mati\u00e8re de disponibilit\u00e9 et les performances du r\u00e9seau, et \u00e9tablir des rapports \u00e0 ce sujet ;<\/p>\n<p data-immersive-translate-walked=\"8e5b5df6-ad8f-41d5-8cc9-6b51c370c5ac\" data-immersive-translate-paragraph=\"1\">9. Assurer la liaison avec les utilisateurs, le personnel informatique et les fournisseurs de r\u00e9seaux\/serveurs en ce qui concerne les aspects de l'assistance et de la croissance des r\u00e9seaux et des serveurs.<\/p>\n<p data-immersive-translate-walked=\"8e5b5df6-ad8f-41d5-8cc9-6b51c370c5ac\" data-immersive-translate-paragraph=\"1\">10. Effectuer d'autres t\u00e2ches connexes qui lui sont confi\u00e9es.<\/p>\n<h2 data-immersive-translate-walked=\"8e5b5df6-ad8f-41d5-8cc9-6b51c370c5ac\" data-immersive-translate-paragraph=\"1\"><strong data-immersive-translate-walked=\"8e5b5df6-ad8f-41d5-8cc9-6b51c370c5ac\">Logiciel\u00a0<\/strong><strong data-immersive-translate-walked=\"8e5b5df6-ad8f-41d5-8cc9-6b51c370c5ac\">D\u00e9veloppeur<\/strong><\/h2>\n<p data-immersive-translate-walked=\"8e5b5df6-ad8f-41d5-8cc9-6b51c370c5ac\" data-immersive-translate-paragraph=\"1\">Exigences minimales : Ma\u00eetrise en technologie de l'information, en informatique, en ing\u00e9nierie informatique ou dans un domaine connexe.<\/p>\n<p data-immersive-translate-walked=\"8e5b5df6-ad8f-41d5-8cc9-6b51c370c5ac\" data-immersive-translate-paragraph=\"1\">1. Diriger et participer \u00e0 tous les aspects de l'architecture, de la conception, du d\u00e9veloppement, des essais, du d\u00e9ploiement et de l'assistance du syst\u00e8me. Collaborer avec l'\u00e9quipe de gestion des produits pour concevoir, construire et lancer de nouvelles fonctionnalit\u00e9s et de nouveaux produits. Communiquer efficacement, \u00e0 l'oral comme \u00e0 l'\u00e9crit, avec les concepteurs, les gestionnaires de produits et les autres d\u00e9veloppeurs.<\/p>\n<p data-immersive-translate-walked=\"8e5b5df6-ad8f-41d5-8cc9-6b51c370c5ac\" data-immersive-translate-paragraph=\"1\">2. Utiliser ReactJS, Redux et Webpack pour d\u00e9velopper des applications web dynamiques et engageantes, coh\u00e9rentes sur tous les navigateurs et plateformes. Travailler avec les concepteurs UI\/UX pour traduire les wireframes et les composants en HTML\/CSS\/JavaScript interactif.<\/p>\n<p data-immersive-translate-walked=\"8e5b5df6-ad8f-41d5-8cc9-6b51c370c5ac\" data-immersive-translate-paragraph=\"1\">3. D\u00e9veloppement d'API REST et GraphQL modernes et mise en place d'infrastructures \u00e0 l'aide d'Express ou Loopback et de bases de donn\u00e9es relationnelles (MySql, SQL Server, etc.) ou NoSQL (Mongo DB, DynamoDB, etc.). G\u00e9rer des clusters Docker avec Kubernetes pour fournir des produits \u00e9volutifs, durables et engageants.<\/p>\n<p data-immersive-translate-walked=\"8e5b5df6-ad8f-41d5-8cc9-6b51c370c5ac\" data-immersive-translate-paragraph=\"1\">4. Ex\u00e9cuter des tests A\/B sur les nouvelles fonctionnalit\u00e9s et int\u00e9grer les pipelines CI\/CD, tels que l'ex\u00e9cution de tests, d'\u00e9tapes de compilation et de d\u00e9ploiements bas\u00e9s sur des crochets Git ou des constructions Jenkins.<\/p>\n<p data-immersive-translate-walked=\"8e5b5df6-ad8f-41d5-8cc9-6b51c370c5ac\" data-immersive-translate-paragraph=\"1\">5. Effectuer d'autres t\u00e2ches connexes qui lui sont confi\u00e9es.<\/p>\n<h2 data-immersive-translate-walked=\"8e5b5df6-ad8f-41d5-8cc9-6b51c370c5ac\"><strong data-immersive-translate-walked=\"8e5b5df6-ad8f-41d5-8cc9-6b51c370c5ac\" data-immersive-translate-paragraph=\"1\">Expert en marketing num\u00e9rique<\/strong><\/h2>\n<p data-immersive-translate-walked=\"8e5b5df6-ad8f-41d5-8cc9-6b51c370c5ac\" data-immersive-translate-paragraph=\"1\">1. Planifier et ex\u00e9cuter toutes les campagnes de marketing sur le web, de SEO\/SEM, de bases de donn\u00e9es, de courrier \u00e9lectronique, de m\u00e9dias sociaux et d'affichage publicitaire.<\/p>\n<p data-immersive-translate-walked=\"8e5b5df6-ad8f-41d5-8cc9-6b51c370c5ac\" data-immersive-translate-paragraph=\"1\">2. Con\u00e7oit, d\u00e9veloppe et maintient notre pr\u00e9sence sur les m\u00e9dias sociaux.<\/p>\n<p data-immersive-translate-walked=\"8e5b5df6-ad8f-41d5-8cc9-6b51c370c5ac\" data-immersive-translate-paragraph=\"1\">3. Mesurer et rapporter les performances de toutes les campagnes de marketing num\u00e9rique et les \u00e9valuer par rapport aux objectifs (ROI et KPI).<\/p>\n<p data-immersive-translate-walked=\"8e5b5df6-ad8f-41d5-8cc9-6b51c370c5ac\" data-immersive-translate-paragraph=\"1\">4. Identifie les tendances et les perspectives et optimise les d\u00e9penses et les performances sur la base de ces perspectives.<\/p>\n<p data-immersive-translate-walked=\"8e5b5df6-ad8f-41d5-8cc9-6b51c370c5ac\" data-immersive-translate-paragraph=\"1\">5. \u00c9laborer des strat\u00e9gies de croissance nouvelles et cr\u00e9atives par le biais du marketing num\u00e9rique.<\/p>\n<p data-immersive-translate-walked=\"8e5b5df6-ad8f-41d5-8cc9-6b51c370c5ac\" data-immersive-translate-paragraph=\"1\">6. Planifier, ex\u00e9cuter et mesurer des exp\u00e9riences et des tests de conversion.<\/p>\n<p data-immersive-translate-walked=\"8e5b5df6-ad8f-41d5-8cc9-6b51c370c5ac\" data-immersive-translate-paragraph=\"1\">7. Collaborer avec les \u00e9quipes internes pour cr\u00e9er des pages d'atterrissage et optimiser l'exp\u00e9rience des utilisateurs.<\/p>\n<p data-immersive-translate-walked=\"8e5b5df6-ad8f-41d5-8cc9-6b51c370c5ac\" data-immersive-translate-paragraph=\"1\">8. Faire preuve d'une grande capacit\u00e9 d'analyse pour \u00e9valuer l'exp\u00e9rience client de bout en bout sur plusieurs canaux et points de contact avec le client.<\/p>\n<p data-immersive-translate-walked=\"8e5b5df6-ad8f-41d5-8cc9-6b51c370c5ac\" data-immersive-translate-paragraph=\"1\">9. Identifie les points de conversion et d'abandon critiques et optimise les entonnoirs des utilisateurs.<\/p>\n<p data-immersive-translate-walked=\"8e5b5df6-ad8f-41d5-8cc9-6b51c370c5ac\" data-immersive-translate-paragraph=\"1\">10. Collaborer avec les agences et les autres fournisseurs partenaires.<\/p>\n<p data-immersive-translate-walked=\"8e5b5df6-ad8f-41d5-8cc9-6b51c370c5ac\" data-immersive-translate-paragraph=\"1\">11. \u00c9value les technologies \u00e9mergentes.<\/p>\n<p data-immersive-translate-walked=\"8e5b5df6-ad8f-41d5-8cc9-6b51c370c5ac\" data-immersive-translate-paragraph=\"1\">12. Fournit un leadership et une perspective pour l'adoption, le cas \u00e9ch\u00e9ant.<\/p>\n<p data-immersive-translate-walked=\"8e5b5df6-ad8f-41d5-8cc9-6b51c370c5ac\" data-immersive-translate-paragraph=\"1\">Qualifications pour le marketing num\u00e9rique<\/p>\n<p data-immersive-translate-walked=\"8e5b5df6-ad8f-41d5-8cc9-6b51c370c5ac\" data-immersive-translate-paragraph=\"1\">* Exp\u00e9rience professionnelle confirm\u00e9e dans le domaine du marketing num\u00e9rique, en particulier dans le secteur de l'industrie.<br data-immersive-translate-walked=\"8e5b5df6-ad8f-41d5-8cc9-6b51c370c5ac\" \/>* Exp\u00e9rience d\u00e9montr\u00e9e de la direction et de la gestion de campagnes SEO\/SEM, de bases de donn\u00e9es marketing, d'e-mails, de m\u00e9dias sociaux et\/ou de publicit\u00e9 par affichage.<br data-immersive-translate-walked=\"8e5b5df6-ad8f-41d5-8cc9-6b51c370c5ac\" \/>* Exp\u00e9rience dans l'optimisation des pages d'atterrissage et des entonnoirs d'utilisateurs<br data-immersive-translate-walked=\"8e5b5df6-ad8f-41d5-8cc9-6b51c370c5ac\" \/>* Exp\u00e9rience des exp\u00e9riences A\/B et multivari\u00e9es<br data-immersive-translate-walked=\"8e5b5df6-ad8f-41d5-8cc9-6b51c370c5ac\" \/>* Vous avez une bonne connaissance des outils d'analyse de sites web et de marketing (par exemple, Google Analytics, etc.).<br data-immersive-translate-walked=\"8e5b5df6-ad8f-41d5-8cc9-6b51c370c5ac\" \/>* Connaissance pratique des outils de diffusion d'annonces<br data-immersive-translate-walked=\"8e5b5df6-ad8f-41d5-8cc9-6b51c370c5ac\" \/>* Exp\u00e9rience dans la mise en place et l'optimisation de campagnes PPC sur les principaux moteurs de recherche.<\/p>\n\n\n<div style=\"height:100px\" aria-hidden=\"true\" class=\"wp-block-spacer\"><\/div>\n\n\n\n<div class=\"wp-block-buttons is-layout-flex wp-block-buttons-is-layout-flex\">\n<div class=\"wp-block-button\"><a class=\"wp-block-button__link wp-element-button\" href=\"https:\/\/pophaw.com\/fr\/contact\/\">Contact US<\/a><\/div>\n<\/div>","protected":false},"excerpt":{"rendered":"<p>Software Engineer Minimum Requirements: bachelor\u2019s Degree in Information Technology, Computer Science, Computer Engineering\u00a0or a related field 1. Manage network and systems administrator staff members of IBSpot and prioritize all related activities, including incidents (trouble tickets), acquisition projects, network hardware maintenance\/upgrades, server hardware maintenance\/upgrades and operating system updates, as well as other team initiatives; 2. Assist [&hellip;]<\/p>\n","protected":false},"author":1,"featured_media":0,"parent":0,"menu_order":0,"comment_status":"closed","ping_status":"closed","template":"","meta":{"bwfblock_default_font":"","_uag_custom_page_level_css":"","site-sidebar-layout":"default","site-content-layout":"","ast-site-content-layout":"default","site-content-style":"default","site-sidebar-style":"default","ast-global-header-display":"","ast-banner-title-visibility":"","ast-main-header-display":"","ast-hfb-above-header-display":"","ast-hfb-below-header-display":"","ast-hfb-mobile-header-display":"","site-post-title":"","ast-breadcrumbs-content":"","ast-featured-img":"","footer-sml-layout":"","ast-disable-related-posts":"","theme-transparent-header-meta":"default","adv-header-id-meta":"","stick-header-meta":"default","header-above-stick-meta":"","header-main-stick-meta":"","header-below-stick-meta":"","astra-migrate-meta-layouts":"set","ast-page-background-enabled":"default","ast-page-background-meta":{"desktop":{"background-color":"","background-image":"","background-repeat":"repeat","background-position":"center center","background-size":"auto","background-attachment":"scroll","background-type":"","background-media":"","overlay-type":"","overlay-color":"","overlay-opacity":"","overlay-gradient":""},"tablet":{"background-color":"","background-image":"","background-repeat":"repeat","background-position":"center center","background-size":"auto","background-attachment":"scroll","background-type":"","background-media":"","overlay-type":"","overlay-color":"","overlay-opacity":"","overlay-gradient":""},"mobile":{"background-color":"","background-image":"","background-repeat":"repeat","background-position":"center center","background-size":"auto","background-attachment":"scroll","background-type":"","background-media":"","overlay-type":"","overlay-color":"","overlay-opacity":"","overlay-gradient":""}},"ast-content-background-meta":{"desktop":{"background-color":"var(--ast-global-color-5)","background-image":"","background-repeat":"repeat","background-position":"center center","background-size":"auto","background-attachment":"scroll","background-type":"","background-media":"","overlay-type":"","overlay-color":"","overlay-opacity":"","overlay-gradient":""},"tablet":{"background-color":"var(--ast-global-color-5)","background-image":"","background-repeat":"repeat","background-position":"center center","background-size":"auto","background-attachment":"scroll","background-type":"","background-media":"","overlay-type":"","overlay-color":"","overlay-opacity":"","overlay-gradient":""},"mobile":{"background-color":"var(--ast-global-color-5)","background-image":"","background-repeat":"repeat","background-position":"center center","background-size":"auto","background-attachment":"scroll","background-type":"","background-media":"","overlay-type":"","overlay-color":"","overlay-opacity":"","overlay-gradient":""}},"footnotes":""},"class_list":["post-10802","page","type-page","status-publish","hentry"],"spectra_custom_meta":{"classic-editor-remember":["block-editor"],"_edit_lock":["1738152049:1"],"_edit_last":["1"],"rank_math_seo_score":["59"],"rank_math_focus_keyword":["Career"],"site-sidebar-layout":["default"],"ast-site-content-layout":["default"],"site-content-style":["default"],"site-sidebar-style":["default"],"theme-transparent-header-meta":["default"],"stick-header-meta":["default"],"wp_statistics_words_count":["586"],"rank_math_analytic_object_id":["249"],"rank_math_description":["Explore career opportunities at Pophaw! Join our team dedicated to providing high-quality personal care, medical devices, and wellness solutions. Apply now to make a difference in healthcare."],"astra-migrate-meta-layouts":["set"],"surerank_settings_general":["a:7:{s:9:\"separator\";s:1:\"-\";s:10:\"page_title\";s:21:\"%title% - %site_name%\";s:25:\"auto_generate_description\";b:1;s:16:\"page_description\";s:191:\"Explore career opportunities at Pophaw! Join our team dedicated to providing high-quality personal care, medical devices, and wellness solutions. Apply now to make a difference in healthcare.\";s:16:\"auto_description\";s:155:\"Software Engineer Minimum Requirements: bachelor\u2019s Degree in Information Technology, Computer Science, Computer Engineering\u00a0or a related field 1. Manage\";s:14:\"fallback_image\";s:0:\"\";s:13:\"canonical_url\";s:26:\"https:\/\/pophaw.com\/career\/\";}"],"surerank_settings_post_no_index":["no"],"surerank_settings_post_no_follow":["no"],"surerank_settings_post_no_archive":["no"],"surerank_settings_social":["a:23:{s:15:\"open_graph_tags\";b:1;s:18:\"facebook_meta_tags\";b:1;s:17:\"twitter_meta_tags\";b:1;s:16:\"oembeded_scripts\";b:1;s:17:\"oembeded_og_title\";b:1;s:22:\"oembeded_social_images\";b:1;s:27:\"oembeded_remove_author_name\";b:1;s:17:\"facebook_page_url\";s:54:\"https:\/\/www.facebook.com\/profile.php?id=61571207938497\";s:24:\"facebook_author_fallback\";s:0:\"\";s:17:\"twitter_card_type\";s:19:\"summary_large_image\";s:24:\"twitter_same_as_facebook\";b:1;s:24:\"twitter_profile_username\";s:0:\"\";s:24:\"twitter_profile_fallback\";s:0:\"\";s:14:\"facebook_title\";s:21:\"%title% - %site_name%\";s:20:\"facebook_description\";s:9:\"%content%\";s:18:\"facebook_image_url\";s:0:\"\";s:17:\"facebook_image_id\";i:0;s:20:\"facebook_image_width\";i:0;s:21:\"facebook_image_height\";i:0;s:13:\"twitter_title\";s:21:\"%title% - %site_name%\";s:19:\"twitter_description\";s:9:\"%content%\";s:17:\"twitter_image_url\";s:0:\"\";s:16:\"twitter_image_id\";i:0;}"],"surerank_migration":["1"],"astra_style_timestamp_css":["1775181018"],"_uagb_previous_block_counts":["a:90:{s:21:\"uagb\/advanced-heading\";i:0;s:15:\"uagb\/blockquote\";i:0;s:12:\"uagb\/buttons\";i:0;s:18:\"uagb\/buttons-child\";i:0;s:19:\"uagb\/call-to-action\";i:0;s:15:\"uagb\/cf7-styler\";i:0;s:11:\"uagb\/column\";i:0;s:12:\"uagb\/columns\";i:0;s:14:\"uagb\/container\";i:0;s:21:\"uagb\/content-timeline\";i:0;s:27:\"uagb\/content-timeline-child\";i:0;s:14:\"uagb\/countdown\";i:0;s:12:\"uagb\/counter\";i:0;s:8:\"uagb\/faq\";i:0;s:14:\"uagb\/faq-child\";i:0;s:10:\"uagb\/forms\";i:0;s:17:\"uagb\/forms-accept\";i:0;s:19:\"uagb\/forms-checkbox\";i:0;s:15:\"uagb\/forms-date\";i:0;s:16:\"uagb\/forms-email\";i:0;s:17:\"uagb\/forms-hidden\";i:0;s:15:\"uagb\/forms-name\";i:0;s:16:\"uagb\/forms-phone\";i:0;s:16:\"uagb\/forms-radio\";i:0;s:17:\"uagb\/forms-select\";i:0;s:19:\"uagb\/forms-textarea\";i:0;s:17:\"uagb\/forms-toggle\";i:0;s:14:\"uagb\/forms-url\";i:0;s:14:\"uagb\/gf-styler\";i:0;s:15:\"uagb\/google-map\";i:0;s:11:\"uagb\/how-to\";i:0;s:16:\"uagb\/how-to-step\";i:0;s:9:\"uagb\/icon\";i:0;s:14:\"uagb\/icon-list\";i:0;s:20:\"uagb\/icon-list-child\";i:0;s:10:\"uagb\/image\";i:0;s:18:\"uagb\/image-gallery\";i:0;s:13:\"uagb\/info-box\";i:0;s:18:\"uagb\/inline-notice\";i:0;s:11:\"uagb\/lottie\";i:0;s:21:\"uagb\/marketing-button\";i:0;s:10:\"uagb\/modal\";i:0;s:18:\"uagb\/popup-builder\";i:0;s:16:\"uagb\/post-button\";i:0;s:18:\"uagb\/post-carousel\";i:0;s:17:\"uagb\/post-excerpt\";i:0;s:14:\"uagb\/post-grid\";i:0;s:15:\"uagb\/post-image\";i:0;s:17:\"uagb\/post-masonry\";i:0;s:14:\"uagb\/post-meta\";i:0;s:18:\"uagb\/post-taxonomy\";i:0;s:18:\"uagb\/post-timeline\";i:0;s:15:\"uagb\/post-title\";i:0;s:20:\"uagb\/restaurant-menu\";i:0;s:26:\"uagb\/restaurant-menu-child\";i:0;s:11:\"uagb\/review\";i:0;s:12:\"uagb\/section\";i:0;s:14:\"uagb\/separator\";i:0;s:11:\"uagb\/slider\";i:0;s:17:\"uagb\/slider-child\";i:0;s:17:\"uagb\/social-share\";i:0;s:23:\"uagb\/social-share-child\";i:0;s:16:\"uagb\/star-rating\";i:0;s:23:\"uagb\/sure-cart-checkout\";i:0;s:22:\"uagb\/sure-cart-product\";i:0;s:15:\"uagb\/sure-forms\";i:0;s:22:\"uagb\/table-of-contents\";i:0;s:9:\"uagb\/tabs\";i:0;s:15:\"uagb\/tabs-child\";i:0;s:18:\"uagb\/taxonomy-list\";i:0;s:9:\"uagb\/team\";i:0;s:16:\"uagb\/testimonial\";i:0;s:14:\"uagb\/wp-search\";i:0;s:19:\"uagb\/instagram-feed\";i:0;s:10:\"uagb\/login\";i:0;s:17:\"uagb\/loop-builder\";i:0;s:18:\"uagb\/loop-category\";i:0;s:20:\"uagb\/loop-pagination\";i:0;s:15:\"uagb\/loop-reset\";i:0;s:16:\"uagb\/loop-search\";i:0;s:14:\"uagb\/loop-sort\";i:0;s:17:\"uagb\/loop-wrapper\";i:0;s:13:\"uagb\/register\";i:0;s:19:\"uagb\/register-email\";i:0;s:24:\"uagb\/register-first-name\";i:0;s:23:\"uagb\/register-last-name\";i:0;s:22:\"uagb\/register-password\";i:0;s:30:\"uagb\/register-reenter-password\";i:0;s:19:\"uagb\/register-terms\";i:0;s:22:\"uagb\/register-username\";i:0;}"],"_uag_css_file_name":["uag-css-10802.css"],"rank_math_internal_links_processed":["1"],"_uag_page_assets":["a:9:{s:3:\"css\";s:263:\".uag-blocks-common-selector{z-index:var(--z-index-desktop) !important}@media (max-width: 976px){.uag-blocks-common-selector{z-index:var(--z-index-tablet) !important}}@media (max-width: 767px){.uag-blocks-common-selector{z-index:var(--z-index-mobile) !important}}\n\";s:2:\"js\";s:0:\"\";s:18:\"current_block_list\";a:18:{i:0;s:11:\"core\/spacer\";i:1;s:12:\"core\/buttons\";i:2;s:11:\"core\/button\";i:3;s:23:\"surecart\/slide-out-cart\";i:4;s:30:\"surecart\/slide-out-cart-header\";i:5;s:29:\"surecart\/slide-out-cart-items\";i:6;s:30:\"surecart\/slide-out-cart-coupon\";i:7;s:32:\"surecart\/slide-out-cart-subtotal\";i:8;s:38:\"surecart\/slide-out-cart-bump-line-item\";i:9;s:30:\"surecart\/slide-out-cart-submit\";i:10;s:11:\"core\/search\";i:11;s:10:\"core\/group\";i:12;s:12:\"core\/heading\";i:13;s:17:\"core\/latest-posts\";i:14;s:20:\"core\/latest-comments\";i:15;s:13:\"core\/archives\";i:16;s:15:\"core\/categories\";i:17;s:14:\"core\/shortcode\";}s:8:\"uag_flag\";b:0;s:11:\"uag_version\";s:10:\"1775168599\";s:6:\"gfonts\";a:0:{}s:10:\"gfonts_url\";s:0:\"\";s:12:\"gfonts_files\";a:0:{}s:14:\"uag_faq_layout\";b:0;}"]},"uagb_featured_image_src":{"full":false,"thumbnail":false,"medium":false,"medium_large":false,"large":false,"ryviu-small":false,"ryviu-medium":false,"1536x1536":false,"2048x2048":false,"trp-custom-language-flag":false,"woocommerce_thumbnail":false,"woocommerce_single":false,"woocommerce_gallery_thumbnail":false},"uagb_author_info":{"display_name":"Dr. Rowan","author_link":"https:\/\/pophaw.com\/fr\/author\/xiaoxi99201\/"},"uagb_comment_info":0,"uagb_excerpt":"Software Engineer Minimum Requirements: bachelor\u2019s Degree in Information Technology, Computer Science, Computer Engineering\u00a0or a related field 1. Manage network and systems administrator staff members of IBSpot and prioritize all related activities, including incidents (trouble tickets), acquisition projects, network hardware maintenance\/upgrades, server hardware maintenance\/upgrades and operating system updates, as well as other team initiatives; 2. Assist\u2026","_links":{"self":[{"href":"https:\/\/pophaw.com\/fr\/wp-json\/wp\/v2\/pages\/10802","targetHints":{"allow":["GET"]}}],"collection":[{"href":"https:\/\/pophaw.com\/fr\/wp-json\/wp\/v2\/pages"}],"about":[{"href":"https:\/\/pophaw.com\/fr\/wp-json\/wp\/v2\/types\/page"}],"author":[{"embeddable":true,"href":"https:\/\/pophaw.com\/fr\/wp-json\/wp\/v2\/users\/1"}],"replies":[{"embeddable":true,"href":"https:\/\/pophaw.com\/fr\/wp-json\/wp\/v2\/comments?post=10802"}],"version-history":[{"count":0,"href":"https:\/\/pophaw.com\/fr\/wp-json\/wp\/v2\/pages\/10802\/revisions"}],"wp:attachment":[{"href":"https:\/\/pophaw.com\/fr\/wp-json\/wp\/v2\/media?parent=10802"}],"curies":[{"name":"wp","href":"https:\/\/api.w.org\/{rel}","templated":true}]}}