{"id":858,"date":"2020-04-29T07:09:07","date_gmt":"2020-04-29T07:09:07","guid":{"rendered":"https:\/\/pophaw.com\/shipping-options\/"},"modified":"2025-02-27T02:18:40","modified_gmt":"2025-02-27T10:18:40","slug":"options-dexpedition","status":"publish","type":"page","link":"https:\/\/pophaw.com\/fr\/options-dexpedition\/","title":{"rendered":"Options d'exp\u00e9dition"},"content":{"rendered":"<p><img loading=\"lazy\" decoding=\"async\" class=\"alignnone wp-image-9654 size-full\" src=\"https:\/\/pophaw.com\/wp-content\/uploads\/2025\/01\/clay-banks-cEzMOp5FtV4-unsplash-scaled-oodkubksljahvhtmz0x3tfvchq2fau134yf0w6l0e6.jpg\" alt=\"Exp\u00e9dition\" width=\"900\" height=\"467\" srcset=\"https:\/\/pophaw.com\/wp-content\/uploads\/2025\/01\/clay-banks-cEzMOp5FtV4-unsplash-scaled-oodkubksljahvhtmz0x3tfvchq2fau134yf0w6l0e6.jpg 900w, https:\/\/pophaw.com\/wp-content\/uploads\/2025\/01\/clay-banks-cEzMOp5FtV4-unsplash-scaled-oodkubksljahvhtmz0x3tfvchq2fau134yf0w6l0e6-600x311.jpg 600w, https:\/\/pophaw.com\/wp-content\/uploads\/2025\/01\/clay-banks-cEzMOp5FtV4-unsplash-scaled-oodkubksljahvhtmz0x3tfvchq2fau134yf0w6l0e6-300x156.jpg 300w, https:\/\/pophaw.com\/wp-content\/uploads\/2025\/01\/clay-banks-cEzMOp5FtV4-unsplash-scaled-oodkubksljahvhtmz0x3tfvchq2fau134yf0w6l0e6-768x399.jpg 768w\" sizes=\"auto, (max-width: 900px) 100vw, 900px\" \/><\/p>\n<p>&nbsp;<\/p>\n<h2 data-start=\"81\" data-end=\"111\"><strong data-start=\"84\" data-end=\"109\">D\u00e9lai de traitement des commandes<\/strong><\/h2>\n<p>Veuillez pr\u00e9voir 1 \u00e0 2 jours ouvrables pour le traitement de votre commande en vue de son exp\u00e9dition. Nous effectuons souvent des livraisons le jour m\u00eame, mais il faut savoir que nous sommes une \u00e9quipe d'humains, travaillant avec des mains et des cerveaux humains. Nous ne sommes pas parfaits, mais nous faisons tout notre possible pour que votre commande soit exp\u00e9di\u00e9e rapidement. Dans les rares cas o\u00f9 nous devons rattraper notre retard et attendre que notre stock se reconstitue, nous ferons tout notre possible pour vous contacter et vous tenir au courant de l'\u00e9tat de votre commande.<\/p>\n<p>&nbsp;<\/p>\n<h2>Informations sur l'exp\u00e9dition<\/h2>\n<h3 data-start=\"334\" data-end=\"362\"><strong data-start=\"338\" data-end=\"355\">\u00c9tats-Unis<\/strong> \ud83c\uddfa\ud83c\uddf8<\/h3>\n<ul data-start=\"363\" data-end=\"496\">\n<li data-start=\"363\" data-end=\"418\"><strong data-start=\"365\" data-end=\"382\">Frais d'exp\u00e9dition :<\/strong> $5.95 (Les commandes sup\u00e9rieures \u00e0 $99 sont exp\u00e9di\u00e9es GRATUITEMENT)<\/li>\n<li data-start=\"419\" data-end=\"459\"><strong data-start=\"421\" data-end=\"439\">D\u00e9lai de livraison :<\/strong> 3-6 jours ouvrables<\/li>\n<li data-start=\"460\" data-end=\"496\"><strong data-start=\"462\" data-end=\"474\">Transporteur :<\/strong> USPS, UPS ou FedEx<\/li>\n<\/ul>\n<h3 data-start=\"498\" data-end=\"533\"><strong data-start=\"502\" data-end=\"528\">Exp\u00e9dition internationale<\/strong> \ud83c\udf0d<\/h3>\n<ul data-start=\"534\" data-end=\"688\">\n<li data-start=\"534\" data-end=\"560\"><strong data-start=\"536\" data-end=\"553\">Frais d'exp\u00e9dition :<\/strong> GRATUIT<\/li>\n<li data-start=\"561\" data-end=\"602\"><strong data-start=\"563\" data-end=\"581\">D\u00e9lai de livraison :<\/strong> 8-11 jours ouvrables<\/li>\n<li data-start=\"603\" data-end=\"688\"><strong data-start=\"605\" data-end=\"623\">Exp\u00e9dition \u00e0 partir de :<\/strong> Royaume-Uni, Allemagne, Japon ou Chine (en fonction des stocks disponibles)<\/li>\n<\/ul>\n<p>Les jours ouvrables vont du lundi au vendredi, \u00e0 l'exclusion des principaux jours f\u00e9ri\u00e9s.<\/p>\n<p>&nbsp;<\/p>\n<h2 data-start=\"690\" data-end=\"721\"><strong data-start=\"693\" data-end=\"719\">Informations compl\u00e9mentaires<\/strong><\/h2>\n<h3><strong>Informations de suivi :<\/strong><\/h3>\n<p>Chaque commande peut \u00eatre suivie. Vous recevrez un num\u00e9ro de suivi une fois votre commande exp\u00e9di\u00e9e. Les produits peuvent \u00eatre exp\u00e9di\u00e9s \u00e0 partir de diff\u00e9rents centres d'ex\u00e9cution internationaux.<\/p>\n<h3><strong>D\u00e9lais d'exp\u00e9dition :<\/strong><\/h3>\n<p>Veuillez noter que les d\u00e9lais d'exp\u00e9dition peuvent varier en raison de facteurs ind\u00e9pendants de notre volont\u00e9, tels que les conditions m\u00e9t\u00e9orologiques, les catastrophes naturelles ou les p\u00e9riodes de vacances. Bien que nous nous efforcions d'assurer une livraison rapide, l'heure d'arriv\u00e9e exacte ne peut \u00eatre garantie et est g\u00e9r\u00e9e par le transporteur.<\/p>\n<h3><strong>Confirmation d'exp\u00e9dition :<\/strong><\/h3>\n<p>Vous recevrez un courriel de confirmation d'exp\u00e9dition avec un num\u00e9ro de suivi d\u00e8s que votre commande sera exp\u00e9di\u00e9e. Si vous ne recevez pas cet e-mail imm\u00e9diatement, soyez assur\u00e9 que vos articles arriveront dans la fen\u00eatre de livraison estim\u00e9e fournie lors de la commande.<\/p>\n<h3><strong>Modifications de l'ordonnance :<\/strong><\/h3>\n<p>Si vous avez besoin d'annuler ou de modifier votre commande, veuillez contacter imm\u00e9diatement notre service client\u00e8le.<\/p>\n<h3><strong>Probl\u00e8mes de livraison :<\/strong><\/h3>\n<p>Si votre commande est indiqu\u00e9e comme livr\u00e9e mais que vous ne l'avez pas re\u00e7ue, veuillez contacter directement le transporteur pour r\u00e9soudre le probl\u00e8me. En cas de probl\u00e8me persistant, contactez notre service client\u00e8le \u00e0 l'adresse info@pophaw.com.<\/p>\n<h3><strong>Soutien \u00e0 la client\u00e8le :<\/strong><\/h3>\n<p>Notre \u00e9quipe est disponible 24 heures sur 24 et 7 jours sur 7 pour r\u00e9pondre \u00e0 toutes vos questions concernant votre commande. Nous nous engageons \u00e0 vous garantir une exp\u00e9rience d'achat agr\u00e9able.<\/p>\n<p>&nbsp;<\/p>\n<h2 data-immersive-translate-walked=\"2a0cf61a-a638-4a8b-9c6b-be1f7aea4831\"><strong data-immersive-translate-walked=\"2a0cf61a-a638-4a8b-9c6b-be1f7aea4831\" data-immersive-translate-paragraph=\"1\">SUIVRE VOTRE COMMANDE<\/strong><\/h2>\n<p data-immersive-translate-walked=\"2a0cf61a-a638-4a8b-9c6b-be1f7aea4831\" data-immersive-translate-paragraph=\"1\">Vous pouvez suivre l'\u00e9tat de votre commande ici : <a href=\"https:\/\/pophaw.com\/fr\/panneau-de-colis\/\">https:\/\/pophaw.com\/parcel-panel\/.<\/a><\/p>","protected":false},"excerpt":{"rendered":"<p>&nbsp; Order Processing Time Please allow 1-2 business days for us to process your order for shipping. We quite often do same day delivery, but, understand, we are a team of humans, working with human hands and human brains. We are not perfect, but, we make every effort to get your order out quickly. In [&hellip;]<\/p>\n","protected":false},"author":1,"featured_media":0,"parent":0,"menu_order":0,"comment_status":"closed","ping_status":"open","template":"","meta":{"bwfblock_default_font":"","_uag_custom_page_level_css":"","site-sidebar-layout":"default","site-content-layout":"","ast-site-content-layout":"default","site-content-style":"default","site-sidebar-style":"default","ast-global-header-display":"","ast-banner-title-visibility":"","ast-main-header-display":"","ast-hfb-above-header-display":"","ast-hfb-below-header-display":"","ast-hfb-mobile-header-display":"","site-post-title":"","ast-breadcrumbs-content":"","ast-featured-img":"","footer-sml-layout":"","ast-disable-related-posts":"","theme-transparent-header-meta":"default","adv-header-id-meta":"","stick-header-meta":"default","header-above-stick-meta":"","header-main-stick-meta":"","header-below-stick-meta":"","astra-migrate-meta-layouts":"set","ast-page-background-enabled":"default","ast-page-background-meta":{"desktop":{"background-color":"","background-image":"","background-repeat":"repeat","background-position":"center center","background-size":"auto","background-attachment":"scroll","background-type":"","background-media":"","overlay-type":"","overlay-color":"","overlay-opacity":"","overlay-gradient":""},"tablet":{"background-color":"","background-image":"","background-repeat":"repeat","background-position":"center center","background-size":"auto","background-attachment":"scroll","background-type":"","background-media":"","overlay-type":"","overlay-color":"","overlay-opacity":"","overlay-gradient":""},"mobile":{"background-color":"","background-image":"","background-repeat":"repeat","background-position":"center center","background-size":"auto","background-attachment":"scroll","background-type":"","background-media":"","overlay-type":"","overlay-color":"","overlay-opacity":"","overlay-gradient":""}},"ast-content-background-meta":{"desktop":{"background-color":"var(--ast-global-color-5)","background-image":"","background-repeat":"repeat","background-position":"center center","background-size":"auto","background-attachment":"scroll","background-type":"","background-media":"","overlay-type":"","overlay-color":"","overlay-opacity":"","overlay-gradient":""},"tablet":{"background-color":"var(--ast-global-color-5)","background-image":"","background-repeat":"repeat","background-position":"center center","background-size":"auto","background-attachment":"scroll","background-type":"","background-media":"","overlay-type":"","overlay-color":"","overlay-opacity":"","overlay-gradient":""},"mobile":{"background-color":"var(--ast-global-color-5)","background-image":"","background-repeat":"repeat","background-position":"center center","background-size":"auto","background-attachment":"scroll","background-type":"","background-media":"","overlay-type":"","overlay-color":"","overlay-opacity":"","overlay-gradient":""}},"footnotes":""},"class_list":["post-858","page","type-page","status-publish","hentry"],"spectra_custom_meta":{"_wp_page_template":["default"],"insight_page_options":["s:1316:\"a:37:{s:11:\"site_layout\";s:0:\"\";s:10:\"site_width\";s:0:\"\";s:16:\"site_top_spacing\";s:0:\"\";s:19:\"site_bottom_spacing\";s:0:\"\";s:10:\"site_class\";s:0:\"\";s:21:\"site_background_color\";s:0:\"\";s:21:\"site_background_image\";s:0:\"\";s:22:\"site_background_repeat\";s:9:\"no-repeat\";s:26:\"site_background_attachment\";s:0:\"\";s:24:\"site_background_position\";s:0:\"\";s:20:\"site_background_size\";s:0:\"\";s:24:\"content_background_color\";s:0:\"\";s:24:\"content_background_image\";s:0:\"\";s:25:\"content_background_repeat\";s:9:\"no-repeat\";s:27:\"content_background_position\";s:0:\"\";s:12:\"top_bar_type\";s:0:\"\";s:11:\"header_type\";s:0:\"\";s:14:\"header_overlay\";s:0:\"\";s:11:\"header_skin\";s:0:\"\";s:12:\"menu_display\";s:0:\"\";s:13:\"menu_one_page\";s:1:\"0\";s:16:\"custom_dark_logo\";s:0:\"\";s:17:\"custom_light_logo\";s:0:\"\";s:17:\"custom_logo_width\";s:0:\"\";s:24:\"custom_sticky_logo_width\";s:0:\"\";s:21:\"page_title_bar_layout\";s:0:\"\";s:29:\"page_title_bar_bottom_spacing\";s:0:\"\";s:31:\"page_title_bar_background_color\";s:0:\"\";s:25:\"page_title_bar_background\";s:0:\"\";s:33:\"page_title_bar_background_overlay\";s:0:\"\";s:29:\"page_title_bar_custom_heading\";s:0:\"\";s:14:\"page_sidebar_1\";s:7:\"default\";s:14:\"page_sidebar_2\";s:7:\"default\";s:21:\"page_sidebar_position\";s:7:\"default\";s:17:\"revolution_slider\";s:0:\"\";s:15:\"slider_position\";s:5:\"below\";s:13:\"footer_enable\";s:0:\"\";}\";"],"_dp_original":["852"],"_edit_last":["1"],"_wxr_import_has_attachment_refs":["1"],"rank_math_og_content_image":["a:2:{s:5:\"check\";s:32:\"8b551fa25815f0b13c70f528dd221a82\";s:6:\"images\";a:1:{i:0;i:9654;}}"],"_edit_lock":["1740651594:1"],"rank_math_seo_score":["69"],"rank_math_contentai_score":["a:5:{s:8:\"keywords\";s:5:\"74.51\";s:9:\"wordCount\";s:1:\"0\";s:9:\"linkCount\";s:1:\"0\";s:12:\"headingCount\";s:1:\"0\";s:10:\"mediaCount\";s:1:\"0\";}"],"rank_math_focus_keyword":["Shipping"],"rank_math_analytic_object_id":["34"],"rank_math_robots":["a:2:{i:0;s:5:\"index\";i:1;s:6:\"follow\";}"],"site-sidebar-layout":["default"],"ast-site-content-layout":["default"],"site-content-style":["default"],"site-sidebar-style":["default"],"theme-transparent-header-meta":["default"],"stick-header-meta":["default"],"classic-editor-remember":["classic-editor"],"astra-migrate-meta-layouts":["set"],"surerank_settings_general":["a:7:{s:9:\"separator\";s:1:\"-\";s:10:\"page_title\";s:21:\"%title% - %site_name%\";s:25:\"auto_generate_description\";b:1;s:16:\"page_description\";s:9:\"%excerpt%\";s:16:\"auto_description\";s:159:\"\u00a0 Order Processing Time Please allow 1-2 business days for us to process your order for shipping. We quite often do same day delivery, but, understand, we are\";s:14:\"fallback_image\";s:0:\"\";s:13:\"canonical_url\";s:36:\"https:\/\/pophaw.com\/shipping-options\/\";}"],"surerank_settings_post_no_index":["no"],"surerank_settings_post_no_follow":["no"],"surerank_settings_post_no_archive":["no"],"surerank_settings_social":["a:23:{s:15:\"open_graph_tags\";b:1;s:18:\"facebook_meta_tags\";b:1;s:17:\"twitter_meta_tags\";b:1;s:16:\"oembeded_scripts\";b:1;s:17:\"oembeded_og_title\";b:1;s:22:\"oembeded_social_images\";b:1;s:27:\"oembeded_remove_author_name\";b:1;s:17:\"facebook_page_url\";s:54:\"https:\/\/www.facebook.com\/profile.php?id=61571207938497\";s:24:\"facebook_author_fallback\";s:0:\"\";s:17:\"twitter_card_type\";s:19:\"summary_large_image\";s:24:\"twitter_same_as_facebook\";b:1;s:24:\"twitter_profile_username\";s:0:\"\";s:24:\"twitter_profile_fallback\";s:0:\"\";s:14:\"facebook_title\";s:21:\"%title% - %site_name%\";s:20:\"facebook_description\";s:9:\"%content%\";s:18:\"facebook_image_url\";s:0:\"\";s:17:\"facebook_image_id\";i:0;s:20:\"facebook_image_width\";i:0;s:21:\"facebook_image_height\";i:0;s:13:\"twitter_title\";s:21:\"%title% - %site_name%\";s:19:\"twitter_description\";s:9:\"%content%\";s:17:\"twitter_image_url\";s:0:\"\";s:16:\"twitter_image_id\";i:0;}"],"surerank_migration":["1"],"astra_style_timestamp_css":["1776927366"],"_uag_css_file_name":["uag-css-858.css"],"rank_math_internal_links_processed":["1"],"_uag_page_assets":["a:9:{s:3:\"css\";s:260:\".uag-blocks-common-selector{z-index:var(--z-index-desktop) !important}@media(max-width: 976px){.uag-blocks-common-selector{z-index:var(--z-index-tablet) !important}}@media(max-width: 767px){.uag-blocks-common-selector{z-index:var(--z-index-mobile) !important}}\";s:2:\"js\";s:0:\"\";s:18:\"current_block_list\";a:15:{i:0;s:23:\"surecart\/slide-out-cart\";i:1;s:30:\"surecart\/slide-out-cart-header\";i:2;s:29:\"surecart\/slide-out-cart-items\";i:3;s:30:\"surecart\/slide-out-cart-coupon\";i:4;s:32:\"surecart\/slide-out-cart-subtotal\";i:5;s:38:\"surecart\/slide-out-cart-bump-line-item\";i:6;s:30:\"surecart\/slide-out-cart-submit\";i:7;s:11:\"core\/search\";i:8;s:10:\"core\/group\";i:9;s:12:\"core\/heading\";i:10;s:17:\"core\/latest-posts\";i:11;s:20:\"core\/latest-comments\";i:12;s:13:\"core\/archives\";i:13;s:15:\"core\/categories\";i:14;s:14:\"core\/shortcode\";}s:8:\"uag_flag\";b:0;s:11:\"uag_version\";s:10:\"1776869369\";s:6:\"gfonts\";a:0:{}s:10:\"gfonts_url\";s:0:\"\";s:12:\"gfonts_files\";a:0:{}s:14:\"uag_faq_layout\";b:0;}"]},"uagb_featured_image_src":{"full":false,"thumbnail":false,"medium":false,"medium_large":false,"large":false,"ryviu-small":false,"ryviu-medium":false,"1536x1536":false,"2048x2048":false,"trp-custom-language-flag":false,"woocommerce_thumbnail":false,"woocommerce_single":false,"woocommerce_gallery_thumbnail":false},"uagb_author_info":{"display_name":"Dr. Rowan","author_link":"https:\/\/pophaw.com\/fr\/author\/xiaoxi99201\/"},"uagb_comment_info":0,"uagb_excerpt":"&nbsp; Order Processing Time Please allow 1-2 business days for us to process your order for shipping. We quite often do same day delivery, but, understand, we are a team of humans, working with human hands and human brains. We are not perfect, but, we make every effort to get your order out quickly. In\u2026","_links":{"self":[{"href":"https:\/\/pophaw.com\/fr\/wp-json\/wp\/v2\/pages\/858","targetHints":{"allow":["GET"]}}],"collection":[{"href":"https:\/\/pophaw.com\/fr\/wp-json\/wp\/v2\/pages"}],"about":[{"href":"https:\/\/pophaw.com\/fr\/wp-json\/wp\/v2\/types\/page"}],"author":[{"embeddable":true,"href":"https:\/\/pophaw.com\/fr\/wp-json\/wp\/v2\/users\/1"}],"replies":[{"embeddable":true,"href":"https:\/\/pophaw.com\/fr\/wp-json\/wp\/v2\/comments?post=858"}],"version-history":[{"count":0,"href":"https:\/\/pophaw.com\/fr\/wp-json\/wp\/v2\/pages\/858\/revisions"}],"wp:attachment":[{"href":"https:\/\/pophaw.com\/fr\/wp-json\/wp\/v2\/media?parent=858"}],"curies":[{"name":"wp","href":"https:\/\/api.w.org\/{rel}","templated":true}]}}