{"id":10158,"date":"2025-01-10T01:28:28","date_gmt":"2025-01-10T09:28:28","guid":{"rendered":"https:\/\/pophaw.com\/?post_type=product&#038;p=10158"},"modified":"2025-01-25T23:31:19","modified_gmt":"2025-01-26T07:31:19","slug":"meilleur-systeme-dalerte-medicale-4g","status":"publish","type":"product","link":"https:\/\/pophaw.com\/fr\/product\/meilleur-systeme-dalerte-medicale-4g\/","title":{"rendered":"Meilleur syst\u00e8me d'alerte m\u00e9dicale Safety+ 4G"},"content":{"rendered":"<p>Syst\u00e8me d'alerte m\u00e9dicale Safety+ 4G : Bouton d'alarme portable, l\u00e9ger et compact, dot\u00e9 d'une d\u00e9tection de chute, d'un suivi GPS, d'une surveillance 24\/7 et d'une application mobile pour les soignants, garantissant la s\u00e9curit\u00e9 personnelle gr\u00e2ce \u00e0 une activation sans fil et \u00e0 une protection fiable.<\/p>\n<ul class=\"a-unordered-list a-vertical a-spacing-mini\">\n<li><strong>PREMIER MOIS GRATUIT + ACTION FACILE <\/strong>D\u00e9marrez votre voyage Safety+ avec un simple appel d'activation avant utilisation. Le premier mois de service est gratuit d\u00e8s l'activation. Ensuite, profitez d'un abonnement tout compris pour seulement $40\/mois : Surveillance 24h\/24 et 7j\/7, d\u00e9tection des chutes, localisation GPS, suivi des pas, couverture nationale 4G, application mobile et acc\u00e8s au service exceptionnel de Safety+. <em>Syst\u00e8me d'alerte m\u00e9dicale<\/em> caract\u00e9ristiques. Activation GRATUITE, pas de frais cach\u00e9s, 1er mois GRATUIT. L'abonnement apr\u00e8s le 1er mois gratuit est soumis \u00e0 nos conditions g\u00e9n\u00e9rales.<\/li>\n<li><strong>SURVEILLANCE D'URGENCE 24 HEURES SUR 24, 7 JOURS SUR 7, DANS TOUT LE PAYS :<\/strong> Le Safety+ 4G <em>Syst\u00e8me d'alerte m\u00e9dicale<\/em> assure une s\u00e9curit\u00e9 constante \u00e0 la maison et en d\u00e9placement. Connectez-vous instantan\u00e9ment \u00e0 notre centre de surveillance des urgences bas\u00e9 aux \u00c9tats-Unis en appuyant sur le bouton d'aide. Des op\u00e9rateurs form\u00e9s garantissent une assistance rapide (moins de 9 secondes de temps de r\u00e9ponse moyen), en envoyant de l'aide (si n\u00e9cessaire) \u00e0 l'endroit exact o\u00f9 vous vous trouvez et en avertissant votre famille. Les aidants peuvent surveiller l'activit\u00e9 via l'application, pour une plus grande tranquillit\u00e9 d'esprit. Syst\u00e8me d'alerte vitale pour les personnes \u00e2g\u00e9es avec prise en charge multilingue.<\/li>\n<li><strong>D\u00e9tection des chutes incluse ! (SANS FRAIS SUPPL\u00c9MENTAIRES) <\/strong>La fonction de d\u00e9tection de chute int\u00e9gr\u00e9e renforce votre s\u00e9curit\u00e9. Si une chute est d\u00e9tect\u00e9e, le <em>Syst\u00e8me d'alerte m\u00e9dicale<\/em> envoie instantan\u00e9ment un signal \u00e0 notre centre de surveillance des urgences, ouvert 24 heures sur 24 et 7 jours sur 7. Notre \u00e9quipe appelle (temps de r\u00e9ponse moyen inf\u00e9rieur \u00e0 9 secondes) l'appareil \u00e0 l'aide de son haut-parleur et de son microphone int\u00e9gr\u00e9s pour confirmer si de l'aide est n\u00e9cessaire et envoyer de l'aide si n\u00e9cessaire. Parfait pour les personnes \u00e2g\u00e9es, les personnes \u00e0 mobilit\u00e9 r\u00e9duite, les personnes en convalescence apr\u00e8s une intervention chirurgicale ou toute personne \u00e2g\u00e9e de 55 ans et plus. La d\u00e9tection des chutes est incluse sans frais suppl\u00e9mentaires (les concurrents facturent jusqu'\u00e0 $10\/mois pour cette fonction).<\/li>\n<li><strong>DES FONCTIONNALIT\u00c9S POUR LES SOIGNANTS VIA L'APPLICATION MOBILE :<\/strong> L'application GRATUITE pour les soignants permet aux membres de la famille d'\u00eatre inform\u00e9s de votre s\u00e9curit\u00e9. Cette application compl\u00e8te comprend un tableau de bord en temps r\u00e9el indiquant votre position, votre activit\u00e9 matinale, votre nombre de pas et l'\u00e9tat de votre batterie. Les notifications push pour les alertes d'urgence instantan\u00e9es tiennent les soignants inform\u00e9s, garantissant ainsi votre s\u00e9curit\u00e9. Cr\u00e9ez un cercle de soins pour partager les informations, le suivi et les alertes avec vos proches et les soignants.<\/li>\n<li><strong>BATTERIE R\u00c9SISTANTE \u00c0 L'EAU ET DE LONGUE DUR\u00c9E <\/strong>Vous pouvez utiliser l'appareil en toute confiance sous la douche ou sous la pluie. Il offre jusqu'\u00e0 6 jours d'autonomie et se recharge facilement gr\u00e2ce \u00e0 la station d'accueil incluse.<\/li>\n<li><strong>PLUSIEURS FA\u00c7ONS DE LE PORTER :<\/strong> Utilisez le cordon fourni pour le porter autour du cou ou attachez-le \u00e0 la ceinture de votre pantalon \u00e0 l'aide du clip ceinture fourni.<\/li>\n<li><strong>INSTALLATION FACILE :<\/strong> Aucun smartphone n'est n\u00e9cessaire. L'appareil SOS Mobile est enti\u00e8rement \u00e9quip\u00e9 et pr\u00eat \u00e0 l'emploi d\u00e8s sa sortie de l'emballage. Il n'est pas n\u00e9cessaire de se connecter \u00e0 un fournisseur de r\u00e9seau ou \u00e0 un smartphone : le service cellulaire mensuel est inclus dans les frais de surveillance.<\/li>\n<li><strong>INCLUS :<\/strong> 1x SOS <em>Syst\u00e8me d'alerte m\u00e9dicale<\/em> (GPS, Mobile, Fall Detect), 1x Charging Dock with Power Adapter, 1x Lanyard with Magnetic Clasp, 1x Belt Clip, and Caregiver Tracking App Access.<\/li>\n<\/ul>\n<div style=\"width: 854px;\" class=\"wp-video\"><video class=\"wp-video-shortcode\" id=\"video-10158-1\" width=\"854\" height=\"480\" preload=\"metadata\" controls=\"controls\"><source type=\"video\/mp4\" src=\"https:\/\/pophaw.com\/wp-content\/uploads\/2025\/01\/video_1.mp4?_=1\" \/><a href=\"https:\/\/pophaw.com\/wp-content\/uploads\/2025\/01\/video_1.mp4\">https:\/\/pophaw.com\/wp-content\/uploads\/2025\/01\/video_1.mp4<\/a><\/video><\/div>","protected":false},"excerpt":{"rendered":"<p>D\u00e9tection des chutes, localisation par GPS, surveillance 24\/7<\/p>","protected":false},"featured_media":10159,"template":"","meta":{"bwfblock_default_font":"","_uag_custom_page_level_css":"","site-sidebar-layout":"default","site-content-layout":"","ast-site-content-layout":"default","site-content-style":"default","site-sidebar-style":"default","ast-global-header-display":"","ast-banner-title-visibility":"","ast-main-header-display":"","ast-hfb-above-header-display":"","ast-hfb-below-header-display":"","ast-hfb-mobile-header-display":"","site-post-title":"","ast-breadcrumbs-content":"","ast-featured-img":"","footer-sml-layout":"","ast-disable-related-posts":"","theme-transparent-header-meta":"default","adv-header-id-meta":"","stick-header-meta":"default","header-above-stick-meta":"","header-main-stick-meta":"","header-below-stick-meta":"","astra-migrate-meta-layouts":"set","ast-page-background-enabled":"default","ast-page-background-meta":{"desktop":{"background-color":"","background-image":"","background-repeat":"repeat","background-position":"center center","background-size":"auto","background-attachment":"scroll","background-type":"","background-media":"","overlay-type":"","overlay-color":"","overlay-opacity":"","overlay-gradient":""},"tablet":{"background-color":"","background-image":"","background-repeat":"repeat","background-position":"center center","background-size":"auto","background-attachment":"scroll","background-type":"","background-media":"","overlay-type":"","overlay-color":"","overlay-opacity":"","overlay-gradient":""},"mobile":{"background-color":"","background-image":"","background-repeat":"repeat","background-position":"center center","background-size":"auto","background-attachment":"scroll","background-type":"","background-media":"","overlay-type":"","overlay-color":"","overlay-opacity":"","overlay-gradient":""}},"ast-content-background-meta":{"desktop":{"background-color":"var(--ast-global-color-5)","background-image":"","background-repeat":"repeat","background-position":"center center","background-size":"auto","background-attachment":"scroll","background-type":"","background-media":"","overlay-type":"","overlay-color":"","overlay-opacity":"","overlay-gradient":""},"tablet":{"background-color":"var(--ast-global-color-5)","background-image":"","background-repeat":"repeat","background-position":"center center","background-size":"auto","background-attachment":"scroll","background-type":"","background-media":"","overlay-type":"","overlay-color":"","overlay-opacity":"","overlay-gradient":""},"mobile":{"background-color":"var(--ast-global-color-5)","background-image":"","background-repeat":"repeat","background-position":"center center","background-size":"auto","background-attachment":"scroll","background-type":"","background-media":"","overlay-type":"","overlay-color":"","overlay-opacity":"","overlay-gradient":""}}},"product_brand":[327],"product_cat":[339,336,189,99],"product_tag":[],"class_list":{"0":"post-10158","1":"product","2":"type-product","3":"status-publish","4":"has-post-thumbnail","6":"product_brand-connected-caregiver","7":"product_cat-monitoring","8":"product_cat-healthcare-products","9":"product_cat-home-diagnostics","10":"product_cat-home-medical-supplies","11":"desktop-align-center","12":"tablet-align-center","13":"mobile-align-center","14":"ast-product-gallery-layout-horizontal-slider","15":"ast-magnify-disabled","16":"ast-product-tabs-layout-horizontal","18":"first","19":"instock","20":"shipping-taxable","21":"purchasable","22":"product-type-simple"},"spectra_custom_meta":{"_edit_lock":["1737876681:1"],"_edit_last":["1"],"rank_math_schema_WooCommerceProduct":["a:2:{s:5:\"@type\";s:18:\"WooCommerceProduct\";s:8:\"metadata\";a:3:{s:5:\"title\";s:19:\"WooCommerce Product\";s:4:\"type\";s:8:\"template\";s:9:\"isPrimary\";b:1;}}"],"rank_math_schema_VideoObject":["a:12:{s:5:\"@type\";s:11:\"VideoObject\";s:8:\"metadata\";a:8:{s:5:\"title\";s:5:\"Video\";s:4:\"type\";s:8:\"template\";s:9:\"shortcode\";s:15:\"s-6780e83754fc2\";s:9:\"isPrimary\";b:1;s:23:\"reviewLocationShortcode\";s:24:\"[rank_math_rich_snippet]\";s:8:\"category\";s:12:\"%categories%\";s:4:\"tags\";s:6:\"%tags%\";s:15:\"isAutoGenerated\";b:1;}s:4:\"name\";s:11:\"%seo_title%\";s:11:\"description\";s:17:\"%seo_description%\";s:10:\"uploadDate\";s:20:\"%date(Y-m-dTH:i:sP)%\";s:12:\"thumbnailUrl\";s:16:\"%post_thumbnail%\";s:8:\"embedUrl\";s:0:\"\";s:10:\"contentUrl\";s:57:\"https:\/\/pophaw.com\/wp-content\/uploads\/2025\/01\/video_1.mp4\";s:8:\"duration\";s:0:\"\";s:5:\"width\";i:854;s:6:\"height\";i:480;s:16:\"isFamilyFriendly\";b:1;}"],"rank_math_seo_score":["95"],"rank_math_focus_keyword":["Medical Alert System"],"rank_math_description":["Safety+ 4G Medical Alert System: Lightweight and compact wearable panic button featuring fall detection, GPS tracking, 24\/7 monitoring, and a mobile caregiver app\u2014ensuring personal safety with wireless activation and reliable protection."],"_thumbnail_id":["10159"],"_wp_old_slug":["safety-4g-medical-alert-system"],"_admin_notes":["https:\/\/www.ebay.com\/itm\/116173655710"],"_custom_product_field":[""],"_sku":["EB218039"],"_global_unique_id":["17841900187695"],"_regular_price":["49"],"total_sales":["0"],"_tax_status":["taxable"],"_tax_class":[""],"_manage_stock":["no"],"_backorders":["no"],"_sold_individually":["no"],"_virtual":["no"],"_downloadable":["no"],"_download_limit":["-1"],"_download_expiry":["-1"],"_stock":[null],"_stock_status":["instock"],"_wc_average_rating":["0"],"_wc_review_count":["0"],"_product_version":["9.6.0"],"_price":["49"],"_wc_gla_visibility":["sync-and-show"],"_wc_gla_sync_status":["synced"],"_product_image_gallery":["10160,10161,10162,10163,10164,10165"],"_wc_facebook_sync_enabled":["yes"],"fb_visibility":["yes"],"fb_product_description":[""],"_wc_facebook_product_image_source":["product"],"_wc_facebook_commerce_enabled":["no"],"fb_product_group_id":["9506993729311377"],"rank_math_primary_product_brand":["0"],"rank_math_primary_product_cat":["339"],"rank_math_primary_fb_product_set":["0"],"site-sidebar-layout":["default"],"ast-site-content-layout":["default"],"site-content-style":["default"],"site-sidebar-style":["default"],"theme-transparent-header-meta":["default"],"stick-header-meta":["default"],"rank_math_analytic_object_id":["216"],"fb_product_item_id":["9506993979311352"],"_wc_gla_synced_at":["1776049267"],"_wc_gla_google_ids":["a:1:{s:2:\"US\";s:22:\"online:en:US:gla_10158\";}"],"astra-migrate-meta-layouts":["set"],"wp_statistics_words_count":["467"],"wpil_sync_report3":["1"],"wpil_links_inbound_internal_count":["0"],"wpil_links_inbound_internal_count_data":["eJxLtDKwqq4FAAZPAf4="],"wpil_links_outbound_internal_count":["1"],"wpil_links_outbound_internal_count_data":["eJytUEFuwyAQ\/Av3BnDittp8IW2PPSICKEbBLAJct4ry97Kx1ab33nZmh5llNEi4eBD7N5A9sPfkg3pB64I6+HhmILdwKfAELDSovGV7EhfYAptyYG3q23KoNRXgPGEa9LwxOPI5PRiM1cXKpxRQ28I70fVcSP7hrUMlN2PakcGuvcdSaZQC2K8HMc\/AfHPJUbewI8hFn2761wYegeloBsz\/cgpVoK11Vh2\/VArTyUdKFcshAY2uHiMpW9LqSagTa0Hz4EtyWZnsdHU\/bUnZvlGUniqS7J6uWZuzj6e7boke0U7BqT\/qbg25BX\/Whb9evwEfCpKf"],"wpil_links_outbound_external_count":["0"],"wpil_links_outbound_external_count_data":["eJxLtDKwqq4FAAZPAf4="],"wpil_sync_report2_time":["2025-01-27T07:29:10+00:00"],"omnisend_last_sync":["2025-05-16T11:05:10+00:00"],"surerank_settings_general":["a:7:{s:9:\"separator\";s:1:\"-\";s:10:\"page_title\";s:21:\"%title% - %site_name%\";s:25:\"auto_generate_description\";b:1;s:16:\"page_description\";s:239:\"Safety+ 4G Medical Alert System: Lightweight and compact wearable panic button featuring fall detection, GPS tracking, 24\/7 monitoring, and a mobile caregiver app\u2014ensuring personal safety with wireless activation and reliable protection.\";s:16:\"auto_description\";s:158:\"Safety+ 4G Medical Alert System: Lightweight and compact wearable panic button featuring fall detection, GPS tracking, 24\/7 monitoring, and a mobile caregiver\";s:14:\"fallback_image\";s:0:\"\";s:13:\"canonical_url\";s:63:\"https:\/\/pophaw.com\/product\/best-safety-4g-medical-alert-system\/\";}"],"surerank_settings_post_no_index":["no"],"surerank_settings_post_no_follow":["no"],"surerank_settings_post_no_archive":["no"],"surerank_settings_social":["a:23:{s:15:\"open_graph_tags\";b:1;s:18:\"facebook_meta_tags\";b:1;s:17:\"twitter_meta_tags\";b:1;s:16:\"oembeded_scripts\";b:1;s:17:\"oembeded_og_title\";b:1;s:22:\"oembeded_social_images\";b:1;s:27:\"oembeded_remove_author_name\";b:1;s:17:\"facebook_page_url\";s:54:\"https:\/\/www.facebook.com\/profile.php?id=61571207938497\";s:24:\"facebook_author_fallback\";s:0:\"\";s:17:\"twitter_card_type\";s:19:\"summary_large_image\";s:24:\"twitter_same_as_facebook\";b:1;s:24:\"twitter_profile_username\";s:0:\"\";s:24:\"twitter_profile_fallback\";s:0:\"\";s:14:\"facebook_title\";s:21:\"%title% - %site_name%\";s:20:\"facebook_description\";s:9:\"%content%\";s:18:\"facebook_image_url\";s:65:\"https:\/\/pophaw.com\/wp-content\/uploads\/2025\/01\/Main-image-1-9.webp\";s:17:\"facebook_image_id\";i:10159;s:20:\"facebook_image_width\";i:679;s:21:\"facebook_image_height\";i:778;s:13:\"twitter_title\";s:21:\"%title% - %site_name%\";s:19:\"twitter_description\";s:9:\"%content%\";s:17:\"twitter_image_url\";s:65:\"https:\/\/pophaw.com\/wp-content\/uploads\/2025\/01\/Main-image-1-9.webp\";s:16:\"twitter_image_id\";i:10159;}"],"surerank_migration":["1"],"astra_style_timestamp_css":["1776877441"],"wwpp_product_wholesale_visibility_filter":["all"],"_uag_css_file_name":["uag-css-10158.css"],"rank_math_internal_links_processed":["1"],"_uag_page_assets":["a:9:{s:3:\"css\";s:260:\".uag-blocks-common-selector{z-index:var(--z-index-desktop) !important}@media(max-width: 976px){.uag-blocks-common-selector{z-index:var(--z-index-tablet) !important}}@media(max-width: 767px){.uag-blocks-common-selector{z-index:var(--z-index-mobile) !important}}\";s:2:\"js\";s:0:\"\";s:18:\"current_block_list\";a:15:{i:0;s:23:\"surecart\/slide-out-cart\";i:1;s:30:\"surecart\/slide-out-cart-header\";i:2;s:29:\"surecart\/slide-out-cart-items\";i:3;s:30:\"surecart\/slide-out-cart-coupon\";i:4;s:32:\"surecart\/slide-out-cart-subtotal\";i:5;s:38:\"surecart\/slide-out-cart-bump-line-item\";i:6;s:30:\"surecart\/slide-out-cart-submit\";i:7;s:11:\"core\/search\";i:8;s:10:\"core\/group\";i:9;s:12:\"core\/heading\";i:10;s:17:\"core\/latest-posts\";i:11;s:20:\"core\/latest-comments\";i:12;s:13:\"core\/archives\";i:13;s:15:\"core\/categories\";i:14;s:14:\"core\/shortcode\";}s:8:\"uag_flag\";b:0;s:11:\"uag_version\";s:10:\"1776869369\";s:6:\"gfonts\";a:0:{}s:10:\"gfonts_url\";s:0:\"\";s:12:\"gfonts_files\";a:0:{}s:14:\"uag_faq_layout\";b:0;}"],"_wc_gla_mc_status":["approved"]},"uagb_featured_image_src":{"full":["https:\/\/pophaw.com\/wp-content\/uploads\/2025\/01\/Main-image-1-9.webp",679,778,false],"thumbnail":["https:\/\/pophaw.com\/wp-content\/uploads\/2025\/01\/Main-image-1-9-150x150.webp",150,150,true],"medium":["https:\/\/pophaw.com\/wp-content\/uploads\/2025\/01\/Main-image-1-9-262x300.webp",262,300,true],"medium_large":["https:\/\/pophaw.com\/wp-content\/uploads\/2025\/01\/Main-image-1-9.webp",679,778,false],"large":["https:\/\/pophaw.com\/wp-content\/uploads\/2025\/01\/Main-image-1-9.webp",679,778,false],"ryviu-small":["https:\/\/pophaw.com\/wp-content\/uploads\/2025\/01\/Main-image-1-9.webp",35,40,false],"ryviu-medium":["https:\/\/pophaw.com\/wp-content\/uploads\/2025\/01\/Main-image-1-9.webp",115,132,false],"1536x1536":["https:\/\/pophaw.com\/wp-content\/uploads\/2025\/01\/Main-image-1-9.webp",679,778,false],"2048x2048":["https:\/\/pophaw.com\/wp-content\/uploads\/2025\/01\/Main-image-1-9.webp",679,778,false],"trp-custom-language-flag":["https:\/\/pophaw.com\/wp-content\/uploads\/2025\/01\/Main-image-1-9.webp",10,12,false],"woocommerce_thumbnail":["https:\/\/pophaw.com\/wp-content\/uploads\/2025\/01\/Main-image-1-9-300x300.webp",300,300,true],"woocommerce_single":["https:\/\/pophaw.com\/wp-content\/uploads\/2025\/01\/Main-image-1-9-600x687.webp",600,687,true],"woocommerce_gallery_thumbnail":["https:\/\/pophaw.com\/wp-content\/uploads\/2025\/01\/Main-image-1-9-100x100.webp",100,100,true]},"uagb_author_info":{"display_name":"Dr. Rowan","author_link":"https:\/\/pophaw.com\/fr\/author\/"},"uagb_comment_info":0,"uagb_excerpt":"Fall Detection, GPS Location, 24\/7 Monitoring","_links":{"self":[{"href":"https:\/\/pophaw.com\/fr\/wp-json\/wp\/v2\/product\/10158","targetHints":{"allow":["GET"]}}],"collection":[{"href":"https:\/\/pophaw.com\/fr\/wp-json\/wp\/v2\/product"}],"about":[{"href":"https:\/\/pophaw.com\/fr\/wp-json\/wp\/v2\/types\/product"}],"wp:featuredmedia":[{"embeddable":true,"href":"https:\/\/pophaw.com\/fr\/wp-json\/wp\/v2\/media\/10159"}],"wp:attachment":[{"href":"https:\/\/pophaw.com\/fr\/wp-json\/wp\/v2\/media?parent=10158"}],"wp:term":[{"taxonomy":"product_brand","embeddable":true,"href":"https:\/\/pophaw.com\/fr\/wp-json\/wp\/v2\/product_brand?post=10158"},{"taxonomy":"product_cat","embeddable":true,"href":"https:\/\/pophaw.com\/fr\/wp-json\/wp\/v2\/product_cat?post=10158"},{"taxonomy":"product_tag","embeddable":true,"href":"https:\/\/pophaw.com\/fr\/wp-json\/wp\/v2\/product_tag?post=10158"}],"curies":[{"name":"wp","href":"https:\/\/api.w.org\/{rel}","templated":true}]}}