{"id":10174,"date":"2025-01-10T02:33:34","date_gmt":"2025-01-10T10:33:34","guid":{"rendered":"https:\/\/pophaw.com\/?post_type=product&#038;p=10174"},"modified":"2025-01-25T23:32:09","modified_gmt":"2025-01-26T07:32:09","slug":"fauteuil-elevateur-electrique","status":"publish","type":"product","link":"https:\/\/pophaw.com\/fr\/product\/fauteuil-elevateur-electrique\/","title":{"rendered":"Fauteuil \u00e9l\u00e9vateur \u00e9lectrique"},"content":{"rendered":"<p><strong>Fauteuil \u00e9l\u00e9vateur \u00e9lectrique : Am\u00e9liorer le confort et l'ind\u00e9pendance<\/strong><\/p>\n<p>Ce fauteuil \u00e9l\u00e9vateur \u00e9lectrique est con\u00e7u pour offrir un soutien et une assistance sans effort aux personnes \u00e0 mobilit\u00e9 r\u00e9duite. Gr\u00e2ce \u00e0 sa construction durable et \u00e0 son puissant moteur \u00e9lectrique, il aide les utilisateurs \u00e0 passer d'une position assise \u00e0 une position debout en douceur et en toute s\u00e9curit\u00e9. Le fauteuil est dot\u00e9 d'un design ergonomique et moelleux pour un confort maximal lors d'une utilisation prolong\u00e9e, tandis que son encombrement r\u00e9duit lui permet de s'int\u00e9grer parfaitement dans n'importe quel espace de vie. Id\u00e9al pour les personnes \u00e2g\u00e9es, les personnes qui se remettent d'une intervention chirurgicale ou celles qui ont des difficult\u00e9s \u00e0 se d\u00e9placer, ce fauteuil \u00e9l\u00e9vateur assure une plus grande ind\u00e9pendance et une plus grande facilit\u00e9 dans la vie quotidienne. D\u00e9couvrez d\u00e8s aujourd'hui la commodit\u00e9 et la fiabilit\u00e9 d'un fauteuil \u00e9l\u00e9vateur \u00e9lectrique haut de gamme !<\/p>\n<ul class=\"a-unordered-list a-vertical a-spacing-mini\">\n<li class=\"a-spacing-mini\"><span class=\"a-list-item\"><span style=\"font-size: large;\">Le fauteuil p\u00e8se 29 livres. Le fauteuil \u00e9l\u00e9vateur \u00e9lectrique, l\u00e9ger et robuste, est \u00e9quip\u00e9 d'une tige en acier tr\u00e8s r\u00e9sistante et peut supporter un poids de 300 livres. En cas de probl\u00e8me de qualit\u00e9, le fauteuil peut \u00eatre retourn\u00e9 et rembours\u00e9 int\u00e9gralement, ce qui vous permet de l'essayer en toute tranquillit\u00e9. (Si le fauteuil est endommag\u00e9 pendant le transport, veuillez nous contacter directement).<\/span><\/span><\/li>\n<li class=\"a-spacing-mini\"><span class=\"a-list-item\"><span style=\"font-size: large;\">Mat\u00e9riau : Nous utilisons des tiges d'acier \u00e0 haute r\u00e9sistance comme cadre de support de l'\u00e9l\u00e9vateur de salle de bains, qui est plus stable, et les coussins d'assise \u00e9quip\u00e9s sont plus propices au nettoyage, ce qui rend l'utilisation plus s\u00fbre et plus confortable.<\/span><\/span><\/li>\n<li class=\"a-spacing-mini\"><span class=\"a-list-item\"><span style=\"font-size: large;\">Ailes lat\u00e9rales pliables : Il y a deux ailes lat\u00e9rales pliables con\u00e7ues pour passer facilement du sol au fauteuil \u00e9l\u00e9vateur.<\/span><\/span><\/li>\n<li class=\"a-spacing-mini\"><span class=\"a-list-item\"><span style=\"font-size: large;\">Levage \u00e9lectrique : Aucune alimentation \u00e9lectrique n'est n\u00e9cessaire. Le t\u00e9l\u00e9si\u00e8ge est \u00e9quip\u00e9 de batteries rechargeables. Il peut s'adapter aux exigences de la plupart des environnements ; veuillez faire attention \u00e0 la charge de la batterie. Remarque sp\u00e9ciale : lorsque la commande manuelle est en cours de chargement, le t\u00e9moin lumineux ne s'allume pas.<\/span><\/span><\/li>\n<li class=\"a-spacing-mini\"><span class=\"a-list-item\"><span style=\"font-size: large;\">Fauteuil \u00e9l\u00e9vateur \u00e9lectrique enti\u00e8rement \u00e9tanche : Nous adoptons la norme d'\u00e9tanch\u00e9it\u00e9 IPX8. Notre fauteuil releveur peut fonctionner normalement m\u00eame dans la baignoire, et il y a 6 ventouses pour am\u00e9liorer la stabilit\u00e9 du fauteuil releveur \u00e9lectrique.<\/span><\/span><\/li>\n<\/ul>\n<p>&nbsp;<\/p>","protected":false},"excerpt":{"rendered":"<p>2 Types Ventouses, dispositifs d'aide \u00e0 la chute<\/p>","protected":false},"featured_media":10175,"template":"","meta":{"bwfblock_default_font":"","_uag_custom_page_level_css":"","site-sidebar-layout":"default","site-content-layout":"","ast-site-content-layout":"default","site-content-style":"default","site-sidebar-style":"default","ast-global-header-display":"","ast-banner-title-visibility":"","ast-main-header-display":"","ast-hfb-above-header-display":"","ast-hfb-below-header-display":"","ast-hfb-mobile-header-display":"","site-post-title":"","ast-breadcrumbs-content":"","ast-featured-img":"","footer-sml-layout":"","ast-disable-related-posts":"","theme-transparent-header-meta":"default","adv-header-id-meta":"","stick-header-meta":"default","header-above-stick-meta":"","header-main-stick-meta":"","header-below-stick-meta":"","astra-migrate-meta-layouts":"set","ast-page-background-enabled":"default","ast-page-background-meta":{"desktop":{"background-color":"","background-image":"","background-repeat":"repeat","background-position":"center center","background-size":"auto","background-attachment":"scroll","background-type":"","background-media":"","overlay-type":"","overlay-color":"","overlay-opacity":"","overlay-gradient":""},"tablet":{"background-color":"","background-image":"","background-repeat":"repeat","background-position":"center center","background-size":"auto","background-attachment":"scroll","background-type":"","background-media":"","overlay-type":"","overlay-color":"","overlay-opacity":"","overlay-gradient":""},"mobile":{"background-color":"","background-image":"","background-repeat":"repeat","background-position":"center center","background-size":"auto","background-attachment":"scroll","background-type":"","background-media":"","overlay-type":"","overlay-color":"","overlay-opacity":"","overlay-gradient":""}},"ast-content-background-meta":{"desktop":{"background-color":"var(--ast-global-color-5)","background-image":"","background-repeat":"repeat","background-position":"center center","background-size":"auto","background-attachment":"scroll","background-type":"","background-media":"","overlay-type":"","overlay-color":"","overlay-opacity":"","overlay-gradient":""},"tablet":{"background-color":"var(--ast-global-color-5)","background-image":"","background-repeat":"repeat","background-position":"center center","background-size":"auto","background-attachment":"scroll","background-type":"","background-media":"","overlay-type":"","overlay-color":"","overlay-opacity":"","overlay-gradient":""},"mobile":{"background-color":"var(--ast-global-color-5)","background-image":"","background-repeat":"repeat","background-position":"center center","background-size":"auto","background-attachment":"scroll","background-type":"","background-media":"","overlay-type":"","overlay-color":"","overlay-opacity":"","overlay-gradient":""}}},"product_brand":[],"product_cat":[341,336,99,96],"product_tag":[],"class_list":{"0":"post-10174","1":"product","2":"type-product","3":"status-publish","4":"has-post-thumbnail","6":"product_cat-mobility","7":"product_cat-healthcare-products","8":"product_cat-home-medical-supplies","9":"product_cat-mobility-support","10":"desktop-align-center","11":"tablet-align-center","12":"mobile-align-center","13":"ast-product-gallery-layout-horizontal-slider","14":"ast-magnify-disabled","15":"ast-product-tabs-layout-horizontal","17":"first","18":"instock","19":"shipping-taxable","20":"purchasable","21":"product-type-simple"},"spectra_custom_meta":{"_edit_lock":["1764770567:1"],"_edit_last":["1"],"rank_math_seo_score":["93"],"rank_math_focus_keyword":["Electric Chair Lift"],"rank_math_description":["This electric chair lift is designed to provide effortless support and assistance for individuals with limited mobility."],"_thumbnail_id":["10175"],"_admin_notes":["https:\/\/www.ebay.com\/itm\/387274916365"],"_custom_product_field":[""],"_sku":["EB218042"],"_global_unique_id":["17841900187725"],"_regular_price":["399"],"total_sales":["1"],"_tax_status":["taxable"],"_tax_class":[""],"_manage_stock":["no"],"_backorders":["no"],"_sold_individually":["no"],"_virtual":["no"],"_downloadable":["no"],"_download_limit":["-1"],"_download_expiry":["-1"],"_stock":[null],"_stock_status":["instock"],"_wc_average_rating":["0"],"_wc_review_count":["0"],"_product_version":["9.6.0"],"_price":["399"],"_wc_gla_visibility":["sync-and-show"],"_wc_gla_sync_status":["synced"],"_product_image_gallery":["10176,10177,10178,10179,10180,10181"],"_wc_facebook_sync_enabled":["yes"],"fb_visibility":["yes"],"fb_product_description":[""],"_wc_facebook_product_image_source":["product"],"_wc_facebook_commerce_enabled":["no"],"fb_product_group_id":["9413925481952526"],"rank_math_primary_product_brand":["0"],"rank_math_primary_product_cat":["341"],"rank_math_primary_fb_product_set":["0"],"site-sidebar-layout":["default"],"ast-site-content-layout":["default"],"site-content-style":["default"],"site-sidebar-style":["default"],"theme-transparent-header-meta":["default"],"stick-header-meta":["default"],"rank_math_analytic_object_id":["219"],"fb_product_item_id":["9413925655285842"],"_wc_gla_synced_at":["1776049267"],"_wc_gla_google_ids":["a:1:{s:2:\"US\";s:22:\"online:en:US:gla_10174\";}"],"astra-migrate-meta-layouts":["set"],"wp_statistics_words_count":["304"],"wpil_sync_report3":["1"],"wpil_links_inbound_internal_count":["0"],"wpil_links_inbound_internal_count_data":["eJxLtDKwqq4FAAZPAf4="],"wpil_links_outbound_internal_count":["0"],"wpil_links_outbound_internal_count_data":["eJxLtDKwqq4FAAZPAf4="],"wpil_links_outbound_external_count":["0"],"wpil_links_outbound_external_count_data":["eJxLtDKwqq4FAAZPAf4="],"wpil_sync_report2_time":["2025-01-27T07:29:10+00:00"],"omnisend_last_sync":["2025-05-16T11:05:10+00:00"],"surerank_settings_general":["a:7:{s:9:\"separator\";s:1:\"-\";s:10:\"page_title\";s:21:\"%title% - %site_name%\";s:25:\"auto_generate_description\";b:1;s:16:\"page_description\";s:120:\"This electric chair lift is designed to provide effortless support and assistance for individuals with limited mobility.\";s:16:\"auto_description\";s:156:\"Electric Chair Lift: Enhance Comfort and Independence This electric chair lift is designed to provide effortless support and assistance for individuals with\";s:14:\"fallback_image\";s:0:\"\";s:13:\"canonical_url\";s:47:\"https:\/\/pophaw.com\/product\/electric-chair-lift\/\";}"],"surerank_settings_post_no_index":["no"],"surerank_settings_post_no_follow":["no"],"surerank_settings_post_no_archive":["no"],"surerank_settings_social":["a:23:{s:15:\"open_graph_tags\";b:1;s:18:\"facebook_meta_tags\";b:1;s:17:\"twitter_meta_tags\";b:1;s:16:\"oembeded_scripts\";b:1;s:17:\"oembeded_og_title\";b:1;s:22:\"oembeded_social_images\";b:1;s:27:\"oembeded_remove_author_name\";b:1;s:17:\"facebook_page_url\";s:54:\"https:\/\/www.facebook.com\/profile.php?id=61571207938497\";s:24:\"facebook_author_fallback\";s:0:\"\";s:17:\"twitter_card_type\";s:19:\"summary_large_image\";s:24:\"twitter_same_as_facebook\";b:1;s:24:\"twitter_profile_username\";s:0:\"\";s:24:\"twitter_profile_fallback\";s:0:\"\";s:14:\"facebook_title\";s:21:\"%title% - %site_name%\";s:20:\"facebook_description\";s:9:\"%content%\";s:18:\"facebook_image_url\";s:66:\"https:\/\/pophaw.com\/wp-content\/uploads\/2025\/01\/Main-image-1-11.webp\";s:17:\"facebook_image_id\";i:10175;s:20:\"facebook_image_width\";i:1600;s:21:\"facebook_image_height\";i:1600;s:13:\"twitter_title\";s:21:\"%title% - %site_name%\";s:19:\"twitter_description\";s:9:\"%content%\";s:17:\"twitter_image_url\";s:66:\"https:\/\/pophaw.com\/wp-content\/uploads\/2025\/01\/Main-image-1-11.webp\";s:16:\"twitter_image_id\";i:10175;}"],"surerank_migration":["1"],"astra_style_timestamp_css":["1776885930"],"wwpp_product_wholesale_visibility_filter":["all"],"_uag_css_file_name":["uag-css-10174.css"],"rank_math_internal_links_processed":["1"],"_uag_page_assets":["a:9:{s:3:\"css\";s:260:\".uag-blocks-common-selector{z-index:var(--z-index-desktop) !important}@media(max-width: 976px){.uag-blocks-common-selector{z-index:var(--z-index-tablet) !important}}@media(max-width: 767px){.uag-blocks-common-selector{z-index:var(--z-index-mobile) !important}}\";s:2:\"js\";s:0:\"\";s:18:\"current_block_list\";a:15:{i:0;s:23:\"surecart\/slide-out-cart\";i:1;s:30:\"surecart\/slide-out-cart-header\";i:2;s:29:\"surecart\/slide-out-cart-items\";i:3;s:30:\"surecart\/slide-out-cart-coupon\";i:4;s:32:\"surecart\/slide-out-cart-subtotal\";i:5;s:38:\"surecart\/slide-out-cart-bump-line-item\";i:6;s:30:\"surecart\/slide-out-cart-submit\";i:7;s:11:\"core\/search\";i:8;s:10:\"core\/group\";i:9;s:12:\"core\/heading\";i:10;s:17:\"core\/latest-posts\";i:11;s:20:\"core\/latest-comments\";i:12;s:13:\"core\/archives\";i:13;s:15:\"core\/categories\";i:14;s:14:\"core\/shortcode\";}s:8:\"uag_flag\";b:0;s:11:\"uag_version\";s:10:\"1776869369\";s:6:\"gfonts\";a:0:{}s:10:\"gfonts_url\";s:0:\"\";s:12:\"gfonts_files\";a:0:{}s:14:\"uag_faq_layout\";b:0;}"],"_wc_gla_mc_status":["approved"]},"uagb_featured_image_src":{"full":["https:\/\/pophaw.com\/wp-content\/uploads\/2025\/01\/Main-image-1-11.webp",1600,1600,false],"thumbnail":["https:\/\/pophaw.com\/wp-content\/uploads\/2025\/01\/Main-image-1-11-150x150.webp",150,150,true],"medium":["https:\/\/pophaw.com\/wp-content\/uploads\/2025\/01\/Main-image-1-11-300x300.webp",300,300,true],"medium_large":["https:\/\/pophaw.com\/wp-content\/uploads\/2025\/01\/Main-image-1-11-768x768.webp",768,768,true],"large":["https:\/\/pophaw.com\/wp-content\/uploads\/2025\/01\/Main-image-1-11-1024x1024.webp",1024,1024,true],"ryviu-small":["https:\/\/pophaw.com\/wp-content\/uploads\/2025\/01\/Main-image-1-11.webp",40,40,false],"ryviu-medium":["https:\/\/pophaw.com\/wp-content\/uploads\/2025\/01\/Main-image-1-11.webp",132,132,false],"1536x1536":["https:\/\/pophaw.com\/wp-content\/uploads\/2025\/01\/Main-image-1-11-1536x1536.webp",1536,1536,true],"2048x2048":["https:\/\/pophaw.com\/wp-content\/uploads\/2025\/01\/Main-image-1-11.webp",1600,1600,false],"trp-custom-language-flag":["https:\/\/pophaw.com\/wp-content\/uploads\/2025\/01\/Main-image-1-11.webp",12,12,false],"woocommerce_thumbnail":["https:\/\/pophaw.com\/wp-content\/uploads\/2025\/01\/Main-image-1-11-300x300.webp",300,300,true],"woocommerce_single":["https:\/\/pophaw.com\/wp-content\/uploads\/2025\/01\/Main-image-1-11-600x600.webp",600,600,true],"woocommerce_gallery_thumbnail":["https:\/\/pophaw.com\/wp-content\/uploads\/2025\/01\/Main-image-1-11-100x100.webp",100,100,true]},"uagb_author_info":{"display_name":"Dr. Rowan","author_link":"https:\/\/pophaw.com\/fr\/author\/"},"uagb_comment_info":0,"uagb_excerpt":"2 Types Suction Cups, Fall Assist Devices","_links":{"self":[{"href":"https:\/\/pophaw.com\/fr\/wp-json\/wp\/v2\/product\/10174","targetHints":{"allow":["GET"]}}],"collection":[{"href":"https:\/\/pophaw.com\/fr\/wp-json\/wp\/v2\/product"}],"about":[{"href":"https:\/\/pophaw.com\/fr\/wp-json\/wp\/v2\/types\/product"}],"wp:featuredmedia":[{"embeddable":true,"href":"https:\/\/pophaw.com\/fr\/wp-json\/wp\/v2\/media\/10175"}],"wp:attachment":[{"href":"https:\/\/pophaw.com\/fr\/wp-json\/wp\/v2\/media?parent=10174"}],"wp:term":[{"taxonomy":"product_brand","embeddable":true,"href":"https:\/\/pophaw.com\/fr\/wp-json\/wp\/v2\/product_brand?post=10174"},{"taxonomy":"product_cat","embeddable":true,"href":"https:\/\/pophaw.com\/fr\/wp-json\/wp\/v2\/product_cat?post=10174"},{"taxonomy":"product_tag","embeddable":true,"href":"https:\/\/pophaw.com\/fr\/wp-json\/wp\/v2\/product_tag?post=10174"}],"curies":[{"name":"wp","href":"https:\/\/api.w.org\/{rel}","templated":true}]}}