{"id":10189,"date":"2025-01-10T04:24:11","date_gmt":"2025-01-10T12:24:11","guid":{"rendered":"https:\/\/pophaw.com\/?post_type=product&#038;p=10189"},"modified":"2025-02-28T04:42:09","modified_gmt":"2025-02-28T12:42:09","slug":"coussin-de-fauteuil-roulant-en-mousse-a-memoire-de-forme","status":"publish","type":"product","link":"https:\/\/pophaw.com\/fr\/product\/coussin-de-fauteuil-roulant-en-mousse-a-memoire-de-forme\/","title":{"rendered":"Coussin pour fauteuil roulant avec couche de mousse \u00e0 m\u00e9moire de forme"},"content":{"rendered":"<p id=\"title\" class=\"a-size-large a-spacing-none\"><span id=\"productTitle\" class=\"a-size-large product-title-word-break\">Coussin de fauteuil roulant Ifoam en mousse \u00e0 m\u00e9moire de forme infus\u00e9e de gel-Coussin de si\u00e8ge pour fauteuil roulant, chaise de bureau, chaise de cuisine, si\u00e8ge de voiture-Soulagement des escarres et de la douleur au coccyx-Socle en polyfoam haute densit\u00e9<\/span><\/p>\n<ul class=\"a-unordered-list a-vertical a-spacing-mini\">\n<li class=\"a-spacing-mini\"><span class=\"a-list-item\">Excellent confort - La d\u00e9coupe du coccyx strat\u00e9giquement con\u00e7ue fait flotter votre coccyx, de sorte que m\u00eame les personnes sensibles au sacrum peuvent s'asseoir pendant de longues p\u00e9riodes sans ressentir d'inconfort. Le coussin du fauteuil roulant r\u00e9partit le poids uniform\u00e9ment et apporte un soutien l\u00e0 o\u00f9 vous en avez le plus besoin.<\/span><\/li>\n<li class=\"a-spacing-mini\"><span class=\"a-list-item\">Coussin d'assise en polyfoam\/mousse infus\u00e9e de gel - Recouvert d'une maille respirante qui peut \u00eatre retir\u00e9e pour un lavage facile, le coussin est dot\u00e9 d'une mousse haute densit\u00e9 infus\u00e9e de gel rafra\u00eechissant qui s'adapte sans effort \u00e0 la forme de votre corps.<\/span><\/li>\n<li class=\"a-spacing-mini\"><span class=\"a-list-item\">RELEVEUR DE SIEGE : il s'adapte \u00e0 toutes les chaises et est fabriqu\u00e9 en mousse durable, l\u00e9g\u00e8re et de haute densit\u00e9. Il \u00e9pouse les formes du corps en r\u00e9duisant la pression sur le dos et le coccyx en \u00e9vitant la compression.<\/span><\/li>\n<li class=\"a-spacing-mini\"><span class=\"a-list-item\">S\u00c9CURIT\u00c9 et PROTECTION : Pour am\u00e9liorer la s\u00e9curit\u00e9 des utilisateurs dans le fauteuil roulant pour les activit\u00e9s quotidiennes, notre \u00e9quipe a con\u00e7u un fond antid\u00e9rapant qui l'emp\u00eache de bouger, m\u00eame lorsque vous vous d\u00e9placez dans votre fauteuil roulant ou votre scooter.<\/span><\/li>\n<li class=\"a-spacing-mini\"><span class=\"a-list-item\">Taille adapt\u00e9e \u00e0 tous les fauteuils : Le coussin en mousse de gel CYLEN (18\u2033 x 17\u2033 x 3\u2033) convient \u00e0 la plupart des fauteuils roulants ; il peut \u00e9galement rendre les si\u00e8ges des scooters, des chaises de bureau, des si\u00e8ges de voiture et des chaises de salle \u00e0 manger confortables.<\/span><\/li>\n<li class=\"a-spacing-mini\"><span class=\"a-list-item\">Confort de la mousse \u00e0 m\u00e9moire de forme : deux couches assurent un confort sup\u00e9rieur. Couche sup\u00e9rieure en mousse \u00e0 m\u00e9moire de forme. 1. La couche sup\u00e9rieure du coussin en mousse est compos\u00e9e de mousse \u00e0 m\u00e9moire de forme pour le confort et une excellente pr\u00e9vention de la pression. 2. Noyau de mousse de qualit\u00e9 m\u00e9dicale : un noyau de haute densit\u00e9 soutient la mousse \u00e0 m\u00e9moire de forme pour assurer une fermet\u00e9 et un soutien ad\u00e9quats.<\/span><\/li>\n<\/ul>","protected":false},"excerpt":{"rendered":"<p>Base en polyfoam haute densit\u00e9<\/p>","protected":false},"featured_media":10190,"template":"","meta":{"bwfblock_default_font":"","_uag_custom_page_level_css":"","site-sidebar-layout":"default","site-content-layout":"","ast-site-content-layout":"default","site-content-style":"default","site-sidebar-style":"default","ast-global-header-display":"","ast-banner-title-visibility":"","ast-main-header-display":"","ast-hfb-above-header-display":"","ast-hfb-below-header-display":"","ast-hfb-mobile-header-display":"","site-post-title":"","ast-breadcrumbs-content":"","ast-featured-img":"","footer-sml-layout":"","ast-disable-related-posts":"","theme-transparent-header-meta":"default","adv-header-id-meta":"","stick-header-meta":"default","header-above-stick-meta":"","header-main-stick-meta":"","header-below-stick-meta":"","astra-migrate-meta-layouts":"set","ast-page-background-enabled":"default","ast-page-background-meta":{"desktop":{"background-color":"","background-image":"","background-repeat":"repeat","background-position":"center center","background-size":"auto","background-attachment":"scroll","background-type":"","background-media":"","overlay-type":"","overlay-color":"","overlay-opacity":"","overlay-gradient":""},"tablet":{"background-color":"","background-image":"","background-repeat":"repeat","background-position":"center center","background-size":"auto","background-attachment":"scroll","background-type":"","background-media":"","overlay-type":"","overlay-color":"","overlay-opacity":"","overlay-gradient":""},"mobile":{"background-color":"","background-image":"","background-repeat":"repeat","background-position":"center center","background-size":"auto","background-attachment":"scroll","background-type":"","background-media":"","overlay-type":"","overlay-color":"","overlay-opacity":"","overlay-gradient":""}},"ast-content-background-meta":{"desktop":{"background-color":"var(--ast-global-color-5)","background-image":"","background-repeat":"repeat","background-position":"center center","background-size":"auto","background-attachment":"scroll","background-type":"","background-media":"","overlay-type":"","overlay-color":"","overlay-opacity":"","overlay-gradient":""},"tablet":{"background-color":"var(--ast-global-color-5)","background-image":"","background-repeat":"repeat","background-position":"center center","background-size":"auto","background-attachment":"scroll","background-type":"","background-media":"","overlay-type":"","overlay-color":"","overlay-opacity":"","overlay-gradient":""},"mobile":{"background-color":"var(--ast-global-color-5)","background-image":"","background-repeat":"repeat","background-position":"center center","background-size":"auto","background-attachment":"scroll","background-type":"","background-media":"","overlay-type":"","overlay-color":"","overlay-opacity":"","overlay-gradient":""}}},"product_brand":[73],"product_cat":[341,336,99,96],"product_tag":[],"class_list":{"0":"post-10189","1":"product","2":"type-product","3":"status-publish","4":"has-post-thumbnail","6":"product_brand-pophaw","7":"product_cat-mobility","8":"product_cat-healthcare-products","9":"product_cat-home-medical-supplies","10":"product_cat-mobility-support","11":"desktop-align-center","12":"tablet-align-center","13":"mobile-align-center","14":"ast-product-gallery-layout-horizontal-slider","15":"ast-magnify-disabled","16":"ast-product-tabs-layout-horizontal","18":"first","19":"instock","20":"shipping-taxable","21":"purchasable","22":"product-type-simple"},"spectra_custom_meta":{"_edit_lock":["1737876771:1"],"_edit_last":["1"],"rank_math_seo_score":["90"],"rank_math_focus_keyword":["Wheelchair Cushion"],"rank_math_description":["Ifoam Gel Infused Memory Foam Layer Wheelchair Cushion\u2014Seat Cushion for Wheelchair-Office Chair, Kitchen Chair, Car Seats-Pressure Sore and Tailbone Pain Relief-High Dense Polyfoam Base"],"_thumbnail_id":["10190"],"_admin_notes":["https:\/\/www.amazon.com\/CYLEN-Infused-Memory-Wheelchair-Cushion\/dp\/B0C6M5NWGT\/ref=zg_bs_g_8626646011_d_sccl_36\/135-5421861-2593665?th=1"],"_custom_product_field":[""],"_sku":["PH11335029"],"_global_unique_id":["17841900187749"],"_regular_price":["29.9"],"total_sales":["0"],"_tax_status":["taxable"],"_tax_class":[""],"_manage_stock":["no"],"_backorders":["no"],"_sold_individually":["no"],"_virtual":["no"],"_downloadable":["no"],"_download_limit":["-1"],"_download_expiry":["-1"],"_stock":[null],"_stock_status":["instock"],"_wc_average_rating":["0"],"_wc_review_count":["0"],"_product_version":["9.7.0"],"_price":["29.9"],"_wc_gla_visibility":["sync-and-show"],"_wc_gla_sync_status":["synced"],"_product_image_gallery":["10191,10192,10193,10194,10195"],"_wc_facebook_sync_enabled":["yes"],"fb_visibility":["yes"],"fb_product_description":[""],"_wc_facebook_product_image_source":["product"],"_wc_facebook_commerce_enabled":["no"],"fb_product_group_id":["8655778211217722"],"rank_math_primary_product_brand":["73"],"rank_math_primary_product_cat":["341"],"rank_math_primary_fb_product_set":["0"],"site-sidebar-layout":["default"],"ast-site-content-layout":["default"],"site-content-style":["default"],"site-sidebar-style":["default"],"theme-transparent-header-meta":["default"],"astra-migrate-meta-layouts":["set"],"stick-header-meta":["default"],"rank_math_analytic_object_id":["221"],"fb_product_item_id":["8655778451217698"],"_wc_gla_synced_at":["1776308466"],"_wc_gla_google_ids":["a:1:{s:2:\"US\";s:22:\"online:en:US:gla_10189\";}"],"wp_statistics_words_count":["241"],"wpil_sync_report3":["1"],"wpil_links_inbound_internal_count":["0"],"wpil_links_inbound_internal_count_data":["eJxLtDKwqq4FAAZPAf4="],"wpil_links_outbound_internal_count":["0"],"wpil_links_outbound_internal_count_data":["eJxLtDKwqq4FAAZPAf4="],"wpil_links_outbound_external_count":["0"],"wpil_links_outbound_external_count_data":["eJxLtDKwqq4FAAZPAf4="],"wpil_sync_report2_time":["2025-01-27T07:29:10+00:00"],"omnisend_last_sync":["2025-05-16T11:05:10+00:00"],"surerank_settings_general":["a:7:{s:9:\"separator\";s:1:\"-\";s:10:\"page_title\";s:21:\"%title% - %site_name%\";s:25:\"auto_generate_description\";b:1;s:16:\"page_description\";s:187:\"Ifoam Gel Infused Memory Foam Layer Wheelchair Cushion\u2014Seat Cushion for Wheelchair-Office Chair, Kitchen Chair, Car Seats-Pressure Sore and Tailbone Pain Relief-High Dense Polyfoam Base\";s:16:\"auto_description\";s:155:\"Ifoam Gel Infused Memory Foam Layer Wheelchair Cushion\u2014Seat Cushion for Wheelchair-Office Chair, Kitchen Chair, Car Seats-Pressure Sore and Tailbone Pain\";s:14:\"fallback_image\";s:0:\"\";s:13:\"canonical_url\";s:64:\"https:\/\/pophaw.com\/product\/memory-foam-layer-wheelchair-cushion\/\";}"],"surerank_settings_post_no_index":["no"],"surerank_settings_post_no_follow":["no"],"surerank_settings_post_no_archive":["no"],"surerank_settings_social":["a:23:{s:15:\"open_graph_tags\";b:1;s:18:\"facebook_meta_tags\";b:1;s:17:\"twitter_meta_tags\";b:1;s:16:\"oembeded_scripts\";b:1;s:17:\"oembeded_og_title\";b:1;s:22:\"oembeded_social_images\";b:1;s:27:\"oembeded_remove_author_name\";b:1;s:17:\"facebook_page_url\";s:54:\"https:\/\/www.facebook.com\/profile.php?id=61571207938497\";s:24:\"facebook_author_fallback\";s:0:\"\";s:17:\"twitter_card_type\";s:19:\"summary_large_image\";s:24:\"twitter_same_as_facebook\";b:1;s:24:\"twitter_profile_username\";s:0:\"\";s:24:\"twitter_profile_fallback\";s:0:\"\";s:14:\"facebook_title\";s:21:\"%title% - %site_name%\";s:20:\"facebook_description\";s:9:\"%content%\";s:18:\"facebook_image_url\";s:60:\"https:\/\/pophaw.com\/wp-content\/uploads\/2025\/01\/image_1-2.webp\";s:17:\"facebook_image_id\";i:10190;s:20:\"facebook_image_width\";i:1500;s:21:\"facebook_image_height\";i:1500;s:13:\"twitter_title\";s:21:\"%title% - %site_name%\";s:19:\"twitter_description\";s:9:\"%content%\";s:17:\"twitter_image_url\";s:60:\"https:\/\/pophaw.com\/wp-content\/uploads\/2025\/01\/image_1-2.webp\";s:16:\"twitter_image_id\";i:10190;}"],"surerank_migration":["1"],"astra_style_timestamp_css":["1776922170"],"wwpp_product_wholesale_visibility_filter":["all"],"_uag_css_file_name":["uag-css-10189.css"],"rank_math_internal_links_processed":["1"],"_uag_page_assets":["a:9:{s:3:\"css\";s:260:\".uag-blocks-common-selector{z-index:var(--z-index-desktop) !important}@media(max-width: 976px){.uag-blocks-common-selector{z-index:var(--z-index-tablet) !important}}@media(max-width: 767px){.uag-blocks-common-selector{z-index:var(--z-index-mobile) !important}}\";s:2:\"js\";s:0:\"\";s:18:\"current_block_list\";a:15:{i:0;s:23:\"surecart\/slide-out-cart\";i:1;s:30:\"surecart\/slide-out-cart-header\";i:2;s:29:\"surecart\/slide-out-cart-items\";i:3;s:30:\"surecart\/slide-out-cart-coupon\";i:4;s:32:\"surecart\/slide-out-cart-subtotal\";i:5;s:38:\"surecart\/slide-out-cart-bump-line-item\";i:6;s:30:\"surecart\/slide-out-cart-submit\";i:7;s:11:\"core\/search\";i:8;s:10:\"core\/group\";i:9;s:12:\"core\/heading\";i:10;s:17:\"core\/latest-posts\";i:11;s:20:\"core\/latest-comments\";i:12;s:13:\"core\/archives\";i:13;s:15:\"core\/categories\";i:14;s:14:\"core\/shortcode\";}s:8:\"uag_flag\";b:0;s:11:\"uag_version\";s:10:\"1776869369\";s:6:\"gfonts\";a:0:{}s:10:\"gfonts_url\";s:0:\"\";s:12:\"gfonts_files\";a:0:{}s:14:\"uag_faq_layout\";b:0;}"],"_wc_gla_mc_status":["approved"]},"uagb_featured_image_src":{"full":["https:\/\/pophaw.com\/wp-content\/uploads\/2025\/01\/image_1-2.webp",1500,1500,false],"thumbnail":["https:\/\/pophaw.com\/wp-content\/uploads\/2025\/01\/image_1-2-150x150.webp",150,150,true],"medium":["https:\/\/pophaw.com\/wp-content\/uploads\/2025\/01\/image_1-2-300x300.webp",300,300,true],"medium_large":["https:\/\/pophaw.com\/wp-content\/uploads\/2025\/01\/image_1-2-768x768.webp",768,768,true],"large":["https:\/\/pophaw.com\/wp-content\/uploads\/2025\/01\/image_1-2-1024x1024.webp",1024,1024,true],"ryviu-small":["https:\/\/pophaw.com\/wp-content\/uploads\/2025\/01\/image_1-2.webp",40,40,false],"ryviu-medium":["https:\/\/pophaw.com\/wp-content\/uploads\/2025\/01\/image_1-2.webp",132,132,false],"1536x1536":["https:\/\/pophaw.com\/wp-content\/uploads\/2025\/01\/image_1-2.webp",1500,1500,false],"2048x2048":["https:\/\/pophaw.com\/wp-content\/uploads\/2025\/01\/image_1-2.webp",1500,1500,false],"trp-custom-language-flag":["https:\/\/pophaw.com\/wp-content\/uploads\/2025\/01\/image_1-2.webp",12,12,false],"woocommerce_thumbnail":["https:\/\/pophaw.com\/wp-content\/uploads\/2025\/01\/image_1-2-300x300.webp",300,300,true],"woocommerce_single":["https:\/\/pophaw.com\/wp-content\/uploads\/2025\/01\/image_1-2-600x600.webp",600,600,true],"woocommerce_gallery_thumbnail":["https:\/\/pophaw.com\/wp-content\/uploads\/2025\/01\/image_1-2-100x100.webp",100,100,true]},"uagb_author_info":{"display_name":"Dr. Rowan","author_link":"https:\/\/pophaw.com\/fr\/author\/"},"uagb_comment_info":0,"uagb_excerpt":"High Dense Polyfoam Base","_links":{"self":[{"href":"https:\/\/pophaw.com\/fr\/wp-json\/wp\/v2\/product\/10189","targetHints":{"allow":["GET"]}}],"collection":[{"href":"https:\/\/pophaw.com\/fr\/wp-json\/wp\/v2\/product"}],"about":[{"href":"https:\/\/pophaw.com\/fr\/wp-json\/wp\/v2\/types\/product"}],"wp:featuredmedia":[{"embeddable":true,"href":"https:\/\/pophaw.com\/fr\/wp-json\/wp\/v2\/media\/10190"}],"wp:attachment":[{"href":"https:\/\/pophaw.com\/fr\/wp-json\/wp\/v2\/media?parent=10189"}],"wp:term":[{"taxonomy":"product_brand","embeddable":true,"href":"https:\/\/pophaw.com\/fr\/wp-json\/wp\/v2\/product_brand?post=10189"},{"taxonomy":"product_cat","embeddable":true,"href":"https:\/\/pophaw.com\/fr\/wp-json\/wp\/v2\/product_cat?post=10189"},{"taxonomy":"product_tag","embeddable":true,"href":"https:\/\/pophaw.com\/fr\/wp-json\/wp\/v2\/product_tag?post=10189"}],"curies":[{"name":"wp","href":"https:\/\/api.w.org\/{rel}","templated":true}]}}