{"id":10276,"date":"2025-01-11T04:17:44","date_gmt":"2025-01-11T12:17:44","guid":{"rendered":"https:\/\/pophaw.com\/?post_type=product&#038;p=10276"},"modified":"2025-01-25T23:34:03","modified_gmt":"2025-01-26T07:34:03","slug":"tens-unit-muscle-stimulator","status":"publish","type":"product","link":"https:\/\/pophaw.com\/fr\/product\/tens-unit-muscle-stimulator\/","title":{"rendered":"Stimulateur musculaire Tens Unit"},"content":{"rendered":"<p><strong>Tens Unit Muscle Stimulator Body Circulation Pain Relief Therapy Machine Device<\/strong><\/p>\n<ul data-immersive-translate-walked=\"1aa85f84-c85f-4901-96d7-35103d5ada9c\">\n<li data-immersive-translate-walked=\"1aa85f84-c85f-4901-96d7-35103d5ada9c\">\n<div data-immersive-translate-walked=\"1aa85f84-c85f-4901-96d7-35103d5ada9c\"><span data-immersive-translate-walked=\"1aa85f84-c85f-4901-96d7-35103d5ada9c\">Il s'agit d'une combinaison d'appareils TENS et PMS, une m\u00e9thode non m\u00e9dicamenteuse de soulagement de la douleur utilis\u00e9e par les kin\u00e9sith\u00e9rapeutes et prescrite aux m\u00e9decins depuis plus de 40 ans.<\/span><\/div>\n<\/li>\n<li data-immersive-translate-walked=\"1aa85f84-c85f-4901-96d7-35103d5ada9c\">\n<div data-immersive-translate-walked=\"1aa85f84-c85f-4901-96d7-35103d5ada9c\"><span data-immersive-translate-walked=\"1aa85f84-c85f-4901-96d7-35103d5ada9c\">Les masseurs TechCare d\u00e9livrent des impulsions \u00e0 basse tension sur la peau pour stimuler les fibres nerveuses, bloquant ainsi efficacement le signal de la douleur vers le cerveau.<\/span><\/div>\n<\/li>\n<li data-immersive-translate-walked=\"1aa85f84-c85f-4901-96d7-35103d5ada9c\">\n<div data-immersive-translate-walked=\"1aa85f84-c85f-4901-96d7-35103d5ada9c\"><span data-immersive-translate-walked=\"1aa85f84-c85f-4901-96d7-35103d5ada9c\">Augmente \u00e9galement les endorphines naturelles. Vous n'aurez plus besoin de prendre des analg\u00e9siques !<\/span><\/div>\n<\/li>\n<li data-immersive-translate-walked=\"1aa85f84-c85f-4901-96d7-35103d5ada9c\">\n<div data-immersive-translate-walked=\"1aa85f84-c85f-4901-96d7-35103d5ada9c\"><span data-immersive-translate-walked=\"1aa85f84-c85f-4901-96d7-35103d5ada9c\">Batterie lithium int\u00e9gr\u00e9e rechargeable\u00a0<\/span><\/div>\n<\/li>\n<li data-immersive-translate-walked=\"1aa85f84-c85f-4901-96d7-35103d5ada9c\">\n<div data-immersive-translate-walked=\"1aa85f84-c85f-4901-96d7-35103d5ada9c\"><span data-immersive-translate-walked=\"1aa85f84-c85f-4901-96d7-35103d5ada9c\">Options des modes de massage Tens Ems<\/span><\/div>\n<\/li>\n<li data-immersive-translate-walked=\"1aa85f84-c85f-4901-96d7-35103d5ada9c\">\n<div data-immersive-translate-walked=\"1aa85f84-c85f-4901-96d7-35103d5ada9c\"><span data-immersive-translate-walked=\"1aa85f84-c85f-4901-96d7-35103d5ada9c\">24 modes de multi-massage diff\u00e9rents<\/span><\/div>\n<\/li>\n<li data-immersive-translate-walked=\"1aa85f84-c85f-4901-96d7-35103d5ada9c\">\n<div data-immersive-translate-walked=\"1aa85f84-c85f-4901-96d7-35103d5ada9c\"><span data-immersive-translate-walked=\"1aa85f84-c85f-4901-96d7-35103d5ada9c\">2 canaux, 10 unit\u00e9s<\/span><\/div>\n<\/li>\n<li data-immersive-translate-walked=\"1aa85f84-c85f-4901-96d7-35103d5ada9c\">\n<div data-immersive-translate-walked=\"1aa85f84-c85f-4901-96d7-35103d5ada9c\"><span data-immersive-translate-walked=\"1aa85f84-c85f-4901-96d7-35103d5ada9c\">R\u00e9glable sur 20 niveaux d'intensit\u00e9 diff\u00e9rents<\/span><\/div>\n<\/li>\n<li data-immersive-translate-walked=\"1aa85f84-c85f-4901-96d7-35103d5ada9c\">\n<div data-immersive-translate-walked=\"1aa85f84-c85f-4901-96d7-35103d5ada9c\"><span data-immersive-translate-walked=\"1aa85f84-c85f-4901-96d7-35103d5ada9c\">Arr\u00eat automatique\u00a0<\/span><\/div>\n<\/li>\n<li data-immersive-translate-walked=\"1aa85f84-c85f-4901-96d7-35103d5ada9c\">\n<div data-immersive-translate-walked=\"1aa85f84-c85f-4901-96d7-35103d5ada9c\"><span data-immersive-translate-walked=\"1aa85f84-c85f-4901-96d7-35103d5ada9c\">Am\u00e9liorer la circulation sanguine<\/span><\/div>\n<\/li>\n<li data-immersive-translate-walked=\"1aa85f84-c85f-4901-96d7-35103d5ada9c\">\n<div data-immersive-translate-walked=\"1aa85f84-c85f-4901-96d7-35103d5ada9c\"><span data-immersive-translate-walked=\"1aa85f84-c85f-4901-96d7-35103d5ada9c\">Facile \u00e0 utiliser et simple<\/span><\/div>\n<\/li>\n<li data-immersive-translate-walked=\"1aa85f84-c85f-4901-96d7-35103d5ada9c\">\n<div data-immersive-translate-walked=\"1aa85f84-c85f-4901-96d7-35103d5ada9c\"><span data-immersive-translate-walked=\"1aa85f84-c85f-4901-96d7-35103d5ada9c\">Modes de massage pr\u00e9programm\u00e9s. Tapotement, acupuncture, tissus profonds, pieds, ventouses, combo.<\/span><\/div>\n<\/li>\n<li data-immersive-translate-walked=\"1aa85f84-c85f-4901-96d7-35103d5ada9c\">\n<div data-immersive-translate-walked=\"1aa85f84-c85f-4901-96d7-35103d5ada9c\"><span data-immersive-translate-walked=\"1aa85f84-c85f-4901-96d7-35103d5ada9c\">Minuterie r\u00e9glable de 10 \u00e0 60 minutes \u00e0 l'aide du bouton \u201cT\u201d.<\/span><\/div>\n<\/li>\n<li data-immersive-translate-walked=\"1aa85f84-c85f-4901-96d7-35103d5ada9c\">\n<div data-immersive-translate-walked=\"1aa85f84-c85f-4901-96d7-35103d5ada9c\"><span data-immersive-translate-walked=\"1aa85f84-c85f-4901-96d7-35103d5ada9c\">Batterie interne rechargeable au lithium.<\/span><\/div>\n<\/li>\n<li data-immersive-translate-walked=\"1aa85f84-c85f-4901-96d7-35103d5ada9c\">\n<div data-immersive-translate-walked=\"1aa85f84-c85f-4901-96d7-35103d5ada9c\"><span data-immersive-translate-walked=\"1aa85f84-c85f-4901-96d7-35103d5ada9c\">Jusqu'\u00e0 20 heures d'utilisation continue.<\/span><\/div>\n<\/li>\n<li data-immersive-translate-walked=\"1aa85f84-c85f-4901-96d7-35103d5ada9c\">\n<div data-immersive-translate-walked=\"1aa85f84-c85f-4901-96d7-35103d5ada9c\"><span data-immersive-translate-walked=\"1aa85f84-c85f-4901-96d7-35103d5ada9c\">La sortie A-B vous permettra de l'utiliser comme deux utilisateurs distincts.<\/span><\/div>\n<\/li>\n<li data-immersive-translate-walked=\"1aa85f84-c85f-4901-96d7-35103d5ada9c\">\n<div data-immersive-translate-walked=\"1aa85f84-c85f-4901-96d7-35103d5ada9c\"><span data-immersive-translate-walked=\"1aa85f84-c85f-4901-96d7-35103d5ada9c\" data-immersive-translate-paragraph=\"1\">Format de poche<\/span><\/div>\n<\/li>\n<li data-immersive-translate-walked=\"1aa85f84-c85f-4901-96d7-35103d5ada9c\">\n<div data-immersive-translate-walked=\"1aa85f84-c85f-4901-96d7-35103d5ada9c\"><span data-immersive-translate-walked=\"1aa85f84-c85f-4901-96d7-35103d5ada9c\" data-immersive-translate-paragraph=\"1\">Portable<\/span><\/div>\n<\/li>\n<li data-immersive-translate-walked=\"1aa85f84-c85f-4901-96d7-35103d5ada9c\">\n<div data-immersive-translate-walked=\"1aa85f84-c85f-4901-96d7-35103d5ada9c\"><span data-immersive-translate-walked=\"1aa85f84-c85f-4901-96d7-35103d5ada9c\" data-immersive-translate-paragraph=\"1\">Eligible FSA\/HSA<\/span><\/div>\n<\/li>\n<li data-immersive-translate-walked=\"1aa85f84-c85f-4901-96d7-35103d5ada9c\">\n<div data-immersive-translate-walked=\"1aa85f84-c85f-4901-96d7-35103d5ada9c\"><span data-immersive-translate-walked=\"1aa85f84-c85f-4901-96d7-35103d5ada9c\" data-immersive-translate-paragraph=\"1\">Traiter deux endroits de la douleur en m\u00eame temps<\/span><\/div>\n<\/li>\n<li data-immersive-translate-walked=\"1aa85f84-c85f-4901-96d7-35103d5ada9c\">\n<div data-immersive-translate-walked=\"1aa85f84-c85f-4901-96d7-35103d5ada9c\"><span data-immersive-translate-walked=\"1aa85f84-c85f-4901-96d7-35103d5ada9c\" data-immersive-translate-paragraph=\"1\">Anti-douleur naturel<\/span><\/div>\n<\/li>\n<li data-immersive-translate-walked=\"1aa85f84-c85f-4901-96d7-35103d5ada9c\">\n<div data-immersive-translate-walked=\"1aa85f84-c85f-4901-96d7-35103d5ada9c\"><span data-immersive-translate-walked=\"1aa85f84-c85f-4901-96d7-35103d5ada9c\" data-immersive-translate-paragraph=\"1\">Th\u00e9rapie sans m\u00e9dicament<\/span><\/div>\n<\/li>\n<li data-immersive-translate-walked=\"1aa85f84-c85f-4901-96d7-35103d5ada9c\">\n<div data-immersive-translate-walked=\"1aa85f84-c85f-4901-96d7-35103d5ada9c\"><span data-immersive-translate-walked=\"1aa85f84-c85f-4901-96d7-35103d5ada9c\" data-immersive-translate-paragraph=\"1\">S\u00e9curit\u00e9 et efficacit\u00e9<\/span><\/div>\n<\/li>\n<li data-immersive-translate-walked=\"1aa85f84-c85f-4901-96d7-35103d5ada9c\">\n<div data-immersive-translate-walked=\"1aa85f84-c85f-4901-96d7-35103d5ada9c\"><span data-immersive-translate-walked=\"1aa85f84-c85f-4901-96d7-35103d5ada9c\" data-immersive-translate-paragraph=\"1\">L\u00e9ger<\/span><\/div>\n<\/li>\n<li data-immersive-translate-walked=\"1aa85f84-c85f-4901-96d7-35103d5ada9c\">\n<div data-immersive-translate-walked=\"1aa85f84-c85f-4901-96d7-35103d5ada9c\"><span data-immersive-translate-walked=\"1aa85f84-c85f-4901-96d7-35103d5ada9c\" data-immersive-translate-paragraph=\"1\">Garantie \u00e0 vie<\/span><\/div>\n<\/li>\n<li data-immersive-translate-walked=\"1aa85f84-c85f-4901-96d7-35103d5ada9c\">\n<div data-immersive-translate-walked=\"1aa85f84-c85f-4901-96d7-35103d5ada9c\"><span data-immersive-translate-walked=\"1aa85f84-c85f-4901-96d7-35103d5ada9c\" data-immersive-translate-paragraph=\"1\">Dispositif combin\u00e9 Tens et Ems<\/span><\/div>\n<\/li>\n<\/ul>\n<p data-immersive-translate-walked=\"1aa85f84-c85f-4901-96d7-35103d5ada9c\"><strong>L'ensemble de l'appareil Tens Unit Muscle Stimulator comprend\u00a0<\/strong><\/p>\n<p data-immersive-translate-walked=\"1aa85f84-c85f-4901-96d7-35103d5ada9c\">1x Newest Model Controller,<br \/>\n6 grandes \u00e9lectrodes (tampons),<br \/>\n2 c\u00e2bles d'\u00e9lectrodes,<br \/>\n1 paire de chaussons de massage<br \/>\n1 ceinture de massage<br \/>\nManuel de l'utilisateur,<br \/>\nUSB et chargeur mural,<br \/>\n1 petit tampon d'\u00e9lectrode et support de fil,<br \/>\n1 Tableau des points de traitement<br \/>\nIls sont tous assortis d'une GARANTIE LIMIT\u00c9E \u00c0 VIE.<\/p>\n<p>TechCare Massager Plus est un appareil multifonctionnel \u00e0 double canal aliment\u00e9 par batterie, offrant \u00e0 la fois les qualit\u00e9s d'un stimulateur \u00e9lectrique transcutan\u00e9 des nerfs (TENS) et d'un simulateur musculaire amplifi\u00e9 (PMS) en un seul appareil. Le Pro dispose d'un grand \u00e9cran LCD, de plusieurs modes de massage et de 2 sorties A-B. Cet appareil est dot\u00e9 d'une minuterie r\u00e9glable, d'un indicateur de dur\u00e9e de vie des piles et d'une pile au lithium int\u00e9gr\u00e9e.<\/p>\n<p>GARANTIE : Tens Unit Muscle Stimulator Massager b\u00e9n\u00e9ficie d'une garantie \u00e0 vie limit\u00e9e et d'une garantie de remboursement de 30 jours.<\/p>\n<p>Les chaussures massantes r\u00e9glables de haute qualit\u00e9 conviennent \u00e0 la plupart des pieds.<br \/>\nIl suffit de s'asseoir et de se d\u00e9tendre pendant que les chaussures massent les pieds.<br \/>\n2 \u00e9lectrodes en silicone int\u00e9gr\u00e9es qui \u00e9liminent la n\u00e9cessit\u00e9 d'acheter des \u00e9lectrodes de rechange<br \/>\nIl soulage la douleur des pieds et des jambes et les muscles endoloris de la jambe pendant que vous travaillez ou que vous regardez la t\u00e9l\u00e9vision. Fournit une impulsion \u00e9lectrique sur une plus grande surface sous vos pieds afin que vous puissiez l'utiliser lorsque vous \u00eates assis sur votre bureau ou que vous regardez la t\u00e9l\u00e9vision.<\/p>\n<p>Soulagement cibl\u00e9 et de haute technologie de la douleur des muscles du bas du dos et aide \u00e0 br\u00fbler les graisses dans la r\u00e9gion du ventre.<br \/>\nCompatible avec les meilleurs appareils TENS du march\u00e9, tels que les masseurs TechCare, les masseurs iRest, les masseurs Unimed et d'autres appareils TENS populaires.<br \/>\n2 \u00e9lectrodes en silicone int\u00e9gr\u00e9es qui \u00e9liminent la n\u00e9cessit\u00e9 d'acheter des \u00e9lectrodes de rechange<br \/>\nCeinture extra-longue r\u00e9glable, 34\u2033 de long. Taille unique.<\/p>\n<p><strong>VEUILLEZ LIRE LE MANUEL D'UTILISATION AVANT DE COMMENCER \u00e0 utiliser la machine.<\/strong><br \/>\nSi vous utilisez l'appareil pour la premi\u00e8re fois, laissez-le en charge pendant au moins 10 heures.<br \/>\nSi vous n'utilisez pas beaucoup l'appareil, rechargez-le deux fois par mois pour prolonger la dur\u00e9e de vie de la batterie.<br \/>\nL'appareil pr\u00e9sente des caract\u00e9ristiques de s\u00e9curit\u00e9. L'appareil ne commencera pas \u00e0 fonctionner avant que vous n'ayez plac\u00e9 les coussinets sur votre corps.<\/p>","protected":false},"excerpt":{"rendered":"<p>1x contr\u00f4leur dernier mod\u00e8le, 6 grandes \u00e9lectrodes (tampons), 2 c\u00e2bles d'\u00e9lectrodes, 1 paire de chaussons de massage, 1 ceinture de massage, manuel d'utilisation, chargeur USB et mural, 1 petit tampon d'\u00e9lectrodes et support de fil, 1 tableau des points de traitement.<\/p>","protected":false},"featured_media":10278,"template":"","meta":{"bwfblock_default_font":"","_uag_custom_page_level_css":"","site-sidebar-layout":"default","site-content-layout":"","ast-site-content-layout":"default","site-content-style":"default","site-sidebar-style":"default","ast-global-header-display":"","ast-banner-title-visibility":"","ast-main-header-display":"","ast-hfb-above-header-display":"","ast-hfb-below-header-display":"","ast-hfb-mobile-header-display":"","site-post-title":"","ast-breadcrumbs-content":"","ast-featured-img":"","footer-sml-layout":"","ast-disable-related-posts":"","theme-transparent-header-meta":"default","adv-header-id-meta":"","stick-header-meta":"default","header-above-stick-meta":"","header-main-stick-meta":"","header-below-stick-meta":"","astra-migrate-meta-layouts":"set","ast-page-background-enabled":"default","ast-page-background-meta":{"desktop":{"background-color":"","background-image":"","background-repeat":"repeat","background-position":"center center","background-size":"auto","background-attachment":"scroll","background-type":"","background-media":"","overlay-type":"","overlay-color":"","overlay-opacity":"","overlay-gradient":""},"tablet":{"background-color":"","background-image":"","background-repeat":"repeat","background-position":"center center","background-size":"auto","background-attachment":"scroll","background-type":"","background-media":"","overlay-type":"","overlay-color":"","overlay-opacity":"","overlay-gradient":""},"mobile":{"background-color":"","background-image":"","background-repeat":"repeat","background-position":"center center","background-size":"auto","background-attachment":"scroll","background-type":"","background-media":"","overlay-type":"","overlay-color":"","overlay-opacity":"","overlay-gradient":""}},"ast-content-background-meta":{"desktop":{"background-color":"var(--ast-global-color-5)","background-image":"","background-repeat":"repeat","background-position":"center center","background-size":"auto","background-attachment":"scroll","background-type":"","background-media":"","overlay-type":"","overlay-color":"","overlay-opacity":"","overlay-gradient":""},"tablet":{"background-color":"var(--ast-global-color-5)","background-image":"","background-repeat":"repeat","background-position":"center center","background-size":"auto","background-attachment":"scroll","background-type":"","background-media":"","overlay-type":"","overlay-color":"","overlay-opacity":"","overlay-gradient":""},"mobile":{"background-color":"var(--ast-global-color-5)","background-image":"","background-repeat":"repeat","background-position":"center center","background-size":"auto","background-attachment":"scroll","background-type":"","background-media":"","overlay-type":"","overlay-color":"","overlay-opacity":"","overlay-gradient":""}}},"product_brand":[73],"product_cat":[344,336,99,124],"product_tag":[],"class_list":{"0":"post-10276","1":"product","2":"type-product","3":"status-publish","4":"has-post-thumbnail","6":"product_brand-pophaw","7":"product_cat-pain-management","8":"product_cat-healthcare-products","9":"product_cat-home-medical-supplies","10":"product_cat-pain-management-therapy","11":"desktop-align-center","12":"tablet-align-center","13":"mobile-align-center","14":"ast-product-gallery-layout-horizontal-slider","15":"ast-product-gallery-with-no-image","16":"ast-magnify-disabled","17":"ast-product-tabs-layout-horizontal","19":"first","20":"instock","21":"shipping-taxable","22":"purchasable","23":"product-type-simple"},"spectra_custom_meta":{"classic-editor-remember":["classic-editor"],"_edit_lock":["1737876845:1"],"_edit_last":["1"],"rank_math_seo_score":["84"],"rank_math_focus_keyword":["Tens Unit Muscle Stimulator"],"rank_math_description":["Tens Unit Muscle Stimulator Body Circulation Pain Relief Therapy Machine Device. 1x Newest Model Controller, 6 Large Electrodes ( Pads ), 2 Electrodes Cables, 1 Pair of Massager Slipper, 1 Massager Belt, User's Manual, USB and Wall Charger, 1 Small Electrode Pad and Wire Holder, 1 Treatment Points Chart"],"_thumbnail_id":["10278"],"_admin_notes":["https:\/\/www.ebay.com\/itm\/363650789228"],"_custom_product_field":[""],"_sku":["EB218046"],"_global_unique_id":["17841900187787"],"_regular_price":["59.99"],"total_sales":["0"],"_tax_status":["taxable"],"_tax_class":[""],"_manage_stock":["no"],"_backorders":["no"],"_sold_individually":["no"],"_virtual":["no"],"_downloadable":["no"],"_download_limit":["-1"],"_download_expiry":["-1"],"_stock":[null],"_stock_status":["instock"],"_wc_average_rating":["0"],"_wc_review_count":["0"],"_product_version":["9.6.0"],"_price":["59.99"],"_wc_gla_visibility":["sync-and-show"],"_wc_gla_sync_status":["synced"],"_wc_facebook_sync_enabled":["yes"],"fb_visibility":["yes"],"fb_product_description":[""],"_wc_facebook_product_image_source":["product"],"_wc_facebook_commerce_enabled":["no"],"fb_product_group_id":["28126110150337387"],"rank_math_primary_product_brand":["73"],"rank_math_primary_product_cat":["344"],"rank_math_primary_fb_product_set":["0"],"site-sidebar-layout":["default"],"ast-site-content-layout":["default"],"site-content-style":["default"],"site-sidebar-style":["default"],"theme-transparent-header-meta":["default"],"astra-migrate-meta-layouts":["set"],"stick-header-meta":["default"],"rank_math_analytic_object_id":["228"],"_wc_gla_synced_at":["1778295666"],"_wc_gla_google_ids":["a:1:{s:2:\"US\";s:22:\"online:en:US:gla_10276\";}"],"fb_product_item_id":["28126110570337345"],"wp_statistics_words_count":["483"],"wpil_sync_report3":["1"],"wpil_links_inbound_internal_count":["0"],"wpil_links_inbound_internal_count_data":["eJxLtDKwqq4FAAZPAf4="],"wpil_links_outbound_internal_count":["0"],"wpil_links_outbound_internal_count_data":["eJxLtDKwqq4FAAZPAf4="],"wpil_links_outbound_external_count":["0"],"wpil_links_outbound_external_count_data":["eJxLtDKwqq4FAAZPAf4="],"wpil_sync_report2_time":["2025-01-27T07:29:10+00:00"],"omnisend_last_sync":["2025-05-16T11:05:10+00:00"],"surerank_settings_general":["a:7:{s:9:\"separator\";s:1:\"-\";s:10:\"page_title\";s:21:\"%title% - %site_name%\";s:25:\"auto_generate_description\";b:1;s:16:\"page_description\";s:304:\"Tens Unit Muscle Stimulator Body Circulation Pain Relief Therapy Machine Device. 1x Newest Model Controller, 6 Large Electrodes ( Pads ), 2 Electrodes Cables, 1 Pair of Massager Slipper, 1 Massager Belt, User's Manual, USB and Wall Charger, 1 Small Electrode Pad and Wire Holder, 1 Treatment Points Chart\";s:16:\"auto_description\";s:156:\"Tens Unit Muscle Stimulator Body Circulation Pain Relief Therapy Machine Device Tens Unit Muscle Stimulator Package Includes\u00a0 1x Newest Model Controller, 6\";s:14:\"fallback_image\";s:0:\"\";s:13:\"canonical_url\";s:55:\"https:\/\/pophaw.com\/product\/tens-unit-muscle-stimulator\/\";}"],"surerank_settings_post_no_index":["no"],"surerank_settings_post_no_follow":["no"],"surerank_settings_post_no_archive":["no"],"surerank_settings_social":["a:23:{s:15:\"open_graph_tags\";b:1;s:18:\"facebook_meta_tags\";b:1;s:17:\"twitter_meta_tags\";b:1;s:16:\"oembeded_scripts\";b:1;s:17:\"oembeded_og_title\";b:1;s:22:\"oembeded_social_images\";b:1;s:27:\"oembeded_remove_author_name\";b:1;s:17:\"facebook_page_url\";s:54:\"https:\/\/www.facebook.com\/profile.php?id=61571207938497\";s:24:\"facebook_author_fallback\";s:0:\"\";s:17:\"twitter_card_type\";s:19:\"summary_large_image\";s:24:\"twitter_same_as_facebook\";b:1;s:24:\"twitter_profile_username\";s:0:\"\";s:24:\"twitter_profile_fallback\";s:0:\"\";s:14:\"facebook_title\";s:21:\"%title% - %site_name%\";s:20:\"facebook_description\";s:9:\"%content%\";s:18:\"facebook_image_url\";s:66:\"https:\/\/pophaw.com\/wp-content\/uploads\/2025\/01\/Main-image-1-13.webp\";s:17:\"facebook_image_id\";i:10278;s:20:\"facebook_image_width\";i:1080;s:21:\"facebook_image_height\";i:1080;s:13:\"twitter_title\";s:21:\"%title% - %site_name%\";s:19:\"twitter_description\";s:9:\"%content%\";s:17:\"twitter_image_url\";s:66:\"https:\/\/pophaw.com\/wp-content\/uploads\/2025\/01\/Main-image-1-13.webp\";s:16:\"twitter_image_id\";i:10278;}"],"surerank_migration":["1"],"astra_style_timestamp_css":["1778689451"],"wwpp_product_wholesale_visibility_filter":["all"],"_uag_css_file_name":["uag-css-10276.css"],"rank_math_internal_links_processed":["1"],"_uag_page_assets":["a:9:{s:3:\"css\";s:0:\"\";s:2:\"js\";s:0:\"\";s:18:\"current_block_list\";a:15:{i:0;s:23:\"surecart\/slide-out-cart\";i:1;s:30:\"surecart\/slide-out-cart-header\";i:2;s:29:\"surecart\/slide-out-cart-items\";i:3;s:30:\"surecart\/slide-out-cart-coupon\";i:4;s:32:\"surecart\/slide-out-cart-subtotal\";i:5;s:38:\"surecart\/slide-out-cart-bump-line-item\";i:6;s:30:\"surecart\/slide-out-cart-submit\";i:7;s:11:\"core\/search\";i:8;s:10:\"core\/group\";i:9;s:12:\"core\/heading\";i:10;s:17:\"core\/latest-posts\";i:11;s:20:\"core\/latest-comments\";i:12;s:13:\"core\/archives\";i:13;s:15:\"core\/categories\";i:14;s:14:\"core\/shortcode\";}s:8:\"uag_flag\";b:0;s:11:\"uag_version\";s:10:\"1778680346\";s:6:\"gfonts\";a:0:{}s:10:\"gfonts_url\";s:0:\"\";s:12:\"gfonts_files\";a:0:{}s:14:\"uag_faq_layout\";b:0;}"],"_wc_gla_mc_status":["approved"]},"uagb_featured_image_src":{"full":["https:\/\/pophaw.com\/wp-content\/uploads\/2025\/01\/Main-image-1-13.webp",1080,1080,false],"thumbnail":["https:\/\/pophaw.com\/wp-content\/uploads\/2025\/01\/Main-image-1-13-150x150.webp",150,150,true],"medium":["https:\/\/pophaw.com\/wp-content\/uploads\/2025\/01\/Main-image-1-13-300x300.webp",300,300,true],"medium_large":["https:\/\/pophaw.com\/wp-content\/uploads\/2025\/01\/Main-image-1-13-768x768.webp",768,768,true],"large":["https:\/\/pophaw.com\/wp-content\/uploads\/2025\/01\/Main-image-1-13-1024x1024.webp",1024,1024,true],"ryviu-small":["https:\/\/pophaw.com\/wp-content\/uploads\/2025\/01\/Main-image-1-13.webp",40,40,false],"ryviu-medium":["https:\/\/pophaw.com\/wp-content\/uploads\/2025\/01\/Main-image-1-13.webp",132,132,false],"1536x1536":["https:\/\/pophaw.com\/wp-content\/uploads\/2025\/01\/Main-image-1-13.webp",1080,1080,false],"2048x2048":["https:\/\/pophaw.com\/wp-content\/uploads\/2025\/01\/Main-image-1-13.webp",1080,1080,false],"trp-custom-language-flag":["https:\/\/pophaw.com\/wp-content\/uploads\/2025\/01\/Main-image-1-13.webp",12,12,false],"woocommerce_thumbnail":["https:\/\/pophaw.com\/wp-content\/uploads\/2025\/01\/Main-image-1-13-300x300.webp",300,300,true],"woocommerce_single":["https:\/\/pophaw.com\/wp-content\/uploads\/2025\/01\/Main-image-1-13-600x600.webp",600,600,true],"woocommerce_gallery_thumbnail":["https:\/\/pophaw.com\/wp-content\/uploads\/2025\/01\/Main-image-1-13-100x100.webp",100,100,true]},"uagb_author_info":{"display_name":"Dr. Rowan","author_link":"https:\/\/pophaw.com\/fr\/author\/"},"uagb_comment_info":0,"uagb_excerpt":"1x Newest Model Controller, 6 Large Electrodes ( Pads ), 2 Electrodes Cables, 1 Pair of Massager Slipper, 1 Massager Belt, User's Manual, USB and Wall Charger, 1 Small Electrode Pad and Wire Holder, 1 Treatment Points Chart","_links":{"self":[{"href":"https:\/\/pophaw.com\/fr\/wp-json\/wp\/v2\/product\/10276","targetHints":{"allow":["GET"]}}],"collection":[{"href":"https:\/\/pophaw.com\/fr\/wp-json\/wp\/v2\/product"}],"about":[{"href":"https:\/\/pophaw.com\/fr\/wp-json\/wp\/v2\/types\/product"}],"wp:featuredmedia":[{"embeddable":true,"href":"https:\/\/pophaw.com\/fr\/wp-json\/wp\/v2\/media\/10278"}],"wp:attachment":[{"href":"https:\/\/pophaw.com\/fr\/wp-json\/wp\/v2\/media?parent=10276"}],"wp:term":[{"taxonomy":"product_brand","embeddable":true,"href":"https:\/\/pophaw.com\/fr\/wp-json\/wp\/v2\/product_brand?post=10276"},{"taxonomy":"product_cat","embeddable":true,"href":"https:\/\/pophaw.com\/fr\/wp-json\/wp\/v2\/product_cat?post=10276"},{"taxonomy":"product_tag","embeddable":true,"href":"https:\/\/pophaw.com\/fr\/wp-json\/wp\/v2\/product_tag?post=10276"}],"curies":[{"name":"wp","href":"https:\/\/api.w.org\/{rel}","templated":true}]}}