{"id":10801,"date":"2025-01-24T06:23:35","date_gmt":"2025-01-24T14:23:35","guid":{"rendered":"https:\/\/pophaw.com\/?post_type=product&#038;p=10801"},"modified":"2025-01-25T23:35:40","modified_gmt":"2025-01-26T07:35:40","slug":"exercice-respiratoire-poumon-expanseur","status":"publish","type":"product","link":"https:\/\/pophaw.com\/fr\/product\/exercice-respiratoire-poumon-expanseur\/","title":{"rendered":"Exercices respiratoires pour les poumons Expander"},"content":{"rendered":"<p>Am\u00e9liorez votre sant\u00e9 respiratoire gr\u00e2ce \u00e0 cet outil efficace <strong>Exerciseur pulmonaire<\/strong>. Con\u00e7u pour renforcer les poumons et am\u00e9liorer la capacit\u00e9 respiratoire, il est id\u00e9al pour les personnes qui se remettent d'une affection respiratoire ou qui cherchent \u00e0 am\u00e9liorer leurs performances pulmonaires. Compact, facile \u00e0 utiliser, il est parfait pour les exercices pulmonaires quotidiens \u00e0 la maison.<\/p>\n<ul class=\"a-unordered-list a-vertical a-spacing-mini\">\n<li class=\"a-spacing-mini\"><span class=\"a-list-item\">Am\u00e9liore la fonction respiratoire et la r\u00e9cup\u00e9ration : L'entra\u00eeneur respiratoire est con\u00e7u pour vous aider \u00e0 mieux respirer, \u00e0 exercer vos muscles pulmonaires et \u00e0 favoriser l'absorption d'O\u2082.<\/span><\/li>\n<li class=\"a-spacing-mini\"><span class=\"a-list-item\">\u00c9limination naturelle du mucus : L'appareil utilise la technologie OPEP. La th\u00e9rapie scientifique produit un flux d'air oscillant qui ouvre les voies respiratoires obstru\u00e9es, favorisant une meilleure respiration et une meilleure sant\u00e9 respiratoire et aidant \u00e0 \u00e9liminer le mucus des poumons.<\/span><\/li>\n<li class=\"a-spacing-mini\"><span class=\"a-list-item\">3 tailles de balles diff\u00e9rentes : \u00c9quip\u00e9 de boules de 15\/17\/19 mm, il offre des niveaux de r\u00e9sistance expiatoire r\u00e9glables. La plus grosse boule offre plus de r\u00e9sistance que la petite, et une plus grande r\u00e9sistance aide \u00e0 \u00e9vacuer davantage les mucosit\u00e9s. Il convient aux personnes de tous \u00e2ges.<\/span><\/li>\n<li class=\"a-spacing-mini\"><span class=\"a-list-item\">Petit et portable : Cet appareil d'entra\u00eenement respiratoire vous permet d'exercer vos poumons \u00e0 tout moment et en tout lieu. Nous recommandons 10 minutes d'exercices respiratoires, 2 \u00e0 3 fois par jour.<\/span><\/li>\n<li class=\"a-spacing-mini\"><span class=\"a-list-item\">Service apr\u00e8s-vente : Nous nous engageons \u00e0 fournir aux consommateurs des produits sains et un service hospitalier. N'h\u00e9sitez pas \u00e0 nous contacter pour toute question.<\/span><\/li>\n<\/ul>\n<p>&nbsp;<\/p>\n<h2>Veillez \u00e0 nettoyer apr\u00e8s chaque utilisation<\/h2>\n<ul>\n<li>Augmente le volume d'absorption d'oxyg\u00e8ne par les poumons.<\/li>\n<li>Capacit\u00e9 de r\u00e9tention de la respiration plus longue.<\/li>\n<li>\u00c9liminer l'air emprisonn\u00e9 dans les alv\u00e9oles afin d'am\u00e9liorer les \u00e9changes gazeux.<\/li>\n<li>Am\u00e9liorer la respiration et r\u00e9duire l'essoufflement.<\/li>\n<li>Contribuent \u00e0 am\u00e9liorer et \u00e0 maintenir l'hygi\u00e8ne pulmonaire en aidant \u00e0 \u00e9liminer les polluants des poumons.<\/li>\n<li>Ralentir l'accumulation de lactate dans les muscles.<\/li>\n<li>Un bo\u00eetier de protection est fourni pour prot\u00e9ger l'appareil des rayures, des collisions, de la poussi\u00e8re, des bact\u00e9ries et de l'eau.<\/li>\n<li>Option peu co\u00fbteuse et efficace pour l'\u00e9limination des mucosit\u00e9s.<\/li>\n<li>Des sessions courtes sont n\u00e9cessaires pour une efficacit\u00e9 maximale.<\/li>\n<li>Maintenir les voies respiratoires ouvertes.<\/li>\n<\/ul>\n<p>&nbsp;<\/p>\n<h2>Paquet<\/h2>\n<ul>\n<li>1 Lung Exerciser Dispositif d'\u00e9limination du mucus<\/li>\n<li>3 roulements \u00e0 billes en acier inoxydable de tailles diff\u00e9rentes<\/li>\n<li>1 valise de voyage pour un rangement facile<\/li>\n<li>1 embout buccal suppl\u00e9mentaire<\/li>\n<\/ul>","protected":false},"excerpt":{"rendered":"<p>3 tailles diff\u00e9rentes de billes avec 15\/17\/19 mm<\/p>","protected":false},"featured_media":10812,"template":"","meta":{"bwfblock_default_font":"","_uag_custom_page_level_css":"","site-sidebar-layout":"default","site-content-layout":"","ast-site-content-layout":"default","site-content-style":"default","site-sidebar-style":"default","ast-global-header-display":"","ast-banner-title-visibility":"","ast-main-header-display":"","ast-hfb-above-header-display":"","ast-hfb-below-header-display":"","ast-hfb-mobile-header-display":"","site-post-title":"","ast-breadcrumbs-content":"","ast-featured-img":"","footer-sml-layout":"","ast-disable-related-posts":"","theme-transparent-header-meta":"default","adv-header-id-meta":"","stick-header-meta":"default","header-above-stick-meta":"","header-main-stick-meta":"","header-below-stick-meta":"","astra-migrate-meta-layouts":"set","ast-page-background-enabled":"default","ast-page-background-meta":{"desktop":{"background-color":"","background-image":"","background-repeat":"repeat","background-position":"center center","background-size":"auto","background-attachment":"scroll","background-type":"","background-media":"","overlay-type":"","overlay-color":"","overlay-opacity":"","overlay-gradient":""},"tablet":{"background-color":"","background-image":"","background-repeat":"repeat","background-position":"center center","background-size":"auto","background-attachment":"scroll","background-type":"","background-media":"","overlay-type":"","overlay-color":"","overlay-opacity":"","overlay-gradient":""},"mobile":{"background-color":"","background-image":"","background-repeat":"repeat","background-position":"center center","background-size":"auto","background-attachment":"scroll","background-type":"","background-media":"","overlay-type":"","overlay-color":"","overlay-opacity":"","overlay-gradient":""}},"ast-content-background-meta":{"desktop":{"background-color":"var(--ast-global-color-5)","background-image":"","background-repeat":"repeat","background-position":"center center","background-size":"auto","background-attachment":"scroll","background-type":"","background-media":"","overlay-type":"","overlay-color":"","overlay-opacity":"","overlay-gradient":""},"tablet":{"background-color":"var(--ast-global-color-5)","background-image":"","background-repeat":"repeat","background-position":"center center","background-size":"auto","background-attachment":"scroll","background-type":"","background-media":"","overlay-type":"","overlay-color":"","overlay-opacity":"","overlay-gradient":""},"mobile":{"background-color":"var(--ast-global-color-5)","background-image":"","background-repeat":"repeat","background-position":"center center","background-size":"auto","background-attachment":"scroll","background-type":"","background-media":"","overlay-type":"","overlay-color":"","overlay-opacity":"","overlay-gradient":""}}},"product_brand":[73],"product_cat":[342,306,336,305],"product_tag":[],"class_list":{"0":"post-10801","1":"product","2":"type-product","3":"status-publish","4":"has-post-thumbnail","6":"product_brand-pophaw","7":"product_cat-respiratory-care","8":"product_cat-breathing-exercises-aids","9":"product_cat-healthcare-products","10":"product_cat-respiratory-care-products","11":"desktop-align-center","12":"tablet-align-center","13":"mobile-align-center","14":"ast-product-gallery-layout-horizontal-slider","15":"ast-magnify-disabled","16":"ast-product-tabs-layout-horizontal","18":"first","19":"instock","20":"shipping-taxable","21":"purchasable","22":"product-type-simple"},"spectra_custom_meta":{"classic-editor-remember":["classic-editor"],"_edit_lock":["1737876942:1"],"_edit_last":["1"],"rank_math_seo_score":["89"],"rank_math_focus_keyword":["Lung exerciser"],"_wp_old_slug":["breathing-lung-exerciser-expander-mucus-removal-device-kids-adults-copd"],"_custom_product_field":[""],"_admin_notes":["https:\/\/www.ebay.com\/itm\/255976363555"],"_ppcp_button_position":["bottom"],"_sku":["EB218051"],"_global_unique_id":["17841900187947"],"_regular_price":["34"],"total_sales":["0"],"_tax_status":["taxable"],"_tax_class":[""],"_manage_stock":["no"],"_backorders":["no"],"_sold_individually":["no"],"_virtual":["no"],"_downloadable":["no"],"_download_limit":["-1"],"_download_expiry":["-1"],"_stock":[null],"_stock_status":["instock"],"_wc_average_rating":["0"],"_wc_review_count":["0"],"_product_version":["9.6.0"],"_price":["34"],"_wc_gla_visibility":["sync-and-show"],"_wc_gla_sync_status":["synced"],"_product_image_gallery":["10809,10810,10811"],"_wc_facebook_sync_enabled":["yes"],"fb_visibility":["yes"],"fb_product_description":[""],"_wc_facebook_product_image_source":["product"],"fb_product_group_id":["9361323833981144"],"rank_math_primary_product_brand":["73"],"rank_math_primary_product_cat":["342"],"rank_math_primary_fb_product_set":["0"],"site-sidebar-layout":["default"],"ast-site-content-layout":["default"],"site-content-style":["default"],"site-sidebar-style":["default"],"theme-transparent-header-meta":["default"],"stick-header-meta":["default"],"wp_statistics_words_count":["306"],"rank_math_analytic_object_id":["250"],"fb_product_item_id":["9361324040647790"],"_wc_gla_synced_at":["1776049267"],"_wc_gla_google_ids":["a:1:{s:2:\"US\";s:22:\"online:en:US:gla_10801\";}"],"rank_math_description":["Improve your respiratory health with this effective Lung Exerciser. Designed to strengthen your lungs and enhance breathing capacity, it's ideal for individuals recovering from respiratory conditions or looking to boost lung performance."],"_thumbnail_id":["10812"],"astra-migrate-meta-layouts":["set"],"wpil_sync_report3":["1"],"wpil_links_inbound_internal_count":["0"],"wpil_links_inbound_internal_count_data":["eJxLtDKwqq4FAAZPAf4="],"wpil_links_outbound_internal_count":["0"],"wpil_links_outbound_internal_count_data":["eJxLtDKwqq4FAAZPAf4="],"wpil_links_outbound_external_count":["0"],"wpil_links_outbound_external_count_data":["eJxLtDKwqq4FAAZPAf4="],"wpil_sync_report2_time":["2025-01-27T07:29:10+00:00"],"omnisend_last_sync":["2025-05-16T11:05:10+00:00"],"surerank_settings_general":["a:7:{s:9:\"separator\";s:1:\"-\";s:10:\"page_title\";s:21:\"%title% - %site_name%\";s:25:\"auto_generate_description\";b:1;s:16:\"page_description\";s:237:\"Improve your respiratory health with this effective Lung Exerciser. Designed to strengthen your lungs and enhance breathing capacity, it's ideal for individuals recovering from respiratory conditions or looking to boost lung performance.\";s:16:\"auto_description\";s:148:\"Improve your respiratory health with this effective Lung Exerciser. Designed to strengthen your lungs and enhance breathing capacity, it's ideal for\";s:14:\"fallback_image\";s:0:\"\";s:13:\"canonical_url\";s:61:\"https:\/\/pophaw.com\/product\/breathing-lung-exerciser-expander\/\";}"],"surerank_settings_post_no_index":["no"],"surerank_settings_post_no_follow":["no"],"surerank_settings_post_no_archive":["no"],"surerank_settings_social":["a:23:{s:15:\"open_graph_tags\";b:1;s:18:\"facebook_meta_tags\";b:1;s:17:\"twitter_meta_tags\";b:1;s:16:\"oembeded_scripts\";b:1;s:17:\"oembeded_og_title\";b:1;s:22:\"oembeded_social_images\";b:1;s:27:\"oembeded_remove_author_name\";b:1;s:17:\"facebook_page_url\";s:54:\"https:\/\/www.facebook.com\/profile.php?id=61571207938497\";s:24:\"facebook_author_fallback\";s:0:\"\";s:17:\"twitter_card_type\";s:19:\"summary_large_image\";s:24:\"twitter_same_as_facebook\";b:1;s:24:\"twitter_profile_username\";s:0:\"\";s:24:\"twitter_profile_fallback\";s:0:\"\";s:14:\"facebook_title\";s:21:\"%title% - %site_name%\";s:20:\"facebook_description\";s:9:\"%content%\";s:18:\"facebook_image_url\";s:65:\"https:\/\/pophaw.com\/wp-content\/uploads\/2025\/01\/Lung-Exerciser.webp\";s:17:\"facebook_image_id\";i:10812;s:20:\"facebook_image_width\";i:1280;s:21:\"facebook_image_height\";i:1280;s:13:\"twitter_title\";s:21:\"%title% - %site_name%\";s:19:\"twitter_description\";s:9:\"%content%\";s:17:\"twitter_image_url\";s:65:\"https:\/\/pophaw.com\/wp-content\/uploads\/2025\/01\/Lung-Exerciser.webp\";s:16:\"twitter_image_id\";i:10812;}"],"surerank_migration":["1"],"astra_style_timestamp_css":["1777345726"],"wwpp_product_wholesale_visibility_filter":["all"],"_uag_css_file_name":["uag-css-10801.css"],"rank_math_internal_links_processed":["1"],"_uag_page_assets":["a:9:{s:3:\"css\";s:260:\".uag-blocks-common-selector{z-index:var(--z-index-desktop) !important}@media(max-width: 976px){.uag-blocks-common-selector{z-index:var(--z-index-tablet) !important}}@media(max-width: 767px){.uag-blocks-common-selector{z-index:var(--z-index-mobile) !important}}\";s:2:\"js\";s:0:\"\";s:18:\"current_block_list\";a:15:{i:0;s:23:\"surecart\/slide-out-cart\";i:1;s:30:\"surecart\/slide-out-cart-header\";i:2;s:29:\"surecart\/slide-out-cart-items\";i:3;s:30:\"surecart\/slide-out-cart-coupon\";i:4;s:32:\"surecart\/slide-out-cart-subtotal\";i:5;s:38:\"surecart\/slide-out-cart-bump-line-item\";i:6;s:30:\"surecart\/slide-out-cart-submit\";i:7;s:11:\"core\/search\";i:8;s:10:\"core\/group\";i:9;s:12:\"core\/heading\";i:10;s:17:\"core\/latest-posts\";i:11;s:20:\"core\/latest-comments\";i:12;s:13:\"core\/archives\";i:13;s:15:\"core\/categories\";i:14;s:14:\"core\/shortcode\";}s:8:\"uag_flag\";b:0;s:11:\"uag_version\";s:10:\"1777339036\";s:6:\"gfonts\";a:0:{}s:10:\"gfonts_url\";s:0:\"\";s:12:\"gfonts_files\";a:0:{}s:14:\"uag_faq_layout\";b:0;}"],"_wc_gla_mc_status":["approved"]},"uagb_featured_image_src":{"full":["https:\/\/pophaw.com\/wp-content\/uploads\/2025\/01\/Lung-Exerciser.webp",1280,1280,false],"thumbnail":["https:\/\/pophaw.com\/wp-content\/uploads\/2025\/01\/Lung-Exerciser-150x150.webp",150,150,true],"medium":["https:\/\/pophaw.com\/wp-content\/uploads\/2025\/01\/Lung-Exerciser-300x300.webp",300,300,true],"medium_large":["https:\/\/pophaw.com\/wp-content\/uploads\/2025\/01\/Lung-Exerciser-768x768.webp",768,768,true],"large":["https:\/\/pophaw.com\/wp-content\/uploads\/2025\/01\/Lung-Exerciser-1024x1024.webp",1024,1024,true],"ryviu-small":["https:\/\/pophaw.com\/wp-content\/uploads\/2025\/01\/Lung-Exerciser.webp",40,40,false],"ryviu-medium":["https:\/\/pophaw.com\/wp-content\/uploads\/2025\/01\/Lung-Exerciser.webp",132,132,false],"1536x1536":["https:\/\/pophaw.com\/wp-content\/uploads\/2025\/01\/Lung-Exerciser.webp",1280,1280,false],"2048x2048":["https:\/\/pophaw.com\/wp-content\/uploads\/2025\/01\/Lung-Exerciser.webp",1280,1280,false],"trp-custom-language-flag":["https:\/\/pophaw.com\/wp-content\/uploads\/2025\/01\/Lung-Exerciser.webp",12,12,false],"woocommerce_thumbnail":["https:\/\/pophaw.com\/wp-content\/uploads\/2025\/01\/Lung-Exerciser-300x300.webp",300,300,true],"woocommerce_single":["https:\/\/pophaw.com\/wp-content\/uploads\/2025\/01\/Lung-Exerciser-600x600.webp",600,600,true],"woocommerce_gallery_thumbnail":["https:\/\/pophaw.com\/wp-content\/uploads\/2025\/01\/Lung-Exerciser-100x100.webp",100,100,true]},"uagb_author_info":{"display_name":"Dr. Rowan","author_link":"https:\/\/pophaw.com\/fr\/author\/"},"uagb_comment_info":0,"uagb_excerpt":"3 Different Sizes of Balls with 15\/17\/19 mm","_links":{"self":[{"href":"https:\/\/pophaw.com\/fr\/wp-json\/wp\/v2\/product\/10801","targetHints":{"allow":["GET"]}}],"collection":[{"href":"https:\/\/pophaw.com\/fr\/wp-json\/wp\/v2\/product"}],"about":[{"href":"https:\/\/pophaw.com\/fr\/wp-json\/wp\/v2\/types\/product"}],"wp:featuredmedia":[{"embeddable":true,"href":"https:\/\/pophaw.com\/fr\/wp-json\/wp\/v2\/media\/10812"}],"wp:attachment":[{"href":"https:\/\/pophaw.com\/fr\/wp-json\/wp\/v2\/media?parent=10801"}],"wp:term":[{"taxonomy":"product_brand","embeddable":true,"href":"https:\/\/pophaw.com\/fr\/wp-json\/wp\/v2\/product_brand?post=10801"},{"taxonomy":"product_cat","embeddable":true,"href":"https:\/\/pophaw.com\/fr\/wp-json\/wp\/v2\/product_cat?post=10801"},{"taxonomy":"product_tag","embeddable":true,"href":"https:\/\/pophaw.com\/fr\/wp-json\/wp\/v2\/product_tag?post=10801"}],"curies":[{"name":"wp","href":"https:\/\/api.w.org\/{rel}","templated":true}]}}