{"id":11380,"date":"2025-01-31T18:53:24","date_gmt":"2025-02-01T02:53:24","guid":{"rendered":"https:\/\/pophaw.com\/?post_type=product&#038;p=11380"},"modified":"2025-02-05T18:42:29","modified_gmt":"2025-02-06T02:42:29","slug":"thyrotain-120-gelules","status":"publish","type":"product","link":"https:\/\/pophaw.com\/fr\/product\/thyrotain-120-gelules\/","title":{"rendered":"Thyrotain - 120 Capsules"},"content":{"rendered":"<p>Thyrotain est une formulation compl\u00e8te qui fournit un m\u00e9lange de nutriments et d'\u00e9l\u00e9ments botaniques travaillant en synergie pour soutenir la sant\u00e9 de la thyro\u00efde. Thyrotain contient de la L-tyrosine et de l'iode, qui constituent l'\u00e9pine dorsale des hormones thyro\u00efdiennes thyroxine (T4) et triiodothyronine (T3). L'ajout de zinc, de s\u00e9l\u00e9nium, de vitamine A et de guggulipide activent les enzymes qui favorisent la conversion de la T4 en T3, l'hormone thyro\u00efdienne active. La vitamine A et le zinc contribuent \u00e9galement \u00e0 am\u00e9liorer la sensibilit\u00e9 cellulaire aux hormones thyro\u00efdiennes. Le curcuma, associ\u00e9 aux antioxydants que sont les vitamines C et E et la N-ac\u00e9tyl-cyst\u00e9ine (NAC), constitue une puissante combinaison d'antioxydants qui renforcent la sant\u00e9 de la thyro\u00efde en r\u00e9duisant le stress caus\u00e9 par les radicaux libres.<\/p>\n<h3><\/h3>\n<h2>Comment cela fonctionne-t-il ?<\/h2>\n<ul>\n<li>Contribue au maintien d'une fonction thyro\u00efdienne saine<\/li>\n<li>Favorise la synth\u00e8se des hormones thyro\u00efdiennes<\/li>\n<li>Aide \u00e0 la conversion de la T4 en T3<\/li>\n<li>Am\u00e9liore la sensibilit\u00e9 cellulaire aux hormones thyro\u00efdiennes<\/li>\n<li>Favorise un \u00e9quilibre inflammatoire et antioxydant sain<\/li>\n<\/ul>\n<p>&nbsp;<\/p>\n<p><strong>Utilisation sugg\u00e9r\u00e9e :<\/strong><\/p>\n<p>4 g\u00e9lules de Thyrotain par jour ou selon les recommandations de votre professionnel de la sant\u00e9.<\/p>\n<p>&nbsp;<\/p>\n<p><strong>Vitamines et min\u00e9raux<\/strong><\/p>\n<p>Les hormones thyro\u00efdiennes sont fabriqu\u00e9es \u00e0 partir de l'acide amin\u00e9 L-tyrosine et de l'iode. L'iode est un oligo-\u00e9l\u00e9ment essentiel et est n\u00e9cessaire \u00e0 la synth\u00e8se des hormones thyro\u00efdiennes, car il est l'un des composants les plus importants des hormones T4 et T3. La glande thyro\u00efde absorbe l'iode dans le sang et l'incorpore dans les hormones thyro\u00efdiennes. En plus de favoriser la production d'hormones thyro\u00efdiennes, les recherches montrent que l'iode agit comme un antioxydant, favorisant la sant\u00e9 de la glande thyro\u00efde et prot\u00e9geant divers tissus, notamment les tissus mammaires, les yeux et la muqueuse gastro-intestinale.<\/p>\n<p>L'\u00e9tat normal de la thyro\u00efde d\u00e9pend de niveaux ad\u00e9quats de nombreux oligo-\u00e9l\u00e9ments pour la synth\u00e8se et le m\u00e9tabolisme des hormones thyro\u00efdiennes. Les min\u00e9raux zinc et s\u00e9l\u00e9nium sont des cofacteurs n\u00e9cessaires aux enzymes qui convertissent la T4 en T3. Il a \u00e9t\u00e9 d\u00e9montr\u00e9 qu'une carence en s\u00e9l\u00e9nium contribue \u00e0 r\u00e9duire la conversion de T4 en T3. Une suppl\u00e9mentation en s\u00e9l\u00e9nium peut \u00e9galement contribuer \u00e0 r\u00e9duire les anticorps de la thyroperoxydase (TPO) dans l'auto-immunit\u00e9 thyro\u00efdienne. Il a \u00e9t\u00e9 d\u00e9montr\u00e9 qu'une suppl\u00e9mentation en zinc permettait de r\u00e9tablir les taux de T3 chez les patients pr\u00e9sentant une T4 normale et une T3 faible, ce qui d\u00e9montre son r\u00f4le dans le processus de conversion. La vitamine A et la vitamine E sont \u00e9galement n\u00e9cessaires \u00e0 la fabrication normale des hormones thyro\u00efdiennes.<\/p>\n<p><strong>Antioxydants (curcuma, vitamines C et E, N-ac\u00e9tyl-cyst\u00e9ine)<\/strong><\/p>\n<p>L'augmentation de l'activit\u00e9 des radicaux libres peut compromettre la conversion de la T4 en T3. La N-ac\u00e9tyl-cyst\u00e9ine (NAC), un pr\u00e9curseur du glutathion, le principal antioxydant de l'organisme, renforce la sant\u00e9 de la thyro\u00efde en acc\u00e9l\u00e9rant l'activit\u00e9 antioxydante dans la glande thyro\u00efde. Il a \u00e9t\u00e9 d\u00e9montr\u00e9 que la matrice compl\u00e8te de curcuma, associ\u00e9e aux antioxydants que sont les vitamines C et E, favorise la sant\u00e9 de la glande thyro\u00efde en raison de son activit\u00e9 antioxydante directe.<\/p>\n<p><strong>Ashwagandha<\/strong><\/p>\n<p>Ashwagandha (<em>Withania somnifera<\/em>) est utilis\u00e9 depuis plus de 3 000 ans dans les syst\u00e8mes m\u00e9dicaux aryuv\u00e9diques et indig\u00e8nes et a fait l'objet d'\u00e9tudes de recherche pour ses effets anti-stress. L'ashwagandha pr\u00e9sente une activit\u00e9 agoniste GABA, ce qui explique sa capacit\u00e9 \u00e0 d\u00e9tendre le syst\u00e8me nerveux. L'ashwagandha peut \u00e9galement stimuler indirectement l'activit\u00e9 thyro\u00efdienne par ses effets sur les syst\u00e8mes antioxydants cellulaires, notamment en augmentant les enzymes antioxydantes superoxyde dismutase et catalase et en r\u00e9duisant la peroxydation des lipides.<\/p>\n<p><strong>Guggulipide<\/strong><\/p>\n<p>La gomme-r\u00e9sine de la plante guggul est utilis\u00e9e dans la m\u00e9decine ayurv\u00e9dique en Inde depuis pr\u00e8s de 3 000 ans. Le guggulipide (<em>Commiphora mukul<\/em>) s'est av\u00e9r\u00e9 favorable \u00e0 la fonction thyro\u00efdienne, principalement en diminuant la peroxydation des lipides dans le foie, le principal site de production de la T3. Il a \u00e9galement \u00e9t\u00e9 d\u00e9montr\u00e9 que l'extrait de guggul a une action stimulante sur la thyro\u00efde en augmentant l'absorption de l'iode par la glande thyro\u00efde et en augmentant les activit\u00e9s de la peroxydase et de la prot\u00e9ase thyro\u00efdiennes.<\/p>\n<p>&nbsp;<\/p>\n<p>Le logo, le texte, les marques, les graphiques, les vid\u00e9os et les photos d'Ortho Molecular Products sont la propri\u00e9t\u00e9 d'Ortho Molecular Products, Inc. et sont utilis\u00e9s avec autorisation. Copyright \u00a9 2024<\/p>\n<p><strong>Ce produit est destin\u00e9 \u00e0 \u00eatre utilis\u00e9 avec les conseils de votre professionnel de la sant\u00e9 et ne doit pas \u00eatre revendu. Ortho Molecular n'utilise que des revendeurs autoris\u00e9s et peut intenter une action en justice contre ceux qui revendent ce produit.<\/strong><\/p>\n<p>*Avertissement de la FDA : Les informations sur ce produit et les d\u00e9clarations faites sont fournies par le fabricant, \u00e0 l'exception des commentaires des clients qui ne sont pas \u00e9valu\u00e9s. Voir www.orthomolecularproducts.com pour plus d'informations sur la relation entre ce produit et les d\u00e9clarations faites.\u00a0<em>Les r\u00e9sultats peuvent varier d'une personne \u00e0 l'autre en fonction de la taille et d'autres facteurs, et l'efficacit\u00e9 n'est pas garantie pour vous.<\/em>\u00a0Demandez toujours l'avis de votre professionnel de la sant\u00e9 avant de prendre des compl\u00e9ments alimentaires, nutritionnels, \u00e0 base de plantes ou hom\u00e9opathiques.<\/p>\n<p>Ces d\u00e9clarations n'ont pas \u00e9t\u00e9 \u00e9valu\u00e9es par la Food and Drug Administration. Ce produit n'est pas destin\u00e9 \u00e0 diagnostiquer, traiter, gu\u00e9rir ou pr\u00e9venir une quelconque maladie.<\/p>","protected":false},"excerpt":{"rendered":"<p>Contribue au maintien d'une fonction thyro\u00efdienne saine<\/p>","protected":false},"featured_media":11381,"template":"","meta":{"bwfblock_default_font":"","_uag_custom_page_level_css":"","site-sidebar-layout":"default","site-content-layout":"","ast-site-content-layout":"default","site-content-style":"default","site-sidebar-style":"default","ast-global-header-display":"","ast-banner-title-visibility":"","ast-main-header-display":"","ast-hfb-above-header-display":"","ast-hfb-below-header-display":"","ast-hfb-mobile-header-display":"","site-post-title":"","ast-breadcrumbs-content":"","ast-featured-img":"","footer-sml-layout":"","ast-disable-related-posts":"","theme-transparent-header-meta":"default","adv-header-id-meta":"","stick-header-meta":"default","header-above-stick-meta":"","header-main-stick-meta":"","header-below-stick-meta":"","astra-migrate-meta-layouts":"set","ast-page-background-enabled":"default","ast-page-background-meta":{"desktop":{"background-color":"","background-image":"","background-repeat":"repeat","background-position":"center center","background-size":"auto","background-attachment":"scroll","background-type":"","background-media":"","overlay-type":"","overlay-color":"","overlay-opacity":"","overlay-gradient":""},"tablet":{"background-color":"","background-image":"","background-repeat":"repeat","background-position":"center center","background-size":"auto","background-attachment":"scroll","background-type":"","background-media":"","overlay-type":"","overlay-color":"","overlay-opacity":"","overlay-gradient":""},"mobile":{"background-color":"","background-image":"","background-repeat":"repeat","background-position":"center center","background-size":"auto","background-attachment":"scroll","background-type":"","background-media":"","overlay-type":"","overlay-color":"","overlay-opacity":"","overlay-gradient":""}},"ast-content-background-meta":{"desktop":{"background-color":"var(--ast-global-color-5)","background-image":"","background-repeat":"repeat","background-position":"center center","background-size":"auto","background-attachment":"scroll","background-type":"","background-media":"","overlay-type":"","overlay-color":"","overlay-opacity":"","overlay-gradient":""},"tablet":{"background-color":"var(--ast-global-color-5)","background-image":"","background-repeat":"repeat","background-position":"center center","background-size":"auto","background-attachment":"scroll","background-type":"","background-media":"","overlay-type":"","overlay-color":"","overlay-opacity":"","overlay-gradient":""},"mobile":{"background-color":"var(--ast-global-color-5)","background-image":"","background-repeat":"repeat","background-position":"center center","background-size":"auto","background-attachment":"scroll","background-type":"","background-media":"","overlay-type":"","overlay-color":"","overlay-opacity":"","overlay-gradient":""}}},"product_brand":[170],"product_cat":[127],"product_tag":[],"class_list":{"0":"post-11380","1":"product","2":"type-product","3":"status-publish","4":"has-post-thumbnail","6":"product_brand-ortho-molecular-products","7":"product_cat-dietary-supplements","8":"desktop-align-center","9":"tablet-align-center","10":"mobile-align-center","11":"ast-product-gallery-layout-horizontal-slider","12":"ast-magnify-disabled","13":"ast-product-tabs-layout-horizontal","15":"first","16":"instock","17":"shipping-taxable","18":"purchasable","19":"product-type-simple"},"spectra_custom_meta":{"classic-editor-remember":["classic-editor"],"_edit_lock":["1738903647:1"],"_edit_last":["1"],"wpil_sync_report3":["1"],"rank_math_seo_score":["82"],"rank_math_focus_keyword":["Thyrotain"],"rank_math_description":["Thyrotain is a comprehensive formulation that provides a blend of nutrients and botanicals working in synergy to support thyroid health."],"_thumbnail_id":["11381"],"_custom_product_field":[""],"_admin_notes":[""],"_sku":["NRT071"],"_global_unique_id":["17841900187961"],"_regular_price":["48"],"total_sales":["0"],"_tax_status":["taxable"],"_tax_class":[""],"_manage_stock":["no"],"_backorders":["no"],"_sold_individually":["no"],"_virtual":["no"],"_downloadable":["no"],"_download_limit":["-1"],"_download_expiry":["-1"],"_stock":[null],"_stock_status":["instock"],"_wc_average_rating":["0"],"_wc_review_count":["0"],"_product_version":["9.6.1"],"_price":["48"],"_wc_gla_visibility":["dont-sync-and-show"],"_product_image_gallery":["11382"],"_wc_facebook_sync_enabled":["yes"],"fb_visibility":["yes"],"fb_product_description":[""],"_wc_facebook_product_image_source":["product"],"_wc_facebook_google_product_category":[""],"fb_product_group_id":["10007494035933525"],"rank_math_primary_product_brand":["170"],"rank_math_primary_product_cat":["127"],"rank_math_primary_fb_product_set":["0"],"site-sidebar-layout":["default"],"ast-site-content-layout":["default"],"site-content-style":["default"],"site-sidebar-style":["default"],"theme-transparent-header-meta":["default"],"stick-header-meta":["default"],"rank_math_analytic_object_id":["266"],"fb_product_item_id":["10007494182600177"],"_wc_facebook_enhanced_catalog_attributes_capacity":[""],"_wc_facebook_enhanced_catalog_attributes_age_group":[""],"_wc_facebook_enhanced_catalog_attributes_gender":[""],"_wc_facebook_enhanced_catalog_attributes_ingredients":[""],"_wc_facebook_enhanced_catalog_attributes_health_concern":[""],"_wc_facebook_enhanced_catalog_attributes_pattern":[""],"_wc_facebook_enhanced_catalog_attributes_power_type":[""],"_wc_facebook_enhanced_catalog_attributes_product_form":[""],"_wc_facebook_enhanced_catalog_attributes_result_time":[""],"_wc_facebook_enhanced_catalog_attributes_scent":[""],"_wc_facebook_enhanced_catalog_attributes_absorbency":[""],"_wc_facebook_enhanced_catalog_attributes_material":[""],"_wc_facebook_enhanced_catalog_attributes_serving_size":[""],"_wc_facebook_enhanced_catalog_attributes_size":[""],"_wc_facebook_enhanced_catalog_attributes_skin_care_concern":[""],"_wc_facebook_enhanced_catalog_attributes_skin_type":[""],"_wc_facebook_enhanced_catalog_attributes_spf_value":[""],"_wc_facebook_enhanced_catalog_attributes_standard_features":[""],"_wc_facebook_enhanced_catalog_attributes_stop_use_indications":[""],"_wc_facebook_enhanced_catalog_attributes_package_quantity":[""],"_wc_facebook_enhanced_catalog_attributes_lens_material":[""],"_wc_facebook_enhanced_catalog_attributes_lens_type":[""],"_wc_facebook_enhanced_catalog_attributes_lens_tint":[""],"_wc_facebook_enhanced_catalog_attributes_keywords":[""],"_wc_facebook_enhanced_catalog_attributes_is_powered":[""],"_wc_facebook_enhanced_catalog_attributes_instructions":[""],"_wc_facebook_enhanced_catalog_attributes_ingredients_composition":[""],"_wc_facebook_enhanced_catalog_attributes_inactive_ingredients":[""],"_wc_facebook_enhanced_catalog_attributes_flavor":[""],"_wc_facebook_enhanced_catalog_attributes_eyewear_rim":[""],"_wc_facebook_enhanced_catalog_attributes_dosage":[""],"_wc_facebook_enhanced_catalog_attributes_color":[""],"_wc_facebook_enhanced_catalog_attributes_brand":[""],"_wc_facebook_enhanced_catalog_attributes_body_part":[""],"_wc_facebook_enhanced_catalog_attributes_batteries_required":[""],"_wc_facebook_enhanced_catalog_attributes_u_v_rating":[""],"_fz_country_restriction_type":["specific"],"_restricted_countries":["a:1:{i:0;s:2:\"US\";}"],"astra-migrate-meta-layouts":["set"],"omnisend_last_sync":["2025-05-16T11:05:10+00:00"],"surerank_settings_general":["a:7:{s:9:\"separator\";s:1:\"-\";s:10:\"page_title\";s:21:\"%title% - %site_name%\";s:25:\"auto_generate_description\";b:1;s:16:\"page_description\";s:136:\"Thyrotain is a comprehensive formulation that provides a blend of nutrients and botanicals working in synergy to support thyroid health.\";s:16:\"auto_description\";s:155:\"Thyrotain is a comprehensive formulation that provides a blend of nutrients and botanicals working in synergy to support thyroid health. Thyrotain includes\";s:14:\"fallback_image\";s:0:\"\";s:13:\"canonical_url\";s:50:\"https:\/\/pophaw.com\/product\/thyrotain-120-capsules\/\";}"],"surerank_settings_post_no_index":["no"],"surerank_settings_post_no_follow":["no"],"surerank_settings_post_no_archive":["no"],"surerank_settings_social":["a:23:{s:15:\"open_graph_tags\";b:1;s:18:\"facebook_meta_tags\";b:1;s:17:\"twitter_meta_tags\";b:1;s:16:\"oembeded_scripts\";b:1;s:17:\"oembeded_og_title\";b:1;s:22:\"oembeded_social_images\";b:1;s:27:\"oembeded_remove_author_name\";b:1;s:17:\"facebook_page_url\";s:54:\"https:\/\/www.facebook.com\/profile.php?id=61571207938497\";s:24:\"facebook_author_fallback\";s:0:\"\";s:17:\"twitter_card_type\";s:19:\"summary_large_image\";s:24:\"twitter_same_as_facebook\";b:1;s:24:\"twitter_profile_username\";s:0:\"\";s:24:\"twitter_profile_fallback\";s:0:\"\";s:14:\"facebook_title\";s:21:\"%title% - %site_name%\";s:20:\"facebook_description\";s:9:\"%content%\";s:18:\"facebook_image_url\";s:60:\"https:\/\/pophaw.com\/wp-content\/uploads\/2025\/01\/Thyrotain.webp\";s:17:\"facebook_image_id\";i:11381;s:20:\"facebook_image_width\";i:565;s:21:\"facebook_image_height\";i:565;s:13:\"twitter_title\";s:21:\"%title% - %site_name%\";s:19:\"twitter_description\";s:9:\"%content%\";s:17:\"twitter_image_url\";s:60:\"https:\/\/pophaw.com\/wp-content\/uploads\/2025\/01\/Thyrotain.webp\";s:16:\"twitter_image_id\";i:11381;}"],"surerank_migration":["1"],"astra_style_timestamp_css":["1777347917"],"wwpp_product_wholesale_visibility_filter":["all"],"_uag_css_file_name":["uag-css-11380.css"],"rank_math_internal_links_processed":["1"],"_uag_page_assets":["a:9:{s:3:\"css\";s:260:\".uag-blocks-common-selector{z-index:var(--z-index-desktop) !important}@media(max-width: 976px){.uag-blocks-common-selector{z-index:var(--z-index-tablet) !important}}@media(max-width: 767px){.uag-blocks-common-selector{z-index:var(--z-index-mobile) !important}}\";s:2:\"js\";s:0:\"\";s:18:\"current_block_list\";a:15:{i:0;s:23:\"surecart\/slide-out-cart\";i:1;s:30:\"surecart\/slide-out-cart-header\";i:2;s:29:\"surecart\/slide-out-cart-items\";i:3;s:30:\"surecart\/slide-out-cart-coupon\";i:4;s:32:\"surecart\/slide-out-cart-subtotal\";i:5;s:38:\"surecart\/slide-out-cart-bump-line-item\";i:6;s:30:\"surecart\/slide-out-cart-submit\";i:7;s:11:\"core\/search\";i:8;s:10:\"core\/group\";i:9;s:12:\"core\/heading\";i:10;s:17:\"core\/latest-posts\";i:11;s:20:\"core\/latest-comments\";i:12;s:13:\"core\/archives\";i:13;s:15:\"core\/categories\";i:14;s:14:\"core\/shortcode\";}s:8:\"uag_flag\";b:0;s:11:\"uag_version\";s:10:\"1777339036\";s:6:\"gfonts\";a:0:{}s:10:\"gfonts_url\";s:0:\"\";s:12:\"gfonts_files\";a:0:{}s:14:\"uag_faq_layout\";b:0;}"]},"uagb_featured_image_src":{"full":["https:\/\/pophaw.com\/wp-content\/uploads\/2025\/01\/Thyrotain.webp",565,565,false],"thumbnail":["https:\/\/pophaw.com\/wp-content\/uploads\/2025\/01\/Thyrotain-150x150.webp",150,150,true],"medium":["https:\/\/pophaw.com\/wp-content\/uploads\/2025\/01\/Thyrotain-300x300.webp",300,300,true],"medium_large":["https:\/\/pophaw.com\/wp-content\/uploads\/2025\/01\/Thyrotain.webp",565,565,false],"large":["https:\/\/pophaw.com\/wp-content\/uploads\/2025\/01\/Thyrotain.webp",565,565,false],"ryviu-small":["https:\/\/pophaw.com\/wp-content\/uploads\/2025\/01\/Thyrotain.webp",40,40,false],"ryviu-medium":["https:\/\/pophaw.com\/wp-content\/uploads\/2025\/01\/Thyrotain.webp",132,132,false],"1536x1536":["https:\/\/pophaw.com\/wp-content\/uploads\/2025\/01\/Thyrotain.webp",565,565,false],"2048x2048":["https:\/\/pophaw.com\/wp-content\/uploads\/2025\/01\/Thyrotain.webp",565,565,false],"trp-custom-language-flag":["https:\/\/pophaw.com\/wp-content\/uploads\/2025\/01\/Thyrotain.webp",12,12,false],"woocommerce_thumbnail":["https:\/\/pophaw.com\/wp-content\/uploads\/2025\/01\/Thyrotain-300x300.webp",300,300,true],"woocommerce_single":["https:\/\/pophaw.com\/wp-content\/uploads\/2025\/01\/Thyrotain.webp",565,565,false],"woocommerce_gallery_thumbnail":["https:\/\/pophaw.com\/wp-content\/uploads\/2025\/01\/Thyrotain-100x100.webp",100,100,true]},"uagb_author_info":{"display_name":"Dr. Rowan","author_link":"https:\/\/pophaw.com\/fr\/author\/"},"uagb_comment_info":0,"uagb_excerpt":"Helps to Maintain Healthy Thyroid Function","_links":{"self":[{"href":"https:\/\/pophaw.com\/fr\/wp-json\/wp\/v2\/product\/11380","targetHints":{"allow":["GET"]}}],"collection":[{"href":"https:\/\/pophaw.com\/fr\/wp-json\/wp\/v2\/product"}],"about":[{"href":"https:\/\/pophaw.com\/fr\/wp-json\/wp\/v2\/types\/product"}],"wp:featuredmedia":[{"embeddable":true,"href":"https:\/\/pophaw.com\/fr\/wp-json\/wp\/v2\/media\/11381"}],"wp:attachment":[{"href":"https:\/\/pophaw.com\/fr\/wp-json\/wp\/v2\/media?parent=11380"}],"wp:term":[{"taxonomy":"product_brand","embeddable":true,"href":"https:\/\/pophaw.com\/fr\/wp-json\/wp\/v2\/product_brand?post=11380"},{"taxonomy":"product_cat","embeddable":true,"href":"https:\/\/pophaw.com\/fr\/wp-json\/wp\/v2\/product_cat?post=11380"},{"taxonomy":"product_tag","embeddable":true,"href":"https:\/\/pophaw.com\/fr\/wp-json\/wp\/v2\/product_tag?post=11380"}],"curies":[{"name":"wp","href":"https:\/\/api.w.org\/{rel}","templated":true}]}}