{"id":194,"date":"2019-04-16T06:55:59","date_gmt":"2019-04-16T06:55:59","guid":{"rendered":"https:\/\/pophaw.com\/product\/stainless-steel-surgical-scissors\/"},"modified":"2025-08-11T01:42:38","modified_gmt":"2025-08-11T08:42:38","slug":"methyl-cpg-60ct","status":"publish","type":"product","link":"https:\/\/pophaw.com\/fr\/product\/methyl-cpg-60ct\/","title":{"rendered":"Methyl CpG 60ct"},"content":{"rendered":"<p><span style=\"font-family: arial, helvetica, sans-serif; color: #000000;\">Methyl CpG est une formule compl\u00e8te qui comprend des quantit\u00e9s cibl\u00e9es de cinq nutriments cl\u00e9s con\u00e7us pour favoriser l'\u00e9quilibre de la m\u00e9thylation et de l'homocyst\u00e9ine dans l'organisme.<\/span><\/p>\n<h3><span style=\"font-family: arial, helvetica, sans-serif; color: #000000;\">APPLICATIONS CLINIQUES<\/span><\/h3>\n<ul>\n<li><span style=\"font-family: arial, helvetica, sans-serif; color: #000000;\">Favorise une m\u00e9thylation optimale et la sant\u00e9 cardiovasculaire<\/span><\/li>\n<li><span style=\"font-family: arial, helvetica, sans-serif; color: #000000;\">Favorise un taux d'homocyst\u00e9ine sain<\/span><\/li>\n<li><span style=\"font-family: arial, helvetica, sans-serif; color: #000000;\">Augmente la production de neurotransmetteurs<\/span><\/li>\n<li><span style=\"font-family: arial, helvetica, sans-serif; color: #000000;\">Favorise les voies de d\u00e9sintoxication primaire<\/span><\/li>\n<li><span style=\"font-family: arial, helvetica, sans-serif; color: #000000;\">Favorise la r\u00e9paration de l'ADN<\/span><\/li>\n<\/ul>\n<h3><span style=\"font-family: arial, helvetica, sans-serif; color: #000000;\">VUE D'ENSEMBLE<\/span><\/h3>\n<p><span style=\"font-family: arial, helvetica, sans-serif; color: #000000;\">La m\u00e9thylation est un processus biochimique de l'organisme qui n\u00e9cessite des vitamines et qui est essentiel pour soutenir de nombreux aspects de la sant\u00e9 mentale et physique, y compris la r\u00e9gulation de l'expression des g\u00e8nes. La m\u00e9thylation se produit des milliards de fois par seconde et aide l'organisme \u00e0 r\u00e9parer l'ADN en permanence. Toutefois, lorsque les processus de m\u00e9thylation ralentissent dans l'organisme, la rupture des brins d'ADN peut augmenter. Outre la r\u00e9paration de l'ADN, les r\u00e9actions de m\u00e9thylation contribuent \u00e0 maintenir une production optimale de neurotransmetteurs, l'\u00e9quilibre de l'homocyst\u00e9ine pour la sant\u00e9 cardiovasculaire et le recyclage des mol\u00e9cules n\u00e9cessaires \u00e0 la d\u00e9sintoxication et \u00e0 une r\u00e9ponse inflammatoire saine. La m\u00e9thylation est \u00e9galement n\u00e9cessaire au bon fonctionnement du m\u00e9tabolisme \u00e9nerg\u00e9tique, du syst\u00e8me immunitaire et des cellules nerveuses. Une m\u00e9thylation correcte peut \u00eatre inhib\u00e9e par des carences en nutriments, notamment en folate et en vitamine B<sub>2<\/sub>, B<sub>6<\/sub>\u00a0et B<sub>12<\/sub>. Certains m\u00e9dicaments tels que l'ac\u00e9taminoph\u00e8ne, l'aspirine, l'ibuprof\u00e8ne et les contraceptifs oraux peuvent \u00e9galement r\u00e9duire les niveaux sanguins de ces vitamines B cruciales.<\/span><\/p>\n<p><span style=\"font-family: arial, helvetica, sans-serif; color: #000000;\">Methyl CpG est une formule compl\u00e8te qui comprend des quantit\u00e9s cibl\u00e9es de cinq nutriments cl\u00e9s con\u00e7us pour soutenir vigoureusement l'\u00e9quilibre de la m\u00e9thylation et de l'homocyst\u00e9ine dans l'organisme. Methyl CpG fournit une forte concentration de folate sous forme de Quatrefolic\u00ae - 100% 5-MTHF, la forme biologiquement active, et de trim\u00e9thylglycine. La formule comprend des vitamines cl\u00e9s de m\u00e9thylation B<sub>2<\/sub>, B<sub>6<\/sub>\u00a0et B<sub>12<\/sub>\u00a0(m\u00e9thylcobalamine). Ce m\u00e9lange sp\u00e9cifique de donneurs de m\u00e9thyle favorise la r\u00e9paration de l'ADN, l'\u00e9quilibre de l'homocyst\u00e9ine, la production de neurotransmetteurs, l'\u00e9quilibre hormonal et une d\u00e9toxification optimale.<\/span><br \/>\n<span style=\"font-family: arial, helvetica, sans-serif; color: #000000;\"><strong>Utilisation sugg\u00e9r\u00e9e :<\/strong><\/span><br \/>\n<span style=\"font-family: arial, helvetica, sans-serif; color: #000000;\">1 g\u00e9lule par jour ou selon les recommandations de votre professionnel de la sant\u00e9.<\/span><\/p>\n<h3><span style=\"font-family: arial, helvetica, sans-serif; color: #000000;\">AVANTAGES DES INGR\u00c9DIENTS<\/span><\/h3>\n<p><span style=\"font-family: arial, helvetica, sans-serif; color: #000000;\"><strong>Folate<\/strong><\/span><br \/>\n<span style=\"font-family: arial, helvetica, sans-serif; color: #000000;\">Le folate est un membre hydrosoluble du complexe vitaminique B qui est essentiel au maintien d'une m\u00e9thylation optimale. Le folate est abondamment pr\u00e9sent dans les aliments tels que les fruits et les l\u00e9gumes \u00e0 feuilles fonc\u00e9es, mais il peut \u00eatre facilement d\u00e9truit par la cuisson ou la transformation. La forme bioactive du folate est le 5-m\u00e9thylt\u00e9trahydrofolate (5-MTHF). Le 5-MTHF est n\u00e9cessaire en tant que donneur de groupe m\u00e9thyle pour plusieurs processus, notamment la production de neurotransmetteurs r\u00e9gulateurs de l'humeur, la synth\u00e8se de la m\u00e9latonine, ainsi que la production et la r\u00e9paration de l'ADN.<\/span><\/p>\n<p><span style=\"font-family: arial, helvetica, sans-serif; color: #000000;\"><strong>Vitamine B<sub>12<\/sub><\/strong><\/span><br \/>\n<span style=\"font-family: arial, helvetica, sans-serif; color: #000000;\">Vitamine B<sub>12<\/sub>\u00a0participe avec le folate \u00e0 de nombreux processus de l'organisme, notamment la synth\u00e8se de l'ADN et des globules rouges, et contribue \u00e0 la sant\u00e9 de la gaine de my\u00e9line, l'enveloppe isolante qui entoure les cellules nerveuses. B<sub>12<\/sub>\u00a0se trouve principalement dans les aliments d'origine animale. Les v\u00e9g\u00e9tariens et les personnes \u00e2g\u00e9es sont les plus expos\u00e9s au risque de B<sub>12<\/sub>\u00a0carence. La m\u00e9thylcobalamine est la forme pr\u00e9f\u00e9r\u00e9e de B<sub>12<\/sub>, car il s'agit de la forme biologiquement active de la B<sub>12<\/sub>\u00a0et soutient l'augmentation des voies de m\u00e9thylation.<\/span><\/p>\n<p><span style=\"font-family: arial, helvetica, sans-serif; color: #000000;\"><strong>Vitamine B<sub>6<\/sub><\/strong><\/span><br \/>\n<span style=\"font-family: arial, helvetica, sans-serif; color: #000000;\">Vitamine B<sub>6<\/sub>\u00a0est une vitamine B essentielle qui participe \u00e0 la production de prot\u00e9ines dans l'organisme, de neurotransmetteurs qui aident \u00e0 r\u00e9guler l'humeur, \u00e0 la formation des globules rouges et au bon fonctionnement du syst\u00e8me immunitaire. B<sub>6<\/sub>\u00a0est n\u00e9cessaire \u00e0 plus de 60 r\u00e9actions enzymatiques diff\u00e9rentes dans l'organisme. Vitamine B<sub>6<\/sub>\u00a0agit de concert avec le 5-MTHF et la B<sub>12<\/sub>\u00a0dans le recyclage de l'homocyst\u00e9ine. B<sub>6<\/sub>\u00a0contribue \u00e9galement \u00e0 la sant\u00e9 du syst\u00e8me cardiovasculaire en favorisant l'agr\u00e9gation des plaquettes et en aidant \u00e0 maintenir une tension art\u00e9rielle normale.<\/span><\/p>\n<p><span style=\"font-family: arial, helvetica, sans-serif; color: #000000;\"><strong>Vitamine B<sub>2<\/sub><\/strong><\/span><br \/>\n<span style=\"font-family: arial, helvetica, sans-serif; color: #000000;\">Optimiser B<sub>2<\/sub>\u00a0contribue \u00e0 maintenir une tension art\u00e9rielle saine, en particulier chez les patients pr\u00e9sentant des mutations g\u00e9n\u00e9tiques (polymorphisme MTHFR 677 &gt; T).<\/span><\/p>\n<p><span style=\"font-family: arial, helvetica, sans-serif; color: #000000;\"><strong>B\u00e9ta\u00efne (Trim\u00e9thylglycine)<\/strong><\/span><\/p>\n<p><span style=\"font-family: arial, helvetica, sans-serif; color: #000000;\">En tant que donneur de m\u00e9thyle, la trim\u00e9thylglycine soutient la fonction h\u00e9patique, y compris les voies de d\u00e9toxification. La trim\u00e9thylglycine s'est av\u00e9r\u00e9e b\u00e9n\u00e9fique pour la protection contre l'accumulation de graisse dans le foie, en raison de ses propri\u00e9t\u00e9s lipotropes (don d'un groupe m\u00e9thyle pour faciliter le transport de la graisse hors du foie). La trim\u00e9thylglycine agit \u00e9galement de concert avec la B<sub>2<\/sub>, B<sub>6<\/sub>, B<sub>12<\/sub>\u00a0et le folate dans le maintien de niveaux normaux d'homocyst\u00e9ine.<\/span><\/p>","protected":false},"excerpt":{"rendered":"<p>Methyl CpG est une formule compl\u00e8te qui comprend des quantit\u00e9s cibl\u00e9es de cinq nutriments cl\u00e9s con\u00e7us pour favoriser l'\u00e9quilibre de la m\u00e9thylation et de l'homocyst\u00e9ine dans l'organisme.<\/p>","protected":false},"featured_media":7145,"template":"","meta":{"bwfblock_default_font":"","_uag_custom_page_level_css":"","site-sidebar-layout":"default","site-content-layout":"","ast-site-content-layout":"default","site-content-style":"default","site-sidebar-style":"default","ast-global-header-display":"","ast-banner-title-visibility":"","ast-main-header-display":"","ast-hfb-above-header-display":"","ast-hfb-below-header-display":"","ast-hfb-mobile-header-display":"","site-post-title":"","ast-breadcrumbs-content":"","ast-featured-img":"","footer-sml-layout":"","ast-disable-related-posts":"","theme-transparent-header-meta":"default","adv-header-id-meta":"","stick-header-meta":"default","header-above-stick-meta":"","header-main-stick-meta":"","header-below-stick-meta":"","astra-migrate-meta-layouts":"set","ast-page-background-enabled":"default","ast-page-background-meta":{"desktop":{"background-color":"","background-image":"","background-repeat":"repeat","background-position":"center center","background-size":"auto","background-attachment":"scroll","background-type":"","background-media":"","overlay-type":"","overlay-color":"","overlay-opacity":"","overlay-gradient":""},"tablet":{"background-color":"","background-image":"","background-repeat":"repeat","background-position":"center center","background-size":"auto","background-attachment":"scroll","background-type":"","background-media":"","overlay-type":"","overlay-color":"","overlay-opacity":"","overlay-gradient":""},"mobile":{"background-color":"","background-image":"","background-repeat":"repeat","background-position":"center center","background-size":"auto","background-attachment":"scroll","background-type":"","background-media":"","overlay-type":"","overlay-color":"","overlay-opacity":"","overlay-gradient":""}},"ast-content-background-meta":{"desktop":{"background-color":"var(--ast-global-color-5)","background-image":"","background-repeat":"repeat","background-position":"center center","background-size":"auto","background-attachment":"scroll","background-type":"","background-media":"","overlay-type":"","overlay-color":"","overlay-opacity":"","overlay-gradient":""},"tablet":{"background-color":"var(--ast-global-color-5)","background-image":"","background-repeat":"repeat","background-position":"center center","background-size":"auto","background-attachment":"scroll","background-type":"","background-media":"","overlay-type":"","overlay-color":"","overlay-opacity":"","overlay-gradient":""},"mobile":{"background-color":"var(--ast-global-color-5)","background-image":"","background-repeat":"repeat","background-position":"center center","background-size":"auto","background-attachment":"scroll","background-type":"","background-media":"","overlay-type":"","overlay-color":"","overlay-opacity":"","overlay-gradient":""}}},"product_brand":[170],"product_cat":[127],"product_tag":[],"class_list":{"0":"post-194","1":"product","2":"type-product","3":"status-publish","4":"has-post-thumbnail","6":"product_brand-ortho-molecular-products","7":"product_cat-dietary-supplements","8":"desktop-align-center","9":"tablet-align-center","10":"mobile-align-center","11":"ast-product-gallery-layout-horizontal-slider","12":"ast-magnify-disabled","13":"ast-product-tabs-layout-horizontal","15":"first","16":"instock","17":"sale","18":"shipping-taxable","19":"purchasable","20":"product-type-simple"},"spectra_custom_meta":{"_edit_last":["1"],"_thumbnail_id":["7145"],"insight_product_options":["s:1358:\"a:38:{s:27:\"single_product_layout_style\";s:0:\"\";s:11:\"site_layout\";s:0:\"\";s:10:\"site_width\";s:0:\"\";s:16:\"site_top_spacing\";s:0:\"\";s:19:\"site_bottom_spacing\";s:0:\"\";s:10:\"site_class\";s:0:\"\";s:21:\"site_background_color\";s:0:\"\";s:21:\"site_background_image\";s:0:\"\";s:22:\"site_background_repeat\";s:9:\"no-repeat\";s:26:\"site_background_attachment\";s:0:\"\";s:24:\"site_background_position\";s:0:\"\";s:20:\"site_background_size\";s:0:\"\";s:24:\"content_background_color\";s:0:\"\";s:24:\"content_background_image\";s:0:\"\";s:25:\"content_background_repeat\";s:9:\"no-repeat\";s:27:\"content_background_position\";s:0:\"\";s:12:\"top_bar_type\";s:0:\"\";s:11:\"header_type\";s:0:\"\";s:14:\"header_overlay\";s:0:\"\";s:11:\"header_skin\";s:0:\"\";s:12:\"menu_display\";s:0:\"\";s:13:\"menu_one_page\";s:1:\"0\";s:16:\"custom_dark_logo\";s:0:\"\";s:17:\"custom_light_logo\";s:0:\"\";s:17:\"custom_logo_width\";s:0:\"\";s:24:\"custom_sticky_logo_width\";s:0:\"\";s:21:\"page_title_bar_layout\";s:0:\"\";s:29:\"page_title_bar_bottom_spacing\";s:0:\"\";s:31:\"page_title_bar_background_color\";s:0:\"\";s:25:\"page_title_bar_background\";s:0:\"\";s:33:\"page_title_bar_background_overlay\";s:0:\"\";s:29:\"page_title_bar_custom_heading\";s:0:\"\";s:14:\"page_sidebar_1\";s:7:\"default\";s:14:\"page_sidebar_2\";s:7:\"default\";s:21:\"page_sidebar_position\";s:7:\"default\";s:17:\"revolution_slider\";s:0:\"\";s:15:\"slider_position\";s:5:\"below\";s:13:\"footer_enable\";s:0:\"\";}\";"],"_sku":["NRT010"],"total_sales":["9"],"_tax_status":["taxable"],"_manage_stock":["yes"],"_backorders":["no"],"_sold_individually":["no"],"_virtual":["no"],"_downloadable":["no"],"_download_limit":["-1"],"_download_expiry":["-1"],"_stock":["10"],"_stock_status":["instock"],"_wc_average_rating":["4.00"],"_wc_review_count":["1"],"_product_version":["10.0.4"],"_product_image_gallery":["7146"],"_regular_price":["60"],"_price":["49"],"_wc_rating_count":["a:1:{i:4;i:1;}"],"_wp_old_date":["2020-04-16"],"woosw_count":["4"],"woosw_add":["1730965247"],"_tax_class":[""],"_edit_lock":["1737340559:1"],"_wp_old_slug":["stainless-steel-surgical-scissors"],"rs_page_bg_color":[""],"rank_math_focus_keyword":["Methyl CpG"],"rank_math_analytic_object_id":["117"],"rank_math_seo_score":["81"],"_admin_notes":[""],"_custom_product_field":[""],"rank_math_primary_product_cat":["127"],"rank_math_primary_product_brand":["0"],"site-sidebar-layout":["default"],"ast-site-content-layout":["default"],"site-content-style":["default"],"site-sidebar-style":["default"],"theme-transparent-header-meta":["default"],"stick-header-meta":["default"],"_wc_gla_visibility":["dont-sync-and-show"],"fb_product_item_id":["9062096183855596"],"_global_unique_id":["10888621913346"],"_wc_facebook_sync_enabled":["yes"],"fb_visibility":["yes"],"fb_product_description":[""],"_wc_facebook_product_image_source":["product"],"_wc_facebook_enhanced_catalog_attributes_capacity":[""],"_wc_facebook_enhanced_catalog_attributes_age_group":[""],"_wc_facebook_enhanced_catalog_attributes_gender":[""],"_wc_facebook_enhanced_catalog_attributes_ingredients":[""],"_wc_facebook_enhanced_catalog_attributes_health_concern":[""],"_wc_facebook_enhanced_catalog_attributes_pattern":[""],"_wc_facebook_enhanced_catalog_attributes_power_type":[""],"_wc_facebook_enhanced_catalog_attributes_product_form":[""],"_wc_facebook_enhanced_catalog_attributes_result_time":[""],"_wc_facebook_enhanced_catalog_attributes_scent":[""],"_wc_facebook_enhanced_catalog_attributes_absorbency":[""],"_wc_facebook_enhanced_catalog_attributes_material":[""],"_wc_facebook_enhanced_catalog_attributes_serving_size":[""],"_wc_facebook_enhanced_catalog_attributes_size":[""],"_wc_facebook_enhanced_catalog_attributes_skin_care_concern":[""],"_wc_facebook_enhanced_catalog_attributes_skin_type":[""],"_wc_facebook_enhanced_catalog_attributes_spf_value":[""],"_wc_facebook_enhanced_catalog_attributes_standard_features":[""],"_wc_facebook_enhanced_catalog_attributes_stop_use_indications":[""],"_wc_facebook_enhanced_catalog_attributes_package_quantity":[""],"_wc_facebook_enhanced_catalog_attributes_lens_material":[""],"_wc_facebook_enhanced_catalog_attributes_lens_type":[""],"_wc_facebook_enhanced_catalog_attributes_lens_tint":[""],"_wc_facebook_enhanced_catalog_attributes_keywords":[""],"_wc_facebook_enhanced_catalog_attributes_is_powered":[""],"_wc_facebook_enhanced_catalog_attributes_instructions":[""],"_wc_facebook_enhanced_catalog_attributes_ingredients_composition":[""],"_wc_facebook_enhanced_catalog_attributes_inactive_ingredients":[""],"_wc_facebook_enhanced_catalog_attributes_flavor":[""],"_wc_facebook_enhanced_catalog_attributes_eyewear_rim":[""],"_wc_facebook_enhanced_catalog_attributes_dosage":[""],"_wc_facebook_enhanced_catalog_attributes_color":[""],"_wc_facebook_enhanced_catalog_attributes_brand":[""],"_wc_facebook_enhanced_catalog_attributes_body_part":[""],"_wc_facebook_enhanced_catalog_attributes_batteries_required":[""],"_wc_facebook_enhanced_catalog_attributes_u_v_rating":[""],"_wc_facebook_commerce_enabled":["no"],"rank_math_primary_fb_product_set":["0"],"classic-editor-remember":["classic-editor"],"_sale_price":["49"],"astra-migrate-meta-layouts":["set"],"wp_statistics_words_count":["562"],"wpil_sync_report3":["1"],"wpil_links_inbound_internal_count":["0"],"wpil_links_inbound_internal_count_data":["eJxLtDKwqq4FAAZPAf4="],"wpil_links_outbound_internal_count":["0"],"wpil_links_outbound_internal_count_data":["eJxLtDKwqq4FAAZPAf4="],"wpil_links_outbound_external_count":["0"],"wpil_links_outbound_external_count_data":["eJxLtDKwqq4FAAZPAf4="],"wpil_sync_report2_time":["2025-01-27T07:29:11+00:00"],"omnisend_last_sync":["2025-08-11T08:42:38+00:00"],"surerank_settings_general":["a:7:{s:9:\"separator\";s:1:\"-\";s:10:\"page_title\";s:21:\"%title% - %site_name%\";s:25:\"auto_generate_description\";b:1;s:16:\"page_description\";s:9:\"%excerpt%\";s:16:\"auto_description\";s:154:\"Methyl CpG is a comprehensive formula that includes targeted amounts of five key nutrients designed to support methylation and homocysteine balance in the\";s:14:\"fallback_image\";s:0:\"\";s:13:\"canonical_url\";s:43:\"https:\/\/pophaw.com\/product\/methyl-cpg-60ct\/\";}"],"surerank_settings_post_no_index":["no"],"surerank_settings_post_no_follow":["no"],"surerank_settings_post_no_archive":["no"],"surerank_settings_social":["a:23:{s:15:\"open_graph_tags\";b:1;s:18:\"facebook_meta_tags\";b:1;s:17:\"twitter_meta_tags\";b:1;s:16:\"oembeded_scripts\";b:1;s:17:\"oembeded_og_title\";b:1;s:22:\"oembeded_social_images\";b:1;s:27:\"oembeded_remove_author_name\";b:1;s:17:\"facebook_page_url\";s:54:\"https:\/\/www.facebook.com\/profile.php?id=61571207938497\";s:24:\"facebook_author_fallback\";s:0:\"\";s:17:\"twitter_card_type\";s:19:\"summary_large_image\";s:24:\"twitter_same_as_facebook\";b:1;s:24:\"twitter_profile_username\";s:0:\"\";s:24:\"twitter_profile_fallback\";s:0:\"\";s:14:\"facebook_title\";s:21:\"%title% - %site_name%\";s:20:\"facebook_description\";s:9:\"%content%\";s:18:\"facebook_image_url\";s:65:\"https:\/\/pophaw.com\/wp-content\/uploads\/2019\/04\/Methyl-CpG-60ct.png\";s:17:\"facebook_image_id\";i:7145;s:20:\"facebook_image_width\";i:565;s:21:\"facebook_image_height\";i:565;s:13:\"twitter_title\";s:21:\"%title% - %site_name%\";s:19:\"twitter_description\";s:9:\"%content%\";s:17:\"twitter_image_url\";s:65:\"https:\/\/pophaw.com\/wp-content\/uploads\/2019\/04\/Methyl-CpG-60ct.png\";s:16:\"twitter_image_id\";i:7145;}"],"surerank_migration":["1"],"astra_style_timestamp_css":["1775199295"],"wwpp_product_wholesale_visibility_filter":["all"],"_uag_css_file_name":["uag-css-194.css"],"_uag_page_assets":["a:9:{s:3:\"css\";s:0:\"\";s:2:\"js\";s:0:\"\";s:18:\"current_block_list\";a:15:{i:0;s:23:\"surecart\/slide-out-cart\";i:1;s:30:\"surecart\/slide-out-cart-header\";i:2;s:29:\"surecart\/slide-out-cart-items\";i:3;s:30:\"surecart\/slide-out-cart-coupon\";i:4;s:32:\"surecart\/slide-out-cart-subtotal\";i:5;s:38:\"surecart\/slide-out-cart-bump-line-item\";i:6;s:30:\"surecart\/slide-out-cart-submit\";i:7;s:11:\"core\/search\";i:8;s:10:\"core\/group\";i:9;s:12:\"core\/heading\";i:10;s:17:\"core\/latest-posts\";i:11;s:20:\"core\/latest-comments\";i:12;s:13:\"core\/archives\";i:13;s:15:\"core\/categories\";i:14;s:14:\"core\/shortcode\";}s:8:\"uag_flag\";b:0;s:11:\"uag_version\";s:10:\"1775168599\";s:6:\"gfonts\";a:0:{}s:10:\"gfonts_url\";s:0:\"\";s:12:\"gfonts_files\";a:0:{}s:14:\"uag_faq_layout\";b:0;}"]},"uagb_featured_image_src":{"full":["https:\/\/pophaw.com\/wp-content\/uploads\/2019\/04\/Methyl-CpG-60ct.png",565,565,false],"thumbnail":["https:\/\/pophaw.com\/wp-content\/uploads\/2019\/04\/Methyl-CpG-60ct-150x150.png",150,150,true],"medium":["https:\/\/pophaw.com\/wp-content\/uploads\/2019\/04\/Methyl-CpG-60ct-300x300.png",300,300,true],"medium_large":["https:\/\/pophaw.com\/wp-content\/uploads\/2019\/04\/Methyl-CpG-60ct.png",565,565,false],"large":["https:\/\/pophaw.com\/wp-content\/uploads\/2019\/04\/Methyl-CpG-60ct.png",565,565,false],"ryviu-small":["https:\/\/pophaw.com\/wp-content\/uploads\/2019\/04\/Methyl-CpG-60ct.png",40,40,false],"ryviu-medium":["https:\/\/pophaw.com\/wp-content\/uploads\/2019\/04\/Methyl-CpG-60ct.png",132,132,false],"1536x1536":["https:\/\/pophaw.com\/wp-content\/uploads\/2019\/04\/Methyl-CpG-60ct.png",565,565,false],"2048x2048":["https:\/\/pophaw.com\/wp-content\/uploads\/2019\/04\/Methyl-CpG-60ct.png",565,565,false],"trp-custom-language-flag":["https:\/\/pophaw.com\/wp-content\/uploads\/2019\/04\/Methyl-CpG-60ct.png",12,12,false],"woocommerce_thumbnail":["https:\/\/pophaw.com\/wp-content\/uploads\/2019\/04\/Methyl-CpG-60ct-300x300.png",300,300,true],"woocommerce_single":["https:\/\/pophaw.com\/wp-content\/uploads\/2019\/04\/Methyl-CpG-60ct.png",565,565,false],"woocommerce_gallery_thumbnail":["https:\/\/pophaw.com\/wp-content\/uploads\/2019\/04\/Methyl-CpG-60ct-100x100.png",100,100,true]},"uagb_author_info":{"display_name":"Dr. Rowan","author_link":"https:\/\/pophaw.com\/fr\/author\/"},"uagb_comment_info":1,"uagb_excerpt":"Methyl CpG is a comprehensive formula that includes targeted amounts of five key nutrients designed to support methylation and homocysteine balance in the body.","_links":{"self":[{"href":"https:\/\/pophaw.com\/fr\/wp-json\/wp\/v2\/product\/194","targetHints":{"allow":["GET"]}}],"collection":[{"href":"https:\/\/pophaw.com\/fr\/wp-json\/wp\/v2\/product"}],"about":[{"href":"https:\/\/pophaw.com\/fr\/wp-json\/wp\/v2\/types\/product"}],"wp:featuredmedia":[{"embeddable":true,"href":"https:\/\/pophaw.com\/fr\/wp-json\/wp\/v2\/media\/7145"}],"wp:attachment":[{"href":"https:\/\/pophaw.com\/fr\/wp-json\/wp\/v2\/media?parent=194"}],"wp:term":[{"taxonomy":"product_brand","embeddable":true,"href":"https:\/\/pophaw.com\/fr\/wp-json\/wp\/v2\/product_brand?post=194"},{"taxonomy":"product_cat","embeddable":true,"href":"https:\/\/pophaw.com\/fr\/wp-json\/wp\/v2\/product_cat?post=194"},{"taxonomy":"product_tag","embeddable":true,"href":"https:\/\/pophaw.com\/fr\/wp-json\/wp\/v2\/product_tag?post=194"}],"curies":[{"name":"wp","href":"https:\/\/api.w.org\/{rel}","templated":true}]}}