{"id":216,"date":"2019-04-16T08:01:08","date_gmt":"2019-04-16T08:01:08","guid":{"rendered":"https:\/\/pophaw.com\/product\/caravus-classic-stethoscope\/"},"modified":"2025-01-19T21:01:53","modified_gmt":"2025-01-20T05:01:53","slug":"orthomega-820-180ct","status":"publish","type":"product","link":"https:\/\/pophaw.com\/fr\/product\/orthomega-820-180ct\/","title":{"rendered":"Orthomega 820 180ct"},"content":{"rendered":"<p><span style=\"font-family: arial, helvetica, sans-serif; color: #000000;\">Orthomega 820 fournit des mg d'acide eicosapenta\u00e9no\u00efque (EPA) et d'acide docosahexa\u00e9no\u00efque (DHA) par gel souple sous forme de triglyc\u00e9rides naturels, la forme pr\u00e9f\u00e9r\u00e9e avec une absorption sup\u00e9rieure. La vitamine E (sous forme de tocoph\u00e9rols m\u00e9lang\u00e9s) et l'extrait de romarin sont utilis\u00e9s pour garantir une puret\u00e9 et une fra\u00eecheur maximales.<\/span><\/p>\n<h3><span style=\"font-family: arial, helvetica, sans-serif; color: #000000;\">APPLICATIONS CLINIQUES<\/span><\/h3>\n<ul>\n<li><span style=\"font-family: arial, helvetica, sans-serif; color: #000000;\">Favorise la sant\u00e9 cardiovasculaire et le m\u00e9tabolisme de la glyc\u00e9mie<\/span><\/li>\n<li><span style=\"font-family: arial, helvetica, sans-serif; color: #000000;\">Favorise la fonction cognitive et le d\u00e9veloppement<\/span><\/li>\n<li><span style=\"font-family: arial, helvetica, sans-serif; color: #000000;\">Favorise la sant\u00e9 de la peau, des articulations et des tissus conjonctifs<\/span><\/li>\n<li><span style=\"font-family: arial, helvetica, sans-serif; color: #000000;\">Am\u00e9liore la sant\u00e9 visuelle et oculaire<\/span><\/li>\n<li><span style=\"font-family: arial, helvetica, sans-serif; color: #000000;\">Maintient l'\u00e9quilibre inflammatoire normal<\/span><\/li>\n<\/ul>\n<h3><span style=\"font-family: arial, helvetica, sans-serif; color: #000000;\">VUE D'ENSEMBLE<\/span><\/h3>\n<p><span style=\"font-family: arial, helvetica, sans-serif; color: #000000;\">Orthomega 820 est une huile de poisson \u00e0 haute concentration provenant des eaux de la c\u00f4te chilienne. En tant que c\u00f4te la moins industrialis\u00e9e du monde, ces eaux froides et fra\u00eeches constituent la source de poisson la plus propre et la plus durable au monde. Orthomega\u00ae fournit 820 mg d'acide eicosapenta\u00e9no\u00efque (EPA) et d'acide docosahexa\u00e9no\u00efque (DHA) par gel souple sous forme de triglyc\u00e9rides naturels, la forme pr\u00e9f\u00e9r\u00e9e pour une meilleure absorption. La vitamine E (sous forme de tocoph\u00e9rols m\u00e9lang\u00e9s) et l'extrait de romarin sont utilis\u00e9s pour garantir une puret\u00e9 et une fra\u00eecheur maximales. Cette huile de poisson exclusive est purifi\u00e9e, distill\u00e9e sous vide et test\u00e9e de mani\u00e8re ind\u00e9pendante pour s'assurer que les m\u00e9taux lourds, les pesticides et les biph\u00e9nyles polychlor\u00e9s (PCB) sont \u00e9limin\u00e9s \u00e0 des niveaux ind\u00e9tectables.<\/span><\/p>\n<p><span style=\"font-family: arial, helvetica, sans-serif; color: #000000;\"><strong>Utilisation sugg\u00e9r\u00e9e :<\/strong><\/span><br \/>\n<span style=\"font-family: arial, helvetica, sans-serif; color: #000000;\">1 capsule de gel souple par jour ou selon les recommandations de votre professionnel de la sant\u00e9.<\/span><\/p>\n<h3><span style=\"font-family: arial, helvetica, sans-serif; color: #000000;\">AVANTAGES DES INGR\u00c9DIENTS<\/span><\/h3>\n<p><span style=\"font-family: arial, helvetica, sans-serif; color: #000000;\"><strong>Administration de l'huile de poisson : Triglyc\u00e9rides et esters \u00e9thyliques<\/strong><\/span><br \/>\n<span style=\"font-family: arial, helvetica, sans-serif; color: #000000;\">Si la quantit\u00e9 d'EPA et de DHA fournie dans un produit \u00e0 base d'huile de poisson est importante pour l'efficacit\u00e9, le type d'huile de poisson fourni est un autre facteur important pour d\u00e9finir l'efficacit\u00e9 de l'huile de poisson. Le corps humain est habitu\u00e9 \u00e0 dig\u00e9rer et \u00e0 absorber l'EPA et le DHA sous forme de triglyc\u00e9rides naturels. Une revue de la litt\u00e9rature existante a montr\u00e9 que l'huile de poisson fournie sous la forme de triglyc\u00e9rides naturels est plus efficacement dig\u00e9r\u00e9e et plus absorbable que la forme d'ester \u00e9thylique.<\/span><\/p>\n<p><span style=\"font-family: arial, helvetica, sans-serif; color: #000000;\"><strong>Sant\u00e9 cardiovasculaire et glyc\u00e9mique<\/strong><\/span><br \/>\n<span style=\"font-family: arial, helvetica, sans-serif; color: #000000;\">Les acides gras om\u00e9ga-3 sont connus depuis longtemps pour leurs effets b\u00e9n\u00e9fiques sur la sant\u00e9 cardiovasculaire. La c\u00e9l\u00e8bre \u00e9tude GISSI-Prevezione a montr\u00e9 qu'un seul gramme d'acides gras om\u00e9ga-3 par jour avait un impact significatif sur la sant\u00e9 cardiovasculaire apr\u00e8s trois \u00e0 quatre mois de consommation.<\/span><\/p>\n<p><span style=\"font-family: arial, helvetica, sans-serif; color: #000000;\"><strong>Autres avantages des acides gras om\u00e9ga-3<\/strong><\/span><br \/>\n<span style=\"font-family: arial, helvetica, sans-serif; color: #000000;\">Outre leurs bienfaits cardiovasculaires bien connus, les acides gras om\u00e9ga-3 jouent un r\u00f4le central dans le d\u00e9veloppement du cerveau, l'am\u00e9lioration de l'humeur et de la cognition, le confort des articulations et l'acuit\u00e9 visuelle.<\/span><\/p>\n<div style=\"width: 1920px;\" class=\"wp-video\"><video class=\"wp-video-shortcode\" id=\"video-216-1\" width=\"1920\" height=\"1080\" preload=\"metadata\" controls=\"controls\"><source type=\"video\/mp4\" src=\"https:\/\/pophaw.com\/wp-content\/uploads\/2019\/04\/Orthomega-820.mp4?_=1\" \/><a href=\"https:\/\/pophaw.com\/wp-content\/uploads\/2019\/04\/Orthomega-820.mp4\">https:\/\/pophaw.com\/wp-content\/uploads\/2019\/04\/Orthomega-820.mp4<\/a><\/video><\/div>","protected":false},"excerpt":{"rendered":"<p>Orthomega fournit 820 mg d'acide eicosapenta\u00e9no\u00efque (EPA) et d'acide docosahexa\u00e9no\u00efque (DHA) par gel souple sous forme de triglyc\u00e9rides naturels.<\/p>","protected":false},"featured_media":10618,"template":"","meta":{"bwfblock_default_font":"","_uag_custom_page_level_css":"","site-sidebar-layout":"default","site-content-layout":"","ast-site-content-layout":"default","site-content-style":"default","site-sidebar-style":"default","ast-global-header-display":"","ast-banner-title-visibility":"","ast-main-header-display":"","ast-hfb-above-header-display":"","ast-hfb-below-header-display":"","ast-hfb-mobile-header-display":"","site-post-title":"","ast-breadcrumbs-content":"","ast-featured-img":"","footer-sml-layout":"","ast-disable-related-posts":"","theme-transparent-header-meta":"default","adv-header-id-meta":"","stick-header-meta":"default","header-above-stick-meta":"","header-main-stick-meta":"","header-below-stick-meta":"","astra-migrate-meta-layouts":"set","ast-page-background-enabled":"default","ast-page-background-meta":{"desktop":{"background-color":"","background-image":"","background-repeat":"repeat","background-position":"center center","background-size":"auto","background-attachment":"scroll","background-type":"","background-media":"","overlay-type":"","overlay-color":"","overlay-opacity":"","overlay-gradient":""},"tablet":{"background-color":"","background-image":"","background-repeat":"repeat","background-position":"center center","background-size":"auto","background-attachment":"scroll","background-type":"","background-media":"","overlay-type":"","overlay-color":"","overlay-opacity":"","overlay-gradient":""},"mobile":{"background-color":"","background-image":"","background-repeat":"repeat","background-position":"center center","background-size":"auto","background-attachment":"scroll","background-type":"","background-media":"","overlay-type":"","overlay-color":"","overlay-opacity":"","overlay-gradient":""}},"ast-content-background-meta":{"desktop":{"background-color":"var(--ast-global-color-5)","background-image":"","background-repeat":"repeat","background-position":"center center","background-size":"auto","background-attachment":"scroll","background-type":"","background-media":"","overlay-type":"","overlay-color":"","overlay-opacity":"","overlay-gradient":""},"tablet":{"background-color":"var(--ast-global-color-5)","background-image":"","background-repeat":"repeat","background-position":"center center","background-size":"auto","background-attachment":"scroll","background-type":"","background-media":"","overlay-type":"","overlay-color":"","overlay-opacity":"","overlay-gradient":""},"mobile":{"background-color":"var(--ast-global-color-5)","background-image":"","background-repeat":"repeat","background-position":"center center","background-size":"auto","background-attachment":"scroll","background-type":"","background-media":"","overlay-type":"","overlay-color":"","overlay-opacity":"","overlay-gradient":""}}},"product_brand":[170],"product_cat":[127],"product_tag":[],"class_list":{"0":"post-216","1":"product","2":"type-product","3":"status-publish","4":"has-post-thumbnail","6":"product_brand-ortho-molecular-products","7":"product_cat-dietary-supplements","8":"desktop-align-center","9":"tablet-align-center","10":"mobile-align-center","11":"ast-product-gallery-layout-horizontal-slider","12":"ast-magnify-disabled","13":"ast-product-tabs-layout-horizontal","15":"first","16":"instock","17":"sale","18":"shipping-taxable","19":"purchasable","20":"product-type-simple"},"spectra_custom_meta":{"_edit_last":["1"],"_thumbnail_id":["10618"],"insight_product_options":["s:1358:\"a:38:{s:27:\"single_product_layout_style\";s:0:\"\";s:11:\"site_layout\";s:0:\"\";s:10:\"site_width\";s:0:\"\";s:16:\"site_top_spacing\";s:0:\"\";s:19:\"site_bottom_spacing\";s:0:\"\";s:10:\"site_class\";s:0:\"\";s:21:\"site_background_color\";s:0:\"\";s:21:\"site_background_image\";s:0:\"\";s:22:\"site_background_repeat\";s:9:\"no-repeat\";s:26:\"site_background_attachment\";s:0:\"\";s:24:\"site_background_position\";s:0:\"\";s:20:\"site_background_size\";s:0:\"\";s:24:\"content_background_color\";s:0:\"\";s:24:\"content_background_image\";s:0:\"\";s:25:\"content_background_repeat\";s:9:\"no-repeat\";s:27:\"content_background_position\";s:0:\"\";s:12:\"top_bar_type\";s:0:\"\";s:11:\"header_type\";s:0:\"\";s:14:\"header_overlay\";s:0:\"\";s:11:\"header_skin\";s:0:\"\";s:12:\"menu_display\";s:0:\"\";s:13:\"menu_one_page\";s:1:\"0\";s:16:\"custom_dark_logo\";s:0:\"\";s:17:\"custom_light_logo\";s:0:\"\";s:17:\"custom_logo_width\";s:0:\"\";s:24:\"custom_sticky_logo_width\";s:0:\"\";s:21:\"page_title_bar_layout\";s:0:\"\";s:29:\"page_title_bar_bottom_spacing\";s:0:\"\";s:31:\"page_title_bar_background_color\";s:0:\"\";s:25:\"page_title_bar_background\";s:0:\"\";s:33:\"page_title_bar_background_overlay\";s:0:\"\";s:29:\"page_title_bar_custom_heading\";s:0:\"\";s:14:\"page_sidebar_1\";s:7:\"default\";s:14:\"page_sidebar_2\";s:7:\"default\";s:21:\"page_sidebar_position\";s:7:\"default\";s:17:\"revolution_slider\";s:0:\"\";s:15:\"slider_position\";s:5:\"below\";s:13:\"footer_enable\";s:0:\"\";}\";"],"_sku":["NRT012"],"total_sales":["1"],"_tax_status":["taxable"],"_manage_stock":["yes"],"_backorders":["no"],"_sold_individually":["no"],"_virtual":["no"],"_downloadable":["no"],"_download_limit":["-1"],"_download_expiry":["-1"],"_stock":["6.000000"],"_stock_status":["instock"],"_product_version":["9.5.2"],"_product_image_gallery":["10619"],"_regular_price":["100"],"_price":["92"],"_wp_old_date":["2020-04-16"],"woosw_count":["13"],"woosw_add":["1611907472"],"woosw_remove":["1595484645"],"_edit_lock":["1737354234:1"],"_wp_old_slug":["caravus-classic-stethoscope"],"_tax_class":[""],"_wc_average_rating":["0"],"_wc_review_count":["0"],"rs_page_bg_color":[""],"rank_math_focus_keyword":["Orthomega 820"],"rank_math_analytic_object_id":["115"],"rank_math_seo_score":["86"],"rank_math_description":["Orthomega 820 is a high-concentration fish oil sourced from waters off the Chilean coast."],"_admin_notes":[""],"_custom_product_field":[""],"rank_math_primary_product_cat":["0"],"rank_math_primary_product_brand":["0"],"site-sidebar-layout":["default"],"ast-site-content-layout":["default"],"site-content-style":["default"],"site-sidebar-style":["default"],"theme-transparent-header-meta":["default"],"stick-header-meta":["default"],"_wc_gla_visibility":["sync-and-show"],"_wc_gla_sync_status":["synced"],"_wc_facebook_sync_enabled":["yes"],"fb_visibility":["yes"],"fb_product_description":[""],"_wc_facebook_product_image_source":["product"],"_wc_facebook_commerce_enabled":["no"],"fb_product_group_id":["8481456518626430"],"rank_math_primary_fb_product_set":["0"],"fb_product_item_id":["8481456815293067"],"_global_unique_id":["10888621913360"],"_wc_facebook_enhanced_catalog_attributes_capacity":[""],"_wc_facebook_enhanced_catalog_attributes_age_group":[""],"_wc_facebook_enhanced_catalog_attributes_gender":[""],"_wc_facebook_enhanced_catalog_attributes_ingredients":[""],"_wc_facebook_enhanced_catalog_attributes_health_concern":[""],"_wc_facebook_enhanced_catalog_attributes_pattern":[""],"_wc_facebook_enhanced_catalog_attributes_power_type":[""],"_wc_facebook_enhanced_catalog_attributes_product_form":[""],"_wc_facebook_enhanced_catalog_attributes_result_time":[""],"_wc_facebook_enhanced_catalog_attributes_scent":[""],"_wc_facebook_enhanced_catalog_attributes_absorbency":[""],"_wc_facebook_enhanced_catalog_attributes_material":[""],"_wc_facebook_enhanced_catalog_attributes_serving_size":[""],"_wc_facebook_enhanced_catalog_attributes_size":[""],"_wc_facebook_enhanced_catalog_attributes_skin_care_concern":[""],"_wc_facebook_enhanced_catalog_attributes_skin_type":[""],"_wc_facebook_enhanced_catalog_attributes_spf_value":[""],"_wc_facebook_enhanced_catalog_attributes_standard_features":[""],"_wc_facebook_enhanced_catalog_attributes_stop_use_indications":[""],"_wc_facebook_enhanced_catalog_attributes_package_quantity":[""],"_wc_facebook_enhanced_catalog_attributes_lens_material":[""],"_wc_facebook_enhanced_catalog_attributes_lens_type":[""],"_wc_facebook_enhanced_catalog_attributes_lens_tint":[""],"_wc_facebook_enhanced_catalog_attributes_keywords":[""],"_wc_facebook_enhanced_catalog_attributes_is_powered":[""],"_wc_facebook_enhanced_catalog_attributes_instructions":[""],"_wc_facebook_enhanced_catalog_attributes_ingredients_composition":[""],"_wc_facebook_enhanced_catalog_attributes_inactive_ingredients":[""],"_wc_facebook_enhanced_catalog_attributes_flavor":[""],"_wc_facebook_enhanced_catalog_attributes_eyewear_rim":[""],"_wc_facebook_enhanced_catalog_attributes_dosage":[""],"_wc_facebook_enhanced_catalog_attributes_color":[""],"_wc_facebook_enhanced_catalog_attributes_brand":[""],"_wc_facebook_enhanced_catalog_attributes_body_part":[""],"_wc_facebook_enhanced_catalog_attributes_batteries_required":[""],"_wc_facebook_enhanced_catalog_attributes_u_v_rating":[""],"classic-editor-remember":["classic-editor"],"rank_math_schema_WooCommerceProduct":["a:2:{s:5:\"@type\";s:18:\"WooCommerceProduct\";s:8:\"metadata\";a:3:{s:5:\"title\";s:19:\"WooCommerce Product\";s:4:\"type\";s:8:\"template\";s:9:\"isPrimary\";b:1;}}"],"rank_math_schema_VideoObject":["a:12:{s:5:\"@type\";s:11:\"VideoObject\";s:8:\"metadata\";a:8:{s:5:\"title\";s:5:\"Video\";s:4:\"type\";s:8:\"template\";s:9:\"shortcode\";s:15:\"s-678db94113ee4\";s:9:\"isPrimary\";b:1;s:23:\"reviewLocationShortcode\";s:24:\"[rank_math_rich_snippet]\";s:8:\"category\";s:12:\"%categories%\";s:4:\"tags\";s:6:\"%tags%\";s:15:\"isAutoGenerated\";b:1;}s:4:\"name\";s:11:\"%seo_title%\";s:11:\"description\";s:17:\"%seo_description%\";s:10:\"uploadDate\";s:20:\"%date(Y-m-dTH:i:sP)%\";s:12:\"thumbnailUrl\";s:16:\"%post_thumbnail%\";s:8:\"embedUrl\";s:0:\"\";s:10:\"contentUrl\";s:63:\"https:\/\/pophaw.com\/wp-content\/uploads\/2019\/04\/Orthomega-820.mp4\";s:8:\"duration\";s:0:\"\";s:5:\"width\";i:1920;s:6:\"height\";i:1080;s:16:\"isFamilyFriendly\";b:1;}"],"_sale_price":["92"],"wp_statistics_words_count":["343"],"astra-migrate-meta-layouts":["set"],"_wc_gla_synced_at":["1776049266"],"_wc_gla_google_ids":["a:1:{s:2:\"US\";s:20:\"online:en:US:gla_216\";}"],"wpil_sync_report3":["1"],"wpil_links_inbound_internal_count":["0"],"wpil_links_inbound_internal_count_data":["eJxLtDKwqq4FAAZPAf4="],"wpil_links_outbound_internal_count":["1"],"wpil_links_outbound_internal_count_data":["eJytUMtuwyAQ\/BfuCeC4bbr5hbQ59ogIIBsFs4iH3CrKvxdiq03vvc2ORjOzI4HD1QI7nIA\/AfkI1ok31MaJo\/UXAnwH1wQvQFw9hdXk0MQJdkBKdKSi5wrHnEMCSgOGUc5bhROdw0ahz8ZnWoJDqRPtGH+lrKenmEeczCA3+45tp9A3m766YMoNcgbk16kxeyC2ekUva+QZ+KIPd\/176wBEejVi\/MdCbQ6ptdHi\/CWCK4P1LZstdRwqmS36pqzrrM7t6tg61jzaFEwUKhqZzc9ynNdnkpAlY5M90jlKdbF+eNi50RPq4oz4o+7WkHvwZ1742+0buo+WMQ=="],"wpil_links_outbound_external_count":["0"],"wpil_links_outbound_external_count_data":["eJxLtDKwqq4FAAZPAf4="],"wpil_sync_report2_time":["2025-01-27T07:29:11+00:00"],"omnisend_last_sync":["2025-05-16T11:05:10+00:00"],"surerank_settings_general":["a:7:{s:9:\"separator\";s:1:\"-\";s:10:\"page_title\";s:21:\"%title% - %site_name%\";s:25:\"auto_generate_description\";b:1;s:16:\"page_description\";s:89:\"Orthomega 820 is a high-concentration fish oil sourced from waters off the Chilean coast.\";s:16:\"auto_description\";s:159:\"Orthomega 820 provides mg of eicosapentaenoic acid (EPA) and docosahexaenoic acid (DHA) per soft gel as natural triglycerides, the preferred form with superior\";s:14:\"fallback_image\";s:0:\"\";s:13:\"canonical_url\";s:47:\"https:\/\/pophaw.com\/product\/orthomega-820-180ct\/\";}"],"surerank_settings_post_no_index":["no"],"surerank_settings_post_no_follow":["no"],"surerank_settings_post_no_archive":["no"],"surerank_settings_social":["a:23:{s:15:\"open_graph_tags\";b:1;s:18:\"facebook_meta_tags\";b:1;s:17:\"twitter_meta_tags\";b:1;s:16:\"oembeded_scripts\";b:1;s:17:\"oembeded_og_title\";b:1;s:22:\"oembeded_social_images\";b:1;s:27:\"oembeded_remove_author_name\";b:1;s:17:\"facebook_page_url\";s:54:\"https:\/\/www.facebook.com\/profile.php?id=61571207938497\";s:24:\"facebook_author_fallback\";s:0:\"\";s:17:\"twitter_card_type\";s:19:\"summary_large_image\";s:24:\"twitter_same_as_facebook\";b:1;s:24:\"twitter_profile_username\";s:0:\"\";s:24:\"twitter_profile_fallback\";s:0:\"\";s:14:\"facebook_title\";s:21:\"%title% - %site_name%\";s:20:\"facebook_description\";s:9:\"%content%\";s:18:\"facebook_image_url\";s:64:\"https:\/\/pophaw.com\/wp-content\/uploads\/2019\/04\/Orthomega-820.webp\";s:17:\"facebook_image_id\";i:10618;s:20:\"facebook_image_width\";i:1064;s:21:\"facebook_image_height\";i:1066;s:13:\"twitter_title\";s:21:\"%title% - %site_name%\";s:19:\"twitter_description\";s:9:\"%content%\";s:17:\"twitter_image_url\";s:64:\"https:\/\/pophaw.com\/wp-content\/uploads\/2019\/04\/Orthomega-820.webp\";s:16:\"twitter_image_id\";i:10618;}"],"surerank_migration":["1"],"astra_style_timestamp_css":["1776878674"],"wwpp_product_wholesale_visibility_filter":["all"],"_uag_css_file_name":["uag-css-216.css"],"rank_math_internal_links_processed":["1"],"_wc_gla_mc_status":["approved"],"_uag_page_assets":["a:9:{s:3:\"css\";s:260:\".uag-blocks-common-selector{z-index:var(--z-index-desktop) !important}@media(max-width: 976px){.uag-blocks-common-selector{z-index:var(--z-index-tablet) !important}}@media(max-width: 767px){.uag-blocks-common-selector{z-index:var(--z-index-mobile) !important}}\";s:2:\"js\";s:0:\"\";s:18:\"current_block_list\";a:15:{i:0;s:23:\"surecart\/slide-out-cart\";i:1;s:30:\"surecart\/slide-out-cart-header\";i:2;s:29:\"surecart\/slide-out-cart-items\";i:3;s:30:\"surecart\/slide-out-cart-coupon\";i:4;s:32:\"surecart\/slide-out-cart-subtotal\";i:5;s:38:\"surecart\/slide-out-cart-bump-line-item\";i:6;s:30:\"surecart\/slide-out-cart-submit\";i:7;s:11:\"core\/search\";i:8;s:10:\"core\/group\";i:9;s:12:\"core\/heading\";i:10;s:17:\"core\/latest-posts\";i:11;s:20:\"core\/latest-comments\";i:12;s:13:\"core\/archives\";i:13;s:15:\"core\/categories\";i:14;s:14:\"core\/shortcode\";}s:8:\"uag_flag\";b:0;s:11:\"uag_version\";s:10:\"1776869369\";s:6:\"gfonts\";a:0:{}s:10:\"gfonts_url\";s:0:\"\";s:12:\"gfonts_files\";a:0:{}s:14:\"uag_faq_layout\";b:0;}"]},"uagb_featured_image_src":{"full":["https:\/\/pophaw.com\/wp-content\/uploads\/2019\/04\/Orthomega-820.webp",1064,1066,false],"thumbnail":["https:\/\/pophaw.com\/wp-content\/uploads\/2019\/04\/Orthomega-820-150x150.webp",150,150,true],"medium":["https:\/\/pophaw.com\/wp-content\/uploads\/2019\/04\/Orthomega-820-300x300.webp",300,300,true],"medium_large":["https:\/\/pophaw.com\/wp-content\/uploads\/2019\/04\/Orthomega-820-768x769.webp",768,769,true],"large":["https:\/\/pophaw.com\/wp-content\/uploads\/2019\/04\/Orthomega-820-1022x1024.webp",1022,1024,true],"ryviu-small":["https:\/\/pophaw.com\/wp-content\/uploads\/2019\/04\/Orthomega-820.webp",40,40,false],"ryviu-medium":["https:\/\/pophaw.com\/wp-content\/uploads\/2019\/04\/Orthomega-820.webp",132,132,false],"1536x1536":["https:\/\/pophaw.com\/wp-content\/uploads\/2019\/04\/Orthomega-820.webp",1064,1066,false],"2048x2048":["https:\/\/pophaw.com\/wp-content\/uploads\/2019\/04\/Orthomega-820.webp",1064,1066,false],"trp-custom-language-flag":["https:\/\/pophaw.com\/wp-content\/uploads\/2019\/04\/Orthomega-820.webp",12,12,false],"woocommerce_thumbnail":["https:\/\/pophaw.com\/wp-content\/uploads\/2019\/04\/Orthomega-820-300x300.webp",300,300,true],"woocommerce_single":["https:\/\/pophaw.com\/wp-content\/uploads\/2019\/04\/Orthomega-820-600x601.webp",600,601,true],"woocommerce_gallery_thumbnail":["https:\/\/pophaw.com\/wp-content\/uploads\/2019\/04\/Orthomega-820-100x100.webp",100,100,true]},"uagb_author_info":{"display_name":"Dr. Rowan","author_link":"https:\/\/pophaw.com\/fr\/author\/"},"uagb_comment_info":0,"uagb_excerpt":"Orthomega provides 820 mg of eicosapentaenoic acid (EPA) and docosahexaenoic acid (DHA) per soft gel as natural triglycerides.","_links":{"self":[{"href":"https:\/\/pophaw.com\/fr\/wp-json\/wp\/v2\/product\/216","targetHints":{"allow":["GET"]}}],"collection":[{"href":"https:\/\/pophaw.com\/fr\/wp-json\/wp\/v2\/product"}],"about":[{"href":"https:\/\/pophaw.com\/fr\/wp-json\/wp\/v2\/types\/product"}],"wp:featuredmedia":[{"embeddable":true,"href":"https:\/\/pophaw.com\/fr\/wp-json\/wp\/v2\/media\/10618"}],"wp:attachment":[{"href":"https:\/\/pophaw.com\/fr\/wp-json\/wp\/v2\/media?parent=216"}],"wp:term":[{"taxonomy":"product_brand","embeddable":true,"href":"https:\/\/pophaw.com\/fr\/wp-json\/wp\/v2\/product_brand?post=216"},{"taxonomy":"product_cat","embeddable":true,"href":"https:\/\/pophaw.com\/fr\/wp-json\/wp\/v2\/product_cat?post=216"},{"taxonomy":"product_tag","embeddable":true,"href":"https:\/\/pophaw.com\/fr\/wp-json\/wp\/v2\/product_tag?post=216"}],"curies":[{"name":"wp","href":"https:\/\/api.w.org\/{rel}","templated":true}]}}