{"id":2206,"date":"2019-12-01T13:54:46","date_gmt":"2019-12-01T13:54:46","guid":{"rendered":"https:\/\/pophaw.com\/product\/philips-respironics-innospire-essence-compressor\/"},"modified":"2025-01-04T03:37:52","modified_gmt":"2025-01-04T11:37:52","slug":"sinus-forte-60-comprimes","status":"publish","type":"product","link":"https:\/\/pophaw.com\/fr\/product\/sinus-forte-60-comprimes\/","title":{"rendered":"Sinus Forte 60 Comprim\u00e9s"},"content":{"rendered":"<div>\n<p><span style=\"font-family: arial, helvetica, sans-serif; color: #000000;\">Sinus Forte contient de l'euphraise, de la verge d'or, de l'\u00e9chinac\u00e9e, du sceau d'or et de la cayenne pour soutenir le nez, les sinus et la sant\u00e9 des muqueuses des voies respiratoires sup\u00e9rieures*.<\/span><span style=\"font-family: arial, helvetica, sans-serif; color: #000000;\">Ces plantes sont traditionnellement utilis\u00e9es dans des pr\u00e9parations \u00e0 base de plantes pour :<\/span><\/p>\n<ul>\n<li><span style=\"font-family: arial, helvetica, sans-serif; color: #000000;\">Maintenir une s\u00e9cr\u00e9tion de mucus saine et normale dans les voies nasales*.<\/span><\/li>\n<li><span style=\"font-family: arial, helvetica, sans-serif; color: #000000;\">Favoriser la sant\u00e9 des muqueuses (en particulier celles du nez et des sinus)*.<\/span><\/li>\n<li><span style=\"font-family: arial, helvetica, sans-serif; color: #000000;\">Aider \u00e0 maintenir des voies respiratoires saines pour favoriser une respiration normale*.<\/span><\/li>\n<li><span style=\"font-family: arial, helvetica, sans-serif; color: #000000;\">Favoriser la sant\u00e9 oculaire externe*<\/span><\/li>\n<\/ul>\n<p><span style=\"font-family: arial, helvetica, sans-serif; color: #000000;\">Les cinq herbes puissantes contenues dans Sinus Forte contiennent des glycosides irido\u00efdes (en particulier l'aucubine), des saponines, des flavono\u00efdes, des lactones diterp\u00e9no\u00efdes, des d\u00e9riv\u00e9s de l'acide caf\u00e9ique (en particulier l'acide cichorique), des alkylamides, des alcalo\u00efdes (en particulier l'hydrastine et la berb\u00e9rine), des principes piquants (en particulier la capsa\u00efcine), des carot\u00e9no\u00efdes et d'autres compos\u00e9s.<\/span><\/p>\n<p>&nbsp;<\/p>\n<h3><span style=\"font-family: arial, helvetica, sans-serif; color: #000000;\">Sceau d'or de l'histoire de la qualit\u00e9<\/span><\/h3>\n<p align=\"center\"><span style=\"font-family: arial, helvetica, sans-serif; color: #000000;\"><img decoding=\"async\" class=\"fr-fic fr-dii\" src=\"https:\/\/www.standardprocess.com\/files\/images\/products\/Sinus-Forte\/golden-seal-story-chart.jpg\" alt=\"\"><\/span><\/p>\n<p><span style=\"font-family: arial, helvetica, sans-serif; color: #000000;\">Sceau d'or (<em>Hydrastis canadensis<\/em>) est une herbe en voie de disparition et, par cons\u00e9quent, elle est tr\u00e8s ch\u00e8re et souvent remplac\u00e9e par d'autres herbes.<\/span><\/p>\n<p><span style=\"font-family: arial, helvetica, sans-serif; color: #000000;\">Les herbes substitu\u00e9es contiennent g\u00e9n\u00e9ralement la substance berb\u00e9rine qui donne la couleur jaune, mais elles ne contiennent pas l'hydrastine qui est propre au sceau d'or. Seule la CLHP permet de faire cette distinction. MediHerb n'ach\u00e8te que du Sceau d'or cultiv\u00e9 afin de garantir la durabilit\u00e9 \u00e0 long terme de l'herbe. MediHerb teste chaque lot de mati\u00e8res premi\u00e8res et de produits finis de Golden Seal pour s'assurer que les niveaux revendiqu\u00e9s d'hydrastine et de berb\u00e9rine sont pr\u00e9sents. Gr\u00e2ce \u00e0 la CLHP, MediHerb est en mesure de diff\u00e9rencier clairement le v\u00e9ritable Sceau d'or des autres plantes contenant de la berb\u00e9rine. Le tableau montre la diff\u00e9rence entre les diverses esp\u00e8ces contenant de la berb\u00e9rine. La trace sup\u00e9rieure est un exemple de substitution o\u00f9 un produit professionnel vendu en Australie sous le nom de Sceau d'or indien correspond \u00e0 la trace de\u00a0<em>Coptis chinensis<\/em>.<\/span><\/p>\n<h3><span style=\"font-family: arial, helvetica, sans-serif; color: #000000;\">Histoire de la qualit\u00e9 de l'\u00e9chinac\u00e9e<\/span><\/h3>\n<h4><span style=\"font-family: arial, helvetica, sans-serif; color: #000000;\">Les constituants importants<\/span><\/h4>\n<p><span style=\"font-family: arial, helvetica, sans-serif; color: #000000;\">L'\u00e9chinac\u00e9e est la plante la plus utilis\u00e9e et la plus mal comprise. Depuis de nombreuses ann\u00e9es, MediHerb investit massivement dans la recherche sur l'\u00e9chinac\u00e9e afin d'identifier les marqueurs de qualit\u00e9 qui sont importants pour l'utilisation clinique. Les niveaux d'esters d'acides ph\u00e9noliques, comme l'\u00e9chinacoside, sont couramment utilis\u00e9s par de nombreux fabricants comme marqueurs ou indicateurs de la qualit\u00e9 de l'\u00e9chinac\u00e9e. Toutefois, des essais r\u00e9cents ont mis en \u00e9vidence l'importance des alkylamides pour l'efficacit\u00e9 clinique, et il est donc important que les produits de qualit\u00e9 soient \u00e9galement caract\u00e9ris\u00e9s pour ces substances phytochimiques. Cela a conduit \u00e0 l'incorporation d'une sp\u00e9cification et d'une m\u00e9thodologie d'essai analytique pour les produits \u00e0 base d'\u00e9chinac\u00e9e dans les projets de monographies USP26-NF21, qui se concentrent sur les alkylamides test\u00e9s par HPLC et d\u00e9tection DAD. Les alkylamides test\u00e9s sont les alkylamides 2,4-di\u00e8ne et les alkylamides 2\u00e8ne.<\/span><\/p>\n<p><span style=\"font-family: arial, helvetica, sans-serif; color: #000000;\">Cette m\u00e9thode a \u00e9t\u00e9 adopt\u00e9e par MediHerb et les alkylamides sont d\u00e9termin\u00e9s en tant qu'alkylamides 2,4-di\u00e8nes et alkylamides 2-\u00e8nes. Les 2-\u00e8nes sont caract\u00e9ristiques des\u00a0<em>Echinacea angustifolia<\/em>\u00a0et ne sont pas pr\u00e9sents dans les autres esp\u00e8ces. Les 2,4-di\u00e8nes sont pr\u00e9sents dans les deux esp\u00e8ces de\u00a0<em>E. purpurea<\/em>\u00a0et\u00a0<em>E. angustifolia<\/em>\u00a0et ces substances phytochimiques sont responsables de la sensation de picotement intense dans la bouche lors de la d\u00e9gustation de produits \u00e0 base d'\u00e9chinac\u00e9e de bonne qualit\u00e9.<\/span><\/p>\n<p><span style=\"font-family: arial, helvetica, sans-serif; color: #000000;\">Les acides ph\u00e9noliques sont d\u00e9termin\u00e9s par les niveaux d'acide caftarique, d'\u00e9chinacoside et d'acide cichorique ; l'\u00e9chinacoside est typique de l'acide cichorique et de l'acide caftarique.\u00a0<em>E. angustifolia<\/em>\u00a0et\u00a0<em>E. pallida<\/em>\u00a0et ne se retrouve pas dans les\u00a0<em>E. purpurea<\/em>. L'acide cichorique ne se trouve pas dans\u00a0<em>E. angustifolia<\/em>\u00a0mais on le trouve dans les parties a\u00e9riennes de toutes les esp\u00e8ces et, de mani\u00e8re caract\u00e9ristique, dans la racine de l'esp\u00e8ce\u00a0<em>E. purpurea<\/em>.<\/span><\/p>\n<p><span style=\"font-family: arial, helvetica, sans-serif; color: #000000;\">Les produits MediHerb sont quantifi\u00e9s pour contenir un niveau minimum d'alkylamides par la m\u00e9thode HPLC USP26-NF21, les niveaux d'acides ph\u00e9noliques sont mesur\u00e9s pour information seulement et sont utilis\u00e9s pour confirmer l'identit\u00e9 du produit et l'absence de contamination par d'autres esp\u00e8ces d'Echinacea.<\/span><\/p>\n<h3><span style=\"font-family: arial, helvetica, sans-serif; color: #000000;\">La diff\u00e9rence MediHerb<\/span><\/h3>\n<p><span style=\"font-family: arial, helvetica, sans-serif; color: #000000;\">MediHerb a d\u00e9velopp\u00e9 des connaissances sp\u00e9cialis\u00e9es dans la fabrication et l'essai de produits \u00e0 base d'\u00e9chinac\u00e9e au cours des 20 derni\u00e8res ann\u00e9es. Cela comprend une \u00e9tude doctorale, le d\u00e9veloppement d'une m\u00e9thode analytique approfondie, l'\u00e9tablissement de protocoles optimaux de r\u00e9colte, de s\u00e9chage et de stockage pour maximiser la r\u00e9tention des principes actifs et un essai clinique r\u00e9ussi.<\/span><\/p>\n<\/div>\n<hr \/>\n<div>\n<p><span style=\"font-family: arial, helvetica, sans-serif; color: #000000;\"><strong>Utilisation sugg\u00e9r\u00e9e :<\/strong><\/span><\/p>\n<p><span style=\"font-family: arial, helvetica, sans-serif; color: #000000;\">1 comprim\u00e9 3 \u00e0 4 fois par jour, ou selon les instructions.<\/span><\/p>\n<p>&nbsp;<\/p>\n<p><span style=\"font-family: arial, helvetica, sans-serif; color: #000000;\"><strong id=\"isPasted\">Attention :<\/strong>\u00a0Contre-indiqu\u00e9 en cas de grossesse et d'allaitement. Contre-indiqu\u00e9 en cas d'allergie connue au Golden Rod. Pour d'autres contre-indications et mises en garde, consultez votre professionnel de la sant\u00e9. Tenir hors de port\u00e9e des enfants. Conserver dans un endroit frais et sec, \u00e0 l'abri de la lumi\u00e8re directe du soleil.<\/span><\/p>\n<\/div>\n<hr \/>\n<div>\n<h4><span style=\"font-family: arial, helvetica, sans-serif; color: #000000;\">Nutriments et ingr\u00e9dients<\/span><\/h4>\n<p>&nbsp;<\/p>\n<p><span style=\"font-family: arial, helvetica, sans-serif; color: #000000;\">Chaque portion (1 comprim\u00e9) contient : Extrait 4:1 d'herbe \u00e0 paupi\u00e8res 162. 5 mg (provenant de\u00a0<em id=\"isPasted\">Euphrasie officinale\u00a0<\/em>650 mg), Golden Rod herb 4:1 extract 162.5 mg (from\u00a0<em>Solidago virgaurea\u00a0<\/em>650 mg), extrait 4:1 de racine d'\u00e9chinac\u00e9e 92,5 mg (\u00e0 partir de\u00a0<em>Echinacea purpurea\u00a0<\/em>racine 370 mg), Golden Seal racine et rhizome extrait 1,8:1 69,5 mg (\u00e0 partir de\u00a0<em>Hydrastis canadensis\u00a0<\/em>racine et rhizome 125 mg), extrait de fruit de Cayenne 3:1 3,33 mg (\u00e0 partir de\u00a0<em>Capsicum annuum\u00a0<\/em>10 mg). Autres ingr\u00e9dients : Cellulose microcristalline, maltodextrine, phosphate de calcium dibasique dihydrat\u00e9, croscarmellose sodique, glycolate d'amidon sodique, dioxyde de silicium, st\u00e9arate de magn\u00e9sium et hypromellose.<\/span><\/p>\n<\/div>\n<hr \/>\n<div>\n<p><span style=\"font-family: arial, helvetica, sans-serif; color: #000000;\">Pour d'autres contre-indications et mises en garde, veuillez vous r\u00e9f\u00e9rer \u00e0 la rubrique\u00a0<a style=\"color: #000000;\" href=\"https:\/\/my.standardprocess.com\/MediHerb-Document-Library\/Catalog-Files\/herb-drug-interaction-chart.pdf\" target=\"_blank\" rel=\"noopener\">Tableau des interactions potentielles entre les plantes et les m\u00e9dicaments<\/a>.<\/span><\/p>\n<p><span style=\"font-family: arial, helvetica, sans-serif; color: #000000;\">Veuillez consulter l'\u00e9tiquette du produit pour obtenir les informations les plus pr\u00e9cises.<\/span><\/p>\n<p><span style=\"font-family: arial, helvetica, sans-serif; color: #000000;\">*Ces d\u00e9clarations n'ont pas \u00e9t\u00e9 \u00e9valu\u00e9es par la Food and Drug Administration. Ces produits ne sont pas destin\u00e9s \u00e0 diagnostiquer, traiter, gu\u00e9rir ou pr\u00e9venir une quelconque maladie.<\/span><\/p>\n<\/div>","protected":false},"excerpt":{"rendered":"<p>Favorise la sant\u00e9 du nez, des sinus et des muqueuses des voies respiratoires sup\u00e9rieures.<\/p>","protected":false},"featured_media":7568,"template":"","meta":{"bwfblock_default_font":"","_uag_custom_page_level_css":"","site-sidebar-layout":"default","site-content-layout":"","ast-site-content-layout":"default","site-content-style":"default","site-sidebar-style":"default","ast-global-header-display":"","ast-banner-title-visibility":"","ast-main-header-display":"","ast-hfb-above-header-display":"","ast-hfb-below-header-display":"","ast-hfb-mobile-header-display":"","site-post-title":"","ast-breadcrumbs-content":"","ast-featured-img":"","footer-sml-layout":"","ast-disable-related-posts":"","theme-transparent-header-meta":"default","adv-header-id-meta":"","stick-header-meta":"default","header-above-stick-meta":"","header-main-stick-meta":"","header-below-stick-meta":"","astra-migrate-meta-layouts":"set","ast-page-background-enabled":"default","ast-page-background-meta":{"desktop":{"background-color":"","background-image":"","background-repeat":"repeat","background-position":"center center","background-size":"auto","background-attachment":"scroll","background-type":"","background-media":"","overlay-type":"","overlay-color":"","overlay-opacity":"","overlay-gradient":""},"tablet":{"background-color":"","background-image":"","background-repeat":"repeat","background-position":"center center","background-size":"auto","background-attachment":"scroll","background-type":"","background-media":"","overlay-type":"","overlay-color":"","overlay-opacity":"","overlay-gradient":""},"mobile":{"background-color":"","background-image":"","background-repeat":"repeat","background-position":"center center","background-size":"auto","background-attachment":"scroll","background-type":"","background-media":"","overlay-type":"","overlay-color":"","overlay-opacity":"","overlay-gradient":""}},"ast-content-background-meta":{"desktop":{"background-color":"var(--ast-global-color-5)","background-image":"","background-repeat":"repeat","background-position":"center center","background-size":"auto","background-attachment":"scroll","background-type":"","background-media":"","overlay-type":"","overlay-color":"","overlay-opacity":"","overlay-gradient":""},"tablet":{"background-color":"var(--ast-global-color-5)","background-image":"","background-repeat":"repeat","background-position":"center center","background-size":"auto","background-attachment":"scroll","background-type":"","background-media":"","overlay-type":"","overlay-color":"","overlay-opacity":"","overlay-gradient":""},"mobile":{"background-color":"var(--ast-global-color-5)","background-image":"","background-repeat":"repeat","background-position":"center center","background-size":"auto","background-attachment":"scroll","background-type":"","background-media":"","overlay-type":"","overlay-color":"","overlay-opacity":"","overlay-gradient":""}}},"product_brand":[108],"product_cat":[127],"product_tag":[],"class_list":{"0":"post-2206","1":"product","2":"type-product","3":"status-publish","4":"has-post-thumbnail","6":"product_brand-mediherb","7":"product_cat-dietary-supplements","8":"desktop-align-center","9":"tablet-align-center","10":"mobile-align-center","11":"ast-product-gallery-layout-horizontal-slider","12":"ast-magnify-disabled","13":"ast-product-tabs-layout-horizontal","15":"first","16":"instock","17":"shipping-taxable","18":"purchasable","19":"product-type-simple"},"spectra_custom_meta":{"_sku":["NRT033"],"_regular_price":["81.99"],"_tax_status":["taxable"],"_manage_stock":["no"],"_backorders":["no"],"_sold_individually":["no"],"_virtual":["no"],"_downloadable":["no"],"_download_limit":["-1"],"_download_expiry":["-1"],"_thumbnail_id":["7568"],"_stock_status":["instock"],"_product_version":["9.5.1"],"_price":["81.99"],"insight_product_options":["s:1358:\"a:38:{s:27:\"single_product_layout_style\";s:0:\"\";s:11:\"site_layout\";s:0:\"\";s:10:\"site_width\";s:0:\"\";s:16:\"site_top_spacing\";s:0:\"\";s:19:\"site_bottom_spacing\";s:0:\"\";s:10:\"site_class\";s:0:\"\";s:21:\"site_background_color\";s:0:\"\";s:21:\"site_background_image\";s:0:\"\";s:22:\"site_background_repeat\";s:9:\"no-repeat\";s:26:\"site_background_attachment\";s:0:\"\";s:24:\"site_background_position\";s:0:\"\";s:20:\"site_background_size\";s:0:\"\";s:24:\"content_background_color\";s:0:\"\";s:24:\"content_background_image\";s:0:\"\";s:25:\"content_background_repeat\";s:9:\"no-repeat\";s:27:\"content_background_position\";s:0:\"\";s:12:\"top_bar_type\";s:0:\"\";s:11:\"header_type\";s:0:\"\";s:14:\"header_overlay\";s:0:\"\";s:11:\"header_skin\";s:0:\"\";s:12:\"menu_display\";s:0:\"\";s:13:\"menu_one_page\";s:1:\"0\";s:16:\"custom_dark_logo\";s:0:\"\";s:17:\"custom_light_logo\";s:0:\"\";s:17:\"custom_logo_width\";s:0:\"\";s:24:\"custom_sticky_logo_width\";s:0:\"\";s:21:\"page_title_bar_layout\";s:0:\"\";s:29:\"page_title_bar_bottom_spacing\";s:0:\"\";s:31:\"page_title_bar_background_color\";s:0:\"\";s:25:\"page_title_bar_background\";s:0:\"\";s:33:\"page_title_bar_background_overlay\";s:0:\"\";s:29:\"page_title_bar_custom_heading\";s:0:\"\";s:14:\"page_sidebar_1\";s:7:\"default\";s:14:\"page_sidebar_2\";s:7:\"default\";s:21:\"page_sidebar_position\";s:7:\"default\";s:17:\"revolution_slider\";s:0:\"\";s:15:\"slider_position\";s:5:\"below\";s:13:\"footer_enable\";s:0:\"\";}\";"],"woosw_count":["3"],"woosw_add":["1610691590"],"_edit_last":["1"],"_wp_old_date":["2020-12-01"],"_edit_lock":["1735990696:1"],"_wp_old_slug":["philips-respironics-innospire-essence-compressor"],"total_sales":["1"],"_tax_class":[""],"_stock":[null],"_wc_average_rating":["0"],"_wc_review_count":["0"],"_product_image_gallery":["7574"],"rs_page_bg_color":[""],"rank_math_focus_keyword":["Sinus Forte"],"rank_math_analytic_object_id":["79"],"rank_math_seo_score":["81"],"rank_math_description":["Sinus Forte contains Eyebright, Golden Rod, Echinacea, Golden Seal and Cayenne to support the nose, sinuses and healthy upper respiratory mucous membranes."],"_admin_notes":[""],"_custom_product_field":[""],"rank_math_primary_product_cat":["0"],"rank_math_primary_product_brand":["0"],"site-sidebar-layout":["default"],"ast-site-content-layout":["default"],"site-content-style":["default"],"site-sidebar-style":["default"],"theme-transparent-header-meta":["default"],"stick-header-meta":["default"],"_wc_gla_visibility":["dont-sync-and-show"],"_global_unique_id":["10888621913728"],"_wc_facebook_sync_enabled":["yes"],"fb_visibility":["yes"],"fb_product_description":[""],"_wc_facebook_product_image_source":["product"],"_wc_facebook_enhanced_catalog_attributes_capacity":[""],"_wc_facebook_enhanced_catalog_attributes_age_group":[""],"_wc_facebook_enhanced_catalog_attributes_gender":[""],"_wc_facebook_enhanced_catalog_attributes_ingredients":[""],"_wc_facebook_enhanced_catalog_attributes_health_concern":[""],"_wc_facebook_enhanced_catalog_attributes_pattern":[""],"_wc_facebook_enhanced_catalog_attributes_power_type":[""],"_wc_facebook_enhanced_catalog_attributes_product_form":[""],"_wc_facebook_enhanced_catalog_attributes_result_time":[""],"_wc_facebook_enhanced_catalog_attributes_scent":[""],"_wc_facebook_enhanced_catalog_attributes_absorbency":[""],"_wc_facebook_enhanced_catalog_attributes_material":[""],"_wc_facebook_enhanced_catalog_attributes_serving_size":[""],"_wc_facebook_enhanced_catalog_attributes_size":[""],"_wc_facebook_enhanced_catalog_attributes_skin_care_concern":[""],"_wc_facebook_enhanced_catalog_attributes_skin_type":[""],"_wc_facebook_enhanced_catalog_attributes_spf_value":[""],"_wc_facebook_enhanced_catalog_attributes_standard_features":[""],"_wc_facebook_enhanced_catalog_attributes_stop_use_indications":[""],"_wc_facebook_enhanced_catalog_attributes_package_quantity":[""],"_wc_facebook_enhanced_catalog_attributes_lens_material":[""],"_wc_facebook_enhanced_catalog_attributes_lens_type":[""],"_wc_facebook_enhanced_catalog_attributes_lens_tint":[""],"_wc_facebook_enhanced_catalog_attributes_keywords":[""],"_wc_facebook_enhanced_catalog_attributes_is_powered":[""],"_wc_facebook_enhanced_catalog_attributes_instructions":[""],"_wc_facebook_enhanced_catalog_attributes_ingredients_composition":[""],"_wc_facebook_enhanced_catalog_attributes_inactive_ingredients":[""],"_wc_facebook_enhanced_catalog_attributes_flavor":[""],"_wc_facebook_enhanced_catalog_attributes_eyewear_rim":[""],"_wc_facebook_enhanced_catalog_attributes_dosage":[""],"_wc_facebook_enhanced_catalog_attributes_color":[""],"_wc_facebook_enhanced_catalog_attributes_brand":[""],"_wc_facebook_enhanced_catalog_attributes_body_part":[""],"_wc_facebook_enhanced_catalog_attributes_batteries_required":[""],"_wc_facebook_enhanced_catalog_attributes_u_v_rating":[""],"_wc_facebook_commerce_enabled":["no"],"rank_math_primary_fb_product_set":["0"],"astra-migrate-meta-layouts":["set"],"wpil_sync_report3":["1"],"wpil_links_inbound_internal_count":["0"],"wpil_links_inbound_internal_count_data":["eJxLtDKwqq4FAAZPAf4="],"wpil_links_outbound_internal_count":["0"],"wpil_links_outbound_internal_count_data":["eJxLtDKwqq4FAAZPAf4="],"wpil_links_outbound_external_count":["1"],"wpil_links_outbound_external_count_data":["eJxtkU9PwzAMxb\/KlHvXteOfvOMQAmkDbhwjNwlttDSpElcwTfvuON2AIXGLnWe\/X14QKjhYWKxeoLoG8TZYJ7dBGyc31u8EVEs4JLgF4biUVotVFidYghijE3yqFjWIjmhIUJb9fp4IvcaohxiUSWmuQl9ujbaPJjbFfVBjbzwVG9tEjPtyjYQutMWDdSaVXdboOLaF9WQiKrLBF6rDSPNBv2e7KzYLifKxZuP\/DfPtHYhpiUfGbCZonh2m2WcubkCgV12IWbxk9WsgJrPoZidUxpg9\/WKk2TpzTE\/mpFBro2Wzl4MbW+u\/LXiPCwrzQFZycCr4vHcCXpxz\/OhsGkyUKhok8xNqVTFzkjhSyLLLNjHFzvr24gtyuw96dEb+Uddnk8n4k0794\/ELEnikpQ=="],"wpil_sync_report2_time":["2025-01-27T07:29:11+00:00"],"omnisend_last_sync":["2025-05-16T11:05:10+00:00"],"surerank_settings_general":["a:7:{s:9:\"separator\";s:1:\"-\";s:10:\"page_title\";s:21:\"%title% - %site_name%\";s:25:\"auto_generate_description\";b:1;s:16:\"page_description\";s:155:\"Sinus Forte contains Eyebright, Golden Rod, Echinacea, Golden Seal and Cayenne to support the nose, sinuses and healthy upper respiratory mucous membranes.\";s:16:\"auto_description\";s:144:\"Sinus Forte contains Eyebright, Golden Rod, Echinacea, Golden Seal and Cayenne to support the nose, sinuses and healthy upper respiratory mucous\";s:14:\"fallback_image\";s:0:\"\";s:13:\"canonical_url\";s:50:\"https:\/\/pophaw.com\/product\/sinus-forte-60-tablets\/\";}"],"surerank_settings_post_no_index":["no"],"surerank_settings_post_no_follow":["no"],"surerank_settings_post_no_archive":["no"],"surerank_settings_social":["a:23:{s:15:\"open_graph_tags\";b:1;s:18:\"facebook_meta_tags\";b:1;s:17:\"twitter_meta_tags\";b:1;s:16:\"oembeded_scripts\";b:1;s:17:\"oembeded_og_title\";b:1;s:22:\"oembeded_social_images\";b:1;s:27:\"oembeded_remove_author_name\";b:1;s:17:\"facebook_page_url\";s:54:\"https:\/\/www.facebook.com\/profile.php?id=61571207938497\";s:24:\"facebook_author_fallback\";s:0:\"\";s:17:\"twitter_card_type\";s:19:\"summary_large_image\";s:24:\"twitter_same_as_facebook\";b:1;s:24:\"twitter_profile_username\";s:0:\"\";s:24:\"twitter_profile_fallback\";s:0:\"\";s:14:\"facebook_title\";s:21:\"%title% - %site_name%\";s:20:\"facebook_description\";s:9:\"%content%\";s:18:\"facebook_image_url\";s:74:\"https:\/\/pophaw.com\/wp-content\/uploads\/2019\/12\/Sinus-Forte-60-Tablets-1.png\";s:17:\"facebook_image_id\";i:7568;s:20:\"facebook_image_width\";i:1264;s:21:\"facebook_image_height\";i:1264;s:13:\"twitter_title\";s:21:\"%title% - %site_name%\";s:19:\"twitter_description\";s:9:\"%content%\";s:17:\"twitter_image_url\";s:74:\"https:\/\/pophaw.com\/wp-content\/uploads\/2019\/12\/Sinus-Forte-60-Tablets-1.png\";s:16:\"twitter_image_id\";i:7568;}"],"surerank_migration":["1"],"astra_style_timestamp_css":["1776903782"],"wwpp_product_wholesale_visibility_filter":["all"],"_uag_css_file_name":["uag-css-2206.css"],"rank_math_internal_links_processed":["1"],"_uag_page_assets":["a:9:{s:3:\"css\";s:0:\"\";s:2:\"js\";s:0:\"\";s:18:\"current_block_list\";a:15:{i:0;s:23:\"surecart\/slide-out-cart\";i:1;s:30:\"surecart\/slide-out-cart-header\";i:2;s:29:\"surecart\/slide-out-cart-items\";i:3;s:30:\"surecart\/slide-out-cart-coupon\";i:4;s:32:\"surecart\/slide-out-cart-subtotal\";i:5;s:38:\"surecart\/slide-out-cart-bump-line-item\";i:6;s:30:\"surecart\/slide-out-cart-submit\";i:7;s:11:\"core\/search\";i:8;s:10:\"core\/group\";i:9;s:12:\"core\/heading\";i:10;s:17:\"core\/latest-posts\";i:11;s:20:\"core\/latest-comments\";i:12;s:13:\"core\/archives\";i:13;s:15:\"core\/categories\";i:14;s:14:\"core\/shortcode\";}s:8:\"uag_flag\";b:0;s:11:\"uag_version\";s:10:\"1776869369\";s:6:\"gfonts\";a:0:{}s:10:\"gfonts_url\";s:0:\"\";s:12:\"gfonts_files\";a:0:{}s:14:\"uag_faq_layout\";b:0;}"]},"uagb_featured_image_src":{"full":["https:\/\/pophaw.com\/wp-content\/uploads\/2019\/12\/Sinus-Forte-60-Tablets-1.png",1264,1264,false],"thumbnail":["https:\/\/pophaw.com\/wp-content\/uploads\/2019\/12\/Sinus-Forte-60-Tablets-1-150x150.png",150,150,true],"medium":["https:\/\/pophaw.com\/wp-content\/uploads\/2019\/12\/Sinus-Forte-60-Tablets-1-300x300.png",300,300,true],"medium_large":["https:\/\/pophaw.com\/wp-content\/uploads\/2019\/12\/Sinus-Forte-60-Tablets-1-768x768.png",768,768,true],"large":["https:\/\/pophaw.com\/wp-content\/uploads\/2019\/12\/Sinus-Forte-60-Tablets-1-1024x1024.png",1024,1024,true],"ryviu-small":["https:\/\/pophaw.com\/wp-content\/uploads\/2019\/12\/Sinus-Forte-60-Tablets-1.png",40,40,false],"ryviu-medium":["https:\/\/pophaw.com\/wp-content\/uploads\/2019\/12\/Sinus-Forte-60-Tablets-1.png",132,132,false],"1536x1536":["https:\/\/pophaw.com\/wp-content\/uploads\/2019\/12\/Sinus-Forte-60-Tablets-1.png",1264,1264,false],"2048x2048":["https:\/\/pophaw.com\/wp-content\/uploads\/2019\/12\/Sinus-Forte-60-Tablets-1.png",1264,1264,false],"trp-custom-language-flag":["https:\/\/pophaw.com\/wp-content\/uploads\/2019\/12\/Sinus-Forte-60-Tablets-1.png",12,12,false],"woocommerce_thumbnail":["https:\/\/pophaw.com\/wp-content\/uploads\/2019\/12\/Sinus-Forte-60-Tablets-1-300x300.png",300,300,true],"woocommerce_single":["https:\/\/pophaw.com\/wp-content\/uploads\/2019\/12\/Sinus-Forte-60-Tablets-1-600x600.png",600,600,true],"woocommerce_gallery_thumbnail":["https:\/\/pophaw.com\/wp-content\/uploads\/2019\/12\/Sinus-Forte-60-Tablets-1-100x100.png",100,100,true]},"uagb_author_info":{"display_name":"Dr. Rowan","author_link":"https:\/\/pophaw.com\/fr\/author\/"},"uagb_comment_info":0,"uagb_excerpt":"Support the nose, sinuses and healthy upper respiratory mucous membranes.","_links":{"self":[{"href":"https:\/\/pophaw.com\/fr\/wp-json\/wp\/v2\/product\/2206","targetHints":{"allow":["GET"]}}],"collection":[{"href":"https:\/\/pophaw.com\/fr\/wp-json\/wp\/v2\/product"}],"about":[{"href":"https:\/\/pophaw.com\/fr\/wp-json\/wp\/v2\/types\/product"}],"wp:featuredmedia":[{"embeddable":true,"href":"https:\/\/pophaw.com\/fr\/wp-json\/wp\/v2\/media\/7568"}],"wp:attachment":[{"href":"https:\/\/pophaw.com\/fr\/wp-json\/wp\/v2\/media?parent=2206"}],"wp:term":[{"taxonomy":"product_brand","embeddable":true,"href":"https:\/\/pophaw.com\/fr\/wp-json\/wp\/v2\/product_brand?post=2206"},{"taxonomy":"product_cat","embeddable":true,"href":"https:\/\/pophaw.com\/fr\/wp-json\/wp\/v2\/product_cat?post=2206"},{"taxonomy":"product_tag","embeddable":true,"href":"https:\/\/pophaw.com\/fr\/wp-json\/wp\/v2\/product_tag?post=2206"}],"curies":[{"name":"wp","href":"https:\/\/api.w.org\/{rel}","templated":true}]}}