{"id":2210,"date":"2019-12-01T13:59:35","date_gmt":"2019-12-01T13:59:35","guid":{"rendered":"https:\/\/pophaw.com\/product\/daily-mens-multi-vitamins-minerals\/"},"modified":"2025-02-15T00:52:47","modified_gmt":"2025-02-15T08:52:47","slug":"complexe-dandrographis-120-comprimes","status":"publish","type":"product","link":"https:\/\/pophaw.com\/fr\/product\/complexe-dandrographis-120-comprimes\/","title":{"rendered":"Andrographis Complex 120 Comprim\u00e9s"},"content":{"rendered":"<div>\n<p><span style=\"font-family: arial, helvetica, sans-serif; color: #000000;\">Le complexe Andrographis contient de l'andrographis, de l'\u00e9chinac\u00e9e et du basilic sacr\u00e9 pour soutenir le fonctionnement normal du syst\u00e8me immunitaire*.<\/span><span style=\"font-family: arial, helvetica, sans-serif; color: #000000;\">Ces plantes sont traditionnellement utilis\u00e9es dans des pr\u00e9parations \u00e0 base de plantes pour :<\/span><\/p>\n<ul>\n<li><span style=\"font-family: arial, helvetica, sans-serif; color: #000000;\">Contribuer au bon fonctionnement du syst\u00e8me immunitaire*<\/span><\/li>\n<li><span style=\"font-family: arial, helvetica, sans-serif; color: #000000;\">Favoriser le bon fonctionnement du syst\u00e8me respiratoire*<\/span><\/li>\n<li><span style=\"font-family: arial, helvetica, sans-serif; color: #000000;\">Soutenir et maintenir la temp\u00e9rature corporelle normale dans une fourchette normale*.<\/span><\/li>\n<li><span style=\"font-family: arial, helvetica, sans-serif; color: #000000;\">Favoriser une r\u00e9ponse saine du syst\u00e8me immunitaire en cas de stress saisonnier*.<\/span><\/li>\n<li><span style=\"font-family: arial, helvetica, sans-serif; color: #000000;\">Favoriser une r\u00e9ponse adaptative au stress quotidien*<\/span><\/li>\n<li><span style=\"font-family: arial, helvetica, sans-serif; color: #000000;\">Favoriser une fonction h\u00e9patique saine*<\/span><\/li>\n<\/ul>\n<p><span style=\"font-family: arial, helvetica, sans-serif; color: #000000;\">Andrographis,\u00a0<em>Echinacea angustifolia\u00a0<\/em>La racine d'andrographis et le basilic sacr\u00e9 fournissent une gamme unique de substances phytochimiques, notamment des lactones diterp\u00e9no\u00efdes (collectivement appel\u00e9s andrographolides), des flavono\u00efdes, des d\u00e9riv\u00e9s de l'acide caf\u00e9ique (en particulier l'\u00e9chinacoside et la cynarine), des alkylamides, de l'huile essentielle (riche en monoterp\u00e8nes et sesquiterp\u00e8nes, typiquement l'eug\u00e9nol) et des polyph\u00e9nols. Le composant Andrographis de ce comprim\u00e9 est standardis\u00e9 pour contenir 10 mg d'andrographolide par comprim\u00e9 afin de garantir une concentration et une qualit\u00e9 optimales.<\/span><\/p>\n<\/div>\n<hr \/>\n<div>\n<p><span style=\"font-family: arial, helvetica, sans-serif; color: #000000;\"><strong>Utilisation sugg\u00e9r\u00e9e :<\/strong><\/span><\/p>\n<p><span style=\"font-family: arial, helvetica, sans-serif; color: #000000;\">1 comprim\u00e9 2 \u00e0 4 fois par jour, ou selon les instructions.<\/span><\/p>\n<p>&nbsp;<\/p>\n<p><span style=\"font-family: arial, helvetica, sans-serif; color: #000000;\"><strong>Attention :<\/strong>\u00a0Contre-indiqu\u00e9 en cas de grossesse et d'allaitement. Contre-indiqu\u00e9 en cas d'allergie connue aux plantes de la famille des marguerites. Pour d'autres contre-indications et mises en garde, consultez votre professionnel de la sant\u00e9. Tenir hors de port\u00e9e des enfants. Conserver dans un endroit frais et sec, \u00e0 l'abri de la lumi\u00e8re directe du soleil.<\/span><\/p>\n<\/div>\n<hr \/>\n<div>\n<h4><span style=\"font-family: arial, helvetica, sans-serif; color: #000000;\">Nutriments et ingr\u00e9dients<\/span><\/h4>\n<p>&nbsp;<\/p>\n<p><span style=\"font-family: arial, helvetica, sans-serif; color: #000000;\">Chaque portion (1 comprim\u00e9) contient : Calcium 51 mg, extrait de racine d'\u00e9chinac\u00e9e 4:1 125 mg (provenant d'une plante de la famille des\u00a0<em>Echinacea angustifolia\u00a0<\/em>racine 500 mg), extrait 5:1 de basilic sacr\u00e9 100 mg (\u00e0 partir de\u00a0<em>Ocimum tenuiflorum\u00a0<\/em>herbe 500 mg), Andrographis herbe 10:1 extrait 100 mg (\u00e0 partir de\u00a0<em>Panicule andrographique\u00a0<\/em>herbe 1,0 g, contenant 10 mg d'andrographolide), Basilic sacr\u00e9 (<em>Ocimum tenuiflorum)<\/em>\u00a0huile essentielle de plantes 10 mg. Autres ingr\u00e9dients : Cellulose microcristalline, phosphate de calcium dibasique dihydrat\u00e9, glycolate d'amidon sodique, hypromellose, dioxyde de silicium, st\u00e9arate de magn\u00e9sium et maltodextrine.<\/span><\/p>\n<p>&nbsp;<\/p>\n<\/div>\n<hr \/>\n<div>\n<p><span style=\"font-family: arial, helvetica, sans-serif; color: #000000;\">Pour d'autres contre-indications et mises en garde, veuillez vous r\u00e9f\u00e9rer \u00e0 la rubrique\u00a0<a style=\"color: #000000;\" href=\"https:\/\/my.standardprocess.com\/MediHerb-Document-Library\/Catalog-Files\/herb-drug-interaction-chart.pdf\" target=\"_blank\" rel=\"noopener\">Tableau des interactions potentielles entre les plantes et les m\u00e9dicaments<\/a>.<\/span><\/p>\n<p><span style=\"font-family: arial, helvetica, sans-serif; color: #000000;\">Veuillez consulter l'\u00e9tiquette du produit pour obtenir les informations les plus pr\u00e9cises.<\/span><\/p>\n<p><span style=\"font-family: arial, helvetica, sans-serif; color: #000000;\">*Ces d\u00e9clarations n'ont pas \u00e9t\u00e9 \u00e9valu\u00e9es par la Food and Drug Administration. Ces produits ne sont pas destin\u00e9s \u00e0 diagnostiquer, traiter, gu\u00e9rir ou pr\u00e9venir une quelconque maladie.<\/span><\/p>\n<\/div>","protected":false},"excerpt":{"rendered":"<p>Favoriser le fonctionnement normal du syst\u00e8me immunitaire.<\/p>","protected":false},"featured_media":10511,"template":"","meta":{"bwfblock_default_font":"","_uag_custom_page_level_css":"","site-sidebar-layout":"default","site-content-layout":"","ast-site-content-layout":"default","site-content-style":"default","site-sidebar-style":"default","ast-global-header-display":"","ast-banner-title-visibility":"","ast-main-header-display":"","ast-hfb-above-header-display":"","ast-hfb-below-header-display":"","ast-hfb-mobile-header-display":"","site-post-title":"","ast-breadcrumbs-content":"","ast-featured-img":"","footer-sml-layout":"","ast-disable-related-posts":"","theme-transparent-header-meta":"default","adv-header-id-meta":"","stick-header-meta":"default","header-above-stick-meta":"","header-main-stick-meta":"","header-below-stick-meta":"","astra-migrate-meta-layouts":"set","ast-page-background-enabled":"default","ast-page-background-meta":{"desktop":{"background-color":"","background-image":"","background-repeat":"repeat","background-position":"center center","background-size":"auto","background-attachment":"scroll","background-type":"","background-media":"","overlay-type":"","overlay-color":"","overlay-opacity":"","overlay-gradient":""},"tablet":{"background-color":"","background-image":"","background-repeat":"repeat","background-position":"center center","background-size":"auto","background-attachment":"scroll","background-type":"","background-media":"","overlay-type":"","overlay-color":"","overlay-opacity":"","overlay-gradient":""},"mobile":{"background-color":"","background-image":"","background-repeat":"repeat","background-position":"center center","background-size":"auto","background-attachment":"scroll","background-type":"","background-media":"","overlay-type":"","overlay-color":"","overlay-opacity":"","overlay-gradient":""}},"ast-content-background-meta":{"desktop":{"background-color":"var(--ast-global-color-5)","background-image":"","background-repeat":"repeat","background-position":"center center","background-size":"auto","background-attachment":"scroll","background-type":"","background-media":"","overlay-type":"","overlay-color":"","overlay-opacity":"","overlay-gradient":""},"tablet":{"background-color":"var(--ast-global-color-5)","background-image":"","background-repeat":"repeat","background-position":"center center","background-size":"auto","background-attachment":"scroll","background-type":"","background-media":"","overlay-type":"","overlay-color":"","overlay-opacity":"","overlay-gradient":""},"mobile":{"background-color":"var(--ast-global-color-5)","background-image":"","background-repeat":"repeat","background-position":"center center","background-size":"auto","background-attachment":"scroll","background-type":"","background-media":"","overlay-type":"","overlay-color":"","overlay-opacity":"","overlay-gradient":""}}},"product_brand":[108],"product_cat":[127],"product_tag":[],"class_list":{"0":"post-2210","1":"product","2":"type-product","3":"status-publish","4":"has-post-thumbnail","6":"product_brand-mediherb","7":"product_cat-dietary-supplements","8":"desktop-align-center","9":"tablet-align-center","10":"mobile-align-center","11":"ast-product-gallery-layout-horizontal-slider","12":"ast-magnify-disabled","13":"ast-product-tabs-layout-horizontal","15":"first","16":"instock","17":"shipping-taxable","18":"purchasable","19":"product-type-simple"},"spectra_custom_meta":{"_sku":["NRT035"],"_regular_price":["116.99"],"_tax_status":["taxable"],"_manage_stock":["no"],"_backorders":["no"],"_sold_individually":["no"],"_virtual":["no"],"_downloadable":["no"],"_download_limit":["-1"],"_download_expiry":["-1"],"_thumbnail_id":["10511"],"_stock_status":["instock"],"_product_version":["9.6.2"],"_price":["116.99"],"insight_product_options":["s:1358:\"a:38:{s:27:\"single_product_layout_style\";s:0:\"\";s:11:\"site_layout\";s:0:\"\";s:10:\"site_width\";s:0:\"\";s:16:\"site_top_spacing\";s:0:\"\";s:19:\"site_bottom_spacing\";s:0:\"\";s:10:\"site_class\";s:0:\"\";s:21:\"site_background_color\";s:0:\"\";s:21:\"site_background_image\";s:0:\"\";s:22:\"site_background_repeat\";s:9:\"no-repeat\";s:26:\"site_background_attachment\";s:0:\"\";s:24:\"site_background_position\";s:0:\"\";s:20:\"site_background_size\";s:0:\"\";s:24:\"content_background_color\";s:0:\"\";s:24:\"content_background_image\";s:0:\"\";s:25:\"content_background_repeat\";s:9:\"no-repeat\";s:27:\"content_background_position\";s:0:\"\";s:12:\"top_bar_type\";s:0:\"\";s:11:\"header_type\";s:0:\"\";s:14:\"header_overlay\";s:0:\"\";s:11:\"header_skin\";s:0:\"\";s:12:\"menu_display\";s:0:\"\";s:13:\"menu_one_page\";s:1:\"0\";s:16:\"custom_dark_logo\";s:0:\"\";s:17:\"custom_light_logo\";s:0:\"\";s:17:\"custom_logo_width\";s:0:\"\";s:24:\"custom_sticky_logo_width\";s:0:\"\";s:21:\"page_title_bar_layout\";s:0:\"\";s:29:\"page_title_bar_bottom_spacing\";s:0:\"\";s:31:\"page_title_bar_background_color\";s:0:\"\";s:25:\"page_title_bar_background\";s:0:\"\";s:33:\"page_title_bar_background_overlay\";s:0:\"\";s:29:\"page_title_bar_custom_heading\";s:0:\"\";s:14:\"page_sidebar_1\";s:7:\"default\";s:14:\"page_sidebar_2\";s:7:\"default\";s:21:\"page_sidebar_position\";s:7:\"default\";s:17:\"revolution_slider\";s:0:\"\";s:15:\"slider_position\";s:5:\"below\";s:13:\"footer_enable\";s:0:\"\";}\";"],"woosw_count":["5"],"woosw_add":["1625754194"],"_edit_last":["1"],"_wp_old_date":["2020-12-01"],"total_sales":["0"],"_tax_class":[""],"_stock":[null],"_wc_average_rating":["0"],"_wc_review_count":["0"],"_edit_lock":["1739603239:1"],"_wp_old_slug":["daily-mens-multi-vitamins-minerals"],"_product_image_gallery":["10512"],"rs_page_bg_color":[""],"rank_math_focus_keyword":["Andrographis Complex"],"rank_math_analytic_object_id":["77"],"rank_math_seo_score":["82"],"rank_math_description":["Andrographis Complex contains Andrographis, Echinacea and Holy Basil to support normal immune system function."],"_admin_notes":[""],"_custom_product_field":[""],"rank_math_primary_product_cat":["0"],"rank_math_primary_product_brand":["0"],"site-sidebar-layout":["default"],"ast-site-content-layout":["default"],"site-content-style":["default"],"site-sidebar-style":["default"],"theme-transparent-header-meta":["default"],"stick-header-meta":["default"],"_wc_facebook_sync_enabled":["yes"],"fb_visibility":["yes"],"fb_product_description":[""],"_wc_facebook_product_image_source":["product"],"_wc_facebook_commerce_enabled":["no"],"fb_product_group_id":["27975988795379459"],"rank_math_primary_fb_product_set":["0"],"fb_product_item_id":["27975989052046100"],"_wc_gla_synced_at":["1776049266"],"_wc_gla_sync_status":["synced"],"_wc_gla_visibility":["sync-and-show"],"_wc_gla_google_ids":["a:1:{s:2:\"US\";s:21:\"online:en:US:gla_2210\";}"],"_global_unique_id":["10888621913742"],"_wc_facebook_enhanced_catalog_attributes_capacity":[""],"_wc_facebook_enhanced_catalog_attributes_age_group":[""],"_wc_facebook_enhanced_catalog_attributes_gender":[""],"_wc_facebook_enhanced_catalog_attributes_ingredients":[""],"_wc_facebook_enhanced_catalog_attributes_health_concern":[""],"_wc_facebook_enhanced_catalog_attributes_pattern":[""],"_wc_facebook_enhanced_catalog_attributes_power_type":[""],"_wc_facebook_enhanced_catalog_attributes_product_form":[""],"_wc_facebook_enhanced_catalog_attributes_result_time":[""],"_wc_facebook_enhanced_catalog_attributes_scent":[""],"_wc_facebook_enhanced_catalog_attributes_absorbency":[""],"_wc_facebook_enhanced_catalog_attributes_material":[""],"_wc_facebook_enhanced_catalog_attributes_serving_size":[""],"_wc_facebook_enhanced_catalog_attributes_size":[""],"_wc_facebook_enhanced_catalog_attributes_skin_care_concern":[""],"_wc_facebook_enhanced_catalog_attributes_skin_type":[""],"_wc_facebook_enhanced_catalog_attributes_spf_value":[""],"_wc_facebook_enhanced_catalog_attributes_standard_features":[""],"_wc_facebook_enhanced_catalog_attributes_stop_use_indications":[""],"_wc_facebook_enhanced_catalog_attributes_package_quantity":[""],"_wc_facebook_enhanced_catalog_attributes_lens_material":[""],"_wc_facebook_enhanced_catalog_attributes_lens_type":[""],"_wc_facebook_enhanced_catalog_attributes_lens_tint":[""],"_wc_facebook_enhanced_catalog_attributes_keywords":[""],"_wc_facebook_enhanced_catalog_attributes_is_powered":[""],"_wc_facebook_enhanced_catalog_attributes_instructions":[""],"_wc_facebook_enhanced_catalog_attributes_ingredients_composition":[""],"_wc_facebook_enhanced_catalog_attributes_inactive_ingredients":[""],"_wc_facebook_enhanced_catalog_attributes_flavor":[""],"_wc_facebook_enhanced_catalog_attributes_eyewear_rim":[""],"_wc_facebook_enhanced_catalog_attributes_dosage":[""],"_wc_facebook_enhanced_catalog_attributes_color":[""],"_wc_facebook_enhanced_catalog_attributes_brand":[""],"_wc_facebook_enhanced_catalog_attributes_body_part":[""],"_wc_facebook_enhanced_catalog_attributes_batteries_required":[""],"_wc_facebook_enhanced_catalog_attributes_u_v_rating":[""],"classic-editor-remember":["classic-editor"],"wp_statistics_words_count":["289"],"wpil_sync_report3":["1"],"wpil_links_inbound_internal_count":["0"],"wpil_links_inbound_internal_count_data":["eJxLtDKwqq4FAAZPAf4="],"wpil_links_outbound_internal_count":["0"],"wpil_links_outbound_internal_count_data":["eJxLtDKwqq4FAAZPAf4="],"wpil_links_outbound_external_count":["1"],"wpil_links_outbound_external_count_data":["eJxtkU9PwzAMxb\/KlHvXteOfvOMQAmkDbhwjNwlttDSpElcwTfvuON2AIXGLnWe\/X14QKjhYWKxeoLoG8TZYJ7dBGyc31u8EVEs4JLgF4biUVotVFidYghijE3yqFjWIjmhIUJb9fp4IvcaohxiUSWmuQl9ujbaPJjbFfVBjbzwVG9tEjPtyjYQutMWDdSaVXdboOLaF9WQiKrLBF6rDSPNBv2e7KzYLifKxZuP\/DfPtHYhpiUfGbCZonh2m2WcubkCgV12IWbxk9WsgJrPoZidUxpg9\/WKk2TpzTE\/mpFBro2Wzl4MbW+u\/LXiPCwrzQFZycCr4vHcCXpxz\/OhsGkyUKhok8xNqVTFzkjhSyLLLNjHFzvr24gtyuw96dEb+Uddnk8n4k0794\/ELEnikpQ=="],"wpil_sync_report2_time":["2025-01-27T07:29:11+00:00"],"fb_brand":[""],"fb_mpn":[""],"astra-migrate-meta-layouts":["set"],"omnisend_last_sync":["2025-05-16T11:05:10+00:00"],"surerank_settings_general":["a:7:{s:9:\"separator\";s:1:\"-\";s:10:\"page_title\";s:21:\"%title% - %site_name%\";s:25:\"auto_generate_description\";b:1;s:16:\"page_description\";s:110:\"Andrographis Complex contains Andrographis, Echinacea and Holy Basil to support normal immune system function.\";s:16:\"auto_description\";s:154:\"Andrographis Complex contains Andrographis, Echinacea and Holy Basil to support normal immune system function.*These herbs have been traditionally used in\";s:14:\"fallback_image\";s:0:\"\";s:13:\"canonical_url\";s:60:\"https:\/\/pophaw.com\/product\/andrographis-complex-120-tablets\/\";}"],"surerank_settings_post_no_index":["no"],"surerank_settings_post_no_follow":["no"],"surerank_settings_post_no_archive":["no"],"surerank_settings_social":["a:23:{s:15:\"open_graph_tags\";b:1;s:18:\"facebook_meta_tags\";b:1;s:17:\"twitter_meta_tags\";b:1;s:16:\"oembeded_scripts\";b:1;s:17:\"oembeded_og_title\";b:1;s:22:\"oembeded_social_images\";b:1;s:27:\"oembeded_remove_author_name\";b:1;s:17:\"facebook_page_url\";s:54:\"https:\/\/www.facebook.com\/profile.php?id=61571207938497\";s:24:\"facebook_author_fallback\";s:0:\"\";s:17:\"twitter_card_type\";s:19:\"summary_large_image\";s:24:\"twitter_same_as_facebook\";b:1;s:24:\"twitter_profile_username\";s:0:\"\";s:24:\"twitter_profile_fallback\";s:0:\"\";s:14:\"facebook_title\";s:21:\"%title% - %site_name%\";s:20:\"facebook_description\";s:9:\"%content%\";s:18:\"facebook_image_url\";s:83:\"https:\/\/pophaw.com\/wp-content\/uploads\/2019\/12\/Andrographis-Complex-120-Tablets.webp\";s:17:\"facebook_image_id\";i:10511;s:20:\"facebook_image_width\";i:1234;s:21:\"facebook_image_height\";i:1234;s:13:\"twitter_title\";s:21:\"%title% - %site_name%\";s:19:\"twitter_description\";s:9:\"%content%\";s:17:\"twitter_image_url\";s:83:\"https:\/\/pophaw.com\/wp-content\/uploads\/2019\/12\/Andrographis-Complex-120-Tablets.webp\";s:16:\"twitter_image_id\";i:10511;}"],"surerank_migration":["1"],"astra_style_timestamp_css":["1776897503"],"wwpp_product_wholesale_visibility_filter":["all"],"_uag_css_file_name":["uag-css-2210.css"],"rank_math_internal_links_processed":["1"],"_wc_gla_mc_status":["partially_approved"],"_uag_page_assets":["a:9:{s:3:\"css\";s:0:\"\";s:2:\"js\";s:0:\"\";s:18:\"current_block_list\";a:15:{i:0;s:23:\"surecart\/slide-out-cart\";i:1;s:30:\"surecart\/slide-out-cart-header\";i:2;s:29:\"surecart\/slide-out-cart-items\";i:3;s:30:\"surecart\/slide-out-cart-coupon\";i:4;s:32:\"surecart\/slide-out-cart-subtotal\";i:5;s:38:\"surecart\/slide-out-cart-bump-line-item\";i:6;s:30:\"surecart\/slide-out-cart-submit\";i:7;s:11:\"core\/search\";i:8;s:10:\"core\/group\";i:9;s:12:\"core\/heading\";i:10;s:17:\"core\/latest-posts\";i:11;s:20:\"core\/latest-comments\";i:12;s:13:\"core\/archives\";i:13;s:15:\"core\/categories\";i:14;s:14:\"core\/shortcode\";}s:8:\"uag_flag\";b:0;s:11:\"uag_version\";s:10:\"1776869369\";s:6:\"gfonts\";a:0:{}s:10:\"gfonts_url\";s:0:\"\";s:12:\"gfonts_files\";a:0:{}s:14:\"uag_faq_layout\";b:0;}"]},"uagb_featured_image_src":{"full":["https:\/\/pophaw.com\/wp-content\/uploads\/2019\/12\/Andrographis-Complex-120-Tablets.webp",1234,1234,false],"thumbnail":["https:\/\/pophaw.com\/wp-content\/uploads\/2019\/12\/Andrographis-Complex-120-Tablets-150x150.webp",150,150,true],"medium":["https:\/\/pophaw.com\/wp-content\/uploads\/2019\/12\/Andrographis-Complex-120-Tablets-300x300.webp",300,300,true],"medium_large":["https:\/\/pophaw.com\/wp-content\/uploads\/2019\/12\/Andrographis-Complex-120-Tablets-768x768.webp",768,768,true],"large":["https:\/\/pophaw.com\/wp-content\/uploads\/2019\/12\/Andrographis-Complex-120-Tablets-1024x1024.webp",1024,1024,true],"ryviu-small":["https:\/\/pophaw.com\/wp-content\/uploads\/2019\/12\/Andrographis-Complex-120-Tablets.webp",40,40,false],"ryviu-medium":["https:\/\/pophaw.com\/wp-content\/uploads\/2019\/12\/Andrographis-Complex-120-Tablets.webp",132,132,false],"1536x1536":["https:\/\/pophaw.com\/wp-content\/uploads\/2019\/12\/Andrographis-Complex-120-Tablets.webp",1234,1234,false],"2048x2048":["https:\/\/pophaw.com\/wp-content\/uploads\/2019\/12\/Andrographis-Complex-120-Tablets.webp",1234,1234,false],"trp-custom-language-flag":["https:\/\/pophaw.com\/wp-content\/uploads\/2019\/12\/Andrographis-Complex-120-Tablets.webp",12,12,false],"woocommerce_thumbnail":["https:\/\/pophaw.com\/wp-content\/uploads\/2019\/12\/Andrographis-Complex-120-Tablets-300x300.webp",300,300,true],"woocommerce_single":["https:\/\/pophaw.com\/wp-content\/uploads\/2019\/12\/Andrographis-Complex-120-Tablets-600x600.webp",600,600,true],"woocommerce_gallery_thumbnail":["https:\/\/pophaw.com\/wp-content\/uploads\/2019\/12\/Andrographis-Complex-120-Tablets-100x100.webp",100,100,true]},"uagb_author_info":{"display_name":"Dr. Rowan","author_link":"https:\/\/pophaw.com\/fr\/author\/"},"uagb_comment_info":0,"uagb_excerpt":"Support normal immune system function.","_links":{"self":[{"href":"https:\/\/pophaw.com\/fr\/wp-json\/wp\/v2\/product\/2210","targetHints":{"allow":["GET"]}}],"collection":[{"href":"https:\/\/pophaw.com\/fr\/wp-json\/wp\/v2\/product"}],"about":[{"href":"https:\/\/pophaw.com\/fr\/wp-json\/wp\/v2\/types\/product"}],"wp:featuredmedia":[{"embeddable":true,"href":"https:\/\/pophaw.com\/fr\/wp-json\/wp\/v2\/media\/10511"}],"wp:attachment":[{"href":"https:\/\/pophaw.com\/fr\/wp-json\/wp\/v2\/media?parent=2210"}],"wp:term":[{"taxonomy":"product_brand","embeddable":true,"href":"https:\/\/pophaw.com\/fr\/wp-json\/wp\/v2\/product_brand?post=2210"},{"taxonomy":"product_cat","embeddable":true,"href":"https:\/\/pophaw.com\/fr\/wp-json\/wp\/v2\/product_cat?post=2210"},{"taxonomy":"product_tag","embeddable":true,"href":"https:\/\/pophaw.com\/fr\/wp-json\/wp\/v2\/product_tag?post=2210"}],"curies":[{"name":"wp","href":"https:\/\/api.w.org\/{rel}","templated":true}]}}