{"id":225,"date":"2019-04-16T08:38:38","date_gmt":"2019-04-16T08:38:38","guid":{"rendered":"https:\/\/pophaw.com\/product\/search-lab-n95-face-mask\/"},"modified":"2025-02-13T02:46:28","modified_gmt":"2025-02-13T10:46:28","slug":"prostatrol-forte-60ct","status":"publish","type":"product","link":"https:\/\/pophaw.com\/fr\/product\/prostatrol-forte-60ct\/","title":{"rendered":"Prostatrol Forte 60ct"},"content":{"rendered":"<p><span style=\"font-family: arial, helvetica, sans-serif; color: #000000;\">Prostatrol Forte contient des herbes et des oligo-\u00e9l\u00e9ments qui agissent en synergie pour favoriser le bon fonctionnement de la prostate. L'extrait de palmier nain, l'extrait de racine d'ortie et l'extrait d'\u00e9corce de pygeum soutiennent tous la sant\u00e9 de la prostate, et leur combinaison dans une seule formule cr\u00e9e un effet synergique.<\/span><\/p>\n<h3><span style=\"font-family: arial, helvetica, sans-serif; color: #000000;\">APPLICATIONS CLINIQUES<\/span><\/h3>\n<ul>\n<li><span style=\"font-family: arial, helvetica, sans-serif; color: #000000;\">Favorise un d\u00e9bit et une fr\u00e9quence des voies urinaires sains<\/span><\/li>\n<li><span style=\"font-family: arial, helvetica, sans-serif; color: #000000;\">Aide \u00e0 maintenir l'\u00e9quilibre hormonal<\/span><\/li>\n<li><span style=\"font-family: arial, helvetica, sans-serif; color: #000000;\">Fournit des nutriments qui soutiennent la sant\u00e9 de la prostate<\/span><\/li>\n<\/ul>\n<h3><span style=\"font-family: arial, helvetica, sans-serif; color: #000000;\">VUE D'ENSEMBLE<\/span><\/h3>\n<p><span style=\"font-family: arial, helvetica, sans-serif; color: #000000;\">L'hypertrophie de la prostate peut affecter plusieurs facteurs de la sant\u00e9 masculine, notamment le flux urinaire et la sant\u00e9 g\u00e9n\u00e9rale de la prostate. La testost\u00e9rone, son m\u00e9tabolite puissant, la dihydrotestost\u00e9rone (DHT), et les \u0153strog\u00e8nes sont des hormones qui affectent la prostate. La testost\u00e9rone est transform\u00e9e en \u0153strog\u00e8nes par l'enzyme aromatase. Les niveaux d'aromatase augmentent avec l'\u00e2ge, ce qui entra\u00eene une baisse des niveaux de testost\u00e9rone et une augmentation de la production d'\u0153strog\u00e8nes. La testost\u00e9rone est \u00e9galement convertie en sa forme la plus puissante, la DHT, par l'enzyme connue sous le nom de 5-alpha-r\u00e9ductase. La combinaison de l'augmentation des niveaux d'\u0153strog\u00e8nes et de la DHT est consid\u00e9r\u00e9e comme un facteur cl\u00e9 de l'hypertrophie de la prostate. Prostatrol Forte contient des inhibiteurs naturels de l'aromatase et des plantes m\u00e9dicinales qui pr\u00e9viennent l'augmentation des niveaux de DHT et d'\u0153strog\u00e8ne pour aider \u00e0 soutenir un flux urinaire sain, le m\u00e9tabolisme des hormones et la sant\u00e9 globale de la prostate.<\/span><br \/>\n<span style=\"font-family: arial, helvetica, sans-serif; color: #000000;\">Prostatrol Forte contient des herbes et des oligo-\u00e9l\u00e9ments qui agissent en synergie pour favoriser le bon fonctionnement de la prostate. L'extrait de palmier nain, l'extrait de racine d'ortie et l'extrait d'\u00e9corce de pygeum soutiennent chacun la sant\u00e9 de la prostate de mani\u00e8re unique et travaillent ensemble pour soutenir un flux urinaire sain, la fr\u00e9quence des mictions et maintenir un cycle \u00e9quilibr\u00e9 d'inflammation dans la prostate.<\/span><br \/>\n<span style=\"font-family: arial, helvetica, sans-serif; color: #000000;\"><strong>Utilisation sugg\u00e9r\u00e9e :<\/strong><\/span><br \/>\n<span style=\"font-family: arial, helvetica, sans-serif; color: #000000;\">1 g\u00e9lule par jour ou selon les recommandations de votre professionnel de la sant\u00e9.<\/span><\/p>\n<h3><span style=\"font-family: arial, helvetica, sans-serif; color: #000000;\">AVANTAGES DES INGR\u00c9DIENTS<\/span><\/h3>\n<p><span style=\"font-family: arial, helvetica, sans-serif; color: #000000;\"><strong>Palmier nain<\/strong><\/span><br \/>\n<span style=\"font-family: arial, helvetica, sans-serif; color: #000000;\">L'extrait liposoluble du fruit du palmier nain, originaire de Floride, a fait l'objet de recherches approfondies pour sa capacit\u00e9 \u00e0 favoriser la sant\u00e9 de la prostate. Le m\u00e9canisme d'action du palmier nain comprend l'inhibition de l'enzyme 5-\u03b1-r\u00e9ductase et l'interf\u00e9rence avec les r\u00e9cepteurs d'\u0153strog\u00e8nes de la prostate. Une m\u00e9ta-analyse de 18 essais contr\u00f4l\u00e9s randomis\u00e9s portant sur 2 939 hommes a montr\u00e9 que le palmier nain pr\u00e9sentait des avantages significatifs, favorisant un d\u00e9bit urinaire normal, une fr\u00e9quence urinaire nocturne et un d\u00e9bit urinaire maximal. Dans un essai randomis\u00e9 en double aveugle de 6 mois portant sur 1 098 patients, le palmier nain a permis d'obtenir des scores de prostate sains, un d\u00e9bit urinaire maximal et a favoris\u00e9 une fonction sexuelle saine.<\/span><br \/>\n<span style=\"font-family: arial, helvetica, sans-serif; color: #000000;\"><strong>Extrait de racine d'ortie<\/strong><\/span><br \/>\n<span style=\"font-family: arial, helvetica, sans-serif; color: #000000;\">L'extrait de racine d'ortie est une plante vivace qui pousse en abondance et qui est utilis\u00e9e dans la m\u00e9decine traditionnelle en Europe et en Asie. Plusieurs compos\u00e9s actifs de la racine d'ortie, dont les lignanes et les acides trihydroxyoctad\u00e9c\u00e9no\u00efques, se sont r\u00e9v\u00e9l\u00e9s b\u00e9n\u00e9fiques pour la sant\u00e9 de la prostate. Un essai en double aveugle, contr\u00f4l\u00e9 par placebo, a d\u00e9montr\u00e9 que la racine d'ortie r\u00e9duisait les niveaux de globuline liant les hormones sexuelles (SHBG) chez les hommes. La SHBG, une prot\u00e9ine produite principalement dans le foie, sert de transporteur pour acheminer les \u0153strog\u00e8nes et la testost\u00e9rone vers les r\u00e9cepteurs d'hormones sexuelles dans l'ensemble du corps. Avec le vieillissement, les niveaux de SHBG peuvent augmenter, m\u00eame si la production d'hormones continue \u00e0 diminuer. Un taux \u00e9lev\u00e9 de SHBG pi\u00e8ge la testost\u00e9rone libre, cr\u00e9ant des changements hormonaux qui ont un impact n\u00e9gatif sur la sant\u00e9 de la prostate. En plus de r\u00e9duire les niveaux de SHBG, il a \u00e9t\u00e9 d\u00e9montr\u00e9 que la racine d'ortie bloque le r\u00e9cepteur SHBG, emp\u00eachant ainsi une augmentation de l'activit\u00e9 du r\u00e9cepteur hormonal. Gr\u00e2ce \u00e0 son large spectre d'effets sur l'\u00e9quilibre hormonal et la sant\u00e9 de la prostate, l'extrait de racine d'ortie aide \u00e0 maintenir la croissance et la taille normales de la prostate.<\/span><br \/>\n<span style=\"font-family: arial, helvetica, sans-serif; color: #000000;\"><strong>\u00c9corce de pygeum<\/strong><\/span><br \/>\n<span style=\"font-family: arial, helvetica, sans-serif; color: #000000;\"><i>Pygeum africanum<\/i>\u00a0est un arbre \u00e0 feuilles persistantes originaire d'Afrique, dont l'\u00e9corce a \u00e9t\u00e9 utilis\u00e9e par les indig\u00e8nes pour soutenir la sant\u00e9 urinaire. Il a \u00e9t\u00e9 d\u00e9montr\u00e9 que le pygeum bloque les pr\u00e9curseurs des androg\u00e8nes et qu'il maintient la taille normale de la prostate en inhibant les facteurs de croissance responsables de la croissance de la prostate chez les hommes. L'\u00e9corce de pygeum favorise \u00e9galement une r\u00e9ponse inflammatoire saine en inhibant l'enzyme lipoxyg\u00e9nase. Dans une \u00e9tude portant sur 85 patients ayant re\u00e7u 50 mg de pygeum deux fois par jour pendant deux mois, les scores de qualit\u00e9 de vie se sont am\u00e9lior\u00e9s et l'\u00e9corce de pygeum s'est av\u00e9r\u00e9e soutenir de mani\u00e8re significative une fr\u00e9quence urinaire normale. Un essai de comparaison des doses sur 209 patients divis\u00e9s en deux groupes, qui ont re\u00e7u soit 100 mg d'extrait d'\u00e9corce de pygeum une fois par jour, soit 50 mg deux fois par jour, a montr\u00e9 que les deux groupes avaient des r\u00e9sultats positifs similaires, en maintenant un d\u00e9bit urinaire sain.<\/span><br \/>\n<span style=\"font-family: arial, helvetica, sans-serif; color: #000000;\"><strong>Zinc, s\u00e9l\u00e9nium et cuivre<\/strong><\/span><br \/>\n<span style=\"font-family: arial, helvetica, sans-serif; color: #000000;\">Il est important de veiller \u00e0 ce que le statut en zinc soit ad\u00e9quat chez les hommes plus \u00e2g\u00e9s, o\u00f9 les niveaux \u00e9lev\u00e9s d'\u0153strog\u00e8nes peuvent diminuer l'absorption du zinc. Le zinc est \u00e9galement un puissant inhibiteur de la 5-alpha-r\u00e9ductase, ce qui r\u00e9duit la conversion de la testost\u00e9rone en DHT. Le cuivre est inclus dans Prostatrol Forte pour pr\u00e9venir l'\u00e9puisement du cuivre induit par le zinc. Le s\u00e9l\u00e9nium contribue \u00e0 la sant\u00e9 de la prostate en stimulant les voies de promotion des antioxydants sp\u00e9cifiquement li\u00e9es \u00e0 la sant\u00e9 de la prostate.<\/span><\/p>","protected":false},"excerpt":{"rendered":"<p>L'extrait de palmier nain, l'extrait de racine d'ortie et l'extrait d'\u00e9corce de pygeum soutiennent tous la sant\u00e9 de la prostate, et leur combinaison dans une seule formule cr\u00e9e un effet synergique.<\/p>","protected":false},"featured_media":7159,"template":"","meta":{"bwfblock_default_font":"","_uag_custom_page_level_css":"","site-sidebar-layout":"default","site-content-layout":"","ast-site-content-layout":"default","site-content-style":"default","site-sidebar-style":"default","ast-global-header-display":"","ast-banner-title-visibility":"","ast-main-header-display":"","ast-hfb-above-header-display":"","ast-hfb-below-header-display":"","ast-hfb-mobile-header-display":"","site-post-title":"","ast-breadcrumbs-content":"","ast-featured-img":"","footer-sml-layout":"","ast-disable-related-posts":"","theme-transparent-header-meta":"default","adv-header-id-meta":"","stick-header-meta":"default","header-above-stick-meta":"","header-main-stick-meta":"","header-below-stick-meta":"","astra-migrate-meta-layouts":"set","ast-page-background-enabled":"default","ast-page-background-meta":{"desktop":{"background-color":"","background-image":"","background-repeat":"repeat","background-position":"center center","background-size":"auto","background-attachment":"scroll","background-type":"","background-media":"","overlay-type":"","overlay-color":"","overlay-opacity":"","overlay-gradient":""},"tablet":{"background-color":"","background-image":"","background-repeat":"repeat","background-position":"center center","background-size":"auto","background-attachment":"scroll","background-type":"","background-media":"","overlay-type":"","overlay-color":"","overlay-opacity":"","overlay-gradient":""},"mobile":{"background-color":"","background-image":"","background-repeat":"repeat","background-position":"center center","background-size":"auto","background-attachment":"scroll","background-type":"","background-media":"","overlay-type":"","overlay-color":"","overlay-opacity":"","overlay-gradient":""}},"ast-content-background-meta":{"desktop":{"background-color":"var(--ast-global-color-5)","background-image":"","background-repeat":"repeat","background-position":"center center","background-size":"auto","background-attachment":"scroll","background-type":"","background-media":"","overlay-type":"","overlay-color":"","overlay-opacity":"","overlay-gradient":""},"tablet":{"background-color":"var(--ast-global-color-5)","background-image":"","background-repeat":"repeat","background-position":"center center","background-size":"auto","background-attachment":"scroll","background-type":"","background-media":"","overlay-type":"","overlay-color":"","overlay-opacity":"","overlay-gradient":""},"mobile":{"background-color":"var(--ast-global-color-5)","background-image":"","background-repeat":"repeat","background-position":"center center","background-size":"auto","background-attachment":"scroll","background-type":"","background-media":"","overlay-type":"","overlay-color":"","overlay-opacity":"","overlay-gradient":""}}},"product_brand":[170],"product_cat":[127],"product_tag":[],"class_list":{"0":"post-225","1":"product","2":"type-product","3":"status-publish","4":"has-post-thumbnail","6":"product_brand-ortho-molecular-products","7":"product_cat-dietary-supplements","8":"desktop-align-center","9":"tablet-align-center","10":"mobile-align-center","11":"ast-product-gallery-layout-horizontal-slider","12":"ast-magnify-disabled","13":"ast-product-tabs-layout-horizontal","15":"first","16":"instock","17":"shipping-taxable","18":"purchasable","19":"product-type-simple"},"spectra_custom_meta":{"_edit_last":["1"],"_thumbnail_id":["7159"],"insight_product_options":["s:1358:\"a:38:{s:27:\"single_product_layout_style\";s:0:\"\";s:11:\"site_layout\";s:0:\"\";s:10:\"site_width\";s:0:\"\";s:16:\"site_top_spacing\";s:0:\"\";s:19:\"site_bottom_spacing\";s:0:\"\";s:10:\"site_class\";s:0:\"\";s:21:\"site_background_color\";s:0:\"\";s:21:\"site_background_image\";s:0:\"\";s:22:\"site_background_repeat\";s:9:\"no-repeat\";s:26:\"site_background_attachment\";s:0:\"\";s:24:\"site_background_position\";s:0:\"\";s:20:\"site_background_size\";s:0:\"\";s:24:\"content_background_color\";s:0:\"\";s:24:\"content_background_image\";s:0:\"\";s:25:\"content_background_repeat\";s:9:\"no-repeat\";s:27:\"content_background_position\";s:0:\"\";s:12:\"top_bar_type\";s:0:\"\";s:11:\"header_type\";s:0:\"\";s:14:\"header_overlay\";s:0:\"\";s:11:\"header_skin\";s:0:\"\";s:12:\"menu_display\";s:0:\"\";s:13:\"menu_one_page\";s:1:\"0\";s:16:\"custom_dark_logo\";s:0:\"\";s:17:\"custom_light_logo\";s:0:\"\";s:17:\"custom_logo_width\";s:0:\"\";s:24:\"custom_sticky_logo_width\";s:0:\"\";s:21:\"page_title_bar_layout\";s:0:\"\";s:29:\"page_title_bar_bottom_spacing\";s:0:\"\";s:31:\"page_title_bar_background_color\";s:0:\"\";s:25:\"page_title_bar_background\";s:0:\"\";s:33:\"page_title_bar_background_overlay\";s:0:\"\";s:29:\"page_title_bar_custom_heading\";s:0:\"\";s:14:\"page_sidebar_1\";s:7:\"default\";s:14:\"page_sidebar_2\";s:7:\"default\";s:21:\"page_sidebar_position\";s:7:\"default\";s:17:\"revolution_slider\";s:0:\"\";s:15:\"slider_position\";s:5:\"below\";s:13:\"footer_enable\";s:0:\"\";}\";"],"_regular_price":["58"],"total_sales":["22"],"_tax_status":["taxable"],"_manage_stock":["yes"],"_backorders":["no"],"_sold_individually":["no"],"_virtual":["no"],"_downloadable":["no"],"_download_limit":["-1"],"_download_expiry":["-1"],"_stock":["2"],"_stock_status":["instock"],"_product_version":["9.6.1"],"_price":["58"],"_product_image_gallery":["7160"],"_sku":["NRT014"],"_wp_old_date":["2020-04-16"],"woosw_count":["36"],"woosw_add":["1611622654"],"woosw_remove":["1603363764"],"_edit_lock":["1735991159:1"],"_wp_old_slug":["search-lab-n95-face-mask"],"_tax_class":[""],"_wc_average_rating":["0"],"_wc_review_count":["0"],"rs_page_bg_color":[""],"rank_math_focus_keyword":["Prostatrol Forte"],"rank_math_analytic_object_id":["113"],"rank_math_seo_score":["81"],"rank_math_description":["Prostatrol Forte provides herbs and trace minerals that work in synergy to support healthy prostate function."],"_admin_notes":[""],"_custom_product_field":[""],"rank_math_primary_product_cat":["0"],"rank_math_primary_product_brand":["0"],"site-sidebar-layout":["default"],"ast-site-content-layout":["default"],"site-content-style":["default"],"site-sidebar-style":["default"],"theme-transparent-header-meta":["default"],"stick-header-meta":["default"],"_wc_gla_visibility":["dont-sync-and-show"],"fb_product_item_id":["8710784795708043"],"_global_unique_id":["10888621913384"],"_wc_facebook_sync_enabled":["yes"],"fb_visibility":["yes"],"fb_product_description":[""],"_wc_facebook_product_image_source":["product"],"_wc_facebook_enhanced_catalog_attributes_capacity":[""],"_wc_facebook_enhanced_catalog_attributes_age_group":[""],"_wc_facebook_enhanced_catalog_attributes_gender":[""],"_wc_facebook_enhanced_catalog_attributes_ingredients":[""],"_wc_facebook_enhanced_catalog_attributes_health_concern":[""],"_wc_facebook_enhanced_catalog_attributes_pattern":[""],"_wc_facebook_enhanced_catalog_attributes_power_type":[""],"_wc_facebook_enhanced_catalog_attributes_product_form":[""],"_wc_facebook_enhanced_catalog_attributes_result_time":[""],"_wc_facebook_enhanced_catalog_attributes_scent":[""],"_wc_facebook_enhanced_catalog_attributes_absorbency":[""],"_wc_facebook_enhanced_catalog_attributes_material":[""],"_wc_facebook_enhanced_catalog_attributes_serving_size":[""],"_wc_facebook_enhanced_catalog_attributes_size":[""],"_wc_facebook_enhanced_catalog_attributes_skin_care_concern":[""],"_wc_facebook_enhanced_catalog_attributes_skin_type":[""],"_wc_facebook_enhanced_catalog_attributes_spf_value":[""],"_wc_facebook_enhanced_catalog_attributes_standard_features":[""],"_wc_facebook_enhanced_catalog_attributes_stop_use_indications":[""],"_wc_facebook_enhanced_catalog_attributes_package_quantity":[""],"_wc_facebook_enhanced_catalog_attributes_lens_material":[""],"_wc_facebook_enhanced_catalog_attributes_lens_type":[""],"_wc_facebook_enhanced_catalog_attributes_lens_tint":[""],"_wc_facebook_enhanced_catalog_attributes_keywords":[""],"_wc_facebook_enhanced_catalog_attributes_is_powered":[""],"_wc_facebook_enhanced_catalog_attributes_instructions":[""],"_wc_facebook_enhanced_catalog_attributes_ingredients_composition":[""],"_wc_facebook_enhanced_catalog_attributes_inactive_ingredients":[""],"_wc_facebook_enhanced_catalog_attributes_flavor":[""],"_wc_facebook_enhanced_catalog_attributes_eyewear_rim":[""],"_wc_facebook_enhanced_catalog_attributes_dosage":[""],"_wc_facebook_enhanced_catalog_attributes_color":[""],"_wc_facebook_enhanced_catalog_attributes_brand":[""],"_wc_facebook_enhanced_catalog_attributes_body_part":[""],"_wc_facebook_enhanced_catalog_attributes_batteries_required":[""],"_wc_facebook_enhanced_catalog_attributes_u_v_rating":[""],"_wc_facebook_commerce_enabled":["no"],"rank_math_primary_fb_product_set":["0"],"astra-migrate-meta-layouts":["set"],"wpil_sync_report3":["1"],"wpil_links_inbound_internal_count":["0"],"wpil_links_inbound_internal_count_data":["eJxLtDKwqq4FAAZPAf4="],"wpil_links_outbound_internal_count":["0"],"wpil_links_outbound_internal_count_data":["eJxLtDKwqq4FAAZPAf4="],"wpil_links_outbound_external_count":["0"],"wpil_links_outbound_external_count_data":["eJxLtDKwqq4FAAZPAf4="],"wpil_sync_report2_time":["2025-01-27T07:29:11+00:00"],"omnisend_last_sync":["2025-05-16T11:05:10+00:00"],"surerank_settings_general":["a:7:{s:9:\"separator\";s:1:\"-\";s:10:\"page_title\";s:21:\"%title% - %site_name%\";s:25:\"auto_generate_description\";b:1;s:16:\"page_description\";s:109:\"Prostatrol Forte provides herbs and trace minerals that work in synergy to support healthy prostate function.\";s:16:\"auto_description\";s:153:\"Prostatrol Forte provides herbs and trace minerals that work in synergy to support healthy prostate function. Saw palmetto extract, stinging nettles root\";s:14:\"fallback_image\";s:0:\"\";s:13:\"canonical_url\";s:49:\"https:\/\/pophaw.com\/product\/prostatrol-forte-60ct\/\";}"],"surerank_settings_post_no_index":["no"],"surerank_settings_post_no_follow":["no"],"surerank_settings_post_no_archive":["no"],"surerank_settings_social":["a:23:{s:15:\"open_graph_tags\";b:1;s:18:\"facebook_meta_tags\";b:1;s:17:\"twitter_meta_tags\";b:1;s:16:\"oembeded_scripts\";b:1;s:17:\"oembeded_og_title\";b:1;s:22:\"oembeded_social_images\";b:1;s:27:\"oembeded_remove_author_name\";b:1;s:17:\"facebook_page_url\";s:54:\"https:\/\/www.facebook.com\/profile.php?id=61571207938497\";s:24:\"facebook_author_fallback\";s:0:\"\";s:17:\"twitter_card_type\";s:19:\"summary_large_image\";s:24:\"twitter_same_as_facebook\";b:1;s:24:\"twitter_profile_username\";s:0:\"\";s:24:\"twitter_profile_fallback\";s:0:\"\";s:14:\"facebook_title\";s:21:\"%title% - %site_name%\";s:20:\"facebook_description\";s:9:\"%content%\";s:18:\"facebook_image_url\";s:71:\"https:\/\/pophaw.com\/wp-content\/uploads\/2019\/04\/Prostatrol-Forte-60ct.png\";s:17:\"facebook_image_id\";i:7159;s:20:\"facebook_image_width\";i:565;s:21:\"facebook_image_height\";i:565;s:13:\"twitter_title\";s:21:\"%title% - %site_name%\";s:19:\"twitter_description\";s:9:\"%content%\";s:17:\"twitter_image_url\";s:71:\"https:\/\/pophaw.com\/wp-content\/uploads\/2019\/04\/Prostatrol-Forte-60ct.png\";s:16:\"twitter_image_id\";i:7159;}"],"surerank_migration":["1"],"astra_style_timestamp_css":["1776896645"],"wwpp_product_wholesale_visibility_filter":["all"],"_uag_css_file_name":["uag-css-225.css"],"rank_math_internal_links_processed":["1"],"_uag_page_assets":["a:9:{s:3:\"css\";s:260:\".uag-blocks-common-selector{z-index:var(--z-index-desktop) !important}@media(max-width: 976px){.uag-blocks-common-selector{z-index:var(--z-index-tablet) !important}}@media(max-width: 767px){.uag-blocks-common-selector{z-index:var(--z-index-mobile) !important}}\";s:2:\"js\";s:0:\"\";s:18:\"current_block_list\";a:15:{i:0;s:23:\"surecart\/slide-out-cart\";i:1;s:30:\"surecart\/slide-out-cart-header\";i:2;s:29:\"surecart\/slide-out-cart-items\";i:3;s:30:\"surecart\/slide-out-cart-coupon\";i:4;s:32:\"surecart\/slide-out-cart-subtotal\";i:5;s:38:\"surecart\/slide-out-cart-bump-line-item\";i:6;s:30:\"surecart\/slide-out-cart-submit\";i:7;s:11:\"core\/search\";i:8;s:10:\"core\/group\";i:9;s:12:\"core\/heading\";i:10;s:17:\"core\/latest-posts\";i:11;s:20:\"core\/latest-comments\";i:12;s:13:\"core\/archives\";i:13;s:15:\"core\/categories\";i:14;s:14:\"core\/shortcode\";}s:8:\"uag_flag\";b:0;s:11:\"uag_version\";s:10:\"1776869369\";s:6:\"gfonts\";a:0:{}s:10:\"gfonts_url\";s:0:\"\";s:12:\"gfonts_files\";a:0:{}s:14:\"uag_faq_layout\";b:0;}"]},"uagb_featured_image_src":{"full":["https:\/\/pophaw.com\/wp-content\/uploads\/2019\/04\/Prostatrol-Forte-60ct.png",565,565,false],"thumbnail":["https:\/\/pophaw.com\/wp-content\/uploads\/2019\/04\/Prostatrol-Forte-60ct-150x150.png",150,150,true],"medium":["https:\/\/pophaw.com\/wp-content\/uploads\/2019\/04\/Prostatrol-Forte-60ct-300x300.png",300,300,true],"medium_large":["https:\/\/pophaw.com\/wp-content\/uploads\/2019\/04\/Prostatrol-Forte-60ct.png",565,565,false],"large":["https:\/\/pophaw.com\/wp-content\/uploads\/2019\/04\/Prostatrol-Forte-60ct.png",565,565,false],"ryviu-small":["https:\/\/pophaw.com\/wp-content\/uploads\/2019\/04\/Prostatrol-Forte-60ct.png",40,40,false],"ryviu-medium":["https:\/\/pophaw.com\/wp-content\/uploads\/2019\/04\/Prostatrol-Forte-60ct.png",132,132,false],"1536x1536":["https:\/\/pophaw.com\/wp-content\/uploads\/2019\/04\/Prostatrol-Forte-60ct.png",565,565,false],"2048x2048":["https:\/\/pophaw.com\/wp-content\/uploads\/2019\/04\/Prostatrol-Forte-60ct.png",565,565,false],"trp-custom-language-flag":["https:\/\/pophaw.com\/wp-content\/uploads\/2019\/04\/Prostatrol-Forte-60ct.png",12,12,false],"woocommerce_thumbnail":["https:\/\/pophaw.com\/wp-content\/uploads\/2019\/04\/Prostatrol-Forte-60ct-300x300.png",300,300,true],"woocommerce_single":["https:\/\/pophaw.com\/wp-content\/uploads\/2019\/04\/Prostatrol-Forte-60ct.png",565,565,false],"woocommerce_gallery_thumbnail":["https:\/\/pophaw.com\/wp-content\/uploads\/2019\/04\/Prostatrol-Forte-60ct-100x100.png",100,100,true]},"uagb_author_info":{"display_name":"Dr. Rowan","author_link":"https:\/\/pophaw.com\/fr\/author\/"},"uagb_comment_info":0,"uagb_excerpt":"Saw palmetto extract, stinging nettles root extract and pygeum bark extract each support prostate health, and their combination in a single formula creates a synergistic effect.","_links":{"self":[{"href":"https:\/\/pophaw.com\/fr\/wp-json\/wp\/v2\/product\/225","targetHints":{"allow":["GET"]}}],"collection":[{"href":"https:\/\/pophaw.com\/fr\/wp-json\/wp\/v2\/product"}],"about":[{"href":"https:\/\/pophaw.com\/fr\/wp-json\/wp\/v2\/types\/product"}],"wp:featuredmedia":[{"embeddable":true,"href":"https:\/\/pophaw.com\/fr\/wp-json\/wp\/v2\/media\/7159"}],"wp:attachment":[{"href":"https:\/\/pophaw.com\/fr\/wp-json\/wp\/v2\/media?parent=225"}],"wp:term":[{"taxonomy":"product_brand","embeddable":true,"href":"https:\/\/pophaw.com\/fr\/wp-json\/wp\/v2\/product_brand?post=225"},{"taxonomy":"product_cat","embeddable":true,"href":"https:\/\/pophaw.com\/fr\/wp-json\/wp\/v2\/product_cat?post=225"},{"taxonomy":"product_tag","embeddable":true,"href":"https:\/\/pophaw.com\/fr\/wp-json\/wp\/v2\/product_tag?post=225"}],"curies":[{"name":"wp","href":"https:\/\/api.w.org\/{rel}","templated":true}]}}