{"id":229,"date":"2019-04-16T09:06:50","date_gmt":"2019-04-16T09:06:50","guid":{"rendered":"https:\/\/pophaw.com\/product\/disposable-blue-surgical-face-mask\/"},"modified":"2026-02-03T05:23:50","modified_gmt":"2026-02-03T13:23:50","slug":"magnesium-reagi-180ct","status":"publish","type":"product","link":"https:\/\/pophaw.com\/fr\/product\/magnesium-reagi-180ct\/","title":{"rendered":"Magn\u00e9sium r\u00e9actif 180ct"},"content":{"rendered":"<p>Reacted Magnesium comprend trois formes de magn\u00e9sium hautement absorb\u00e9 pour une vari\u00e9t\u00e9 de protocoles.<\/p>\n<ul>\n<li>Fournit trois formes de magn\u00e9sium hautement absorb\u00e9 pour une vari\u00e9t\u00e9 de protocoles<\/li>\n<li>Magn\u00e9sium \u00e0 haute concentration pour le soutien cardiovasculaire<\/li>\n<li>Aide \u00e0 maintenir une tension art\u00e9rielle et un taux de glucose sains<\/li>\n<li>Favorise la production d'\u00e9nergie et la relaxation musculaire<\/li>\n<\/ul>\n<p>Le magn\u00e9sium est un min\u00e9ral abondant dans l'organisme et se trouve naturellement dans de nombreux aliments, comme les l\u00e9gumes \u00e0 feuilles vertes. On le trouve \u00e9galement dans des m\u00e9dicaments en vente libre, tels que les laxatifs. Selon l'\u00e9tude NHANES (National Health and Nutrition Examination Survey), l'apport moyen en magn\u00e9sium des Am\u00e9ricains est extr\u00eamement faible : De nombreux Am\u00e9ricains ne parviennent pas \u00e0 consommer le besoin moyen estim\u00e9 (EAR) \u00e9tabli par l'Institute of Medicine. En outre, plus de 57% de la population ne satisfait pas aux exigences du minist\u00e8re am\u00e9ricain de l'agriculture en mati\u00e8re de magn\u00e9sium dans l'alimentation. La consommation excessive d'alcool, de sel, de caf\u00e9, d'acide phosphorique contenu dans les sodas, les r\u00e9gimes riches en calcium et les niveaux de stress \u00e9lev\u00e9s r\u00e9duisent les niveaux de magn\u00e9sium intracellulaire. En raison de la nature r\u00e9pandue des carences en magn\u00e9sium, un apport quotidien ad\u00e9quat de magn\u00e9sium est essentiel pour une bonne hydratation, la r\u00e9ponse au stress, la relaxation musculaire, la promotion de niveaux de tension art\u00e9rielle sains, une densit\u00e9 min\u00e9rale osseuse optimale et la r\u00e9gulation du taux de sucre dans le sang.<\/p>\n<p>Reacted Magnesium fournit trois formes uniques de magn\u00e9sium hautement absorb\u00e9 pour assurer une absorption maximale de cet important macromin\u00e9ral. La plupart des suppl\u00e9ments de magn\u00e9sium n'utilisent qu'une seule source de magn\u00e9sium, ce qui peut facilement surcharger une seule voie d'absorption et limiter l'absorption. Reacted Magnesium tire parti de trois voies d'absorption uniques en fournissant du magn\u00e9sium sous forme de malate de di-magn\u00e9sium, de citrate de magn\u00e9sium et de glycinate de magn\u00e9sium pour une meilleure absorption, une meilleure utilisation et un confort gastro-intestinal (GI). Certaines personnes qui prennent d'autres formes de suppl\u00e9ments de magn\u00e9sium \u00e9prouvent souvent des effets secondaires gastro-intestinaux, notamment des gaz, des ballonnements, de la diarrh\u00e9e, de la constipation ou une combinaison de ces sympt\u00f4mes. Les formes de magn\u00e9sium utilis\u00e9es dans Reacted Magnesium pr\u00e9servent le confort gastro-intestinal tout en maximisant l'absorption et en r\u00e9tablissant les niveaux de magn\u00e9sium dans l'organisme.<\/p>\n<p><strong>Utilisation sugg\u00e9r\u00e9e :<\/strong><br \/>\n2 g\u00e9lules ou plus par jour ou selon les recommandations de votre professionnel de la sant\u00e9.<\/p>","protected":false},"excerpt":{"rendered":"<p>Reacted Magnesium comprend trois formes de magn\u00e9sium hautement absorb\u00e9 pour une vari\u00e9t\u00e9 de protocoles.<\/p>","protected":false},"featured_media":12068,"template":"","meta":{"bwfblock_default_font":"","_uag_custom_page_level_css":"","site-sidebar-layout":"default","site-content-layout":"","ast-site-content-layout":"default","site-content-style":"default","site-sidebar-style":"default","ast-global-header-display":"","ast-banner-title-visibility":"","ast-main-header-display":"","ast-hfb-above-header-display":"","ast-hfb-below-header-display":"","ast-hfb-mobile-header-display":"","site-post-title":"","ast-breadcrumbs-content":"","ast-featured-img":"","footer-sml-layout":"","ast-disable-related-posts":"","theme-transparent-header-meta":"default","adv-header-id-meta":"","stick-header-meta":"default","header-above-stick-meta":"","header-main-stick-meta":"","header-below-stick-meta":"","astra-migrate-meta-layouts":"set","ast-page-background-enabled":"default","ast-page-background-meta":{"desktop":{"background-color":"","background-image":"","background-repeat":"repeat","background-position":"center center","background-size":"auto","background-attachment":"scroll","background-type":"","background-media":"","overlay-type":"","overlay-color":"","overlay-opacity":"","overlay-gradient":""},"tablet":{"background-color":"","background-image":"","background-repeat":"repeat","background-position":"center center","background-size":"auto","background-attachment":"scroll","background-type":"","background-media":"","overlay-type":"","overlay-color":"","overlay-opacity":"","overlay-gradient":""},"mobile":{"background-color":"","background-image":"","background-repeat":"repeat","background-position":"center center","background-size":"auto","background-attachment":"scroll","background-type":"","background-media":"","overlay-type":"","overlay-color":"","overlay-opacity":"","overlay-gradient":""}},"ast-content-background-meta":{"desktop":{"background-color":"var(--ast-global-color-5)","background-image":"","background-repeat":"repeat","background-position":"center center","background-size":"auto","background-attachment":"scroll","background-type":"","background-media":"","overlay-type":"","overlay-color":"","overlay-opacity":"","overlay-gradient":""},"tablet":{"background-color":"var(--ast-global-color-5)","background-image":"","background-repeat":"repeat","background-position":"center center","background-size":"auto","background-attachment":"scroll","background-type":"","background-media":"","overlay-type":"","overlay-color":"","overlay-opacity":"","overlay-gradient":""},"mobile":{"background-color":"var(--ast-global-color-5)","background-image":"","background-repeat":"repeat","background-position":"center center","background-size":"auto","background-attachment":"scroll","background-type":"","background-media":"","overlay-type":"","overlay-color":"","overlay-opacity":"","overlay-gradient":""}}},"product_brand":[170],"product_cat":[127],"product_tag":[],"class_list":{"0":"post-229","1":"product","2":"type-product","3":"status-publish","4":"has-post-thumbnail","6":"product_brand-ortho-molecular-products","7":"product_cat-dietary-supplements","8":"desktop-align-center","9":"tablet-align-center","10":"mobile-align-center","11":"ast-product-gallery-layout-horizontal-slider","12":"ast-magnify-disabled","13":"ast-product-tabs-layout-horizontal","15":"first","16":"instock","17":"sale","18":"featured","19":"shipping-taxable","20":"purchasable","21":"product-type-simple"},"spectra_custom_meta":{"_edit_last":["1"],"total_sales":["12"],"_tax_status":["taxable"],"_manage_stock":["yes"],"_backorders":["no"],"_sold_individually":["no"],"_virtual":["no"],"_downloadable":["no"],"_download_limit":["-1"],"_download_expiry":["-1"],"_stock":["17"],"_stock_status":["instock"],"_wc_average_rating":["5.00"],"_wc_review_count":["1"],"_product_version":["10.4.3"],"insight_product_options":["s:1358:\"a:38:{s:27:\"single_product_layout_style\";s:0:\"\";s:11:\"site_layout\";s:0:\"\";s:10:\"site_width\";s:0:\"\";s:16:\"site_top_spacing\";s:0:\"\";s:19:\"site_bottom_spacing\";s:0:\"\";s:10:\"site_class\";s:0:\"\";s:21:\"site_background_color\";s:0:\"\";s:21:\"site_background_image\";s:0:\"\";s:22:\"site_background_repeat\";s:9:\"no-repeat\";s:26:\"site_background_attachment\";s:0:\"\";s:24:\"site_background_position\";s:0:\"\";s:20:\"site_background_size\";s:0:\"\";s:24:\"content_background_color\";s:0:\"\";s:24:\"content_background_image\";s:0:\"\";s:25:\"content_background_repeat\";s:9:\"no-repeat\";s:27:\"content_background_position\";s:0:\"\";s:12:\"top_bar_type\";s:0:\"\";s:11:\"header_type\";s:0:\"\";s:14:\"header_overlay\";s:0:\"\";s:11:\"header_skin\";s:0:\"\";s:12:\"menu_display\";s:0:\"\";s:13:\"menu_one_page\";s:1:\"0\";s:16:\"custom_dark_logo\";s:0:\"\";s:17:\"custom_light_logo\";s:0:\"\";s:17:\"custom_logo_width\";s:0:\"\";s:24:\"custom_sticky_logo_width\";s:0:\"\";s:21:\"page_title_bar_layout\";s:0:\"\";s:29:\"page_title_bar_bottom_spacing\";s:0:\"\";s:31:\"page_title_bar_background_color\";s:0:\"\";s:25:\"page_title_bar_background\";s:0:\"\";s:33:\"page_title_bar_background_overlay\";s:0:\"\";s:29:\"page_title_bar_custom_heading\";s:0:\"\";s:14:\"page_sidebar_1\";s:7:\"default\";s:14:\"page_sidebar_2\";s:7:\"default\";s:21:\"page_sidebar_position\";s:7:\"default\";s:17:\"revolution_slider\";s:0:\"\";s:15:\"slider_position\";s:5:\"below\";s:13:\"footer_enable\";s:0:\"\";}\";"],"_sku":["NRT015"],"_regular_price":["56"],"_price":["45.9"],"_product_image_gallery":["7163"],"_wc_rating_count":["a:1:{i:5;i:1;}"],"_wp_old_date":["2020-04-16"],"woosw_count":["16"],"woosw_add":["1623947265"],"woosw_remove":["1596138146"],"_thumbnail_id":["12068"],"_tax_class":[""],"_edit_lock":["1742800517:1"],"_wp_old_slug":["disposable-blue-surgical-face-mask"],"rs_page_bg_color":[""],"rank_math_focus_keyword":["Reacted Magnesium"],"rank_math_analytic_object_id":["112"],"rank_math_seo_score":["86"],"_admin_notes":[""],"_custom_product_field":[""],"rank_math_primary_product_cat":["127"],"rank_math_primary_product_brand":["0"],"site-sidebar-layout":["default"],"ast-site-content-layout":["default"],"site-content-style":["default"],"site-sidebar-style":["default"],"theme-transparent-header-meta":["default"],"stick-header-meta":["default"],"_wc_facebook_sync_enabled":["yes"],"fb_visibility":["yes"],"fb_product_description":[""],"_wc_facebook_product_image_source":["product"],"_wc_facebook_commerce_enabled":["no"],"fb_product_group_id":["9137306606326067"],"rank_math_primary_fb_product_set":["0"],"fb_product_item_id":["9137306892992705"],"_wc_gla_visibility":["sync-and-show"],"_global_unique_id":["10888621913391"],"_wc_facebook_enhanced_catalog_attributes_capacity":[""],"_wc_facebook_enhanced_catalog_attributes_age_group":[""],"_wc_facebook_enhanced_catalog_attributes_gender":[""],"_wc_facebook_enhanced_catalog_attributes_ingredients":[""],"_wc_facebook_enhanced_catalog_attributes_health_concern":[""],"_wc_facebook_enhanced_catalog_attributes_pattern":[""],"_wc_facebook_enhanced_catalog_attributes_power_type":[""],"_wc_facebook_enhanced_catalog_attributes_product_form":[""],"_wc_facebook_enhanced_catalog_attributes_result_time":[""],"_wc_facebook_enhanced_catalog_attributes_scent":[""],"_wc_facebook_enhanced_catalog_attributes_absorbency":[""],"_wc_facebook_enhanced_catalog_attributes_material":[""],"_wc_facebook_enhanced_catalog_attributes_serving_size":[""],"_wc_facebook_enhanced_catalog_attributes_size":[""],"_wc_facebook_enhanced_catalog_attributes_skin_care_concern":[""],"_wc_facebook_enhanced_catalog_attributes_skin_type":[""],"_wc_facebook_enhanced_catalog_attributes_spf_value":[""],"_wc_facebook_enhanced_catalog_attributes_standard_features":[""],"_wc_facebook_enhanced_catalog_attributes_stop_use_indications":[""],"_wc_facebook_enhanced_catalog_attributes_package_quantity":[""],"_wc_facebook_enhanced_catalog_attributes_lens_material":[""],"_wc_facebook_enhanced_catalog_attributes_lens_type":[""],"_wc_facebook_enhanced_catalog_attributes_lens_tint":[""],"_wc_facebook_enhanced_catalog_attributes_keywords":[""],"_wc_facebook_enhanced_catalog_attributes_is_powered":[""],"_wc_facebook_enhanced_catalog_attributes_instructions":[""],"_wc_facebook_enhanced_catalog_attributes_ingredients_composition":[""],"_wc_facebook_enhanced_catalog_attributes_inactive_ingredients":[""],"_wc_facebook_enhanced_catalog_attributes_flavor":[""],"_wc_facebook_enhanced_catalog_attributes_eyewear_rim":[""],"_wc_facebook_enhanced_catalog_attributes_dosage":[""],"_wc_facebook_enhanced_catalog_attributes_color":[""],"_wc_facebook_enhanced_catalog_attributes_brand":[""],"_wc_facebook_enhanced_catalog_attributes_body_part":[""],"_wc_facebook_enhanced_catalog_attributes_batteries_required":[""],"_wc_facebook_enhanced_catalog_attributes_u_v_rating":[""],"wpil_sync_report3":["1"],"wpil_links_inbound_internal_count":["0"],"wpil_links_inbound_internal_count_data":["eJxLtDKwqq4FAAZPAf4="],"wpil_links_outbound_internal_count":["0"],"wpil_links_outbound_internal_count_data":["eJxLtDKwqq4FAAZPAf4="],"wpil_links_outbound_external_count":["0"],"wpil_links_outbound_external_count_data":["eJxLtDKwqq4FAAZPAf4="],"wpil_sync_report2_time":["2025-01-27T07:29:11+00:00"],"classic-editor-remember":["classic-editor"],"_sale_price":["45.9"],"fb_brand":[""],"fb_mpn":[""],"_wc_gla_sync_status":["synced"],"_wc_gla_synced_at":["1774580420"],"_wc_gla_google_ids":["a:1:{s:2:\"US\";s:20:\"online:en:US:gla_229\";}"],"_fixed_price_rules":["a:0:{}"],"fb_rich_text_description":[""],"fb_product_video":["a:0:{}"],"astra-migrate-meta-layouts":["set"],"omnisend_last_sync":["2026-02-03T13:23:50+00:00"],"surerank_settings_general":["a:7:{s:9:\"separator\";s:1:\"-\";s:10:\"page_title\";s:21:\"%title% - %site_name%\";s:25:\"auto_generate_description\";b:1;s:16:\"page_description\";s:9:\"%excerpt%\";s:16:\"auto_description\";s:153:\"Reacted Magnesium includes three forms of highly absorbed magnesium for a variety of protocols. Magnesium is an abundant mineral in the body and is found\";s:14:\"fallback_image\";s:0:\"\";s:13:\"canonical_url\";s:51:\"https:\/\/pophaw.com\/product\/reacted-magnesium-180ct\/\";}"],"surerank_settings_post_no_index":["no"],"surerank_settings_post_no_follow":["no"],"surerank_settings_post_no_archive":["no"],"surerank_settings_social":["a:23:{s:15:\"open_graph_tags\";b:1;s:18:\"facebook_meta_tags\";b:1;s:17:\"twitter_meta_tags\";b:1;s:16:\"oembeded_scripts\";b:1;s:17:\"oembeded_og_title\";b:1;s:22:\"oembeded_social_images\";b:1;s:27:\"oembeded_remove_author_name\";b:1;s:17:\"facebook_page_url\";s:54:\"https:\/\/www.facebook.com\/profile.php?id=61571207938497\";s:24:\"facebook_author_fallback\";s:0:\"\";s:17:\"twitter_card_type\";s:19:\"summary_large_image\";s:24:\"twitter_same_as_facebook\";b:1;s:24:\"twitter_profile_username\";s:0:\"\";s:24:\"twitter_profile_fallback\";s:0:\"\";s:14:\"facebook_title\";s:21:\"%title% - %site_name%\";s:20:\"facebook_description\";s:9:\"%content%\";s:18:\"facebook_image_url\";s:74:\"https:\/\/pophaw.com\/wp-content\/uploads\/2019\/04\/Reacted-Magnesium-180ct.webp\";s:17:\"facebook_image_id\";i:12068;s:20:\"facebook_image_width\";i:565;s:21:\"facebook_image_height\";i:565;s:13:\"twitter_title\";s:21:\"%title% - %site_name%\";s:19:\"twitter_description\";s:9:\"%content%\";s:17:\"twitter_image_url\";s:74:\"https:\/\/pophaw.com\/wp-content\/uploads\/2019\/04\/Reacted-Magnesium-180ct.webp\";s:16:\"twitter_image_id\";i:12068;}"],"surerank_migration":["1"],"astra_style_timestamp_css":["1775192921"],"wwpp_product_wholesale_visibility_filter":["all"],"_uag_css_file_name":["uag-css-229.css"],"_uag_page_assets":["a:9:{s:3:\"css\";s:263:\".uag-blocks-common-selector{z-index:var(--z-index-desktop) !important}@media (max-width: 976px){.uag-blocks-common-selector{z-index:var(--z-index-tablet) !important}}@media (max-width: 767px){.uag-blocks-common-selector{z-index:var(--z-index-mobile) !important}}\n\";s:2:\"js\";s:0:\"\";s:18:\"current_block_list\";a:15:{i:0;s:23:\"surecart\/slide-out-cart\";i:1;s:30:\"surecart\/slide-out-cart-header\";i:2;s:29:\"surecart\/slide-out-cart-items\";i:3;s:30:\"surecart\/slide-out-cart-coupon\";i:4;s:32:\"surecart\/slide-out-cart-subtotal\";i:5;s:38:\"surecart\/slide-out-cart-bump-line-item\";i:6;s:30:\"surecart\/slide-out-cart-submit\";i:7;s:11:\"core\/search\";i:8;s:10:\"core\/group\";i:9;s:12:\"core\/heading\";i:10;s:17:\"core\/latest-posts\";i:11;s:20:\"core\/latest-comments\";i:12;s:13:\"core\/archives\";i:13;s:15:\"core\/categories\";i:14;s:14:\"core\/shortcode\";}s:8:\"uag_flag\";b:0;s:11:\"uag_version\";s:10:\"1775168599\";s:6:\"gfonts\";a:0:{}s:10:\"gfonts_url\";s:0:\"\";s:12:\"gfonts_files\";a:0:{}s:14:\"uag_faq_layout\";b:0;}"],"_wc_gla_mc_status":["approved"]},"uagb_featured_image_src":{"full":["https:\/\/pophaw.com\/wp-content\/uploads\/2019\/04\/Reacted-Magnesium-180ct.webp",565,565,false],"thumbnail":["https:\/\/pophaw.com\/wp-content\/uploads\/2019\/04\/Reacted-Magnesium-180ct-150x150.webp",150,150,true],"medium":["https:\/\/pophaw.com\/wp-content\/uploads\/2019\/04\/Reacted-Magnesium-180ct-300x300.webp",300,300,true],"medium_large":["https:\/\/pophaw.com\/wp-content\/uploads\/2019\/04\/Reacted-Magnesium-180ct.webp",565,565,false],"large":["https:\/\/pophaw.com\/wp-content\/uploads\/2019\/04\/Reacted-Magnesium-180ct.webp",565,565,false],"ryviu-small":["https:\/\/pophaw.com\/wp-content\/uploads\/2019\/04\/Reacted-Magnesium-180ct-40x40.webp",40,40,true],"ryviu-medium":["https:\/\/pophaw.com\/wp-content\/uploads\/2019\/04\/Reacted-Magnesium-180ct-132x132.webp",132,132,true],"1536x1536":["https:\/\/pophaw.com\/wp-content\/uploads\/2019\/04\/Reacted-Magnesium-180ct.webp",565,565,false],"2048x2048":["https:\/\/pophaw.com\/wp-content\/uploads\/2019\/04\/Reacted-Magnesium-180ct.webp",565,565,false],"trp-custom-language-flag":["https:\/\/pophaw.com\/wp-content\/uploads\/2019\/04\/Reacted-Magnesium-180ct.webp",12,12,false],"woocommerce_thumbnail":["https:\/\/pophaw.com\/wp-content\/uploads\/2019\/04\/Reacted-Magnesium-180ct-300x300.webp",300,300,true],"woocommerce_single":["https:\/\/pophaw.com\/wp-content\/uploads\/2019\/04\/Reacted-Magnesium-180ct.webp",565,565,false],"woocommerce_gallery_thumbnail":["https:\/\/pophaw.com\/wp-content\/uploads\/2019\/04\/Reacted-Magnesium-180ct-100x100.webp",100,100,true]},"uagb_author_info":{"display_name":"Dr. Rowan","author_link":"https:\/\/pophaw.com\/fr\/author\/"},"uagb_comment_info":1,"uagb_excerpt":"Reacted Magnesium includes three forms of highly absorbed magnesium for a variety of protocols.","_links":{"self":[{"href":"https:\/\/pophaw.com\/fr\/wp-json\/wp\/v2\/product\/229","targetHints":{"allow":["GET"]}}],"collection":[{"href":"https:\/\/pophaw.com\/fr\/wp-json\/wp\/v2\/product"}],"about":[{"href":"https:\/\/pophaw.com\/fr\/wp-json\/wp\/v2\/types\/product"}],"wp:featuredmedia":[{"embeddable":true,"href":"https:\/\/pophaw.com\/fr\/wp-json\/wp\/v2\/media\/12068"}],"wp:attachment":[{"href":"https:\/\/pophaw.com\/fr\/wp-json\/wp\/v2\/media?parent=229"}],"wp:term":[{"taxonomy":"product_brand","embeddable":true,"href":"https:\/\/pophaw.com\/fr\/wp-json\/wp\/v2\/product_brand?post=229"},{"taxonomy":"product_cat","embeddable":true,"href":"https:\/\/pophaw.com\/fr\/wp-json\/wp\/v2\/product_cat?post=229"},{"taxonomy":"product_tag","embeddable":true,"href":"https:\/\/pophaw.com\/fr\/wp-json\/wp\/v2\/product_tag?post=229"}],"curies":[{"name":"wp","href":"https:\/\/api.w.org\/{rel}","templated":true}]}}