{"id":284,"date":"2019-04-17T07:02:49","date_gmt":"2019-04-17T07:02:49","guid":{"rendered":"https:\/\/pophaw.com\/product\/premium-first-aid-kit\/"},"modified":"2025-01-10T06:01:51","modified_gmt":"2025-01-10T14:01:51","slug":"alpha-base-capsules-avec-fer-240ct","status":"publish","type":"product","link":"https:\/\/pophaw.com\/fr\/product\/alpha-base-capsules-avec-fer-240ct\/","title":{"rendered":"Alpha Base Capsules avec Fer 240ct"},"content":{"rendered":"<p><span style=\"font-family: arial, helvetica, sans-serif; color: #000000;\">Utilisant les meilleurs ingr\u00e9dients vitaminiques et min\u00e9raux et formul\u00e9es selon les normes les plus strictes, les g\u00e9lules Alpha Base avec fer multivitamin\u00e9es surpassent toutes les autres en fournissant un soutien nutritionnel s\u00fbr et efficace tout au long de la vie.<\/span><\/p>\n<h3><span style=\"font-family: arial, helvetica, sans-serif; color: #000000;\">APPLICATIONS CLINIQUES<\/span><\/h3>\n<ul>\n<li><span style=\"font-family: arial, helvetica, sans-serif; color: #000000;\">Fournit une nutrition de base pour une vari\u00e9t\u00e9 de protocoles<\/span><\/li>\n<li><span style=\"font-family: arial, helvetica, sans-serif; color: #000000;\">Protection antioxydante \u00e0 spectre complet<\/span><\/li>\n<li><span style=\"font-family: arial, helvetica, sans-serif; color: #000000;\">Constitue une r\u00e9serve m\u00e9tabolique et prot\u00e8ge contre les carences alimentaires<\/span><\/li>\n<li><span style=\"font-family: arial, helvetica, sans-serif; color: #000000;\">Prot\u00e8ge contre l'appauvrissement en nutriments induit par le stress<\/span><\/li>\n<li><span style=\"font-family: arial, helvetica, sans-serif; color: #000000;\">Favorise un m\u00e9tabolisme sain<\/span><\/li>\n<\/ul>\n<h3><span style=\"font-family: arial, helvetica, sans-serif; color: #000000;\">VUE D'ENSEMBLE<\/span><\/h3>\n<p>Alpha Base G\u00e9lules avec Fer Il est bien \u00e9tabli qu'une bonne nutrition favorise la sant\u00e9, tandis que les carences nutritionnelles peuvent entra\u00eener de nombreuses maladies chroniques. Pourtant, de nombreuses personnes sous-estiment l'importance d'atteindre des niveaux ad\u00e9quats de micronutriments chaque jour. Pour que le corps humain puisse accomplir les t\u00e2ches quotidiennes essentielles, il doit recevoir une vari\u00e9t\u00e9 large et complexe de micronutriments cl\u00e9s.<br \/>\nLes micronutriments jouent un r\u00f4le dans le renforcement de la fonction immunitaire et la transformation des aliments en \u00e9nergie. Ils d\u00e9toxifient les produits chimiques et les m\u00e9dicaments et fabriquent des neurotransmetteurs, des hormones et d'autres mol\u00e9cules de signalisation essentielles dans l'organisme. Les micronutriments assurent \u00e9galement la r\u00e9paration des tissus et la r\u00e9g\u00e9n\u00e9ration des cellules. Une carence en l'une ou l'autre de ces vitamines ou min\u00e9raux essentiels peut entra\u00eener une rupture des processus m\u00e9taboliques qui prot\u00e8gent la sant\u00e9.<br \/>\nDes \u00e9tudes approfondies men\u00e9es par le minist\u00e8re de l'agriculture des \u00c9tats-Unis ont r\u00e9v\u00e9l\u00e9 que le r\u00e9gime alimentaire am\u00e9ricain moyen manque de micronutriments. Les carences nutritionnelles peuvent \u00eatre dues \u00e0 une faible teneur en nutriments dans le sol, aux m\u00e9thodes de transport et de stockage des aliments, ainsi qu'aux techniques de transformation des aliments. En outre, les carences peuvent \u00e9galement \u00eatre dues \u00e0 des aliments hautement transform\u00e9s et raffin\u00e9s, \u00e0 des additifs alimentaires, \u00e0 des m\u00e9dicaments, \u00e0 la consommation d'alcool, au tabagisme, \u00e0 l'exposition aux m\u00e9taux lourds et \u00e0 un niveau de stress \u00e9lev\u00e9. Quelle qu'en soit la raison, des carences en nutriments existent dans une grande partie de la population am\u00e9ricaine et, pour certains nutriments, plus de 80% des Am\u00e9ricains consomment moins que l'apport journalier recommand\u00e9 (AJR).<br \/>\nBien que les apports nutritionnels recommand\u00e9s aient \u00e9t\u00e9 \u00e9tablis comme des lignes directrices minimales pour les personnes en bonne sant\u00e9, ces lignes directrices n'ont pas \u00e9t\u00e9 con\u00e7ues pour r\u00e9pondre aux besoins en micronutriments de toutes les personnes, en particulier celles qui souffrent de probl\u00e8mes de sant\u00e9 chroniques. Bien que ces recommandations puissent aider \u00e0 pr\u00e9venir une grave carence en nutriments, les normes telles que les AJR ne refl\u00e8tent pas l'apport quotidien optimal. Pour ces raisons, une multivitamine quotidienne est un choix prudent pour la plupart des individus.<br \/>\nAlpha Base est une multivitamine sup\u00e9rieure con\u00e7ue pour soutenir l'apport journalier id\u00e9al en vitamines et min\u00e9raux en fournissant une source de nutriments de haute qualit\u00e9 sous la forme la plus biodisponible.<\/p>\n<p><span style=\"font-family: arial, helvetica, sans-serif; color: #000000;\">Alpha Base Capsules avec Fer est un m\u00e9lange complet, hypoallerg\u00e9nique, de multivitamines et de min\u00e9raux. En tant que multivitamine compl\u00e8te, Alpha Base fournit des nutriments de haute qualit\u00e9 pour constituer une r\u00e9serve saine de micronutriments. Les vitamines B USP* soutiennent la production d'\u00e9nergie et le folate (sous forme de QuatrefolicTM, 100% 5-MTHF), la forme biologiquement active de l'acide folique, am\u00e9liore la m\u00e9thylation. Les complexes min\u00e9raux ch\u00e9lat\u00e9s Albion\u00ae TRAACS\u00ae am\u00e9liorent la biodisponibilit\u00e9. Alpha Base comprend un rapport optimal de 2:1 entre le magn\u00e9sium et le calcium. La vitamine C, antioxydant cl\u00e9, et la vitamine E naturelle, m\u00e9lang\u00e9e \u00e0 des tocoph\u00e9rols et des carot\u00e9no\u00efdes, prot\u00e8gent les cellules des dommages caus\u00e9s par les radicaux libres. Alpha Base comprend \u00e9galement un m\u00e9lange synergique de vitamines K2 (sous forme de MK-7) et D3, qui sont essentielles pour soutenir la solidit\u00e9 des os et la sant\u00e9 cardiovasculaire.<\/span><br \/>\n<span style=\"font-family: arial, helvetica, sans-serif; color: #000000;\"><strong>Utilisation sugg\u00e9r\u00e9e :<\/strong><\/span><br \/>\n<span style=\"font-family: arial, helvetica, sans-serif; color: #000000;\">4 \u00e0 8 g\u00e9lules par jour avec de la nourriture ou selon les recommandations de votre professionnel de la sant\u00e9.<\/span><\/p>\n<h3><span style=\"font-family: arial, helvetica, sans-serif; color: #000000;\">AVANTAGES DES INGR\u00c9DIENTS<\/span><\/h3>\n<p><span style=\"font-family: arial, helvetica, sans-serif; color: #000000;\">Utilisant les meilleurs ingr\u00e9dients vitaminiques et min\u00e9raux disponibles et formul\u00e9s selon les normes les plus strictes dans un super suppl\u00e9ment efficace, le multivitamines Alpha Base surpasse tous les autres en fournissant un programme s\u00fbr et efficace pour un soutien nutritionnel tout au long de la vie.<\/span><br \/>\n<span style=\"font-family: arial, helvetica, sans-serif; color: #000000;\"><strong>La diff\u00e9rence de la base Alpha :<\/strong><\/span><\/p>\n<ul>\n<li><span style=\"font-family: arial, helvetica, sans-serif; color: #000000;\">Excellentes sources de min\u00e9raux et rapport magn\u00e9sium\/calcium de 2:1.<\/span><\/li>\n<li><span style=\"font-family: arial, helvetica, sans-serif; color: #000000;\">Ingr\u00e9dients USP\/NF chaque fois qu'ils sont disponibles.<\/span><\/li>\n<li><span style=\"font-family: arial, helvetica, sans-serif; color: #000000;\">Les min\u00e9raux ayant subi une r\u00e9action compl\u00e8te ont un taux d'assimilation plus \u00e9lev\u00e9 que les autres.<\/span><\/li>\n<li><span style=\"font-family: arial, helvetica, sans-serif; color: #000000;\">Des niveaux \u00e9lev\u00e9s d'antioxydants r\u00e9duisent les dommages caus\u00e9s par les radicaux libres.<\/span><\/li>\n<li><span style=\"font-family: arial, helvetica, sans-serif; color: #000000;\">Formul\u00e9 comme r\u00e9gime de base pour tous les autres produits Ortho Molecular, ce qui garantit aux patients des dosages non contradictoires lorsqu'ils sont pris correctement.<\/span><\/li>\n<\/ul>","protected":false},"excerpt":{"rendered":"<p>Utilisant les meilleurs ingr\u00e9dients vitaminiques et min\u00e9raux, et formul\u00e9 selon les normes les plus strictes, le multivitamines Alpha Base Capsules avec Fer surpasse tous les autres en fournissant un soutien nutritionnel s\u00fbr et efficace tout au long de la vie.<\/p>","protected":false},"featured_media":7179,"template":"","meta":{"bwfblock_default_font":"","_uag_custom_page_level_css":"","site-sidebar-layout":"default","site-content-layout":"","ast-site-content-layout":"default","site-content-style":"default","site-sidebar-style":"default","ast-global-header-display":"","ast-banner-title-visibility":"","ast-main-header-display":"","ast-hfb-above-header-display":"","ast-hfb-below-header-display":"","ast-hfb-mobile-header-display":"","site-post-title":"","ast-breadcrumbs-content":"","ast-featured-img":"","footer-sml-layout":"","ast-disable-related-posts":"","theme-transparent-header-meta":"default","adv-header-id-meta":"","stick-header-meta":"default","header-above-stick-meta":"","header-main-stick-meta":"","header-below-stick-meta":"","astra-migrate-meta-layouts":"set","ast-page-background-enabled":"default","ast-page-background-meta":{"desktop":{"background-color":"","background-image":"","background-repeat":"repeat","background-position":"center center","background-size":"auto","background-attachment":"scroll","background-type":"","background-media":"","overlay-type":"","overlay-color":"","overlay-opacity":"","overlay-gradient":""},"tablet":{"background-color":"","background-image":"","background-repeat":"repeat","background-position":"center center","background-size":"auto","background-attachment":"scroll","background-type":"","background-media":"","overlay-type":"","overlay-color":"","overlay-opacity":"","overlay-gradient":""},"mobile":{"background-color":"","background-image":"","background-repeat":"repeat","background-position":"center center","background-size":"auto","background-attachment":"scroll","background-type":"","background-media":"","overlay-type":"","overlay-color":"","overlay-opacity":"","overlay-gradient":""}},"ast-content-background-meta":{"desktop":{"background-color":"var(--ast-global-color-5)","background-image":"","background-repeat":"repeat","background-position":"center center","background-size":"auto","background-attachment":"scroll","background-type":"","background-media":"","overlay-type":"","overlay-color":"","overlay-opacity":"","overlay-gradient":""},"tablet":{"background-color":"var(--ast-global-color-5)","background-image":"","background-repeat":"repeat","background-position":"center center","background-size":"auto","background-attachment":"scroll","background-type":"","background-media":"","overlay-type":"","overlay-color":"","overlay-opacity":"","overlay-gradient":""},"mobile":{"background-color":"var(--ast-global-color-5)","background-image":"","background-repeat":"repeat","background-position":"center center","background-size":"auto","background-attachment":"scroll","background-type":"","background-media":"","overlay-type":"","overlay-color":"","overlay-opacity":"","overlay-gradient":""}}},"product_brand":[170],"product_cat":[127],"product_tag":[],"class_list":{"0":"post-284","1":"product","2":"type-product","3":"status-publish","4":"has-post-thumbnail","6":"product_brand-ortho-molecular-products","7":"product_cat-dietary-supplements","8":"desktop-align-center","9":"tablet-align-center","10":"mobile-align-center","11":"ast-product-gallery-layout-horizontal-slider","12":"ast-magnify-disabled","13":"ast-product-tabs-layout-horizontal","15":"first","16":"instock","17":"shipping-taxable","18":"purchasable","19":"product-type-simple"},"spectra_custom_meta":{"_edit_last":["1"],"total_sales":["2"],"_tax_status":["taxable"],"_manage_stock":["yes"],"_backorders":["no"],"_sold_individually":["no"],"_virtual":["no"],"_downloadable":["no"],"_download_limit":["-1"],"_download_expiry":["-1"],"_stock":["6.000000"],"_stock_status":["instock"],"_wc_average_rating":["5.00"],"_wc_review_count":["2"],"_product_version":["9.5.2"],"_thumbnail_id":["7179"],"_wp_old_date":["2020-04-17"],"insight_product_options":["s:1358:\"a:38:{s:27:\"single_product_layout_style\";s:0:\"\";s:11:\"site_layout\";s:0:\"\";s:10:\"site_width\";s:0:\"\";s:16:\"site_top_spacing\";s:0:\"\";s:19:\"site_bottom_spacing\";s:0:\"\";s:10:\"site_class\";s:0:\"\";s:21:\"site_background_color\";s:0:\"\";s:21:\"site_background_image\";s:0:\"\";s:22:\"site_background_repeat\";s:9:\"no-repeat\";s:26:\"site_background_attachment\";s:0:\"\";s:24:\"site_background_position\";s:0:\"\";s:20:\"site_background_size\";s:0:\"\";s:24:\"content_background_color\";s:0:\"\";s:24:\"content_background_image\";s:0:\"\";s:25:\"content_background_repeat\";s:9:\"no-repeat\";s:27:\"content_background_position\";s:0:\"\";s:12:\"top_bar_type\";s:0:\"\";s:11:\"header_type\";s:0:\"\";s:14:\"header_overlay\";s:0:\"\";s:11:\"header_skin\";s:0:\"\";s:12:\"menu_display\";s:0:\"\";s:13:\"menu_one_page\";s:1:\"0\";s:16:\"custom_dark_logo\";s:0:\"\";s:17:\"custom_light_logo\";s:0:\"\";s:17:\"custom_logo_width\";s:0:\"\";s:24:\"custom_sticky_logo_width\";s:0:\"\";s:21:\"page_title_bar_layout\";s:0:\"\";s:29:\"page_title_bar_bottom_spacing\";s:0:\"\";s:31:\"page_title_bar_background_color\";s:0:\"\";s:25:\"page_title_bar_background\";s:0:\"\";s:33:\"page_title_bar_background_overlay\";s:0:\"\";s:29:\"page_title_bar_custom_heading\";s:0:\"\";s:14:\"page_sidebar_1\";s:7:\"default\";s:14:\"page_sidebar_2\";s:7:\"default\";s:21:\"page_sidebar_position\";s:7:\"default\";s:17:\"revolution_slider\";s:0:\"\";s:15:\"slider_position\";s:5:\"below\";s:13:\"footer_enable\";s:0:\"\";}\";"],"_sku":["NRT021"],"_product_image_gallery":["7180"],"_price":["64"],"_wc_rating_count":["a:1:{i:5;i:2;}"],"woosw_count":["3"],"woosw_add":["1596875205"],"_tax_class":[""],"_edit_lock":["1738377413:1"],"_wp_old_slug":["premium-first-aid-kit"],"_regular_price":["64"],"rank_math_focus_keyword":["Alpha Base Capsules with Iron"],"rank_math_analytic_object_id":["106"],"rank_math_seo_score":["81"],"rank_math_contentai_score":["a:5:{s:8:\"keywords\";s:5:\"74.51\";s:9:\"wordCount\";s:1:\"0\";s:9:\"linkCount\";s:1:\"0\";s:12:\"headingCount\";s:1:\"0\";s:10:\"mediaCount\";s:1:\"0\";}"],"rank_math_primary_product_brand":["0"],"rank_math_primary_product_cat":["127"],"rs_page_bg_color":[""],"_wc_gla_synced_at":["1776826868"],"_wc_gla_sync_status":["synced"],"_wc_gla_visibility":["sync-and-show"],"_wc_gla_google_ids":["a:1:{s:2:\"US\";s:20:\"online:en:US:gla_284\";}"],"fb_product_item_id":["9204827602872305"],"_admin_notes":[""],"_custom_product_field":[""],"_global_unique_id":["10888621913452"],"_wc_facebook_sync_enabled":["yes"],"fb_visibility":["yes"],"fb_product_description":[""],"_wc_facebook_product_image_source":["product"],"_wc_facebook_enhanced_catalog_attributes_capacity":[""],"_wc_facebook_enhanced_catalog_attributes_age_group":[""],"_wc_facebook_enhanced_catalog_attributes_gender":[""],"_wc_facebook_enhanced_catalog_attributes_ingredients":[""],"_wc_facebook_enhanced_catalog_attributes_health_concern":[""],"_wc_facebook_enhanced_catalog_attributes_pattern":[""],"_wc_facebook_enhanced_catalog_attributes_power_type":[""],"_wc_facebook_enhanced_catalog_attributes_product_form":[""],"_wc_facebook_enhanced_catalog_attributes_result_time":[""],"_wc_facebook_enhanced_catalog_attributes_scent":[""],"_wc_facebook_enhanced_catalog_attributes_absorbency":[""],"_wc_facebook_enhanced_catalog_attributes_serving_size":[""],"_wc_facebook_enhanced_catalog_attributes_size":[""],"_wc_facebook_enhanced_catalog_attributes_skin_care_concern":[""],"_wc_facebook_enhanced_catalog_attributes_skin_type":[""],"_wc_facebook_enhanced_catalog_attributes_spf_value":[""],"_wc_facebook_enhanced_catalog_attributes_standard_features":[""],"_wc_facebook_enhanced_catalog_attributes_stop_use_indications":[""],"_wc_facebook_enhanced_catalog_attributes_package_quantity":[""],"_wc_facebook_enhanced_catalog_attributes_lens_material":[""],"_wc_facebook_enhanced_catalog_attributes_lens_type":[""],"_wc_facebook_enhanced_catalog_attributes_lens_tint":[""],"_wc_facebook_enhanced_catalog_attributes_keywords":[""],"_wc_facebook_enhanced_catalog_attributes_is_powered":[""],"_wc_facebook_enhanced_catalog_attributes_instructions":[""],"_wc_facebook_enhanced_catalog_attributes_ingredients_composition":[""],"_wc_facebook_enhanced_catalog_attributes_inactive_ingredients":[""],"_wc_facebook_enhanced_catalog_attributes_flavor":[""],"_wc_facebook_enhanced_catalog_attributes_eyewear_rim":[""],"_wc_facebook_enhanced_catalog_attributes_dosage":[""],"_wc_facebook_enhanced_catalog_attributes_brand":[""],"_wc_facebook_enhanced_catalog_attributes_body_part":[""],"_wc_facebook_enhanced_catalog_attributes_batteries_required":[""],"_wc_facebook_enhanced_catalog_attributes_u_v_rating":[""],"_wc_facebook_commerce_enabled":["no"],"rank_math_primary_fb_product_set":["0"],"site-sidebar-layout":["default"],"ast-site-content-layout":["default"],"site-content-style":["default"],"site-sidebar-style":["default"],"theme-transparent-header-meta":["default"],"stick-header-meta":["default"],"_wc_facebook_enhanced_catalog_attributes_material":["Inox"],"_wc_facebook_enhanced_catalog_attributes_color":["Green, Red"],"astra-migrate-meta-layouts":["set"],"wpil_sync_report3":["1"],"wpil_links_inbound_internal_count":["0"],"wpil_links_inbound_internal_count_data":["eJxLtDKwqq4FAAZPAf4="],"wpil_links_outbound_internal_count":["0"],"wpil_links_outbound_internal_count_data":["eJxLtDKwqq4FAAZPAf4="],"wpil_links_outbound_external_count":["0"],"wpil_links_outbound_external_count_data":["eJxLtDKwqq4FAAZPAf4="],"wpil_sync_report2_time":["2025-01-27T07:29:11+00:00"],"classic-editor-remember":["classic-editor"],"omnisend_last_sync":["2025-05-16T11:05:10+00:00"],"fb_color":["Green, Red"],"fb_material":["Inox"],"surerank_settings_general":["a:7:{s:9:\"separator\";s:1:\"-\";s:10:\"page_title\";s:21:\"%title% - %site_name%\";s:25:\"auto_generate_description\";b:1;s:16:\"page_description\";s:9:\"%excerpt%\";s:16:\"auto_description\";s:155:\"Using the best vitamin and mineral ingredients and formulated using the highest standards, Alpha Base Capsules with Iron Multivitamin surpass all others in\";s:14:\"fallback_image\";s:0:\"\";s:13:\"canonical_url\";s:63:\"https:\/\/pophaw.com\/product\/alpha-base-capsules-with-iron-240ct\/\";}"],"surerank_settings_post_no_index":["no"],"surerank_settings_post_no_follow":["no"],"surerank_settings_post_no_archive":["no"],"surerank_settings_social":["a:23:{s:15:\"open_graph_tags\";b:1;s:18:\"facebook_meta_tags\";b:1;s:17:\"twitter_meta_tags\";b:1;s:16:\"oembeded_scripts\";b:1;s:17:\"oembeded_og_title\";b:1;s:22:\"oembeded_social_images\";b:1;s:27:\"oembeded_remove_author_name\";b:1;s:17:\"facebook_page_url\";s:54:\"https:\/\/www.facebook.com\/profile.php?id=61571207938497\";s:24:\"facebook_author_fallback\";s:0:\"\";s:17:\"twitter_card_type\";s:19:\"summary_large_image\";s:24:\"twitter_same_as_facebook\";b:1;s:24:\"twitter_profile_username\";s:0:\"\";s:24:\"twitter_profile_fallback\";s:0:\"\";s:14:\"facebook_title\";s:21:\"%title% - %site_name%\";s:20:\"facebook_description\";s:9:\"%content%\";s:18:\"facebook_image_url\";s:85:\"https:\/\/pophaw.com\/wp-content\/uploads\/2019\/04\/Alpha-Base-Capsules-with-Iron-240ct.png\";s:17:\"facebook_image_id\";i:7179;s:20:\"facebook_image_width\";i:565;s:21:\"facebook_image_height\";i:565;s:13:\"twitter_title\";s:21:\"%title% - %site_name%\";s:19:\"twitter_description\";s:9:\"%content%\";s:17:\"twitter_image_url\";s:85:\"https:\/\/pophaw.com\/wp-content\/uploads\/2019\/04\/Alpha-Base-Capsules-with-Iron-240ct.png\";s:16:\"twitter_image_id\";i:7179;}"],"surerank_migration":["1"],"astra_style_timestamp_css":["1777362016"],"wwpp_product_wholesale_visibility_filter":["all"],"_uag_css_file_name":["uag-css-284.css"],"rank_math_internal_links_processed":["1"],"_wc_gla_mc_status":["approved"],"_uag_page_assets":["a:9:{s:3:\"css\";s:260:\".uag-blocks-common-selector{z-index:var(--z-index-desktop) !important}@media(max-width: 976px){.uag-blocks-common-selector{z-index:var(--z-index-tablet) !important}}@media(max-width: 767px){.uag-blocks-common-selector{z-index:var(--z-index-mobile) !important}}\";s:2:\"js\";s:0:\"\";s:18:\"current_block_list\";a:15:{i:0;s:23:\"surecart\/slide-out-cart\";i:1;s:30:\"surecart\/slide-out-cart-header\";i:2;s:29:\"surecart\/slide-out-cart-items\";i:3;s:30:\"surecart\/slide-out-cart-coupon\";i:4;s:32:\"surecart\/slide-out-cart-subtotal\";i:5;s:38:\"surecart\/slide-out-cart-bump-line-item\";i:6;s:30:\"surecart\/slide-out-cart-submit\";i:7;s:11:\"core\/search\";i:8;s:10:\"core\/group\";i:9;s:12:\"core\/heading\";i:10;s:17:\"core\/latest-posts\";i:11;s:20:\"core\/latest-comments\";i:12;s:13:\"core\/archives\";i:13;s:15:\"core\/categories\";i:14;s:14:\"core\/shortcode\";}s:8:\"uag_flag\";b:0;s:11:\"uag_version\";s:10:\"1777339036\";s:6:\"gfonts\";a:0:{}s:10:\"gfonts_url\";s:0:\"\";s:12:\"gfonts_files\";a:0:{}s:14:\"uag_faq_layout\";b:0;}"]},"uagb_featured_image_src":{"full":["https:\/\/pophaw.com\/wp-content\/uploads\/2019\/04\/Alpha-Base-Capsules-with-Iron-240ct.png",565,565,false],"thumbnail":["https:\/\/pophaw.com\/wp-content\/uploads\/2019\/04\/Alpha-Base-Capsules-with-Iron-240ct-150x150.png",150,150,true],"medium":["https:\/\/pophaw.com\/wp-content\/uploads\/2019\/04\/Alpha-Base-Capsules-with-Iron-240ct-300x300.png",300,300,true],"medium_large":["https:\/\/pophaw.com\/wp-content\/uploads\/2019\/04\/Alpha-Base-Capsules-with-Iron-240ct.png",565,565,false],"large":["https:\/\/pophaw.com\/wp-content\/uploads\/2019\/04\/Alpha-Base-Capsules-with-Iron-240ct.png",565,565,false],"ryviu-small":["https:\/\/pophaw.com\/wp-content\/uploads\/2019\/04\/Alpha-Base-Capsules-with-Iron-240ct.png",40,40,false],"ryviu-medium":["https:\/\/pophaw.com\/wp-content\/uploads\/2019\/04\/Alpha-Base-Capsules-with-Iron-240ct.png",132,132,false],"1536x1536":["https:\/\/pophaw.com\/wp-content\/uploads\/2019\/04\/Alpha-Base-Capsules-with-Iron-240ct.png",565,565,false],"2048x2048":["https:\/\/pophaw.com\/wp-content\/uploads\/2019\/04\/Alpha-Base-Capsules-with-Iron-240ct.png",565,565,false],"trp-custom-language-flag":["https:\/\/pophaw.com\/wp-content\/uploads\/2019\/04\/Alpha-Base-Capsules-with-Iron-240ct.png",12,12,false],"woocommerce_thumbnail":["https:\/\/pophaw.com\/wp-content\/uploads\/2019\/04\/Alpha-Base-Capsules-with-Iron-240ct-300x300.png",300,300,true],"woocommerce_single":["https:\/\/pophaw.com\/wp-content\/uploads\/2019\/04\/Alpha-Base-Capsules-with-Iron-240ct.png",565,565,false],"woocommerce_gallery_thumbnail":["https:\/\/pophaw.com\/wp-content\/uploads\/2019\/04\/Alpha-Base-Capsules-with-Iron-240ct-100x100.png",100,100,true]},"uagb_author_info":{"display_name":"Dr. Rowan","author_link":"https:\/\/pophaw.com\/fr\/author\/"},"uagb_comment_info":1,"uagb_excerpt":"Using the best vitamin and mineral ingredients, and formulated using the highest standards,Alpha Base Capsules with Iron multivitamin surpasses all others in providing safe and effective life-long nutritional support.","_links":{"self":[{"href":"https:\/\/pophaw.com\/fr\/wp-json\/wp\/v2\/product\/284","targetHints":{"allow":["GET"]}}],"collection":[{"href":"https:\/\/pophaw.com\/fr\/wp-json\/wp\/v2\/product"}],"about":[{"href":"https:\/\/pophaw.com\/fr\/wp-json\/wp\/v2\/types\/product"}],"wp:featuredmedia":[{"embeddable":true,"href":"https:\/\/pophaw.com\/fr\/wp-json\/wp\/v2\/media\/7179"}],"wp:attachment":[{"href":"https:\/\/pophaw.com\/fr\/wp-json\/wp\/v2\/media?parent=284"}],"wp:term":[{"taxonomy":"product_brand","embeddable":true,"href":"https:\/\/pophaw.com\/fr\/wp-json\/wp\/v2\/product_brand?post=284"},{"taxonomy":"product_cat","embeddable":true,"href":"https:\/\/pophaw.com\/fr\/wp-json\/wp\/v2\/product_cat?post=284"},{"taxonomy":"product_tag","embeddable":true,"href":"https:\/\/pophaw.com\/fr\/wp-json\/wp\/v2\/product_tag?post=284"}],"curies":[{"name":"wp","href":"https:\/\/api.w.org\/{rel}","templated":true}]}}