{"id":567,"date":"2019-04-22T07:26:34","date_gmt":"2019-04-22T07:26:34","guid":{"rendered":"https:\/\/pophaw.com\/product\/anti-virus-carbon-mask\/"},"modified":"2025-01-04T03:36:09","modified_gmt":"2025-01-04T11:36:09","slug":"candicid-forte-180ct","status":"publish","type":"product","link":"https:\/\/pophaw.com\/fr\/product\/candicid-forte-180ct\/","title":{"rendered":"Candicid Forte 180ct"},"content":{"rendered":"<p><span style=\"font-family: arial, helvetica, sans-serif; color: #000000;\">Candicid Forte favorise l'\u00e9quilibre optimal de la microflore gastro-intestinale gr\u00e2ce \u00e0 un m\u00e9lange de nutriments, d'extraits botaniques naturels et d'acides gras.<\/span><\/p>\n<h3><\/h3>\n<h3><span style=\"font-family: arial, helvetica, sans-serif; color: #000000;\">APPLICATIONS CLINIQUES<\/span><\/h3>\n<ul>\n<li><span style=\"font-family: arial, helvetica, sans-serif; color: #000000;\">Favorise un \u00e9quilibre microbien sain<\/span><\/li>\n<li><span style=\"font-family: arial, helvetica, sans-serif; color: #000000;\">Aide \u00e0 maintenir le confort gastro-intestinal<\/span><\/li>\n<li><span style=\"font-family: arial, helvetica, sans-serif; color: #000000;\">Fournit des nutriments qui augmentent la protection antioxydante<\/span><\/li>\n<li><span style=\"font-family: arial, helvetica, sans-serif; color: #000000;\">Am\u00e9liore la fonction immunitaire<\/span><\/li>\n<\/ul>\n<h3><span style=\"font-family: arial, helvetica, sans-serif; color: #000000;\">VUE D'ENSEMBLE<\/span><\/h3>\n<p><span style=\"font-family: arial, helvetica, sans-serif; color: #000000;\">La sant\u00e9 gastro-intestinale est directement affect\u00e9e par des facteurs tels qu'une mauvaise alimentation et un mode de vie stressant. La pr\u00e9valence des sucres et des hydrates de carbone raffin\u00e9s et le manque de fibres dans les r\u00e9gimes alimentaires occidentaux ont \u00e9t\u00e9 directement li\u00e9s \u00e0 des changements dans les environnements intestinal et colique. \u00c9tant donn\u00e9 que plus de 70% du syst\u00e8me immunitaire de l'organisme r\u00e9side dans l'intestin, l'\u00e9tablissement d'un \u00e9quilibre microbien sain est essentiel pour r\u00e9duire les d\u00e9fis immunitaires et maintenir l'\u00e9quilibre inflammatoire.<\/span><br \/>\n<span style=\"font-family: arial, helvetica, sans-serif; color: #000000;\">Candicid Forte fournit un m\u00e9lange de nutriments, d'agents botaniques puissants et d'huiles essentielles pour promouvoir un \u00e9quilibre microbien sain et un soutien immunitaire. Formul\u00e9 dans le but de d\u00e9velopper une flore gastro-intestinale saine, Candicid Forte contient de la biotine, un nutriment qui emp\u00eache la levure de se transformer en une forme fongique plus agressive. En outre, le caprylate de sodium est inclus pour perturber le m\u00e9tabolisme de la levure.\u00a0<em>Candida<\/em>et cr\u00e9er un environnement hostile \u00e0 la colonisation. Il contient \u00e9galement des plantes m\u00e9dicinales puissantes, telles que la berb\u00e9rine HCl, le Pau d'Arco, l'origan, le romarin, la cannelle et le gingembre, qui apaisent le tractus gastro-intestinal, apportent un soutien antioxydant puissant et garantissent l'\u00e9quilibre microbien.<\/span><br \/>\n<span style=\"font-family: arial, helvetica, sans-serif; color: #000000;\"><strong>Utilisation sugg\u00e9r\u00e9e :<\/strong><\/span><br \/>\n<span style=\"font-family: arial, helvetica, sans-serif; color: #000000;\">2 g\u00e9lules trois fois par jour ou selon les recommandations de votre professionnel de la sant\u00e9.<\/span><\/p>\n<h3><span style=\"font-family: arial, helvetica, sans-serif; color: #000000;\">AVANTAGES DES INGR\u00c9DIENTS<\/span><\/h3>\n<p><span style=\"font-family: arial, helvetica, sans-serif; color: #000000;\"><strong>Biotine<\/strong><\/span><br \/>\n<span style=\"font-family: arial, helvetica, sans-serif; color: #000000;\">La biotine est une vitamine hydrosoluble et un cofacteur des carboxylases. Ce nutriment affecte plusieurs fonctions syst\u00e9miques cl\u00e9s telles que la croissance des tissus, le d\u00e9veloppement, l'immunit\u00e9 et le m\u00e9tabolisme. Des carences en biotine ont \u00e9galement \u00e9t\u00e9 associ\u00e9es \u00e0 de l\u00e9g\u00e8res d\u00e9ficiences immunitaires. Le r\u00f4le que la biotine peut jouer dans le tractus gastro-intestinal est principalement bas\u00e9 sur sa capacit\u00e9 \u00e0 \u00e9tablir l'\u00e9quilibre de la microflore en emp\u00eachant les levures, en particulier les bact\u00e9ries, de se d\u00e9velopper.\u00a0<em>Candida albicans<\/em>, La biotine emp\u00eache la levure de se transformer en une forme fongique plus envahissante. En pr\u00e9sence de biotine, la levure est incapable de se transformer en myc\u00e9lium.<\/span><br \/>\n<span style=\"font-family: arial, helvetica, sans-serif; color: #000000;\"><strong>Origan<\/strong><\/span><br \/>\n<span style=\"font-family: arial, helvetica, sans-serif; color: #000000;\">Il a \u00e9t\u00e9 d\u00e9montr\u00e9 que les phytonutriments de l'origan, tels que l'acide rosmarinique et la querc\u00e9tine, jouent un r\u00f4le dans le soutien des m\u00e9canismes antioxydants et d'un \u00e9quilibre microbien sain dans l'organisme. En outre, la valeur ORAC (capacit\u00e9 d'absorption des radicaux oxyg\u00e9n\u00e9s) \u00e9lev\u00e9e de l'origan, selon une \u00e9chelle mise au point par les scientifiques du National Institute of Aging, indique son importante capacit\u00e9 d'\u00e9limination des antioxydants pour combattre les radicaux libres \u00e0 l'origine du stress oxydatif. L'huile d'origan contient \u00e9galement deux agents naturels d'\u00e9quilibre microbien, le carvacrol et le thymol. La recherche sugg\u00e8re que ces compos\u00e9s soulagent la dysbiose gastro-intestinale et favorisent une microflore gastro-intestinale saine.<\/span><br \/>\n<span style=\"font-family: arial, helvetica, sans-serif; color: #000000;\"><strong>Pau d'Arco<\/strong><\/span><br \/>\n<span style=\"font-family: arial, helvetica, sans-serif; color: #000000;\">La partie interne de l'\u00e9corce de Pau d'Arco est utilis\u00e9e par les Am\u00e9rindiens depuis des milliers d'ann\u00e9es pour favoriser la sant\u00e9 microbienne intestinale. Cette plante s'est r\u00e9v\u00e9l\u00e9e efficace pour favoriser la sant\u00e9 de la flore intestinale et est recommand\u00e9e par les herboristes pour une grande vari\u00e9t\u00e9 de probl\u00e8mes gastro-intestinaux. Des \u00e9tudes ont montr\u00e9 que le Pau d'Arco peut \u00e9galement \u00e9quilibrer l'inflammation musculo-squelettique et des \u00e9tudes in vitro ont montr\u00e9 que les fractions du Pau d'Arco soutiennent l'\u00e9quilibre microbien.<\/span><br \/>\n<span style=\"font-family: arial, helvetica, sans-serif; color: #000000;\"><strong>Caprylate de sodium<\/strong><\/span><br \/>\n<span style=\"font-family: arial, helvetica, sans-serif; color: #000000;\">Le caprylate de sodium est le sel de sodium stable de l'acide caprylique, un acide gras pr\u00e9sent dans les noix de coco. Des \u00e9tudes in vitro montrent que le caprylate de sodium inhibe la croissance a\u00e9robie et ana\u00e9robie, provoque la perte de l'organisation du cytoplasme et des organites, inhibe le bourgeonnement, d\u00e9clenche la perte de potassium et est destructeur de l'int\u00e9grit\u00e9 cellulaire de l'organisme.\u00a0<em>Candida albicans<\/em>. Il a \u00e9t\u00e9 d\u00e9montr\u00e9 que l'acide caprylique contribue \u00e0 l'\u00e9quilibre microbien.<\/span><br \/>\n<span style=\"font-family: arial, helvetica, sans-serif; color: #000000;\"><strong>Berb\u00e9rine HCl<\/strong><\/span><br \/>\n<span style=\"font-family: arial, helvetica, sans-serif; color: #000000;\">La berb\u00e9rine, un alcalo\u00efde extrait des racines de la plante, exerce une forte activit\u00e9 d'\u00e9quilibrage des microbes in vitro et s'est av\u00e9r\u00e9e \u00eatre le meilleur des quatre agents \u00e9tudi\u00e9s dans l'inhibition de la\u00a0<em>Candida albicans<\/em>\u2019La berb\u00e9rine inhibe l'adh\u00e9rence de la levure aux cellules \u00e9pith\u00e9liales HT-29. On a \u00e9galement constat\u00e9 que la berb\u00e9rine inhibait l'activit\u00e9 des SAP (aspartyl prot\u00e9inases s\u00e9cr\u00e9t\u00e9es) de 70,2% +\/-6%, un marqueur de la conversion de la levure en une forme fongique agressive. Dans une \u00e9tude in vitro, des souris ayant re\u00e7u 1 mg\/kg de poids corporel de berb\u00e9rine ont eu un effet puissant sur l'\u00e9quilibre microbien et ont montr\u00e9 des effets synergiques avec des agents d'\u00e9quilibre fongique.<\/span><br \/>\n<span style=\"font-family: arial, helvetica, sans-serif; color: #000000;\"><strong>Romarin<\/strong><\/span><br \/>\n<span style=\"font-family: arial, helvetica, sans-serif; color: #000000;\">Il a \u00e9t\u00e9 d\u00e9montr\u00e9 que l'huile essentielle de romarin pr\u00e9sente des effets d'\u00e9quilibrage microbien \u00e0 large spectre. L'huile a \u00e9t\u00e9 analys\u00e9e in vitro pour ses activit\u00e9s d'\u00e9quilibrage microbien et d'antioxydation et s'est r\u00e9v\u00e9l\u00e9e tr\u00e8s active. Il a \u00e9galement \u00e9t\u00e9 d\u00e9montr\u00e9 que l'extrait de romarin diminuait le stress oxydatif dans divers tissus.<\/span><br \/>\n<span style=\"font-family: arial, helvetica, sans-serif; color: #000000;\"><strong>Extrait d'\u00e9corce de cannelle<\/strong><\/span><br \/>\n<span style=\"font-family: arial, helvetica, sans-serif; color: #000000;\">Dans une \u00e9tude in vitro portant sur diff\u00e9rentes souches de microbes, dont le SARM et le\u00a0<em>Esp\u00e8ces de Candida<\/em>, L'huile essentielle de cannelle a montr\u00e9 une capacit\u00e9 constante \u00e0 maintenir l'\u00e9quilibre microbien. Des recherches in vitro ont montr\u00e9 que l'extrait de cannelle provoque une modification de la morphologie cellulaire, une destruction des organites et un \u00e9clatement cellulaire lorsque les microbes sont expos\u00e9s aux huiles essentielles de cannelle.<\/span><\/p>","protected":false},"excerpt":{"rendered":"<p>Candicid Forte favorise l'\u00e9quilibre optimal de la microflore gastro-intestinale gr\u00e2ce \u00e0 un m\u00e9lange de nutriments, d'extraits botaniques naturels et d'acides gras.<\/p>","protected":false},"featured_media":7207,"template":"","meta":{"bwfblock_default_font":"","_uag_custom_page_level_css":"","site-sidebar-layout":"default","site-content-layout":"","ast-site-content-layout":"default","site-content-style":"default","site-sidebar-style":"default","ast-global-header-display":"","ast-banner-title-visibility":"","ast-main-header-display":"","ast-hfb-above-header-display":"","ast-hfb-below-header-display":"","ast-hfb-mobile-header-display":"","site-post-title":"","ast-breadcrumbs-content":"","ast-featured-img":"","footer-sml-layout":"","ast-disable-related-posts":"","theme-transparent-header-meta":"default","adv-header-id-meta":"","stick-header-meta":"default","header-above-stick-meta":"","header-main-stick-meta":"","header-below-stick-meta":"","astra-migrate-meta-layouts":"set","ast-page-background-enabled":"default","ast-page-background-meta":{"desktop":{"background-color":"","background-image":"","background-repeat":"repeat","background-position":"center center","background-size":"auto","background-attachment":"scroll","background-type":"","background-media":"","overlay-type":"","overlay-color":"","overlay-opacity":"","overlay-gradient":""},"tablet":{"background-color":"","background-image":"","background-repeat":"repeat","background-position":"center center","background-size":"auto","background-attachment":"scroll","background-type":"","background-media":"","overlay-type":"","overlay-color":"","overlay-opacity":"","overlay-gradient":""},"mobile":{"background-color":"","background-image":"","background-repeat":"repeat","background-position":"center center","background-size":"auto","background-attachment":"scroll","background-type":"","background-media":"","overlay-type":"","overlay-color":"","overlay-opacity":"","overlay-gradient":""}},"ast-content-background-meta":{"desktop":{"background-color":"var(--ast-global-color-5)","background-image":"","background-repeat":"repeat","background-position":"center center","background-size":"auto","background-attachment":"scroll","background-type":"","background-media":"","overlay-type":"","overlay-color":"","overlay-opacity":"","overlay-gradient":""},"tablet":{"background-color":"var(--ast-global-color-5)","background-image":"","background-repeat":"repeat","background-position":"center center","background-size":"auto","background-attachment":"scroll","background-type":"","background-media":"","overlay-type":"","overlay-color":"","overlay-opacity":"","overlay-gradient":""},"mobile":{"background-color":"var(--ast-global-color-5)","background-image":"","background-repeat":"repeat","background-position":"center center","background-size":"auto","background-attachment":"scroll","background-type":"","background-media":"","overlay-type":"","overlay-color":"","overlay-opacity":"","overlay-gradient":""}}},"product_brand":[170],"product_cat":[127],"product_tag":[],"class_list":{"0":"post-567","1":"product","2":"type-product","3":"status-publish","4":"has-post-thumbnail","6":"product_brand-ortho-molecular-products","7":"product_cat-dietary-supplements","8":"desktop-align-center","9":"tablet-align-center","10":"mobile-align-center","11":"ast-product-gallery-layout-horizontal-slider","12":"ast-magnify-disabled","13":"ast-product-tabs-layout-horizontal","15":"first","16":"instock","17":"shipping-taxable","18":"purchasable","19":"product-type-simple"},"spectra_custom_meta":{"_edit_last":["1"],"insight_product_options":["s:1358:\"a:38:{s:27:\"single_product_layout_style\";s:0:\"\";s:11:\"site_layout\";s:0:\"\";s:10:\"site_width\";s:0:\"\";s:16:\"site_top_spacing\";s:0:\"\";s:19:\"site_bottom_spacing\";s:0:\"\";s:10:\"site_class\";s:0:\"\";s:21:\"site_background_color\";s:0:\"\";s:21:\"site_background_image\";s:0:\"\";s:22:\"site_background_repeat\";s:9:\"no-repeat\";s:26:\"site_background_attachment\";s:0:\"\";s:24:\"site_background_position\";s:0:\"\";s:20:\"site_background_size\";s:0:\"\";s:24:\"content_background_color\";s:0:\"\";s:24:\"content_background_image\";s:0:\"\";s:25:\"content_background_repeat\";s:9:\"no-repeat\";s:27:\"content_background_position\";s:0:\"\";s:12:\"top_bar_type\";s:0:\"\";s:11:\"header_type\";s:0:\"\";s:14:\"header_overlay\";s:0:\"\";s:11:\"header_skin\";s:0:\"\";s:12:\"menu_display\";s:0:\"\";s:13:\"menu_one_page\";s:1:\"0\";s:16:\"custom_dark_logo\";s:0:\"\";s:17:\"custom_light_logo\";s:0:\"\";s:17:\"custom_logo_width\";s:0:\"\";s:24:\"custom_sticky_logo_width\";s:0:\"\";s:21:\"page_title_bar_layout\";s:0:\"\";s:29:\"page_title_bar_bottom_spacing\";s:0:\"\";s:31:\"page_title_bar_background_color\";s:0:\"\";s:25:\"page_title_bar_background\";s:0:\"\";s:33:\"page_title_bar_background_overlay\";s:0:\"\";s:29:\"page_title_bar_custom_heading\";s:0:\"\";s:14:\"page_sidebar_1\";s:7:\"default\";s:14:\"page_sidebar_2\";s:7:\"default\";s:21:\"page_sidebar_position\";s:7:\"default\";s:17:\"revolution_slider\";s:0:\"\";s:15:\"slider_position\";s:5:\"below\";s:13:\"footer_enable\";s:0:\"\";}\";"],"_sku":["NRT024"],"_regular_price":["84"],"total_sales":["17"],"_tax_status":["taxable"],"_manage_stock":["yes"],"_backorders":["no"],"_sold_individually":["no"],"_virtual":["no"],"_downloadable":["no"],"_download_limit":["-1"],"_download_expiry":["-1"],"_stock_status":["instock"],"_product_version":["9.5.1"],"_price":["84"],"_wp_old_date":["2020-04-22"],"woosw_count":["58"],"woosw_add":["1624461142"],"woosw_remove":["1590014898"],"_thumbnail_id":["7207"],"_edit_lock":["1735990527:1"],"_wp_old_slug":["anti-virus-carbon-mask"],"_tax_class":[""],"_stock":["1"],"_wc_average_rating":["0"],"_wc_review_count":["0"],"_product_image_gallery":["7208"],"rs_page_bg_color":[""],"rank_math_focus_keyword":["Candicid Forte"],"rank_math_analytic_object_id":["103"],"rank_math_seo_score":["81"],"_admin_notes":[""],"_custom_product_field":[""],"rank_math_primary_product_cat":["127"],"rank_math_primary_product_brand":["0"],"site-sidebar-layout":["default"],"ast-site-content-layout":["default"],"site-content-style":["default"],"site-sidebar-style":["default"],"theme-transparent-header-meta":["default"],"stick-header-meta":["default"],"_wc_gla_visibility":["dont-sync-and-show"],"_global_unique_id":["10888621913476"],"_wc_facebook_sync_enabled":["yes"],"fb_visibility":["yes"],"fb_product_description":[""],"_wc_facebook_product_image_source":["product"],"_wc_facebook_enhanced_catalog_attributes_capacity":[""],"_wc_facebook_enhanced_catalog_attributes_age_group":[""],"_wc_facebook_enhanced_catalog_attributes_gender":[""],"_wc_facebook_enhanced_catalog_attributes_ingredients":[""],"_wc_facebook_enhanced_catalog_attributes_health_concern":[""],"_wc_facebook_enhanced_catalog_attributes_pattern":[""],"_wc_facebook_enhanced_catalog_attributes_power_type":[""],"_wc_facebook_enhanced_catalog_attributes_product_form":[""],"_wc_facebook_enhanced_catalog_attributes_result_time":[""],"_wc_facebook_enhanced_catalog_attributes_scent":[""],"_wc_facebook_enhanced_catalog_attributes_absorbency":[""],"_wc_facebook_enhanced_catalog_attributes_material":[""],"_wc_facebook_enhanced_catalog_attributes_serving_size":[""],"_wc_facebook_enhanced_catalog_attributes_size":[""],"_wc_facebook_enhanced_catalog_attributes_skin_care_concern":[""],"_wc_facebook_enhanced_catalog_attributes_skin_type":[""],"_wc_facebook_enhanced_catalog_attributes_spf_value":[""],"_wc_facebook_enhanced_catalog_attributes_standard_features":[""],"_wc_facebook_enhanced_catalog_attributes_stop_use_indications":[""],"_wc_facebook_enhanced_catalog_attributes_package_quantity":[""],"_wc_facebook_enhanced_catalog_attributes_lens_material":[""],"_wc_facebook_enhanced_catalog_attributes_lens_type":[""],"_wc_facebook_enhanced_catalog_attributes_lens_tint":[""],"_wc_facebook_enhanced_catalog_attributes_keywords":[""],"_wc_facebook_enhanced_catalog_attributes_is_powered":[""],"_wc_facebook_enhanced_catalog_attributes_instructions":[""],"_wc_facebook_enhanced_catalog_attributes_ingredients_composition":[""],"_wc_facebook_enhanced_catalog_attributes_inactive_ingredients":[""],"_wc_facebook_enhanced_catalog_attributes_flavor":[""],"_wc_facebook_enhanced_catalog_attributes_eyewear_rim":[""],"_wc_facebook_enhanced_catalog_attributes_dosage":[""],"_wc_facebook_enhanced_catalog_attributes_color":[""],"_wc_facebook_enhanced_catalog_attributes_brand":[""],"_wc_facebook_enhanced_catalog_attributes_body_part":[""],"_wc_facebook_enhanced_catalog_attributes_batteries_required":[""],"_wc_facebook_enhanced_catalog_attributes_u_v_rating":[""],"_wc_facebook_commerce_enabled":["no"],"rank_math_primary_fb_product_set":["0"],"astra-migrate-meta-layouts":["set"],"wpil_sync_report3":["1"],"wpil_links_inbound_internal_count":["0"],"wpil_links_inbound_internal_count_data":["eJxLtDKwqq4FAAZPAf4="],"wpil_links_outbound_internal_count":["0"],"wpil_links_outbound_internal_count_data":["eJxLtDKwqq4FAAZPAf4="],"wpil_links_outbound_external_count":["0"],"wpil_links_outbound_external_count_data":["eJxLtDKwqq4FAAZPAf4="],"wpil_sync_report2_time":["2025-01-27T07:29:11+00:00"],"omnisend_last_sync":["2025-05-16T11:05:10+00:00"],"surerank_settings_general":["a:7:{s:9:\"separator\";s:1:\"-\";s:10:\"page_title\";s:21:\"%title% - %site_name%\";s:25:\"auto_generate_description\";b:1;s:16:\"page_description\";s:9:\"%excerpt%\";s:16:\"auto_description\";s:158:\"Candicid Forte supports optimal GI microflora balance through a blend of nutrients, natural botanical extracts and fatty acids. CLINICAL APPLICATIONS OVERVIEW\";s:14:\"fallback_image\";s:0:\"\";s:13:\"canonical_url\";s:48:\"https:\/\/pophaw.com\/product\/candicid-forte-180ct\/\";}"],"surerank_settings_post_no_index":["no"],"surerank_settings_post_no_follow":["no"],"surerank_settings_post_no_archive":["no"],"surerank_settings_social":["a:23:{s:15:\"open_graph_tags\";b:1;s:18:\"facebook_meta_tags\";b:1;s:17:\"twitter_meta_tags\";b:1;s:16:\"oembeded_scripts\";b:1;s:17:\"oembeded_og_title\";b:1;s:22:\"oembeded_social_images\";b:1;s:27:\"oembeded_remove_author_name\";b:1;s:17:\"facebook_page_url\";s:54:\"https:\/\/www.facebook.com\/profile.php?id=61571207938497\";s:24:\"facebook_author_fallback\";s:0:\"\";s:17:\"twitter_card_type\";s:19:\"summary_large_image\";s:24:\"twitter_same_as_facebook\";b:1;s:24:\"twitter_profile_username\";s:0:\"\";s:24:\"twitter_profile_fallback\";s:0:\"\";s:14:\"facebook_title\";s:21:\"%title% - %site_name%\";s:20:\"facebook_description\";s:9:\"%content%\";s:18:\"facebook_image_url\";s:70:\"https:\/\/pophaw.com\/wp-content\/uploads\/2019\/04\/Candicid-Forte-180ct.png\";s:17:\"facebook_image_id\";i:7207;s:20:\"facebook_image_width\";i:565;s:21:\"facebook_image_height\";i:565;s:13:\"twitter_title\";s:21:\"%title% - %site_name%\";s:19:\"twitter_description\";s:9:\"%content%\";s:17:\"twitter_image_url\";s:70:\"https:\/\/pophaw.com\/wp-content\/uploads\/2019\/04\/Candicid-Forte-180ct.png\";s:16:\"twitter_image_id\";i:7207;}"],"surerank_migration":["1"],"astra_style_timestamp_css":["1778689371"],"wwpp_product_wholesale_visibility_filter":["all"],"_uag_css_file_name":["uag-css-567.css"],"rank_math_internal_links_processed":["1"],"_uag_page_assets":["a:9:{s:3:\"css\";s:0:\"\";s:2:\"js\";s:0:\"\";s:18:\"current_block_list\";a:15:{i:0;s:23:\"surecart\/slide-out-cart\";i:1;s:30:\"surecart\/slide-out-cart-header\";i:2;s:29:\"surecart\/slide-out-cart-items\";i:3;s:30:\"surecart\/slide-out-cart-coupon\";i:4;s:32:\"surecart\/slide-out-cart-subtotal\";i:5;s:38:\"surecart\/slide-out-cart-bump-line-item\";i:6;s:30:\"surecart\/slide-out-cart-submit\";i:7;s:11:\"core\/search\";i:8;s:10:\"core\/group\";i:9;s:12:\"core\/heading\";i:10;s:17:\"core\/latest-posts\";i:11;s:20:\"core\/latest-comments\";i:12;s:13:\"core\/archives\";i:13;s:15:\"core\/categories\";i:14;s:14:\"core\/shortcode\";}s:8:\"uag_flag\";b:0;s:11:\"uag_version\";s:10:\"1778680346\";s:6:\"gfonts\";a:0:{}s:10:\"gfonts_url\";s:0:\"\";s:12:\"gfonts_files\";a:0:{}s:14:\"uag_faq_layout\";b:0;}"]},"uagb_featured_image_src":{"full":["https:\/\/pophaw.com\/wp-content\/uploads\/2019\/04\/Candicid-Forte-180ct.png",565,565,false],"thumbnail":["https:\/\/pophaw.com\/wp-content\/uploads\/2019\/04\/Candicid-Forte-180ct-150x150.png",150,150,true],"medium":["https:\/\/pophaw.com\/wp-content\/uploads\/2019\/04\/Candicid-Forte-180ct-300x300.png",300,300,true],"medium_large":["https:\/\/pophaw.com\/wp-content\/uploads\/2019\/04\/Candicid-Forte-180ct.png",565,565,false],"large":["https:\/\/pophaw.com\/wp-content\/uploads\/2019\/04\/Candicid-Forte-180ct.png",565,565,false],"ryviu-small":["https:\/\/pophaw.com\/wp-content\/uploads\/2019\/04\/Candicid-Forte-180ct.png",40,40,false],"ryviu-medium":["https:\/\/pophaw.com\/wp-content\/uploads\/2019\/04\/Candicid-Forte-180ct.png",132,132,false],"1536x1536":["https:\/\/pophaw.com\/wp-content\/uploads\/2019\/04\/Candicid-Forte-180ct.png",565,565,false],"2048x2048":["https:\/\/pophaw.com\/wp-content\/uploads\/2019\/04\/Candicid-Forte-180ct.png",565,565,false],"trp-custom-language-flag":["https:\/\/pophaw.com\/wp-content\/uploads\/2019\/04\/Candicid-Forte-180ct.png",12,12,false],"woocommerce_thumbnail":["https:\/\/pophaw.com\/wp-content\/uploads\/2019\/04\/Candicid-Forte-180ct-300x300.png",300,300,true],"woocommerce_single":["https:\/\/pophaw.com\/wp-content\/uploads\/2019\/04\/Candicid-Forte-180ct.png",565,565,false],"woocommerce_gallery_thumbnail":["https:\/\/pophaw.com\/wp-content\/uploads\/2019\/04\/Candicid-Forte-180ct-100x100.png",100,100,true]},"uagb_author_info":{"display_name":"Dr. Rowan","author_link":"https:\/\/pophaw.com\/fr\/author\/"},"uagb_comment_info":0,"uagb_excerpt":"Candicid Forte supports optimal GI microflora balance through a blend of nutrients, natural botanical extracts and fatty acids.","_links":{"self":[{"href":"https:\/\/pophaw.com\/fr\/wp-json\/wp\/v2\/product\/567","targetHints":{"allow":["GET"]}}],"collection":[{"href":"https:\/\/pophaw.com\/fr\/wp-json\/wp\/v2\/product"}],"about":[{"href":"https:\/\/pophaw.com\/fr\/wp-json\/wp\/v2\/types\/product"}],"wp:featuredmedia":[{"embeddable":true,"href":"https:\/\/pophaw.com\/fr\/wp-json\/wp\/v2\/media\/7207"}],"wp:attachment":[{"href":"https:\/\/pophaw.com\/fr\/wp-json\/wp\/v2\/media?parent=567"}],"wp:term":[{"taxonomy":"product_brand","embeddable":true,"href":"https:\/\/pophaw.com\/fr\/wp-json\/wp\/v2\/product_brand?post=567"},{"taxonomy":"product_cat","embeddable":true,"href":"https:\/\/pophaw.com\/fr\/wp-json\/wp\/v2\/product_cat?post=567"},{"taxonomy":"product_tag","embeddable":true,"href":"https:\/\/pophaw.com\/fr\/wp-json\/wp\/v2\/product_tag?post=567"}],"curies":[{"name":"wp","href":"https:\/\/api.w.org\/{rel}","templated":true}]}}