{"id":671,"date":"2020-04-28T03:18:14","date_gmt":"2020-04-28T03:18:14","guid":{"rendered":"https:\/\/pophaw.com\/product\/med-care-mens-v-neck-scrub-top\/"},"modified":"2025-02-13T01:18:27","modified_gmt":"2025-02-13T09:18:27","slug":"bequilles-davant-bras","status":"publish","type":"product","link":"https:\/\/pophaw.com\/fr\/product\/bequilles-davant-bras\/","title":{"rendered":"B\u00e9quilles pour avant-bras en aluminium avec hauteur r\u00e9glable et manchettes"},"content":{"rendered":"<p>Soulagez les jambes et marchez avec stabilit\u00e9 : Am\u00e9liorez votre mobilit\u00e9 gr\u00e2ce aux b\u00e9quilles d'avant-bras. Combinant une grande r\u00e9sistance, une manchette sup\u00e9rieure r\u00e9glable sur 4 niveaux et une hauteur r\u00e9glable sur 11 niveaux, elles offrent un soutien et une stabilit\u00e9 exceptionnels. \u00c0 chaque pas, votre marche est plus s\u00fbre et plus confiante.<br \/>\nAvec 11 r\u00e9glages de hauteur, cette b\u00e9quille r\u00e9glable pour l'avant-bras s'adapte parfaitement aux utilisateurs dont la taille est comprise entre 55,12\u2033 et 70,87\u2033. La manchette de bras r\u00e9glable sur 4 niveaux assure un ajustement confortable pour diff\u00e9rentes longueurs d'avant-bras.<br \/>\nNos b\u00e9quilles m\u00e9dicales pour l'avant-bras sont fabriqu\u00e9es en alliage d'aluminium solide mais l\u00e9ger, capable de supporter jusqu'\u00e0 350 livres, vous donnant la confiance n\u00e9cessaire pour marcher avec aisance. L\u00e9g\u00e8res et portables, elles sont faciles \u00e0 porter et \u00e0 transporter, parfaites pour les voyages et l'usage quotidien.<br \/>\nNos b\u00e9quilles l\u00e9g\u00e8res sont dot\u00e9es de coussinets en caoutchouc antid\u00e9rapants \u00e9largis, qui garantissent une grande stabilit\u00e9 sur diff\u00e9rentes surfaces. La texture antid\u00e9rapante assure une traction s\u00fbre sur le carrelage, les sols irr\u00e9guliers et le b\u00e9ton, offrant ainsi une exp\u00e9rience de marche plus stable.<br \/>\nParfaites pour les h\u00f4pitaux, les centres de r\u00e9\u00e9ducation, les maisons et les espaces publics, nos b\u00e9quilles de soutien \u00e0 la marche sont le compagnon id\u00e9al pour l'aide \u00e0 la mobilit\u00e9, en particulier pour les personnes souffrant de blessures aux jambes, les personnes \u00e2g\u00e9es, les personnes handicap\u00e9es ou les personnes en convalescence post-chirurgicale.<\/p>\n<p><span style=\"color: #000000;\"><strong>Caract\u00e9ristiques et d\u00e9tails<\/strong><\/span><\/p>\n<p>Ajustement multiple, ajustement parfait : Les b\u00e9quilles d'avant-bras sont dot\u00e9es d'une manchette r\u00e9glable \u00e0 4 niveaux, qui s'adapte confortablement aux diff\u00e9rentes longueurs d'avant-bras. Combin\u00e9es \u00e0 un r\u00e9glage de la hauteur sur 11 niveaux, elles conviennent aux utilisateurs de diff\u00e9rentes tailles, de 55,12\u2033 \u00e0 70,87\u2033.<br \/>\nPartenaire de marche fiable : Les b\u00e9quilles de marche, fabriqu\u00e9es en alliage d'aluminium durable, supportent jusqu'\u00e0 350 livres, assurant stabilit\u00e9 et s\u00e9curit\u00e9. Id\u00e9ales pour les personnes souffrant de blessures aux jambes, les personnes \u00e2g\u00e9es, les personnes handicap\u00e9es ou les personnes ayant subi une intervention chirurgicale, elles soulagent les jambes et r\u00e9tablissent une d\u00e9marche stable.<br \/>\nLe confort \u00e0 chaque pas : Nos b\u00e9quilles de marche offrent un soutien multipoint, une manchette sup\u00e9rieure r\u00e9glable et une poign\u00e9e ergonomique pour soulager la pression sur le coude et le bras tout en soulageant la jambe. La poign\u00e9e en PVC souple garantit un ajustement parfait pour une exp\u00e9rience de marche plus agr\u00e9able.<br \/>\nS\u00fbr et antid\u00e9rapant : Marchez en toute confiance sur diverses surfaces gr\u00e2ce \u00e0 nos coussinets antid\u00e9rapants en caoutchouc. Avec une stabilit\u00e9 et un contact au sol sup\u00e9rieurs, ils am\u00e9liorent la traction et absorbent les chocs, minimisant l'impact sur les articulations et garantissant une marche plus s\u00fbre et plus stable.<br \/>\nVaste champ d'application : Id\u00e9ales pour les h\u00f4pitaux, les foyers, les centres de r\u00e9\u00e9ducation et les espaces publics, nos b\u00e9quilles d'avant-bras pour adultes fournissent une aide essentielle \u00e0 la mobilit\u00e9. L\u00e9g\u00e8res, compactes et portables, elles sont faciles \u00e0 transporter et \u00e0 ranger sans prendre beaucoup de place.<\/p>","protected":false},"excerpt":{"rendered":"<p>A chaque pas, la marche devient plus s\u00fbre et plus confiante.<\/p>","protected":false},"featured_media":9481,"template":"","meta":{"bwfblock_default_font":"","_uag_custom_page_level_css":"","site-sidebar-layout":"default","site-content-layout":"","ast-site-content-layout":"default","site-content-style":"default","site-sidebar-style":"default","ast-global-header-display":"","ast-banner-title-visibility":"","ast-main-header-display":"","ast-hfb-above-header-display":"","ast-hfb-below-header-display":"","ast-hfb-mobile-header-display":"","site-post-title":"","ast-breadcrumbs-content":"","ast-featured-img":"","footer-sml-layout":"","ast-disable-related-posts":"","theme-transparent-header-meta":"default","adv-header-id-meta":"","stick-header-meta":"default","header-above-stick-meta":"","header-main-stick-meta":"","header-below-stick-meta":"","astra-migrate-meta-layouts":"set","ast-page-background-enabled":"default","ast-page-background-meta":{"desktop":{"background-color":"","background-image":"","background-repeat":"repeat","background-position":"center center","background-size":"auto","background-attachment":"scroll","background-type":"","background-media":"","overlay-type":"","overlay-color":"","overlay-opacity":"","overlay-gradient":""},"tablet":{"background-color":"","background-image":"","background-repeat":"repeat","background-position":"center center","background-size":"auto","background-attachment":"scroll","background-type":"","background-media":"","overlay-type":"","overlay-color":"","overlay-opacity":"","overlay-gradient":""},"mobile":{"background-color":"","background-image":"","background-repeat":"repeat","background-position":"center center","background-size":"auto","background-attachment":"scroll","background-type":"","background-media":"","overlay-type":"","overlay-color":"","overlay-opacity":"","overlay-gradient":""}},"ast-content-background-meta":{"desktop":{"background-color":"var(--ast-global-color-5)","background-image":"","background-repeat":"repeat","background-position":"center center","background-size":"auto","background-attachment":"scroll","background-type":"","background-media":"","overlay-type":"","overlay-color":"","overlay-opacity":"","overlay-gradient":""},"tablet":{"background-color":"var(--ast-global-color-5)","background-image":"","background-repeat":"repeat","background-position":"center center","background-size":"auto","background-attachment":"scroll","background-type":"","background-media":"","overlay-type":"","overlay-color":"","overlay-opacity":"","overlay-gradient":""},"mobile":{"background-color":"var(--ast-global-color-5)","background-image":"","background-repeat":"repeat","background-position":"center center","background-size":"auto","background-attachment":"scroll","background-type":"","background-media":"","overlay-type":"","overlay-color":"","overlay-opacity":"","overlay-gradient":""}}},"product_brand":[73],"product_cat":[341,336,99,96],"product_tag":[],"class_list":{"0":"post-671","1":"product","2":"type-product","3":"status-publish","4":"has-post-thumbnail","6":"product_brand-pophaw","7":"product_cat-mobility","8":"product_cat-healthcare-products","9":"product_cat-home-medical-supplies","10":"product_cat-mobility-support","11":"desktop-align-center","12":"tablet-align-center","13":"mobile-align-center","14":"ast-product-gallery-layout-horizontal-slider","15":"ast-magnify-disabled","16":"ast-product-tabs-layout-horizontal","18":"first","19":"instock","20":"shipping-taxable","21":"purchasable","22":"product-type-simple"},"spectra_custom_meta":{"_edit_last":["1"],"total_sales":["4"],"_tax_status":["taxable"],"_manage_stock":["yes"],"_backorders":["no"],"_sold_individually":["no"],"_virtual":["no"],"_downloadable":["no"],"_download_limit":["-1"],"_download_expiry":["-1"],"_stock":["26"],"_stock_status":["instock"],"_product_version":["9.6.1"],"insight_product_options":["s:1358:\"a:38:{s:27:\"single_product_layout_style\";s:0:\"\";s:11:\"site_layout\";s:0:\"\";s:10:\"site_width\";s:0:\"\";s:16:\"site_top_spacing\";s:0:\"\";s:19:\"site_bottom_spacing\";s:0:\"\";s:10:\"site_class\";s:0:\"\";s:21:\"site_background_color\";s:0:\"\";s:21:\"site_background_image\";s:0:\"\";s:22:\"site_background_repeat\";s:9:\"no-repeat\";s:26:\"site_background_attachment\";s:0:\"\";s:24:\"site_background_position\";s:0:\"\";s:20:\"site_background_size\";s:0:\"\";s:24:\"content_background_color\";s:0:\"\";s:24:\"content_background_image\";s:0:\"\";s:25:\"content_background_repeat\";s:9:\"no-repeat\";s:27:\"content_background_position\";s:0:\"\";s:12:\"top_bar_type\";s:0:\"\";s:11:\"header_type\";s:0:\"\";s:14:\"header_overlay\";s:0:\"\";s:11:\"header_skin\";s:0:\"\";s:12:\"menu_display\";s:0:\"\";s:13:\"menu_one_page\";s:1:\"0\";s:16:\"custom_dark_logo\";s:0:\"\";s:17:\"custom_light_logo\";s:0:\"\";s:17:\"custom_logo_width\";s:0:\"\";s:24:\"custom_sticky_logo_width\";s:0:\"\";s:21:\"page_title_bar_layout\";s:0:\"\";s:29:\"page_title_bar_bottom_spacing\";s:0:\"\";s:31:\"page_title_bar_background_color\";s:0:\"\";s:25:\"page_title_bar_background\";s:0:\"\";s:33:\"page_title_bar_background_overlay\";s:0:\"\";s:29:\"page_title_bar_custom_heading\";s:0:\"\";s:14:\"page_sidebar_1\";s:7:\"default\";s:14:\"page_sidebar_2\";s:7:\"default\";s:21:\"page_sidebar_position\";s:7:\"default\";s:17:\"revolution_slider\";s:0:\"\";s:15:\"slider_position\";s:5:\"below\";s:13:\"footer_enable\";s:0:\"\";}\";"],"_sku":["EB218024"],"_product_image_gallery":["9482,9483,9484,9485,9486,9487"],"woosw_count":["10"],"woosw_add":["1627430823"],"woosw_remove":["1604065176"],"_price":["38.99"],"_tax_class":[""],"_wc_average_rating":["0"],"_wc_review_count":["0"],"_edit_lock":["1737875613:1"],"rs_page_bg_color":[""],"rank_math_focus_keyword":["Forearm Crutches"],"rank_math_analytic_object_id":["39"],"rank_math_auto_redirect":["a:1:{i:0;i:30;}"],"_wp_old_slug":["med-care-mens-v-neck-scrub-top"],"rank_math_seo_score":["90"],"rank_math_description":["Relieve leg strain and walk with steadiness: Empower your mobility with the forearm crutches."],"_thumbnail_id":["9481"],"_admin_notes":["https:\/\/www.ebay.com\/itm\/126654582330"],"_custom_product_field":[""],"_regular_price":["38.99"],"rank_math_primary_product_cat":["341"],"rank_math_primary_product_brand":["73"],"site-sidebar-layout":["default"],"ast-site-content-layout":["default"],"site-content-style":["default"],"site-sidebar-style":["default"],"theme-transparent-header-meta":["default"],"stick-header-meta":["default"],"_wc_gla_synced_at":["1777345297"],"_wc_gla_sync_status":["synced"],"_wc_gla_visibility":["sync-and-show"],"_wc_gla_google_ids":["a:1:{s:2:\"US\";s:20:\"online:en:US:gla_671\";}"],"fb_product_item_id":["27999888236323599"],"_global_unique_id":["10888621913872"],"_wc_facebook_sync_enabled":["yes"],"fb_visibility":["yes"],"fb_product_description":[""],"_wc_facebook_product_image_source":["product"],"_wc_facebook_commerce_enabled":["no"],"rank_math_primary_fb_product_set":["0"],"astra-migrate-meta-layouts":["set"],"wp_statistics_words_count":["365"],"wpil_sync_report3":["1"],"wpil_links_inbound_internal_count":["0"],"wpil_links_inbound_internal_count_data":["eJxLtDKwqq4FAAZPAf4="],"wpil_links_outbound_internal_count":["0"],"wpil_links_outbound_internal_count_data":["eJxLtDKwqq4FAAZPAf4="],"wpil_links_outbound_external_count":["0"],"wpil_links_outbound_external_count_data":["eJxLtDKwqq4FAAZPAf4="],"wpil_sync_report2_time":["2025-01-27T07:29:11+00:00"],"omnisend_last_sync":["2025-05-16T11:05:10+00:00"],"surerank_settings_general":["a:7:{s:9:\"separator\";s:1:\"-\";s:10:\"page_title\";s:21:\"%title% - %site_name%\";s:25:\"auto_generate_description\";b:1;s:16:\"page_description\";s:93:\"Relieve leg strain and walk with steadiness: Empower your mobility with the forearm crutches.\";s:16:\"auto_description\";s:158:\"Relieve leg strain and walk with steadiness: Empower your mobility with the forearm crutches. Combining high strength, a 4-level adjustable upper cuff, and an\";s:14:\"fallback_image\";s:0:\"\";s:13:\"canonical_url\";s:44:\"https:\/\/pophaw.com\/product\/forearm-crutches\/\";}"],"surerank_settings_post_no_index":["no"],"surerank_settings_post_no_follow":["no"],"surerank_settings_post_no_archive":["no"],"surerank_settings_social":["a:23:{s:15:\"open_graph_tags\";b:1;s:18:\"facebook_meta_tags\";b:1;s:17:\"twitter_meta_tags\";b:1;s:16:\"oembeded_scripts\";b:1;s:17:\"oembeded_og_title\";b:1;s:22:\"oembeded_social_images\";b:1;s:27:\"oembeded_remove_author_name\";b:1;s:17:\"facebook_page_url\";s:54:\"https:\/\/www.facebook.com\/profile.php?id=61571207938497\";s:24:\"facebook_author_fallback\";s:0:\"\";s:17:\"twitter_card_type\";s:19:\"summary_large_image\";s:24:\"twitter_same_as_facebook\";b:1;s:24:\"twitter_profile_username\";s:0:\"\";s:24:\"twitter_profile_fallback\";s:0:\"\";s:14:\"facebook_title\";s:21:\"%title% - %site_name%\";s:20:\"facebook_description\";s:9:\"%content%\";s:18:\"facebook_image_url\";s:56:\"https:\/\/pophaw.com\/wp-content\/uploads\/2020\/04\/10007.webp\";s:17:\"facebook_image_id\";i:9481;s:20:\"facebook_image_width\";i:1600;s:21:\"facebook_image_height\";i:1600;s:13:\"twitter_title\";s:21:\"%title% - %site_name%\";s:19:\"twitter_description\";s:9:\"%content%\";s:17:\"twitter_image_url\";s:56:\"https:\/\/pophaw.com\/wp-content\/uploads\/2020\/04\/10007.webp\";s:16:\"twitter_image_id\";i:9481;}"],"surerank_migration":["1"],"astra_style_timestamp_css":["1778686531"],"wwpp_product_wholesale_visibility_filter":["all"],"_uag_css_file_name":["uag-css-671.css"],"rank_math_internal_links_processed":["1"],"_wc_gla_mc_status":["approved"],"_uag_page_assets":["a:9:{s:3:\"css\";s:0:\"\";s:2:\"js\";s:0:\"\";s:18:\"current_block_list\";a:15:{i:0;s:23:\"surecart\/slide-out-cart\";i:1;s:30:\"surecart\/slide-out-cart-header\";i:2;s:29:\"surecart\/slide-out-cart-items\";i:3;s:30:\"surecart\/slide-out-cart-coupon\";i:4;s:32:\"surecart\/slide-out-cart-subtotal\";i:5;s:38:\"surecart\/slide-out-cart-bump-line-item\";i:6;s:30:\"surecart\/slide-out-cart-submit\";i:7;s:11:\"core\/search\";i:8;s:10:\"core\/group\";i:9;s:12:\"core\/heading\";i:10;s:17:\"core\/latest-posts\";i:11;s:20:\"core\/latest-comments\";i:12;s:13:\"core\/archives\";i:13;s:15:\"core\/categories\";i:14;s:14:\"core\/shortcode\";}s:8:\"uag_flag\";b:0;s:11:\"uag_version\";s:10:\"1778680346\";s:6:\"gfonts\";a:0:{}s:10:\"gfonts_url\";s:0:\"\";s:12:\"gfonts_files\";a:0:{}s:14:\"uag_faq_layout\";b:0;}"]},"uagb_featured_image_src":{"full":["https:\/\/pophaw.com\/wp-content\/uploads\/2020\/04\/10007.webp",1600,1600,false],"thumbnail":["https:\/\/pophaw.com\/wp-content\/uploads\/2020\/04\/10007-150x150.webp",150,150,true],"medium":["https:\/\/pophaw.com\/wp-content\/uploads\/2020\/04\/10007-300x300.webp",300,300,true],"medium_large":["https:\/\/pophaw.com\/wp-content\/uploads\/2020\/04\/10007-768x768.webp",768,768,true],"large":["https:\/\/pophaw.com\/wp-content\/uploads\/2020\/04\/10007-1024x1024.webp",1024,1024,true],"ryviu-small":["https:\/\/pophaw.com\/wp-content\/uploads\/2020\/04\/10007.webp",40,40,false],"ryviu-medium":["https:\/\/pophaw.com\/wp-content\/uploads\/2020\/04\/10007.webp",132,132,false],"1536x1536":["https:\/\/pophaw.com\/wp-content\/uploads\/2020\/04\/10007-1536x1536.webp",1536,1536,true],"2048x2048":["https:\/\/pophaw.com\/wp-content\/uploads\/2020\/04\/10007.webp",1600,1600,false],"trp-custom-language-flag":["https:\/\/pophaw.com\/wp-content\/uploads\/2020\/04\/10007.webp",12,12,false],"woocommerce_thumbnail":["https:\/\/pophaw.com\/wp-content\/uploads\/2020\/04\/10007-300x300.webp",300,300,true],"woocommerce_single":["https:\/\/pophaw.com\/wp-content\/uploads\/2020\/04\/10007-600x600.webp",600,600,true],"woocommerce_gallery_thumbnail":["https:\/\/pophaw.com\/wp-content\/uploads\/2020\/04\/10007-100x100.webp",100,100,true]},"uagb_author_info":{"display_name":"Dr. Rowan","author_link":"https:\/\/pophaw.com\/fr\/author\/"},"uagb_comment_info":0,"uagb_excerpt":"Experience a safer and more confident walking journey with every step.","_links":{"self":[{"href":"https:\/\/pophaw.com\/fr\/wp-json\/wp\/v2\/product\/671","targetHints":{"allow":["GET"]}}],"collection":[{"href":"https:\/\/pophaw.com\/fr\/wp-json\/wp\/v2\/product"}],"about":[{"href":"https:\/\/pophaw.com\/fr\/wp-json\/wp\/v2\/types\/product"}],"wp:featuredmedia":[{"embeddable":true,"href":"https:\/\/pophaw.com\/fr\/wp-json\/wp\/v2\/media\/9481"}],"wp:attachment":[{"href":"https:\/\/pophaw.com\/fr\/wp-json\/wp\/v2\/media?parent=671"}],"wp:term":[{"taxonomy":"product_brand","embeddable":true,"href":"https:\/\/pophaw.com\/fr\/wp-json\/wp\/v2\/product_brand?post=671"},{"taxonomy":"product_cat","embeddable":true,"href":"https:\/\/pophaw.com\/fr\/wp-json\/wp\/v2\/product_cat?post=671"},{"taxonomy":"product_tag","embeddable":true,"href":"https:\/\/pophaw.com\/fr\/wp-json\/wp\/v2\/product_tag?post=671"}],"curies":[{"name":"wp","href":"https:\/\/api.w.org\/{rel}","templated":true}]}}