{"id":689,"date":"2020-04-28T03:30:18","date_gmt":"2020-04-28T03:30:18","guid":{"rendered":"https:\/\/pophaw.com\/product\/essentials-with-chest-pocket-scrub\/"},"modified":"2025-02-13T01:19:20","modified_gmt":"2025-02-13T09:19:20","slug":"masseur-electrique-vibrant-pour-les-yeux","status":"publish","type":"product","link":"https:\/\/pophaw.com\/fr\/product\/masseur-electrique-vibrant-pour-les-yeux\/","title":{"rendered":"Masseur \u00e9lectrique \u00e0 vibrations pour les yeux"},"content":{"rendered":"<ul class=\"a-unordered-list a-vertical a-spacing-mini\">\n<li class=\"a-spacing-mini\"><span class=\"a-list-item\">Liste des articles \u00e9ligibles \u00e0 la HSA uniquement : Ce masseur oculaire pour le soulagement de la migraine est admissible au FSA ou au HSA et peut \u00eatre achet\u00e9 avec des FSA et des HSA.\u00a0<\/span><\/li>\n<li class=\"a-spacing-mini\"><span class=\"a-list-item\">Le masque de sommeil RENPHO peut bloquer la lumi\u00e8re et aider \u00e0 apaiser les yeux fatigu\u00e9s en procurant une chaleur relaxante qui peut r\u00e9duire le stress et am\u00e9liorer la qualit\u00e9 du sommeil.<\/span><\/li>\n<li class=\"a-spacing-mini\"><span class=\"a-list-item\">Id\u00e9es de cadeaux pour le Nouvel An, la Saint-Valentin et les anniversaires : Le masseur oculaire Renpho avec chaleur et refroidissement est un cadeau personnalis\u00e9 pour les femmes\/hommes, qui peut les aider \u00e0 soulager la fatigue oculaire pendant leurs longues journ\u00e9es de travail. Il peut les aider \u00e0 soulager la fatigue oculaire pendant leurs longues journ\u00e9es de travail, en particulier lorsque les infirmi\u00e8res travaillent de nuit et que les enseignants travaillent \u00e0 leur bureau pendant de longues heures la nuit.<\/span><\/li>\n<li class=\"a-spacing-mini\"><span class=\"a-list-item\">Compresse chauffante apaisante \u00e0 2 niveaux : Les coussins chauffants int\u00e9gr\u00e9s fournissent une temp\u00e9rature confortable de 104\u00b0C\/113\u00b0F (40\u00b0C\/45\u00b0C), id\u00e9ale pour soulager la fatigue oculaire, le gonflement des yeux, la s\u00e9cheresse oculaire, am\u00e9liorer le sommeil, etc. Notre masseur oculaire contre les migraines peut vous aider \u00e0 vous rafra\u00eechir apr\u00e8s une longue journ\u00e9e de travail ou d'\u00e9tudes.<\/span><\/li>\n<li class=\"a-spacing-mini\"><span class=\"a-list-item\">Massage des yeux par compression \u00e0 2 niveaux : Gr\u00e2ce au moteur de haute technologie et au massage des points de d\u00e9clenchement, le masseur musculaire pour les yeux RENPHO reproduit l'effet de massage humain de pression et de p\u00e9trissage, aidant \u00e0 rafra\u00eechir vos yeux, \u00e0 r\u00e9duire les orgelets, les yeux douloureux et les cernes. Vous pouvez choisir entre 2 niveaux d'intensit\u00e9 de compression r\u00e9glables pour profiter de vacances pour vos globes oculaires et d'un meilleur r\u00eave.<\/span><\/li>\n<li class=\"a-spacing-mini\"><span class=\"a-list-item\">La version am\u00e9lior\u00e9e adopte la t\u00e9l\u00e9commande et le contr\u00f4le tactile : Le masseur oculaire RENPHO eyeris 1 nouvelle version peut changer de mode \u00e0 volont\u00e9 et \u00eatre contr\u00f4l\u00e9 par une t\u00e9l\u00e9commande ou par le toucher. Vous pouvez \u00e9galement \u00e9couter vos morceaux de musique pr\u00e9f\u00e9r\u00e9s gr\u00e2ce au haut-parleur Bluetooth tout en massant vos yeux. Nom Bluetooth : Masseur pour les yeux. Le masseur pour les yeux Renpho ne convient pas aux personnes ayant subi une op\u00e9ration des yeux, souffrant d'une affection de la r\u00e9tine, d'une cataracte, d'un glaucome, etc.<\/span><\/li>\n<li class=\"a-spacing-mini\"><span class=\"a-list-item\">Pliable \u00e0 180\u00b0 et l\u00e9ger : Notre appareil \u00e9lectrique de soulagement de la fatigue oculaire est dot\u00e9 d'un sac de rangement qui peut \u00eatre pli\u00e9 en plus petit, afin que vous puissiez l'emmener au bureau, dans l'avion ou en voyage. De plus, la sangle de t\u00eate peut \u00eatre facilement ajust\u00e9e et convient \u00e0 tous les adolescents et adultes.<\/span><\/li>\n<li class=\"a-spacing-mini\"><span class=\"a-list-item\">Un service client fiable : Chaque masseur Renpho est dot\u00e9 d'un emballage bien con\u00e7u et d'une bonne exp\u00e9rience de d\u00e9ballage. Renpho est r\u00e9put\u00e9 pour la qualit\u00e9 de ses produits et la qualit\u00e9 de son service client\u00e8le.<\/span><\/li>\n<\/ul>","protected":false},"excerpt":{"rendered":"<p>Le masque de sommeil pour les yeux peut bloquer la lumi\u00e8re et aider \u00e0 soulager les yeux fatigu\u00e9s.<\/p>","protected":false},"featured_media":9498,"template":"","meta":{"bwfblock_default_font":"","_uag_custom_page_level_css":"","site-sidebar-layout":"default","site-content-layout":"","ast-site-content-layout":"default","site-content-style":"default","site-sidebar-style":"default","ast-global-header-display":"","ast-banner-title-visibility":"","ast-main-header-display":"","ast-hfb-above-header-display":"","ast-hfb-below-header-display":"","ast-hfb-mobile-header-display":"","site-post-title":"","ast-breadcrumbs-content":"","ast-featured-img":"","footer-sml-layout":"","ast-disable-related-posts":"","theme-transparent-header-meta":"default","adv-header-id-meta":"","stick-header-meta":"default","header-above-stick-meta":"","header-main-stick-meta":"","header-below-stick-meta":"","astra-migrate-meta-layouts":"set","ast-page-background-enabled":"default","ast-page-background-meta":{"desktop":{"background-color":"","background-image":"","background-repeat":"repeat","background-position":"center center","background-size":"auto","background-attachment":"scroll","background-type":"","background-media":"","overlay-type":"","overlay-color":"","overlay-opacity":"","overlay-gradient":""},"tablet":{"background-color":"","background-image":"","background-repeat":"repeat","background-position":"center center","background-size":"auto","background-attachment":"scroll","background-type":"","background-media":"","overlay-type":"","overlay-color":"","overlay-opacity":"","overlay-gradient":""},"mobile":{"background-color":"","background-image":"","background-repeat":"repeat","background-position":"center center","background-size":"auto","background-attachment":"scroll","background-type":"","background-media":"","overlay-type":"","overlay-color":"","overlay-opacity":"","overlay-gradient":""}},"ast-content-background-meta":{"desktop":{"background-color":"var(--ast-global-color-5)","background-image":"","background-repeat":"repeat","background-position":"center center","background-size":"auto","background-attachment":"scroll","background-type":"","background-media":"","overlay-type":"","overlay-color":"","overlay-opacity":"","overlay-gradient":""},"tablet":{"background-color":"var(--ast-global-color-5)","background-image":"","background-repeat":"repeat","background-position":"center center","background-size":"auto","background-attachment":"scroll","background-type":"","background-media":"","overlay-type":"","overlay-color":"","overlay-opacity":"","overlay-gradient":""},"mobile":{"background-color":"var(--ast-global-color-5)","background-image":"","background-repeat":"repeat","background-position":"center center","background-size":"auto","background-attachment":"scroll","background-type":"","background-media":"","overlay-type":"","overlay-color":"","overlay-opacity":"","overlay-gradient":""}}},"product_brand":[73],"product_cat":[340,103,336,93,99,338],"product_tag":[],"class_list":{"0":"post-689","1":"product","2":"type-product","3":"status-publish","4":"has-post-thumbnail","6":"product_brand-pophaw","7":"product_cat-massager","8":"product_cat-fitness-weight-management","9":"product_cat-healthcare-products","10":"product_cat-hearing-vision-care","11":"product_cat-home-medical-supplies","12":"product_cat-personal-care","13":"desktop-align-center","14":"tablet-align-center","15":"mobile-align-center","16":"ast-product-gallery-layout-horizontal-slider","17":"ast-magnify-disabled","18":"ast-product-tabs-layout-horizontal","20":"first","21":"instock","22":"shipping-taxable","23":"purchasable","24":"product-type-simple"},"spectra_custom_meta":{"_edit_last":["1"],"total_sales":["2"],"_tax_status":["taxable"],"_manage_stock":["yes"],"_backorders":["no"],"_sold_individually":["no"],"_virtual":["no"],"_downloadable":["no"],"_download_limit":["-1"],"_download_expiry":["-1"],"_stock":["26"],"_stock_status":["instock"],"_product_version":["9.6.1"],"insight_product_options":["s:1358:\"a:38:{s:27:\"single_product_layout_style\";s:0:\"\";s:11:\"site_layout\";s:0:\"\";s:10:\"site_width\";s:0:\"\";s:16:\"site_top_spacing\";s:0:\"\";s:19:\"site_bottom_spacing\";s:0:\"\";s:10:\"site_class\";s:0:\"\";s:21:\"site_background_color\";s:0:\"\";s:21:\"site_background_image\";s:0:\"\";s:22:\"site_background_repeat\";s:9:\"no-repeat\";s:26:\"site_background_attachment\";s:0:\"\";s:24:\"site_background_position\";s:0:\"\";s:20:\"site_background_size\";s:0:\"\";s:24:\"content_background_color\";s:0:\"\";s:24:\"content_background_image\";s:0:\"\";s:25:\"content_background_repeat\";s:9:\"no-repeat\";s:27:\"content_background_position\";s:0:\"\";s:12:\"top_bar_type\";s:0:\"\";s:11:\"header_type\";s:0:\"\";s:14:\"header_overlay\";s:0:\"\";s:11:\"header_skin\";s:0:\"\";s:12:\"menu_display\";s:0:\"\";s:13:\"menu_one_page\";s:1:\"0\";s:16:\"custom_dark_logo\";s:0:\"\";s:17:\"custom_light_logo\";s:0:\"\";s:17:\"custom_logo_width\";s:0:\"\";s:24:\"custom_sticky_logo_width\";s:0:\"\";s:21:\"page_title_bar_layout\";s:0:\"\";s:29:\"page_title_bar_bottom_spacing\";s:0:\"\";s:31:\"page_title_bar_background_color\";s:0:\"\";s:25:\"page_title_bar_background\";s:0:\"\";s:33:\"page_title_bar_background_overlay\";s:0:\"\";s:29:\"page_title_bar_custom_heading\";s:0:\"\";s:14:\"page_sidebar_1\";s:7:\"default\";s:14:\"page_sidebar_2\";s:7:\"default\";s:21:\"page_sidebar_position\";s:7:\"default\";s:17:\"revolution_slider\";s:0:\"\";s:15:\"slider_position\";s:5:\"below\";s:13:\"footer_enable\";s:0:\"\";}\";"],"_sku":["EB218026"],"_product_image_gallery":["9499,9500,9501"],"woosw_count":["15"],"woosw_add":["1612959897"],"_price":["75.99"],"woosw_remove":["1603832277"],"_tax_class":[""],"_wc_average_rating":["0"],"_wc_review_count":["0"],"rs_page_bg_color":[""],"rank_math_focus_keyword":["Eye Massager"],"_edit_lock":["1737875650:1"],"rank_math_analytic_object_id":["38"],"rank_math_auto_redirect":["a:1:{i:0;i:32;}"],"_wp_old_slug":["essentials-with-chest-pocket-scrub"],"rank_math_seo_score":["93"],"rank_math_description":["HSA FSA Eligible Item Only List: this head migraine relief eye massager is FSA or HSA eligible, and can be purchased with FSAs and HSAs."],"_thumbnail_id":["9498"],"_admin_notes":["https:\/\/www.ebay.com\/itm\/395826413516"],"_custom_product_field":[""],"_regular_price":["75.99"],"rank_math_primary_product_cat":["340"],"rank_math_primary_product_brand":["73"],"site-sidebar-layout":["default"],"ast-site-content-layout":["default"],"site-content-style":["default"],"site-sidebar-style":["default"],"theme-transparent-header-meta":["default"],"stick-header-meta":["default"],"_wc_gla_synced_at":["1777345297"],"_wc_gla_sync_status":["synced"],"_wc_gla_visibility":["sync-and-show"],"_wc_gla_google_ids":["a:1:{s:2:\"US\";s:20:\"online:en:US:gla_689\";}"],"fb_product_item_id":["9853966451284297"],"_global_unique_id":["10888621913889"],"_wc_facebook_sync_enabled":["yes"],"fb_visibility":["yes"],"fb_product_description":[""],"_wc_facebook_product_image_source":["product"],"_wc_facebook_commerce_enabled":["no"],"rank_math_primary_fb_product_set":["0"],"astra-migrate-meta-layouts":["set"],"wp_statistics_words_count":["356"],"wpil_sync_report3":["1"],"wpil_links_inbound_internal_count":["0"],"wpil_links_inbound_internal_count_data":["eJxLtDKwqq4FAAZPAf4="],"wpil_links_outbound_internal_count":["0"],"wpil_links_outbound_internal_count_data":["eJxLtDKwqq4FAAZPAf4="],"wpil_links_outbound_external_count":["0"],"wpil_links_outbound_external_count_data":["eJxLtDKwqq4FAAZPAf4="],"wpil_sync_report2_time":["2025-01-27T07:29:11+00:00"],"omnisend_last_sync":["2025-05-16T11:05:10+00:00"],"surerank_settings_general":["a:7:{s:9:\"separator\";s:1:\"-\";s:10:\"page_title\";s:21:\"%title% - %site_name%\";s:25:\"auto_generate_description\";b:1;s:16:\"page_description\";s:136:\"HSA FSA Eligible Item Only List: this head migraine relief eye massager is FSA or HSA eligible, and can be purchased with FSAs and HSAs.\";s:16:\"auto_description\";s:0:\"\";s:14:\"fallback_image\";s:0:\"\";s:13:\"canonical_url\";s:59:\"https:\/\/pophaw.com\/product\/electric-vibration-eye-massager\/\";}"],"surerank_settings_post_no_index":["no"],"surerank_settings_post_no_follow":["no"],"surerank_settings_post_no_archive":["no"],"surerank_settings_social":["a:23:{s:15:\"open_graph_tags\";b:1;s:18:\"facebook_meta_tags\";b:1;s:17:\"twitter_meta_tags\";b:1;s:16:\"oembeded_scripts\";b:1;s:17:\"oembeded_og_title\";b:1;s:22:\"oembeded_social_images\";b:1;s:27:\"oembeded_remove_author_name\";b:1;s:17:\"facebook_page_url\";s:54:\"https:\/\/www.facebook.com\/profile.php?id=61571207938497\";s:24:\"facebook_author_fallback\";s:0:\"\";s:17:\"twitter_card_type\";s:19:\"summary_large_image\";s:24:\"twitter_same_as_facebook\";b:1;s:24:\"twitter_profile_username\";s:0:\"\";s:24:\"twitter_profile_fallback\";s:0:\"\";s:14:\"facebook_title\";s:21:\"%title% - %site_name%\";s:20:\"facebook_description\";s:9:\"%content%\";s:18:\"facebook_image_url\";s:58:\"https:\/\/pophaw.com\/wp-content\/uploads\/2020\/04\/10004-2.webp\";s:17:\"facebook_image_id\";i:9498;s:20:\"facebook_image_width\";i:1600;s:21:\"facebook_image_height\";i:1600;s:13:\"twitter_title\";s:21:\"%title% - %site_name%\";s:19:\"twitter_description\";s:9:\"%content%\";s:17:\"twitter_image_url\";s:58:\"https:\/\/pophaw.com\/wp-content\/uploads\/2020\/04\/10004-2.webp\";s:16:\"twitter_image_id\";i:9498;}"],"surerank_migration":["1"],"astra_style_timestamp_css":["1777354011"],"wwpp_product_wholesale_visibility_filter":["all"],"_uag_css_file_name":["uag-css-689.css"],"rank_math_internal_links_processed":["1"],"_wc_gla_mc_status":["approved"],"_uag_page_assets":["a:9:{s:3:\"css\";s:260:\".uag-blocks-common-selector{z-index:var(--z-index-desktop) !important}@media(max-width: 976px){.uag-blocks-common-selector{z-index:var(--z-index-tablet) !important}}@media(max-width: 767px){.uag-blocks-common-selector{z-index:var(--z-index-mobile) !important}}\";s:2:\"js\";s:0:\"\";s:18:\"current_block_list\";a:15:{i:0;s:23:\"surecart\/slide-out-cart\";i:1;s:30:\"surecart\/slide-out-cart-header\";i:2;s:29:\"surecart\/slide-out-cart-items\";i:3;s:30:\"surecart\/slide-out-cart-coupon\";i:4;s:32:\"surecart\/slide-out-cart-subtotal\";i:5;s:38:\"surecart\/slide-out-cart-bump-line-item\";i:6;s:30:\"surecart\/slide-out-cart-submit\";i:7;s:11:\"core\/search\";i:8;s:10:\"core\/group\";i:9;s:12:\"core\/heading\";i:10;s:17:\"core\/latest-posts\";i:11;s:20:\"core\/latest-comments\";i:12;s:13:\"core\/archives\";i:13;s:15:\"core\/categories\";i:14;s:14:\"core\/shortcode\";}s:8:\"uag_flag\";b:0;s:11:\"uag_version\";s:10:\"1777339036\";s:6:\"gfonts\";a:0:{}s:10:\"gfonts_url\";s:0:\"\";s:12:\"gfonts_files\";a:0:{}s:14:\"uag_faq_layout\";b:0;}"]},"uagb_featured_image_src":{"full":["https:\/\/pophaw.com\/wp-content\/uploads\/2020\/04\/10004-2.webp",1600,1600,false],"thumbnail":["https:\/\/pophaw.com\/wp-content\/uploads\/2020\/04\/10004-2-150x150.webp",150,150,true],"medium":["https:\/\/pophaw.com\/wp-content\/uploads\/2020\/04\/10004-2-300x300.webp",300,300,true],"medium_large":["https:\/\/pophaw.com\/wp-content\/uploads\/2020\/04\/10004-2-768x768.webp",768,768,true],"large":["https:\/\/pophaw.com\/wp-content\/uploads\/2020\/04\/10004-2-1024x1024.webp",1024,1024,true],"ryviu-small":["https:\/\/pophaw.com\/wp-content\/uploads\/2020\/04\/10004-2.webp",40,40,false],"ryviu-medium":["https:\/\/pophaw.com\/wp-content\/uploads\/2020\/04\/10004-2.webp",132,132,false],"1536x1536":["https:\/\/pophaw.com\/wp-content\/uploads\/2020\/04\/10004-2-1536x1536.webp",1536,1536,true],"2048x2048":["https:\/\/pophaw.com\/wp-content\/uploads\/2020\/04\/10004-2.webp",1600,1600,false],"trp-custom-language-flag":["https:\/\/pophaw.com\/wp-content\/uploads\/2020\/04\/10004-2.webp",12,12,false],"woocommerce_thumbnail":["https:\/\/pophaw.com\/wp-content\/uploads\/2020\/04\/10004-2-300x300.webp",300,300,true],"woocommerce_single":["https:\/\/pophaw.com\/wp-content\/uploads\/2020\/04\/10004-2-600x600.webp",600,600,true],"woocommerce_gallery_thumbnail":["https:\/\/pophaw.com\/wp-content\/uploads\/2020\/04\/10004-2-100x100.webp",100,100,true]},"uagb_author_info":{"display_name":"Dr. Rowan","author_link":"https:\/\/pophaw.com\/fr\/author\/"},"uagb_comment_info":0,"uagb_excerpt":"The sleep eye mask can block out light and help soothe tired eyes","_links":{"self":[{"href":"https:\/\/pophaw.com\/fr\/wp-json\/wp\/v2\/product\/689","targetHints":{"allow":["GET"]}}],"collection":[{"href":"https:\/\/pophaw.com\/fr\/wp-json\/wp\/v2\/product"}],"about":[{"href":"https:\/\/pophaw.com\/fr\/wp-json\/wp\/v2\/types\/product"}],"wp:featuredmedia":[{"embeddable":true,"href":"https:\/\/pophaw.com\/fr\/wp-json\/wp\/v2\/media\/9498"}],"wp:attachment":[{"href":"https:\/\/pophaw.com\/fr\/wp-json\/wp\/v2\/media?parent=689"}],"wp:term":[{"taxonomy":"product_brand","embeddable":true,"href":"https:\/\/pophaw.com\/fr\/wp-json\/wp\/v2\/product_brand?post=689"},{"taxonomy":"product_cat","embeddable":true,"href":"https:\/\/pophaw.com\/fr\/wp-json\/wp\/v2\/product_cat?post=689"},{"taxonomy":"product_tag","embeddable":true,"href":"https:\/\/pophaw.com\/fr\/wp-json\/wp\/v2\/product_tag?post=689"}],"curies":[{"name":"wp","href":"https:\/\/api.w.org\/{rel}","templated":true}]}}