{"id":7488,"date":"2024-11-13T07:25:48","date_gmt":"2024-11-13T07:25:48","guid":{"rendered":"https:\/\/pophaw.com\/?post_type=product&#038;p=7488"},"modified":"2025-03-01T20:03:30","modified_gmt":"2025-03-02T04:03:30","slug":"tensiometre-sans-fil-ihealth-neo","status":"publish","type":"product","link":"https:\/\/pophaw.com\/fr\/product\/tensiometre-sans-fil-ihealth-neo\/","title":{"rendered":"Tensiom\u00e8tre sans fil Neo"},"content":{"rendered":"<p>Faites l'exp\u00e9rience du style et de la commodit\u00e9 avec le tensiom\u00e8tre sans fil iHealth Neo. Son design ultra-mince et \u00e9l\u00e9gant en une seule pi\u00e8ce donne la priorit\u00e9 \u00e0 la mobilit\u00e9 et \u00e0 la facilit\u00e9 d'utilisation, int\u00e9grant de mani\u00e8re transparente la gestion de la tension art\u00e9rielle dans votre routine quotidienne. Dites adieu aux tubes de brassard encombrants et profitez de mesures de la tension art\u00e9rielle sans souci o\u00f9 que vous alliez.<\/p>\n<ul class=\"a-unordered-list a-vertical a-spacing-mini\">\n<li class=\"a-spacing-mini\"><span class=\"a-list-item\" style=\"font-family: arial, helvetica, sans-serif; color: #000000;\">Pr\u00e9cision valid\u00e9e cliniquement : La pr\u00e9cision de iHealth Neo a \u00e9t\u00e9 test\u00e9e de mani\u00e8re approfondie et est conforme aux normes de certification en vigueur, aucun \u00e9talonnage n'est n\u00e9cessaire. Fonctionnement facile gr\u00e2ce \u00e0 un seul bouton.<\/span><\/li>\n<li class=\"a-spacing-mini\"><span class=\"a-list-item\" style=\"font-family: arial, helvetica, sans-serif; color: #000000;\">Mesure rapide et douce avec des chiffres faciles \u00e0 lire : Le iHealth Neo utilise une technologie de gonflage en douceur pour un confort optimal. L'utilisation d'un seul bouton vous permet de v\u00e9rifier vos r\u00e9sultats sur le grand \u00e9cran en 30 \u00e0 60 secondes.<\/span><\/li>\n<li class=\"a-spacing-mini\"><span class=\"a-list-item\" style=\"font-family: arial, helvetica, sans-serif; color: #000000;\">Ultra-mince pour un transport facile : Le design ultra-mince, l\u00e9ger et \u00e9l\u00e9gant met l'accent sur la mobilit\u00e9 et la commodit\u00e9 afin que vous puissiez l'emporter partout avec vous.<\/span><\/li>\n<li class=\"a-spacing-mini\"><span class=\"a-list-item\" style=\"font-family: arial, helvetica, sans-serif; color: #000000;\">Batterie rechargeable : La batterie rechargeable au lithium de 950mAh permet d'effectuer jusqu'\u00e0 130 mesures avec une charge compl\u00e8te.<\/span><\/li>\n<li class=\"a-spacing-mini\"><span class=\"a-list-item\" style=\"font-family: arial, helvetica, sans-serif; color: #000000;\">Gestion et partage faciles des donn\u00e9es : Les donn\u00e9es en temps r\u00e9el peuvent \u00eatre synchronis\u00e9es avec l'application MyVitals gr\u00e2ce \u00e0 la technologie avanc\u00e9e Bluetooth 4.0. L'application ne se contente pas d'enregistrer vos mesures avec un stockage de donn\u00e9es illimit\u00e9, elle vous permet \u00e9galement d'exporter vos donn\u00e9es vers des fichiers CSV, XLS ou PDF et de les partager avec votre m\u00e9decin.<\/span><\/li>\n<\/ul>\n<p><img loading=\"lazy\" decoding=\"async\" class=\"alignnone wp-image-7496 size-full\" src=\"http:\/\/pophaw.com\/wp-content\/uploads\/2024\/11\/11.png\" alt=\"\" width=\"1464\" height=\"3000\"> <img loading=\"lazy\" decoding=\"async\" class=\"alignnone wp-image-7497 size-full\" src=\"http:\/\/pophaw.com\/wp-content\/uploads\/2024\/11\/6.jpg\" alt=\"\" width=\"1464\" height=\"600\" srcset=\"https:\/\/pophaw.com\/wp-content\/uploads\/2024\/11\/6.jpg 1464w, https:\/\/pophaw.com\/wp-content\/uploads\/2024\/11\/6-600x246.jpg 600w, https:\/\/pophaw.com\/wp-content\/uploads\/2024\/11\/6-300x123.jpg 300w, https:\/\/pophaw.com\/wp-content\/uploads\/2024\/11\/6-1024x420.jpg 1024w, https:\/\/pophaw.com\/wp-content\/uploads\/2024\/11\/6-768x315.jpg 768w, https:\/\/pophaw.com\/wp-content\/uploads\/2024\/11\/6-1320x541.jpg 1320w\" sizes=\"auto, (max-width: 1464px) 100vw, 1464px\" \/><\/p>","protected":false},"excerpt":{"rendered":"<p>Brassard pour le bras, tensiom\u00e8tre Bluetooth, ultra-mince et portable, compatible avec les applications iOS et Android<\/p>","protected":false},"featured_media":7489,"template":"","meta":{"bwfblock_default_font":"","_uag_custom_page_level_css":"","site-sidebar-layout":"default","site-content-layout":"","ast-site-content-layout":"default","site-content-style":"default","site-sidebar-style":"default","ast-global-header-display":"","ast-banner-title-visibility":"","ast-main-header-display":"","ast-hfb-above-header-display":"","ast-hfb-below-header-display":"","ast-hfb-mobile-header-display":"","site-post-title":"","ast-breadcrumbs-content":"","ast-featured-img":"","footer-sml-layout":"","ast-disable-related-posts":"","theme-transparent-header-meta":"default","adv-header-id-meta":"","stick-header-meta":"default","header-above-stick-meta":"","header-main-stick-meta":"","header-below-stick-meta":"","astra-migrate-meta-layouts":"set","ast-page-background-enabled":"default","ast-page-background-meta":{"desktop":{"background-color":"","background-image":"","background-repeat":"repeat","background-position":"center center","background-size":"auto","background-attachment":"scroll","background-type":"","background-media":"","overlay-type":"","overlay-color":"","overlay-opacity":"","overlay-gradient":""},"tablet":{"background-color":"","background-image":"","background-repeat":"repeat","background-position":"center center","background-size":"auto","background-attachment":"scroll","background-type":"","background-media":"","overlay-type":"","overlay-color":"","overlay-opacity":"","overlay-gradient":""},"mobile":{"background-color":"","background-image":"","background-repeat":"repeat","background-position":"center center","background-size":"auto","background-attachment":"scroll","background-type":"","background-media":"","overlay-type":"","overlay-color":"","overlay-opacity":"","overlay-gradient":""}},"ast-content-background-meta":{"desktop":{"background-color":"var(--ast-global-color-5)","background-image":"","background-repeat":"repeat","background-position":"center center","background-size":"auto","background-attachment":"scroll","background-type":"","background-media":"","overlay-type":"","overlay-color":"","overlay-opacity":"","overlay-gradient":""},"tablet":{"background-color":"var(--ast-global-color-5)","background-image":"","background-repeat":"repeat","background-position":"center center","background-size":"auto","background-attachment":"scroll","background-type":"","background-media":"","overlay-type":"","overlay-color":"","overlay-opacity":"","overlay-gradient":""},"mobile":{"background-color":"var(--ast-global-color-5)","background-image":"","background-repeat":"repeat","background-position":"center center","background-size":"auto","background-attachment":"scroll","background-type":"","background-media":"","overlay-type":"","overlay-color":"","overlay-opacity":"","overlay-gradient":""}}},"product_brand":[97],"product_cat":[339,336,189,99,190],"product_tag":[],"class_list":{"0":"post-7488","1":"product","2":"type-product","3":"status-publish","4":"has-post-thumbnail","6":"product_brand-ihealth","7":"product_cat-monitoring","8":"product_cat-healthcare-products","9":"product_cat-home-diagnostics","10":"product_cat-home-medical-supplies","11":"product_cat-wellness-monitoring","12":"product_shipping_class-usa","13":"desktop-align-center","14":"tablet-align-center","15":"mobile-align-center","16":"ast-product-gallery-layout-horizontal-slider","17":"ast-magnify-disabled","18":"ast-product-tabs-layout-horizontal","20":"first","21":"instock","22":"shipping-taxable","23":"purchasable","24":"product-type-simple"},"spectra_custom_meta":{"_edit_lock":["1740888298:1"],"_edit_last":["1"],"_thumbnail_id":["7489"],"insight_product_options":["s:1358:\"a:38:{s:27:\"single_product_layout_style\";s:0:\"\";s:11:\"site_layout\";s:0:\"\";s:10:\"site_width\";s:0:\"\";s:16:\"site_top_spacing\";s:0:\"\";s:19:\"site_bottom_spacing\";s:0:\"\";s:10:\"site_class\";s:0:\"\";s:21:\"site_background_color\";s:0:\"\";s:21:\"site_background_image\";s:0:\"\";s:22:\"site_background_repeat\";s:9:\"no-repeat\";s:26:\"site_background_attachment\";s:0:\"\";s:24:\"site_background_position\";s:0:\"\";s:20:\"site_background_size\";s:0:\"\";s:24:\"content_background_color\";s:0:\"\";s:24:\"content_background_image\";s:0:\"\";s:25:\"content_background_repeat\";s:9:\"no-repeat\";s:27:\"content_background_position\";s:0:\"\";s:12:\"top_bar_type\";s:0:\"\";s:11:\"header_type\";s:0:\"\";s:14:\"header_overlay\";s:0:\"\";s:11:\"header_skin\";s:0:\"\";s:12:\"menu_display\";s:0:\"\";s:13:\"menu_one_page\";s:1:\"0\";s:16:\"custom_dark_logo\";s:0:\"\";s:17:\"custom_light_logo\";s:0:\"\";s:17:\"custom_logo_width\";s:0:\"\";s:24:\"custom_sticky_logo_width\";s:0:\"\";s:21:\"page_title_bar_layout\";s:0:\"\";s:29:\"page_title_bar_bottom_spacing\";s:0:\"\";s:31:\"page_title_bar_background_color\";s:0:\"\";s:25:\"page_title_bar_background\";s:0:\"\";s:33:\"page_title_bar_background_overlay\";s:0:\"\";s:29:\"page_title_bar_custom_heading\";s:0:\"\";s:14:\"page_sidebar_1\";s:7:\"default\";s:14:\"page_sidebar_2\";s:7:\"default\";s:21:\"page_sidebar_position\";s:7:\"default\";s:17:\"revolution_slider\";s:0:\"\";s:15:\"slider_position\";s:5:\"below\";s:13:\"footer_enable\";s:0:\"\";}\";"],"_sku":["EB218006"],"_regular_price":["79.99"],"total_sales":["0"],"_tax_status":["taxable"],"_tax_class":[""],"_manage_stock":["no"],"_backorders":["no"],"_sold_individually":["no"],"_virtual":["no"],"_downloadable":["no"],"_download_limit":["-1"],"_download_expiry":["-1"],"_stock":[null],"_stock_status":["instock"],"_wc_average_rating":["0"],"_wc_review_count":["0"],"_product_version":["9.7.0"],"_price":["79.99"],"_product_image_gallery":["7490,7491,7492,7493,7494,7495"],"rs_page_bg_color":[""],"rank_math_focus_keyword":["Wireless Blood Pressure Monitor"],"rank_math_analytic_object_id":["18"],"rank_math_seo_score":["88"],"rank_math_description":["The iHealth Neo Wireless Blood Pressure Monitor is a high-functioning, compact, and reliable device that\u2019s ideal for anyone looking for an easy-to-use, travel-friendly blood pressure monitor."],"_admin_notes":[""],"_custom_product_field":[""],"rank_math_primary_product_cat":["339"],"rank_math_primary_product_brand":["0"],"site-sidebar-layout":["default"],"ast-site-content-layout":["default"],"site-content-style":["default"],"site-sidebar-style":["default"],"theme-transparent-header-meta":["default"],"stick-header-meta":["default"],"_wc_gla_synced_at":["1776826868"],"_wc_gla_sync_status":["synced"],"_wc_gla_visibility":["sync-and-show"],"_wc_gla_google_ids":["a:1:{s:2:\"US\";s:21:\"online:en:US:gla_7488\";}"],"fb_product_item_id":["28226327590315200"],"_global_unique_id":["10888621913940"],"_wc_facebook_sync_enabled":["yes"],"fb_visibility":["yes"],"fb_product_description":[""],"_wc_facebook_product_image_source":["product"],"_wc_facebook_commerce_enabled":["no"],"rank_math_primary_fb_product_set":["0"],"wpil_sync_report3":["1"],"wpil_links_inbound_internal_count":["0"],"wpil_links_inbound_internal_count_data":["eJxLtDKwqq4FAAZPAf4="],"wpil_links_outbound_internal_count":["0"],"wpil_links_outbound_internal_count_data":["eJxLtDKwqq4FAAZPAf4="],"wpil_links_outbound_external_count":["0"],"wpil_links_outbound_external_count_data":["eJxLtDKwqq4FAAZPAf4="],"wpil_sync_report2_time":["2025-01-27T07:29:11+00:00"],"classic-editor-remember":["classic-editor"],"_fixed_price_rules":["a:0:{}"],"fb_rich_text_description":[""],"fb_product_video":["a:0:{}"],"fb_brand":[""],"fb_mpn":[""],"astra-migrate-meta-layouts":["set"],"omnisend_last_sync":["2025-05-16T11:05:10+00:00"],"surerank_settings_general":["a:7:{s:9:\"separator\";s:1:\"-\";s:10:\"page_title\";s:21:\"%title% - %site_name%\";s:25:\"auto_generate_description\";b:1;s:16:\"page_description\";s:193:\"The iHealth Neo Wireless Blood Pressure Monitor is a high-functioning, compact, and reliable device that\u2019s ideal for anyone looking for an easy-to-use, travel-friendly blood pressure monitor.\";s:16:\"auto_description\";s:158:\"Experience style and convenience with the iHealth Neo Wireless Blood Pressure Monitor. Its ultra-thin, sleek one-piece design prioritizes mobility and ease of\";s:14:\"fallback_image\";s:0:\"\";s:13:\"canonical_url\";s:71:\"https:\/\/pophaw.com\/product\/ihealth-neo-wireless-blood-pressure-monitor\/\";}"],"surerank_settings_post_no_index":["no"],"surerank_settings_post_no_follow":["no"],"surerank_settings_post_no_archive":["no"],"surerank_settings_social":["a:23:{s:15:\"open_graph_tags\";b:1;s:18:\"facebook_meta_tags\";b:1;s:17:\"twitter_meta_tags\";b:1;s:16:\"oembeded_scripts\";b:1;s:17:\"oembeded_og_title\";b:1;s:22:\"oembeded_social_images\";b:1;s:27:\"oembeded_remove_author_name\";b:1;s:17:\"facebook_page_url\";s:54:\"https:\/\/www.facebook.com\/profile.php?id=61571207938497\";s:24:\"facebook_author_fallback\";s:0:\"\";s:17:\"twitter_card_type\";s:19:\"summary_large_image\";s:24:\"twitter_same_as_facebook\";b:1;s:24:\"twitter_profile_username\";s:0:\"\";s:24:\"twitter_profile_fallback\";s:0:\"\";s:14:\"facebook_title\";s:21:\"%title% - %site_name%\";s:20:\"facebook_description\";s:9:\"%content%\";s:18:\"facebook_image_url\";s:57:\"https:\/\/pophaw.com\/wp-content\/uploads\/2024\/11\/image_1.jpg\";s:17:\"facebook_image_id\";i:7489;s:20:\"facebook_image_width\";i:1600;s:21:\"facebook_image_height\";i:1600;s:13:\"twitter_title\";s:21:\"%title% - %site_name%\";s:19:\"twitter_description\";s:9:\"%content%\";s:17:\"twitter_image_url\";s:57:\"https:\/\/pophaw.com\/wp-content\/uploads\/2024\/11\/image_1.jpg\";s:16:\"twitter_image_id\";i:7489;}"],"surerank_migration":["1"],"astra_style_timestamp_css":["1777358058"],"wwpp_product_wholesale_visibility_filter":["all"],"_uag_css_file_name":["uag-css-7488.css"],"rank_math_internal_links_processed":["1"],"_uag_page_assets":["a:9:{s:3:\"css\";s:260:\".uag-blocks-common-selector{z-index:var(--z-index-desktop) !important}@media(max-width: 976px){.uag-blocks-common-selector{z-index:var(--z-index-tablet) !important}}@media(max-width: 767px){.uag-blocks-common-selector{z-index:var(--z-index-mobile) !important}}\";s:2:\"js\";s:0:\"\";s:18:\"current_block_list\";a:15:{i:0;s:23:\"surecart\/slide-out-cart\";i:1;s:30:\"surecart\/slide-out-cart-header\";i:2;s:29:\"surecart\/slide-out-cart-items\";i:3;s:30:\"surecart\/slide-out-cart-coupon\";i:4;s:32:\"surecart\/slide-out-cart-subtotal\";i:5;s:38:\"surecart\/slide-out-cart-bump-line-item\";i:6;s:30:\"surecart\/slide-out-cart-submit\";i:7;s:11:\"core\/search\";i:8;s:10:\"core\/group\";i:9;s:12:\"core\/heading\";i:10;s:17:\"core\/latest-posts\";i:11;s:20:\"core\/latest-comments\";i:12;s:13:\"core\/archives\";i:13;s:15:\"core\/categories\";i:14;s:14:\"core\/shortcode\";}s:8:\"uag_flag\";b:0;s:11:\"uag_version\";s:10:\"1777973618\";s:6:\"gfonts\";a:0:{}s:10:\"gfonts_url\";s:0:\"\";s:12:\"gfonts_files\";a:0:{}s:14:\"uag_faq_layout\";b:0;}"],"_wc_gla_mc_status":["approved"]},"uagb_featured_image_src":{"full":["https:\/\/pophaw.com\/wp-content\/uploads\/2024\/11\/image_1.jpg",1600,1600,false],"thumbnail":["https:\/\/pophaw.com\/wp-content\/uploads\/2024\/11\/image_1-150x150.jpg",150,150,true],"medium":["https:\/\/pophaw.com\/wp-content\/uploads\/2024\/11\/image_1-300x300.jpg",300,300,true],"medium_large":["https:\/\/pophaw.com\/wp-content\/uploads\/2024\/11\/image_1-768x768.jpg",768,768,true],"large":["https:\/\/pophaw.com\/wp-content\/uploads\/2024\/11\/image_1-1024x1024.jpg",1024,1024,true],"ryviu-small":["https:\/\/pophaw.com\/wp-content\/uploads\/2024\/11\/image_1.jpg",40,40,false],"ryviu-medium":["https:\/\/pophaw.com\/wp-content\/uploads\/2024\/11\/image_1.jpg",132,132,false],"1536x1536":["https:\/\/pophaw.com\/wp-content\/uploads\/2024\/11\/image_1-1536x1536.jpg",1536,1536,true],"2048x2048":["https:\/\/pophaw.com\/wp-content\/uploads\/2024\/11\/image_1.jpg",1600,1600,false],"trp-custom-language-flag":["https:\/\/pophaw.com\/wp-content\/uploads\/2024\/11\/image_1.jpg",12,12,false],"woocommerce_thumbnail":["https:\/\/pophaw.com\/wp-content\/uploads\/2024\/11\/image_1-300x300.jpg",300,300,true],"woocommerce_single":["https:\/\/pophaw.com\/wp-content\/uploads\/2024\/11\/image_1-600x600.jpg",600,600,true],"woocommerce_gallery_thumbnail":["https:\/\/pophaw.com\/wp-content\/uploads\/2024\/11\/image_1-100x100.jpg",100,100,true]},"uagb_author_info":{"display_name":"Dr. Rowan","author_link":"https:\/\/pophaw.com\/fr\/author\/"},"uagb_comment_info":0,"uagb_excerpt":"Upper Arm Cuff, Bluetooth Blood Pressure Machine, Ultra-Thin &amp; Portable, App-Enabled for iOS &amp; Android","_links":{"self":[{"href":"https:\/\/pophaw.com\/fr\/wp-json\/wp\/v2\/product\/7488","targetHints":{"allow":["GET"]}}],"collection":[{"href":"https:\/\/pophaw.com\/fr\/wp-json\/wp\/v2\/product"}],"about":[{"href":"https:\/\/pophaw.com\/fr\/wp-json\/wp\/v2\/types\/product"}],"wp:featuredmedia":[{"embeddable":true,"href":"https:\/\/pophaw.com\/fr\/wp-json\/wp\/v2\/media\/7489"}],"wp:attachment":[{"href":"https:\/\/pophaw.com\/fr\/wp-json\/wp\/v2\/media?parent=7488"}],"wp:term":[{"taxonomy":"product_brand","embeddable":true,"href":"https:\/\/pophaw.com\/fr\/wp-json\/wp\/v2\/product_brand?post=7488"},{"taxonomy":"product_cat","embeddable":true,"href":"https:\/\/pophaw.com\/fr\/wp-json\/wp\/v2\/product_cat?post=7488"},{"taxonomy":"product_tag","embeddable":true,"href":"https:\/\/pophaw.com\/fr\/wp-json\/wp\/v2\/product_tag?post=7488"}],"curies":[{"name":"wp","href":"https:\/\/api.w.org\/{rel}","templated":true}]}}