{"id":787,"date":"2019-04-28T07:50:49","date_gmt":"2019-04-28T07:50:49","guid":{"rendered":"https:\/\/pophaw.com\/product\/wheel-mobility-scooter\/"},"modified":"2025-02-20T20:34:30","modified_gmt":"2025-02-21T04:34:30","slug":"hemevite-k-26","status":"publish","type":"product","link":"https:\/\/pophaw.com\/fr\/product\/hemevite-k-26\/","title":{"rendered":"HemeVite K-26 90 g\u00e9lules"},"content":{"rendered":"<p>HemeVite\u2122 est destin\u00e9 \u00e0 soutenir la synth\u00e8se de l'h\u00e9moglobine en fournissant du fumarate ferreux, une bonne source de fer. Il comprend \u00e9galement 600 mg par g\u00e9lule d'extrait de foie bovin et 200 mg de vitamine C \u00e0 haute puissance pour soutenir davantage l'absorption du fer. Pour de meilleurs r\u00e9sultats, \u00e9vitez de consommer HemeVite\u2122 et du calcium (produits laitiers) en m\u00eame temps. HemeVite Plus\u2122 (K116) est \u00e9galement disponible avec 25 mg de fer par g\u00e9lule.<\/p>\n<p><strong>Utilisation sugg\u00e9r\u00e9e :<\/strong>\u00a0Prendre 1 g\u00e9lule une fois par jour, ou selon les recommandations de votre professionnel de la sant\u00e9.<\/p>\n<p><strong>Instructions de stockage :<\/strong>\u00a0Conserver \u00e0 temp\u00e9rature ambiante, \u00e0 l'abri de la lumi\u00e8re directe du soleil. Conserver le flacon herm\u00e9tiquement ferm\u00e9.<\/p>\n<p><strong>Avertissement :<\/strong> Consultez votre professionnel de la sant\u00e9 avant toute utilisation si vous \u00eates enceinte, si vous allaitez, si vous prenez des m\u00e9dicaments ou si vous \u00eates mineur. Ne pas utiliser si le sceau de s\u00e9curit\u00e9 est cass\u00e9 ou manquant. <strong>Ce produit n'est pas destin\u00e9 \u00e0 diagnostiquer, traiter, gu\u00e9rir ou pr\u00e9venir une quelconque maladie. A usage nutritionnel uniquement.<\/strong><\/p>\n<table class=\"table-condensed table-striped col-xs-12 col-sm-12 col-md-12\">\n<tbody>\n<tr>\n<th colspan=\"3\" scope=\"col\" height=\"40\">Faits sur le suppl\u00e9ment<\/th>\n<\/tr>\n<tr>\n<th colspan=\"3\" scope=\"row\">\n<p class=\"style10\" align=\"left\">Taille de la portion 1 g\u00e9lule Nombre de portions par contenant 90<\/p>\n<\/th>\n<\/tr>\n<tr>\n<th colspan=\"2\" scope=\"row\" height=\"28\">Quantit\u00e9 par portion<\/th>\n<th scope=\"row\" width=\"61\" height=\"28\">%DV<\/th>\n<\/tr>\n<tr>\n<th class=\"style1\" scope=\"row\" width=\"176\">Vitamine C (sous forme d'acide ascorbique)<\/th>\n<td class=\"style1\" valign=\"top\" width=\"148\">200 mg<\/td>\n<td class=\"style1\" valign=\"top\">222%<\/td>\n<\/tr>\n<tr>\n<th class=\"style1\" scope=\"row\">Fer (sous forme de fumarate ferreux)<\/th>\n<td class=\"style1\" valign=\"top\">6 mg<\/td>\n<td class=\"style1\" valign=\"top\">33%<\/td>\n<\/tr>\n<tr>\n<th class=\"style1\" scope=\"row\">Foie (bovin)<\/th>\n<td class=\"style1\" valign=\"top\">600 mg<\/td>\n<td class=\"style1\" valign=\"top\">*<\/td>\n<\/tr>\n<tr>\n<th class=\"style1\" scope=\"row\">B\u00e9ta\u00efne HCl<\/th>\n<td class=\"style1\" valign=\"top\">100 mg<\/td>\n<td class=\"style1\" valign=\"top\">*<\/td>\n<\/tr>\n<tr>\n<th colspan=\"3\" scope=\"row\">*Valeur journali\u00e8re (VJ) non \u00e9tablie.<\/th>\n<\/tr>\n<\/tbody>\n<\/table>","protected":false},"excerpt":{"rendered":"<p>HemeVite\u2122 est destin\u00e9 \u00e0 soutenir la synth\u00e8se de l'h\u00e9moglobine en apportant du fumarate ferreux, une bonne source de fer.<\/p>","protected":false},"featured_media":9373,"template":"","meta":{"bwfblock_default_font":"","_uag_custom_page_level_css":"","site-sidebar-layout":"default","site-content-layout":"","ast-site-content-layout":"default","site-content-style":"default","site-sidebar-style":"default","ast-global-header-display":"","ast-banner-title-visibility":"","ast-main-header-display":"","ast-hfb-above-header-display":"","ast-hfb-below-header-display":"","ast-hfb-mobile-header-display":"","site-post-title":"","ast-breadcrumbs-content":"","ast-featured-img":"","footer-sml-layout":"","ast-disable-related-posts":"","theme-transparent-header-meta":"default","adv-header-id-meta":"","stick-header-meta":"default","header-above-stick-meta":"","header-main-stick-meta":"","header-below-stick-meta":"","astra-migrate-meta-layouts":"set","ast-page-background-enabled":"default","ast-page-background-meta":{"desktop":{"background-color":"","background-image":"","background-repeat":"repeat","background-position":"center center","background-size":"auto","background-attachment":"scroll","background-type":"","background-media":"","overlay-type":"","overlay-color":"","overlay-opacity":"","overlay-gradient":""},"tablet":{"background-color":"","background-image":"","background-repeat":"repeat","background-position":"center center","background-size":"auto","background-attachment":"scroll","background-type":"","background-media":"","overlay-type":"","overlay-color":"","overlay-opacity":"","overlay-gradient":""},"mobile":{"background-color":"","background-image":"","background-repeat":"repeat","background-position":"center center","background-size":"auto","background-attachment":"scroll","background-type":"","background-media":"","overlay-type":"","overlay-color":"","overlay-opacity":"","overlay-gradient":""}},"ast-content-background-meta":{"desktop":{"background-color":"var(--ast-global-color-5)","background-image":"","background-repeat":"repeat","background-position":"center center","background-size":"auto","background-attachment":"scroll","background-type":"","background-media":"","overlay-type":"","overlay-color":"","overlay-opacity":"","overlay-gradient":""},"tablet":{"background-color":"var(--ast-global-color-5)","background-image":"","background-repeat":"repeat","background-position":"center center","background-size":"auto","background-attachment":"scroll","background-type":"","background-media":"","overlay-type":"","overlay-color":"","overlay-opacity":"","overlay-gradient":""},"mobile":{"background-color":"var(--ast-global-color-5)","background-image":"","background-repeat":"repeat","background-position":"center center","background-size":"auto","background-attachment":"scroll","background-type":"","background-media":"","overlay-type":"","overlay-color":"","overlay-opacity":"","overlay-gradient":""}}},"product_brand":[171],"product_cat":[127],"product_tag":[],"class_list":{"0":"post-787","1":"product","2":"type-product","3":"status-publish","4":"has-post-thumbnail","6":"product_brand-apex-energetics","7":"product_cat-dietary-supplements","8":"desktop-align-center","9":"tablet-align-center","10":"mobile-align-center","11":"ast-product-gallery-layout-horizontal-slider","12":"ast-product-gallery-with-no-image","13":"ast-magnify-disabled","14":"ast-product-tabs-layout-horizontal","16":"first","17":"instock","18":"shipping-taxable","19":"purchasable","20":"product-type-simple"},"spectra_custom_meta":{"_edit_last":["1"],"_tax_status":["taxable"],"_manage_stock":["yes"],"_backorders":["no"],"_sold_individually":["no"],"_virtual":["no"],"_downloadable":["no"],"_download_limit":["-1"],"_download_expiry":["-1"],"_stock":["3"],"_stock_status":["instock"],"_product_version":["9.6.2"],"_wp_old_date":["2020-04-28"],"insight_product_options":["1"],"_sku":["NRT031"],"_regular_price":["58"],"_price":["58"],"woosw_count":["1"],"woosw_add":["1593366668"],"total_sales":["2"],"_tax_class":[""],"_wc_average_rating":["0"],"_wc_review_count":["0"],"rs_page_bg_color":[""],"rank_math_focus_keyword":["HemeVite"],"_edit_lock":["1735991155:1"],"rank_math_analytic_object_id":["90"],"rank_math_auto_redirect":["a:1:{i:0;i:20;}"],"_wp_old_slug":["wheel-mobility-scooter"],"rank_math_seo_score":["85"],"_thumbnail_id":["9373"],"_admin_notes":[""],"_custom_product_field":[""],"rank_math_primary_product_cat":["127"],"rank_math_primary_product_brand":["171"],"site-sidebar-layout":["default"],"ast-site-content-layout":["default"],"site-content-style":["default"],"site-sidebar-style":["default"],"theme-transparent-header-meta":["default"],"stick-header-meta":["default"],"_wc_gla_visibility":["dont-sync-and-show"],"fb_product_item_id":["8859468320837797"],"_global_unique_id":["10888621913612"],"_wc_facebook_sync_enabled":["yes"],"fb_visibility":["yes"],"fb_product_description":[""],"_wc_facebook_product_image_source":["product"],"_wc_facebook_enhanced_catalog_attributes_capacity":[""],"_wc_facebook_enhanced_catalog_attributes_age_group":[""],"_wc_facebook_enhanced_catalog_attributes_gender":[""],"_wc_facebook_enhanced_catalog_attributes_ingredients":[""],"_wc_facebook_enhanced_catalog_attributes_health_concern":[""],"_wc_facebook_enhanced_catalog_attributes_pattern":[""],"_wc_facebook_enhanced_catalog_attributes_power_type":[""],"_wc_facebook_enhanced_catalog_attributes_product_form":[""],"_wc_facebook_enhanced_catalog_attributes_result_time":[""],"_wc_facebook_enhanced_catalog_attributes_scent":[""],"_wc_facebook_enhanced_catalog_attributes_absorbency":[""],"_wc_facebook_enhanced_catalog_attributes_material":[""],"_wc_facebook_enhanced_catalog_attributes_serving_size":[""],"_wc_facebook_enhanced_catalog_attributes_size":[""],"_wc_facebook_enhanced_catalog_attributes_skin_care_concern":[""],"_wc_facebook_enhanced_catalog_attributes_skin_type":[""],"_wc_facebook_enhanced_catalog_attributes_spf_value":[""],"_wc_facebook_enhanced_catalog_attributes_standard_features":[""],"_wc_facebook_enhanced_catalog_attributes_stop_use_indications":[""],"_wc_facebook_enhanced_catalog_attributes_package_quantity":[""],"_wc_facebook_enhanced_catalog_attributes_lens_material":[""],"_wc_facebook_enhanced_catalog_attributes_lens_type":[""],"_wc_facebook_enhanced_catalog_attributes_lens_tint":[""],"_wc_facebook_enhanced_catalog_attributes_keywords":[""],"_wc_facebook_enhanced_catalog_attributes_is_powered":[""],"_wc_facebook_enhanced_catalog_attributes_instructions":[""],"_wc_facebook_enhanced_catalog_attributes_ingredients_composition":[""],"_wc_facebook_enhanced_catalog_attributes_inactive_ingredients":[""],"_wc_facebook_enhanced_catalog_attributes_flavor":[""],"_wc_facebook_enhanced_catalog_attributes_eyewear_rim":[""],"_wc_facebook_enhanced_catalog_attributes_dosage":[""],"_wc_facebook_enhanced_catalog_attributes_color":[""],"_wc_facebook_enhanced_catalog_attributes_brand":[""],"_wc_facebook_enhanced_catalog_attributes_body_part":[""],"_wc_facebook_enhanced_catalog_attributes_batteries_required":[""],"_wc_facebook_enhanced_catalog_attributes_u_v_rating":[""],"_wc_facebook_commerce_enabled":["no"],"rank_math_primary_fb_product_set":["0"],"astra-migrate-meta-layouts":["set"],"wpil_sync_report3":["1"],"wpil_links_inbound_internal_count":["0"],"wpil_links_inbound_internal_count_data":["eJxLtDKwqq4FAAZPAf4="],"wpil_links_outbound_internal_count":["0"],"wpil_links_outbound_internal_count_data":["eJxLtDKwqq4FAAZPAf4="],"wpil_links_outbound_external_count":["0"],"wpil_links_outbound_external_count_data":["eJxLtDKwqq4FAAZPAf4="],"wpil_sync_report2_time":["2025-01-27T07:29:11+00:00"],"omnisend_last_sync":["2025-05-16T11:05:10+00:00"],"surerank_settings_general":["a:7:{s:9:\"separator\";s:1:\"-\";s:10:\"page_title\";s:21:\"%title% - %site_name%\";s:25:\"auto_generate_description\";b:1;s:16:\"page_description\";s:9:\"%excerpt%\";s:16:\"auto_description\";s:161:\"HemeVite\u2122 is intended to support hemoglobin synthesis by providing ferrous fumarate, a good source of iron. It also includes 600 mg per capsule of bovine liver\";s:14:\"fallback_image\";s:0:\"\";s:13:\"canonical_url\";s:41:\"https:\/\/pophaw.com\/product\/hemevite-k-26\/\";}"],"surerank_settings_post_no_index":["no"],"surerank_settings_post_no_follow":["no"],"surerank_settings_post_no_archive":["no"],"surerank_settings_social":["a:23:{s:15:\"open_graph_tags\";b:1;s:18:\"facebook_meta_tags\";b:1;s:17:\"twitter_meta_tags\";b:1;s:16:\"oembeded_scripts\";b:1;s:17:\"oembeded_og_title\";b:1;s:22:\"oembeded_social_images\";b:1;s:27:\"oembeded_remove_author_name\";b:1;s:17:\"facebook_page_url\";s:54:\"https:\/\/www.facebook.com\/profile.php?id=61571207938497\";s:24:\"facebook_author_fallback\";s:0:\"\";s:17:\"twitter_card_type\";s:19:\"summary_large_image\";s:24:\"twitter_same_as_facebook\";b:1;s:24:\"twitter_profile_username\";s:0:\"\";s:24:\"twitter_profile_fallback\";s:0:\"\";s:14:\"facebook_title\";s:21:\"%title% - %site_name%\";s:20:\"facebook_description\";s:9:\"%content%\";s:18:\"facebook_image_url\";s:64:\"https:\/\/pophaw.com\/wp-content\/uploads\/2019\/04\/HemeVite-K-26.webp\";s:17:\"facebook_image_id\";i:9373;s:20:\"facebook_image_width\";i:1024;s:21:\"facebook_image_height\";i:1024;s:13:\"twitter_title\";s:21:\"%title% - %site_name%\";s:19:\"twitter_description\";s:9:\"%content%\";s:17:\"twitter_image_url\";s:64:\"https:\/\/pophaw.com\/wp-content\/uploads\/2019\/04\/HemeVite-K-26.webp\";s:16:\"twitter_image_id\";i:9373;}"],"surerank_migration":["1"],"astra_style_timestamp_css":["1776950098"],"wwpp_product_wholesale_visibility_filter":["all"],"_uag_css_file_name":["uag-css-787.css"],"rank_math_internal_links_processed":["1"],"_uag_page_assets":["a:9:{s:3:\"css\";s:0:\"\";s:2:\"js\";s:0:\"\";s:18:\"current_block_list\";a:15:{i:0;s:23:\"surecart\/slide-out-cart\";i:1;s:30:\"surecart\/slide-out-cart-header\";i:2;s:29:\"surecart\/slide-out-cart-items\";i:3;s:30:\"surecart\/slide-out-cart-coupon\";i:4;s:32:\"surecart\/slide-out-cart-subtotal\";i:5;s:38:\"surecart\/slide-out-cart-bump-line-item\";i:6;s:30:\"surecart\/slide-out-cart-submit\";i:7;s:11:\"core\/search\";i:8;s:10:\"core\/group\";i:9;s:12:\"core\/heading\";i:10;s:17:\"core\/latest-posts\";i:11;s:20:\"core\/latest-comments\";i:12;s:13:\"core\/archives\";i:13;s:15:\"core\/categories\";i:14;s:14:\"core\/shortcode\";}s:8:\"uag_flag\";b:0;s:11:\"uag_version\";s:10:\"1776869369\";s:6:\"gfonts\";a:0:{}s:10:\"gfonts_url\";s:0:\"\";s:12:\"gfonts_files\";a:0:{}s:14:\"uag_faq_layout\";b:0;}"]},"uagb_featured_image_src":{"full":["https:\/\/pophaw.com\/wp-content\/uploads\/2019\/04\/HemeVite-K-26.webp",1024,1024,false],"thumbnail":["https:\/\/pophaw.com\/wp-content\/uploads\/2019\/04\/HemeVite-K-26-150x150.webp",150,150,true],"medium":["https:\/\/pophaw.com\/wp-content\/uploads\/2019\/04\/HemeVite-K-26-300x300.webp",300,300,true],"medium_large":["https:\/\/pophaw.com\/wp-content\/uploads\/2019\/04\/HemeVite-K-26-768x768.webp",768,768,true],"large":["https:\/\/pophaw.com\/wp-content\/uploads\/2019\/04\/HemeVite-K-26.webp",1024,1024,false],"ryviu-small":["https:\/\/pophaw.com\/wp-content\/uploads\/2019\/04\/HemeVite-K-26.webp",40,40,false],"ryviu-medium":["https:\/\/pophaw.com\/wp-content\/uploads\/2019\/04\/HemeVite-K-26.webp",132,132,false],"1536x1536":["https:\/\/pophaw.com\/wp-content\/uploads\/2019\/04\/HemeVite-K-26.webp",1024,1024,false],"2048x2048":["https:\/\/pophaw.com\/wp-content\/uploads\/2019\/04\/HemeVite-K-26.webp",1024,1024,false],"trp-custom-language-flag":["https:\/\/pophaw.com\/wp-content\/uploads\/2019\/04\/HemeVite-K-26.webp",12,12,false],"woocommerce_thumbnail":["https:\/\/pophaw.com\/wp-content\/uploads\/2019\/04\/HemeVite-K-26-300x300.webp",300,300,true],"woocommerce_single":["https:\/\/pophaw.com\/wp-content\/uploads\/2019\/04\/HemeVite-K-26-600x600.webp",600,600,true],"woocommerce_gallery_thumbnail":["https:\/\/pophaw.com\/wp-content\/uploads\/2019\/04\/HemeVite-K-26-100x100.webp",100,100,true]},"uagb_author_info":{"display_name":"Dr. Rowan","author_link":"https:\/\/pophaw.com\/fr\/author\/"},"uagb_comment_info":0,"uagb_excerpt":"HemeVite\u2122 is intended to support hemoglobin synthesis by providing ferrous fumarate, a good source of iron.","_links":{"self":[{"href":"https:\/\/pophaw.com\/fr\/wp-json\/wp\/v2\/product\/787","targetHints":{"allow":["GET"]}}],"collection":[{"href":"https:\/\/pophaw.com\/fr\/wp-json\/wp\/v2\/product"}],"about":[{"href":"https:\/\/pophaw.com\/fr\/wp-json\/wp\/v2\/types\/product"}],"wp:featuredmedia":[{"embeddable":true,"href":"https:\/\/pophaw.com\/fr\/wp-json\/wp\/v2\/media\/9373"}],"wp:attachment":[{"href":"https:\/\/pophaw.com\/fr\/wp-json\/wp\/v2\/media?parent=787"}],"wp:term":[{"taxonomy":"product_brand","embeddable":true,"href":"https:\/\/pophaw.com\/fr\/wp-json\/wp\/v2\/product_brand?post=787"},{"taxonomy":"product_cat","embeddable":true,"href":"https:\/\/pophaw.com\/fr\/wp-json\/wp\/v2\/product_cat?post=787"},{"taxonomy":"product_tag","embeddable":true,"href":"https:\/\/pophaw.com\/fr\/wp-json\/wp\/v2\/product_tag?post=787"}],"curies":[{"name":"wp","href":"https:\/\/api.w.org\/{rel}","templated":true}]}}