{"id":791,"date":"2019-04-28T08:02:17","date_gmt":"2019-04-28T08:02:17","guid":{"rendered":"https:\/\/pophaw.com\/product\/portable-mesh-atomizer\/"},"modified":"2025-06-02T03:11:46","modified_gmt":"2025-06-02T10:11:46","slug":"rs10-appareil-de-mesure-de-lapnee-du-sommeil","status":"publish","type":"product","link":"https:\/\/pophaw.com\/fr\/product\/rs10-appareil-de-mesure-de-lapnee-du-sommeil\/","title":{"rendered":"RS10 Appareil de mesure de l'apn\u00e9e du sommeil"},"content":{"rendered":"<p style=\"font-weight: 400;\">L'appareil de mesure de l'apn\u00e9e du sommeil est un dispositif permettant de tester et d'analyser les patients atteints du syndrome d'apn\u00e9e hypopn\u00e9e obstructive du sommeil (SAHOS). Il peut d\u00e9tecter des param\u00e8tres physiologiques tels que le d\u00e9bit d'air respiratoire nasal, le mouvement respiratoire thoraco-abdominal, la SpO2, le pouls, la position du corps, etc. Les cas enregistr\u00e9s peuvent \u00eatre t\u00e9l\u00e9charg\u00e9s sur l'ordinateur par le c\u00e2ble USB pour analyse, ce qui aide le personnel m\u00e9dical \u00e0 \u00e9valuer la qualit\u00e9 du sommeil des patients et lui fournit une base pour formuler un diagnostic et un plan de traitement pour les patients souffrant de maladies respiratoires du sommeil.<\/p>\n<p style=\"font-weight: 400;\"><strong>Fonction<\/strong><\/p>\n<p style=\"font-weight: 400;\">1) Acquisition des donn\u00e9es SpO2<\/p>\n<p style=\"font-weight: 400;\">2) Acquisition de donn\u00e9es sur le taux d'impulsion<\/p>\n<p style=\"font-weight: 400;\">3) Collecte du flux d'air nasal.<\/p>\n<p style=\"font-weight: 400;\">4) Acquisition de la respiration thoracique et abdominale<\/p>\n<p style=\"font-weight: 400;\">5) Acquisition du signal de position du corps<\/p>\n<p style=\"font-weight: 400;\">6)Indication de batterie faible.<\/p>\n<p style=\"font-weight: 400;\">7) Indication de l'\u00e9tat de fonctionnement.<\/p>\n<p style=\"font-weight: 400;\">8) Fonction de stockage multi-cas.<\/p>\n<p style=\"font-weight: 400;\">9) T\u00e9l\u00e9chargement des donn\u00e9es.<\/p>\n<p style=\"font-weight: 400;\">10) Logiciel d'analyse PC.<\/p>\n<p style=\"font-weight: 400;\"><strong>Performance\u00a0<\/strong><\/p>\n<p style=\"font-weight: 400;\">Plage de mesure de la SpO2 : 0 % ~ 100 % (r\u00e9solution : 1%)<\/p>\n<p style=\"font-weight: 400;\">Pr\u00e9cision :<\/p>\n<p style=\"font-weight: 400;\">70 % ~ 100 %, \u00b1 2 % ;<\/p>\n<p style=\"font-weight: 400;\">0 % ~ 69 %, non sp\u00e9cifi\u00e9<\/p>\n<p style=\"font-weight: 400;\">Plage de mesure de la PR : 30 bpm ~ 250 bpm (r\u00e9solution : 1 bpm)<\/p>\n<p style=\"font-weight: 400;\">Pr\u00e9cision : \u00b1 2 bpm ou \u00b1 2%, la valeur la plus \u00e9lev\u00e9e \u00e9tant retenue.<\/p>\n<p style=\"font-weight: 400;\">Pr\u00e9cision en cas de faible perfusion : faible perfusion 0,4% ; pr\u00e9cision de la SpO2 : \u00b1 4% ; pr\u00e9cision de la PR : \u00b1 2 bpm ou \u00b1 2%, la valeur la plus \u00e9lev\u00e9e \u00e9tant retenue.<\/p>\n<p style=\"font-weight: 400;\">Interf\u00e9rence lumineuse : comparer les valeurs mesur\u00e9es en condition normale et en condition de lumi\u00e8re ambiante ; l'\u00e9cart est \u2264 1%.<\/p>\n<p style=\"font-weight: 400;\">Plage de mesure du d\u00e9bit d'air nasal : 0 bpm ~ 40 bpm (r\u00e9solution : 1 bpm)<\/p>\n<p style=\"font-weight: 400;\">Pr\u00e9cision : \u00b1 2 bpm<\/p>\n<p style=\"font-weight: 400;\">Plage de mesure de la respiration thoracique et abdominale : : 0 bpm ~ 40 bpm (r\u00e9solution : 1 bpm)<\/p>\n<p style=\"font-weight: 400;\">Pr\u00e9cision : \u00b1 2 bpm<\/p>\n<p style=\"font-weight: 400;\">Position du corps : positions couch\u00e9e, couch\u00e9e sur le dos, lat\u00e9rale gauche, lat\u00e9rale droite, debout et en \u00e9quilibre sur les mains.<\/p>\n<p style=\"font-weight: 400;\">Consommation \u00e9lectrique : \u2264 100 mA<\/p>\n<p style=\"font-weight: 400;\">Tension de fonctionnement : DC 3 V<\/p>\n<p style=\"font-weight: 400;\">Piles : deux piles alcalines AA<\/p>\n<p style=\"font-weight: 400;\">Classe de s\u00e9curit\u00e9 : appareils \u00e0 moteur interne, type BF partie appliqu\u00e9e<\/p>\n<p style=\"font-weight: 400;\"><strong>Accessoires<\/strong><\/p>\n<p style=\"font-weight: 400;\">Une canule nasale d'oxyg\u00e8ne<\/p>\n<p style=\"font-weight: 400;\">Une sonde SpO2<\/p>\n<p style=\"font-weight: 400;\">Deux capteurs thoraco-abdominaux<\/p>\n<p style=\"font-weight: 400;\">Une sonde thoraco-abdominale<\/p>\n<p style=\"font-weight: 400;\">Un c\u00f4ne m\u00e2le Luer<\/p>\n<p style=\"font-weight: 400;\">Un manuel d'utilisation<\/p>\n<p style=\"font-weight: 400;\">Un c\u00e2ble USB<\/p>\n<p style=\"font-weight: 400;\"><strong>Caract\u00e9ristiques physiques<\/strong><\/p>\n<p style=\"font-weight: 400;\">Dimension : 100 mm (L) \u00d7 74 mm (L)\u00d728 mm (H)<\/p>\n<p style=\"font-weight: 400;\">Poids : environ 80 g (sans batterie)<\/p>\n<p style=\"font-weight: 400;\"><strong>Acheter des produits s\u00fbrs<\/strong><\/p>\n<p style=\"font-weight: 400;\">L'avis de non-responsabilit\u00e9 suivant de la FDA est requis pour toutes les annonces d'eBay dans la cat\u00e9gorie Soins de sant\u00e9 et est inclus \u00e0 titre de r\u00e9f\u00e9rence : La vente de cet article peut \u00eatre soumise \u00e0 la r\u00e9glementation de la Food and Drug Administration (FDA) des \u00c9tats-Unis et des organismes de r\u00e9glementation nationaux et locaux. Si l'article est soumis \u00e0 la r\u00e9glementation de la FDA, nous v\u00e9rifierons votre statut d'acheteur autoris\u00e9 de cet article avant de l'exp\u00e9dier.<\/p>","protected":false},"excerpt":{"rendered":"<p>Pour tester et analyser les patients atteints du syndrome d'apn\u00e9e hypopn\u00e9e obstructive du sommeil (SAHOS).<\/p>","protected":false},"featured_media":9417,"template":"","meta":{"bwfblock_default_font":"","_uag_custom_page_level_css":"","site-sidebar-layout":"default","site-content-layout":"","ast-site-content-layout":"default","site-content-style":"default","site-sidebar-style":"default","ast-global-header-display":"","ast-banner-title-visibility":"","ast-main-header-display":"","ast-hfb-above-header-display":"","ast-hfb-below-header-display":"","ast-hfb-mobile-header-display":"","site-post-title":"","ast-breadcrumbs-content":"","ast-featured-img":"","footer-sml-layout":"","ast-disable-related-posts":"","theme-transparent-header-meta":"default","adv-header-id-meta":"","stick-header-meta":"default","header-above-stick-meta":"","header-main-stick-meta":"","header-below-stick-meta":"","astra-migrate-meta-layouts":"set","ast-page-background-enabled":"default","ast-page-background-meta":{"desktop":{"background-color":"","background-image":"","background-repeat":"repeat","background-position":"center center","background-size":"auto","background-attachment":"scroll","background-type":"","background-media":"","overlay-type":"","overlay-color":"","overlay-opacity":"","overlay-gradient":""},"tablet":{"background-color":"","background-image":"","background-repeat":"repeat","background-position":"center center","background-size":"auto","background-attachment":"scroll","background-type":"","background-media":"","overlay-type":"","overlay-color":"","overlay-opacity":"","overlay-gradient":""},"mobile":{"background-color":"","background-image":"","background-repeat":"repeat","background-position":"center center","background-size":"auto","background-attachment":"scroll","background-type":"","background-media":"","overlay-type":"","overlay-color":"","overlay-opacity":"","overlay-gradient":""}},"ast-content-background-meta":{"desktop":{"background-color":"var(--ast-global-color-5)","background-image":"","background-repeat":"repeat","background-position":"center center","background-size":"auto","background-attachment":"scroll","background-type":"","background-media":"","overlay-type":"","overlay-color":"","overlay-opacity":"","overlay-gradient":""},"tablet":{"background-color":"var(--ast-global-color-5)","background-image":"","background-repeat":"repeat","background-position":"center center","background-size":"auto","background-attachment":"scroll","background-type":"","background-media":"","overlay-type":"","overlay-color":"","overlay-opacity":"","overlay-gradient":""},"mobile":{"background-color":"var(--ast-global-color-5)","background-image":"","background-repeat":"repeat","background-position":"center center","background-size":"auto","background-attachment":"scroll","background-type":"","background-media":"","overlay-type":"","overlay-color":"","overlay-opacity":"","overlay-gradient":""}}},"product_brand":[73],"product_cat":[342,336,99,305,312,190],"product_tag":[],"class_list":{"0":"post-791","1":"product","2":"type-product","3":"status-publish","4":"has-post-thumbnail","6":"product_brand-pophaw","7":"product_cat-respiratory-care","8":"product_cat-healthcare-products","9":"product_cat-home-medical-supplies","10":"product_cat-respiratory-care-products","11":"product_cat-respiratory-monitors","12":"product_cat-wellness-monitoring","13":"desktop-align-center","14":"tablet-align-center","15":"mobile-align-center","16":"ast-product-gallery-layout-horizontal-slider","17":"ast-magnify-disabled","18":"ast-product-tabs-layout-horizontal","20":"first","21":"instock","22":"shipping-taxable","23":"purchasable","24":"product-type-simple"},"spectra_custom_meta":{"_edit_last":["1"],"total_sales":["4"],"_tax_status":["taxable"],"_manage_stock":["yes"],"_backorders":["no"],"_sold_individually":["no"],"_virtual":["no"],"_downloadable":["no"],"_download_limit":["-1"],"_download_expiry":["-1"],"_stock":["7"],"_stock_status":["instock"],"_product_version":["9.8.5"],"insight_product_options":["s:1358:\"a:38:{s:27:\"single_product_layout_style\";s:0:\"\";s:11:\"site_layout\";s:0:\"\";s:10:\"site_width\";s:0:\"\";s:16:\"site_top_spacing\";s:0:\"\";s:19:\"site_bottom_spacing\";s:0:\"\";s:10:\"site_class\";s:0:\"\";s:21:\"site_background_color\";s:0:\"\";s:21:\"site_background_image\";s:0:\"\";s:22:\"site_background_repeat\";s:9:\"no-repeat\";s:26:\"site_background_attachment\";s:0:\"\";s:24:\"site_background_position\";s:0:\"\";s:20:\"site_background_size\";s:0:\"\";s:24:\"content_background_color\";s:0:\"\";s:24:\"content_background_image\";s:0:\"\";s:25:\"content_background_repeat\";s:9:\"no-repeat\";s:27:\"content_background_position\";s:0:\"\";s:12:\"top_bar_type\";s:0:\"\";s:11:\"header_type\";s:0:\"\";s:14:\"header_overlay\";s:0:\"\";s:11:\"header_skin\";s:0:\"\";s:12:\"menu_display\";s:0:\"\";s:13:\"menu_one_page\";s:1:\"0\";s:16:\"custom_dark_logo\";s:0:\"\";s:17:\"custom_light_logo\";s:0:\"\";s:17:\"custom_logo_width\";s:0:\"\";s:24:\"custom_sticky_logo_width\";s:0:\"\";s:21:\"page_title_bar_layout\";s:0:\"\";s:29:\"page_title_bar_bottom_spacing\";s:0:\"\";s:31:\"page_title_bar_background_color\";s:0:\"\";s:25:\"page_title_bar_background\";s:0:\"\";s:33:\"page_title_bar_background_overlay\";s:0:\"\";s:29:\"page_title_bar_custom_heading\";s:0:\"\";s:14:\"page_sidebar_1\";s:7:\"default\";s:14:\"page_sidebar_2\";s:7:\"default\";s:21:\"page_sidebar_position\";s:7:\"default\";s:17:\"revolution_slider\";s:0:\"\";s:15:\"slider_position\";s:5:\"below\";s:13:\"footer_enable\";s:0:\"\";}\";"],"_sku":["PH11335008"],"_regular_price":["399"],"_price":["399"],"_wp_old_date":["2020-04-28"],"_tax_class":[""],"_wc_average_rating":["0"],"_wc_review_count":["0"],"rs_page_bg_color":[""],"rank_math_focus_keyword":["Sleep Apnea Meter"],"_edit_lock":["1748570349:1"],"rank_math_analytic_object_id":["88"],"rank_math_auto_redirect":["a:1:{i:0;i:23;}"],"_wp_old_slug":["portable-mesh-atomizer"],"rank_math_seo_score":["87"],"rank_math_description":["The sleep apnea meter is a device for testing and analyzing patients with Obstructive Sleep Apnea Hypopnea Syndrome (OSAHS)."],"_thumbnail_id":["9417"],"_admin_notes":[""],"_custom_product_field":[""],"_product_image_gallery":["9422,9423,9424,9418,9419,9420,9421"],"rank_math_primary_product_cat":["342"],"rank_math_primary_product_brand":["0"],"site-sidebar-layout":["default"],"ast-site-content-layout":["default"],"site-content-style":["default"],"site-sidebar-style":["default"],"theme-transparent-header-meta":["default"],"stick-header-meta":["default"],"_wc_gla_synced_at":["1776049266"],"_wc_gla_sync_status":["synced"],"_wc_gla_visibility":["sync-and-show"],"_wc_gla_google_ids":["a:1:{s:2:\"US\";s:20:\"online:en:US:gla_791\";}"],"fb_product_item_id":["9033775676736564"],"_global_unique_id":["10888621913636"],"_wc_facebook_sync_enabled":["yes"],"fb_visibility":["yes"],"fb_product_description":[""],"_wc_facebook_product_image_source":["product"],"_wc_facebook_commerce_enabled":["no"],"rank_math_primary_fb_product_set":["0"],"astra-migrate-meta-layouts":["set"],"wp_statistics_words_count":["349"],"wpil_sync_report3":["1"],"wpil_links_inbound_internal_count":["0"],"wpil_links_inbound_internal_count_data":["eJxLtDKwqq4FAAZPAf4="],"wpil_links_outbound_internal_count":["0"],"wpil_links_outbound_internal_count_data":["eJxLtDKwqq4FAAZPAf4="],"wpil_links_outbound_external_count":["0"],"wpil_links_outbound_external_count_data":["eJxLtDKwqq4FAAZPAf4="],"wpil_sync_report2_time":["2025-01-27T07:29:11+00:00"],"omnisend_last_sync":["2025-06-02T10:11:46+00:00"],"surerank_settings_general":["a:7:{s:9:\"separator\";s:1:\"-\";s:10:\"page_title\";s:21:\"%title% - %site_name%\";s:25:\"auto_generate_description\";b:1;s:16:\"page_description\";s:124:\"The sleep apnea meter is a device for testing and analyzing patients with Obstructive Sleep Apnea Hypopnea Syndrome (OSAHS).\";s:16:\"auto_description\";s:152:\"The sleep apnea meter is a device for testing and analyzing patients with Obstructive Sleep Apnea Hypopnea Syndrome (OSAHS). It can detect physiological\";s:14:\"fallback_image\";s:0:\"\";s:13:\"canonical_url\";s:50:\"https:\/\/pophaw.com\/product\/rs10-sleep-apnea-meter\/\";}"],"surerank_settings_post_no_index":["no"],"surerank_settings_post_no_follow":["no"],"surerank_settings_post_no_archive":["no"],"surerank_settings_social":["a:23:{s:15:\"open_graph_tags\";b:1;s:18:\"facebook_meta_tags\";b:1;s:17:\"twitter_meta_tags\";b:1;s:16:\"oembeded_scripts\";b:1;s:17:\"oembeded_og_title\";b:1;s:22:\"oembeded_social_images\";b:1;s:27:\"oembeded_remove_author_name\";b:1;s:17:\"facebook_page_url\";s:54:\"https:\/\/www.facebook.com\/profile.php?id=61571207938497\";s:24:\"facebook_author_fallback\";s:0:\"\";s:17:\"twitter_card_type\";s:19:\"summary_large_image\";s:24:\"twitter_same_as_facebook\";b:1;s:24:\"twitter_profile_username\";s:0:\"\";s:24:\"twitter_profile_fallback\";s:0:\"\";s:14:\"facebook_title\";s:21:\"%title% - %site_name%\";s:20:\"facebook_description\";s:9:\"%content%\";s:18:\"facebook_image_url\";s:58:\"https:\/\/pophaw.com\/wp-content\/uploads\/2019\/04\/10001-3.webp\";s:17:\"facebook_image_id\";i:9417;s:20:\"facebook_image_width\";i:1000;s:21:\"facebook_image_height\";i:1000;s:13:\"twitter_title\";s:21:\"%title% - %site_name%\";s:19:\"twitter_description\";s:9:\"%content%\";s:17:\"twitter_image_url\";s:58:\"https:\/\/pophaw.com\/wp-content\/uploads\/2019\/04\/10001-3.webp\";s:16:\"twitter_image_id\";i:9417;}"],"surerank_migration":["1"],"astra_style_timestamp_css":["1776883464"],"wwpp_product_wholesale_visibility_filter":["all"],"_uag_css_file_name":["uag-css-791.css"],"rank_math_internal_links_processed":["1"],"_uag_page_assets":["a:9:{s:3:\"css\";s:260:\".uag-blocks-common-selector{z-index:var(--z-index-desktop) !important}@media(max-width: 976px){.uag-blocks-common-selector{z-index:var(--z-index-tablet) !important}}@media(max-width: 767px){.uag-blocks-common-selector{z-index:var(--z-index-mobile) !important}}\";s:2:\"js\";s:0:\"\";s:18:\"current_block_list\";a:15:{i:0;s:23:\"surecart\/slide-out-cart\";i:1;s:30:\"surecart\/slide-out-cart-header\";i:2;s:29:\"surecart\/slide-out-cart-items\";i:3;s:30:\"surecart\/slide-out-cart-coupon\";i:4;s:32:\"surecart\/slide-out-cart-subtotal\";i:5;s:38:\"surecart\/slide-out-cart-bump-line-item\";i:6;s:30:\"surecart\/slide-out-cart-submit\";i:7;s:11:\"core\/search\";i:8;s:10:\"core\/group\";i:9;s:12:\"core\/heading\";i:10;s:17:\"core\/latest-posts\";i:11;s:20:\"core\/latest-comments\";i:12;s:13:\"core\/archives\";i:13;s:15:\"core\/categories\";i:14;s:14:\"core\/shortcode\";}s:8:\"uag_flag\";b:0;s:11:\"uag_version\";s:10:\"1776869369\";s:6:\"gfonts\";a:0:{}s:10:\"gfonts_url\";s:0:\"\";s:12:\"gfonts_files\";a:0:{}s:14:\"uag_faq_layout\";b:0;}"],"_wc_gla_mc_status":["approved"]},"uagb_featured_image_src":{"full":["https:\/\/pophaw.com\/wp-content\/uploads\/2019\/04\/10001-3.webp",1000,1000,false],"thumbnail":["https:\/\/pophaw.com\/wp-content\/uploads\/2019\/04\/10001-3-150x150.webp",150,150,true],"medium":["https:\/\/pophaw.com\/wp-content\/uploads\/2019\/04\/10001-3-300x300.webp",300,300,true],"medium_large":["https:\/\/pophaw.com\/wp-content\/uploads\/2019\/04\/10001-3-768x768.webp",768,768,true],"large":["https:\/\/pophaw.com\/wp-content\/uploads\/2019\/04\/10001-3.webp",1000,1000,false],"ryviu-small":["https:\/\/pophaw.com\/wp-content\/uploads\/2019\/04\/10001-3.webp",40,40,false],"ryviu-medium":["https:\/\/pophaw.com\/wp-content\/uploads\/2019\/04\/10001-3.webp",132,132,false],"1536x1536":["https:\/\/pophaw.com\/wp-content\/uploads\/2019\/04\/10001-3.webp",1000,1000,false],"2048x2048":["https:\/\/pophaw.com\/wp-content\/uploads\/2019\/04\/10001-3.webp",1000,1000,false],"trp-custom-language-flag":["https:\/\/pophaw.com\/wp-content\/uploads\/2019\/04\/10001-3.webp",12,12,false],"woocommerce_thumbnail":["https:\/\/pophaw.com\/wp-content\/uploads\/2019\/04\/10001-3-300x300.webp",300,300,true],"woocommerce_single":["https:\/\/pophaw.com\/wp-content\/uploads\/2019\/04\/10001-3-600x600.webp",600,600,true],"woocommerce_gallery_thumbnail":["https:\/\/pophaw.com\/wp-content\/uploads\/2019\/04\/10001-3-100x100.webp",100,100,true]},"uagb_author_info":{"display_name":"Dr. Rowan","author_link":"https:\/\/pophaw.com\/fr\/author\/"},"uagb_comment_info":0,"uagb_excerpt":"For testing and analyzing patients with Obstructive Sleep Apnea Hypopnea Syndrome (OSAHS).","_links":{"self":[{"href":"https:\/\/pophaw.com\/fr\/wp-json\/wp\/v2\/product\/791","targetHints":{"allow":["GET"]}}],"collection":[{"href":"https:\/\/pophaw.com\/fr\/wp-json\/wp\/v2\/product"}],"about":[{"href":"https:\/\/pophaw.com\/fr\/wp-json\/wp\/v2\/types\/product"}],"wp:featuredmedia":[{"embeddable":true,"href":"https:\/\/pophaw.com\/fr\/wp-json\/wp\/v2\/media\/9417"}],"wp:attachment":[{"href":"https:\/\/pophaw.com\/fr\/wp-json\/wp\/v2\/media?parent=791"}],"wp:term":[{"taxonomy":"product_brand","embeddable":true,"href":"https:\/\/pophaw.com\/fr\/wp-json\/wp\/v2\/product_brand?post=791"},{"taxonomy":"product_cat","embeddable":true,"href":"https:\/\/pophaw.com\/fr\/wp-json\/wp\/v2\/product_cat?post=791"},{"taxonomy":"product_tag","embeddable":true,"href":"https:\/\/pophaw.com\/fr\/wp-json\/wp\/v2\/product_tag?post=791"}],"curies":[{"name":"wp","href":"https:\/\/api.w.org\/{rel}","templated":true}]}}