{"id":799,"date":"2019-04-28T08:14:13","date_gmt":"2019-04-28T08:14:13","guid":{"rendered":"https:\/\/pophaw.com\/product\/surgical-sponge\/"},"modified":"2025-01-25T23:10:16","modified_gmt":"2025-01-26T07:10:16","slug":"masque-nasal-universel","status":"publish","type":"product","link":"https:\/\/pophaw.com\/fr\/product\/masque-nasal-universel\/","title":{"rendered":"Masque Oreiller Nasal Universel"},"content":{"rendered":"<p><b>Masque nasal universel PM1 Masque nasal pour apn\u00e9e du sommeil pour Cpap&amp;Bipap avec S\/M\/L 3 tailles Coussins en silicone<\/b><\/p>\n<div>SOYEZ ATTENTIFS<\/div>\n<div><\/div>\n<div>1. Masque nasal dont le diam\u00e8tre du tuyau est de 22 mm et qui convient \u00e0 toutes les marques d'appareils de PPC et de PPC, achetez en toute confiance !<\/div>\n<div>2. Notre masque \u00e0 oreiller nasal est un ensemble complet, comprenant des oreillers nasaux (S, M, L), un masque \u00e0 tuyau de 45 cm et des instructions.<\/div>\n<div><\/div>\n<div>Un rappel en douceur\uff1a<\/div>\n<div><\/div>\n<div>Les masques d'oreiller nasal sont des consommables m\u00e9dicaux. Pour votre sant\u00e9, veuillez les entretenir r\u00e9guli\u00e8rement (sortez de l'eau propre chaque semaine et remplacez-les tous les six mois).<\/div>\n<div>Les marques de machines CPAP pour les masques \u00e0 oreiller nasal Resoxy sont les suivantes :<\/div>\n<div>Resmed, Philips, Resmart, Luna, Yuwell, COFOE, Curative, Fisher &amp; Paykel, Weinmann, Micome.<\/div>\n<div><\/div>\n<div>Vue d'ensemble des masques nasaux CPAP :<\/div>\n<div><\/div>\n<div>Le masque \u00e0 coussin nasal est un masque \u00e0 contact minimal qui offre une libert\u00e9 maximale ! Avec une fine armature en silicone et des coussins \u00e0 double paroi, le RESOXY est l\u00e9ger et confortable, tout en restant s\u00fbr et efficace. Aucune ordonnance n'est n\u00e9cessaire pour l'achat de ces composants de masque.<\/div>\n<div><\/div>\n<div>Masque CPAP \u00e0 oreiller nasal Caract\u00e9ristiques :<\/div>\n<div><\/div>\n<div>1. \u00c9chappement poreux : Facile et confortable : Conception am\u00e9lior\u00e9e des trous d'\u00e9chappement pour r\u00e9duire le bruit pendant l'utilisation.<\/div>\n<div>2. Confortable, sans marques de pression : Convient aux patients portant des lunettes. Bandeau ultra-l\u00e9ger et doux, rendant son existence presque imperceptible, avec un contact plus faible avec la peau, le traitement multi-niveaux offre libert\u00e9 et confort.<\/div>\n<div>3. Tuyau flexible \u00e0 coude : Avec un diam\u00e8tre ext\u00e9rieur de 22 mm, il convient \u00e0 toutes les machines de PPC. Les tuyaux courb\u00e9s ultra l\u00e9gers et ultra souples sont l\u00e9gers, flexibles, difficilement d\u00e9formables, d\u00e9tachables et faciles \u00e0 nettoyer.<\/div>\n<div>4.Le coude rotatif \u00e0 360\u00b0 assure le confort tout en augmentant la libert\u00e9. Ne se limite pas \u00e0 des emplacements fixes.<\/div>\n<div>5. Conception de trois tailles pour diff\u00e9rents groupes de personnes : Disponible en tailles d'oreiller S, M et L<\/div>\n<div>6. Tampon en silicone souple Confortable et facile \u00e0 remplacer Mat\u00e9riau en silicone souple et sain, satisfaisant votre \u201ctoucher d\u00e9licat\u201d.\u201d<\/div>\n<div>7. Plus l\u00e9ger et plus confortable : La qualit\u00e9 de la l\u00e9g\u00e8ret\u00e9 offre une exp\u00e9rience de port confortable avec des conceptions ergonomiques qui s'efforcent d'offrir aux utilisateurs ce qu'ils peuvent ressentir.<\/div>\n<div><\/div>\n<div>Aper\u00e7u de la configuration :<\/div>\n<div><\/div>\n<div>Aper\u00e7u de la configuration : Bandeau, bras squelettique, coussinets en silicone (S, M.),<\/div>\n<div>L), ensemble de faisceaux d'os<\/div>\n<div><\/div>\n<div>Guide d'utilisation\uff1a<\/div>\n<div><\/div>\n<div>1. Interface de tuyauterie flexible : Interface de tuyauterie de contr\u00f4le Pas d'autres accessoires<\/div>\n<div>2. Connecter le masque : alignez le tube avec le masque nasal et ins\u00e9rez le connecteur.<\/div>\n<div>3. Effet final : connexion termin\u00e9e, image d'affichage de l'effet<\/div>\n<div><\/div>\n<div><\/div>\n<div>Probl\u00e8mes courants de raccordement anormal des pipelines<\/div>\n<div>1. La boucle de canalisation laiss\u00e9e par l'ancien connecteur du masque nasal est bloqu\u00e9e et ne peut pas \u00eatre reli\u00e9e. 2. Retirer le corps \u00e9tranger dans la canalisation 3. La chair de l'embouchure du tuyau est souple et peut \u00eatre press\u00e9e 4. il n'y a pas de corps \u00e9tranger \u00e0 l'embouchure du tuyau avant le raccordement<\/div>\n<div><\/div>\n<div>Comment nettoyer et entretenir votre produit ?<\/div>\n<div><\/div>\n<div>Nettoyage des masques et accessoires<\/div>\n<div><\/div>\n<div>1. Laver le bandeau \u00e0 l'eau chaude savonneuse<\/div>\n<div>2. Tremper pendant 10 minutes au maximum<\/div>\n<div>3. Rincer \u00e0 l'eau<\/div>\n<div>4. \u00c9viter la lumi\u00e8re directe du soleil et s\u00e9cher naturellement.<\/div>\n<div><\/div>\n<div>Avant la premi\u00e8re utilisation<\/div>\n<div><\/div>\n<div>1. Essuyez d\u00e9licatement les composants avec de l'eau savonneuse ti\u00e8de<\/div>\n<div>2. Tremper pendant 10 minutes au maximum<\/div>\n<div>3. Rincer les parties propres \u00e0 l'eau potable<\/div>\n<div>4. Laisser s\u00e9cher \u00e0 l'air libre dans un endroit sombre<\/div>\n<div><\/div>\n<div>Suggestions de remplacement de produits<\/div>\n<div><\/div>\n<div>Coton filtre -1-2 semaines<\/div>\n<div>Masque nasal en silicone - 6 mois<\/div>\n<div>Bandeau - 6 mois<\/div>\n<div>Porte-masque - 12-18 mois<\/div>\n<div><\/div>\n<div>Chaque jour\/apr\u00e8s chaque utilisation<\/div>\n<div><\/div>\n<div>1. Lavez \u00e0 la main les composants du masque \u00e0 l'eau chaude savonneuse (sauf le bandeau).<\/div>\n<div>2. Rincer abondamment \u00e0 l'eau potable<\/div>\n<div>3. \u00c9viter la lumi\u00e8re et s\u00e9cher naturellement \u00e0 l'air libre<\/div>\n<div>4. Nettoyer les \u00e9vents \u00e0 l'aide d'une brosse douce<\/div>","protected":false},"excerpt":{"rendered":"<p>Nous mettons un point d'honneur \u00e0 vous apporter autant de valeur et de facilit\u00e9 d'utilisation que possible avec chaque produit, tout en ma\u00eetrisant les co\u00fbts, sans sacrifier la qualit\u00e9.<\/p>","protected":false},"featured_media":9676,"template":"","meta":{"bwfblock_default_font":"","_uag_custom_page_level_css":"","site-sidebar-layout":"default","site-content-layout":"","ast-site-content-layout":"default","site-content-style":"default","site-sidebar-style":"default","ast-global-header-display":"","ast-banner-title-visibility":"","ast-main-header-display":"","ast-hfb-above-header-display":"","ast-hfb-below-header-display":"","ast-hfb-mobile-header-display":"","site-post-title":"","ast-breadcrumbs-content":"","ast-featured-img":"","footer-sml-layout":"","ast-disable-related-posts":"","theme-transparent-header-meta":"default","adv-header-id-meta":"","stick-header-meta":"default","header-above-stick-meta":"","header-main-stick-meta":"","header-below-stick-meta":"","astra-migrate-meta-layouts":"set","ast-page-background-enabled":"default","ast-page-background-meta":{"desktop":{"background-color":"","background-image":"","background-repeat":"repeat","background-position":"center center","background-size":"auto","background-attachment":"scroll","background-type":"","background-media":"","overlay-type":"","overlay-color":"","overlay-opacity":"","overlay-gradient":""},"tablet":{"background-color":"","background-image":"","background-repeat":"repeat","background-position":"center center","background-size":"auto","background-attachment":"scroll","background-type":"","background-media":"","overlay-type":"","overlay-color":"","overlay-opacity":"","overlay-gradient":""},"mobile":{"background-color":"","background-image":"","background-repeat":"repeat","background-position":"center center","background-size":"auto","background-attachment":"scroll","background-type":"","background-media":"","overlay-type":"","overlay-color":"","overlay-opacity":"","overlay-gradient":""}},"ast-content-background-meta":{"desktop":{"background-color":"var(--ast-global-color-5)","background-image":"","background-repeat":"repeat","background-position":"center center","background-size":"auto","background-attachment":"scroll","background-type":"","background-media":"","overlay-type":"","overlay-color":"","overlay-opacity":"","overlay-gradient":""},"tablet":{"background-color":"var(--ast-global-color-5)","background-image":"","background-repeat":"repeat","background-position":"center center","background-size":"auto","background-attachment":"scroll","background-type":"","background-media":"","overlay-type":"","overlay-color":"","overlay-opacity":"","overlay-gradient":""},"mobile":{"background-color":"var(--ast-global-color-5)","background-image":"","background-repeat":"repeat","background-position":"center center","background-size":"auto","background-attachment":"scroll","background-type":"","background-media":"","overlay-type":"","overlay-color":"","overlay-opacity":"","overlay-gradient":""}}},"product_brand":[73],"product_cat":[343,307,336,309,305],"product_tag":[],"class_list":{"0":"post-799","1":"product","2":"type-product","3":"status-publish","4":"has-post-thumbnail","6":"product_brand-pophaw","7":"product_cat-cpap-machine","8":"product_cat-cpap-machines-accessories","9":"product_cat-healthcare-products","10":"product_cat-nasal-oral-masks","11":"product_cat-respiratory-care-products","12":"desktop-align-center","13":"tablet-align-center","14":"mobile-align-center","15":"ast-product-gallery-layout-horizontal-slider","16":"ast-magnify-disabled","17":"ast-product-tabs-layout-horizontal","19":"first","20":"instock","21":"shipping-taxable","22":"purchasable","23":"product-type-simple"},"spectra_custom_meta":{"_edit_last":["1"],"_wp_old_date":["2020-04-28"],"insight_product_options":["s:1358:\"a:38:{s:27:\"single_product_layout_style\";s:0:\"\";s:11:\"site_layout\";s:0:\"\";s:10:\"site_width\";s:0:\"\";s:16:\"site_top_spacing\";s:0:\"\";s:19:\"site_bottom_spacing\";s:0:\"\";s:10:\"site_class\";s:0:\"\";s:21:\"site_background_color\";s:0:\"\";s:21:\"site_background_image\";s:0:\"\";s:22:\"site_background_repeat\";s:9:\"no-repeat\";s:26:\"site_background_attachment\";s:0:\"\";s:24:\"site_background_position\";s:0:\"\";s:20:\"site_background_size\";s:0:\"\";s:24:\"content_background_color\";s:0:\"\";s:24:\"content_background_image\";s:0:\"\";s:25:\"content_background_repeat\";s:9:\"no-repeat\";s:27:\"content_background_position\";s:0:\"\";s:12:\"top_bar_type\";s:0:\"\";s:11:\"header_type\";s:0:\"\";s:14:\"header_overlay\";s:0:\"\";s:11:\"header_skin\";s:0:\"\";s:12:\"menu_display\";s:0:\"\";s:13:\"menu_one_page\";s:1:\"0\";s:16:\"custom_dark_logo\";s:0:\"\";s:17:\"custom_light_logo\";s:0:\"\";s:17:\"custom_logo_width\";s:0:\"\";s:24:\"custom_sticky_logo_width\";s:0:\"\";s:21:\"page_title_bar_layout\";s:0:\"\";s:29:\"page_title_bar_bottom_spacing\";s:0:\"\";s:31:\"page_title_bar_background_color\";s:0:\"\";s:25:\"page_title_bar_background\";s:0:\"\";s:33:\"page_title_bar_background_overlay\";s:0:\"\";s:29:\"page_title_bar_custom_heading\";s:0:\"\";s:14:\"page_sidebar_1\";s:7:\"default\";s:14:\"page_sidebar_2\";s:7:\"default\";s:21:\"page_sidebar_position\";s:7:\"default\";s:17:\"revolution_slider\";s:0:\"\";s:15:\"slider_position\";s:5:\"below\";s:13:\"footer_enable\";s:0:\"\";}\";"],"_sku":["PH11335010"],"_regular_price":["52.99"],"_tax_status":["taxable"],"_manage_stock":["yes"],"_backorders":["no"],"_sold_individually":["no"],"_virtual":["no"],"_downloadable":["no"],"_download_limit":["-1"],"_download_expiry":["-1"],"_stock":["35"],"_stock_status":["instock"],"_product_version":["9.6.0"],"_price":["52.99"],"_product_image_gallery":["9447,9437,9438,9439,9440,9441,9442,9443,9444,9445,9446"],"woosw_count":["2"],"woosw_add":["1597393580"],"total_sales":["0"],"_tax_class":[""],"_wc_average_rating":["0"],"_wc_review_count":["0"],"rs_page_bg_color":[""],"rank_math_focus_keyword":["Nasal Pillow Mask"],"_edit_lock":["1737875417:1"],"rank_math_analytic_object_id":["84"],"rank_math_auto_redirect":["a:1:{i:0;i:25;}"],"_wp_old_slug":["surgical-sponge","nasal-pillows-mask-universal"],"rank_math_seo_score":["93"],"rank_math_description":["Nasal Pillow Mask Universal Universal PM1 Sleep Apnea Nasal Mask For Cpap&Bipap With S\/M\/L 3 Sizes Silicone Cushions"],"_admin_notes":["https:\/\/www.ebay.com\/itm\/387641661290\r\nhttps:\/\/detail.1688.com\/offer\/847546167457.html?spm=a261y.7663282.3002526303362591.2.7f483e54ffTWko&sk=order"],"_custom_product_field":[""],"rank_math_primary_product_cat":["343"],"rank_math_primary_product_brand":["0"],"site-sidebar-layout":["default"],"ast-site-content-layout":["default"],"site-content-style":["default"],"site-sidebar-style":["default"],"theme-transparent-header-meta":["default"],"stick-header-meta":["default"],"_thumbnail_id":["9676"],"_wc_gla_synced_at":["1778295666"],"_wc_gla_sync_status":["synced"],"_wc_gla_visibility":["sync-and-show"],"_wc_gla_google_ids":["a:1:{s:2:\"US\";s:20:\"online:en:US:gla_799\";}"],"fb_product_item_id":["9921082447908860"],"_wc_facebook_sync_enabled":["yes"],"fb_visibility":["yes"],"fb_product_description":[""],"_wc_facebook_product_image_source":["product"],"_wc_facebook_commerce_enabled":["no"],"rank_math_primary_fb_product_set":["0"],"_global_unique_id":["10888621913674"],"astra-migrate-meta-layouts":["set"],"wp_statistics_words_count":["515"],"wpil_sync_report3":["1"],"wpil_links_inbound_internal_count":["0"],"wpil_links_inbound_internal_count_data":["eJxLtDKwqq4FAAZPAf4="],"wpil_links_outbound_internal_count":["0"],"wpil_links_outbound_internal_count_data":["eJxLtDKwqq4FAAZPAf4="],"wpil_links_outbound_external_count":["0"],"wpil_links_outbound_external_count_data":["eJxLtDKwqq4FAAZPAf4="],"wpil_sync_report2_time":["2025-01-27T07:29:11+00:00"],"omnisend_last_sync":["2025-05-16T11:05:10+00:00"],"surerank_settings_general":["a:7:{s:9:\"separator\";s:1:\"-\";s:10:\"page_title\";s:21:\"%title% - %site_name%\";s:25:\"auto_generate_description\";b:1;s:16:\"page_description\";s:116:\"Nasal Pillow Mask Universal Universal PM1 Sleep Apnea Nasal Mask For Cpap&Bipap With S\/M\/L 3 Sizes Silicone Cushions\";s:16:\"auto_description\";s:158:\"Nasal Pillow Mask Universal Universal PM1 Sleep Apnea Nasal Mask For Cpap&Bipap With S\/M\/L 3 Sizes Silicone Cushions PLEASE PAY ATTENTION 1. Nasal Pillow Mask\";s:14:\"fallback_image\";s:0:\"\";s:13:\"canonical_url\";s:55:\"https:\/\/pophaw.com\/product\/nasal-pillow-mask-universal\/\";}"],"surerank_settings_post_no_index":["no"],"surerank_settings_post_no_follow":["no"],"surerank_settings_post_no_archive":["no"],"surerank_settings_social":["a:23:{s:15:\"open_graph_tags\";b:1;s:18:\"facebook_meta_tags\";b:1;s:17:\"twitter_meta_tags\";b:1;s:16:\"oembeded_scripts\";b:1;s:17:\"oembeded_og_title\";b:1;s:22:\"oembeded_social_images\";b:1;s:27:\"oembeded_remove_author_name\";b:1;s:17:\"facebook_page_url\";s:54:\"https:\/\/www.facebook.com\/profile.php?id=61571207938497\";s:24:\"facebook_author_fallback\";s:0:\"\";s:17:\"twitter_card_type\";s:19:\"summary_large_image\";s:24:\"twitter_same_as_facebook\";b:1;s:24:\"twitter_profile_username\";s:0:\"\";s:24:\"twitter_profile_fallback\";s:0:\"\";s:14:\"facebook_title\";s:21:\"%title% - %site_name%\";s:20:\"facebook_description\";s:9:\"%content%\";s:18:\"facebook_image_url\";s:57:\"https:\/\/pophaw.com\/wp-content\/uploads\/2019\/04\/10001-5.jpg\";s:17:\"facebook_image_id\";i:9676;s:20:\"facebook_image_width\";i:800;s:21:\"facebook_image_height\";i:800;s:13:\"twitter_title\";s:21:\"%title% - %site_name%\";s:19:\"twitter_description\";s:9:\"%content%\";s:17:\"twitter_image_url\";s:57:\"https:\/\/pophaw.com\/wp-content\/uploads\/2019\/04\/10001-5.jpg\";s:16:\"twitter_image_id\";i:9676;}"],"surerank_migration":["1"],"astra_style_timestamp_css":["1777346875"],"wwpp_product_wholesale_visibility_filter":["all"],"_uag_css_file_name":["uag-css-799.css"],"rank_math_internal_links_processed":["1"],"_uag_page_assets":["a:9:{s:3:\"css\";s:260:\".uag-blocks-common-selector{z-index:var(--z-index-desktop) !important}@media(max-width: 976px){.uag-blocks-common-selector{z-index:var(--z-index-tablet) !important}}@media(max-width: 767px){.uag-blocks-common-selector{z-index:var(--z-index-mobile) !important}}\";s:2:\"js\";s:0:\"\";s:18:\"current_block_list\";a:15:{i:0;s:23:\"surecart\/slide-out-cart\";i:1;s:30:\"surecart\/slide-out-cart-header\";i:2;s:29:\"surecart\/slide-out-cart-items\";i:3;s:30:\"surecart\/slide-out-cart-coupon\";i:4;s:32:\"surecart\/slide-out-cart-subtotal\";i:5;s:38:\"surecart\/slide-out-cart-bump-line-item\";i:6;s:30:\"surecart\/slide-out-cart-submit\";i:7;s:11:\"core\/search\";i:8;s:10:\"core\/group\";i:9;s:12:\"core\/heading\";i:10;s:17:\"core\/latest-posts\";i:11;s:20:\"core\/latest-comments\";i:12;s:13:\"core\/archives\";i:13;s:15:\"core\/categories\";i:14;s:14:\"core\/shortcode\";}s:8:\"uag_flag\";b:0;s:11:\"uag_version\";s:10:\"1777973618\";s:6:\"gfonts\";a:0:{}s:10:\"gfonts_url\";s:0:\"\";s:12:\"gfonts_files\";a:0:{}s:14:\"uag_faq_layout\";b:0;}"],"_wc_gla_mc_status":["approved"]},"uagb_featured_image_src":{"full":["https:\/\/pophaw.com\/wp-content\/uploads\/2019\/04\/10001-5.jpg",800,800,false],"thumbnail":["https:\/\/pophaw.com\/wp-content\/uploads\/2019\/04\/10001-5-150x150.jpg",150,150,true],"medium":["https:\/\/pophaw.com\/wp-content\/uploads\/2019\/04\/10001-5-300x300.jpg",300,300,true],"medium_large":["https:\/\/pophaw.com\/wp-content\/uploads\/2019\/04\/10001-5-768x768.jpg",768,768,true],"large":["https:\/\/pophaw.com\/wp-content\/uploads\/2019\/04\/10001-5.jpg",800,800,false],"ryviu-small":["https:\/\/pophaw.com\/wp-content\/uploads\/2019\/04\/10001-5.jpg",40,40,false],"ryviu-medium":["https:\/\/pophaw.com\/wp-content\/uploads\/2019\/04\/10001-5.jpg",132,132,false],"1536x1536":["https:\/\/pophaw.com\/wp-content\/uploads\/2019\/04\/10001-5.jpg",800,800,false],"2048x2048":["https:\/\/pophaw.com\/wp-content\/uploads\/2019\/04\/10001-5.jpg",800,800,false],"trp-custom-language-flag":["https:\/\/pophaw.com\/wp-content\/uploads\/2019\/04\/10001-5.jpg",12,12,false],"woocommerce_thumbnail":["https:\/\/pophaw.com\/wp-content\/uploads\/2019\/04\/10001-5-300x300.jpg",300,300,true],"woocommerce_single":["https:\/\/pophaw.com\/wp-content\/uploads\/2019\/04\/10001-5-600x600.jpg",600,600,true],"woocommerce_gallery_thumbnail":["https:\/\/pophaw.com\/wp-content\/uploads\/2019\/04\/10001-5-100x100.jpg",100,100,true]},"uagb_author_info":{"display_name":"Dr. Rowan","author_link":"https:\/\/pophaw.com\/fr\/author\/"},"uagb_comment_info":0,"uagb_excerpt":"We make a point by bringing you as much value &amp; usability with each product, while keeping the costs in check, without sacrificing quality.","_links":{"self":[{"href":"https:\/\/pophaw.com\/fr\/wp-json\/wp\/v2\/product\/799","targetHints":{"allow":["GET"]}}],"collection":[{"href":"https:\/\/pophaw.com\/fr\/wp-json\/wp\/v2\/product"}],"about":[{"href":"https:\/\/pophaw.com\/fr\/wp-json\/wp\/v2\/types\/product"}],"wp:featuredmedia":[{"embeddable":true,"href":"https:\/\/pophaw.com\/fr\/wp-json\/wp\/v2\/media\/9676"}],"wp:attachment":[{"href":"https:\/\/pophaw.com\/fr\/wp-json\/wp\/v2\/media?parent=799"}],"wp:term":[{"taxonomy":"product_brand","embeddable":true,"href":"https:\/\/pophaw.com\/fr\/wp-json\/wp\/v2\/product_brand?post=799"},{"taxonomy":"product_cat","embeddable":true,"href":"https:\/\/pophaw.com\/fr\/wp-json\/wp\/v2\/product_cat?post=799"},{"taxonomy":"product_tag","embeddable":true,"href":"https:\/\/pophaw.com\/fr\/wp-json\/wp\/v2\/product_tag?post=799"}],"curies":[{"name":"wp","href":"https:\/\/api.w.org\/{rel}","templated":true}]}}