{"id":809,"date":"2019-04-28T08:27:30","date_gmt":"2019-04-28T08:27:30","guid":{"rendered":"https:\/\/pophaw.com\/product\/ice-cold-water-therapy\/"},"modified":"2025-06-11T08:29:40","modified_gmt":"2025-06-11T15:29:40","slug":"ihealth-gluco","status":"publish","type":"product","link":"https:\/\/pophaw.com\/fr\/product\/ihealth-gluco\/","title":{"rendered":"iHealth Gluco+ Wireless Smart Blood Glucose Monitor Kit (Kit de surveillance de la glyc\u00e9mie sans fil)"},"content":{"rendered":"<p><span style=\"font-family: arial, helvetica, sans-serif; color: #000000;\">Le glucom\u00e8tre intelligent sans fil iHealth Gluco+ offre une solution compl\u00e8te pour une gestion proactive de la glyc\u00e9mie gr\u00e2ce \u00e0 l'application gratuite iGluco. Il vous permet de stocker, de suivre et de partager vos mesures de glyc\u00e9mie. Avec iGluco, vous pouvez prendre le contr\u00f4le de votre sant\u00e9 en d\u00e9finissant des plages d'objectifs et des rappels personnalis\u00e9s, vous assurant ainsi de rester sur la bonne voie pour atteindre vos objectifs de glyc\u00e9mie.<\/span><\/p>\n<ul>\n<li class=\"a-spacing-mini\"><span class=\"a-list-item\" style=\"font-family: arial, helvetica, sans-serif; color: #000000;\">Synchronisation sans fil sans effort pour une gestion \u00e0 tout moment et en tout lieu : Stockez jusqu'\u00e0 500 mesures dans le kit du glucom\u00e8tre iHealth et acc\u00e9dez \u00e0 un nombre illimit\u00e9 de mesures sur votre appareil iOS ou Android via l'application gratuite iHealth Gluco-Smart. La m\u00e9moire et l'application int\u00e9gr\u00e9es de mani\u00e8re transparente permettent d'acc\u00e9der facilement \u00e0 l'historique complet de votre glyc\u00e9mie. Partagez vos r\u00e9sultats avec votre \u00e9quipe soignante et g\u00e9rez mieux votre diab\u00e8te, o\u00f9 que vous soyez.<\/span><\/li>\n<li class=\"a-spacing-mini\"><span class=\"a-list-item\" style=\"font-family: arial, helvetica, sans-serif; color: #000000;\">Test rapide et doux en seulement 5 secondes : Le kit de test de glyc\u00e9mie iHealth est con\u00e7u pour votre confort et fournit des r\u00e9sultats pr\u00e9cis en 5 secondes avec seulement un minuscule \u00e9chantillon de sang de 0,7\u00b5l. Le dispositif de lancette r\u00e9glable \u00e0 9 profondeurs offre une exp\u00e9rience de test presque indolore (5e profondeur recommand\u00e9e), minimisant la douleur et fournissant des r\u00e9sultats rapides et fiables \u00e0 chaque fois.<\/span><\/li>\n<li class=\"a-spacing-mini\"><span class=\"a-list-item\" style=\"font-family: arial, helvetica, sans-serif; color: #000000;\">Portable et rechargeable pour une gestion facile de la glyc\u00e9mie : Le iHealth BG5S100 est un moniteur \u00e9l\u00e9gant et compact, dot\u00e9 d'une batterie rechargeable fiable, parfait pour une utilisation en d\u00e9placement. Son \u00e9tui de transport vous offre plus de commodit\u00e9 et de tranquillit\u00e9 d'esprit pour g\u00e9rer vos niveaux de glucose sanguin chaque jour.<\/span><\/li>\n<li class=\"a-spacing-mini\"><span class=\"a-list-item\" style=\"font-family: arial, helvetica, sans-serif; color: #000000;\">Des tests sans souci en un clin d'\u0153il : Le BG5S100 est dot\u00e9 d'une conception conviviale et d'alertes int\u00e9gr\u00e9es en cas d'hypoglyc\u00e9mie ou d'hyperglyc\u00e9mie, ce qui vous permet d'agir rapidement et sans d\u00e9lai pour g\u00e9rer votre sant\u00e9. Il suffit d'ins\u00e9rer la bandelette, de prendre les donn\u00e9es et de voir les r\u00e9sultats sur l'\u00e9cran clair et lumineux, m\u00eame dans des conditions de faible luminosit\u00e9.<\/span><\/li>\n<li class=\"a-spacing-mini\"><span class=\"a-list-item\" style=\"font-family: arial, helvetica, sans-serif; color: #000000;\">Ce que vous obtenez : 1 x 510K Cleared &amp; Medical CE Approved blood glucose monitor kit, 1 autopiqueur, 100 lancettes, 100 bandelettes r\u00e9actives, 1 c\u00e2ble de chargement USB, 1 mallette de transport, 1 manuel d'instruction et 1 guide d'utilisation rapide (en anglais et en espagnol), notre garantie de 12 mois et notre service client\u00e8le amical bas\u00e9 en Californie.<\/span><\/li>\n<\/ul>\n<p><img loading=\"lazy\" decoding=\"async\" class=\"alignnone wp-image-7483 size-full\" src=\"http:\/\/pophaw.com\/wp-content\/uploads\/2019\/04\/1-1.png\" alt=\"\" width=\"1464\" height=\"1200\" srcset=\"https:\/\/pophaw.com\/wp-content\/uploads\/2019\/04\/1-1.png 1464w, https:\/\/pophaw.com\/wp-content\/uploads\/2019\/04\/1-1-600x492.png 600w, https:\/\/pophaw.com\/wp-content\/uploads\/2019\/04\/1-1-300x246.png 300w, https:\/\/pophaw.com\/wp-content\/uploads\/2019\/04\/1-1-1024x839.png 1024w, https:\/\/pophaw.com\/wp-content\/uploads\/2019\/04\/1-1-768x630.png 768w, https:\/\/pophaw.com\/wp-content\/uploads\/2019\/04\/1-1-1320x1082.png 1320w\" sizes=\"auto, (max-width: 1464px) 100vw, 1464px\" \/><\/p>\n<p><img loading=\"lazy\" decoding=\"async\" class=\"alignnone wp-image-7484 size-full\" src=\"http:\/\/pophaw.com\/wp-content\/uploads\/2019\/04\/3-1.png\" alt=\"\" width=\"1132\" height=\"600\" srcset=\"https:\/\/pophaw.com\/wp-content\/uploads\/2019\/04\/3-1.png 1132w, https:\/\/pophaw.com\/wp-content\/uploads\/2019\/04\/3-1-600x318.png 600w, https:\/\/pophaw.com\/wp-content\/uploads\/2019\/04\/3-1-300x159.png 300w, https:\/\/pophaw.com\/wp-content\/uploads\/2019\/04\/3-1-1024x543.png 1024w, https:\/\/pophaw.com\/wp-content\/uploads\/2019\/04\/3-1-768x407.png 768w\" sizes=\"auto, (max-width: 1132px) 100vw, 1132px\" \/><\/p>\n<p><img loading=\"lazy\" decoding=\"async\" class=\"alignnone size-full wp-image-7473\" src=\"http:\/\/pophaw.com\/wp-content\/uploads\/2019\/04\/4.jpg\" alt=\"\" width=\"700\" height=\"384\" srcset=\"https:\/\/pophaw.com\/wp-content\/uploads\/2019\/04\/4.jpg 700w, https:\/\/pophaw.com\/wp-content\/uploads\/2019\/04\/4-600x329.jpg 600w, https:\/\/pophaw.com\/wp-content\/uploads\/2019\/04\/4-300x165.jpg 300w\" sizes=\"auto, (max-width: 700px) 100vw, 700px\" \/><\/p>\n<p><img loading=\"lazy\" decoding=\"async\" class=\"alignnone size-full wp-image-7474\" src=\"http:\/\/pophaw.com\/wp-content\/uploads\/2019\/04\/5.jpg\" alt=\"\" width=\"700\" height=\"384\" srcset=\"https:\/\/pophaw.com\/wp-content\/uploads\/2019\/04\/5.jpg 700w, https:\/\/pophaw.com\/wp-content\/uploads\/2019\/04\/5-600x329.jpg 600w, https:\/\/pophaw.com\/wp-content\/uploads\/2019\/04\/5-300x165.jpg 300w\" sizes=\"auto, (max-width: 700px) 100vw, 700px\" \/><\/p>","protected":false},"excerpt":{"rendered":"<p>100 bandelettes de glucom\u00e8tre, 100 lancettes, 1 moniteur de glyc\u00e9mie, 1 autopiqueur, kit de d\u00e9pistage du diab\u00e8te portable pour une utilisation \u00e0 domicile<\/p>","protected":false},"featured_media":7475,"template":"","meta":{"bwfblock_default_font":"","_uag_custom_page_level_css":"","site-sidebar-layout":"default","site-content-layout":"","ast-site-content-layout":"default","site-content-style":"default","site-sidebar-style":"default","ast-global-header-display":"","ast-banner-title-visibility":"","ast-main-header-display":"","ast-hfb-above-header-display":"","ast-hfb-below-header-display":"","ast-hfb-mobile-header-display":"","site-post-title":"","ast-breadcrumbs-content":"","ast-featured-img":"","footer-sml-layout":"","ast-disable-related-posts":"","theme-transparent-header-meta":"default","adv-header-id-meta":"","stick-header-meta":"default","header-above-stick-meta":"","header-main-stick-meta":"","header-below-stick-meta":"","astra-migrate-meta-layouts":"set","ast-page-background-enabled":"default","ast-page-background-meta":{"desktop":{"background-color":"","background-image":"","background-repeat":"repeat","background-position":"center center","background-size":"auto","background-attachment":"scroll","background-type":"","background-media":"","overlay-type":"","overlay-color":"","overlay-opacity":"","overlay-gradient":""},"tablet":{"background-color":"","background-image":"","background-repeat":"repeat","background-position":"center center","background-size":"auto","background-attachment":"scroll","background-type":"","background-media":"","overlay-type":"","overlay-color":"","overlay-opacity":"","overlay-gradient":""},"mobile":{"background-color":"","background-image":"","background-repeat":"repeat","background-position":"center center","background-size":"auto","background-attachment":"scroll","background-type":"","background-media":"","overlay-type":"","overlay-color":"","overlay-opacity":"","overlay-gradient":""}},"ast-content-background-meta":{"desktop":{"background-color":"var(--ast-global-color-5)","background-image":"","background-repeat":"repeat","background-position":"center center","background-size":"auto","background-attachment":"scroll","background-type":"","background-media":"","overlay-type":"","overlay-color":"","overlay-opacity":"","overlay-gradient":""},"tablet":{"background-color":"var(--ast-global-color-5)","background-image":"","background-repeat":"repeat","background-position":"center center","background-size":"auto","background-attachment":"scroll","background-type":"","background-media":"","overlay-type":"","overlay-color":"","overlay-opacity":"","overlay-gradient":""},"mobile":{"background-color":"var(--ast-global-color-5)","background-image":"","background-repeat":"repeat","background-position":"center center","background-size":"auto","background-attachment":"scroll","background-type":"","background-media":"","overlay-type":"","overlay-color":"","overlay-opacity":"","overlay-gradient":""}}},"product_brand":[97],"product_cat":[339,336,189,99,190],"product_tag":[],"class_list":{"0":"post-809","1":"product","2":"type-product","3":"status-publish","4":"has-post-thumbnail","6":"product_brand-ihealth","7":"product_cat-monitoring","8":"product_cat-healthcare-products","9":"product_cat-home-diagnostics","10":"product_cat-home-medical-supplies","11":"product_cat-wellness-monitoring","12":"desktop-align-center","13":"tablet-align-center","14":"mobile-align-center","15":"ast-product-gallery-layout-horizontal-slider","16":"ast-magnify-disabled","17":"ast-product-tabs-layout-horizontal","19":"first","20":"instock","21":"shipping-taxable","22":"purchasable","23":"product-type-simple"},"spectra_custom_meta":{"_edit_last":["1"],"total_sales":["11"],"_tax_status":["taxable"],"_manage_stock":["yes"],"_backorders":["no"],"_sold_individually":["no"],"_virtual":["no"],"_downloadable":["no"],"_download_limit":["-1"],"_download_expiry":["-1"],"_stock":["10"],"_stock_status":["instock"],"_product_version":["9.9.3"],"_wp_old_date":["2020-04-28"],"insight_product_options":["s:1358:\"a:38:{s:27:\"single_product_layout_style\";s:0:\"\";s:11:\"site_layout\";s:0:\"\";s:10:\"site_width\";s:0:\"\";s:16:\"site_top_spacing\";s:0:\"\";s:19:\"site_bottom_spacing\";s:0:\"\";s:10:\"site_class\";s:0:\"\";s:21:\"site_background_color\";s:0:\"\";s:21:\"site_background_image\";s:0:\"\";s:22:\"site_background_repeat\";s:9:\"no-repeat\";s:26:\"site_background_attachment\";s:0:\"\";s:24:\"site_background_position\";s:0:\"\";s:20:\"site_background_size\";s:0:\"\";s:24:\"content_background_color\";s:0:\"\";s:24:\"content_background_image\";s:0:\"\";s:25:\"content_background_repeat\";s:9:\"no-repeat\";s:27:\"content_background_position\";s:0:\"\";s:12:\"top_bar_type\";s:0:\"\";s:11:\"header_type\";s:0:\"\";s:14:\"header_overlay\";s:0:\"\";s:11:\"header_skin\";s:0:\"\";s:12:\"menu_display\";s:0:\"\";s:13:\"menu_one_page\";s:1:\"0\";s:16:\"custom_dark_logo\";s:0:\"\";s:17:\"custom_light_logo\";s:0:\"\";s:17:\"custom_logo_width\";s:0:\"\";s:24:\"custom_sticky_logo_width\";s:0:\"\";s:21:\"page_title_bar_layout\";s:0:\"\";s:29:\"page_title_bar_bottom_spacing\";s:0:\"\";s:31:\"page_title_bar_background_color\";s:0:\"\";s:25:\"page_title_bar_background\";s:0:\"\";s:33:\"page_title_bar_background_overlay\";s:0:\"\";s:29:\"page_title_bar_custom_heading\";s:0:\"\";s:14:\"page_sidebar_1\";s:7:\"default\";s:14:\"page_sidebar_2\";s:7:\"default\";s:21:\"page_sidebar_position\";s:7:\"default\";s:17:\"revolution_slider\";s:0:\"\";s:15:\"slider_position\";s:5:\"below\";s:13:\"footer_enable\";s:0:\"\";}\";"],"_sku":["EB218005"],"_regular_price":["49.99"],"_price":["49.99"],"woosw_count":["6"],"woosw_add":["1613555744"],"_thumbnail_id":["7475"],"_tax_class":[""],"_wc_average_rating":["0"],"_wc_review_count":["0"],"_edit_lock":["1740888068:1"],"_product_image_gallery":["7476,7477,7478,7479,7480,7481,7482"],"_wp_old_slug":["ice-cold-water-therapy","ihealth-gluco-wireless-smart-blood-glucose-monitor-kit"],"rs_page_bg_color":[""],"rank_math_focus_keyword":["iHealth Gluco+"],"rank_math_analytic_object_id":["82"],"rank_math_seo_score":["88"],"rank_math_description":["The iHealth Gluco+ Wireless Smart Glucose Meter offers a comprehensive solution for proactive glucose management with the free app iGluco. "],"_admin_notes":[""],"_custom_product_field":[""],"rank_math_primary_product_cat":["339"],"rank_math_primary_product_brand":["0"],"site-sidebar-layout":["default"],"ast-site-content-layout":["default"],"site-content-style":["default"],"site-sidebar-style":["default"],"theme-transparent-header-meta":["default"],"stick-header-meta":["default"],"_wc_gla_visibility":["dont-sync-and-show"],"fb_product_item_id":["8942688275820660"],"_global_unique_id":["10888621913698"],"_wc_facebook_sync_enabled":["yes"],"fb_visibility":["yes"],"fb_product_description":[""],"_wc_facebook_product_image_source":["product"],"_wc_facebook_commerce_enabled":["no"],"rank_math_primary_fb_product_set":["0"],"classic-editor-remember":["classic-editor"],"rank_math_auto_redirect":["a:1:{i:0;i:59;}"],"wp_statistics_words_count":["320"],"_wc_pinterest_condition":["new"],"astra-migrate-meta-layouts":["set"],"wpil_sync_report3":["1"],"wpil_links_inbound_internal_count":["0"],"wpil_links_inbound_internal_count_data":["eJxLtDKwqq4FAAZPAf4="],"wpil_links_outbound_internal_count":["0"],"wpil_links_outbound_internal_count_data":["eJxLtDKwqq4FAAZPAf4="],"wpil_links_outbound_external_count":["0"],"wpil_links_outbound_external_count_data":["eJxLtDKwqq4FAAZPAf4="],"wpil_sync_report2_time":["2025-01-27T07:29:11+00:00"],"omnisend_last_sync":["2025-06-11T15:29:40+00:00"],"surerank_settings_general":["a:7:{s:9:\"separator\";s:1:\"-\";s:10:\"page_title\";s:21:\"%title% - %site_name%\";s:25:\"auto_generate_description\";b:1;s:16:\"page_description\";s:139:\"The iHealth Gluco+ Wireless Smart Glucose Meter offers a comprehensive solution for proactive glucose management with the free app iGluco. \";s:16:\"auto_description\";s:156:\"The iHealth Gluco+ Wireless Smart Glucose Meter offers a comprehensive solution for proactive glucose management with the free app iGluco. It enables you to\";s:14:\"fallback_image\";s:0:\"\";s:13:\"canonical_url\";s:41:\"https:\/\/pophaw.com\/product\/ihealth-gluco\/\";}"],"surerank_settings_post_no_index":["no"],"surerank_settings_post_no_follow":["no"],"surerank_settings_post_no_archive":["no"],"surerank_settings_social":["a:23:{s:15:\"open_graph_tags\";b:1;s:18:\"facebook_meta_tags\";b:1;s:17:\"twitter_meta_tags\";b:1;s:16:\"oembeded_scripts\";b:1;s:17:\"oembeded_og_title\";b:1;s:22:\"oembeded_social_images\";b:1;s:27:\"oembeded_remove_author_name\";b:1;s:17:\"facebook_page_url\";s:54:\"https:\/\/www.facebook.com\/profile.php?id=61571207938497\";s:24:\"facebook_author_fallback\";s:0:\"\";s:17:\"twitter_card_type\";s:19:\"summary_large_image\";s:24:\"twitter_same_as_facebook\";b:1;s:24:\"twitter_profile_username\";s:0:\"\";s:24:\"twitter_profile_fallback\";s:0:\"\";s:14:\"facebook_title\";s:21:\"%title% - %site_name%\";s:20:\"facebook_description\";s:9:\"%content%\";s:18:\"facebook_image_url\";s:59:\"https:\/\/pophaw.com\/wp-content\/uploads\/2019\/04\/image_1-1.jpg\";s:17:\"facebook_image_id\";i:7475;s:20:\"facebook_image_width\";i:1600;s:21:\"facebook_image_height\";i:1600;s:13:\"twitter_title\";s:21:\"%title% - %site_name%\";s:19:\"twitter_description\";s:9:\"%content%\";s:17:\"twitter_image_url\";s:59:\"https:\/\/pophaw.com\/wp-content\/uploads\/2019\/04\/image_1-1.jpg\";s:16:\"twitter_image_id\";i:7475;}"],"surerank_migration":["1"],"astra_style_timestamp_css":["1776905625"],"wwpp_product_wholesale_visibility_filter":["all"],"_uag_css_file_name":["uag-css-809.css"],"rank_math_internal_links_processed":["1"],"_uag_page_assets":["a:9:{s:3:\"css\";s:0:\"\";s:2:\"js\";s:0:\"\";s:18:\"current_block_list\";a:15:{i:0;s:23:\"surecart\/slide-out-cart\";i:1;s:30:\"surecart\/slide-out-cart-header\";i:2;s:29:\"surecart\/slide-out-cart-items\";i:3;s:30:\"surecart\/slide-out-cart-coupon\";i:4;s:32:\"surecart\/slide-out-cart-subtotal\";i:5;s:38:\"surecart\/slide-out-cart-bump-line-item\";i:6;s:30:\"surecart\/slide-out-cart-submit\";i:7;s:11:\"core\/search\";i:8;s:10:\"core\/group\";i:9;s:12:\"core\/heading\";i:10;s:17:\"core\/latest-posts\";i:11;s:20:\"core\/latest-comments\";i:12;s:13:\"core\/archives\";i:13;s:15:\"core\/categories\";i:14;s:14:\"core\/shortcode\";}s:8:\"uag_flag\";b:0;s:11:\"uag_version\";s:10:\"1776869369\";s:6:\"gfonts\";a:0:{}s:10:\"gfonts_url\";s:0:\"\";s:12:\"gfonts_files\";a:0:{}s:14:\"uag_faq_layout\";b:0;}"]},"uagb_featured_image_src":{"full":["https:\/\/pophaw.com\/wp-content\/uploads\/2019\/04\/image_1-1.jpg",1600,1600,false],"thumbnail":["https:\/\/pophaw.com\/wp-content\/uploads\/2019\/04\/image_1-1-150x150.jpg",150,150,true],"medium":["https:\/\/pophaw.com\/wp-content\/uploads\/2019\/04\/image_1-1-300x300.jpg",300,300,true],"medium_large":["https:\/\/pophaw.com\/wp-content\/uploads\/2019\/04\/image_1-1-768x768.jpg",768,768,true],"large":["https:\/\/pophaw.com\/wp-content\/uploads\/2019\/04\/image_1-1-1024x1024.jpg",1024,1024,true],"ryviu-small":["https:\/\/pophaw.com\/wp-content\/uploads\/2019\/04\/image_1-1.jpg",40,40,false],"ryviu-medium":["https:\/\/pophaw.com\/wp-content\/uploads\/2019\/04\/image_1-1.jpg",132,132,false],"1536x1536":["https:\/\/pophaw.com\/wp-content\/uploads\/2019\/04\/image_1-1-1536x1536.jpg",1536,1536,true],"2048x2048":["https:\/\/pophaw.com\/wp-content\/uploads\/2019\/04\/image_1-1.jpg",1600,1600,false],"trp-custom-language-flag":["https:\/\/pophaw.com\/wp-content\/uploads\/2019\/04\/image_1-1.jpg",12,12,false],"woocommerce_thumbnail":["https:\/\/pophaw.com\/wp-content\/uploads\/2019\/04\/image_1-1-300x300.jpg",300,300,true],"woocommerce_single":["https:\/\/pophaw.com\/wp-content\/uploads\/2019\/04\/image_1-1-600x600.jpg",600,600,true],"woocommerce_gallery_thumbnail":["https:\/\/pophaw.com\/wp-content\/uploads\/2019\/04\/image_1-1-100x100.jpg",100,100,true]},"uagb_author_info":{"display_name":"Dr. Rowan","author_link":"https:\/\/pophaw.com\/fr\/author\/"},"uagb_comment_info":0,"uagb_excerpt":"100 Glucometer Strips, 100 Lancets, 1 Blood Sugar Monitor, 1 Lancing Device, Portable Diabetes Testing Kit for Home Use","_links":{"self":[{"href":"https:\/\/pophaw.com\/fr\/wp-json\/wp\/v2\/product\/809","targetHints":{"allow":["GET"]}}],"collection":[{"href":"https:\/\/pophaw.com\/fr\/wp-json\/wp\/v2\/product"}],"about":[{"href":"https:\/\/pophaw.com\/fr\/wp-json\/wp\/v2\/types\/product"}],"wp:featuredmedia":[{"embeddable":true,"href":"https:\/\/pophaw.com\/fr\/wp-json\/wp\/v2\/media\/7475"}],"wp:attachment":[{"href":"https:\/\/pophaw.com\/fr\/wp-json\/wp\/v2\/media?parent=809"}],"wp:term":[{"taxonomy":"product_brand","embeddable":true,"href":"https:\/\/pophaw.com\/fr\/wp-json\/wp\/v2\/product_brand?post=809"},{"taxonomy":"product_cat","embeddable":true,"href":"https:\/\/pophaw.com\/fr\/wp-json\/wp\/v2\/product_cat?post=809"},{"taxonomy":"product_tag","embeddable":true,"href":"https:\/\/pophaw.com\/fr\/wp-json\/wp\/v2\/product_tag?post=809"}],"curies":[{"name":"wp","href":"https:\/\/api.w.org\/{rel}","templated":true}]}}