{"id":8452,"date":"2024-12-15T00:37:04","date_gmt":"2024-12-15T08:37:04","guid":{"rendered":"https:\/\/pophaw.com\/?post_type=product&#038;p=8452"},"modified":"2025-02-06T21:34:30","modified_gmt":"2025-02-07T05:34:30","slug":"lampe-de-luminotherapie-heureuse-10000-lux-ronde","status":"publish","type":"product","link":"https:\/\/pophaw.com\/fr\/product\/lampe-de-luminotherapie-heureuse-10000-lux-ronde\/","title":{"rendered":"Happy - Lampe de luminoth\u00e9rapie 10000 LUX (ronde)"},"content":{"rendered":"<div id=\"featurebullets_feature_div\" class=\"celwidget\" data-feature-name=\"featurebullets\" data-csa-c-type=\"widget\" data-csa-c-content-id=\"featurebullets\" data-csa-c-slot-id=\"featurebullets_feature_div\" data-csa-c-asin=\"B09TPGPSMJ\" data-csa-c-is-in-initial-active-row=\"false\" data-csa-c-id=\"vapdmf-2ncl9n-40dvjk-ypn37v\" data-cel-widget=\"featurebullets_feature_div\">\n<div id=\"feature-bullets\" class=\"a-section a-spacing-medium a-spacing-top-small\">\n<p class=\"a-spacing-mini\"><span style=\"font-family: arial, helvetica, sans-serif; color: #000000;\">La lumi\u00e8re du soleil est un ingr\u00e9dient essentiel pour un mode de vie sain, et les lampes de luminoth\u00e9rapie imitent la lumi\u00e8re naturelle du soleil. Utilisez-les dans votre chambre, votre salle de bains, votre cuisine ou votre bureau, afin de vous sentir toujours au mieux de votre forme, o\u00f9 que vous soyez.<\/span><\/p>\n<ul class=\"a-unordered-list a-vertical a-spacing-mini\">\n<li class=\"a-spacing-mini\"><span class=\"a-list-item\" style=\"font-family: arial, helvetica, sans-serif; color: #000000;\">1. S\u00c9CURIT\u00c9 ET ABSENCE D'UV : Cette lampe de luminoth\u00e9rapie solaire lib\u00e8re une lumi\u00e8re solaire naturelle d'une intensit\u00e9 de 10000 LUX pour une th\u00e9rapie efficace, qui vous aide \u00e0 vous d\u00e9barrasser de la d\u00e9pression hivernale. La lampe n'\u00e9met pas de lumi\u00e8re UV et ne pollue pas par les radiations. La lumi\u00e8re douce n'ab\u00eeme pas les yeux.<\/span><\/li>\n<li class=\"a-spacing-mini\"><span class=\"a-list-item\" style=\"font-family: arial, helvetica, sans-serif; color: #000000;\">2. TEMP\u00c9RATURES DE COULEUR ET NIVEAUX DE LUMINOSIT\u00c9 R\u00c9GLABLES : Cette lampe solaire offre 3 temp\u00e9ratures de couleur : 2700K, 4000K et 6000K (lumi\u00e8re chaude, lumi\u00e8re naturelle, lumi\u00e8re du jour). Elle dispose \u00e9galement de 4 niveaux de luminosit\u00e9 pour un maximum de confort et de personnalisation. Vous pouvez la r\u00e9gler \u00e0 l'aide de la t\u00e9l\u00e9commande en fonction de vos besoins.<\/span><\/li>\n<li class=\"a-spacing-mini\"><span class=\"a-list-item\" style=\"font-family: arial, helvetica, sans-serif; color: #000000;\">3. T\u00c9L\u00c9COMMANDE ET MINUTERIE INT\u00c9GR\u00c9E : La distance de la t\u00e9l\u00e9commande de la lampe peut atteindre 15 m. Elle vous permet \u00e9galement de r\u00e9gler un intervalle de temps de 10 \u00e0 90 minutes. Touchez le bouton, et la lampe clignotera une fois pour indiquer que le r\u00e9glage a \u00e9t\u00e9 effectu\u00e9 avec succ\u00e8s. La lampe s'\u00e9teint apr\u00e8s la dur\u00e9e programm\u00e9e. Si vous touchez \u00e0 nouveau la touche, la lampe clignote deux fois pour indiquer que la minuterie a \u00e9t\u00e9 d\u00e9sactiv\u00e9e.<\/span><\/li>\n<li class=\"a-spacing-mini\"><span class=\"a-list-item\" style=\"font-family: arial, helvetica, sans-serif; color: #000000;\">4. DESIGN SLEEK &amp; MODERNE : Avec sa forme unique de soleil rond, cette lampe de luminoth\u00e9rapie n'est pas seulement une lampe de table qui donne de l'\u00e9nergie \u00e0 votre humeur, mais aussi une d\u00e9coration attrayante dans votre maison. Lorsque vous \u00eates de bonne humeur, elle peut devenir une \u0153uvre d'art \u00e9l\u00e9gante.<\/span><\/li>\n<li class=\"a-spacing-mini\"><span class=\"a-list-item\" style=\"font-family: arial, helvetica, sans-serif; color: #000000;\">5. CERTIFICATION PROFESSIONNELLE : La lampe de luminoth\u00e9rapie est \u00e9quip\u00e9e d'un port de charge USB qui permet de charger n'importe quel t\u00e9l\u00e9phone portable. Elle a pass\u00e9 la certification professionnelle UL. Si vous avez des questions, n'h\u00e9sitez pas \u00e0 nous contacter : Si vous perdez accidentellement la t\u00e9l\u00e9commande pendant l'utilisation, n'h\u00e9sitez pas \u00e0 nous contacter, et nous vous dirons o\u00f9 acheter une t\u00e9l\u00e9commande correspondante.<\/span><\/li>\n<\/ul>\n<\/div>\n<h2>Comment utiliser efficacement une lampe de luminoth\u00e9rapie ?<\/h2>\n<p>Commencez par placer la lampe \u00e0 une distance de 16 \u00e0 24 pouces de votre visage et veillez \u00e0 ce que la lumi\u00e8re soit l\u00e9g\u00e8rement orient\u00e9e vers le bas. Utilisez-la pendant 20 \u00e0 30 minutes chaque matin. Une utilisation r\u00e9guli\u00e8re permet de r\u00e9guler l'horloge interne de votre corps, ce qui am\u00e9liore le sommeil et l'humeur au fil du temps.<\/p>\n<\/div>\n<div id=\"provenanceCertifications_feature_div\" class=\"celwidget\" data-feature-name=\"provenanceCertifications\" data-csa-c-type=\"widget\" data-csa-c-content-id=\"provenanceCertifications\" data-csa-c-slot-id=\"provenanceCertifications_feature_div\" data-csa-c-asin=\"B09TPGPSMJ\" data-csa-c-is-in-initial-active-row=\"false\" data-csa-c-id=\"y6ou1c-kyn338-w7w13c-fe5gcx\" data-cel-widget=\"provenanceCertifications_feature_div\">\n<div id=\"provenance-certifications\" class=\"a-section a-spacing-medium a-spacing-top-micro\">\n<div style=\"width: 854px;\" class=\"wp-video\"><video class=\"wp-video-shortcode\" id=\"video-8452-1\" width=\"854\" height=\"480\" preload=\"metadata\" controls=\"controls\"><source type=\"video\/mp4\" src=\"https:\/\/pophaw.com\/wp-content\/uploads\/2024\/12\/video_1-1.mp4?_=1\" \/><a href=\"https:\/\/pophaw.com\/wp-content\/uploads\/2024\/12\/video_1-1.mp4\">https:\/\/pophaw.com\/wp-content\/uploads\/2024\/12\/video_1-1.mp4<\/a><\/video><\/div>\n<\/div>\n<\/div>\n<div class=\"faq-section\">\n<h2>Questions fr\u00e9quemment pos\u00e9es<\/h2>\n<div class=\"faq-item\">\n<h3>Qu'est-ce qu'une lampe de luminoth\u00e9rapie et quel est son r\u00f4le ?<\/h3>\n<p>Une lampe de luminoth\u00e9rapie simule la lumi\u00e8re naturelle du soleil avec une luminosit\u00e9 de 10 000 lux, contribuant \u00e0 soulager les troubles affectifs saisonniers (TAS), \u00e0 am\u00e9liorer l'humeur, \u00e0 stimuler les niveaux d'\u00e9nergie et \u00e0 r\u00e9guler les cycles de sommeil.<\/p>\n<\/div>\n<div class=\"faq-item\">\n<h3>Combien de temps dois-je utiliser la lampe de luminoth\u00e9rapie chaque jour ?<\/h3>\n<p>Il est recommand\u00e9 d'utiliser la lampe pendant 20 \u00e0 30 minutes chaque jour, id\u00e9alement le matin apr\u00e8s le r\u00e9veil, pour aider \u00e0 ajuster le rythme circadien et stimuler l'\u00e9nergie pendant la journ\u00e9e.<\/p>\n<\/div>\n<div class=\"faq-item\">\n<h3>Qui peut b\u00e9n\u00e9ficier le plus d'une lampe de luminoth\u00e9rapie ?<\/h3>\n<p>Cette lampe est id\u00e9ale pour les personnes souffrant de troubles affectifs saisonniers, celles qui vivent dans des environnements \u00e0 faible luminosit\u00e9 ou toute personne souhaitant am\u00e9liorer son humeur et la qualit\u00e9 de son sommeil.<\/p>\n<\/div>\n<div class=\"faq-item\">\n<h3>Quelles sont les pr\u00e9cautions \u00e0 prendre lors de l'utilisation de la lampe de luminoth\u00e9rapie ?<\/h3>\n<p>Placez la lampe \u00e0 un angle devant vous, \u00e9vitez de regarder directement la lumi\u00e8re et gardez une distance d'environ 12 pouces (30 cm) pour obtenir les meilleurs r\u00e9sultats.<\/p>\n<\/div>\n<div class=\"faq-item\">\n<h3>Quel est le meilleur endroit pour utiliser cette lampe de luminoth\u00e9rapie ?<\/h3>\n<p>Cette lampe compacte est parfaite pour une utilisation sur un bureau, dans votre salon ou dans votre chambre, offrant une exp\u00e9rience d'\u00e9clairage confortable et efficace.<\/p>\n<\/div>\n<div class=\"faq-item\">\n<h3>La lampe de luminoth\u00e9rapie peut-elle \u00eatre utilis\u00e9e en toute s\u00e9curit\u00e9 ?<\/h3>\n<p>Oui, cette lampe ne contient pas d'UV, ce qui garantit qu'elle est sans danger pour votre peau et vos yeux pendant son utilisation.<\/p>\n<\/div>\n<\/div>","protected":false},"excerpt":{"rendered":"<p><span style=\"font-family: arial, helvetica, sans-serif;\">La lumi\u00e8re du soleil est un ingr\u00e9dient essentiel pour un mode de vie sain, et les lampes de luminoth\u00e9rapie imitent la lumi\u00e8re naturelle du soleil.<\/span><\/p>","protected":false},"featured_media":8454,"template":"","meta":{"bwfblock_default_font":"","_uag_custom_page_level_css":"","site-sidebar-layout":"default","site-content-layout":"","ast-site-content-layout":"default","site-content-style":"default","site-sidebar-style":"default","ast-global-header-display":"","ast-banner-title-visibility":"","ast-main-header-display":"","ast-hfb-above-header-display":"","ast-hfb-below-header-display":"","ast-hfb-mobile-header-display":"","site-post-title":"","ast-breadcrumbs-content":"","ast-featured-img":"","footer-sml-layout":"","ast-disable-related-posts":"","theme-transparent-header-meta":"default","adv-header-id-meta":"","stick-header-meta":"default","header-above-stick-meta":"","header-main-stick-meta":"","header-below-stick-meta":"","astra-migrate-meta-layouts":"set","ast-page-background-enabled":"default","ast-page-background-meta":{"desktop":{"background-color":"","background-image":"","background-repeat":"repeat","background-position":"center center","background-size":"auto","background-attachment":"scroll","background-type":"","background-media":"","overlay-type":"","overlay-color":"","overlay-opacity":"","overlay-gradient":""},"tablet":{"background-color":"","background-image":"","background-repeat":"repeat","background-position":"center center","background-size":"auto","background-attachment":"scroll","background-type":"","background-media":"","overlay-type":"","overlay-color":"","overlay-opacity":"","overlay-gradient":""},"mobile":{"background-color":"","background-image":"","background-repeat":"repeat","background-position":"center center","background-size":"auto","background-attachment":"scroll","background-type":"","background-media":"","overlay-type":"","overlay-color":"","overlay-opacity":"","overlay-gradient":""}},"ast-content-background-meta":{"desktop":{"background-color":"var(--ast-global-color-5)","background-image":"","background-repeat":"repeat","background-position":"center center","background-size":"auto","background-attachment":"scroll","background-type":"","background-media":"","overlay-type":"","overlay-color":"","overlay-opacity":"","overlay-gradient":""},"tablet":{"background-color":"var(--ast-global-color-5)","background-image":"","background-repeat":"repeat","background-position":"center center","background-size":"auto","background-attachment":"scroll","background-type":"","background-media":"","overlay-type":"","overlay-color":"","overlay-opacity":"","overlay-gradient":""},"mobile":{"background-color":"var(--ast-global-color-5)","background-image":"","background-repeat":"repeat","background-position":"center center","background-size":"auto","background-attachment":"scroll","background-type":"","background-media":"","overlay-type":"","overlay-color":"","overlay-opacity":"","overlay-gradient":""}}},"product_brand":[73],"product_cat":[344,336,99,124,190],"product_tag":[],"class_list":{"0":"post-8452","1":"product","2":"type-product","3":"status-publish","4":"has-post-thumbnail","6":"product_brand-pophaw","7":"product_cat-pain-management","8":"product_cat-healthcare-products","9":"product_cat-home-medical-supplies","10":"product_cat-pain-management-therapy","11":"product_cat-wellness-monitoring","12":"desktop-align-center","13":"tablet-align-center","14":"mobile-align-center","15":"ast-product-gallery-layout-horizontal-slider","16":"ast-magnify-disabled","17":"ast-product-tabs-layout-horizontal","19":"first","20":"instock","21":"shipping-taxable","22":"purchasable","23":"product-type-simple"},"spectra_custom_meta":{"_edit_lock":["1738906582:1"],"_edit_last":["1"],"rank_math_seo_score":["95"],"rank_math_focus_keyword":["Light Therapy Lamp"],"insight_product_options":["s:1358:\"a:38:{s:27:\"single_product_layout_style\";s:0:\"\";s:11:\"site_layout\";s:0:\"\";s:10:\"site_width\";s:0:\"\";s:16:\"site_top_spacing\";s:0:\"\";s:19:\"site_bottom_spacing\";s:0:\"\";s:10:\"site_class\";s:0:\"\";s:21:\"site_background_color\";s:0:\"\";s:21:\"site_background_image\";s:0:\"\";s:22:\"site_background_repeat\";s:9:\"no-repeat\";s:26:\"site_background_attachment\";s:0:\"\";s:24:\"site_background_position\";s:0:\"\";s:20:\"site_background_size\";s:0:\"\";s:24:\"content_background_color\";s:0:\"\";s:24:\"content_background_image\";s:0:\"\";s:25:\"content_background_repeat\";s:9:\"no-repeat\";s:27:\"content_background_position\";s:0:\"\";s:12:\"top_bar_type\";s:0:\"\";s:11:\"header_type\";s:0:\"\";s:14:\"header_overlay\";s:0:\"\";s:11:\"header_skin\";s:0:\"\";s:12:\"menu_display\";s:0:\"\";s:13:\"menu_one_page\";s:1:\"0\";s:16:\"custom_dark_logo\";s:0:\"\";s:17:\"custom_light_logo\";s:0:\"\";s:17:\"custom_logo_width\";s:0:\"\";s:24:\"custom_sticky_logo_width\";s:0:\"\";s:21:\"page_title_bar_layout\";s:0:\"\";s:29:\"page_title_bar_bottom_spacing\";s:0:\"\";s:31:\"page_title_bar_background_color\";s:0:\"\";s:25:\"page_title_bar_background\";s:0:\"\";s:33:\"page_title_bar_background_overlay\";s:0:\"\";s:29:\"page_title_bar_custom_heading\";s:0:\"\";s:14:\"page_sidebar_1\";s:7:\"default\";s:14:\"page_sidebar_2\";s:7:\"default\";s:21:\"page_sidebar_position\";s:7:\"default\";s:17:\"revolution_slider\";s:0:\"\";s:15:\"slider_position\";s:5:\"below\";s:13:\"footer_enable\";s:0:\"\";}\";"],"_sku":["PH11335002"],"_regular_price":["44.99"],"total_sales":["0"],"_tax_status":["taxable"],"_tax_class":[""],"_manage_stock":["no"],"_backorders":["no"],"_sold_individually":["no"],"_virtual":["no"],"_downloadable":["no"],"_download_limit":["-1"],"_download_expiry":["-1"],"_stock":[null],"_stock_status":["instock"],"_wc_average_rating":["4.67"],"_wc_review_count":["4"],"_product_version":["9.6.1"],"_price":["44.99"],"rank_math_primary_product_brand":["73"],"rank_math_primary_product_cat":["344"],"rank_math_analytic_object_id":["136"],"_woopq_quantity":["default"],"_purchase_limit":["5"],"_thumbnail_id":["8454"],"_product_image_gallery":["8455,8456,8457,8458,8459,8460"],"rank_math_description":["Sunlight is an essential ingredient for a healthy lifestyle, and light therapy lamps imitate natural sunlight."],"_wc_gla_synced_at":["1774926044"],"_wc_gla_sync_status":["synced"],"_wc_gla_visibility":["sync-and-show"],"_wc_gla_google_ids":["a:1:{s:2:\"US\";s:21:\"online:en:US:gla_8452\";}"],"fb_product_item_id":["9163379190389966"],"_admin_notes":[""],"_custom_product_field":[""],"_global_unique_id":["10888621914039"],"_wc_facebook_sync_enabled":["yes"],"fb_visibility":["yes"],"fb_product_description":[""],"_wc_facebook_product_image_source":["product"],"_wc_facebook_commerce_enabled":["no"],"rank_math_primary_fb_product_set":["0"],"site-sidebar-layout":["default"],"ast-site-content-layout":["default"],"site-content-style":["default"],"site-sidebar-style":["default"],"theme-transparent-header-meta":["default"],"stick-header-meta":["default"],"classic-editor-remember":["classic-editor"],"_wc_rating_count":["a:2:{i:4;i:1;i:5;i:2;}"],"_ppcp_button_position":["bottom"],"rank_math_schema_WooCommerceProduct":["a:2:{s:5:\"@type\";s:18:\"WooCommerceProduct\";s:8:\"metadata\";a:3:{s:5:\"title\";s:19:\"WooCommerce Product\";s:4:\"type\";s:8:\"template\";s:9:\"isPrimary\";s:1:\"1\";}}"],"rank_math_schema_VideoObject":["a:12:{s:5:\"@type\";s:11:\"VideoObject\";s:8:\"metadata\";a:8:{s:5:\"title\";s:5:\"Video\";s:4:\"type\";s:8:\"template\";s:9:\"shortcode\";s:15:\"s-6791eff25f91a\";s:9:\"isPrimary\";s:1:\"1\";s:23:\"reviewLocationShortcode\";s:24:\"[rank_math_rich_snippet]\";s:8:\"category\";s:12:\"%categories%\";s:4:\"tags\";s:6:\"%tags%\";s:15:\"isAutoGenerated\";s:1:\"1\";}s:4:\"name\";s:11:\"%seo_title%\";s:11:\"description\";s:17:\"%seo_description%\";s:10:\"uploadDate\";s:20:\"%date(Y-m-dTH:i:sP)%\";s:12:\"thumbnailUrl\";s:16:\"%post_thumbnail%\";s:8:\"embedUrl\";s:0:\"\";s:10:\"contentUrl\";s:59:\"https:\/\/pophaw.com\/wp-content\/uploads\/2024\/12\/video_1-1.mp4\";s:8:\"duration\";s:0:\"\";s:5:\"width\";s:3:\"854\";s:6:\"height\";s:3:\"480\";s:16:\"isFamilyFriendly\";s:1:\"1\";}"],"rank_math_shortcode_schema_s-6791eff25f91a":["77200"],"rank_math_rich_snippet":["off"],"wpil_sync_report3":["1"],"wpil_links_inbound_internal_count":["0"],"wpil_links_inbound_internal_count_data":["eJxLtDKwqq4FAAZPAf4="],"wpil_links_outbound_internal_count":["1"],"wpil_links_outbound_internal_count_data":["eJytkM1uwyAQhN+FewI4Tn82r5A2xx4RARSjYBbxE7eK8u6F2GrTe2+7o08zuyOBw9UC2x2Ab4F8BOvEG2rjxN76MwG+gWuCZyCursJqsmtwgg2QEh2p0\/YVyJBzSEBpwDDIaa1wpFNYKfTZ+ExLcCh1oh3reso7erHaoOArvh5D3yz66oApt5EzIL8uTXkBYqtP9LLGHYHPfLjz73V5AiK9GjD+0zGtBqm10eL4JYIrJ+tbLptPcahktugbWVtZXNvWsaWkabApmChUNDKbn8Y4r48kIUvGhj3KOUp1tv700G+TR9TFGfGH7paQe\/BnnvXb7RvdppNh"],"wpil_links_outbound_external_count":["0"],"wpil_links_outbound_external_count_data":["eJxLtDKwqq4FAAZPAf4="],"wpil_sync_report2_time":["2025-01-27T07:29:11+00:00"],"_fz_country_restriction_type":["all"],"_restricted_countries":["a:0:{}"],"astra-migrate-meta-layouts":["set"],"omnisend_last_sync":["2025-05-16T11:05:10+00:00"],"surerank_settings_general":["a:7:{s:9:\"separator\";s:1:\"-\";s:10:\"page_title\";s:21:\"%title% - %site_name%\";s:25:\"auto_generate_description\";b:1;s:16:\"page_description\";s:110:\"Sunlight is an essential ingredient for a healthy lifestyle, and light therapy lamps imitate natural sunlight.\";s:16:\"auto_description\";s:156:\"Sunlight is an essential ingredient for a healthy lifestyle, and light therapy lamps imitate natural sunlight. Use it in your bedroom, bathroom, kitchen, or\";s:14:\"fallback_image\";s:0:\"\";s:13:\"canonical_url\";s:68:\"https:\/\/pophaw.com\/product\/happy-light-therapy-lamp-10000-lux-round\/\";}"],"surerank_settings_post_no_index":["no"],"surerank_settings_post_no_follow":["no"],"surerank_settings_post_no_archive":["no"],"surerank_settings_social":["a:23:{s:15:\"open_graph_tags\";b:1;s:18:\"facebook_meta_tags\";b:1;s:17:\"twitter_meta_tags\";b:1;s:16:\"oembeded_scripts\";b:1;s:17:\"oembeded_og_title\";b:1;s:22:\"oembeded_social_images\";b:1;s:27:\"oembeded_remove_author_name\";b:1;s:17:\"facebook_page_url\";s:54:\"https:\/\/www.facebook.com\/profile.php?id=61571207938497\";s:24:\"facebook_author_fallback\";s:0:\"\";s:17:\"twitter_card_type\";s:19:\"summary_large_image\";s:24:\"twitter_same_as_facebook\";b:1;s:24:\"twitter_profile_username\";s:0:\"\";s:24:\"twitter_profile_fallback\";s:0:\"\";s:14:\"facebook_title\";s:21:\"%title% - %site_name%\";s:20:\"facebook_description\";s:9:\"%content%\";s:18:\"facebook_image_url\";s:58:\"https:\/\/pophaw.com\/wp-content\/uploads\/2024\/12\/image_1.webp\";s:17:\"facebook_image_id\";i:8454;s:20:\"facebook_image_width\";i:1600;s:21:\"facebook_image_height\";i:1600;s:13:\"twitter_title\";s:21:\"%title% - %site_name%\";s:19:\"twitter_description\";s:9:\"%content%\";s:17:\"twitter_image_url\";s:58:\"https:\/\/pophaw.com\/wp-content\/uploads\/2024\/12\/image_1.webp\";s:16:\"twitter_image_id\";i:8454;}"],"surerank_migration":["1"],"astra_style_timestamp_css":["1776926638"],"wwpp_product_wholesale_visibility_filter":["all"],"_uag_css_file_name":["uag-css-8452.css"],"rank_math_internal_links_processed":["1"],"_uag_page_assets":["a:9:{s:3:\"css\";s:0:\"\";s:2:\"js\";s:0:\"\";s:18:\"current_block_list\";a:15:{i:0;s:23:\"surecart\/slide-out-cart\";i:1;s:30:\"surecart\/slide-out-cart-header\";i:2;s:29:\"surecart\/slide-out-cart-items\";i:3;s:30:\"surecart\/slide-out-cart-coupon\";i:4;s:32:\"surecart\/slide-out-cart-subtotal\";i:5;s:38:\"surecart\/slide-out-cart-bump-line-item\";i:6;s:30:\"surecart\/slide-out-cart-submit\";i:7;s:11:\"core\/search\";i:8;s:10:\"core\/group\";i:9;s:12:\"core\/heading\";i:10;s:17:\"core\/latest-posts\";i:11;s:20:\"core\/latest-comments\";i:12;s:13:\"core\/archives\";i:13;s:15:\"core\/categories\";i:14;s:14:\"core\/shortcode\";}s:8:\"uag_flag\";b:0;s:11:\"uag_version\";s:10:\"1776869369\";s:6:\"gfonts\";a:0:{}s:10:\"gfonts_url\";s:0:\"\";s:12:\"gfonts_files\";a:0:{}s:14:\"uag_faq_layout\";b:0;}"],"_wc_gla_mc_status":["approved"]},"uagb_featured_image_src":{"full":["https:\/\/pophaw.com\/wp-content\/uploads\/2024\/12\/image_1.webp",1600,1600,false],"thumbnail":["https:\/\/pophaw.com\/wp-content\/uploads\/2024\/12\/image_1-150x150.webp",150,150,true],"medium":["https:\/\/pophaw.com\/wp-content\/uploads\/2024\/12\/image_1-300x300.webp",300,300,true],"medium_large":["https:\/\/pophaw.com\/wp-content\/uploads\/2024\/12\/image_1-768x768.webp",768,768,true],"large":["https:\/\/pophaw.com\/wp-content\/uploads\/2024\/12\/image_1-1024x1024.webp",1024,1024,true],"ryviu-small":["https:\/\/pophaw.com\/wp-content\/uploads\/2024\/12\/image_1.webp",40,40,false],"ryviu-medium":["https:\/\/pophaw.com\/wp-content\/uploads\/2024\/12\/image_1.webp",132,132,false],"1536x1536":["https:\/\/pophaw.com\/wp-content\/uploads\/2024\/12\/image_1-1536x1536.webp",1536,1536,true],"2048x2048":["https:\/\/pophaw.com\/wp-content\/uploads\/2024\/12\/image_1.webp",1600,1600,false],"trp-custom-language-flag":["https:\/\/pophaw.com\/wp-content\/uploads\/2024\/12\/image_1.webp",12,12,false],"woocommerce_thumbnail":["https:\/\/pophaw.com\/wp-content\/uploads\/2024\/12\/image_1-300x300.webp",300,300,true],"woocommerce_single":["https:\/\/pophaw.com\/wp-content\/uploads\/2024\/12\/image_1-600x600.webp",600,600,true],"woocommerce_gallery_thumbnail":["https:\/\/pophaw.com\/wp-content\/uploads\/2024\/12\/image_1-100x100.webp",100,100,true]},"uagb_author_info":{"display_name":"Dr. Rowan","author_link":"https:\/\/pophaw.com\/fr\/author\/"},"uagb_comment_info":4,"uagb_excerpt":"Sunlight is an essential ingredient for a healthy lifestyle, and light therapy lamps imitate natural sunlight.","_links":{"self":[{"href":"https:\/\/pophaw.com\/fr\/wp-json\/wp\/v2\/product\/8452","targetHints":{"allow":["GET"]}}],"collection":[{"href":"https:\/\/pophaw.com\/fr\/wp-json\/wp\/v2\/product"}],"about":[{"href":"https:\/\/pophaw.com\/fr\/wp-json\/wp\/v2\/types\/product"}],"wp:featuredmedia":[{"embeddable":true,"href":"https:\/\/pophaw.com\/fr\/wp-json\/wp\/v2\/media\/8454"}],"wp:attachment":[{"href":"https:\/\/pophaw.com\/fr\/wp-json\/wp\/v2\/media?parent=8452"}],"wp:term":[{"taxonomy":"product_brand","embeddable":true,"href":"https:\/\/pophaw.com\/fr\/wp-json\/wp\/v2\/product_brand?post=8452"},{"taxonomy":"product_cat","embeddable":true,"href":"https:\/\/pophaw.com\/fr\/wp-json\/wp\/v2\/product_cat?post=8452"},{"taxonomy":"product_tag","embeddable":true,"href":"https:\/\/pophaw.com\/fr\/wp-json\/wp\/v2\/product_tag?post=8452"}],"curies":[{"name":"wp","href":"https:\/\/api.w.org\/{rel}","templated":true}]}}