{"id":8472,"date":"2024-12-15T01:59:38","date_gmt":"2024-12-15T09:59:38","guid":{"rendered":"https:\/\/pophaw.com\/?post_type=product&#038;p=8472"},"modified":"2025-01-25T23:17:55","modified_gmt":"2025-01-26T07:17:55","slug":"examen-de-la-peau-lampe-en-bois-pour-animaux-de-compagnie","status":"publish","type":"product","link":"https:\/\/pophaw.com\/fr\/product\/examen-de-la-peau-lampe-en-bois-pour-animaux-de-compagnie\/","title":{"rendered":"Examen de la peau Lampe en bois pour animaux de compagnie"},"content":{"rendered":"<div><span style=\"font-family: arial, helvetica, sans-serif; color: #000000;\">L'examen \u00e0 la lampe \u00e0 bois pour animaux de compagnie est une proc\u00e9dure qui utilise la transillumination (lumi\u00e8re) pour d\u00e9tecter les infections cutan\u00e9es bact\u00e9riennes ou fongiques. Il permet \u00e9galement de d\u00e9tecter les troubles de la pigmentation de la peau tels que le vitiligo et d'autres irr\u00e9gularit\u00e9s cutan\u00e9es.\u00a0<\/span><\/div>\n<div><span style=\"font-family: arial, helvetica, sans-serif; color: #000000;\">Cette proc\u00e9dure peut \u00e9galement \u00eatre utilis\u00e9e pour d\u00e9terminer si vous avez une abrasion corn\u00e9enne (\u00e9raflure) \u00e0 la surface de votre \u0153il. Ce test est \u00e9galement connu sous le nom de test \u00e0 la lumi\u00e8re noire ou test \u00e0 la lumi\u00e8re ultraviolette.<\/span><\/div>\n<div><\/div>\n<div><span style=\"font-size: 14pt; font-family: arial, helvetica, sans-serif; color: #000000;\"><strong>Comment cela fonctionne-t-il ?<\/strong><\/span><\/div>\n<div><span style=\"font-family: arial, helvetica, sans-serif; color: #000000;\">La lampe \u00e0 bois APet est un petit appareil portatif qui utilise une lumi\u00e8re noire pour \u00e9clairer des zones de votre peau. La lumi\u00e8re est maintenue au-dessus d'une zone de la peau dans une pi\u00e8ce sombre. La pr\u00e9sence de certaines bact\u00e9ries ou de certains champignons, ou encore des changements dans la pigmentation de votre peau, entra\u00eeneront un changement de couleur de la zone affect\u00e9e sous l'effet de la lumi\u00e8re.<\/span><\/div>\n<div><\/div>\n<div>\n<div><span style=\"font-family: arial, helvetica, sans-serif; color: #000000;\"><strong><span style=\"font-size: 14pt;\">Application\uff1a<\/span><\/strong><\/span><\/div>\n<div><span style=\"font-family: arial, helvetica, sans-serif; color: #000000;\">La lampe \u00e0 bois pour animaux de compagnie est s\u00fbre et n'endommage pas la peau et ne provoque pas de coups de soleil. L'examen est g\u00e9n\u00e9ralement tr\u00e8s bref et ne risque pas d'\u00eatre nocif, m\u00eame pour les personnes sensibles \u00e0 la lumi\u00e8re. Il est recommand\u00e9 aux patients de fermer les yeux pendant l'exposition \u00e0 la lampe de Wood. Le r\u00e9sultat est positif lorsqu'il y a un trouble pigmentaire \u00e9vident ou que la fluorescence est not\u00e9e.\u00a0<\/span><\/div>\n<div><\/div>\n<div><span style=\"font-family: arial, helvetica, sans-serif; color: #000000;\">La lampe \u00e0 bois pour animaux de compagnie est souvent utilis\u00e9e pour diagnostiquer les affections cutan\u00e9es suivantes :\u00a0<\/span><\/div>\n<div><span style=\"font-family: arial, helvetica, sans-serif; color: #000000;\">\u25cf Troubles de la pigmentation comme le m\u00e9lasma, le vitiligo.\u00a0<\/span><\/div>\n<div><span style=\"font-family: arial, helvetica, sans-serif; color: #000000;\">\u25cf Le pityriasis versicolor, qui se pr\u00e9sente sous la forme d'une \u00e9ruption cutan\u00e9e sur la poitrine ou le dos ; l'\u00e9ruption \u00e9met une lueur orang\u00e9e.\u00a0<\/span><\/div>\n<div><span style=\"font-family: arial, helvetica, sans-serif; color: #000000;\">\u25cf Tinea capitis r\u00e9v\u00e9lera des zones de calvitie, et l'esp\u00e8ce Microsporum sera fluorescente en bleu-vert ; cependant, de nombreuses autres infections fongiques peuvent ne pas \u00eatre fluorescentes avec la lampe \u00e0 bois pour animaux de compagnie.<\/span><\/div>\n<div><span style=\"font-family: arial, helvetica, sans-serif; color: #000000;\">\u25cf La gale et les poux<\/span><\/div>\n<div><span style=\"font-family: arial, helvetica, sans-serif; color: #000000;\">\u25cf L'\u00e9rythrasma caus\u00e9 par Corynebacterium, qui se pr\u00e9sente sous la forme d'une \u00e9ruption pigment\u00e9e dans les plis cutan\u00e9s.\u00a0<\/span><\/div>\n<div><span style=\"font-family: arial, helvetica, sans-serif; color: #000000;\">\u25cf Pseudomonas qui devient vert fluorescent<\/span><\/div>\n<div><\/div>\n<div><span style=\"font-family: arial, helvetica, sans-serif; color: #000000;\">Les lampes \u00e0 bois de compagnie sont utilis\u00e9es dans un large \u00e9ventail d'applications ; elles sont \u00e9galement utilis\u00e9es pour rechercher des signes de porphyrie dans les \u00e9rythrocytes, les selles et l'urine. Les esth\u00e9ticiennes peuvent parfois \u00e9valuer les imperfections de la peau et les signes de vieillissement \u00e0 l'aide d'une lampe de Wood. Lorsqu'une lampe \u00e0 fente n'est pas disponible, l'ophtalmologiste peut utiliser la lampe de Wood pour rechercher des \u00e9raflures et des corps \u00e9trangers dans la corn\u00e9e.<\/span><\/div>\n<div><\/div>\n<\/div>\n<div>\n<div><span style=\"font-size: 14pt; font-family: arial, helvetica, sans-serif; color: #000000;\"><strong>Mode d'emploi :<\/strong><\/span><\/div>\n<div><span style=\"font-family: arial, helvetica, sans-serif; color: #000000;\">Une lampe en bois pour animaux de compagnie doit \u00eatre utilis\u00e9e dans une pi\u00e8ce sombre !<\/span><\/div>\n<div><span style=\"font-family: arial, helvetica, sans-serif; color: #000000;\">1. Nettoyer les l\u00e9sions cutan\u00e9es ;\u00a0<\/span><\/div>\n<div><span style=\"font-family: arial, helvetica, sans-serif; color: #000000;\">2. Allumer l'appareil et le laisser chauffer pendant 1 minute. Observer la l\u00e9sion une fois que la source lumineuse est stable.\u00a0<\/span><\/div>\n<div><span style=\"font-family: arial, helvetica, sans-serif; color: #000000;\">3. Tenir la lampe \u00e0 bois de fa\u00e7on \u00e0 ce que la lumi\u00e8re soit dirig\u00e9e vers la zone de la l\u00e9sion \u00e0 examiner.\u00a0<\/span><\/div>\n<div><span style=\"font-family: arial, helvetica, sans-serif; color: #000000;\">4. Placer l'appareil \u00e0 environ 10 cm de la peau et ajuster l\u00e9g\u00e8rement l'appareil de haut en bas jusqu'\u00e0 obtenir une observation claire.\u00a0<\/span><\/div>\n<div><span style=\"font-family: arial, helvetica, sans-serif; color: #000000;\">5. Regardez \u00e0 travers l'objectif en pla\u00e7ant vos yeux \u00e0 environ 25~50 mm au-dessus de l'appareil.\u00a0<\/span><\/div>\n<div><span style=\"font-family: arial, helvetica, sans-serif; color: #000000;\">6. Appuyez sur le bouton d'alimentation pour \u00e9teindre l'appareil !<\/span><\/div>\n<\/div>","protected":false},"excerpt":{"rendered":"<p>L'examen \u00e0 la lampe \u00e0 bois pour animaux de compagnie est une proc\u00e9dure qui utilise la transillumination (lumi\u00e8re) pour d\u00e9tecter les infections cutan\u00e9es bact\u00e9riennes ou fongiques.<\/p>","protected":false},"featured_media":8473,"template":"","meta":{"bwfblock_default_font":"","_uag_custom_page_level_css":"","site-sidebar-layout":"default","site-content-layout":"","ast-site-content-layout":"default","site-content-style":"default","site-sidebar-style":"default","ast-global-header-display":"","ast-banner-title-visibility":"","ast-main-header-display":"","ast-hfb-above-header-display":"","ast-hfb-below-header-display":"","ast-hfb-mobile-header-display":"","site-post-title":"","ast-breadcrumbs-content":"","ast-featured-img":"","footer-sml-layout":"","ast-disable-related-posts":"","theme-transparent-header-meta":"default","adv-header-id-meta":"","stick-header-meta":"default","header-above-stick-meta":"","header-main-stick-meta":"","header-below-stick-meta":"","astra-migrate-meta-layouts":"set","ast-page-background-enabled":"default","ast-page-background-meta":{"desktop":{"background-color":"","background-image":"","background-repeat":"repeat","background-position":"center center","background-size":"auto","background-attachment":"scroll","background-type":"","background-media":"","overlay-type":"","overlay-color":"","overlay-opacity":"","overlay-gradient":""},"tablet":{"background-color":"","background-image":"","background-repeat":"repeat","background-position":"center center","background-size":"auto","background-attachment":"scroll","background-type":"","background-media":"","overlay-type":"","overlay-color":"","overlay-opacity":"","overlay-gradient":""},"mobile":{"background-color":"","background-image":"","background-repeat":"repeat","background-position":"center center","background-size":"auto","background-attachment":"scroll","background-type":"","background-media":"","overlay-type":"","overlay-color":"","overlay-opacity":"","overlay-gradient":""}},"ast-content-background-meta":{"desktop":{"background-color":"var(--ast-global-color-5)","background-image":"","background-repeat":"repeat","background-position":"center center","background-size":"auto","background-attachment":"scroll","background-type":"","background-media":"","overlay-type":"","overlay-color":"","overlay-opacity":"","overlay-gradient":""},"tablet":{"background-color":"var(--ast-global-color-5)","background-image":"","background-repeat":"repeat","background-position":"center center","background-size":"auto","background-attachment":"scroll","background-type":"","background-media":"","overlay-type":"","overlay-color":"","overlay-opacity":"","overlay-gradient":""},"mobile":{"background-color":"var(--ast-global-color-5)","background-image":"","background-repeat":"repeat","background-position":"center center","background-size":"auto","background-attachment":"scroll","background-type":"","background-media":"","overlay-type":"","overlay-color":"","overlay-opacity":"","overlay-gradient":""}}},"product_brand":[73],"product_cat":[345,336,189,99],"product_tag":[],"class_list":{"0":"post-8472","1":"product","2":"type-product","3":"status-publish","4":"has-post-thumbnail","6":"product_brand-pophaw","7":"product_cat-veterinary","8":"product_cat-healthcare-products","9":"product_cat-home-diagnostics","10":"product_cat-home-medical-supplies","11":"desktop-align-center","12":"tablet-align-center","13":"mobile-align-center","14":"ast-product-gallery-layout-horizontal-slider","15":"ast-magnify-disabled","16":"ast-product-tabs-layout-horizontal","18":"first","19":"instock","20":"shipping-taxable","21":"purchasable","22":"product-type-simple"},"spectra_custom_meta":{"_edit_lock":["1737875877:1"],"_edit_last":["1"],"rank_math_seo_score":["93"],"rank_math_focus_keyword":["Pet Wood Lamp"],"_thumbnail_id":["8473"],"insight_product_options":["s:1358:\"a:38:{s:27:\"single_product_layout_style\";s:0:\"\";s:11:\"site_layout\";s:0:\"\";s:10:\"site_width\";s:0:\"\";s:16:\"site_top_spacing\";s:0:\"\";s:19:\"site_bottom_spacing\";s:0:\"\";s:10:\"site_class\";s:0:\"\";s:21:\"site_background_color\";s:0:\"\";s:21:\"site_background_image\";s:0:\"\";s:22:\"site_background_repeat\";s:9:\"no-repeat\";s:26:\"site_background_attachment\";s:0:\"\";s:24:\"site_background_position\";s:0:\"\";s:20:\"site_background_size\";s:0:\"\";s:24:\"content_background_color\";s:0:\"\";s:24:\"content_background_image\";s:0:\"\";s:25:\"content_background_repeat\";s:9:\"no-repeat\";s:27:\"content_background_position\";s:0:\"\";s:12:\"top_bar_type\";s:0:\"\";s:11:\"header_type\";s:0:\"\";s:14:\"header_overlay\";s:0:\"\";s:11:\"header_skin\";s:0:\"\";s:12:\"menu_display\";s:0:\"\";s:13:\"menu_one_page\";s:1:\"0\";s:16:\"custom_dark_logo\";s:0:\"\";s:17:\"custom_light_logo\";s:0:\"\";s:17:\"custom_logo_width\";s:0:\"\";s:24:\"custom_sticky_logo_width\";s:0:\"\";s:21:\"page_title_bar_layout\";s:0:\"\";s:29:\"page_title_bar_bottom_spacing\";s:0:\"\";s:31:\"page_title_bar_background_color\";s:0:\"\";s:25:\"page_title_bar_background\";s:0:\"\";s:33:\"page_title_bar_background_overlay\";s:0:\"\";s:29:\"page_title_bar_custom_heading\";s:0:\"\";s:14:\"page_sidebar_1\";s:7:\"default\";s:14:\"page_sidebar_2\";s:7:\"default\";s:21:\"page_sidebar_position\";s:7:\"default\";s:17:\"revolution_slider\";s:0:\"\";s:15:\"slider_position\";s:5:\"below\";s:13:\"footer_enable\";s:0:\"\";}\";"],"_sku":["PH11335004"],"_regular_price":["39.99"],"total_sales":["0"],"_tax_status":["taxable"],"_tax_class":[""],"_manage_stock":["no"],"_backorders":["no"],"_sold_individually":["no"],"_virtual":["no"],"_downloadable":["no"],"_download_limit":["-1"],"_download_expiry":["-1"],"_stock":[null],"_stock_status":["instock"],"_wc_average_rating":["0"],"_wc_review_count":["0"],"_product_version":["9.6.0"],"_price":["39.99"],"_product_image_gallery":["8474,8475,8476,8477,8478,8479,8480"],"rank_math_primary_product_brand":["73"],"rank_math_primary_product_cat":["345"],"rank_math_analytic_object_id":["138"],"_wc_gla_synced_at":["1776049266"],"_wc_gla_sync_status":["synced"],"_wc_gla_visibility":["sync-and-show"],"_wc_gla_google_ids":["a:1:{s:2:\"US\";s:21:\"online:en:US:gla_8472\";}"],"fb_product_item_id":["28057135783932139"],"_admin_notes":[""],"_custom_product_field":[""],"_global_unique_id":["10888621914053"],"_wc_facebook_sync_enabled":["yes"],"fb_visibility":["yes"],"fb_product_description":[""],"_wc_facebook_product_image_source":["product"],"_wc_facebook_commerce_enabled":["no"],"rank_math_primary_fb_product_set":["0"],"site-sidebar-layout":["default"],"ast-site-content-layout":["default"],"site-content-style":["default"],"site-sidebar-style":["default"],"theme-transparent-header-meta":["default"],"astra-migrate-meta-layouts":["set"],"stick-header-meta":["default"],"wp_statistics_words_count":["444"],"wpil_sync_report3":["1"],"wpil_links_inbound_internal_count":["0"],"wpil_links_inbound_internal_count_data":["eJxLtDKwqq4FAAZPAf4="],"wpil_links_outbound_internal_count":["0"],"wpil_links_outbound_internal_count_data":["eJxLtDKwqq4FAAZPAf4="],"wpil_links_outbound_external_count":["0"],"wpil_links_outbound_external_count_data":["eJxLtDKwqq4FAAZPAf4="],"wpil_sync_report2_time":["2025-01-27T07:29:11+00:00"],"omnisend_last_sync":["2025-05-16T11:05:10+00:00"],"surerank_settings_general":["a:7:{s:9:\"separator\";s:1:\"-\";s:10:\"page_title\";s:21:\"%title% - %site_name%\";s:25:\"auto_generate_description\";b:1;s:16:\"page_description\";s:9:\"%excerpt%\";s:16:\"auto_description\";s:157:\"A Pet Wood Lamp examination is a procedure that uses transillumination (light) to detect bacterial or fungal skin infections. It also can detect skin pigment\";s:14:\"fallback_image\";s:0:\"\";s:13:\"canonical_url\";s:58:\"https:\/\/pophaw.com\/product\/skin-examination-pet-wood-lamp\/\";}"],"surerank_settings_post_no_index":["no"],"surerank_settings_post_no_follow":["no"],"surerank_settings_post_no_archive":["no"],"surerank_settings_social":["a:23:{s:15:\"open_graph_tags\";b:1;s:18:\"facebook_meta_tags\";b:1;s:17:\"twitter_meta_tags\";b:1;s:16:\"oembeded_scripts\";b:1;s:17:\"oembeded_og_title\";b:1;s:22:\"oembeded_social_images\";b:1;s:27:\"oembeded_remove_author_name\";b:1;s:17:\"facebook_page_url\";s:54:\"https:\/\/www.facebook.com\/profile.php?id=61571207938497\";s:24:\"facebook_author_fallback\";s:0:\"\";s:17:\"twitter_card_type\";s:19:\"summary_large_image\";s:24:\"twitter_same_as_facebook\";b:1;s:24:\"twitter_profile_username\";s:0:\"\";s:24:\"twitter_profile_fallback\";s:0:\"\";s:14:\"facebook_title\";s:21:\"%title% - %site_name%\";s:20:\"facebook_description\";s:9:\"%content%\";s:18:\"facebook_image_url\";s:60:\"https:\/\/pophaw.com\/wp-content\/uploads\/2024\/12\/image_1-2.webp\";s:17:\"facebook_image_id\";i:8473;s:20:\"facebook_image_width\";i:828;s:21:\"facebook_image_height\";i:808;s:13:\"twitter_title\";s:21:\"%title% - %site_name%\";s:19:\"twitter_description\";s:9:\"%content%\";s:17:\"twitter_image_url\";s:60:\"https:\/\/pophaw.com\/wp-content\/uploads\/2024\/12\/image_1-2.webp\";s:16:\"twitter_image_id\";i:8473;}"],"surerank_migration":["1"],"astra_style_timestamp_css":["1777348434"],"wwpp_product_wholesale_visibility_filter":["all"],"_uag_css_file_name":["uag-css-8472.css"],"rank_math_internal_links_processed":["1"],"_wc_gla_mc_status":["approved"],"_uag_page_assets":["a:9:{s:3:\"css\";s:260:\".uag-blocks-common-selector{z-index:var(--z-index-desktop) !important}@media(max-width: 976px){.uag-blocks-common-selector{z-index:var(--z-index-tablet) !important}}@media(max-width: 767px){.uag-blocks-common-selector{z-index:var(--z-index-mobile) !important}}\";s:2:\"js\";s:0:\"\";s:18:\"current_block_list\";a:15:{i:0;s:23:\"surecart\/slide-out-cart\";i:1;s:30:\"surecart\/slide-out-cart-header\";i:2;s:29:\"surecart\/slide-out-cart-items\";i:3;s:30:\"surecart\/slide-out-cart-coupon\";i:4;s:32:\"surecart\/slide-out-cart-subtotal\";i:5;s:38:\"surecart\/slide-out-cart-bump-line-item\";i:6;s:30:\"surecart\/slide-out-cart-submit\";i:7;s:11:\"core\/search\";i:8;s:10:\"core\/group\";i:9;s:12:\"core\/heading\";i:10;s:17:\"core\/latest-posts\";i:11;s:20:\"core\/latest-comments\";i:12;s:13:\"core\/archives\";i:13;s:15:\"core\/categories\";i:14;s:14:\"core\/shortcode\";}s:8:\"uag_flag\";b:0;s:11:\"uag_version\";s:10:\"1777339036\";s:6:\"gfonts\";a:0:{}s:10:\"gfonts_url\";s:0:\"\";s:12:\"gfonts_files\";a:0:{}s:14:\"uag_faq_layout\";b:0;}"]},"uagb_featured_image_src":{"full":["https:\/\/pophaw.com\/wp-content\/uploads\/2024\/12\/image_1-2.webp",828,808,false],"thumbnail":["https:\/\/pophaw.com\/wp-content\/uploads\/2024\/12\/image_1-2-150x150.webp",150,150,true],"medium":["https:\/\/pophaw.com\/wp-content\/uploads\/2024\/12\/image_1-2-300x293.webp",300,293,true],"medium_large":["https:\/\/pophaw.com\/wp-content\/uploads\/2024\/12\/image_1-2-768x749.webp",768,749,true],"large":["https:\/\/pophaw.com\/wp-content\/uploads\/2024\/12\/image_1-2.webp",828,808,false],"ryviu-small":["https:\/\/pophaw.com\/wp-content\/uploads\/2024\/12\/image_1-2.webp",40,40,false],"ryviu-medium":["https:\/\/pophaw.com\/wp-content\/uploads\/2024\/12\/image_1-2.webp",132,129,false],"1536x1536":["https:\/\/pophaw.com\/wp-content\/uploads\/2024\/12\/image_1-2.webp",828,808,false],"2048x2048":["https:\/\/pophaw.com\/wp-content\/uploads\/2024\/12\/image_1-2.webp",828,808,false],"trp-custom-language-flag":["https:\/\/pophaw.com\/wp-content\/uploads\/2024\/12\/image_1-2.webp",12,12,false],"woocommerce_thumbnail":["https:\/\/pophaw.com\/wp-content\/uploads\/2024\/12\/image_1-2-300x300.webp",300,300,true],"woocommerce_single":["https:\/\/pophaw.com\/wp-content\/uploads\/2024\/12\/image_1-2-600x586.webp",600,586,true],"woocommerce_gallery_thumbnail":["https:\/\/pophaw.com\/wp-content\/uploads\/2024\/12\/image_1-2-100x100.webp",100,100,true]},"uagb_author_info":{"display_name":"Dr. Rowan","author_link":"https:\/\/pophaw.com\/fr\/author\/"},"uagb_comment_info":0,"uagb_excerpt":"A Pet Wood Lamp examination is a procedure that uses transillumination (light) to detect bacterial or fungal skin infections.","_links":{"self":[{"href":"https:\/\/pophaw.com\/fr\/wp-json\/wp\/v2\/product\/8472","targetHints":{"allow":["GET"]}}],"collection":[{"href":"https:\/\/pophaw.com\/fr\/wp-json\/wp\/v2\/product"}],"about":[{"href":"https:\/\/pophaw.com\/fr\/wp-json\/wp\/v2\/types\/product"}],"wp:featuredmedia":[{"embeddable":true,"href":"https:\/\/pophaw.com\/fr\/wp-json\/wp\/v2\/media\/8473"}],"wp:attachment":[{"href":"https:\/\/pophaw.com\/fr\/wp-json\/wp\/v2\/media?parent=8472"}],"wp:term":[{"taxonomy":"product_brand","embeddable":true,"href":"https:\/\/pophaw.com\/fr\/wp-json\/wp\/v2\/product_brand?post=8472"},{"taxonomy":"product_cat","embeddable":true,"href":"https:\/\/pophaw.com\/fr\/wp-json\/wp\/v2\/product_cat?post=8472"},{"taxonomy":"product_tag","embeddable":true,"href":"https:\/\/pophaw.com\/fr\/wp-json\/wp\/v2\/product_tag?post=8472"}],"curies":[{"name":"wp","href":"https:\/\/api.w.org\/{rel}","templated":true}]}}