{"id":8899,"date":"2024-12-20T06:07:28","date_gmt":"2024-12-20T14:07:28","guid":{"rendered":"https:\/\/pophaw.com\/?post_type=product&#038;p=8899"},"modified":"2025-01-25T23:20:09","modified_gmt":"2025-01-26T07:20:09","slug":"tensiometre-numerique-au-poignet","status":"publish","type":"product","link":"https:\/\/pophaw.com\/fr\/product\/tensiometre-numerique-au-poignet\/","title":{"rendered":"Tensiom\u00e8tre num\u00e9rique au poignet"},"content":{"rendered":"<p><span style=\"color: #000000;\">Pourquoi est-il important d'avoir un tensiom\u00e8tre num\u00e9rique au poignet ? L'hypertension art\u00e9rielle est un facteur de risque cardiovasculaire important. Des mesures quotidiennes peuvent vous aider \u00e0 comprendre comment g\u00e9rer votre sant\u00e9 et votre hypertension ; le suivi de vos mesures peut aider votre m\u00e9decin \u00e0 contr\u00f4ler l'effet du traitement. L'utilisation d'un tensiom\u00e8tre \u00e0 domicile est facile et pratique. Le tensiom\u00e8tre au poignet Sejoy fournit des r\u00e9sultats rapides et pr\u00e9cis par simple pression d'un bouton et surveille en permanence votre tension art\u00e9rielle systolique (sup\u00e9rieure), votre tension art\u00e9rielle diastolique (inf\u00e9rieure) et votre fr\u00e9quence cardiaque. Il affiche clairement le mois, le jour, l'heure et les minutes apr\u00e8s chaque mesure et affiche \u00e9galement la moyenne des trois derni\u00e8res mesures sur un grand \u00e9cran num\u00e9rique. Rapide et pr\u00e9cis, le tensiom\u00e8tre dispose d'une capacit\u00e9 de stockage accrue pouvant aller jusqu'\u00e0 120 m\u00e9moires pour un utilisateur. Ce tensiom\u00e8tre au poignet est l\u00e9ger, portable, pratique et simple \u00e0 utiliser. Il est id\u00e9al lorsque vous souhaitez v\u00e9rifier votre tension art\u00e9rielle en d\u00e9placement.<\/span><\/p>\n<ul>\n<li><span style=\"color: #000000;\"><b>Pr\u00e9cision clinique<\/b>: Les tensiom\u00e8tres \u00e0 domicile Sejoy utilisent la m\u00e9thode de mesure oscillom\u00e9trique, qui permet de mesurer la tension art\u00e9rielle et le pouls avec une grande pr\u00e9cision.<\/span><\/li>\n<li><span style=\"color: #000000;\"><b>Enti\u00e8rement automatique<\/b>: Pour une utilisation facile, le tensiom\u00e8tre se met en marche et obtient les r\u00e9sultats de votre tension art\u00e9rielle et de votre rythme cardiaque d'une simple pression sur le bouton ; la lecture s'affiche sur l'\u00e9cran en une demi-minute, ce qui rend la surveillance simple, rapide et facile.<\/span><\/li>\n<li><span style=\"color: #000000;\"><b>Indicateur de l'\u00e9tat de sant\u00e9<\/b>: Lors de la mesure de la tension art\u00e9rielle, le tensiom\u00e8tre est dot\u00e9 d'un indicateur de classification de la tension art\u00e9rielle de l'Organisation mondiale de la sant\u00e9 afin d'obtenir la lecture la plus pr\u00e9cise possible. Il d\u00e9tecte \u00e9galement votre fr\u00e9quence cardiaque et vous alerte en cas de rythme cardiaque irr\u00e9gulier.<\/span><\/li>\n<li><span style=\"color: #000000;\"><b>Mode 2 utilisateurs<\/b>: Cet appareil enregistre jusqu'\u00e0 60 mesures ind\u00e9pendantes pour chaque utilisateur, avec la date et l'heure, et affiche la moyenne des 3 derni\u00e8res mesures. La fonction m\u00e9moire vous permet de suivre votre \u00e9tat de sant\u00e9 ; vous pouvez rappeler la m\u00e9moire en appuyant sur le bouton \u201cM.\u201d.<\/span><\/li>\n<li><span style=\"color: #000000;\"><b>Grande manchette r\u00e9glable<\/b>: Notre tensiom\u00e8tre \u00e9lectronique est \u00e9quip\u00e9 d'un brassard de poignet r\u00e9glable, convenant aux personnes dont le tour de poignet est compris entre 5,3\u2033 et 8,5\u2033, ce qui convient \u00e0 la plupart des adultes.<\/span><\/li>\n<li><span style=\"color: #000000;\"><b>Conception portable<\/b>: Un design simple et exquis avec un \u00e9tui de transport, vous apportant l'excellence et la portabilit\u00e9 pour l'emmener n'importe o\u00f9 avec vous.<\/span><\/li>\n<\/ul>\n<div>\n<div><span style=\"color: #000000;\"><b>Tout ce dont vous avez besoin dans un seul paquet :<\/b><\/span><\/div>\n<div>\n<ul>\n<li><span style=\"color: #000000;\">1* tensiom\u00e8tre<\/span><\/li>\n<li><span style=\"color: #000000;\">1* manuel du propri\u00e9taire<\/span><\/li>\n<li><span style=\"color: #000000;\">1* \u00e9tui de rangement<\/span><\/li>\n<li><span style=\"color: #000000;\">2* piles AAA<\/span><\/li>\n<\/ul>\n<\/div>\n<\/div>","protected":false},"excerpt":{"rendered":"<p><span style=\"color: #808080;\">Vous aider \u00e0 comprendre comment g\u00e9rer la sant\u00e9 et l'hypertension<\/span><\/p>","protected":false},"featured_media":8900,"template":"","meta":{"bwfblock_default_font":"","_uag_custom_page_level_css":"","site-sidebar-layout":"default","site-content-layout":"","ast-site-content-layout":"default","site-content-style":"default","site-sidebar-style":"default","ast-global-header-display":"","ast-banner-title-visibility":"","ast-main-header-display":"","ast-hfb-above-header-display":"","ast-hfb-below-header-display":"","ast-hfb-mobile-header-display":"","site-post-title":"","ast-breadcrumbs-content":"","ast-featured-img":"","footer-sml-layout":"","ast-disable-related-posts":"","theme-transparent-header-meta":"default","adv-header-id-meta":"","stick-header-meta":"default","header-above-stick-meta":"","header-main-stick-meta":"","header-below-stick-meta":"","astra-migrate-meta-layouts":"set","ast-page-background-enabled":"default","ast-page-background-meta":{"desktop":{"background-color":"","background-image":"","background-repeat":"repeat","background-position":"center center","background-size":"auto","background-attachment":"scroll","background-type":"","background-media":"","overlay-type":"","overlay-color":"","overlay-opacity":"","overlay-gradient":""},"tablet":{"background-color":"","background-image":"","background-repeat":"repeat","background-position":"center center","background-size":"auto","background-attachment":"scroll","background-type":"","background-media":"","overlay-type":"","overlay-color":"","overlay-opacity":"","overlay-gradient":""},"mobile":{"background-color":"","background-image":"","background-repeat":"repeat","background-position":"center center","background-size":"auto","background-attachment":"scroll","background-type":"","background-media":"","overlay-type":"","overlay-color":"","overlay-opacity":"","overlay-gradient":""}},"ast-content-background-meta":{"desktop":{"background-color":"var(--ast-global-color-5)","background-image":"","background-repeat":"repeat","background-position":"center center","background-size":"auto","background-attachment":"scroll","background-type":"","background-media":"","overlay-type":"","overlay-color":"","overlay-opacity":"","overlay-gradient":""},"tablet":{"background-color":"var(--ast-global-color-5)","background-image":"","background-repeat":"repeat","background-position":"center center","background-size":"auto","background-attachment":"scroll","background-type":"","background-media":"","overlay-type":"","overlay-color":"","overlay-opacity":"","overlay-gradient":""},"mobile":{"background-color":"var(--ast-global-color-5)","background-image":"","background-repeat":"repeat","background-position":"center center","background-size":"auto","background-attachment":"scroll","background-type":"","background-media":"","overlay-type":"","overlay-color":"","overlay-opacity":"","overlay-gradient":""}}},"product_brand":[],"product_cat":[339,336,99,190],"product_tag":[],"class_list":{"0":"post-8899","1":"product","2":"type-product","3":"status-publish","4":"has-post-thumbnail","6":"product_cat-monitoring","7":"product_cat-healthcare-products","8":"product_cat-home-medical-supplies","9":"product_cat-wellness-monitoring","10":"desktop-align-center","11":"tablet-align-center","12":"mobile-align-center","13":"ast-product-gallery-layout-horizontal-slider","14":"ast-magnify-disabled","15":"ast-product-tabs-layout-horizontal","17":"first","18":"instock","19":"shipping-taxable","20":"purchasable","21":"product-type-simple"},"spectra_custom_meta":{"_edit_lock":["1737876011:1"],"_edit_last":["1"],"rank_math_seo_score":["85"],"rank_math_focus_keyword":["Digital Wrist Blood Pressure Monitor"],"rank_math_description":["Digital Wrist Blood Pressure Monitor can help you understand how to manage health and hypertension, tracking your readings can help your doctor monitor the treatment effect."],"_thumbnail_id":["8900"],"_admin_notes":["https:\/\/www.ebay.com\/itm\/225452548843"],"_custom_product_field":[""],"_sku":["EB218012"],"_regular_price":["18.88"],"total_sales":["0"],"_tax_status":["taxable"],"_tax_class":[""],"_manage_stock":["no"],"_backorders":["no"],"_sold_individually":["no"],"_virtual":["no"],"_downloadable":["no"],"_download_limit":["-1"],"_download_expiry":["-1"],"_stock":[null],"_stock_status":["instock"],"_wc_average_rating":["5.00"],"_wc_review_count":["1"],"_product_version":["9.6.0"],"_price":["18.88"],"_product_image_gallery":["8901,8902,8903,8904,8905,8906,8907"],"rank_math_primary_product_cat":["339"],"site-sidebar-layout":["default"],"ast-site-content-layout":["default"],"site-content-style":["default"],"site-sidebar-style":["default"],"theme-transparent-header-meta":["default"],"stick-header-meta":["default"],"rank_math_analytic_object_id":["149"],"_wc_rating_count":["a:1:{i:5;i:1;}"],"_wc_gla_synced_at":["1776049266"],"_wc_gla_sync_status":["synced"],"_wc_gla_visibility":["sync-and-show"],"_wc_gla_google_ids":["a:1:{s:2:\"US\";s:21:\"online:en:US:gla_8899\";}"],"fb_product_item_id":["28040486152261834"],"_global_unique_id":["10888621914091"],"_wc_facebook_sync_enabled":["yes"],"fb_visibility":["yes"],"fb_product_description":[""],"_wc_facebook_product_image_source":["product"],"_wc_facebook_commerce_enabled":["no"],"rank_math_primary_product_brand":["0"],"rank_math_primary_fb_product_set":["0"],"astra-migrate-meta-layouts":["set"],"wp_statistics_words_count":["404"],"wpil_sync_report3":["1"],"wpil_links_inbound_internal_count":["0"],"wpil_links_inbound_internal_count_data":["eJxLtDKwqq4FAAZPAf4="],"wpil_links_outbound_internal_count":["0"],"wpil_links_outbound_internal_count_data":["eJxLtDKwqq4FAAZPAf4="],"wpil_links_outbound_external_count":["0"],"wpil_links_outbound_external_count_data":["eJxLtDKwqq4FAAZPAf4="],"wpil_sync_report2_time":["2025-01-27T07:29:11+00:00"],"omnisend_last_sync":["2025-05-16T11:05:10+00:00"],"surerank_settings_general":["a:7:{s:9:\"separator\";s:1:\"-\";s:10:\"page_title\";s:21:\"%title% - %site_name%\";s:25:\"auto_generate_description\";b:1;s:16:\"page_description\";s:173:\"Digital Wrist Blood Pressure Monitor can help you understand how to manage health and hypertension, tracking your readings can help your doctor monitor the treatment effect.\";s:16:\"auto_description\";s:153:\"Why is it important to have a digital wrist blood pressure monitor? High blood pressure is a significant cardiovascular risk factor. It can cause serious\";s:14:\"fallback_image\";s:0:\"\";s:13:\"canonical_url\";s:64:\"https:\/\/pophaw.com\/product\/digital-wrist-blood-pressure-monitor\/\";}"],"surerank_settings_post_no_index":["no"],"surerank_settings_post_no_follow":["no"],"surerank_settings_post_no_archive":["no"],"surerank_settings_social":["a:23:{s:15:\"open_graph_tags\";b:1;s:18:\"facebook_meta_tags\";b:1;s:17:\"twitter_meta_tags\";b:1;s:16:\"oembeded_scripts\";b:1;s:17:\"oembeded_og_title\";b:1;s:22:\"oembeded_social_images\";b:1;s:27:\"oembeded_remove_author_name\";b:1;s:17:\"facebook_page_url\";s:54:\"https:\/\/www.facebook.com\/profile.php?id=61571207938497\";s:24:\"facebook_author_fallback\";s:0:\"\";s:17:\"twitter_card_type\";s:19:\"summary_large_image\";s:24:\"twitter_same_as_facebook\";b:1;s:24:\"twitter_profile_username\";s:0:\"\";s:24:\"twitter_profile_fallback\";s:0:\"\";s:14:\"facebook_title\";s:21:\"%title% - %site_name%\";s:20:\"facebook_description\";s:9:\"%content%\";s:18:\"facebook_image_url\";s:56:\"https:\/\/pophaw.com\/wp-content\/uploads\/2024\/12\/10002.webp\";s:17:\"facebook_image_id\";i:8900;s:20:\"facebook_image_width\";i:1600;s:21:\"facebook_image_height\";i:1600;s:13:\"twitter_title\";s:21:\"%title% - %site_name%\";s:19:\"twitter_description\";s:9:\"%content%\";s:17:\"twitter_image_url\";s:56:\"https:\/\/pophaw.com\/wp-content\/uploads\/2024\/12\/10002.webp\";s:16:\"twitter_image_id\";i:8900;}"],"surerank_migration":["1"],"astra_style_timestamp_css":["1777353957"],"wwpp_product_wholesale_visibility_filter":["all"],"_uag_css_file_name":["uag-css-8899.css"],"rank_math_internal_links_processed":["1"],"_uag_page_assets":["a:9:{s:3:\"css\";s:260:\".uag-blocks-common-selector{z-index:var(--z-index-desktop) !important}@media(max-width: 976px){.uag-blocks-common-selector{z-index:var(--z-index-tablet) !important}}@media(max-width: 767px){.uag-blocks-common-selector{z-index:var(--z-index-mobile) !important}}\";s:2:\"js\";s:0:\"\";s:18:\"current_block_list\";a:15:{i:0;s:23:\"surecart\/slide-out-cart\";i:1;s:30:\"surecart\/slide-out-cart-header\";i:2;s:29:\"surecart\/slide-out-cart-items\";i:3;s:30:\"surecart\/slide-out-cart-coupon\";i:4;s:32:\"surecart\/slide-out-cart-subtotal\";i:5;s:38:\"surecart\/slide-out-cart-bump-line-item\";i:6;s:30:\"surecart\/slide-out-cart-submit\";i:7;s:11:\"core\/search\";i:8;s:10:\"core\/group\";i:9;s:12:\"core\/heading\";i:10;s:17:\"core\/latest-posts\";i:11;s:20:\"core\/latest-comments\";i:12;s:13:\"core\/archives\";i:13;s:15:\"core\/categories\";i:14;s:14:\"core\/shortcode\";}s:8:\"uag_flag\";b:0;s:11:\"uag_version\";s:10:\"1777339036\";s:6:\"gfonts\";a:0:{}s:10:\"gfonts_url\";s:0:\"\";s:12:\"gfonts_files\";a:0:{}s:14:\"uag_faq_layout\";b:0;}"],"_wc_gla_mc_status":["approved"]},"uagb_featured_image_src":{"full":["https:\/\/pophaw.com\/wp-content\/uploads\/2024\/12\/10002.webp",1600,1600,false],"thumbnail":["https:\/\/pophaw.com\/wp-content\/uploads\/2024\/12\/10002-150x150.webp",150,150,true],"medium":["https:\/\/pophaw.com\/wp-content\/uploads\/2024\/12\/10002-300x300.webp",300,300,true],"medium_large":["https:\/\/pophaw.com\/wp-content\/uploads\/2024\/12\/10002-768x768.webp",768,768,true],"large":["https:\/\/pophaw.com\/wp-content\/uploads\/2024\/12\/10002-1024x1024.webp",1024,1024,true],"ryviu-small":["https:\/\/pophaw.com\/wp-content\/uploads\/2024\/12\/10002.webp",40,40,false],"ryviu-medium":["https:\/\/pophaw.com\/wp-content\/uploads\/2024\/12\/10002.webp",132,132,false],"1536x1536":["https:\/\/pophaw.com\/wp-content\/uploads\/2024\/12\/10002-1536x1536.webp",1536,1536,true],"2048x2048":["https:\/\/pophaw.com\/wp-content\/uploads\/2024\/12\/10002.webp",1600,1600,false],"trp-custom-language-flag":["https:\/\/pophaw.com\/wp-content\/uploads\/2024\/12\/10002.webp",12,12,false],"woocommerce_thumbnail":["https:\/\/pophaw.com\/wp-content\/uploads\/2024\/12\/10002-300x300.webp",300,300,true],"woocommerce_single":["https:\/\/pophaw.com\/wp-content\/uploads\/2024\/12\/10002-600x600.webp",600,600,true],"woocommerce_gallery_thumbnail":["https:\/\/pophaw.com\/wp-content\/uploads\/2024\/12\/10002-100x100.webp",100,100,true]},"uagb_author_info":{"display_name":"Dr. Rowan","author_link":"https:\/\/pophaw.com\/fr\/author\/"},"uagb_comment_info":1,"uagb_excerpt":"Help you understand how to manage health and hypertension","_links":{"self":[{"href":"https:\/\/pophaw.com\/fr\/wp-json\/wp\/v2\/product\/8899","targetHints":{"allow":["GET"]}}],"collection":[{"href":"https:\/\/pophaw.com\/fr\/wp-json\/wp\/v2\/product"}],"about":[{"href":"https:\/\/pophaw.com\/fr\/wp-json\/wp\/v2\/types\/product"}],"wp:featuredmedia":[{"embeddable":true,"href":"https:\/\/pophaw.com\/fr\/wp-json\/wp\/v2\/media\/8900"}],"wp:attachment":[{"href":"https:\/\/pophaw.com\/fr\/wp-json\/wp\/v2\/media?parent=8899"}],"wp:term":[{"taxonomy":"product_brand","embeddable":true,"href":"https:\/\/pophaw.com\/fr\/wp-json\/wp\/v2\/product_brand?post=8899"},{"taxonomy":"product_cat","embeddable":true,"href":"https:\/\/pophaw.com\/fr\/wp-json\/wp\/v2\/product_cat?post=8899"},{"taxonomy":"product_tag","embeddable":true,"href":"https:\/\/pophaw.com\/fr\/wp-json\/wp\/v2\/product_tag?post=8899"}],"curies":[{"name":"wp","href":"https:\/\/api.w.org\/{rel}","templated":true}]}}