{"id":9254,"date":"2024-12-21T23:41:20","date_gmt":"2024-12-22T07:41:20","guid":{"rendered":"https:\/\/pophaw.com\/?post_type=product&#038;p=9254"},"modified":"2025-01-04T03:48:50","modified_gmt":"2025-01-04T11:48:50","slug":"glysen-k-1-180c","status":"publish","type":"product","link":"https:\/\/pophaw.com\/fr\/product\/glysen-k-1-180c\/","title":{"rendered":"Glysen K-11 80c"},"content":{"rendered":"<p>Glysen est l'une de nos formules de base con\u00e7ues pour maintenir les niveaux de sucre dans le sang \u00e0 l'int\u00e9rieur de la fourchette normale*. Cette formule, prise avec les repas, favorise une utilisation ad\u00e9quate du sucre dans le sang et aide l'organisme \u00e0 maintenir des niveaux de sucre dans le sang sains tout au long de la journ\u00e9e.<sup>\u2021<\/sup>* Glysen continue d'\u00eatre l'une de nos formules les plus populaires, fournissant une base importante de nutriments essentiels \u00e0 tout protocole de soutien de la glyc\u00e9mie.<\/p>\n<p><strong>Caract\u00e9ristiques<\/strong><\/p>\n<ul>\n<li>Fournit un m\u00e9lange cibl\u00e9 d'ingr\u00e9dients ayant fait l'objet de recherches approfondies, notamment l'acide alpha-lipo\u00efque, l'extrait de gymnema, la L-carnitine, le chrome et le vanadium, qui, par le biais de m\u00e9canismes vari\u00e9s et compl\u00e9mentaires, favorisent un m\u00e9tabolisme sain du glucose.<sup>\u2021<\/sup>*<\/li>\n<li>Contient 16 mg d'inositol pour favoriser une absorption saine et efficace du glucose par les cellules*.<\/li>\n<li>Fournit tous les principaux cofacteurs qui soutiennent l'activit\u00e9 des r\u00e9cepteurs de l'insuline*.<\/li>\n<li>Contient de la vitamine E, un antioxydant tr\u00e8s puissant.<\/li>\n<\/ul>\n<p><strong>Avantages<\/strong><\/p>\n<ul>\n<li>Offre un soutien complet de la glyc\u00e9mie gr\u00e2ce \u00e0 une combinaison d'herbes, de vitamines, de min\u00e9raux et d'enzymes d'origine v\u00e9g\u00e9tale, guid\u00e9e par la recherche.<sup>\u2021<\/sup>*<\/li>\n<li>Soutient la membrane cellulaire et la fonction intracellulaire en ce qui concerne l'importation de glucose*.<\/li>\n<li>Con\u00e7u pour favoriser l'assimilation du sucre dans le sang, le m\u00e9tabolisme et l'utilisation p\u00e9riph\u00e9rique*.<\/li>\n<li>Contient des ingr\u00e9dients qui peuvent aider \u00e0 r\u00e9guler la r\u00e9ponse glyc\u00e9mique.<\/li>\n<\/ul>\n<p>Ces d\u00e9clarations n'ont pas \u00e9t\u00e9 \u00e9valu\u00e9es par la Food and Drug Administration. Ce produit n'est pas destin\u00e9 \u00e0 diagnostiquer, traiter, gu\u00e9rir ou pr\u00e9venir une quelconque maladie.<\/p>","protected":false},"excerpt":{"rendered":"<p>Glysen est l'une de nos formules de base en mati\u00e8re de glyc\u00e9mie, con\u00e7ue pour maintenir les niveaux de glyc\u00e9mie d\u00e9j\u00e0 dans la fourchette normale.<\/p>","protected":false},"featured_media":9323,"template":"","meta":{"bwfblock_default_font":"","_uag_custom_page_level_css":"","site-sidebar-layout":"default","site-content-layout":"","ast-site-content-layout":"default","site-content-style":"default","site-sidebar-style":"default","ast-global-header-display":"","ast-banner-title-visibility":"","ast-main-header-display":"","ast-hfb-above-header-display":"","ast-hfb-below-header-display":"","ast-hfb-mobile-header-display":"","site-post-title":"","ast-breadcrumbs-content":"","ast-featured-img":"","footer-sml-layout":"","ast-disable-related-posts":"","theme-transparent-header-meta":"default","adv-header-id-meta":"","stick-header-meta":"default","header-above-stick-meta":"","header-main-stick-meta":"","header-below-stick-meta":"","astra-migrate-meta-layouts":"set","ast-page-background-enabled":"default","ast-page-background-meta":{"desktop":{"background-color":"","background-image":"","background-repeat":"repeat","background-position":"center center","background-size":"auto","background-attachment":"scroll","background-type":"","background-media":"","overlay-type":"","overlay-color":"","overlay-opacity":"","overlay-gradient":""},"tablet":{"background-color":"","background-image":"","background-repeat":"repeat","background-position":"center center","background-size":"auto","background-attachment":"scroll","background-type":"","background-media":"","overlay-type":"","overlay-color":"","overlay-opacity":"","overlay-gradient":""},"mobile":{"background-color":"","background-image":"","background-repeat":"repeat","background-position":"center center","background-size":"auto","background-attachment":"scroll","background-type":"","background-media":"","overlay-type":"","overlay-color":"","overlay-opacity":"","overlay-gradient":""}},"ast-content-background-meta":{"desktop":{"background-color":"var(--ast-global-color-5)","background-image":"","background-repeat":"repeat","background-position":"center center","background-size":"auto","background-attachment":"scroll","background-type":"","background-media":"","overlay-type":"","overlay-color":"","overlay-opacity":"","overlay-gradient":""},"tablet":{"background-color":"var(--ast-global-color-5)","background-image":"","background-repeat":"repeat","background-position":"center center","background-size":"auto","background-attachment":"scroll","background-type":"","background-media":"","overlay-type":"","overlay-color":"","overlay-opacity":"","overlay-gradient":""},"mobile":{"background-color":"var(--ast-global-color-5)","background-image":"","background-repeat":"repeat","background-position":"center center","background-size":"auto","background-attachment":"scroll","background-type":"","background-media":"","overlay-type":"","overlay-color":"","overlay-opacity":"","overlay-gradient":""}}},"product_brand":[171],"product_cat":[127],"product_tag":[],"class_list":{"0":"post-9254","1":"product","2":"type-product","3":"status-publish","4":"has-post-thumbnail","6":"product_brand-apex-energetics","7":"product_cat-dietary-supplements","8":"desktop-align-center","9":"tablet-align-center","10":"mobile-align-center","11":"ast-product-gallery-layout-horizontal-slider","12":"ast-magnify-disabled","13":"ast-product-tabs-layout-horizontal","15":"first","16":"instock","17":"shipping-taxable","18":"purchasable","19":"product-type-simple"},"spectra_custom_meta":{"_edit_lock":["1735991398:1"],"_edit_last":["1"],"rank_math_seo_score":["91"],"rank_math_focus_keyword":["Glysen"],"_admin_notes":[""],"_custom_product_field":[""],"_regular_price":["109.99"],"total_sales":["0"],"_tax_status":["taxable"],"_tax_class":[""],"_manage_stock":["no"],"_backorders":["no"],"_sold_individually":["no"],"_virtual":["no"],"_downloadable":["no"],"_download_limit":["-1"],"_download_expiry":["-1"],"_stock":[null],"_stock_status":["instock"],"_wc_average_rating":["0"],"_wc_review_count":["0"],"_product_version":["9.5.1"],"_price":["109.99"],"rank_math_primary_product_cat":["127"],"rank_math_primary_product_brand":["171"],"site-sidebar-layout":["default"],"ast-site-content-layout":["default"],"site-content-style":["default"],"site-sidebar-style":["default"],"theme-transparent-header-meta":["default"],"stick-header-meta":["default"],"rank_math_analytic_object_id":["157"],"_thumbnail_id":["9323"],"_product_image_gallery":["9324,9325"],"_sku":["NRT047"],"_wc_gla_visibility":["dont-sync-and-show"],"fb_product_item_id":["9468449666520730"],"_global_unique_id":["10888621914138"],"_wc_facebook_sync_enabled":["yes"],"fb_visibility":["yes"],"fb_product_description":[""],"_wc_facebook_product_image_source":["product"],"_wc_facebook_enhanced_catalog_attributes_capacity":[""],"_wc_facebook_enhanced_catalog_attributes_age_group":[""],"_wc_facebook_enhanced_catalog_attributes_gender":[""],"_wc_facebook_enhanced_catalog_attributes_ingredients":[""],"_wc_facebook_enhanced_catalog_attributes_health_concern":[""],"_wc_facebook_enhanced_catalog_attributes_pattern":[""],"_wc_facebook_enhanced_catalog_attributes_power_type":[""],"_wc_facebook_enhanced_catalog_attributes_product_form":[""],"_wc_facebook_enhanced_catalog_attributes_result_time":[""],"_wc_facebook_enhanced_catalog_attributes_scent":[""],"_wc_facebook_enhanced_catalog_attributes_absorbency":[""],"_wc_facebook_enhanced_catalog_attributes_material":[""],"_wc_facebook_enhanced_catalog_attributes_serving_size":[""],"_wc_facebook_enhanced_catalog_attributes_size":[""],"_wc_facebook_enhanced_catalog_attributes_skin_care_concern":[""],"_wc_facebook_enhanced_catalog_attributes_skin_type":[""],"_wc_facebook_enhanced_catalog_attributes_spf_value":[""],"_wc_facebook_enhanced_catalog_attributes_standard_features":[""],"_wc_facebook_enhanced_catalog_attributes_stop_use_indications":[""],"_wc_facebook_enhanced_catalog_attributes_package_quantity":[""],"_wc_facebook_enhanced_catalog_attributes_lens_material":[""],"_wc_facebook_enhanced_catalog_attributes_lens_type":[""],"_wc_facebook_enhanced_catalog_attributes_lens_tint":[""],"_wc_facebook_enhanced_catalog_attributes_keywords":[""],"_wc_facebook_enhanced_catalog_attributes_is_powered":[""],"_wc_facebook_enhanced_catalog_attributes_instructions":[""],"_wc_facebook_enhanced_catalog_attributes_ingredients_composition":[""],"_wc_facebook_enhanced_catalog_attributes_inactive_ingredients":[""],"_wc_facebook_enhanced_catalog_attributes_flavor":[""],"_wc_facebook_enhanced_catalog_attributes_eyewear_rim":[""],"_wc_facebook_enhanced_catalog_attributes_dosage":[""],"_wc_facebook_enhanced_catalog_attributes_color":[""],"_wc_facebook_enhanced_catalog_attributes_brand":[""],"_wc_facebook_enhanced_catalog_attributes_body_part":[""],"_wc_facebook_enhanced_catalog_attributes_batteries_required":[""],"_wc_facebook_enhanced_catalog_attributes_u_v_rating":[""],"_wc_facebook_commerce_enabled":["no"],"rank_math_primary_fb_product_set":["0"],"astra-migrate-meta-layouts":["set"],"wpil_sync_report3":["1"],"wpil_links_inbound_internal_count":["0"],"wpil_links_inbound_internal_count_data":["eJxLtDKwqq4FAAZPAf4="],"wpil_links_outbound_internal_count":["0"],"wpil_links_outbound_internal_count_data":["eJxLtDKwqq4FAAZPAf4="],"wpil_links_outbound_external_count":["0"],"wpil_links_outbound_external_count_data":["eJxLtDKwqq4FAAZPAf4="],"wpil_sync_report2_time":["2025-01-27T07:29:10+00:00"],"omnisend_last_sync":["2025-05-16T11:05:10+00:00"],"surerank_settings_general":["a:7:{s:9:\"separator\";s:1:\"-\";s:10:\"page_title\";s:21:\"%title% - %site_name%\";s:25:\"auto_generate_description\";b:1;s:16:\"page_description\";s:9:\"%excerpt%\";s:16:\"auto_description\";s:153:\"Glysen is one of our foundational blood sugar formulas designed to maintain blood sugar levels already within the normal range.* This formula, taken with\";s:14:\"fallback_image\";s:0:\"\";s:13:\"canonical_url\";s:43:\"https:\/\/pophaw.com\/product\/glysen-k-1-180c\/\";}"],"surerank_settings_post_no_index":["no"],"surerank_settings_post_no_follow":["no"],"surerank_settings_post_no_archive":["no"],"surerank_settings_social":["a:23:{s:15:\"open_graph_tags\";b:1;s:18:\"facebook_meta_tags\";b:1;s:17:\"twitter_meta_tags\";b:1;s:16:\"oembeded_scripts\";b:1;s:17:\"oembeded_og_title\";b:1;s:22:\"oembeded_social_images\";b:1;s:27:\"oembeded_remove_author_name\";b:1;s:17:\"facebook_page_url\";s:54:\"https:\/\/www.facebook.com\/profile.php?id=61571207938497\";s:24:\"facebook_author_fallback\";s:0:\"\";s:17:\"twitter_card_type\";s:19:\"summary_large_image\";s:24:\"twitter_same_as_facebook\";b:1;s:24:\"twitter_profile_username\";s:0:\"\";s:24:\"twitter_profile_fallback\";s:0:\"\";s:14:\"facebook_title\";s:21:\"%title% - %site_name%\";s:20:\"facebook_description\";s:9:\"%content%\";s:18:\"facebook_image_url\";s:59:\"https:\/\/pophaw.com\/wp-content\/uploads\/2024\/12\/Glysen_1.webp\";s:17:\"facebook_image_id\";i:9323;s:20:\"facebook_image_width\";i:1652;s:21:\"facebook_image_height\";i:1652;s:13:\"twitter_title\";s:21:\"%title% - %site_name%\";s:19:\"twitter_description\";s:9:\"%content%\";s:17:\"twitter_image_url\";s:59:\"https:\/\/pophaw.com\/wp-content\/uploads\/2024\/12\/Glysen_1.webp\";s:16:\"twitter_image_id\";i:9323;}"],"surerank_migration":["1"],"astra_style_timestamp_css":["1776890701"],"wwpp_product_wholesale_visibility_filter":["all"],"_uag_css_file_name":["uag-css-9254.css"],"rank_math_internal_links_processed":["1"],"_uag_page_assets":["a:9:{s:3:\"css\";s:0:\"\";s:2:\"js\";s:0:\"\";s:18:\"current_block_list\";a:15:{i:0;s:23:\"surecart\/slide-out-cart\";i:1;s:30:\"surecart\/slide-out-cart-header\";i:2;s:29:\"surecart\/slide-out-cart-items\";i:3;s:30:\"surecart\/slide-out-cart-coupon\";i:4;s:32:\"surecart\/slide-out-cart-subtotal\";i:5;s:38:\"surecart\/slide-out-cart-bump-line-item\";i:6;s:30:\"surecart\/slide-out-cart-submit\";i:7;s:11:\"core\/search\";i:8;s:10:\"core\/group\";i:9;s:12:\"core\/heading\";i:10;s:17:\"core\/latest-posts\";i:11;s:20:\"core\/latest-comments\";i:12;s:13:\"core\/archives\";i:13;s:15:\"core\/categories\";i:14;s:14:\"core\/shortcode\";}s:8:\"uag_flag\";b:0;s:11:\"uag_version\";s:10:\"1776869369\";s:6:\"gfonts\";a:0:{}s:10:\"gfonts_url\";s:0:\"\";s:12:\"gfonts_files\";a:0:{}s:14:\"uag_faq_layout\";b:0;}"]},"uagb_featured_image_src":{"full":["https:\/\/pophaw.com\/wp-content\/uploads\/2024\/12\/Glysen_1.webp",1652,1652,false],"thumbnail":["https:\/\/pophaw.com\/wp-content\/uploads\/2024\/12\/Glysen_1-150x150.webp",150,150,true],"medium":["https:\/\/pophaw.com\/wp-content\/uploads\/2024\/12\/Glysen_1-300x300.webp",300,300,true],"medium_large":["https:\/\/pophaw.com\/wp-content\/uploads\/2024\/12\/Glysen_1-768x768.webp",768,768,true],"large":["https:\/\/pophaw.com\/wp-content\/uploads\/2024\/12\/Glysen_1-1024x1024.webp",1024,1024,true],"ryviu-small":["https:\/\/pophaw.com\/wp-content\/uploads\/2024\/12\/Glysen_1.webp",40,40,false],"ryviu-medium":["https:\/\/pophaw.com\/wp-content\/uploads\/2024\/12\/Glysen_1.webp",132,132,false],"1536x1536":["https:\/\/pophaw.com\/wp-content\/uploads\/2024\/12\/Glysen_1-1536x1536.webp",1536,1536,true],"2048x2048":["https:\/\/pophaw.com\/wp-content\/uploads\/2024\/12\/Glysen_1.webp",1652,1652,false],"trp-custom-language-flag":["https:\/\/pophaw.com\/wp-content\/uploads\/2024\/12\/Glysen_1.webp",12,12,false],"woocommerce_thumbnail":["https:\/\/pophaw.com\/wp-content\/uploads\/2024\/12\/Glysen_1-300x300.webp",300,300,true],"woocommerce_single":["https:\/\/pophaw.com\/wp-content\/uploads\/2024\/12\/Glysen_1-600x600.webp",600,600,true],"woocommerce_gallery_thumbnail":["https:\/\/pophaw.com\/wp-content\/uploads\/2024\/12\/Glysen_1-100x100.webp",100,100,true]},"uagb_author_info":{"display_name":"Dr. Rowan","author_link":"https:\/\/pophaw.com\/fr\/author\/"},"uagb_comment_info":0,"uagb_excerpt":"Glysen is one of our foundational blood sugar formulas designed to maintain blood sugar levels already within the normal range.","_links":{"self":[{"href":"https:\/\/pophaw.com\/fr\/wp-json\/wp\/v2\/product\/9254","targetHints":{"allow":["GET"]}}],"collection":[{"href":"https:\/\/pophaw.com\/fr\/wp-json\/wp\/v2\/product"}],"about":[{"href":"https:\/\/pophaw.com\/fr\/wp-json\/wp\/v2\/types\/product"}],"wp:featuredmedia":[{"embeddable":true,"href":"https:\/\/pophaw.com\/fr\/wp-json\/wp\/v2\/media\/9323"}],"wp:attachment":[{"href":"https:\/\/pophaw.com\/fr\/wp-json\/wp\/v2\/media?parent=9254"}],"wp:term":[{"taxonomy":"product_brand","embeddable":true,"href":"https:\/\/pophaw.com\/fr\/wp-json\/wp\/v2\/product_brand?post=9254"},{"taxonomy":"product_cat","embeddable":true,"href":"https:\/\/pophaw.com\/fr\/wp-json\/wp\/v2\/product_cat?post=9254"},{"taxonomy":"product_tag","embeddable":true,"href":"https:\/\/pophaw.com\/fr\/wp-json\/wp\/v2\/product_tag?post=9254"}],"curies":[{"name":"wp","href":"https:\/\/api.w.org\/{rel}","templated":true}]}}