{"id":9268,"date":"2024-12-22T01:27:51","date_gmt":"2024-12-22T09:27:51","guid":{"rendered":"https:\/\/pophaw.com\/?post_type=product&#038;p=9268"},"modified":"2025-02-14T23:39:33","modified_gmt":"2025-02-15T07:39:33","slug":"generateur-de-collagene-ch-osa-30ml","status":"publish","type":"product","link":"https:\/\/pophaw.com\/fr\/product\/generateur-de-collagene-ch-osa-30ml\/","title":{"rendered":"G\u00e9n\u00e9rateur de collag\u00e8ne ch-OSA 30ml NF Liq Biosil"},"content":{"rendered":"<p><strong><span style=\"font-size: 14pt;\">G\u00e9n\u00e9rateur de collag\u00e8ne ch-OSA 30ml NF Liq Biosil<\/span><\/strong><\/p>\n<p>Lorsque nous atteignons 21 ans, nos niveaux de collag\u00e8ne diminuent r\u00e9guli\u00e8rement \u00e0 raison d'environ 1% par an. Cela signifie que nous commen\u00e7ons \u00e0 vieillir visiblement, ce qui se traduit par des rides, des ridules, un rel\u00e2chement de la peau, une perte de cheveux ou des cheveux ternes, et des ongles plus cassants. Mais votre corps est une merveille de r\u00e9g\u00e9n\u00e9ration. Il sait comment se r\u00e9parer et se rajeunir.<\/p>\n<p>Le complexe unique 2-en-1 ch-OSA\u00ae de Biosil\u00ae soutient cette capacit\u00e9 en activant et en prot\u00e9geant la production de collag\u00e8ne de votre corps, tout en stimulant la production d'\u00e9lastine et de k\u00e9ratine. Biosil\u00ae est le seul suppl\u00e9ment cliniquement prouv\u00e9 \u00e0 faire cela ! De plus, ch-OSA\u00ae g\u00e9n\u00e8re du collag\u00e8ne \u00e0 partir de votre empreinte ADN, ce qui est vraiment unique. Exploitez votre pouvoir naturel pour para\u00eetre et vous sentir au mieux de votre forme avec Biosil\u00ae.<\/p>\n<p>L'effet 2-IN-1 de Biosil, cliniquement prouv\u00e9, soutient et active la capacit\u00e9 naturelle de votre corps \u00e0 prot\u00e9ger et \u00e0 g\u00e9n\u00e9rer votre propre collag\u00e8ne, \u00e9lastine et k\u00e9ratine. Ces trois prot\u00e9ines sont vos meilleures amies en ce qui concerne les cheveux, la peau et les ongles - elles assurent leur croissance, leur \u00e9clat et leur solidit\u00e9. Avec l'\u00e2ge, la production de ces prot\u00e9ines diminue. Elles sont facilement endommag\u00e9es par des facteurs li\u00e9s \u00e0 l'environnement et au mode de vie, ce qui se traduit par des rides, des ridules, des ongles cassants et des cheveux plus fins.<\/p>\n<p>Pour des r\u00e9sultats optimaux, prenez Biosil\u00ae deux fois par jour : une fois le matin et une fois le soir. De cette mani\u00e8re, vous r\u00e9partissez votre dose de ch-OSA\u00ae de mani\u00e8re uniforme tout au long de la journ\u00e9e. Vous pouvez prendre Biosil\u00ae \u00e0 jeun ou avec de la nourriture et avec n'importe quelle boisson, chaude ou froide.<\/p>\n<p><strong>Ingr\u00e9dients :<\/strong><\/p>\n<p>Choline<\/p>\n<p>Silicium<\/p>\n<p>Ces d\u00e9clarations n'ont pas \u00e9t\u00e9 \u00e9valu\u00e9es par la Food and Drug Administration. Ce produit n'est pas destin\u00e9 \u00e0 diagnostiquer, traiter, gu\u00e9rir ou pr\u00e9venir une quelconque maladie.<\/p>","protected":false},"excerpt":{"rendered":"<p>Le complexe 2-en-1 ch-OSA\u00ae de Biosil soutient cette capacit\u00e9 en activant et en prot\u00e9geant la production de collag\u00e8ne de votre corps, tout en stimulant la production d'\u00e9lastine et de k\u00e9ratine.<\/p>","protected":false},"featured_media":9269,"template":"","meta":{"bwfblock_default_font":"","_uag_custom_page_level_css":"","site-sidebar-layout":"default","site-content-layout":"","ast-site-content-layout":"default","site-content-style":"default","site-sidebar-style":"default","ast-global-header-display":"","ast-banner-title-visibility":"","ast-main-header-display":"","ast-hfb-above-header-display":"","ast-hfb-below-header-display":"","ast-hfb-mobile-header-display":"","site-post-title":"","ast-breadcrumbs-content":"","ast-featured-img":"","footer-sml-layout":"","ast-disable-related-posts":"","theme-transparent-header-meta":"default","adv-header-id-meta":"","stick-header-meta":"default","header-above-stick-meta":"","header-main-stick-meta":"","header-below-stick-meta":"","astra-migrate-meta-layouts":"set","ast-page-background-enabled":"default","ast-page-background-meta":{"desktop":{"background-color":"","background-image":"","background-repeat":"repeat","background-position":"center center","background-size":"auto","background-attachment":"scroll","background-type":"","background-media":"","overlay-type":"","overlay-color":"","overlay-opacity":"","overlay-gradient":""},"tablet":{"background-color":"","background-image":"","background-repeat":"repeat","background-position":"center center","background-size":"auto","background-attachment":"scroll","background-type":"","background-media":"","overlay-type":"","overlay-color":"","overlay-opacity":"","overlay-gradient":""},"mobile":{"background-color":"","background-image":"","background-repeat":"repeat","background-position":"center center","background-size":"auto","background-attachment":"scroll","background-type":"","background-media":"","overlay-type":"","overlay-color":"","overlay-opacity":"","overlay-gradient":""}},"ast-content-background-meta":{"desktop":{"background-color":"var(--ast-global-color-5)","background-image":"","background-repeat":"repeat","background-position":"center center","background-size":"auto","background-attachment":"scroll","background-type":"","background-media":"","overlay-type":"","overlay-color":"","overlay-opacity":"","overlay-gradient":""},"tablet":{"background-color":"var(--ast-global-color-5)","background-image":"","background-repeat":"repeat","background-position":"center center","background-size":"auto","background-attachment":"scroll","background-type":"","background-media":"","overlay-type":"","overlay-color":"","overlay-opacity":"","overlay-gradient":""},"mobile":{"background-color":"var(--ast-global-color-5)","background-image":"","background-repeat":"repeat","background-position":"center center","background-size":"auto","background-attachment":"scroll","background-type":"","background-media":"","overlay-type":"","overlay-color":"","overlay-opacity":"","overlay-gradient":""}}},"product_brand":[175],"product_cat":[127],"product_tag":[],"class_list":{"0":"post-9268","1":"product","2":"type-product","3":"status-publish","4":"has-post-thumbnail","6":"product_brand-natural-factors","7":"product_cat-dietary-supplements","8":"desktop-align-center","9":"tablet-align-center","10":"mobile-align-center","11":"ast-product-gallery-layout-horizontal-slider","12":"ast-magnify-disabled","13":"ast-product-tabs-layout-horizontal","15":"first","16":"instock","17":"shipping-taxable","18":"purchasable","19":"product-type-simple"},"spectra_custom_meta":{"_edit_lock":["1739605399:1"],"_edit_last":["1"],"rank_math_seo_score":["82"],"rank_math_focus_keyword":["Collagen Generator ch-OSA"],"rank_math_description":["Biosil's Collagen Generator ch-OSA complex supports that ability by activating and protecting your body's collagen production, while at the same time boosting your elastin and keratin production."],"_thumbnail_id":["9269"],"_admin_notes":[""],"_custom_product_field":[""],"_regular_price":["38.99"],"total_sales":["0"],"_tax_status":["taxable"],"_tax_class":[""],"_manage_stock":["no"],"_backorders":["no"],"_sold_individually":["no"],"_virtual":["no"],"_downloadable":["no"],"_download_limit":["-1"],"_download_expiry":["-1"],"_stock":[null],"_stock_status":["instock"],"_wc_average_rating":["0"],"_wc_review_count":["0"],"_product_version":["9.6.2"],"_price":["38.99"],"_product_image_gallery":["9270"],"rank_math_primary_product_cat":["127"],"rank_math_primary_product_brand":["175"],"site-sidebar-layout":["default"],"ast-site-content-layout":["default"],"site-content-style":["default"],"site-sidebar-style":["default"],"theme-transparent-header-meta":["default"],"stick-header-meta":["default"],"rank_math_analytic_object_id":["167"],"_sku":["NRT057"],"_wc_gla_synced_at":["1776049266"],"_wc_gla_sync_status":["synced"],"_wc_gla_visibility":["sync-and-show"],"_wc_gla_google_ids":["a:1:{s:2:\"US\";s:21:\"online:en:US:gla_9268\";}"],"fb_product_item_id":["9007714099344979"],"_global_unique_id":["10888621914237"],"_wc_facebook_sync_enabled":["yes"],"fb_visibility":["yes"],"fb_product_description":[""],"_wc_facebook_product_image_source":["product"],"_wc_facebook_enhanced_catalog_attributes_capacity":[""],"_wc_facebook_enhanced_catalog_attributes_age_group":[""],"_wc_facebook_enhanced_catalog_attributes_gender":[""],"_wc_facebook_enhanced_catalog_attributes_ingredients":[""],"_wc_facebook_enhanced_catalog_attributes_health_concern":[""],"_wc_facebook_enhanced_catalog_attributes_pattern":[""],"_wc_facebook_enhanced_catalog_attributes_power_type":[""],"_wc_facebook_enhanced_catalog_attributes_product_form":[""],"_wc_facebook_enhanced_catalog_attributes_result_time":[""],"_wc_facebook_enhanced_catalog_attributes_scent":[""],"_wc_facebook_enhanced_catalog_attributes_absorbency":[""],"_wc_facebook_enhanced_catalog_attributes_material":[""],"_wc_facebook_enhanced_catalog_attributes_serving_size":[""],"_wc_facebook_enhanced_catalog_attributes_size":[""],"_wc_facebook_enhanced_catalog_attributes_skin_care_concern":[""],"_wc_facebook_enhanced_catalog_attributes_skin_type":[""],"_wc_facebook_enhanced_catalog_attributes_spf_value":[""],"_wc_facebook_enhanced_catalog_attributes_standard_features":[""],"_wc_facebook_enhanced_catalog_attributes_stop_use_indications":[""],"_wc_facebook_enhanced_catalog_attributes_package_quantity":[""],"_wc_facebook_enhanced_catalog_attributes_lens_material":[""],"_wc_facebook_enhanced_catalog_attributes_lens_type":[""],"_wc_facebook_enhanced_catalog_attributes_lens_tint":[""],"_wc_facebook_enhanced_catalog_attributes_keywords":[""],"_wc_facebook_enhanced_catalog_attributes_is_powered":[""],"_wc_facebook_enhanced_catalog_attributes_instructions":[""],"_wc_facebook_enhanced_catalog_attributes_ingredients_composition":[""],"_wc_facebook_enhanced_catalog_attributes_inactive_ingredients":[""],"_wc_facebook_enhanced_catalog_attributes_flavor":[""],"_wc_facebook_enhanced_catalog_attributes_eyewear_rim":[""],"_wc_facebook_enhanced_catalog_attributes_dosage":[""],"_wc_facebook_enhanced_catalog_attributes_color":[""],"_wc_facebook_enhanced_catalog_attributes_brand":[""],"_wc_facebook_enhanced_catalog_attributes_body_part":[""],"_wc_facebook_enhanced_catalog_attributes_batteries_required":[""],"_wc_facebook_enhanced_catalog_attributes_u_v_rating":[""],"_wc_facebook_commerce_enabled":["no"],"rank_math_primary_fb_product_set":["0"],"classic-editor-remember":["classic-editor"],"rank_math_auto_redirect":["a:1:{i:0;i:68;}"],"_wp_old_slug":["collagen-generator-ch-osa-30ml-nf-liq-biosil"],"wp_statistics_words_count":["259"],"wpil_sync_report3":["1"],"wpil_links_inbound_internal_count":["0"],"wpil_links_inbound_internal_count_data":["eJxLtDKwqq4FAAZPAf4="],"wpil_links_outbound_internal_count":["0"],"wpil_links_outbound_internal_count_data":["eJxLtDKwqq4FAAZPAf4="],"wpil_links_outbound_external_count":["0"],"wpil_links_outbound_external_count_data":["eJxLtDKwqq4FAAZPAf4="],"wpil_sync_report2_time":["2025-01-27T07:29:10+00:00"],"fb_brand":[""],"fb_mpn":[""],"astra-migrate-meta-layouts":["set"],"omnisend_last_sync":["2025-05-16T11:05:10+00:00"],"surerank_settings_general":["a:7:{s:9:\"separator\";s:1:\"-\";s:10:\"page_title\";s:21:\"%title% - %site_name%\";s:25:\"auto_generate_description\";b:1;s:16:\"page_description\";s:195:\"Biosil's Collagen Generator ch-OSA complex supports that ability by activating and protecting your body's collagen production, while at the same time boosting your elastin and keratin production.\";s:16:\"auto_description\";s:153:\"Collagen Generator ch-OSA 30ml NF Liq Biosil When we hit 21, our collagen levels decline steadily at about 1% per year. It means we start to age visibly,\";s:14:\"fallback_image\";s:0:\"\";s:13:\"canonical_url\";s:58:\"https:\/\/pophaw.com\/product\/collagen-generator-ch-osa-30ml\/\";}"],"surerank_settings_post_no_index":["no"],"surerank_settings_post_no_follow":["no"],"surerank_settings_post_no_archive":["no"],"surerank_settings_social":["a:23:{s:15:\"open_graph_tags\";b:1;s:18:\"facebook_meta_tags\";b:1;s:17:\"twitter_meta_tags\";b:1;s:16:\"oembeded_scripts\";b:1;s:17:\"oembeded_og_title\";b:1;s:22:\"oembeded_social_images\";b:1;s:27:\"oembeded_remove_author_name\";b:1;s:17:\"facebook_page_url\";s:54:\"https:\/\/www.facebook.com\/profile.php?id=61571207938497\";s:24:\"facebook_author_fallback\";s:0:\"\";s:17:\"twitter_card_type\";s:19:\"summary_large_image\";s:24:\"twitter_same_as_facebook\";b:1;s:24:\"twitter_profile_username\";s:0:\"\";s:24:\"twitter_profile_fallback\";s:0:\"\";s:14:\"facebook_title\";s:21:\"%title% - %site_name%\";s:20:\"facebook_description\";s:9:\"%content%\";s:18:\"facebook_image_url\";s:83:\"https:\/\/pophaw.com\/wp-content\/uploads\/2024\/12\/Collagen-Generator-ch-OSA-30ml_1.webp\";s:17:\"facebook_image_id\";i:9269;s:20:\"facebook_image_width\";i:1652;s:21:\"facebook_image_height\";i:1652;s:13:\"twitter_title\";s:21:\"%title% - %site_name%\";s:19:\"twitter_description\";s:9:\"%content%\";s:17:\"twitter_image_url\";s:83:\"https:\/\/pophaw.com\/wp-content\/uploads\/2024\/12\/Collagen-Generator-ch-OSA-30ml_1.webp\";s:16:\"twitter_image_id\";i:9269;}"],"surerank_migration":["1"],"astra_style_timestamp_css":["1776908430"],"wwpp_product_wholesale_visibility_filter":["all"],"_uag_css_file_name":["uag-css-9268.css"],"rank_math_internal_links_processed":["1"],"_wc_gla_mc_status":["approved"],"_uag_page_assets":["a:9:{s:3:\"css\";s:0:\"\";s:2:\"js\";s:0:\"\";s:18:\"current_block_list\";a:15:{i:0;s:23:\"surecart\/slide-out-cart\";i:1;s:30:\"surecart\/slide-out-cart-header\";i:2;s:29:\"surecart\/slide-out-cart-items\";i:3;s:30:\"surecart\/slide-out-cart-coupon\";i:4;s:32:\"surecart\/slide-out-cart-subtotal\";i:5;s:38:\"surecart\/slide-out-cart-bump-line-item\";i:6;s:30:\"surecart\/slide-out-cart-submit\";i:7;s:11:\"core\/search\";i:8;s:10:\"core\/group\";i:9;s:12:\"core\/heading\";i:10;s:17:\"core\/latest-posts\";i:11;s:20:\"core\/latest-comments\";i:12;s:13:\"core\/archives\";i:13;s:15:\"core\/categories\";i:14;s:14:\"core\/shortcode\";}s:8:\"uag_flag\";b:0;s:11:\"uag_version\";s:10:\"1776869369\";s:6:\"gfonts\";a:0:{}s:10:\"gfonts_url\";s:0:\"\";s:12:\"gfonts_files\";a:0:{}s:14:\"uag_faq_layout\";b:0;}"]},"uagb_featured_image_src":{"full":["https:\/\/pophaw.com\/wp-content\/uploads\/2024\/12\/Collagen-Generator-ch-OSA-30ml_1.webp",1652,1652,false],"thumbnail":["https:\/\/pophaw.com\/wp-content\/uploads\/2024\/12\/Collagen-Generator-ch-OSA-30ml_1-150x150.webp",150,150,true],"medium":["https:\/\/pophaw.com\/wp-content\/uploads\/2024\/12\/Collagen-Generator-ch-OSA-30ml_1-300x300.webp",300,300,true],"medium_large":["https:\/\/pophaw.com\/wp-content\/uploads\/2024\/12\/Collagen-Generator-ch-OSA-30ml_1-768x768.webp",768,768,true],"large":["https:\/\/pophaw.com\/wp-content\/uploads\/2024\/12\/Collagen-Generator-ch-OSA-30ml_1-1024x1024.webp",1024,1024,true],"ryviu-small":["https:\/\/pophaw.com\/wp-content\/uploads\/2024\/12\/Collagen-Generator-ch-OSA-30ml_1.webp",40,40,false],"ryviu-medium":["https:\/\/pophaw.com\/wp-content\/uploads\/2024\/12\/Collagen-Generator-ch-OSA-30ml_1.webp",132,132,false],"1536x1536":["https:\/\/pophaw.com\/wp-content\/uploads\/2024\/12\/Collagen-Generator-ch-OSA-30ml_1-1536x1536.webp",1536,1536,true],"2048x2048":["https:\/\/pophaw.com\/wp-content\/uploads\/2024\/12\/Collagen-Generator-ch-OSA-30ml_1.webp",1652,1652,false],"trp-custom-language-flag":["https:\/\/pophaw.com\/wp-content\/uploads\/2024\/12\/Collagen-Generator-ch-OSA-30ml_1.webp",12,12,false],"woocommerce_thumbnail":["https:\/\/pophaw.com\/wp-content\/uploads\/2024\/12\/Collagen-Generator-ch-OSA-30ml_1-300x300.webp",300,300,true],"woocommerce_single":["https:\/\/pophaw.com\/wp-content\/uploads\/2024\/12\/Collagen-Generator-ch-OSA-30ml_1-600x600.webp",600,600,true],"woocommerce_gallery_thumbnail":["https:\/\/pophaw.com\/wp-content\/uploads\/2024\/12\/Collagen-Generator-ch-OSA-30ml_1-100x100.webp",100,100,true]},"uagb_author_info":{"display_name":"Dr. Rowan","author_link":"https:\/\/pophaw.com\/fr\/author\/"},"uagb_comment_info":0,"uagb_excerpt":"Biosil's unique 2-in-1 ch-OSA\u00ae complex supports that ability by activating and protecting your body's collagen production, while at the same time boosting your elastin and keratin production.","_links":{"self":[{"href":"https:\/\/pophaw.com\/fr\/wp-json\/wp\/v2\/product\/9268","targetHints":{"allow":["GET"]}}],"collection":[{"href":"https:\/\/pophaw.com\/fr\/wp-json\/wp\/v2\/product"}],"about":[{"href":"https:\/\/pophaw.com\/fr\/wp-json\/wp\/v2\/types\/product"}],"wp:featuredmedia":[{"embeddable":true,"href":"https:\/\/pophaw.com\/fr\/wp-json\/wp\/v2\/media\/9269"}],"wp:attachment":[{"href":"https:\/\/pophaw.com\/fr\/wp-json\/wp\/v2\/media?parent=9268"}],"wp:term":[{"taxonomy":"product_brand","embeddable":true,"href":"https:\/\/pophaw.com\/fr\/wp-json\/wp\/v2\/product_brand?post=9268"},{"taxonomy":"product_cat","embeddable":true,"href":"https:\/\/pophaw.com\/fr\/wp-json\/wp\/v2\/product_cat?post=9268"},{"taxonomy":"product_tag","embeddable":true,"href":"https:\/\/pophaw.com\/fr\/wp-json\/wp\/v2\/product_tag?post=9268"}],"curies":[{"name":"wp","href":"https:\/\/api.w.org\/{rel}","templated":true}]}}