{"id":9364,"date":"2024-12-24T02:04:30","date_gmt":"2024-12-24T10:04:30","guid":{"rendered":"https:\/\/pophaw.com\/?post_type=product&#038;p=9364"},"modified":"2025-01-25T23:22:40","modified_gmt":"2025-01-26T07:22:40","slug":"final-seal-matte-sealer","status":"publish","type":"product","link":"https:\/\/pophaw.com\/fr\/product\/final-seal-matte-sealer\/","title":{"rendered":"Final Seal Matte Sealer 4oz"},"content":{"rendered":"<p>L'embl\u00e9matique spray fixateur Final Seal offre une durabilit\u00e9 maximale et prolonge la dur\u00e9e d'utilisation de tout maquillage. Sa formule \u00e0 base d'alcool enrobe le maquillage d'un scellant cosm\u00e9tique puissant qui permet une tenue prolong\u00e9e et r\u00e9duit les effets des huiles et de la transpiration qui peuvent \u00eatre pr\u00e9sentes \u00e0 la surface de la peau. Il s\u00e8che rapidement pour donner un fini mat et r\u00e9sistant aux bavures.<\/p>\n<p>Ce spray de r\u00e9glage essentiel est un must absolu dans la trousse de maquillage de tout artiste, acteur ou com\u00e9dien. Il est disponible dans une large gamme de formats adapt\u00e9s aux trousses. Son parfum menthol\u00e9 procure une sensation de fra\u00eecheur pendant que le maquillage est fix\u00e9 sur le visage et le corps.<br \/>\nUtiliser dans un endroit bien ventil\u00e9. Pr\u00e9voir 20 \u00e0 50 applications par once.<\/p>\n<p><span style=\"font-size: 12pt;\">Terminez votre look en le rendant r\u00e9sistant aux bavures et \u00e0 l'eau ! Le scellant mat Ben Nye Final Seal fixe votre look pour des heures de spectacle, de divertissement ou d'intemp\u00e9ries. Le maquillage reste en place, m\u00eame en cas de forte transpiration !<\/span><\/p>\n<p><span style=\"font-size: 12pt;\">Tailles disponibles :<\/span><\/p>\n<ul>\n<li><span style=\"font-size: 12pt;\">Flacon pulv\u00e9risateur de 1 oz. Flacon pulv\u00e9risateur (FY-0)<\/span><\/li>\n<li><span style=\"font-size: 12pt;\">Flacon pulv\u00e9risateur de 2 oz (FY-2)<\/span><\/li>\n<li><span style=\"font-size: 12pt;\">Flacon pulv\u00e9risateur de 4 oz (FY-4)<\/span><\/li>\n<li><span style=\"font-size: 12pt;\">Bouteille de 8 oz (sans bouchon pulv\u00e9risateur) (FY-8)<\/span><\/li>\n<li><span style=\"font-size: 12pt;\">Bouteille de 16 oz. (sans bouchon pulv\u00e9risateur) (FY-16)<\/span><\/li>\n<\/ul>\n<p><span style=\"font-size: 12pt;\">*Le capuchon de pulv\u00e9risation n'est pas inclus dans les recharges de 8 et 16 oz.<\/span><\/p>\n<p>&nbsp;<\/p>\n<p><span style=\"font-size: 12pt;\"><strong>FAQ<\/strong><\/span><\/p>\n<div>\n<div>\n<h3><span style=\"font-size: 12pt;\">Quelle est l'odeur de Ben Nye Final Seal ?<\/span><\/h3>\n<div>\n<div>\n<p><span style=\"font-size: 12pt;\">Ben Nye Final Seal a un parfum menthol\u00e9 et rafra\u00eechissant.<\/span><\/p>\n<\/div>\n<\/div>\n<\/div>\n<div>\n<h3><span style=\"font-size: 12pt;\">Ben Nye Final Seal est-il un spray matifiant ?<\/span><\/h3>\n<div>\n<div>\n<p><span style=\"font-size: 12pt;\">Oui, Ben Nye Final Seal est un scellant r\u00e9sistant aux bavures et \u00e0 l'eau qui laisse un fini mat.<\/span><\/p>\n<\/div>\n<\/div>\n<\/div>\n<div>\n<h3><span style=\"font-size: 12pt;\">Ben Nye Final Seal peut-il \u00eatre utilis\u00e9 tous les jours ?<\/span><\/h3>\n<div>\n<div>\n<p><span style=\"font-size: 12pt;\">Oui, Ben Nye Final Seal peut \u00eatre utilis\u00e9 quotidiennement pour un maquillage impeccable tout au long de la journ\u00e9e.<\/span><\/p>\n<\/div>\n<\/div>\n<\/div>\n<div>\n<h3><span style=\"font-size: 12pt;\">Combien de temps dure le Ben Nye Final Seal ?<\/span><\/h3>\n<div>\n<div>\n<p><span style=\"font-size: 12pt;\">Ben Nye Final Seal maintient le maquillage en place pendant 24 heures.<\/span><\/p>\n<\/div>\n<\/div>\n<\/div>\n<div>\n<h3><span style=\"font-size: 12pt;\">Combien de pulv\u00e9risations de Ben Nye Final Seal sont n\u00e9cessaires ?<\/span><\/h3>\n<div>\n<div>\n<p><span style=\"font-size: 12pt;\">Appliquer 1 \u00e0 2 pulv\u00e9risations de Ben Nye Final Seal pour un r\u00e9sultat optimal.<\/span><\/p>\n<\/div>\n<\/div>\n<\/div>\n<div>\n<h3><span style=\"font-size: 12pt;\">Ben Nye Final Seal convient-il aux peaux grasses ?<\/span><\/h3>\n<div>\n<div>\n<p><span style=\"font-size: 12pt;\">Oui, Ben Nye Final Seal est parfait pour les peaux grasses, mixtes et sensibles.<\/span><\/p>\n<\/div>\n<\/div>\n<\/div>\n<\/div>","protected":false},"excerpt":{"rendered":"<p>Terminez votre look en le rendant r\u00e9sistant aux bavures et \u00e0 l'eau avec le scellant mat Ben Nye Final Seal.<\/p>","protected":false},"featured_media":9379,"template":"","meta":{"bwfblock_default_font":"","_uag_custom_page_level_css":"","site-sidebar-layout":"default","site-content-layout":"","ast-site-content-layout":"default","site-content-style":"default","site-sidebar-style":"default","ast-global-header-display":"","ast-banner-title-visibility":"","ast-main-header-display":"","ast-hfb-above-header-display":"","ast-hfb-below-header-display":"","ast-hfb-mobile-header-display":"","site-post-title":"","ast-breadcrumbs-content":"","ast-featured-img":"","footer-sml-layout":"","ast-disable-related-posts":"","theme-transparent-header-meta":"default","adv-header-id-meta":"","stick-header-meta":"default","header-above-stick-meta":"","header-main-stick-meta":"","header-below-stick-meta":"","astra-migrate-meta-layouts":"set","ast-page-background-enabled":"default","ast-page-background-meta":{"desktop":{"background-color":"","background-image":"","background-repeat":"repeat","background-position":"center center","background-size":"auto","background-attachment":"scroll","background-type":"","background-media":"","overlay-type":"","overlay-color":"","overlay-opacity":"","overlay-gradient":""},"tablet":{"background-color":"","background-image":"","background-repeat":"repeat","background-position":"center center","background-size":"auto","background-attachment":"scroll","background-type":"","background-media":"","overlay-type":"","overlay-color":"","overlay-opacity":"","overlay-gradient":""},"mobile":{"background-color":"","background-image":"","background-repeat":"repeat","background-position":"center center","background-size":"auto","background-attachment":"scroll","background-type":"","background-media":"","overlay-type":"","overlay-color":"","overlay-opacity":"","overlay-gradient":""}},"ast-content-background-meta":{"desktop":{"background-color":"var(--ast-global-color-5)","background-image":"","background-repeat":"repeat","background-position":"center center","background-size":"auto","background-attachment":"scroll","background-type":"","background-media":"","overlay-type":"","overlay-color":"","overlay-opacity":"","overlay-gradient":""},"tablet":{"background-color":"var(--ast-global-color-5)","background-image":"","background-repeat":"repeat","background-position":"center center","background-size":"auto","background-attachment":"scroll","background-type":"","background-media":"","overlay-type":"","overlay-color":"","overlay-opacity":"","overlay-gradient":""},"mobile":{"background-color":"var(--ast-global-color-5)","background-image":"","background-repeat":"repeat","background-position":"center center","background-size":"auto","background-attachment":"scroll","background-type":"","background-media":"","overlay-type":"","overlay-color":"","overlay-opacity":"","overlay-gradient":""}}},"product_brand":[73],"product_cat":[336,232],"product_tag":[],"class_list":{"0":"post-9364","1":"product","2":"type-product","3":"status-publish","4":"has-post-thumbnail","6":"product_brand-pophaw","7":"product_cat-healthcare-products","8":"product_cat-uncategorized","9":"desktop-align-center","10":"tablet-align-center","11":"mobile-align-center","12":"ast-product-gallery-layout-horizontal-slider","13":"ast-product-gallery-with-no-image","14":"ast-magnify-disabled","15":"ast-product-tabs-layout-horizontal","17":"first","18":"instock","19":"shipping-taxable","20":"purchasable","21":"product-type-simple"},"spectra_custom_meta":{"_edit_lock":["1737876161:1"],"_edit_last":["1"],"rank_math_seo_score":["85"],"rank_math_focus_keyword":["Final Seal Matte Sealer"],"_admin_notes":[""],"_custom_product_field":[""],"_regular_price":["28"],"total_sales":["0"],"_tax_status":["taxable"],"_tax_class":[""],"_manage_stock":["no"],"_backorders":["no"],"_sold_individually":["no"],"_virtual":["no"],"_downloadable":["no"],"_download_limit":["-1"],"_download_expiry":["-1"],"_stock":[null],"_stock_status":["instock"],"_wc_average_rating":["0"],"_wc_review_count":["0"],"_product_version":["9.6.0"],"_price":["28"],"rank_math_primary_product_cat":["336"],"rank_math_primary_product_brand":["73"],"site-sidebar-layout":["default"],"ast-site-content-layout":["default"],"site-content-style":["default"],"site-sidebar-style":["default"],"theme-transparent-header-meta":["default"],"stick-header-meta":["default"],"rank_math_analytic_object_id":["173"],"_thumbnail_id":["9379"],"_sku":["EB218025"],"_wc_gla_synced_at":["1776049267"],"_wc_gla_sync_status":["synced"],"_wc_gla_visibility":["sync-and-show"],"_wc_gla_google_ids":["a:1:{s:2:\"US\";s:21:\"online:en:US:gla_9364\";}"],"fb_product_item_id":["9104035086302536"],"_global_unique_id":["17841900187312"],"_wc_facebook_sync_enabled":["yes"],"fb_visibility":["yes"],"fb_product_description":[""],"_wc_facebook_product_image_source":["product"],"_wc_facebook_commerce_enabled":["no"],"rank_math_primary_fb_product_set":["0"],"astra-migrate-meta-layouts":["set"],"classic-editor-remember":["classic-editor"],"wp_statistics_words_count":["297"],"wpil_sync_report3":["1"],"wpil_links_inbound_internal_count":["0"],"wpil_links_inbound_internal_count_data":["eJxLtDKwqq4FAAZPAf4="],"wpil_links_outbound_internal_count":["0"],"wpil_links_outbound_internal_count_data":["eJxLtDKwqq4FAAZPAf4="],"wpil_links_outbound_external_count":["0"],"wpil_links_outbound_external_count_data":["eJxLtDKwqq4FAAZPAf4="],"wpil_sync_report2_time":["2025-01-27T07:29:10+00:00"],"omnisend_last_sync":["2025-05-16T11:05:10+00:00"],"surerank_settings_general":["a:7:{s:9:\"separator\";s:1:\"-\";s:10:\"page_title\";s:21:\"%title% - %site_name%\";s:25:\"auto_generate_description\";b:1;s:16:\"page_description\";s:9:\"%excerpt%\";s:16:\"auto_description\";s:157:\"The iconic Final Seal setting spray provides maximum durability and extends the wear time of any makeup. Its alcohol-based formula coats makeup in heavy duty\";s:14:\"fallback_image\";s:0:\"\";s:13:\"canonical_url\";s:51:\"https:\/\/pophaw.com\/product\/final-seal-matte-sealer\/\";}"],"surerank_settings_post_no_index":["no"],"surerank_settings_post_no_follow":["no"],"surerank_settings_post_no_archive":["no"],"surerank_settings_social":["a:23:{s:15:\"open_graph_tags\";b:1;s:18:\"facebook_meta_tags\";b:1;s:17:\"twitter_meta_tags\";b:1;s:16:\"oembeded_scripts\";b:1;s:17:\"oembeded_og_title\";b:1;s:22:\"oembeded_social_images\";b:1;s:27:\"oembeded_remove_author_name\";b:1;s:17:\"facebook_page_url\";s:54:\"https:\/\/www.facebook.com\/profile.php?id=61571207938497\";s:24:\"facebook_author_fallback\";s:0:\"\";s:17:\"twitter_card_type\";s:19:\"summary_large_image\";s:24:\"twitter_same_as_facebook\";b:1;s:24:\"twitter_profile_username\";s:0:\"\";s:24:\"twitter_profile_fallback\";s:0:\"\";s:14:\"facebook_title\";s:21:\"%title% - %site_name%\";s:20:\"facebook_description\";s:9:\"%content%\";s:18:\"facebook_image_url\";s:79:\"https:\/\/pophaw.com\/wp-content\/uploads\/2024\/12\/ben-nye-final-seal-4oz-spray.webp\";s:17:\"facebook_image_id\";i:9379;s:20:\"facebook_image_width\";i:720;s:21:\"facebook_image_height\";i:720;s:13:\"twitter_title\";s:21:\"%title% - %site_name%\";s:19:\"twitter_description\";s:9:\"%content%\";s:17:\"twitter_image_url\";s:79:\"https:\/\/pophaw.com\/wp-content\/uploads\/2024\/12\/ben-nye-final-seal-4oz-spray.webp\";s:16:\"twitter_image_id\";i:9379;}"],"surerank_migration":["1"],"astra_style_timestamp_css":["1776974101"],"wwpp_product_wholesale_visibility_filter":["all"],"_uag_css_file_name":["uag-css-9364.css"],"rank_math_internal_links_processed":["1"],"_uag_page_assets":["a:9:{s:3:\"css\";s:0:\"\";s:2:\"js\";s:0:\"\";s:18:\"current_block_list\";a:15:{i:0;s:23:\"surecart\/slide-out-cart\";i:1;s:30:\"surecart\/slide-out-cart-header\";i:2;s:29:\"surecart\/slide-out-cart-items\";i:3;s:30:\"surecart\/slide-out-cart-coupon\";i:4;s:32:\"surecart\/slide-out-cart-subtotal\";i:5;s:38:\"surecart\/slide-out-cart-bump-line-item\";i:6;s:30:\"surecart\/slide-out-cart-submit\";i:7;s:11:\"core\/search\";i:8;s:10:\"core\/group\";i:9;s:12:\"core\/heading\";i:10;s:17:\"core\/latest-posts\";i:11;s:20:\"core\/latest-comments\";i:12;s:13:\"core\/archives\";i:13;s:15:\"core\/categories\";i:14;s:14:\"core\/shortcode\";}s:8:\"uag_flag\";b:0;s:11:\"uag_version\";s:10:\"1776869369\";s:6:\"gfonts\";a:0:{}s:10:\"gfonts_url\";s:0:\"\";s:12:\"gfonts_files\";a:0:{}s:14:\"uag_faq_layout\";b:0;}"],"_wc_gla_mc_status":["approved"]},"uagb_featured_image_src":{"full":["https:\/\/pophaw.com\/wp-content\/uploads\/2024\/12\/ben-nye-final-seal-4oz-spray.webp",720,720,false],"thumbnail":["https:\/\/pophaw.com\/wp-content\/uploads\/2024\/12\/ben-nye-final-seal-4oz-spray-150x150.webp",150,150,true],"medium":["https:\/\/pophaw.com\/wp-content\/uploads\/2024\/12\/ben-nye-final-seal-4oz-spray-300x300.webp",300,300,true],"medium_large":["https:\/\/pophaw.com\/wp-content\/uploads\/2024\/12\/ben-nye-final-seal-4oz-spray.webp",720,720,false],"large":["https:\/\/pophaw.com\/wp-content\/uploads\/2024\/12\/ben-nye-final-seal-4oz-spray.webp",720,720,false],"ryviu-small":["https:\/\/pophaw.com\/wp-content\/uploads\/2024\/12\/ben-nye-final-seal-4oz-spray.webp",40,40,false],"ryviu-medium":["https:\/\/pophaw.com\/wp-content\/uploads\/2024\/12\/ben-nye-final-seal-4oz-spray.webp",132,132,false],"1536x1536":["https:\/\/pophaw.com\/wp-content\/uploads\/2024\/12\/ben-nye-final-seal-4oz-spray.webp",720,720,false],"2048x2048":["https:\/\/pophaw.com\/wp-content\/uploads\/2024\/12\/ben-nye-final-seal-4oz-spray.webp",720,720,false],"trp-custom-language-flag":["https:\/\/pophaw.com\/wp-content\/uploads\/2024\/12\/ben-nye-final-seal-4oz-spray.webp",12,12,false],"woocommerce_thumbnail":["https:\/\/pophaw.com\/wp-content\/uploads\/2024\/12\/ben-nye-final-seal-4oz-spray-300x300.webp",300,300,true],"woocommerce_single":["https:\/\/pophaw.com\/wp-content\/uploads\/2024\/12\/ben-nye-final-seal-4oz-spray-600x600.webp",600,600,true],"woocommerce_gallery_thumbnail":["https:\/\/pophaw.com\/wp-content\/uploads\/2024\/12\/ben-nye-final-seal-4oz-spray-100x100.webp",100,100,true]},"uagb_author_info":{"display_name":"Dr. Rowan","author_link":"https:\/\/pophaw.com\/fr\/author\/"},"uagb_comment_info":0,"uagb_excerpt":"Finish your look by making it smudge proof and water resistant with Ben Nye Final Seal Matte Sealer.","_links":{"self":[{"href":"https:\/\/pophaw.com\/fr\/wp-json\/wp\/v2\/product\/9364","targetHints":{"allow":["GET"]}}],"collection":[{"href":"https:\/\/pophaw.com\/fr\/wp-json\/wp\/v2\/product"}],"about":[{"href":"https:\/\/pophaw.com\/fr\/wp-json\/wp\/v2\/types\/product"}],"wp:featuredmedia":[{"embeddable":true,"href":"https:\/\/pophaw.com\/fr\/wp-json\/wp\/v2\/media\/9379"}],"wp:attachment":[{"href":"https:\/\/pophaw.com\/fr\/wp-json\/wp\/v2\/media?parent=9364"}],"wp:term":[{"taxonomy":"product_brand","embeddable":true,"href":"https:\/\/pophaw.com\/fr\/wp-json\/wp\/v2\/product_brand?post=9364"},{"taxonomy":"product_cat","embeddable":true,"href":"https:\/\/pophaw.com\/fr\/wp-json\/wp\/v2\/product_cat?post=9364"},{"taxonomy":"product_tag","embeddable":true,"href":"https:\/\/pophaw.com\/fr\/wp-json\/wp\/v2\/product_tag?post=9364"}],"curies":[{"name":"wp","href":"https:\/\/api.w.org\/{rel}","templated":true}]}}