{"id":9584,"date":"2024-12-30T22:27:44","date_gmt":"2024-12-31T06:27:44","guid":{"rendered":"https:\/\/pophaw.com\/?post_type=product&#038;p=9584"},"modified":"2025-02-05T06:18:32","modified_gmt":"2025-02-05T14:18:32","slug":"tens-units-muscle-stimulator-4-channel","status":"publish","type":"product","link":"https:\/\/pophaw.com\/fr\/product\/tens-units-muscle-stimulator-4-channel\/","title":{"rendered":"Tens Units Muscle Stimulator 4 Channel"},"content":{"rendered":"<ul>\n<li><span style=\"color: #000000;\">Nos unit\u00e9s Tens ont fait leurs preuves pour soulager les terribles douleurs nerveuses chroniques dans le cou ou le dos.\u00a0<\/span><\/li>\n<li><span style=\"color: #000000;\">Il existe diff\u00e9rents modes de r\u00e9glage des impulsions \u00e9lectriques afin de trouver le r\u00e9glage le plus confortable.\u00a0<\/span><\/li>\n<li><span style=\"color: #000000;\">L'\u00e9cran num\u00e9rique facilite la lecture en affichant des informations sur la modulation telles que le taux en hertz et une minuterie.\u00a0<\/span><\/li>\n<li><span style=\"color: #000000;\">L'appareil est \u00e9galement de petite taille, ce qui le rend facile \u00e0 manipuler.<\/span><\/li>\n<li><span style=\"color: #000000;\">Veuillez lire le manuel d'utilisation avant d'utiliser l'appareil pour la premi\u00e8re fois.\u00a0<\/span><\/li>\n<li><span style=\"color: #000000;\">Si vous utilisez l'appareil pour la premi\u00e8re fois, laissez-le en charge pendant au moins 10 heures.<\/span><\/li>\n<li><span style=\"color: #000000;\">Si vous n'utilisez pas beaucoup l'appareil, rechargez-le deux fois par mois pour prolonger la dur\u00e9e de vie de la batterie.<\/span><\/li>\n<li><span style=\"color: #000000;\">L'appareil pr\u00e9sente des caract\u00e9ristiques de s\u00e9curit\u00e9. L'appareil ne commencera pas \u00e0 fonctionner avant que vous n'ayez plac\u00e9 les coussinets sur votre corps. Gardez l'appareil \u00e9teint avant de placer les coussinets sur vous, puis allumez l'appareil et choisissez l'un des modes de massage. Apr\u00e8s avoir choisi le mode, appuyez sur le bouton \u201c+\u201d pour augmenter le niveau d'intensit\u00e9. Si vous utilisez les canaux A et B en m\u00eame temps, vous devez augmenter l'intensit\u00e9 de chaque canal. Appuyez sur le bouton \u201cA=B\u201d pour changer de canal.<\/span><\/li>\n<li><span style=\"color: #000000;\">REMARQUE : Chaque fois que vous changez de mode de massage, l'intensit\u00e9 diminue automatiquement.<\/span><\/li>\n<li><span style=\"color: #000000;\">La minuterie \u00e9teint l'appareil lorsque le temps programm\u00e9 est \u00e9coul\u00e9.<\/span><\/li>\n<\/ul>\n<ul>\n<li><span style=\"color: #000000;\">Batterie lithium int\u00e9gr\u00e9e rechargeable<\/span><\/li>\n<li><span style=\"color: #000000;\">Options des modes de massage Tens Ems<\/span><\/li>\n<li><span style=\"color: #000000;\">Diff\u00e9rents modes de multi-massage<\/span><\/li>\n<li><span style=\"color: #000000;\">4 canaux Unit\u00e9s Tens<\/span><\/li>\n<li><span style=\"color: #000000;\">R\u00e9glable sur 20 niveaux d'intensit\u00e9 diff\u00e9rents<\/span><\/li>\n<li><span style=\"color: #000000;\">Arr\u00eat automatique<\/span><\/li>\n<li><span style=\"color: #000000;\">Am\u00e9liorer la circulation sanguine<\/span><\/li>\n<li><span style=\"color: #000000;\">Facile \u00e0 utiliser et simple<\/span><\/li>\n<li><span style=\"color: #000000;\">Format de poche<\/span><\/li>\n<li><span style=\"color: #000000;\">Portable<\/span><\/li>\n<li><span style=\"color: #000000;\">Eligible FSA\/HSA<\/span><\/li>\n<li><span style=\"color: #000000;\">Traiter simultan\u00e9ment 4 localisations de la douleur<\/span><\/li>\n<li><span style=\"color: #000000;\">Anti-douleur naturel<\/span><\/li>\n<li><span style=\"color: #000000;\">Th\u00e9rapie sans m\u00e9dicament<\/span><\/li>\n<li><span style=\"color: #000000;\">S\u00e9curit\u00e9 et efficacit\u00e9<\/span><\/li>\n<li><span style=\"color: #000000;\">L\u00e9ger<\/span><\/li>\n<li><span style=\"color: #000000;\">Garantie \u00e0 vie<\/span><\/li>\n<li><span style=\"color: #000000;\">Dispositif combin\u00e9 Tens et Ems<\/span><\/li>\n<\/ul>","protected":false},"excerpt":{"rendered":"<p><span style=\"color: #000000;\">Soulager cette terrible douleur nerveuse chronique dans le cou ou le dos.<\/span><\/p>","protected":false},"featured_media":9585,"template":"","meta":{"bwfblock_default_font":"","_uag_custom_page_level_css":"","site-sidebar-layout":"default","site-content-layout":"","ast-site-content-layout":"default","site-content-style":"default","site-sidebar-style":"default","ast-global-header-display":"","ast-banner-title-visibility":"","ast-main-header-display":"","ast-hfb-above-header-display":"","ast-hfb-below-header-display":"","ast-hfb-mobile-header-display":"","site-post-title":"","ast-breadcrumbs-content":"","ast-featured-img":"","footer-sml-layout":"","ast-disable-related-posts":"","theme-transparent-header-meta":"default","adv-header-id-meta":"","stick-header-meta":"default","header-above-stick-meta":"","header-main-stick-meta":"","header-below-stick-meta":"","astra-migrate-meta-layouts":"set","ast-page-background-enabled":"default","ast-page-background-meta":{"desktop":{"background-color":"","background-image":"","background-repeat":"repeat","background-position":"center center","background-size":"auto","background-attachment":"scroll","background-type":"","background-media":"","overlay-type":"","overlay-color":"","overlay-opacity":"","overlay-gradient":""},"tablet":{"background-color":"","background-image":"","background-repeat":"repeat","background-position":"center center","background-size":"auto","background-attachment":"scroll","background-type":"","background-media":"","overlay-type":"","overlay-color":"","overlay-opacity":"","overlay-gradient":""},"mobile":{"background-color":"","background-image":"","background-repeat":"repeat","background-position":"center center","background-size":"auto","background-attachment":"scroll","background-type":"","background-media":"","overlay-type":"","overlay-color":"","overlay-opacity":"","overlay-gradient":""}},"ast-content-background-meta":{"desktop":{"background-color":"var(--ast-global-color-5)","background-image":"","background-repeat":"repeat","background-position":"center center","background-size":"auto","background-attachment":"scroll","background-type":"","background-media":"","overlay-type":"","overlay-color":"","overlay-opacity":"","overlay-gradient":""},"tablet":{"background-color":"var(--ast-global-color-5)","background-image":"","background-repeat":"repeat","background-position":"center center","background-size":"auto","background-attachment":"scroll","background-type":"","background-media":"","overlay-type":"","overlay-color":"","overlay-opacity":"","overlay-gradient":""},"mobile":{"background-color":"var(--ast-global-color-5)","background-image":"","background-repeat":"repeat","background-position":"center center","background-size":"auto","background-attachment":"scroll","background-type":"","background-media":"","overlay-type":"","overlay-color":"","overlay-opacity":"","overlay-gradient":""}}},"product_brand":[73],"product_cat":[344,336,99,124],"product_tag":[],"class_list":{"0":"post-9584","1":"product","2":"type-product","3":"status-publish","4":"has-post-thumbnail","6":"product_brand-pophaw","7":"product_cat-pain-management","8":"product_cat-healthcare-products","9":"product_cat-home-medical-supplies","10":"product_cat-pain-management-therapy","11":"desktop-align-center","12":"tablet-align-center","13":"mobile-align-center","14":"ast-product-gallery-layout-horizontal-slider","15":"ast-magnify-disabled","16":"ast-product-tabs-layout-horizontal","18":"first","19":"instock","20":"shipping-taxable","21":"purchasable","22":"product-type-simple"},"spectra_custom_meta":{"_edit_lock":["1738765707:1"],"_edit_last":["1"],"rank_math_seo_score":["89"],"rank_math_focus_keyword":["Tens Units"],"rank_math_description":["Our Tens Units have been proven in providing relief for that terrible chronic nerve pain in your neck or back.\u00a0"],"_thumbnail_id":["9585"],"_admin_notes":["https:\/\/www.ebay.com\/itm\/364917109289"],"_custom_product_field":[""],"_sku":["EB218029"],"_regular_price":["24.99"],"total_sales":["0"],"_tax_status":["taxable"],"_tax_class":[""],"_manage_stock":["no"],"_backorders":["no"],"_sold_individually":["no"],"_virtual":["no"],"_downloadable":["no"],"_download_limit":["-1"],"_download_expiry":["-1"],"_stock":[null],"_stock_status":["instock"],"_wc_average_rating":["0"],"_wc_review_count":["0"],"_product_version":["9.6.1"],"_price":["24.99"],"_wc_gla_visibility":["sync-and-show"],"_wc_gla_sync_status":["synced"],"_product_image_gallery":["9586,9587,9588,9589,9590"],"_wc_facebook_sync_enabled":["yes"],"fb_visibility":["yes"],"fb_product_description":[""],"_wc_facebook_product_image_source":["product"],"_wc_facebook_commerce_enabled":["no"],"fb_product_group_id":["9295466317151025"],"rank_math_primary_product_brand":["73"],"rank_math_primary_product_cat":["344"],"rank_math_primary_fb_product_set":["0"],"site-sidebar-layout":["default"],"ast-site-content-layout":["default"],"site-content-style":["default"],"site-sidebar-style":["default"],"theme-transparent-header-meta":["default"],"stick-header-meta":["default"],"rank_math_analytic_object_id":["181"],"fb_product_item_id":["9295466597150997"],"_wc_gla_synced_at":["1776826868"],"_wc_gla_google_ids":["a:1:{s:2:\"US\";s:21:\"online:en:US:gla_9584\";}"],"_global_unique_id":["17841900187343"],"wpil_sync_report3":["1"],"wpil_links_inbound_internal_count":["0"],"wpil_links_inbound_internal_count_data":["eJxLtDKwqq4FAAZPAf4="],"wpil_links_outbound_internal_count":["0"],"wpil_links_outbound_internal_count_data":["eJxLtDKwqq4FAAZPAf4="],"wpil_links_outbound_external_count":["0"],"wpil_links_outbound_external_count_data":["eJxLtDKwqq4FAAZPAf4="],"wpil_sync_report2_time":["2025-01-27T07:29:10+00:00"],"classic-editor-remember":["classic-editor"],"astra-migrate-meta-layouts":["set"],"omnisend_last_sync":["2025-05-16T11:05:10+00:00"],"surerank_settings_general":["a:7:{s:9:\"separator\";s:1:\"-\";s:10:\"page_title\";s:21:\"%title% - %site_name%\";s:25:\"auto_generate_description\";b:1;s:16:\"page_description\";s:112:\"Our Tens Units have been proven in providing relief for that terrible chronic nerve pain in your neck or back.\u00a0\";s:16:\"auto_description\";s:0:\"\";s:14:\"fallback_image\";s:0:\"\";s:13:\"canonical_url\";s:66:\"https:\/\/pophaw.com\/product\/tens-units-muscle-stimulator-4-channel\/\";}"],"surerank_settings_post_no_index":["no"],"surerank_settings_post_no_follow":["no"],"surerank_settings_post_no_archive":["no"],"surerank_settings_social":["a:23:{s:15:\"open_graph_tags\";b:1;s:18:\"facebook_meta_tags\";b:1;s:17:\"twitter_meta_tags\";b:1;s:16:\"oembeded_scripts\";b:1;s:17:\"oembeded_og_title\";b:1;s:22:\"oembeded_social_images\";b:1;s:27:\"oembeded_remove_author_name\";b:1;s:17:\"facebook_page_url\";s:54:\"https:\/\/www.facebook.com\/profile.php?id=61571207938497\";s:24:\"facebook_author_fallback\";s:0:\"\";s:17:\"twitter_card_type\";s:19:\"summary_large_image\";s:24:\"twitter_same_as_facebook\";b:1;s:24:\"twitter_profile_username\";s:0:\"\";s:24:\"twitter_profile_fallback\";s:0:\"\";s:14:\"facebook_title\";s:21:\"%title% - %site_name%\";s:20:\"facebook_description\";s:9:\"%content%\";s:18:\"facebook_image_url\";s:58:\"https:\/\/pophaw.com\/wp-content\/uploads\/2024\/12\/10001-6.webp\";s:17:\"facebook_image_id\";i:9585;s:20:\"facebook_image_width\";i:1600;s:21:\"facebook_image_height\";i:1600;s:13:\"twitter_title\";s:21:\"%title% - %site_name%\";s:19:\"twitter_description\";s:9:\"%content%\";s:17:\"twitter_image_url\";s:58:\"https:\/\/pophaw.com\/wp-content\/uploads\/2024\/12\/10001-6.webp\";s:16:\"twitter_image_id\";i:9585;}"],"surerank_migration":["1"],"astra_style_timestamp_css":["1778723280"],"wwpp_product_wholesale_visibility_filter":["all"],"_uag_css_file_name":["uag-css-9584.css"],"rank_math_internal_links_processed":["1"],"_uag_page_assets":["a:9:{s:3:\"css\";s:260:\".uag-blocks-common-selector{z-index:var(--z-index-desktop) !important}@media(max-width: 976px){.uag-blocks-common-selector{z-index:var(--z-index-tablet) !important}}@media(max-width: 767px){.uag-blocks-common-selector{z-index:var(--z-index-mobile) !important}}\";s:2:\"js\";s:0:\"\";s:18:\"current_block_list\";a:15:{i:0;s:23:\"surecart\/slide-out-cart\";i:1;s:30:\"surecart\/slide-out-cart-header\";i:2;s:29:\"surecart\/slide-out-cart-items\";i:3;s:30:\"surecart\/slide-out-cart-coupon\";i:4;s:32:\"surecart\/slide-out-cart-subtotal\";i:5;s:38:\"surecart\/slide-out-cart-bump-line-item\";i:6;s:30:\"surecart\/slide-out-cart-submit\";i:7;s:11:\"core\/search\";i:8;s:10:\"core\/group\";i:9;s:12:\"core\/heading\";i:10;s:17:\"core\/latest-posts\";i:11;s:20:\"core\/latest-comments\";i:12;s:13:\"core\/archives\";i:13;s:15:\"core\/categories\";i:14;s:14:\"core\/shortcode\";}s:8:\"uag_flag\";b:0;s:11:\"uag_version\";s:10:\"1778680346\";s:6:\"gfonts\";a:0:{}s:10:\"gfonts_url\";s:0:\"\";s:12:\"gfonts_files\";a:0:{}s:14:\"uag_faq_layout\";b:0;}"],"_wc_gla_mc_status":["approved"]},"uagb_featured_image_src":{"full":["https:\/\/pophaw.com\/wp-content\/uploads\/2024\/12\/10001-6.webp",1600,1600,false],"thumbnail":["https:\/\/pophaw.com\/wp-content\/uploads\/2024\/12\/10001-6-150x150.webp",150,150,true],"medium":["https:\/\/pophaw.com\/wp-content\/uploads\/2024\/12\/10001-6-300x300.webp",300,300,true],"medium_large":["https:\/\/pophaw.com\/wp-content\/uploads\/2024\/12\/10001-6-768x768.webp",768,768,true],"large":["https:\/\/pophaw.com\/wp-content\/uploads\/2024\/12\/10001-6-1024x1024.webp",1024,1024,true],"ryviu-small":["https:\/\/pophaw.com\/wp-content\/uploads\/2024\/12\/10001-6.webp",40,40,false],"ryviu-medium":["https:\/\/pophaw.com\/wp-content\/uploads\/2024\/12\/10001-6.webp",132,132,false],"1536x1536":["https:\/\/pophaw.com\/wp-content\/uploads\/2024\/12\/10001-6-1536x1536.webp",1536,1536,true],"2048x2048":["https:\/\/pophaw.com\/wp-content\/uploads\/2024\/12\/10001-6.webp",1600,1600,false],"trp-custom-language-flag":["https:\/\/pophaw.com\/wp-content\/uploads\/2024\/12\/10001-6.webp",12,12,false],"woocommerce_thumbnail":["https:\/\/pophaw.com\/wp-content\/uploads\/2024\/12\/10001-6-300x300.webp",300,300,true],"woocommerce_single":["https:\/\/pophaw.com\/wp-content\/uploads\/2024\/12\/10001-6-600x600.webp",600,600,true],"woocommerce_gallery_thumbnail":["https:\/\/pophaw.com\/wp-content\/uploads\/2024\/12\/10001-6-100x100.webp",100,100,true]},"uagb_author_info":{"display_name":"Dr. Rowan","author_link":"https:\/\/pophaw.com\/fr\/author\/"},"uagb_comment_info":0,"uagb_excerpt":"Providing relief for that terrible chronic nerve pain in your neck or back.","_links":{"self":[{"href":"https:\/\/pophaw.com\/fr\/wp-json\/wp\/v2\/product\/9584","targetHints":{"allow":["GET"]}}],"collection":[{"href":"https:\/\/pophaw.com\/fr\/wp-json\/wp\/v2\/product"}],"about":[{"href":"https:\/\/pophaw.com\/fr\/wp-json\/wp\/v2\/types\/product"}],"wp:featuredmedia":[{"embeddable":true,"href":"https:\/\/pophaw.com\/fr\/wp-json\/wp\/v2\/media\/9585"}],"wp:attachment":[{"href":"https:\/\/pophaw.com\/fr\/wp-json\/wp\/v2\/media?parent=9584"}],"wp:term":[{"taxonomy":"product_brand","embeddable":true,"href":"https:\/\/pophaw.com\/fr\/wp-json\/wp\/v2\/product_brand?post=9584"},{"taxonomy":"product_cat","embeddable":true,"href":"https:\/\/pophaw.com\/fr\/wp-json\/wp\/v2\/product_cat?post=9584"},{"taxonomy":"product_tag","embeddable":true,"href":"https:\/\/pophaw.com\/fr\/wp-json\/wp\/v2\/product_tag?post=9584"}],"curies":[{"name":"wp","href":"https:\/\/api.w.org\/{rel}","templated":true}]}}