{"id":9612,"date":"2024-12-30T23:21:16","date_gmt":"2024-12-31T07:21:16","guid":{"rendered":"https:\/\/pophaw.com\/?post_type=product&#038;p=9612"},"modified":"2025-01-25T23:24:50","modified_gmt":"2025-01-26T07:24:50","slug":"lame-massante-electrique-pour-fascia","status":"publish","type":"product","link":"https:\/\/pophaw.com\/fr\/product\/lame-massante-electrique-pour-fascia\/","title":{"rendered":"Lame massante \u00e9lectrique pour les fascias"},"content":{"rendered":"<p>Outil de grattage tout-en-un : Il s'adapte parfaitement \u00e0 toutes les parties du corps. Par rapport \u00e0 un pistolet \u00e9lectrique, la lame du masseur de fascias est r\u00e9partie plus uniform\u00e9ment et n'est pas douloureuse. La surface incurv\u00e9e de l'hyperlame augmente la temp\u00e9rature par frottement et permet de r\u00e9cup\u00e9rer plus rapidement et plus confortablement.<br \/>\nTh\u00e9rapie avanc\u00e9e de stimulation \u00e9lectrique des muscles : La stimulation \u00e9lectrique neuromusculaire a \u00e9t\u00e9 d\u00e9velopp\u00e9e \u00e0 l'origine pour les astronautes afin de pr\u00e9venir l'atrophie musculaire dans les situations d'apesanteur (manque d'exercices) et a \u00e9t\u00e9 largement utilis\u00e9e dans les domaines de la kin\u00e9sith\u00e9rapie, de l'entra\u00eenement physique et de la r\u00e9\u00e9ducation musculaire en raison de son effet remarquable sur la stimulation musculaire. L'Hyperblade peut g\u00e9n\u00e9rer une th\u00e9rapie de stimulation musculaire \u00e9lectrique qui agit directement dans la zone musculaire profonde, aide \u00e0 stimuler les couches musculaires les plus profondes et procure un plus grand soulagement.<br \/>\nRechargeable par USB et massage complet du corps : La batterie au lithium haute performance de 1100 mAh permet une utilisation continue de 6 \u00e0 8 heures (selon le niveau). Jusqu'\u00e0 2 semaines d'endurance pour une utilisation normale (30 minutes par jour). Cette lame \u00e9lectronique peut s'appliquer \u00e0 la plupart des parties du corps, comme le cou, le dos, le trap\u00e8ze, la paume, la cuisse, l'\u00e9paule, la taille, l'avant-bras, le mollet, etc.<br \/>\nPortable et l\u00e9ger : L\u00e9g\u00e8re, elle est livr\u00e9e avec un \u00e9tui de transport \u00e9labor\u00e9. Vous pouvez transporter cette lame \u00e9lectronique au bureau, en voyage ou en d\u00e9placement professionnel \u00e0 tout moment et en tout lieu, si vous le souhaitez, ce qui est bien plus pratique pour vous !<\/p>\n<ol>\n<li>Lame de massage ergonomique : sp\u00e9cialement con\u00e7ue pour s'adapter aux diff\u00e9rents contours du corps, y compris le cou, les articulations, la taille, les jambes, les bras, les mains, les \u00e9paules et le dos.<\/li>\n<li>Th\u00e9rapie \u00e0 double action : Combinant les micro-courants et les micro-vibrations, notre masseur utilise la technologie NMES de pointe pour p\u00e9n\u00e9trer en profondeur dans les tissus musculaires et offrir une exp\u00e9rience de massage vraiment efficace.<\/li>\n<li>Att\u00e9nue les raideurs et les douleurs musculaires : Am\u00e9liore la circulation sanguine tout en r\u00e9duisant efficacement les raideurs et les douleurs musculaires, favorisant ainsi la relaxation et le bien-\u00eatre.<\/li>\n<li>Intensit\u00e9 personnalisable : Avec trois niveaux r\u00e9glables, adaptez votre massage \u00e0 vos pr\u00e9f\u00e9rences et \u00e0 vos besoins.<\/li>\n<li>Interrupteur tactile NMES intelligent : Assure un fonctionnement s\u00fbr en activant le NMES uniquement lorsque la lame m\u00e9tallique entre en contact avec la peau, offrant ainsi une grande tranquillit\u00e9 d'esprit lors de l'utilisation.<\/li>\n<li>D\u00e9tection automatis\u00e9e des acupoints : L'hyperblade localise intelligemment les acupoints, vous invitant \u00e0 appliquer un massage par pression lorsque la sensation NMES est ressentie, am\u00e9liorant ainsi le soulagement cibl\u00e9.<\/li>\n<li>Batterie longue dur\u00e9e : \u00c9quip\u00e9 d'une puissante batterie au lithium de 1100mAh, il offre jusqu'\u00e0 14 jours d'utilisation avec seulement 30 minutes d'utilisation quotidienne, garantissant ainsi une relaxation et une r\u00e9cup\u00e9ration ininterrompues.<\/li>\n<li>Application polyvalente : Id\u00e9al pour la r\u00e9cup\u00e9ration de la fatigue apr\u00e8s l'entra\u00eenement, la r\u00e9\u00e9ducation des blessures sportives, le soulagement de la douleur apr\u00e8s la convalescence chirurgicale et la r\u00e9duction des r\u00e9actions inflammatoires, facilitant ainsi la gu\u00e9rison holistique et le bien-\u00eatre.<\/li>\n<\/ol>","protected":false},"excerpt":{"rendered":"<p>La lame est mieux r\u00e9partie et n'est pas douloureuse.<\/p>","protected":false},"featured_media":9614,"template":"","meta":{"bwfblock_default_font":"","_uag_custom_page_level_css":"","site-sidebar-layout":"default","site-content-layout":"","ast-site-content-layout":"default","site-content-style":"default","site-sidebar-style":"default","ast-global-header-display":"","ast-banner-title-visibility":"","ast-main-header-display":"","ast-hfb-above-header-display":"","ast-hfb-below-header-display":"","ast-hfb-mobile-header-display":"","site-post-title":"","ast-breadcrumbs-content":"","ast-featured-img":"","footer-sml-layout":"","ast-disable-related-posts":"","theme-transparent-header-meta":"default","adv-header-id-meta":"","stick-header-meta":"default","header-above-stick-meta":"","header-main-stick-meta":"","header-below-stick-meta":"","astra-migrate-meta-layouts":"set","ast-page-background-enabled":"default","ast-page-background-meta":{"desktop":{"background-color":"","background-image":"","background-repeat":"repeat","background-position":"center center","background-size":"auto","background-attachment":"scroll","background-type":"","background-media":"","overlay-type":"","overlay-color":"","overlay-opacity":"","overlay-gradient":""},"tablet":{"background-color":"","background-image":"","background-repeat":"repeat","background-position":"center center","background-size":"auto","background-attachment":"scroll","background-type":"","background-media":"","overlay-type":"","overlay-color":"","overlay-opacity":"","overlay-gradient":""},"mobile":{"background-color":"","background-image":"","background-repeat":"repeat","background-position":"center center","background-size":"auto","background-attachment":"scroll","background-type":"","background-media":"","overlay-type":"","overlay-color":"","overlay-opacity":"","overlay-gradient":""}},"ast-content-background-meta":{"desktop":{"background-color":"var(--ast-global-color-5)","background-image":"","background-repeat":"repeat","background-position":"center center","background-size":"auto","background-attachment":"scroll","background-type":"","background-media":"","overlay-type":"","overlay-color":"","overlay-opacity":"","overlay-gradient":""},"tablet":{"background-color":"var(--ast-global-color-5)","background-image":"","background-repeat":"repeat","background-position":"center center","background-size":"auto","background-attachment":"scroll","background-type":"","background-media":"","overlay-type":"","overlay-color":"","overlay-opacity":"","overlay-gradient":""},"mobile":{"background-color":"var(--ast-global-color-5)","background-image":"","background-repeat":"repeat","background-position":"center center","background-size":"auto","background-attachment":"scroll","background-type":"","background-media":"","overlay-type":"","overlay-color":"","overlay-opacity":"","overlay-gradient":""}}},"product_brand":[73],"product_cat":[340,103,336,99],"product_tag":[],"class_list":{"0":"post-9612","1":"product","2":"type-product","3":"status-publish","4":"has-post-thumbnail","6":"product_brand-pophaw","7":"product_cat-massager","8":"product_cat-fitness-weight-management","9":"product_cat-healthcare-products","10":"product_cat-home-medical-supplies","11":"desktop-align-center","12":"tablet-align-center","13":"mobile-align-center","14":"ast-product-gallery-layout-horizontal-slider","15":"ast-magnify-disabled","16":"ast-product-tabs-layout-horizontal","18":"first","19":"instock","20":"shipping-taxable","21":"purchasable","22":"product-type-simple"},"spectra_custom_meta":{"_edit_lock":["1737876292:1"],"_edit_last":["1"],"rank_math_seo_score":["84"],"rank_math_focus_keyword":["Fascia Massager Blade"],"_thumbnail_id":["9614"],"_admin_notes":["https:\/\/www.ebay.com\/itm\/395591931003\r\nhttps:\/\/www.ebay.com\/itm\/196896587604"],"_custom_product_field":[""],"total_sales":["0"],"_tax_status":["taxable"],"_tax_class":[""],"_manage_stock":["no"],"_backorders":["no"],"_sold_individually":["no"],"_virtual":["no"],"_downloadable":["no"],"_download_limit":["-1"],"_download_expiry":["-1"],"_stock":[null],"_stock_status":["instock"],"_wc_average_rating":["0"],"_wc_review_count":["0"],"_product_version":["9.6.0"],"_wc_gla_visibility":["sync-and-show"],"_wc_gla_sync_status":["synced"],"_wc_facebook_sync_enabled":["yes"],"fb_visibility":["yes"],"fb_product_description":[""],"_wc_facebook_product_image_source":["product"],"_wc_facebook_commerce_enabled":["no"],"fb_product_group_id":["8881292075289926"],"rank_math_primary_product_brand":["73"],"rank_math_primary_product_cat":["340"],"rank_math_primary_fb_product_set":["0"],"site-sidebar-layout":["default"],"ast-site-content-layout":["default"],"site-content-style":["default"],"site-sidebar-style":["default"],"theme-transparent-header-meta":["default"],"stick-header-meta":["default"],"rank_math_analytic_object_id":["184"],"fb_product_item_id":["8881292351956565"],"rank_math_description":["All-in-One Scraping Tool: This perfectly fits any of the body parts. Compared with an e-gun, the fascia massager blade is more evenly distributed and not painful."],"_sku":["EB218031"],"_regular_price":["39.99"],"_price":["39.99"],"rank_math_auto_redirect":["a:1:{i:0;i:40;}"],"_wp_old_slug":["electric-fascial-massage-blade"],"_product_image_gallery":["9616,9617,9621,9623,9618,9619,9620,9622"],"_wc_gla_synced_at":["1776049267"],"_wc_gla_google_ids":["a:1:{s:2:\"US\";s:21:\"online:en:US:gla_9612\";}"],"_global_unique_id":["17841900187374"],"astra-migrate-meta-layouts":["set"],"wp_statistics_words_count":["390"],"wpil_sync_report3":["1"],"wpil_links_inbound_internal_count":["0"],"wpil_links_inbound_internal_count_data":["eJxLtDKwqq4FAAZPAf4="],"wpil_links_outbound_internal_count":["0"],"wpil_links_outbound_internal_count_data":["eJxLtDKwqq4FAAZPAf4="],"wpil_links_outbound_external_count":["0"],"wpil_links_outbound_external_count_data":["eJxLtDKwqq4FAAZPAf4="],"wpil_sync_report2_time":["2025-01-27T07:29:10+00:00"],"omnisend_last_sync":["2025-05-16T11:05:10+00:00"],"surerank_settings_general":["a:7:{s:9:\"separator\";s:1:\"-\";s:10:\"page_title\";s:21:\"%title% - %site_name%\";s:25:\"auto_generate_description\";b:1;s:16:\"page_description\";s:162:\"All-in-One Scraping Tool: This perfectly fits any of the body parts. Compared with an e-gun, the fascia massager blade is more evenly distributed and not painful.\";s:16:\"auto_description\";s:153:\"All-in-One Scraping Tool: This perfectly fits any of the body parts. Compared with an e-gun, the fascia massager blade is more evenly distributed and not\";s:14:\"fallback_image\";s:0:\"\";s:13:\"canonical_url\";s:58:\"https:\/\/pophaw.com\/product\/electric-fascia-massager-blade\/\";}"],"surerank_settings_post_no_index":["no"],"surerank_settings_post_no_follow":["no"],"surerank_settings_post_no_archive":["no"],"surerank_settings_social":["a:23:{s:15:\"open_graph_tags\";b:1;s:18:\"facebook_meta_tags\";b:1;s:17:\"twitter_meta_tags\";b:1;s:16:\"oembeded_scripts\";b:1;s:17:\"oembeded_og_title\";b:1;s:22:\"oembeded_social_images\";b:1;s:27:\"oembeded_remove_author_name\";b:1;s:17:\"facebook_page_url\";s:54:\"https:\/\/www.facebook.com\/profile.php?id=61571207938497\";s:24:\"facebook_author_fallback\";s:0:\"\";s:17:\"twitter_card_type\";s:19:\"summary_large_image\";s:24:\"twitter_same_as_facebook\";b:1;s:24:\"twitter_profile_username\";s:0:\"\";s:24:\"twitter_profile_fallback\";s:0:\"\";s:14:\"facebook_title\";s:21:\"%title% - %site_name%\";s:20:\"facebook_description\";s:9:\"%content%\";s:18:\"facebook_image_url\";s:72:\"https:\/\/pophaw.com\/wp-content\/uploads\/2024\/12\/Fascial-Massage-Blade.webp\";s:17:\"facebook_image_id\";i:9614;s:20:\"facebook_image_width\";i:800;s:21:\"facebook_image_height\";i:800;s:13:\"twitter_title\";s:21:\"%title% - %site_name%\";s:19:\"twitter_description\";s:9:\"%content%\";s:17:\"twitter_image_url\";s:72:\"https:\/\/pophaw.com\/wp-content\/uploads\/2024\/12\/Fascial-Massage-Blade.webp\";s:16:\"twitter_image_id\";i:9614;}"],"surerank_migration":["1"],"astra_style_timestamp_css":["1776919385"],"wwpp_product_wholesale_visibility_filter":["all"],"_uag_css_file_name":["uag-css-9612.css"],"rank_math_internal_links_processed":["1"],"_uag_page_assets":["a:9:{s:3:\"css\";s:260:\".uag-blocks-common-selector{z-index:var(--z-index-desktop) !important}@media(max-width: 976px){.uag-blocks-common-selector{z-index:var(--z-index-tablet) !important}}@media(max-width: 767px){.uag-blocks-common-selector{z-index:var(--z-index-mobile) !important}}\";s:2:\"js\";s:0:\"\";s:18:\"current_block_list\";a:15:{i:0;s:23:\"surecart\/slide-out-cart\";i:1;s:30:\"surecart\/slide-out-cart-header\";i:2;s:29:\"surecart\/slide-out-cart-items\";i:3;s:30:\"surecart\/slide-out-cart-coupon\";i:4;s:32:\"surecart\/slide-out-cart-subtotal\";i:5;s:38:\"surecart\/slide-out-cart-bump-line-item\";i:6;s:30:\"surecart\/slide-out-cart-submit\";i:7;s:11:\"core\/search\";i:8;s:10:\"core\/group\";i:9;s:12:\"core\/heading\";i:10;s:17:\"core\/latest-posts\";i:11;s:20:\"core\/latest-comments\";i:12;s:13:\"core\/archives\";i:13;s:15:\"core\/categories\";i:14;s:14:\"core\/shortcode\";}s:8:\"uag_flag\";b:0;s:11:\"uag_version\";s:10:\"1776869369\";s:6:\"gfonts\";a:0:{}s:10:\"gfonts_url\";s:0:\"\";s:12:\"gfonts_files\";a:0:{}s:14:\"uag_faq_layout\";b:0;}"],"_wc_gla_mc_status":["approved"]},"uagb_featured_image_src":{"full":["https:\/\/pophaw.com\/wp-content\/uploads\/2024\/12\/Fascial-Massage-Blade.webp",800,800,false],"thumbnail":["https:\/\/pophaw.com\/wp-content\/uploads\/2024\/12\/Fascial-Massage-Blade-150x150.webp",150,150,true],"medium":["https:\/\/pophaw.com\/wp-content\/uploads\/2024\/12\/Fascial-Massage-Blade-300x300.webp",300,300,true],"medium_large":["https:\/\/pophaw.com\/wp-content\/uploads\/2024\/12\/Fascial-Massage-Blade-768x768.webp",768,768,true],"large":["https:\/\/pophaw.com\/wp-content\/uploads\/2024\/12\/Fascial-Massage-Blade.webp",800,800,false],"ryviu-small":["https:\/\/pophaw.com\/wp-content\/uploads\/2024\/12\/Fascial-Massage-Blade.webp",40,40,false],"ryviu-medium":["https:\/\/pophaw.com\/wp-content\/uploads\/2024\/12\/Fascial-Massage-Blade.webp",132,132,false],"1536x1536":["https:\/\/pophaw.com\/wp-content\/uploads\/2024\/12\/Fascial-Massage-Blade.webp",800,800,false],"2048x2048":["https:\/\/pophaw.com\/wp-content\/uploads\/2024\/12\/Fascial-Massage-Blade.webp",800,800,false],"trp-custom-language-flag":["https:\/\/pophaw.com\/wp-content\/uploads\/2024\/12\/Fascial-Massage-Blade.webp",12,12,false],"woocommerce_thumbnail":["https:\/\/pophaw.com\/wp-content\/uploads\/2024\/12\/Fascial-Massage-Blade-300x300.webp",300,300,true],"woocommerce_single":["https:\/\/pophaw.com\/wp-content\/uploads\/2024\/12\/Fascial-Massage-Blade-600x600.webp",600,600,true],"woocommerce_gallery_thumbnail":["https:\/\/pophaw.com\/wp-content\/uploads\/2024\/12\/Fascial-Massage-Blade-100x100.webp",100,100,true]},"uagb_author_info":{"display_name":"Dr. Rowan","author_link":"https:\/\/pophaw.com\/fr\/author\/"},"uagb_comment_info":0,"uagb_excerpt":"The blade is more evenly distributed and not painful.","_links":{"self":[{"href":"https:\/\/pophaw.com\/fr\/wp-json\/wp\/v2\/product\/9612","targetHints":{"allow":["GET"]}}],"collection":[{"href":"https:\/\/pophaw.com\/fr\/wp-json\/wp\/v2\/product"}],"about":[{"href":"https:\/\/pophaw.com\/fr\/wp-json\/wp\/v2\/types\/product"}],"wp:featuredmedia":[{"embeddable":true,"href":"https:\/\/pophaw.com\/fr\/wp-json\/wp\/v2\/media\/9614"}],"wp:attachment":[{"href":"https:\/\/pophaw.com\/fr\/wp-json\/wp\/v2\/media?parent=9612"}],"wp:term":[{"taxonomy":"product_brand","embeddable":true,"href":"https:\/\/pophaw.com\/fr\/wp-json\/wp\/v2\/product_brand?post=9612"},{"taxonomy":"product_cat","embeddable":true,"href":"https:\/\/pophaw.com\/fr\/wp-json\/wp\/v2\/product_cat?post=9612"},{"taxonomy":"product_tag","embeddable":true,"href":"https:\/\/pophaw.com\/fr\/wp-json\/wp\/v2\/product_tag?post=9612"}],"curies":[{"name":"wp","href":"https:\/\/api.w.org\/{rel}","templated":true}]}}