{"id":9624,"date":"2024-12-30T23:57:29","date_gmt":"2024-12-31T07:57:29","guid":{"rendered":"https:\/\/pophaw.com\/?post_type=product&#038;p=9624"},"modified":"2025-01-25T23:25:05","modified_gmt":"2025-01-26T07:25:05","slug":"sac-de-desinfection-portable-uv-c","status":"publish","type":"product","link":"https:\/\/pophaw.com\/fr\/product\/sac-de-desinfection-portable-uv-c\/","title":{"rendered":"Sac de d\u00e9sinfection portable UV-C pour CPAP, t\u00e9l\u00e9phone et bouteilles"},"content":{"rendered":"<p>Notre sac d\u00e9sinfectant portable UV-C utilise la technologie de la lumi\u00e8re UV-C pour d\u00e9sinfecter et st\u00e9riliser les articles m\u00e9nagers et les accessoires de petite et moyenne taille, d\u00e9truisant les micro-organismes nocifs dans les transports publics, \u00e0 l'a\u00e9roport, au bureau, dans la salle de classe et \u00e0 la salle de sport, afin de vous garder plus en s\u00e9curit\u00e9.<\/p>\n<p>Laissez-nous vous aider \u00e0 prendre votre journ\u00e9e en main, afin que vous puissiez affronter le monde ! L'appareil utilise la technologie de la lumi\u00e8re LED UV-C et aide \u00e0 d\u00e9sinfecter vos articles m\u00e9nagers des bact\u00e9ries et virus nocifs. Sa conception polyvalente permet d'y placer des objets personnels tels qu'une brosse \u00e0 maquillage, des jouets, des cl\u00e9s, des lunettes, des t\u00e9l\u00e9phones, des chaussures, des tablettes et bien plus encore. Le mat\u00e9riau r\u00e9fl\u00e9chissant sp\u00e9cial \u00e0 l'int\u00e9rieur permet une d\u00e9sinfection ultime et une lutte contre les odeurs, et la fonction de double \u00e9clairage vous permet de nettoyer les deux c\u00f4t\u00e9s de votre appareil en 60 secondes environ.<br \/>\n\u201c-Assainit rapidement les deux c\u00f4t\u00e9s - 60 secondes<br \/>\n-ARR\u00caT AUTOMATIQUE<br \/>\n-CONCEPTION PORTABLE ET PLIABLE<br \/>\n-SORTIE UV-C : 2mw-4mw\u201d.\u201d<br \/>\nEmplacement : \u00c9tag\u00e8re 101<\/p>\n<p><img decoding=\"async\" src=\"https:\/\/www.bulksavemed.com\/wp-content\/uploads\/2024\/05\/UVC_Technology_Compressed_480x480.webp\" alt=\"\"><\/p>\n<p><strong>Pour une pr\u00e9sentation et une utilisation d\u00e9taill\u00e9es, veuillez vous r\u00e9f\u00e9rer \u00e0 l'article :<\/strong><\/p>\n<p class=\"entry-title\"><a href=\"https:\/\/pophaw.com\/fr\/the-pros-and-cons-of-cpap-machine-cleaning-methods\/\">\u201cLes avantages et les inconv\u00e9nients des m\u00e9thodes de nettoyage des appareils de PPC<\/a><a href=\"https:\/\/pophaw.com\/fr\/the-pros-and-cons-of-cpap-machine-cleaning-methods\/\">\u201d<\/a><\/p>","protected":false},"excerpt":{"rendered":"<p>Invite \u00e0 l'ouverture des sens et au bien-\u00eatre.<\/p>","protected":false},"featured_media":9625,"template":"","meta":{"bwfblock_default_font":"","_uag_custom_page_level_css":"","site-sidebar-layout":"default","site-content-layout":"","ast-site-content-layout":"default","site-content-style":"default","site-sidebar-style":"default","ast-global-header-display":"","ast-banner-title-visibility":"","ast-main-header-display":"","ast-hfb-above-header-display":"","ast-hfb-below-header-display":"","ast-hfb-mobile-header-display":"","site-post-title":"","ast-breadcrumbs-content":"","ast-featured-img":"","footer-sml-layout":"","ast-disable-related-posts":"","theme-transparent-header-meta":"default","adv-header-id-meta":"","stick-header-meta":"default","header-above-stick-meta":"","header-main-stick-meta":"","header-below-stick-meta":"","astra-migrate-meta-layouts":"set","ast-page-background-enabled":"default","ast-page-background-meta":{"desktop":{"background-color":"","background-image":"","background-repeat":"repeat","background-position":"center center","background-size":"auto","background-attachment":"scroll","background-type":"","background-media":"","overlay-type":"","overlay-color":"","overlay-opacity":"","overlay-gradient":""},"tablet":{"background-color":"","background-image":"","background-repeat":"repeat","background-position":"center center","background-size":"auto","background-attachment":"scroll","background-type":"","background-media":"","overlay-type":"","overlay-color":"","overlay-opacity":"","overlay-gradient":""},"mobile":{"background-color":"","background-image":"","background-repeat":"repeat","background-position":"center center","background-size":"auto","background-attachment":"scroll","background-type":"","background-media":"","overlay-type":"","overlay-color":"","overlay-opacity":"","overlay-gradient":""}},"ast-content-background-meta":{"desktop":{"background-color":"var(--ast-global-color-5)","background-image":"","background-repeat":"repeat","background-position":"center center","background-size":"auto","background-attachment":"scroll","background-type":"","background-media":"","overlay-type":"","overlay-color":"","overlay-opacity":"","overlay-gradient":""},"tablet":{"background-color":"var(--ast-global-color-5)","background-image":"","background-repeat":"repeat","background-position":"center center","background-size":"auto","background-attachment":"scroll","background-type":"","background-media":"","overlay-type":"","overlay-color":"","overlay-opacity":"","overlay-gradient":""},"mobile":{"background-color":"var(--ast-global-color-5)","background-image":"","background-repeat":"repeat","background-position":"center center","background-size":"auto","background-attachment":"scroll","background-type":"","background-media":"","overlay-type":"","overlay-color":"","overlay-opacity":"","overlay-gradient":""}}},"product_brand":[73],"product_cat":[343,307,336,305],"product_tag":[],"class_list":{"0":"post-9624","1":"product","2":"type-product","3":"status-publish","4":"has-post-thumbnail","6":"product_brand-pophaw","7":"product_cat-cpap-machine","8":"product_cat-cpap-machines-accessories","9":"product_cat-healthcare-products","10":"product_cat-respiratory-care-products","11":"desktop-align-center","12":"tablet-align-center","13":"mobile-align-center","14":"ast-product-gallery-layout-horizontal-slider","15":"ast-magnify-disabled","16":"ast-product-tabs-layout-horizontal","18":"first","19":"instock","20":"shipping-taxable","21":"purchasable","22":"product-type-simple"},"spectra_custom_meta":{"_edit_lock":["1738909401:1"],"_edit_last":["1"],"rank_math_seo_score":["84"],"rank_math_focus_keyword":["Portable Sanitizer Bag"],"rank_math_description":["Our UV-C portable sanitizer bag uses UV-C light technology to disinfect and sterilize small to medium-sized household items and accessories, destroying harmful microorganisms from public transportation, the airport, the office, the classroom, and the gym to keep you safer."],"_thumbnail_id":["9625"],"_admin_notes":["https:\/\/www.ebay.com\/itm\/225178501773"],"_custom_product_field":[""],"_sku":["EB218032"],"_regular_price":["39.99"],"total_sales":["0"],"_tax_status":["taxable"],"_tax_class":[""],"_manage_stock":["no"],"_backorders":["no"],"_sold_individually":["no"],"_virtual":["no"],"_downloadable":["no"],"_download_limit":["-1"],"_download_expiry":["-1"],"_stock":[null],"_stock_status":["instock"],"_wc_average_rating":["0"],"_wc_review_count":["0"],"_product_version":["9.6.0"],"_price":["39.99"],"_wc_gla_visibility":["sync-and-show"],"_wc_gla_sync_status":["synced"],"_product_image_gallery":["9626"],"_wc_facebook_sync_enabled":["yes"],"fb_visibility":["yes"],"fb_product_description":[""],"_wc_facebook_product_image_source":["product"],"_wc_facebook_commerce_enabled":["no"],"fb_product_group_id":["8948261911961211"],"rank_math_primary_product_brand":["73"],"rank_math_primary_product_cat":["343"],"rank_math_primary_fb_product_set":["0"],"site-sidebar-layout":["default"],"ast-site-content-layout":["default"],"site-content-style":["default"],"site-sidebar-style":["default"],"theme-transparent-header-meta":["default"],"stick-header-meta":["default"],"rank_math_analytic_object_id":["185"],"fb_product_item_id":["8948262145294521"],"_wc_gla_synced_at":["1776049267"],"_wc_gla_google_ids":["a:1:{s:2:\"US\";s:21:\"online:en:US:gla_9624\";}"],"_global_unique_id":["17841900187381"],"astra-migrate-meta-layouts":["set"],"wp_statistics_words_count":["160"],"wpil_sync_report3":["1"],"wpil_links_inbound_internal_count":["0"],"wpil_links_inbound_internal_count_data":["eJxLtDKwqq4FAAZPAf4="],"wpil_links_outbound_internal_count":["2"],"wpil_links_outbound_internal_count_data":["eJzdkUFOAzEMRa8SZR9mpqUUuSvULYUukFhGaZI2UTNJNMmooKoSB4HLcRKcmQrKEWBnW1\/+z98CJnC0UC8eoZkBfY7W8VVQ2vF76\/cUmikcE8yBOmy5VXRRxAmmQPvOUazmNVCTc0xQVTFEIw5XMrRVNprFLiQmvGIy+MTClskoImuFNNZrJp0W3voda3U2QaWqbLvGZSHlUja4+GdhmdwCtT7rzgt03kAz6uOgf8DmBqjw0oSuiGeI+Pn2\/mQ0WSMHQQ6yRA4StmS5vluT1chBlmcOsho5Bm\/MQiilFd+88uj6nfXFsR4hXJAi2+CH84HidVn7gXlSn5M6GJui7rjstMj6O7amwRMSF30ORXY5zp2Qe8S4CLmM26B6p\/kv9eRsMhi\/5HF+shjIv\/vi8MSPv\/qS0xdEwR0G"],"wpil_links_outbound_external_count":["0"],"wpil_links_outbound_external_count_data":["eJxLtDKwqq4FAAZPAf4="],"wpil_sync_report2_time":["2025-01-27T07:29:10+00:00"],"classic-editor-remember":["classic-editor"],"omnisend_last_sync":["2025-05-16T11:05:10+00:00"],"surerank_settings_general":["a:7:{s:9:\"separator\";s:1:\"-\";s:10:\"page_title\";s:21:\"%title% - %site_name%\";s:25:\"auto_generate_description\";b:1;s:16:\"page_description\";s:273:\"Our UV-C portable sanitizer bag uses UV-C light technology to disinfect and sterilize small to medium-sized household items and accessories, destroying harmful microorganisms from public transportation, the airport, the office, the classroom, and the gym to keep you safer.\";s:16:\"auto_description\";s:159:\"Our UV-C portable sanitizer bag uses UV-C light technology to disinfect and sterilize small to medium-sized household items and accessories, destroying harmful\";s:14:\"fallback_image\";s:0:\"\";s:13:\"canonical_url\";s:55:\"https:\/\/pophaw.com\/product\/uv-c-portable-sanitizer-bag\/\";}"],"surerank_settings_post_no_index":["no"],"surerank_settings_post_no_follow":["no"],"surerank_settings_post_no_archive":["no"],"surerank_settings_social":["a:23:{s:15:\"open_graph_tags\";b:1;s:18:\"facebook_meta_tags\";b:1;s:17:\"twitter_meta_tags\";b:1;s:16:\"oembeded_scripts\";b:1;s:17:\"oembeded_og_title\";b:1;s:22:\"oembeded_social_images\";b:1;s:27:\"oembeded_remove_author_name\";b:1;s:17:\"facebook_page_url\";s:54:\"https:\/\/www.facebook.com\/profile.php?id=61571207938497\";s:24:\"facebook_author_fallback\";s:0:\"\";s:17:\"twitter_card_type\";s:19:\"summary_large_image\";s:24:\"twitter_same_as_facebook\";b:1;s:24:\"twitter_profile_username\";s:0:\"\";s:24:\"twitter_profile_fallback\";s:0:\"\";s:14:\"facebook_title\";s:21:\"%title% - %site_name%\";s:20:\"facebook_description\";s:9:\"%content%\";s:18:\"facebook_image_url\";s:59:\"https:\/\/pophaw.com\/wp-content\/uploads\/2024\/12\/10001-10.webp\";s:17:\"facebook_image_id\";i:9625;s:20:\"facebook_image_width\";i:1500;s:21:\"facebook_image_height\";i:1500;s:13:\"twitter_title\";s:21:\"%title% - %site_name%\";s:19:\"twitter_description\";s:9:\"%content%\";s:17:\"twitter_image_url\";s:59:\"https:\/\/pophaw.com\/wp-content\/uploads\/2024\/12\/10001-10.webp\";s:16:\"twitter_image_id\";i:9625;}"],"surerank_migration":["1"],"astra_style_timestamp_css":["1776895713"],"wwpp_product_wholesale_visibility_filter":["all"],"_uag_css_file_name":["uag-css-9624.css"],"rank_math_internal_links_processed":["1"],"_uag_page_assets":["a:9:{s:3:\"css\";s:260:\".uag-blocks-common-selector{z-index:var(--z-index-desktop) !important}@media(max-width: 976px){.uag-blocks-common-selector{z-index:var(--z-index-tablet) !important}}@media(max-width: 767px){.uag-blocks-common-selector{z-index:var(--z-index-mobile) !important}}\";s:2:\"js\";s:0:\"\";s:18:\"current_block_list\";a:15:{i:0;s:23:\"surecart\/slide-out-cart\";i:1;s:30:\"surecart\/slide-out-cart-header\";i:2;s:29:\"surecart\/slide-out-cart-items\";i:3;s:30:\"surecart\/slide-out-cart-coupon\";i:4;s:32:\"surecart\/slide-out-cart-subtotal\";i:5;s:38:\"surecart\/slide-out-cart-bump-line-item\";i:6;s:30:\"surecart\/slide-out-cart-submit\";i:7;s:11:\"core\/search\";i:8;s:10:\"core\/group\";i:9;s:12:\"core\/heading\";i:10;s:17:\"core\/latest-posts\";i:11;s:20:\"core\/latest-comments\";i:12;s:13:\"core\/archives\";i:13;s:15:\"core\/categories\";i:14;s:14:\"core\/shortcode\";}s:8:\"uag_flag\";b:0;s:11:\"uag_version\";s:10:\"1776869369\";s:6:\"gfonts\";a:0:{}s:10:\"gfonts_url\";s:0:\"\";s:12:\"gfonts_files\";a:0:{}s:14:\"uag_faq_layout\";b:0;}"],"_wc_gla_mc_status":["approved"]},"uagb_featured_image_src":{"full":["https:\/\/pophaw.com\/wp-content\/uploads\/2024\/12\/10001-10.webp",1500,1500,false],"thumbnail":["https:\/\/pophaw.com\/wp-content\/uploads\/2024\/12\/10001-10-150x150.webp",150,150,true],"medium":["https:\/\/pophaw.com\/wp-content\/uploads\/2024\/12\/10001-10-300x300.webp",300,300,true],"medium_large":["https:\/\/pophaw.com\/wp-content\/uploads\/2024\/12\/10001-10-768x768.webp",768,768,true],"large":["https:\/\/pophaw.com\/wp-content\/uploads\/2024\/12\/10001-10-1024x1024.webp",1024,1024,true],"ryviu-small":["https:\/\/pophaw.com\/wp-content\/uploads\/2024\/12\/10001-10.webp",40,40,false],"ryviu-medium":["https:\/\/pophaw.com\/wp-content\/uploads\/2024\/12\/10001-10.webp",132,132,false],"1536x1536":["https:\/\/pophaw.com\/wp-content\/uploads\/2024\/12\/10001-10.webp",1500,1500,false],"2048x2048":["https:\/\/pophaw.com\/wp-content\/uploads\/2024\/12\/10001-10.webp",1500,1500,false],"trp-custom-language-flag":["https:\/\/pophaw.com\/wp-content\/uploads\/2024\/12\/10001-10.webp",12,12,false],"woocommerce_thumbnail":["https:\/\/pophaw.com\/wp-content\/uploads\/2024\/12\/10001-10-300x300.webp",300,300,true],"woocommerce_single":["https:\/\/pophaw.com\/wp-content\/uploads\/2024\/12\/10001-10-600x600.webp",600,600,true],"woocommerce_gallery_thumbnail":["https:\/\/pophaw.com\/wp-content\/uploads\/2024\/12\/10001-10-100x100.webp",100,100,true]},"uagb_author_info":{"display_name":"Dr. Rowan","author_link":"https:\/\/pophaw.com\/fr\/author\/"},"uagb_comment_info":0,"uagb_excerpt":"Invites you to open your senses and enhance your well-being.","_links":{"self":[{"href":"https:\/\/pophaw.com\/fr\/wp-json\/wp\/v2\/product\/9624","targetHints":{"allow":["GET"]}}],"collection":[{"href":"https:\/\/pophaw.com\/fr\/wp-json\/wp\/v2\/product"}],"about":[{"href":"https:\/\/pophaw.com\/fr\/wp-json\/wp\/v2\/types\/product"}],"wp:featuredmedia":[{"embeddable":true,"href":"https:\/\/pophaw.com\/fr\/wp-json\/wp\/v2\/media\/9625"}],"wp:attachment":[{"href":"https:\/\/pophaw.com\/fr\/wp-json\/wp\/v2\/media?parent=9624"}],"wp:term":[{"taxonomy":"product_brand","embeddable":true,"href":"https:\/\/pophaw.com\/fr\/wp-json\/wp\/v2\/product_brand?post=9624"},{"taxonomy":"product_cat","embeddable":true,"href":"https:\/\/pophaw.com\/fr\/wp-json\/wp\/v2\/product_cat?post=9624"},{"taxonomy":"product_tag","embeddable":true,"href":"https:\/\/pophaw.com\/fr\/wp-json\/wp\/v2\/product_tag?post=9624"}],"curies":[{"name":"wp","href":"https:\/\/api.w.org\/{rel}","templated":true}]}}