{"id":9893,"date":"2025-01-07T00:22:18","date_gmt":"2025-01-07T08:22:18","guid":{"rendered":"https:\/\/pophaw.com\/?post_type=product&#038;p=9893"},"modified":"2025-02-13T02:28:08","modified_gmt":"2025-02-13T10:28:08","slug":"masseur-detirement-ultra","status":"publish","type":"product","link":"https:\/\/pophaw.com\/fr\/product\/masseur-detirement-ultra\/","title":{"rendered":"Masseur Stretching Ultra"},"content":{"rendered":"<p>Stretching Massager Ultra, tapis d'\u00e9tirement automatique sans effort, soulage les douleurs dorsales et cervicales avec 3 niveaux d'intensit\u00e9, 7 programmes exceptionnels, 2 niveaux de chaleur, design pliable et portable.<\/p>\n<p>La technologie d'\u00e9tirement automatique sans effort : L'une des meilleures fa\u00e7ons de g\u00e9rer la douleur est de s'\u00e9tirer ! S'\u00e9tirer n'a jamais \u00e9t\u00e9 aussi facile : obtenez des r\u00e9sultats th\u00e9rapeutiques professionnels en seulement 10 minutes d'utilisation quotidienne. Il vous suffit de vous allonger !<\/p>\n<p>7 programmes personnalisables pour 1\/7e du prix d'un fauteuil de massage : Faites l'exp\u00e9rience de soins corporels holistiques personnalis\u00e9s, de qualit\u00e9 th\u00e9rapeute, gr\u00e2ce \u00e0 une s\u00e9rie d'options : tordre, couler, \u00e9nergiser, \u00e9tirer, se d\u00e9tendre et r\u00e9cup\u00e9rer. Adaptez votre s\u00e9ance pour un soulagement musculaire profond ou un regain d'\u00e9nergie.<\/p>\n<p>3 niveaux d'intensit\u00e9 et 2 niveaux de chauffage r\u00e9glables : Adaptez votre r\u00e9tablissement gr\u00e2ce \u00e0 3 options d'intensit\u00e9 s\u00e9lectionnables en fonction de vos probl\u00e8mes et besoins sp\u00e9cifiques. Stimulez le flux sanguin, chassez la fatigue et trouvez un r\u00e9pit \u00e0 l'inconfort gr\u00e2ce \u00e0 la th\u00e9rapie par la chaleur personnalisable, garantissant un chemin personnalis\u00e9 vers la relaxation et le rajeunissement.<\/p>\n<p>Compact, portable, facile \u00e0 entretenir : Appr\u00e9ciez la commodit\u00e9 d'une conception facile \u00e0 manipuler, dont l'entretien ne demande qu'un effort minimal, pour une d\u00e9tente en toute libert\u00e9.<\/p>\n<p>Taille : Taille : 25.5 x 51.2 pouces Limite de poids : 264 livres<\/p>\n<div style=\"width: 1920px;\" class=\"wp-video\"><video class=\"wp-video-shortcode\" id=\"video-9893-1\" width=\"1920\" height=\"1080\" preload=\"metadata\" controls=\"controls\"><source type=\"video\/mp4\" src=\"https:\/\/pophaw.com\/wp-content\/uploads\/2025\/01\/Stretching-Massager-Ultra.mp4?_=1\" \/><a href=\"https:\/\/pophaw.com\/wp-content\/uploads\/2025\/01\/Stretching-Massager-Ultra.mp4\">https:\/\/pophaw.com\/wp-content\/uploads\/2025\/01\/Stretching-Massager-Ultra.mp4<\/a><\/video><\/div>","protected":false},"excerpt":{"rendered":"<p>3 niveaux d'intensit\u00e9, 7 programmes exceptionnels, 2 niveaux de chaleur, design pliable et portable<\/p>","protected":false},"featured_media":9897,"template":"","meta":{"bwfblock_default_font":"","_uag_custom_page_level_css":"","site-sidebar-layout":"default","site-content-layout":"","ast-site-content-layout":"default","site-content-style":"default","site-sidebar-style":"default","ast-global-header-display":"","ast-banner-title-visibility":"","ast-main-header-display":"","ast-hfb-above-header-display":"","ast-hfb-below-header-display":"","ast-hfb-mobile-header-display":"","site-post-title":"","ast-breadcrumbs-content":"","ast-featured-img":"","footer-sml-layout":"","ast-disable-related-posts":"","theme-transparent-header-meta":"default","adv-header-id-meta":"","stick-header-meta":"default","header-above-stick-meta":"","header-main-stick-meta":"","header-below-stick-meta":"","astra-migrate-meta-layouts":"set","ast-page-background-enabled":"default","ast-page-background-meta":{"desktop":{"background-color":"","background-image":"","background-repeat":"repeat","background-position":"center center","background-size":"auto","background-attachment":"scroll","background-type":"","background-media":"","overlay-type":"","overlay-color":"","overlay-opacity":"","overlay-gradient":""},"tablet":{"background-color":"","background-image":"","background-repeat":"repeat","background-position":"center center","background-size":"auto","background-attachment":"scroll","background-type":"","background-media":"","overlay-type":"","overlay-color":"","overlay-opacity":"","overlay-gradient":""},"mobile":{"background-color":"","background-image":"","background-repeat":"repeat","background-position":"center center","background-size":"auto","background-attachment":"scroll","background-type":"","background-media":"","overlay-type":"","overlay-color":"","overlay-opacity":"","overlay-gradient":""}},"ast-content-background-meta":{"desktop":{"background-color":"var(--ast-global-color-5)","background-image":"","background-repeat":"repeat","background-position":"center center","background-size":"auto","background-attachment":"scroll","background-type":"","background-media":"","overlay-type":"","overlay-color":"","overlay-opacity":"","overlay-gradient":""},"tablet":{"background-color":"var(--ast-global-color-5)","background-image":"","background-repeat":"repeat","background-position":"center center","background-size":"auto","background-attachment":"scroll","background-type":"","background-media":"","overlay-type":"","overlay-color":"","overlay-opacity":"","overlay-gradient":""},"mobile":{"background-color":"var(--ast-global-color-5)","background-image":"","background-repeat":"repeat","background-position":"center center","background-size":"auto","background-attachment":"scroll","background-type":"","background-media":"","overlay-type":"","overlay-color":"","overlay-opacity":"","overlay-gradient":""}}},"product_brand":[73],"product_cat":[340,103,336],"product_tag":[],"class_list":{"0":"post-9893","1":"product","2":"type-product","3":"status-publish","4":"has-post-thumbnail","6":"product_brand-pophaw","7":"product_cat-massager","8":"product_cat-fitness-weight-management","9":"product_cat-healthcare-products","10":"desktop-align-center","11":"tablet-align-center","12":"mobile-align-center","13":"ast-product-gallery-layout-horizontal-slider","14":"ast-magnify-disabled","15":"ast-product-tabs-layout-horizontal","17":"first","18":"instock","19":"featured","20":"shipping-taxable","21":"purchasable","22":"product-type-simple"},"spectra_custom_meta":{"_edit_lock":["1737876366:1"],"_edit_last":["1"],"rank_math_schema_WooCommerceProduct":["a:2:{s:5:\"@type\";s:18:\"WooCommerceProduct\";s:8:\"metadata\";a:3:{s:5:\"title\";s:19:\"WooCommerce Product\";s:4:\"type\";s:8:\"template\";s:9:\"isPrimary\";b:1;}}"],"rank_math_seo_score":["86"],"rank_math_focus_keyword":["Stretching Massager Ultra"],"rank_math_description":["Stretching Massager Ultra, Effortless auto-Stretching Mat, Ease Back & Neck Pain with 3 Intensity Levels 7 Exceptional Programs, 2 Levels of Heat Function, Foldable & Portable Design"],"_thumbnail_id":["9897"],"_admin_notes":["https:\/\/detail.1688.com\/offer\/852597769929.html?kj_agent_plugin=aliprice&fromkv=xytTrace:2107676a17362359852924159e24a4&token=1sVZ40Pi102BgZPFFysWdB0fuRLTjJGgxufnv1w9t48zPuoTHWirfr7t7VS1QV4"],"_custom_product_field":[""],"_global_unique_id":["17841900187466"],"_regular_price":["349"],"total_sales":["0"],"_tax_status":["taxable"],"_tax_class":[""],"_manage_stock":["no"],"_backorders":["no"],"_sold_individually":["no"],"_virtual":["no"],"_downloadable":["no"],"_download_limit":["-1"],"_download_expiry":["-1"],"_stock":[null],"_stock_status":["instock"],"_wc_average_rating":["0"],"_wc_review_count":["0"],"_product_version":["9.6.1"],"_price":["349"],"_wc_gla_visibility":["sync-and-show"],"_wc_gla_sync_status":["synced"],"_product_image_gallery":["9905,9900,9901,9902,9899"],"_wc_facebook_sync_enabled":["yes"],"fb_visibility":["yes"],"fb_product_description":[""],"_wc_facebook_product_image_source":["product"],"_wc_facebook_commerce_enabled":["no"],"fb_product_group_id":["9095626663832584"],"rank_math_primary_product_brand":["73"],"rank_math_primary_product_cat":["340"],"rank_math_primary_fb_product_set":["0"],"site-sidebar-layout":["default"],"ast-site-content-layout":["default"],"site-content-style":["default"],"site-sidebar-style":["default"],"theme-transparent-header-meta":["default"],"stick-header-meta":["default"],"rank_math_analytic_object_id":["193"],"fb_product_item_id":["9095626883832562"],"_wc_gla_synced_at":["1774926044"],"_wc_gla_google_ids":["a:1:{s:2:\"US\";s:21:\"online:en:US:gla_9893\";}"],"_sku":["PH11335017"],"rank_math_schema_VideoObject":["a:12:{s:5:\"@type\";s:11:\"VideoObject\";s:8:\"metadata\";a:8:{s:5:\"title\";s:5:\"Video\";s:4:\"type\";s:8:\"template\";s:9:\"shortcode\";s:15:\"s-677cf96303feb\";s:9:\"isPrimary\";b:0;s:23:\"reviewLocationShortcode\";s:24:\"[rank_math_rich_snippet]\";s:8:\"category\";s:12:\"%categories%\";s:4:\"tags\";s:6:\"%tags%\";s:15:\"isAutoGenerated\";b:1;}s:4:\"name\";s:11:\"%seo_title%\";s:11:\"description\";s:17:\"%seo_description%\";s:10:\"uploadDate\";s:20:\"%date(Y-m-dTH:i:sP)%\";s:12:\"thumbnailUrl\";s:16:\"%post_thumbnail%\";s:8:\"embedUrl\";s:0:\"\";s:10:\"contentUrl\";s:75:\"https:\/\/pophaw.com\/wp-content\/uploads\/2025\/01\/Stretching-Massager-Ultra.mp4\";s:8:\"duration\";s:0:\"\";s:5:\"width\";i:1920;s:6:\"height\";i:1080;s:16:\"isFamilyFriendly\";b:1;}"],"classic-editor-remember":["classic-editor"],"astra-migrate-meta-layouts":["set"],"wp_statistics_words_count":["178"],"wpil_sync_report3":["1"],"wpil_links_inbound_internal_count":["0"],"wpil_links_inbound_internal_count_data":["eJxLtDKwqq4FAAZPAf4="],"wpil_links_outbound_internal_count":["1"],"wpil_links_outbound_internal_count_data":["eJy1UEFuwyAQ\/At3B3CSptp8IWkPVdUj2gCyUTAgwHKrKH8v2FabPqC3ndEwMwwCh5sBdnwFvgfyEYwVZ6+0FSfjrgT4Fm4JDkBsgcIocqziBFsgY7SkXIfyrM85JKA0+NDjtJF+oFNopHdZu0zHYD2qRFvW7inj9C1HnWVvXNecMSXsdGzebY64GcKuWu6Ko0+5npwB+XWtzDMQU3yjwxJ\/Ab7ow6x\/KeAJCDrZ+\/hP5epMqJRW4vIlgh0742oPtlSzXmI23s3hQNaUilq2jjj1JgUdhYwas\/5ZlPPysSRwzL7KHumSLq+l0cP+lR68Gq0Wf9TtGjIHf+aFv9+\/ARIJoLE="],"wpil_links_outbound_external_count":["0"],"wpil_links_outbound_external_count_data":["eJxLtDKwqq4FAAZPAf4="],"wpil_sync_report2_time":["2025-01-27T07:29:10+00:00"],"omnisend_last_sync":["2025-05-16T11:05:10+00:00"],"surerank_settings_general":["a:7:{s:9:\"separator\";s:1:\"-\";s:10:\"page_title\";s:21:\"%title% - %site_name%\";s:25:\"auto_generate_description\";b:1;s:16:\"page_description\";s:182:\"Stretching Massager Ultra, Effortless auto-Stretching Mat, Ease Back & Neck Pain with 3 Intensity Levels 7 Exceptional Programs, 2 Levels of Heat Function, Foldable & Portable Design\";s:16:\"auto_description\";s:155:\"Stretching Massager Ultra, Effortless auto-Stretching Mat, Ease Back & Neck Pain with 3 Intensity Levels 7 Exceptional Programs, 2 Levels of Heat Function,\";s:14:\"fallback_image\";s:0:\"\";s:13:\"canonical_url\";s:53:\"https:\/\/pophaw.com\/product\/stretching-massager-ultra\/\";}"],"surerank_settings_post_no_index":["no"],"surerank_settings_post_no_follow":["no"],"surerank_settings_post_no_archive":["no"],"surerank_settings_social":["a:23:{s:15:\"open_graph_tags\";b:1;s:18:\"facebook_meta_tags\";b:1;s:17:\"twitter_meta_tags\";b:1;s:16:\"oembeded_scripts\";b:1;s:17:\"oembeded_og_title\";b:1;s:22:\"oembeded_social_images\";b:1;s:27:\"oembeded_remove_author_name\";b:1;s:17:\"facebook_page_url\";s:54:\"https:\/\/www.facebook.com\/profile.php?id=61571207938497\";s:24:\"facebook_author_fallback\";s:0:\"\";s:17:\"twitter_card_type\";s:19:\"summary_large_image\";s:24:\"twitter_same_as_facebook\";b:1;s:24:\"twitter_profile_username\";s:0:\"\";s:24:\"twitter_profile_fallback\";s:0:\"\";s:14:\"facebook_title\";s:21:\"%title% - %site_name%\";s:20:\"facebook_description\";s:9:\"%content%\";s:18:\"facebook_image_url\";s:58:\"https:\/\/pophaw.com\/wp-content\/uploads\/2025\/01\/10002-2.webp\";s:17:\"facebook_image_id\";i:9897;s:20:\"facebook_image_width\";i:800;s:21:\"facebook_image_height\";i:800;s:13:\"twitter_title\";s:21:\"%title% - %site_name%\";s:19:\"twitter_description\";s:9:\"%content%\";s:17:\"twitter_image_url\";s:58:\"https:\/\/pophaw.com\/wp-content\/uploads\/2025\/01\/10002-2.webp\";s:16:\"twitter_image_id\";i:9897;}"],"surerank_migration":["1"],"astra_style_timestamp_css":["1776893670"],"wwpp_product_wholesale_visibility_filter":["all"],"_uag_css_file_name":["uag-css-9893.css"],"rank_math_internal_links_processed":["1"],"_uag_page_assets":["a:9:{s:3:\"css\";s:0:\"\";s:2:\"js\";s:0:\"\";s:18:\"current_block_list\";a:15:{i:0;s:23:\"surecart\/slide-out-cart\";i:1;s:30:\"surecart\/slide-out-cart-header\";i:2;s:29:\"surecart\/slide-out-cart-items\";i:3;s:30:\"surecart\/slide-out-cart-coupon\";i:4;s:32:\"surecart\/slide-out-cart-subtotal\";i:5;s:38:\"surecart\/slide-out-cart-bump-line-item\";i:6;s:30:\"surecart\/slide-out-cart-submit\";i:7;s:11:\"core\/search\";i:8;s:10:\"core\/group\";i:9;s:12:\"core\/heading\";i:10;s:17:\"core\/latest-posts\";i:11;s:20:\"core\/latest-comments\";i:12;s:13:\"core\/archives\";i:13;s:15:\"core\/categories\";i:14;s:14:\"core\/shortcode\";}s:8:\"uag_flag\";b:0;s:11:\"uag_version\";s:10:\"1776869369\";s:6:\"gfonts\";a:0:{}s:10:\"gfonts_url\";s:0:\"\";s:12:\"gfonts_files\";a:0:{}s:14:\"uag_faq_layout\";b:0;}"],"_wc_gla_mc_status":["approved"]},"uagb_featured_image_src":{"full":["https:\/\/pophaw.com\/wp-content\/uploads\/2025\/01\/10002-2.webp",800,800,false],"thumbnail":["https:\/\/pophaw.com\/wp-content\/uploads\/2025\/01\/10002-2-150x150.webp",150,150,true],"medium":["https:\/\/pophaw.com\/wp-content\/uploads\/2025\/01\/10002-2-300x300.webp",300,300,true],"medium_large":["https:\/\/pophaw.com\/wp-content\/uploads\/2025\/01\/10002-2-768x768.webp",768,768,true],"large":["https:\/\/pophaw.com\/wp-content\/uploads\/2025\/01\/10002-2.webp",800,800,false],"ryviu-small":["https:\/\/pophaw.com\/wp-content\/uploads\/2025\/01\/10002-2.webp",40,40,false],"ryviu-medium":["https:\/\/pophaw.com\/wp-content\/uploads\/2025\/01\/10002-2.webp",132,132,false],"1536x1536":["https:\/\/pophaw.com\/wp-content\/uploads\/2025\/01\/10002-2.webp",800,800,false],"2048x2048":["https:\/\/pophaw.com\/wp-content\/uploads\/2025\/01\/10002-2.webp",800,800,false],"trp-custom-language-flag":["https:\/\/pophaw.com\/wp-content\/uploads\/2025\/01\/10002-2.webp",12,12,false],"woocommerce_thumbnail":["https:\/\/pophaw.com\/wp-content\/uploads\/2025\/01\/10002-2-300x300.webp",300,300,true],"woocommerce_single":["https:\/\/pophaw.com\/wp-content\/uploads\/2025\/01\/10002-2-600x600.webp",600,600,true],"woocommerce_gallery_thumbnail":["https:\/\/pophaw.com\/wp-content\/uploads\/2025\/01\/10002-2-100x100.webp",100,100,true]},"uagb_author_info":{"display_name":"Dr. Rowan","author_link":"https:\/\/pophaw.com\/fr\/author\/"},"uagb_comment_info":0,"uagb_excerpt":"3 Intensity Levels 7 Exceptional Programs, 2 Levels of Heat Function, Foldable &amp; Portable Design","_links":{"self":[{"href":"https:\/\/pophaw.com\/fr\/wp-json\/wp\/v2\/product\/9893","targetHints":{"allow":["GET"]}}],"collection":[{"href":"https:\/\/pophaw.com\/fr\/wp-json\/wp\/v2\/product"}],"about":[{"href":"https:\/\/pophaw.com\/fr\/wp-json\/wp\/v2\/types\/product"}],"wp:featuredmedia":[{"embeddable":true,"href":"https:\/\/pophaw.com\/fr\/wp-json\/wp\/v2\/media\/9897"}],"wp:attachment":[{"href":"https:\/\/pophaw.com\/fr\/wp-json\/wp\/v2\/media?parent=9893"}],"wp:term":[{"taxonomy":"product_brand","embeddable":true,"href":"https:\/\/pophaw.com\/fr\/wp-json\/wp\/v2\/product_brand?post=9893"},{"taxonomy":"product_cat","embeddable":true,"href":"https:\/\/pophaw.com\/fr\/wp-json\/wp\/v2\/product_cat?post=9893"},{"taxonomy":"product_tag","embeddable":true,"href":"https:\/\/pophaw.com\/fr\/wp-json\/wp\/v2\/product_tag?post=9893"}],"curies":[{"name":"wp","href":"https:\/\/api.w.org\/{rel}","templated":true}]}}