{"id":10802,"date":"2025-01-24T05:46:20","date_gmt":"2025-01-24T13:46:20","guid":{"rendered":"https:\/\/pophaw.com\/?page_id=10802"},"modified":"2025-01-29T04:00:20","modified_gmt":"2025-01-29T12:00:20","slug":"carreira","status":"publish","type":"page","link":"https:\/\/pophaw.com\/pt\/carreira\/","title":{"rendered":"Carreira"},"content":{"rendered":"<h2 data-immersive-translate-walked=\"8e5b5df6-ad8f-41d5-8cc9-6b51c370c5ac\"><strong data-immersive-translate-walked=\"8e5b5df6-ad8f-41d5-8cc9-6b51c370c5ac\" data-immersive-translate-paragraph=\"1\">Engenheiro de software<\/strong><\/h2>\n<p data-immersive-translate-walked=\"8e5b5df6-ad8f-41d5-8cc9-6b51c370c5ac\" data-immersive-translate-paragraph=\"1\">Requisitos m\u00ednimos: bacharelado em Tecnologia da Informa\u00e7\u00e3o, Ci\u00eancia da Computa\u00e7\u00e3o, Engenharia da Computa\u00e7\u00e3o ou em uma \u00e1rea relacionada<\/p>\n<p data-immersive-translate-walked=\"8e5b5df6-ad8f-41d5-8cc9-6b51c370c5ac\" data-immersive-translate-paragraph=\"1\">1. Gerenciar os membros da equipe de administradores de rede e sistemas da IBSpot e priorizar todas as atividades relacionadas, incluindo incidentes (tickets de problemas), projetos de aquisi\u00e7\u00e3o, manuten\u00e7\u00e3o\/atualiza\u00e7\u00f5es de hardware de rede, manuten\u00e7\u00e3o\/atualiza\u00e7\u00f5es de hardware de servidor e atualiza\u00e7\u00f5es de sistema operacional, bem como outras iniciativas da equipe;<\/p>\n<p data-immersive-translate-walked=\"8e5b5df6-ad8f-41d5-8cc9-6b51c370c5ac\" data-immersive-translate-paragraph=\"1\">2. Auxiliar na defini\u00e7\u00e3o dos padr\u00f5es apropriados de tecnologia de rede, telecomunica\u00e7\u00f5es e servidores a serem usados na arquitetura existente da empresa;<\/p>\n<p data-immersive-translate-walked=\"8e5b5df6-ad8f-41d5-8cc9-6b51c370c5ac\" data-immersive-translate-paragraph=\"1\">3. Pesquisar e fornecer orienta\u00e7\u00e3o estrat\u00e9gica sobre o uso de novos produtos\/tecnologias, incluindo roteadores, switches, gerenciamento de rede, opera\u00e7\u00f5es e gerenciamento de seguran\u00e7a, tecnologias sem fio e hardware\/software de servidor;<\/p>\n<p data-immersive-translate-walked=\"8e5b5df6-ad8f-41d5-8cc9-6b51c370c5ac\" data-immersive-translate-paragraph=\"1\">4. Participar de atividades relacionadas ao gerenciamento de mudan\u00e7as associadas ao ambiente de rede e servidor, incluindo requisitos de documenta\u00e7\u00e3o, interrup\u00e7\u00f5es programadas, procedimentos operacionais, etc;<\/p>\n<p data-immersive-translate-walked=\"8e5b5df6-ad8f-41d5-8cc9-6b51c370c5ac\" data-immersive-translate-paragraph=\"1\">5. Monitoramento proativo de todos os componentes relacionados \u00e0 rede sob controle das opera\u00e7\u00f5es de rede e resolu\u00e7\u00e3o r\u00e1pida durante e ap\u00f3s o expediente, seguindo procedimentos rigorosos de documenta\u00e7\u00e3o, notifica\u00e7\u00e3o e escalonamento;<\/p>\n<p data-immersive-translate-walked=\"8e5b5df6-ad8f-41d5-8cc9-6b51c370c5ac\" data-immersive-translate-paragraph=\"1\">6. Desenvolva um plano de backup de rede\/recupera\u00e7\u00e3o de desastres para testes anuais e emerg\u00eancias de rede;<\/p>\n<p data-immersive-translate-walked=\"8e5b5df6-ad8f-41d5-8cc9-6b51c370c5ac\" data-immersive-translate-paragraph=\"1\">7. Entregar relat\u00f3rios de incidentes documentando interrup\u00e7\u00f5es na produ\u00e7\u00e3o e detalhando a an\u00e1lise da causa raiz e os itens de a\u00e7\u00e3o para eliminar ocorr\u00eancias repetidas;<\/p>\n<p data-immersive-translate-walked=\"8e5b5df6-ad8f-41d5-8cc9-6b51c370c5ac\" data-immersive-translate-paragraph=\"1\">8. Desenvolver e relatar todas as atividades associadas \u00e0 integridade, ao desempenho e \u00e0 confiabilidade de todos os componentes e servi\u00e7os de rede sob o controle das opera\u00e7\u00f5es de rede, incluindo planejamento de capacidade, tend\u00eancias de disponibilidade e desempenho da rede;<\/p>\n<p data-immersive-translate-walked=\"8e5b5df6-ad8f-41d5-8cc9-6b51c370c5ac\" data-immersive-translate-paragraph=\"1\">9. Atuar como elo de liga\u00e7\u00e3o com usu\u00e1rios, pessoal de TI e fornecedores de rede\/servidor com rela\u00e7\u00e3o a aspectos de suporte e crescimento de rede e servidor.<\/p>\n<p data-immersive-translate-walked=\"8e5b5df6-ad8f-41d5-8cc9-6b51c370c5ac\" data-immersive-translate-paragraph=\"1\">10. Realizar outras tarefas relacionadas conforme designado.<\/p>\n<h2 data-immersive-translate-walked=\"8e5b5df6-ad8f-41d5-8cc9-6b51c370c5ac\" data-immersive-translate-paragraph=\"1\"><strong data-immersive-translate-walked=\"8e5b5df6-ad8f-41d5-8cc9-6b51c370c5ac\">Software\u00a0<\/strong><strong data-immersive-translate-walked=\"8e5b5df6-ad8f-41d5-8cc9-6b51c370c5ac\">Desenvolvedor<\/strong><\/h2>\n<p data-immersive-translate-walked=\"8e5b5df6-ad8f-41d5-8cc9-6b51c370c5ac\" data-immersive-translate-paragraph=\"1\">Requisitos m\u00ednimos: Mestrado em Tecnologia da Informa\u00e7\u00e3o, Ci\u00eancia da Computa\u00e7\u00e3o, Engenharia da Computa\u00e7\u00e3o ou em uma \u00e1rea relacionada<\/p>\n<p data-immersive-translate-walked=\"8e5b5df6-ad8f-41d5-8cc9-6b51c370c5ac\" data-immersive-translate-paragraph=\"1\">1. Liderar e participar de todos os aspectos da arquitetura, do projeto, do desenvolvimento, dos testes, da implementa\u00e7\u00e3o e do suporte do sistema. Colaborar com a equipe de gerenciamento de produtos para projetar, criar e lan\u00e7ar novos recursos e produtos. Comunicar-se de forma eficaz, verbalmente e por escrito, com designers, gerentes de produtos e outros desenvolvedores.<\/p>\n<p data-immersive-translate-walked=\"8e5b5df6-ad8f-41d5-8cc9-6b51c370c5ac\" data-immersive-translate-paragraph=\"1\">2. Utilize ReactJS, Redux e Webpack para desenvolver aplicativos da Web din\u00e2micos e envolventes, consistentes em todos os navegadores e plataformas. Trabalhar com designers de UI\/UX para traduzir wireframes e componentes em HTML\/CSS\/JavaScript interativo.<\/p>\n<p data-immersive-translate-walked=\"8e5b5df6-ad8f-41d5-8cc9-6b51c370c5ac\" data-immersive-translate-paragraph=\"1\">3. Desenvolvimento de APIs REST e GraphQL modernas e configura\u00e7\u00e3o de infraestrutura usando Express ou Loopback e bancos de dados relacionais (MySql, SQL Server, etc.) ou bancos de dados NoSQL (Mongo DB, DynamoDB, etc.). Gerencie clusters Docker com Kubernetes para fornecer produtos escal\u00e1veis, sustent\u00e1veis e envolventes.<\/p>\n<p data-immersive-translate-walked=\"8e5b5df6-ad8f-41d5-8cc9-6b51c370c5ac\" data-immersive-translate-paragraph=\"1\">4. Execute testes A\/B em novos recursos e integre-os aos pipelines de CI\/CD, como a execu\u00e7\u00e3o de testes, etapas de compila\u00e7\u00e3o e implanta\u00e7\u00f5es com base em ganchos do Git ou compila\u00e7\u00f5es do Jenkins.<\/p>\n<p data-immersive-translate-walked=\"8e5b5df6-ad8f-41d5-8cc9-6b51c370c5ac\" data-immersive-translate-paragraph=\"1\">5. Realizar outras tarefas relacionadas conforme designado.<\/p>\n<h2 data-immersive-translate-walked=\"8e5b5df6-ad8f-41d5-8cc9-6b51c370c5ac\"><strong data-immersive-translate-walked=\"8e5b5df6-ad8f-41d5-8cc9-6b51c370c5ac\" data-immersive-translate-paragraph=\"1\">Especialista em marketing digital<\/strong><\/h2>\n<p data-immersive-translate-walked=\"8e5b5df6-ad8f-41d5-8cc9-6b51c370c5ac\" data-immersive-translate-paragraph=\"1\">1. Planeja e executa todas as campanhas de marketing na Web, SEO\/SEM, banco de dados, e-mail, m\u00eddia social e publicidade gr\u00e1fica.<\/p>\n<p data-immersive-translate-walked=\"8e5b5df6-ad8f-41d5-8cc9-6b51c370c5ac\" data-immersive-translate-paragraph=\"1\">2. Projeta, constr\u00f3i e mant\u00e9m nossa presen\u00e7a na m\u00eddia social.<\/p>\n<p data-immersive-translate-walked=\"8e5b5df6-ad8f-41d5-8cc9-6b51c370c5ac\" data-immersive-translate-paragraph=\"1\">3. Mede e informa o desempenho de todas as campanhas de marketing digital e avalia em rela\u00e7\u00e3o \u00e0s metas (ROI e KPIs).<\/p>\n<p data-immersive-translate-walked=\"8e5b5df6-ad8f-41d5-8cc9-6b51c370c5ac\" data-immersive-translate-paragraph=\"1\">4. Identifica tend\u00eancias e percep\u00e7\u00f5es e otimiza as despesas e o desempenho com base nessas percep\u00e7\u00f5es.<\/p>\n<p data-immersive-translate-walked=\"8e5b5df6-ad8f-41d5-8cc9-6b51c370c5ac\" data-immersive-translate-paragraph=\"1\">5. Cria estrat\u00e9gias de crescimento novas e criativas por meio do marketing digital.<\/p>\n<p data-immersive-translate-walked=\"8e5b5df6-ad8f-41d5-8cc9-6b51c370c5ac\" data-immersive-translate-paragraph=\"1\">6. Planeja, executa e mede experimentos e testes de convers\u00e3o.<\/p>\n<p data-immersive-translate-walked=\"8e5b5df6-ad8f-41d5-8cc9-6b51c370c5ac\" data-immersive-translate-paragraph=\"1\">7. Colabora com equipes internas para criar p\u00e1ginas de destino e otimizar a experi\u00eancia do usu\u00e1rio.<\/p>\n<p data-immersive-translate-walked=\"8e5b5df6-ad8f-41d5-8cc9-6b51c370c5ac\" data-immersive-translate-paragraph=\"1\">8. Utiliza forte capacidade anal\u00edtica para avaliar a experi\u00eancia do cliente de ponta a ponta em v\u00e1rios canais e pontos de contato com o cliente.<\/p>\n<p data-immersive-translate-walked=\"8e5b5df6-ad8f-41d5-8cc9-6b51c370c5ac\" data-immersive-translate-paragraph=\"1\">9. Identifica os pontos cr\u00edticos de convers\u00e3o e de abandono e otimiza os funis de usu\u00e1rio.<\/p>\n<p data-immersive-translate-walked=\"8e5b5df6-ad8f-41d5-8cc9-6b51c370c5ac\" data-immersive-translate-paragraph=\"1\">10. Colabora com ag\u00eancias e outros parceiros fornecedores.<\/p>\n<p data-immersive-translate-walked=\"8e5b5df6-ad8f-41d5-8cc9-6b51c370c5ac\" data-immersive-translate-paragraph=\"1\">11. Avalia as tecnologias emergentes.<\/p>\n<p data-immersive-translate-walked=\"8e5b5df6-ad8f-41d5-8cc9-6b51c370c5ac\" data-immersive-translate-paragraph=\"1\">12. Fornece lideran\u00e7a de pensamento e perspectiva para ado\u00e7\u00e3o quando apropriado.<\/p>\n<p data-immersive-translate-walked=\"8e5b5df6-ad8f-41d5-8cc9-6b51c370c5ac\" data-immersive-translate-paragraph=\"1\">Qualifica\u00e7\u00f5es para Marketing Digital<\/p>\n<p data-immersive-translate-walked=\"8e5b5df6-ad8f-41d5-8cc9-6b51c370c5ac\" data-immersive-translate-paragraph=\"1\">* Experi\u00eancia de trabalho comprovada em marketing digital, especialmente no setor<br data-immersive-translate-walked=\"8e5b5df6-ad8f-41d5-8cc9-6b51c370c5ac\" \/>* Experi\u00eancia comprovada em lideran\u00e7a e gerenciamento de SEO\/SEM, bancos de dados de marketing, e-mail, m\u00eddia social e\/ou campanhas de publicidade gr\u00e1fica<br data-immersive-translate-walked=\"8e5b5df6-ad8f-41d5-8cc9-6b51c370c5ac\" \/>* Experi\u00eancia na otimiza\u00e7\u00e3o de p\u00e1ginas de destino e funis de usu\u00e1rio<br data-immersive-translate-walked=\"8e5b5df6-ad8f-41d5-8cc9-6b51c370c5ac\" \/>* Experi\u00eancia com experimentos A\/B e multivariados<br data-immersive-translate-walked=\"8e5b5df6-ad8f-41d5-8cc9-6b51c370c5ac\" \/>* S\u00f3lidos conhecimentos de ferramentas de an\u00e1lise de sites e de marketing (por exemplo, Google Analytics etc.)<br data-immersive-translate-walked=\"8e5b5df6-ad8f-41d5-8cc9-6b51c370c5ac\" \/>* Conhecimento pr\u00e1tico de ferramentas de veicula\u00e7\u00e3o de an\u00fancios<br data-immersive-translate-walked=\"8e5b5df6-ad8f-41d5-8cc9-6b51c370c5ac\" \/>* Experi\u00eancia na configura\u00e7\u00e3o e otimiza\u00e7\u00e3o de campanhas de PPC em todos os principais mecanismos de pesquisa<\/p>\n\n\n<div style=\"height:100px\" aria-hidden=\"true\" class=\"wp-block-spacer\"><\/div>\n\n\n\n<div class=\"wp-block-buttons is-layout-flex wp-block-buttons-is-layout-flex\">\n<div class=\"wp-block-button\"><a class=\"wp-block-button__link wp-element-button\" href=\"https:\/\/pophaw.com\/pt\/contato\/\">Entre em contato conosco<\/a><\/div>\n<\/div>","protected":false},"excerpt":{"rendered":"<p>Software Engineer Minimum Requirements: bachelor\u2019s Degree in Information Technology, Computer Science, Computer Engineering\u00a0or a related field 1. Manage network and systems administrator staff members of IBSpot and prioritize all related activities, including incidents (trouble tickets), acquisition projects, network hardware maintenance\/upgrades, server hardware maintenance\/upgrades and operating system updates, as well as other team initiatives; 2. Assist [&hellip;]<\/p>\n","protected":false},"author":1,"featured_media":0,"parent":0,"menu_order":0,"comment_status":"closed","ping_status":"closed","template":"","meta":{"bwfblock_default_font":"","_uag_custom_page_level_css":"","site-sidebar-layout":"default","site-content-layout":"","ast-site-content-layout":"default","site-content-style":"default","site-sidebar-style":"default","ast-global-header-display":"","ast-banner-title-visibility":"","ast-main-header-display":"","ast-hfb-above-header-display":"","ast-hfb-below-header-display":"","ast-hfb-mobile-header-display":"","site-post-title":"","ast-breadcrumbs-content":"","ast-featured-img":"","footer-sml-layout":"","ast-disable-related-posts":"","theme-transparent-header-meta":"default","adv-header-id-meta":"","stick-header-meta":"default","header-above-stick-meta":"","header-main-stick-meta":"","header-below-stick-meta":"","astra-migrate-meta-layouts":"set","ast-page-background-enabled":"default","ast-page-background-meta":{"desktop":{"background-color":"","background-image":"","background-repeat":"repeat","background-position":"center center","background-size":"auto","background-attachment":"scroll","background-type":"","background-media":"","overlay-type":"","overlay-color":"","overlay-opacity":"","overlay-gradient":""},"tablet":{"background-color":"","background-image":"","background-repeat":"repeat","background-position":"center center","background-size":"auto","background-attachment":"scroll","background-type":"","background-media":"","overlay-type":"","overlay-color":"","overlay-opacity":"","overlay-gradient":""},"mobile":{"background-color":"","background-image":"","background-repeat":"repeat","background-position":"center center","background-size":"auto","background-attachment":"scroll","background-type":"","background-media":"","overlay-type":"","overlay-color":"","overlay-opacity":"","overlay-gradient":""}},"ast-content-background-meta":{"desktop":{"background-color":"var(--ast-global-color-5)","background-image":"","background-repeat":"repeat","background-position":"center center","background-size":"auto","background-attachment":"scroll","background-type":"","background-media":"","overlay-type":"","overlay-color":"","overlay-opacity":"","overlay-gradient":""},"tablet":{"background-color":"var(--ast-global-color-5)","background-image":"","background-repeat":"repeat","background-position":"center center","background-size":"auto","background-attachment":"scroll","background-type":"","background-media":"","overlay-type":"","overlay-color":"","overlay-opacity":"","overlay-gradient":""},"mobile":{"background-color":"var(--ast-global-color-5)","background-image":"","background-repeat":"repeat","background-position":"center center","background-size":"auto","background-attachment":"scroll","background-type":"","background-media":"","overlay-type":"","overlay-color":"","overlay-opacity":"","overlay-gradient":""}},"footnotes":""},"class_list":["post-10802","page","type-page","status-publish","hentry"],"spectra_custom_meta":{"classic-editor-remember":["block-editor"],"_edit_lock":["1738152049:1"],"_edit_last":["1"],"rank_math_seo_score":["59"],"rank_math_focus_keyword":["Career"],"site-sidebar-layout":["default"],"ast-site-content-layout":["default"],"site-content-style":["default"],"site-sidebar-style":["default"],"theme-transparent-header-meta":["default"],"stick-header-meta":["default"],"wp_statistics_words_count":["586"],"rank_math_analytic_object_id":["249"],"rank_math_description":["Explore career opportunities at Pophaw! Join our team dedicated to providing high-quality personal care, medical devices, and wellness solutions. Apply now to make a difference in healthcare."],"astra-migrate-meta-layouts":["set"],"surerank_settings_general":["a:7:{s:9:\"separator\";s:1:\"-\";s:10:\"page_title\";s:21:\"%title% - %site_name%\";s:25:\"auto_generate_description\";b:1;s:16:\"page_description\";s:191:\"Explore career opportunities at Pophaw! Join our team dedicated to providing high-quality personal care, medical devices, and wellness solutions. Apply now to make a difference in healthcare.\";s:16:\"auto_description\";s:155:\"Software Engineer Minimum Requirements: bachelor\u2019s Degree in Information Technology, Computer Science, Computer Engineering\u00a0or a related field 1. Manage\";s:14:\"fallback_image\";s:0:\"\";s:13:\"canonical_url\";s:26:\"https:\/\/pophaw.com\/career\/\";}"],"surerank_settings_post_no_index":["no"],"surerank_settings_post_no_follow":["no"],"surerank_settings_post_no_archive":["no"],"surerank_settings_social":["a:23:{s:15:\"open_graph_tags\";b:1;s:18:\"facebook_meta_tags\";b:1;s:17:\"twitter_meta_tags\";b:1;s:16:\"oembeded_scripts\";b:1;s:17:\"oembeded_og_title\";b:1;s:22:\"oembeded_social_images\";b:1;s:27:\"oembeded_remove_author_name\";b:1;s:17:\"facebook_page_url\";s:54:\"https:\/\/www.facebook.com\/profile.php?id=61571207938497\";s:24:\"facebook_author_fallback\";s:0:\"\";s:17:\"twitter_card_type\";s:19:\"summary_large_image\";s:24:\"twitter_same_as_facebook\";b:1;s:24:\"twitter_profile_username\";s:0:\"\";s:24:\"twitter_profile_fallback\";s:0:\"\";s:14:\"facebook_title\";s:21:\"%title% - %site_name%\";s:20:\"facebook_description\";s:9:\"%content%\";s:18:\"facebook_image_url\";s:0:\"\";s:17:\"facebook_image_id\";i:0;s:20:\"facebook_image_width\";i:0;s:21:\"facebook_image_height\";i:0;s:13:\"twitter_title\";s:21:\"%title% - %site_name%\";s:19:\"twitter_description\";s:9:\"%content%\";s:17:\"twitter_image_url\";s:0:\"\";s:16:\"twitter_image_id\";i:0;}"],"surerank_migration":["1"],"astra_style_timestamp_css":["1775181018"],"_uagb_previous_block_counts":["a:90:{s:21:\"uagb\/advanced-heading\";i:0;s:15:\"uagb\/blockquote\";i:0;s:12:\"uagb\/buttons\";i:0;s:18:\"uagb\/buttons-child\";i:0;s:19:\"uagb\/call-to-action\";i:0;s:15:\"uagb\/cf7-styler\";i:0;s:11:\"uagb\/column\";i:0;s:12:\"uagb\/columns\";i:0;s:14:\"uagb\/container\";i:0;s:21:\"uagb\/content-timeline\";i:0;s:27:\"uagb\/content-timeline-child\";i:0;s:14:\"uagb\/countdown\";i:0;s:12:\"uagb\/counter\";i:0;s:8:\"uagb\/faq\";i:0;s:14:\"uagb\/faq-child\";i:0;s:10:\"uagb\/forms\";i:0;s:17:\"uagb\/forms-accept\";i:0;s:19:\"uagb\/forms-checkbox\";i:0;s:15:\"uagb\/forms-date\";i:0;s:16:\"uagb\/forms-email\";i:0;s:17:\"uagb\/forms-hidden\";i:0;s:15:\"uagb\/forms-name\";i:0;s:16:\"uagb\/forms-phone\";i:0;s:16:\"uagb\/forms-radio\";i:0;s:17:\"uagb\/forms-select\";i:0;s:19:\"uagb\/forms-textarea\";i:0;s:17:\"uagb\/forms-toggle\";i:0;s:14:\"uagb\/forms-url\";i:0;s:14:\"uagb\/gf-styler\";i:0;s:15:\"uagb\/google-map\";i:0;s:11:\"uagb\/how-to\";i:0;s:16:\"uagb\/how-to-step\";i:0;s:9:\"uagb\/icon\";i:0;s:14:\"uagb\/icon-list\";i:0;s:20:\"uagb\/icon-list-child\";i:0;s:10:\"uagb\/image\";i:0;s:18:\"uagb\/image-gallery\";i:0;s:13:\"uagb\/info-box\";i:0;s:18:\"uagb\/inline-notice\";i:0;s:11:\"uagb\/lottie\";i:0;s:21:\"uagb\/marketing-button\";i:0;s:10:\"uagb\/modal\";i:0;s:18:\"uagb\/popup-builder\";i:0;s:16:\"uagb\/post-button\";i:0;s:18:\"uagb\/post-carousel\";i:0;s:17:\"uagb\/post-excerpt\";i:0;s:14:\"uagb\/post-grid\";i:0;s:15:\"uagb\/post-image\";i:0;s:17:\"uagb\/post-masonry\";i:0;s:14:\"uagb\/post-meta\";i:0;s:18:\"uagb\/post-taxonomy\";i:0;s:18:\"uagb\/post-timeline\";i:0;s:15:\"uagb\/post-title\";i:0;s:20:\"uagb\/restaurant-menu\";i:0;s:26:\"uagb\/restaurant-menu-child\";i:0;s:11:\"uagb\/review\";i:0;s:12:\"uagb\/section\";i:0;s:14:\"uagb\/separator\";i:0;s:11:\"uagb\/slider\";i:0;s:17:\"uagb\/slider-child\";i:0;s:17:\"uagb\/social-share\";i:0;s:23:\"uagb\/social-share-child\";i:0;s:16:\"uagb\/star-rating\";i:0;s:23:\"uagb\/sure-cart-checkout\";i:0;s:22:\"uagb\/sure-cart-product\";i:0;s:15:\"uagb\/sure-forms\";i:0;s:22:\"uagb\/table-of-contents\";i:0;s:9:\"uagb\/tabs\";i:0;s:15:\"uagb\/tabs-child\";i:0;s:18:\"uagb\/taxonomy-list\";i:0;s:9:\"uagb\/team\";i:0;s:16:\"uagb\/testimonial\";i:0;s:14:\"uagb\/wp-search\";i:0;s:19:\"uagb\/instagram-feed\";i:0;s:10:\"uagb\/login\";i:0;s:17:\"uagb\/loop-builder\";i:0;s:18:\"uagb\/loop-category\";i:0;s:20:\"uagb\/loop-pagination\";i:0;s:15:\"uagb\/loop-reset\";i:0;s:16:\"uagb\/loop-search\";i:0;s:14:\"uagb\/loop-sort\";i:0;s:17:\"uagb\/loop-wrapper\";i:0;s:13:\"uagb\/register\";i:0;s:19:\"uagb\/register-email\";i:0;s:24:\"uagb\/register-first-name\";i:0;s:23:\"uagb\/register-last-name\";i:0;s:22:\"uagb\/register-password\";i:0;s:30:\"uagb\/register-reenter-password\";i:0;s:19:\"uagb\/register-terms\";i:0;s:22:\"uagb\/register-username\";i:0;}"],"_uag_css_file_name":["uag-css-10802.css"],"rank_math_internal_links_processed":["1"],"_uag_page_assets":["a:9:{s:3:\"css\";s:263:\".uag-blocks-common-selector{z-index:var(--z-index-desktop) !important}@media (max-width: 976px){.uag-blocks-common-selector{z-index:var(--z-index-tablet) !important}}@media (max-width: 767px){.uag-blocks-common-selector{z-index:var(--z-index-mobile) !important}}\n\";s:2:\"js\";s:0:\"\";s:18:\"current_block_list\";a:18:{i:0;s:11:\"core\/spacer\";i:1;s:12:\"core\/buttons\";i:2;s:11:\"core\/button\";i:3;s:23:\"surecart\/slide-out-cart\";i:4;s:30:\"surecart\/slide-out-cart-header\";i:5;s:29:\"surecart\/slide-out-cart-items\";i:6;s:30:\"surecart\/slide-out-cart-coupon\";i:7;s:32:\"surecart\/slide-out-cart-subtotal\";i:8;s:38:\"surecart\/slide-out-cart-bump-line-item\";i:9;s:30:\"surecart\/slide-out-cart-submit\";i:10;s:11:\"core\/search\";i:11;s:10:\"core\/group\";i:12;s:12:\"core\/heading\";i:13;s:17:\"core\/latest-posts\";i:14;s:20:\"core\/latest-comments\";i:15;s:13:\"core\/archives\";i:16;s:15:\"core\/categories\";i:17;s:14:\"core\/shortcode\";}s:8:\"uag_flag\";b:0;s:11:\"uag_version\";s:10:\"1775168599\";s:6:\"gfonts\";a:0:{}s:10:\"gfonts_url\";s:0:\"\";s:12:\"gfonts_files\";a:0:{}s:14:\"uag_faq_layout\";b:0;}"]},"uagb_featured_image_src":{"full":false,"thumbnail":false,"medium":false,"medium_large":false,"large":false,"ryviu-small":false,"ryviu-medium":false,"1536x1536":false,"2048x2048":false,"trp-custom-language-flag":false,"woocommerce_thumbnail":false,"woocommerce_single":false,"woocommerce_gallery_thumbnail":false},"uagb_author_info":{"display_name":"Dr. Rowan","author_link":"https:\/\/pophaw.com\/pt\/author\/xiaoxi99201\/"},"uagb_comment_info":0,"uagb_excerpt":"Software Engineer Minimum Requirements: bachelor\u2019s Degree in Information Technology, Computer Science, Computer Engineering\u00a0or a related field 1. Manage network and systems administrator staff members of IBSpot and prioritize all related activities, including incidents (trouble tickets), acquisition projects, network hardware maintenance\/upgrades, server hardware maintenance\/upgrades and operating system updates, as well as other team initiatives; 2. Assist&hellip;","_links":{"self":[{"href":"https:\/\/pophaw.com\/pt\/wp-json\/wp\/v2\/pages\/10802","targetHints":{"allow":["GET"]}}],"collection":[{"href":"https:\/\/pophaw.com\/pt\/wp-json\/wp\/v2\/pages"}],"about":[{"href":"https:\/\/pophaw.com\/pt\/wp-json\/wp\/v2\/types\/page"}],"author":[{"embeddable":true,"href":"https:\/\/pophaw.com\/pt\/wp-json\/wp\/v2\/users\/1"}],"replies":[{"embeddable":true,"href":"https:\/\/pophaw.com\/pt\/wp-json\/wp\/v2\/comments?post=10802"}],"version-history":[{"count":0,"href":"https:\/\/pophaw.com\/pt\/wp-json\/wp\/v2\/pages\/10802\/revisions"}],"wp:attachment":[{"href":"https:\/\/pophaw.com\/pt\/wp-json\/wp\/v2\/media?parent=10802"}],"curies":[{"name":"wp","href":"https:\/\/api.w.org\/{rel}","templated":true}]}}