{"id":260,"date":"2020-04-17T02:18:42","date_gmt":"2020-04-17T02:18:42","guid":{"rendered":"https:\/\/pophaw.com\/purchase-guide\/"},"modified":"2025-01-01T02:24:29","modified_gmt":"2025-01-01T10:24:29","slug":"guia-de-compras","status":"publish","type":"page","link":"https:\/\/pophaw.com\/pt\/guia-de-compras\/","title":{"rendered":"Guia de compras"},"content":{"rendered":"<p><img loading=\"lazy\" decoding=\"async\" class=\"wp-image-9663 size-full aligncenter\" src=\"https:\/\/pophaw.com\/wp-content\/uploads\/2025\/01\/cdc-GnLuuG9crEY-unsplash-ooc9sxg46h5xplkj71pbsrg9nsl057dnnfvzyde62m.jpg\" alt=\"Guia de compras\" width=\"900\" height=\"467\" srcset=\"https:\/\/pophaw.com\/wp-content\/uploads\/2025\/01\/cdc-GnLuuG9crEY-unsplash-ooc9sxg46h5xplkj71pbsrg9nsl057dnnfvzyde62m.jpg 900w, https:\/\/pophaw.com\/wp-content\/uploads\/2025\/01\/cdc-GnLuuG9crEY-unsplash-ooc9sxg46h5xplkj71pbsrg9nsl057dnnfvzyde62m-600x311.jpg 600w, https:\/\/pophaw.com\/wp-content\/uploads\/2025\/01\/cdc-GnLuuG9crEY-unsplash-ooc9sxg46h5xplkj71pbsrg9nsl057dnnfvzyde62m-300x156.jpg 300w, https:\/\/pophaw.com\/wp-content\/uploads\/2025\/01\/cdc-GnLuuG9crEY-unsplash-ooc9sxg46h5xplkj71pbsrg9nsl057dnnfvzyde62m-768x399.jpg 768w\" sizes=\"auto, (max-width: 900px) 100vw, 900px\" \/><\/p>\n<h3>Moeda aceita<\/h3>\n<p>Todos os pre\u00e7os dos cursos est\u00e3o em d\u00f3lares americanos. Aceitamos pagamentos principalmente em d\u00f3lares americanos, mas outras moedas importantes s\u00e3o poss\u00edveis, mas o valor total variar\u00e1 de acordo com as taxas de c\u00e2mbio e as pol\u00edticas tribut\u00e1rias de cada pa\u00eds.<\/p>\n<h3>Registro de conta<\/h3>\n<p>Para comprar qualquer produto ou tornar-se membro de nosso centro, os clientes\/alunos devem primeiro se registrar com uma conta pessoal fornecendo as seguintes informa\u00e7\u00f5es:<\/p>\n<ul>\n<li>Nome (obrigat\u00f3rio)<\/li>\n<li>Idade (obrigat\u00f3rio)<\/li>\n<li>Data de nascimento (obrigat\u00f3rio)<\/li>\n<li>N\u00fameros de telefone celular (obrigat\u00f3rio)<\/li>\n<li>Endere\u00e7o de e-mail (obrigat\u00f3rio)<\/li>\n<li>Hobbies e interesses (opcional)<\/li>\n<li>Perfis sociais (opcional)<\/li>\n<\/ul>\n<h3>Pol\u00edtica de associa\u00e7\u00e3o<\/h3>\n<p>Depois de se registrar com sucesso como membro do nosso centro, os usu\u00e1rios podem fazer login na sua conta a qualquer momento para aproveitar centenas de produtos de alta qualidade.<\/p>\n<h3>Cart\u00f5es de cr\u00e9dito aceitos<\/h3>\n<ul>\n<li>Visto<\/li>\n<li>Cart\u00f5es Mastercard<\/li>\n<li>American Express<\/li>\n<li>Descobrir<\/li>\n<\/ul>\n<p><em>*Os impostos s\u00e3o calculados de acordo com seu banco e localidade.<\/em><\/p>","protected":false},"excerpt":{"rendered":"<p>Accepted Currency All the prices of courses are in US dollars. We mainly accept payments in US dollars, meanwhile other major currencies are possible but the total amount will vary based on the target exchange rates and tax policies of each country. Account Registering In order to buy any product or become a member of [&hellip;]<\/p>\n","protected":false},"author":1,"featured_media":0,"parent":0,"menu_order":0,"comment_status":"closed","ping_status":"closed","template":"","meta":{"bwfblock_default_font":"","_uag_custom_page_level_css":"","site-sidebar-layout":"default","site-content-layout":"","ast-site-content-layout":"default","site-content-style":"default","site-sidebar-style":"default","ast-global-header-display":"","ast-banner-title-visibility":"","ast-main-header-display":"","ast-hfb-above-header-display":"","ast-hfb-below-header-display":"","ast-hfb-mobile-header-display":"","site-post-title":"","ast-breadcrumbs-content":"","ast-featured-img":"","footer-sml-layout":"","ast-disable-related-posts":"","theme-transparent-header-meta":"default","adv-header-id-meta":"","stick-header-meta":"default","header-above-stick-meta":"","header-main-stick-meta":"","header-below-stick-meta":"","astra-migrate-meta-layouts":"set","ast-page-background-enabled":"default","ast-page-background-meta":{"desktop":{"background-color":"","background-image":"","background-repeat":"repeat","background-position":"center center","background-size":"auto","background-attachment":"scroll","background-type":"","background-media":"","overlay-type":"","overlay-color":"","overlay-opacity":"","overlay-gradient":""},"tablet":{"background-color":"","background-image":"","background-repeat":"repeat","background-position":"center center","background-size":"auto","background-attachment":"scroll","background-type":"","background-media":"","overlay-type":"","overlay-color":"","overlay-opacity":"","overlay-gradient":""},"mobile":{"background-color":"","background-image":"","background-repeat":"repeat","background-position":"center center","background-size":"auto","background-attachment":"scroll","background-type":"","background-media":"","overlay-type":"","overlay-color":"","overlay-opacity":"","overlay-gradient":""}},"ast-content-background-meta":{"desktop":{"background-color":"var(--ast-global-color-5)","background-image":"","background-repeat":"repeat","background-position":"center center","background-size":"auto","background-attachment":"scroll","background-type":"","background-media":"","overlay-type":"","overlay-color":"","overlay-opacity":"","overlay-gradient":""},"tablet":{"background-color":"var(--ast-global-color-5)","background-image":"","background-repeat":"repeat","background-position":"center center","background-size":"auto","background-attachment":"scroll","background-type":"","background-media":"","overlay-type":"","overlay-color":"","overlay-opacity":"","overlay-gradient":""},"mobile":{"background-color":"var(--ast-global-color-5)","background-image":"","background-repeat":"repeat","background-position":"center center","background-size":"auto","background-attachment":"scroll","background-type":"","background-media":"","overlay-type":"","overlay-color":"","overlay-opacity":"","overlay-gradient":""}},"footnotes":""},"class_list":["post-260","page","type-page","status-publish","hentry"],"spectra_custom_meta":{"_edit_last":["1"],"insight_page_options":["s:1319:\"a:37:{s:11:\"site_layout\";s:0:\"\";s:10:\"site_width\";s:0:\"\";s:16:\"site_top_spacing\";s:0:\"\";s:19:\"site_bottom_spacing\";s:0:\"\";s:10:\"site_class\";s:0:\"\";s:21:\"site_background_color\";s:0:\"\";s:21:\"site_background_image\";s:0:\"\";s:22:\"site_background_repeat\";s:9:\"no-repeat\";s:26:\"site_background_attachment\";s:0:\"\";s:24:\"site_background_position\";s:0:\"\";s:20:\"site_background_size\";s:0:\"\";s:24:\"content_background_color\";s:0:\"\";s:24:\"content_background_image\";s:0:\"\";s:25:\"content_background_repeat\";s:9:\"no-repeat\";s:27:\"content_background_position\";s:0:\"\";s:12:\"top_bar_type\";s:0:\"\";s:11:\"header_type\";s:0:\"\";s:14:\"header_overlay\";s:0:\"\";s:11:\"header_skin\";s:0:\"\";s:12:\"menu_display\";s:0:\"\";s:13:\"menu_one_page\";s:1:\"0\";s:16:\"custom_dark_logo\";s:0:\"\";s:17:\"custom_light_logo\";s:0:\"\";s:17:\"custom_logo_width\";s:0:\"\";s:24:\"custom_sticky_logo_width\";s:0:\"\";s:21:\"page_title_bar_layout\";s:0:\"\";s:29:\"page_title_bar_bottom_spacing\";s:0:\"\";s:31:\"page_title_bar_background_color\";s:0:\"\";s:25:\"page_title_bar_background\";s:0:\"\";s:33:\"page_title_bar_background_overlay\";s:0:\"\";s:29:\"page_title_bar_custom_heading\";s:0:\"\";s:14:\"page_sidebar_1\";s:12:\"page_sidebar\";s:14:\"page_sidebar_2\";s:7:\"default\";s:21:\"page_sidebar_position\";s:4:\"left\";s:17:\"revolution_slider\";s:0:\"\";s:15:\"slider_position\";s:5:\"below\";s:13:\"footer_enable\";s:0:\"\";}\";"],"_wp_page_template":["default"],"_wxr_import_has_attachment_refs":["1"],"rank_math_og_content_image":["a:2:{s:5:\"check\";s:32:\"ac7b374f7c8afeb37ea38594429d511e\";s:6:\"images\";a:1:{i:0;i:9663;}}"],"_edit_lock":["1735727124:1"],"rank_math_seo_score":["53"],"rank_math_contentai_score":["a:5:{s:8:\"keywords\";s:5:\"74.51\";s:9:\"wordCount\";s:1:\"0\";s:9:\"linkCount\";s:1:\"0\";s:12:\"headingCount\";s:1:\"0\";s:10:\"mediaCount\";s:1:\"0\";}"],"rank_math_focus_keyword":["Purchase Guide"],"rank_math_analytic_object_id":["60"],"rank_math_robots":["a:2:{i:0;s:5:\"index\";i:1;s:6:\"follow\";}"],"site-sidebar-layout":["default"],"ast-site-content-layout":["default"],"site-content-style":["default"],"site-sidebar-style":["default"],"theme-transparent-header-meta":["default"],"stick-header-meta":["default"],"astra-migrate-meta-layouts":["set"],"surerank_settings_general":["a:7:{s:9:\"separator\";s:1:\"-\";s:10:\"page_title\";s:21:\"%title% - %site_name%\";s:25:\"auto_generate_description\";b:1;s:16:\"page_description\";s:9:\"%excerpt%\";s:16:\"auto_description\";s:157:\"Accepted Currency All the prices of courses are in US dollars. We mainly accept payments in US dollars, meanwhile other major currencies are possible but the\";s:14:\"fallback_image\";s:0:\"\";s:13:\"canonical_url\";s:34:\"https:\/\/pophaw.com\/purchase-guide\/\";}"],"surerank_settings_post_no_index":["no"],"surerank_settings_post_no_follow":["no"],"surerank_settings_post_no_archive":["no"],"surerank_settings_social":["a:23:{s:15:\"open_graph_tags\";b:1;s:18:\"facebook_meta_tags\";b:1;s:17:\"twitter_meta_tags\";b:1;s:16:\"oembeded_scripts\";b:1;s:17:\"oembeded_og_title\";b:1;s:22:\"oembeded_social_images\";b:1;s:27:\"oembeded_remove_author_name\";b:1;s:17:\"facebook_page_url\";s:54:\"https:\/\/www.facebook.com\/profile.php?id=61571207938497\";s:24:\"facebook_author_fallback\";s:0:\"\";s:17:\"twitter_card_type\";s:19:\"summary_large_image\";s:24:\"twitter_same_as_facebook\";b:1;s:24:\"twitter_profile_username\";s:0:\"\";s:24:\"twitter_profile_fallback\";s:0:\"\";s:14:\"facebook_title\";s:21:\"%title% - %site_name%\";s:20:\"facebook_description\";s:9:\"%content%\";s:18:\"facebook_image_url\";s:0:\"\";s:17:\"facebook_image_id\";i:0;s:20:\"facebook_image_width\";i:0;s:21:\"facebook_image_height\";i:0;s:13:\"twitter_title\";s:21:\"%title% - %site_name%\";s:19:\"twitter_description\";s:9:\"%content%\";s:17:\"twitter_image_url\";s:0:\"\";s:16:\"twitter_image_id\";i:0;}"],"surerank_migration":["1"],"astra_style_timestamp_css":["1776048935"],"_uag_css_file_name":["uag-css-260.css"],"rank_math_internal_links_processed":["1"],"_uag_page_assets":["a:9:{s:3:\"css\";s:263:\".uag-blocks-common-selector{z-index:var(--z-index-desktop) !important}@media (max-width: 976px){.uag-blocks-common-selector{z-index:var(--z-index-tablet) !important}}@media (max-width: 767px){.uag-blocks-common-selector{z-index:var(--z-index-mobile) !important}}\n\";s:2:\"js\";s:0:\"\";s:18:\"current_block_list\";a:15:{i:0;s:23:\"surecart\/slide-out-cart\";i:1;s:30:\"surecart\/slide-out-cart-header\";i:2;s:29:\"surecart\/slide-out-cart-items\";i:3;s:30:\"surecart\/slide-out-cart-coupon\";i:4;s:32:\"surecart\/slide-out-cart-subtotal\";i:5;s:38:\"surecart\/slide-out-cart-bump-line-item\";i:6;s:30:\"surecart\/slide-out-cart-submit\";i:7;s:11:\"core\/search\";i:8;s:10:\"core\/group\";i:9;s:12:\"core\/heading\";i:10;s:17:\"core\/latest-posts\";i:11;s:20:\"core\/latest-comments\";i:12;s:13:\"core\/archives\";i:13;s:15:\"core\/categories\";i:14;s:14:\"core\/shortcode\";}s:8:\"uag_flag\";b:0;s:11:\"uag_version\";s:10:\"1775869319\";s:6:\"gfonts\";a:0:{}s:10:\"gfonts_url\";s:0:\"\";s:12:\"gfonts_files\";a:0:{}s:14:\"uag_faq_layout\";b:0;}"]},"uagb_featured_image_src":{"full":false,"thumbnail":false,"medium":false,"medium_large":false,"large":false,"ryviu-small":false,"ryviu-medium":false,"1536x1536":false,"2048x2048":false,"trp-custom-language-flag":false,"woocommerce_thumbnail":false,"woocommerce_single":false,"woocommerce_gallery_thumbnail":false},"uagb_author_info":{"display_name":"Dr. Rowan","author_link":"https:\/\/pophaw.com\/pt\/author\/xiaoxi99201\/"},"uagb_comment_info":0,"uagb_excerpt":"Accepted Currency All the prices of courses are in US dollars. We mainly accept payments in US dollars, meanwhile other major currencies are possible but the total amount will vary based on the target exchange rates and tax policies of each country. Account Registering In order to buy any product or become a member of&hellip;","_links":{"self":[{"href":"https:\/\/pophaw.com\/pt\/wp-json\/wp\/v2\/pages\/260","targetHints":{"allow":["GET"]}}],"collection":[{"href":"https:\/\/pophaw.com\/pt\/wp-json\/wp\/v2\/pages"}],"about":[{"href":"https:\/\/pophaw.com\/pt\/wp-json\/wp\/v2\/types\/page"}],"author":[{"embeddable":true,"href":"https:\/\/pophaw.com\/pt\/wp-json\/wp\/v2\/users\/1"}],"replies":[{"embeddable":true,"href":"https:\/\/pophaw.com\/pt\/wp-json\/wp\/v2\/comments?post=260"}],"version-history":[{"count":0,"href":"https:\/\/pophaw.com\/pt\/wp-json\/wp\/v2\/pages\/260\/revisions"}],"wp:attachment":[{"href":"https:\/\/pophaw.com\/pt\/wp-json\/wp\/v2\/media?parent=260"}],"curies":[{"name":"wp","href":"https:\/\/api.w.org\/{rel}","templated":true}]}}