{"id":852,"date":"2020-04-29T06:53:41","date_gmt":"2020-04-29T06:53:41","guid":{"rendered":"https:\/\/pophaw.com\/return-policy\/"},"modified":"2025-11-30T07:04:35","modified_gmt":"2025-11-30T15:04:35","slug":"politica-de-devolucao","status":"publish","type":"page","link":"https:\/\/pophaw.com\/pt\/politica-de-devolucao\/","title":{"rendered":"Pol\u00edtica de devolu\u00e7\u00e3o"},"content":{"rendered":"<p><img loading=\"lazy\" decoding=\"async\" class=\"wp-image-9658 size-full aligncenter\" src=\"https:\/\/pophaw.com\/wp-content\/uploads\/2025\/01\/online-marketing-hIgeoQjS_iE-unsplash-ooc4iyaevx3n6tisixftupafg8ycfh6o7574532nni.jpg\" alt=\"Retorno\" width=\"900\" height=\"467\" srcset=\"https:\/\/pophaw.com\/wp-content\/uploads\/2025\/01\/online-marketing-hIgeoQjS_iE-unsplash-ooc4iyaevx3n6tisixftupafg8ycfh6o7574532nni.jpg 900w, https:\/\/pophaw.com\/wp-content\/uploads\/2025\/01\/online-marketing-hIgeoQjS_iE-unsplash-ooc4iyaevx3n6tisixftupafg8ycfh6o7574532nni-600x311.jpg 600w, https:\/\/pophaw.com\/wp-content\/uploads\/2025\/01\/online-marketing-hIgeoQjS_iE-unsplash-ooc4iyaevx3n6tisixftupafg8ycfh6o7574532nni-300x156.jpg 300w, https:\/\/pophaw.com\/wp-content\/uploads\/2025\/01\/online-marketing-hIgeoQjS_iE-unsplash-ooc4iyaevx3n6tisixftupafg8ycfh6o7574532nni-768x399.jpg 768w\" sizes=\"auto, (max-width: 900px) 100vw, 900px\" \/><\/p>\n<h2>Devolu\u00e7\u00f5es<\/h2>\n<ul style=\"list-style-type: disc;\">\n<li>Devolu\u00e7\u00f5es aceitas por 60 dias<\/li>\n<li>O cliente fornece o frete de devolu\u00e7\u00e3o<\/li>\n<li>Sem taxa de reabastecimento<\/li>\n<li>N\u00e3o h\u00e1 itens de venda final<\/li>\n<\/ul>\n<p>Nossa pol\u00edtica tem dura\u00e7\u00e3o de 60 dias. Se j\u00e1 se passaram 60 dias desde a compra, infelizmente n\u00e3o poderemos oferecer reembolso ou troca.<\/p>\n<p>Para ter direito \u00e0 devolu\u00e7\u00e3o, o item deve estar sem uso e nas mesmas condi\u00e7\u00f5es em que foi recebido. Ele tamb\u00e9m deve estar na embalagem original com as etiquetas de pre\u00e7o anexadas.<\/p>\n<p>V\u00e1rios tipos de mercadorias est\u00e3o isentos de devolu\u00e7\u00e3o. Produtos perec\u00edveis, como alimentos, flores, jornais ou revistas, n\u00e3o podem ser devolvidos. Tamb\u00e9m n\u00e3o aceitamos produtos que sejam produtos \u00edntimos ou sanit\u00e1rios, materiais perigosos ou l\u00edquidos ou gases inflam\u00e1veis.<\/p>\n<p>Itens adicionais que n\u00e3o podem ser devolvidos:<br \/>\nCart\u00f5es-presente<br \/>\nAlguns itens de sa\u00fade e cuidados pessoais<\/p>\n<p>Para concluir sua devolu\u00e7\u00e3o, precisamos de um recibo ou comprovante de compra.<\/p>\n<p>N\u00e3o envie sua compra de volta para o fabricante.<\/p>\n<p>H\u00e1 determinadas situa\u00e7\u00f5es em que apenas reembolsos parciais s\u00e3o concedidos (se aplic\u00e1vel)<br \/>\nLivro com sinais \u00f3bvios de uso<br \/>\nQualquer item que n\u00e3o esteja em sua condi\u00e7\u00e3o original, esteja danificado ou faltando pe\u00e7as por motivos que n\u00e3o se devam a erro nosso<br \/>\nQualquer item que seja devolvido mais de 60 dias ap\u00f3s a entrega<\/p>\n<p>Reembolsos (se aplic\u00e1vel)<br \/>\nAssim que a devolu\u00e7\u00e3o for recebida e inspecionada, enviaremos um e-mail para notific\u00e1-lo de que recebemos o item devolvido. Seu reembolso ser\u00e1 processado e um cr\u00e9dito ser\u00e1 automaticamente aplicado ao seu cart\u00e3o de cr\u00e9dito ou ao m\u00e9todo original de pagamento, no prazo de 4 dias.<\/p>\n<p>Reembolsos atrasados ou ausentes (se aplic\u00e1vel)<br \/>\nSe voc\u00ea ainda n\u00e3o recebeu um reembolso, primeiro verifique novamente sua conta banc\u00e1ria.<br \/>\nEm seguida, entre em contato com a empresa do seu cart\u00e3o de cr\u00e9dito, pois pode levar algum tempo at\u00e9 que o reembolso seja oficialmente lan\u00e7ado.<br \/>\nEm seguida, entre em contato com o seu banco. Geralmente, h\u00e1 algum tempo de processamento antes que o reembolso seja lan\u00e7ado.<br \/>\nSe tiver feito tudo isso e ainda n\u00e3o tiver recebido seu reembolso, entre em contato conosco pelo e-mail return@pophaw.com.<\/p>\n<p>Itens em promo\u00e7\u00e3o (se aplic\u00e1vel)<br \/>\nSomente itens com pre\u00e7o normal podem ser reembolsados; infelizmente, itens em promo\u00e7\u00e3o n\u00e3o podem ser reembolsados.<\/p>\n<p>Trocas (se aplic\u00e1vel)<br \/>\nS\u00f3 substitu\u00edmos itens se estiverem com defeito ou danificados. Se precisar troc\u00e1-lo pelo mesmo item, envie-nos um e-mail para return@pophaw.com e envie seu item para: 8301 Brooklyn Blvd, Ste 900, Brooklyn Park, MN 55445-2589, EUA.<\/p>\n<p>Presentes<br \/>\nSe o item foi marcado como presente quando comprado e enviado diretamente para voc\u00ea, voc\u00ea receber\u00e1 um cr\u00e9dito de presente no valor da sua devolu\u00e7\u00e3o. Assim que o item devolvido for recebido, um certificado de presente ser\u00e1 enviado a voc\u00ea.<\/p>\n<p>Se o item n\u00e3o tiver sido marcado como presente no momento da compra, ou se o presenteador tiver enviado o pedido para ele mesmo para entregar a voc\u00ea mais tarde, enviaremos um reembolso ao presenteador e ele ficar\u00e1 sabendo da sua devolu\u00e7\u00e3o.<\/p>\n<p>Remessa<br \/>\nPara devolver seu produto, voc\u00ea deve envi\u00e1-lo para: 8301 Brooklyn Blvd, Ste 900, Brooklyn Park, MN 55445-2589, EUA.<\/p>\n<p>Voc\u00ea ser\u00e1 respons\u00e1vel pelo pagamento de seus pr\u00f3prios custos de remessa para devolver o item. Os custos de remessa n\u00e3o s\u00e3o reembols\u00e1veis. Se voc\u00ea receber um reembolso, o custo do frete de devolu\u00e7\u00e3o ser\u00e1 deduzido do seu reembolso.<\/p>\n<p>Dependendo de onde voc\u00ea mora, o tempo que pode levar para o produto trocado chegar at\u00e9 voc\u00ea pode variar.<\/p>\n<p>Se estiver enviando um item acima de $75, considere a possibilidade de usar um servi\u00e7o de remessa rastre\u00e1vel ou adquirir um seguro de remessa. N\u00e3o garantimos que receberemos seu item devolvido.<\/p>\n<p>Ortho Molecular<\/p>\n<p>Temos um contrato com a Ortho Molecular para vender seus produtos. Cumprimos rigorosamente suas pol\u00edticas e n\u00e3o podemos vender para empresas ou indiv\u00edduos que compram e revendem em outras plataformas de marketing on-line. Isso inclui Amazon, Walmart, Ebay e qualquer site de marketing social. Por favor, respeite nosso caminho para trabalhar com indiv\u00edduos, pacientes e clientes que realmente precisam de assist\u00eancia com os produtos da Ortho Molecular. N\u00f3s gentilmente devolveremos seu dinheiro para sua forma original de pagamento.<\/p>","protected":false},"excerpt":{"rendered":"<p>Returns Returns accepted for 60 days Customer provides return shipping No restocking fee No final sale items Our policy lasts 60 days. If 60 days have gone by since your purchase, unfortunately we can\u2019t offer you a refund or exchange. To be eligible for a return, your item must be unused and in the same [&hellip;]<\/p>\n","protected":false},"author":1,"featured_media":0,"parent":0,"menu_order":0,"comment_status":"closed","ping_status":"open","template":"","meta":{"bwfblock_default_font":"","_uag_custom_page_level_css":"","site-sidebar-layout":"default","site-content-layout":"","ast-site-content-layout":"default","site-content-style":"default","site-sidebar-style":"default","ast-global-header-display":"","ast-banner-title-visibility":"","ast-main-header-display":"","ast-hfb-above-header-display":"","ast-hfb-below-header-display":"","ast-hfb-mobile-header-display":"","site-post-title":"","ast-breadcrumbs-content":"","ast-featured-img":"","footer-sml-layout":"","ast-disable-related-posts":"","theme-transparent-header-meta":"default","adv-header-id-meta":"","stick-header-meta":"default","header-above-stick-meta":"","header-main-stick-meta":"","header-below-stick-meta":"","astra-migrate-meta-layouts":"set","ast-page-background-enabled":"default","ast-page-background-meta":{"desktop":{"background-color":"","background-image":"","background-repeat":"repeat","background-position":"center center","background-size":"auto","background-attachment":"scroll","background-type":"","background-media":"","overlay-type":"","overlay-color":"","overlay-opacity":"","overlay-gradient":""},"tablet":{"background-color":"","background-image":"","background-repeat":"repeat","background-position":"center center","background-size":"auto","background-attachment":"scroll","background-type":"","background-media":"","overlay-type":"","overlay-color":"","overlay-opacity":"","overlay-gradient":""},"mobile":{"background-color":"","background-image":"","background-repeat":"repeat","background-position":"center center","background-size":"auto","background-attachment":"scroll","background-type":"","background-media":"","overlay-type":"","overlay-color":"","overlay-opacity":"","overlay-gradient":""}},"ast-content-background-meta":{"desktop":{"background-color":"var(--ast-global-color-5)","background-image":"","background-repeat":"repeat","background-position":"center center","background-size":"auto","background-attachment":"scroll","background-type":"","background-media":"","overlay-type":"","overlay-color":"","overlay-opacity":"","overlay-gradient":""},"tablet":{"background-color":"var(--ast-global-color-5)","background-image":"","background-repeat":"repeat","background-position":"center center","background-size":"auto","background-attachment":"scroll","background-type":"","background-media":"","overlay-type":"","overlay-color":"","overlay-opacity":"","overlay-gradient":""},"mobile":{"background-color":"var(--ast-global-color-5)","background-image":"","background-repeat":"repeat","background-position":"center center","background-size":"auto","background-attachment":"scroll","background-type":"","background-media":"","overlay-type":"","overlay-color":"","overlay-opacity":"","overlay-gradient":""}},"footnotes":""},"class_list":["post-852","page","type-page","status-publish","hentry"],"spectra_custom_meta":{"_wp_page_template":["default"],"insight_page_options":["s:1316:\"a:37:{s:11:\"site_layout\";s:0:\"\";s:10:\"site_width\";s:0:\"\";s:16:\"site_top_spacing\";s:0:\"\";s:19:\"site_bottom_spacing\";s:0:\"\";s:10:\"site_class\";s:0:\"\";s:21:\"site_background_color\";s:0:\"\";s:21:\"site_background_image\";s:0:\"\";s:22:\"site_background_repeat\";s:9:\"no-repeat\";s:26:\"site_background_attachment\";s:0:\"\";s:24:\"site_background_position\";s:0:\"\";s:20:\"site_background_size\";s:0:\"\";s:24:\"content_background_color\";s:0:\"\";s:24:\"content_background_image\";s:0:\"\";s:25:\"content_background_repeat\";s:9:\"no-repeat\";s:27:\"content_background_position\";s:0:\"\";s:12:\"top_bar_type\";s:0:\"\";s:11:\"header_type\";s:0:\"\";s:14:\"header_overlay\";s:0:\"\";s:11:\"header_skin\";s:0:\"\";s:12:\"menu_display\";s:0:\"\";s:13:\"menu_one_page\";s:1:\"0\";s:16:\"custom_dark_logo\";s:0:\"\";s:17:\"custom_light_logo\";s:0:\"\";s:17:\"custom_logo_width\";s:0:\"\";s:24:\"custom_sticky_logo_width\";s:0:\"\";s:21:\"page_title_bar_layout\";s:0:\"\";s:29:\"page_title_bar_bottom_spacing\";s:0:\"\";s:31:\"page_title_bar_background_color\";s:0:\"\";s:25:\"page_title_bar_background\";s:0:\"\";s:33:\"page_title_bar_background_overlay\";s:0:\"\";s:29:\"page_title_bar_custom_heading\";s:0:\"\";s:14:\"page_sidebar_1\";s:7:\"default\";s:14:\"page_sidebar_2\";s:7:\"default\";s:21:\"page_sidebar_position\";s:7:\"default\";s:17:\"revolution_slider\";s:0:\"\";s:15:\"slider_position\";s:5:\"below\";s:13:\"footer_enable\";s:0:\"\";}\";"],"_dp_original":["3"],"_edit_last":["1"],"_wxr_import_has_attachment_refs":["1"],"_edit_lock":["1764515258:1"],"rank_math_seo_score":["63"],"rank_math_og_content_image":["a:2:{s:5:\"check\";s:32:\"f099eb967a8cac1d82d6e3f99520935f\";s:6:\"images\";a:1:{i:0;i:9658;}}"],"rank_math_contentai_score":["a:5:{s:8:\"keywords\";s:5:\"74.51\";s:9:\"wordCount\";s:1:\"0\";s:9:\"linkCount\";s:1:\"0\";s:12:\"headingCount\";s:1:\"0\";s:10:\"mediaCount\";s:1:\"0\";}"],"rank_math_focus_keyword":["Return"],"rank_math_analytic_object_id":["35"],"rank_math_robots":["a:2:{i:0;s:5:\"index\";i:1;s:6:\"follow\";}"],"site-sidebar-layout":["default"],"ast-site-content-layout":["default"],"site-content-style":["default"],"site-sidebar-style":["default"],"theme-transparent-header-meta":["default"],"astra-migrate-meta-layouts":["set"],"stick-header-meta":["default"],"surerank_settings_general":["a:7:{s:9:\"separator\";s:1:\"-\";s:10:\"page_title\";s:21:\"%title% - %site_name%\";s:25:\"auto_generate_description\";b:1;s:16:\"page_description\";s:9:\"%excerpt%\";s:16:\"auto_description\";s:156:\"Returns Our policy lasts 30 days. If 30 days have gone by since your purchase, unfortunately we can\u2019t offer you a refund or exchange. To be eligible for a\";s:14:\"fallback_image\";s:0:\"\";s:13:\"canonical_url\";s:33:\"https:\/\/pophaw.com\/return-policy\/\";}"],"surerank_settings_post_no_index":["no"],"surerank_settings_post_no_follow":["no"],"surerank_settings_post_no_archive":["no"],"surerank_settings_social":["a:23:{s:15:\"open_graph_tags\";b:1;s:18:\"facebook_meta_tags\";b:1;s:17:\"twitter_meta_tags\";b:1;s:16:\"oembeded_scripts\";b:1;s:17:\"oembeded_og_title\";b:1;s:22:\"oembeded_social_images\";b:1;s:27:\"oembeded_remove_author_name\";b:1;s:17:\"facebook_page_url\";s:54:\"https:\/\/www.facebook.com\/profile.php?id=61571207938497\";s:24:\"facebook_author_fallback\";s:0:\"\";s:17:\"twitter_card_type\";s:19:\"summary_large_image\";s:24:\"twitter_same_as_facebook\";b:1;s:24:\"twitter_profile_username\";s:0:\"\";s:24:\"twitter_profile_fallback\";s:0:\"\";s:14:\"facebook_title\";s:21:\"%title% - %site_name%\";s:20:\"facebook_description\";s:9:\"%content%\";s:18:\"facebook_image_url\";s:0:\"\";s:17:\"facebook_image_id\";i:0;s:20:\"facebook_image_width\";i:0;s:21:\"facebook_image_height\";i:0;s:13:\"twitter_title\";s:21:\"%title% - %site_name%\";s:19:\"twitter_description\";s:9:\"%content%\";s:17:\"twitter_image_url\";s:0:\"\";s:16:\"twitter_image_id\";i:0;}"],"surerank_migration":["1"],"astra_style_timestamp_css":["1775181063"],"_uagb_previous_block_counts":["a:90:{s:21:\"uagb\/advanced-heading\";i:0;s:15:\"uagb\/blockquote\";i:0;s:12:\"uagb\/buttons\";i:0;s:18:\"uagb\/buttons-child\";i:0;s:19:\"uagb\/call-to-action\";i:0;s:15:\"uagb\/cf7-styler\";i:0;s:11:\"uagb\/column\";i:0;s:12:\"uagb\/columns\";i:0;s:14:\"uagb\/container\";i:0;s:21:\"uagb\/content-timeline\";i:0;s:27:\"uagb\/content-timeline-child\";i:0;s:14:\"uagb\/countdown\";i:0;s:12:\"uagb\/counter\";i:0;s:8:\"uagb\/faq\";i:0;s:14:\"uagb\/faq-child\";i:0;s:10:\"uagb\/forms\";i:0;s:17:\"uagb\/forms-accept\";i:0;s:19:\"uagb\/forms-checkbox\";i:0;s:15:\"uagb\/forms-date\";i:0;s:16:\"uagb\/forms-email\";i:0;s:17:\"uagb\/forms-hidden\";i:0;s:15:\"uagb\/forms-name\";i:0;s:16:\"uagb\/forms-phone\";i:0;s:16:\"uagb\/forms-radio\";i:0;s:17:\"uagb\/forms-select\";i:0;s:19:\"uagb\/forms-textarea\";i:0;s:17:\"uagb\/forms-toggle\";i:0;s:14:\"uagb\/forms-url\";i:0;s:14:\"uagb\/gf-styler\";i:0;s:15:\"uagb\/google-map\";i:0;s:11:\"uagb\/how-to\";i:0;s:16:\"uagb\/how-to-step\";i:0;s:9:\"uagb\/icon\";i:0;s:14:\"uagb\/icon-list\";i:0;s:20:\"uagb\/icon-list-child\";i:0;s:10:\"uagb\/image\";i:0;s:18:\"uagb\/image-gallery\";i:0;s:13:\"uagb\/info-box\";i:0;s:18:\"uagb\/inline-notice\";i:0;s:11:\"uagb\/lottie\";i:0;s:21:\"uagb\/marketing-button\";i:0;s:10:\"uagb\/modal\";i:0;s:18:\"uagb\/popup-builder\";i:0;s:16:\"uagb\/post-button\";i:0;s:18:\"uagb\/post-carousel\";i:0;s:17:\"uagb\/post-excerpt\";i:0;s:14:\"uagb\/post-grid\";i:0;s:15:\"uagb\/post-image\";i:0;s:17:\"uagb\/post-masonry\";i:0;s:14:\"uagb\/post-meta\";i:0;s:18:\"uagb\/post-taxonomy\";i:0;s:18:\"uagb\/post-timeline\";i:0;s:15:\"uagb\/post-title\";i:0;s:20:\"uagb\/restaurant-menu\";i:0;s:26:\"uagb\/restaurant-menu-child\";i:0;s:11:\"uagb\/review\";i:0;s:12:\"uagb\/section\";i:0;s:14:\"uagb\/separator\";i:0;s:11:\"uagb\/slider\";i:0;s:17:\"uagb\/slider-child\";i:0;s:17:\"uagb\/social-share\";i:0;s:23:\"uagb\/social-share-child\";i:0;s:16:\"uagb\/star-rating\";i:0;s:23:\"uagb\/sure-cart-checkout\";i:0;s:22:\"uagb\/sure-cart-product\";i:0;s:15:\"uagb\/sure-forms\";i:0;s:22:\"uagb\/table-of-contents\";i:0;s:9:\"uagb\/tabs\";i:0;s:15:\"uagb\/tabs-child\";i:0;s:18:\"uagb\/taxonomy-list\";i:0;s:9:\"uagb\/team\";i:0;s:16:\"uagb\/testimonial\";i:0;s:14:\"uagb\/wp-search\";i:0;s:19:\"uagb\/instagram-feed\";i:0;s:10:\"uagb\/login\";i:0;s:17:\"uagb\/loop-builder\";i:0;s:18:\"uagb\/loop-category\";i:0;s:20:\"uagb\/loop-pagination\";i:0;s:15:\"uagb\/loop-reset\";i:0;s:16:\"uagb\/loop-search\";i:0;s:14:\"uagb\/loop-sort\";i:0;s:17:\"uagb\/loop-wrapper\";i:0;s:13:\"uagb\/register\";i:0;s:19:\"uagb\/register-email\";i:0;s:24:\"uagb\/register-first-name\";i:0;s:23:\"uagb\/register-last-name\";i:0;s:22:\"uagb\/register-password\";i:0;s:30:\"uagb\/register-reenter-password\";i:0;s:19:\"uagb\/register-terms\";i:0;s:22:\"uagb\/register-username\";i:0;}"],"_uag_css_file_name":["uag-css-852.css"],"_uag_page_assets":["a:9:{s:3:\"css\";s:263:\".uag-blocks-common-selector{z-index:var(--z-index-desktop) !important}@media (max-width: 976px){.uag-blocks-common-selector{z-index:var(--z-index-tablet) !important}}@media (max-width: 767px){.uag-blocks-common-selector{z-index:var(--z-index-mobile) !important}}\n\";s:2:\"js\";s:0:\"\";s:18:\"current_block_list\";a:15:{i:0;s:23:\"surecart\/slide-out-cart\";i:1;s:30:\"surecart\/slide-out-cart-header\";i:2;s:29:\"surecart\/slide-out-cart-items\";i:3;s:30:\"surecart\/slide-out-cart-coupon\";i:4;s:32:\"surecart\/slide-out-cart-subtotal\";i:5;s:38:\"surecart\/slide-out-cart-bump-line-item\";i:6;s:30:\"surecart\/slide-out-cart-submit\";i:7;s:11:\"core\/search\";i:8;s:10:\"core\/group\";i:9;s:12:\"core\/heading\";i:10;s:17:\"core\/latest-posts\";i:11;s:20:\"core\/latest-comments\";i:12;s:13:\"core\/archives\";i:13;s:15:\"core\/categories\";i:14;s:14:\"core\/shortcode\";}s:8:\"uag_flag\";b:0;s:11:\"uag_version\";s:10:\"1775168599\";s:6:\"gfonts\";a:0:{}s:10:\"gfonts_url\";s:0:\"\";s:12:\"gfonts_files\";a:0:{}s:14:\"uag_faq_layout\";b:0;}"],"rank_math_internal_links_processed":["1"]},"uagb_featured_image_src":{"full":false,"thumbnail":false,"medium":false,"medium_large":false,"large":false,"ryviu-small":false,"ryviu-medium":false,"1536x1536":false,"2048x2048":false,"trp-custom-language-flag":false,"woocommerce_thumbnail":false,"woocommerce_single":false,"woocommerce_gallery_thumbnail":false},"uagb_author_info":{"display_name":"Dr. Rowan","author_link":"https:\/\/pophaw.com\/pt\/author\/xiaoxi99201\/"},"uagb_comment_info":0,"uagb_excerpt":"Returns Returns accepted for 60 days Customer provides return shipping No restocking fee No final sale items Our policy lasts 60 days. If 60 days have gone by since your purchase, unfortunately we can\u2019t offer you a refund or exchange. To be eligible for a return, your item must be unused and in the same&hellip;","_links":{"self":[{"href":"https:\/\/pophaw.com\/pt\/wp-json\/wp\/v2\/pages\/852","targetHints":{"allow":["GET"]}}],"collection":[{"href":"https:\/\/pophaw.com\/pt\/wp-json\/wp\/v2\/pages"}],"about":[{"href":"https:\/\/pophaw.com\/pt\/wp-json\/wp\/v2\/types\/page"}],"author":[{"embeddable":true,"href":"https:\/\/pophaw.com\/pt\/wp-json\/wp\/v2\/users\/1"}],"replies":[{"embeddable":true,"href":"https:\/\/pophaw.com\/pt\/wp-json\/wp\/v2\/comments?post=852"}],"version-history":[{"count":0,"href":"https:\/\/pophaw.com\/pt\/wp-json\/wp\/v2\/pages\/852\/revisions"}],"wp:attachment":[{"href":"https:\/\/pophaw.com\/pt\/wp-json\/wp\/v2\/media?parent=852"}],"curies":[{"name":"wp","href":"https:\/\/api.w.org\/{rel}","templated":true}]}}