{"id":858,"date":"2020-04-29T07:09:07","date_gmt":"2020-04-29T07:09:07","guid":{"rendered":"https:\/\/pophaw.com\/shipping-options\/"},"modified":"2025-02-27T02:18:40","modified_gmt":"2025-02-27T10:18:40","slug":"opcoes-de-envio","status":"publish","type":"page","link":"https:\/\/pophaw.com\/pt\/opcoes-de-envio\/","title":{"rendered":"Op\u00e7\u00f5es de remessa"},"content":{"rendered":"<p><img loading=\"lazy\" decoding=\"async\" class=\"alignnone wp-image-9654 size-full\" src=\"https:\/\/pophaw.com\/wp-content\/uploads\/2025\/01\/clay-banks-cEzMOp5FtV4-unsplash-scaled-oodkubksljahvhtmz0x3tfvchq2fau134yf0w6l0e6.jpg\" alt=\"Remessa\" width=\"900\" height=\"467\" srcset=\"https:\/\/pophaw.com\/wp-content\/uploads\/2025\/01\/clay-banks-cEzMOp5FtV4-unsplash-scaled-oodkubksljahvhtmz0x3tfvchq2fau134yf0w6l0e6.jpg 900w, https:\/\/pophaw.com\/wp-content\/uploads\/2025\/01\/clay-banks-cEzMOp5FtV4-unsplash-scaled-oodkubksljahvhtmz0x3tfvchq2fau134yf0w6l0e6-600x311.jpg 600w, https:\/\/pophaw.com\/wp-content\/uploads\/2025\/01\/clay-banks-cEzMOp5FtV4-unsplash-scaled-oodkubksljahvhtmz0x3tfvchq2fau134yf0w6l0e6-300x156.jpg 300w, https:\/\/pophaw.com\/wp-content\/uploads\/2025\/01\/clay-banks-cEzMOp5FtV4-unsplash-scaled-oodkubksljahvhtmz0x3tfvchq2fau134yf0w6l0e6-768x399.jpg 768w\" sizes=\"auto, (max-width: 900px) 100vw, 900px\" \/><\/p>\n<p>&nbsp;<\/p>\n<h2 data-start=\"81\" data-end=\"111\"><strong data-start=\"84\" data-end=\"109\">Tempo de processamento de pedidos<\/strong><\/h2>\n<p>Aguarde de 1 a 2 dias \u00fateis para que possamos processar seu pedido para envio. Frequentemente, fazemos entregas no mesmo dia, mas, entenda, somos uma equipe de seres humanos, trabalhando com m\u00e3os e c\u00e9rebros humanos. N\u00e3o somos perfeitos, mas nos esfor\u00e7amos ao m\u00e1ximo para enviar seu pedido rapidamente. Em raras ocasi\u00f5es em que estivermos tentando recuperar o atraso e aguardando que nosso estoque seja atualizado, faremos o poss\u00edvel para entrar em contato com voc\u00ea e mant\u00ea-lo informado sobre seu pedido.<\/p>\n<p>&nbsp;<\/p>\n<h2>Informa\u00e7\u00f5es de remessa<\/h2>\n<h3 data-start=\"334\" data-end=\"362\"><strong data-start=\"338\" data-end=\"355\">Estados Unidos<\/strong> \ud83c\uddfa\ud83c\uddf8<\/h3>\n<ul data-start=\"363\" data-end=\"496\">\n<li data-start=\"363\" data-end=\"418\"><strong data-start=\"365\" data-end=\"382\">Taxa de remessa:<\/strong> $5.95 (Pedidos acima de $99 s\u00e3o enviados GRATUITAMENTE)<\/li>\n<li data-start=\"419\" data-end=\"459\"><strong data-start=\"421\" data-end=\"439\">Prazo de entrega:<\/strong> 3-6 dias \u00fateis<\/li>\n<li data-start=\"460\" data-end=\"496\"><strong data-start=\"462\" data-end=\"474\">Transportadora:<\/strong> USPS, UPS ou FedEx<\/li>\n<\/ul>\n<h3 data-start=\"498\" data-end=\"533\"><strong data-start=\"502\" data-end=\"528\">Remessa internacional<\/strong> \ud83c\udf0d<\/h3>\n<ul data-start=\"534\" data-end=\"688\">\n<li data-start=\"534\" data-end=\"560\"><strong data-start=\"536\" data-end=\"553\">Taxa de remessa:<\/strong> GR\u00c1TIS<\/li>\n<li data-start=\"561\" data-end=\"602\"><strong data-start=\"563\" data-end=\"581\">Prazo de entrega:<\/strong> 8-11 dias \u00fateis<\/li>\n<li data-start=\"603\" data-end=\"688\"><strong data-start=\"605\" data-end=\"623\">Frete de:<\/strong> Reino Unido, Alemanha, Jap\u00e3o ou China (com base na disponibilidade do estoque)<\/li>\n<\/ul>\n<p>Os dias \u00fateis s\u00e3o de segunda a sexta-feira, excluindo todos os principais feriados.<\/p>\n<p>&nbsp;<\/p>\n<h2 data-start=\"690\" data-end=\"721\"><strong data-start=\"693\" data-end=\"719\">Informa\u00e7\u00f5es adicionais<\/strong><\/h2>\n<h3><strong>Informa\u00e7\u00f5es de rastreamento:<\/strong><\/h3>\n<p>Todos os pedidos podem ser rastreados. Voc\u00ea receber\u00e1 um n\u00famero de rastreamento assim que seu pedido for enviado. Os produtos podem ser enviados de v\u00e1rios centros de atendimento globais.<\/p>\n<h3><strong>Atrasos na remessa:<\/strong><\/h3>\n<p>Observe que os prazos de envio podem variar devido a fatores fora do nosso controle, como condi\u00e7\u00f5es clim\u00e1ticas, desastres naturais ou per\u00edodos de pico de feriados. Embora nos esforcemos para garantir uma entrega pontual, o tempo exato de chegada n\u00e3o pode ser garantido e \u00e9 gerenciado pela transportadora.<\/p>\n<h3><strong>Confirma\u00e7\u00e3o de envio:<\/strong><\/h3>\n<p>Voc\u00ea receber\u00e1 um e-mail de confirma\u00e7\u00e3o de envio com um n\u00famero de rastreamento assim que seu pedido for despachado. Se voc\u00ea n\u00e3o receber esse e-mail imediatamente, tenha certeza de que seus itens chegar\u00e3o dentro do prazo de entrega estimado fornecido na finaliza\u00e7\u00e3o da compra.<\/p>\n<h3><strong>Modifica\u00e7\u00f5es de pedidos:<\/strong><\/h3>\n<p>Se precisar cancelar ou modificar seu pedido, entre em contato imediatamente com nosso atendimento ao cliente.<\/p>\n<h3><strong>Problemas com a entrega:<\/strong><\/h3>\n<p>Se o seu pedido aparecer como entregue, mas voc\u00ea n\u00e3o o tiver recebido, entre em contato diretamente com a transportadora para resolver o problema. Para problemas persistentes, entre em contato com nosso atendimento ao cliente pelo e-mail info@pophaw.com.<\/p>\n<h3><strong>Suporte ao cliente:<\/strong><\/h3>\n<p>Nossa equipe est\u00e1 dispon\u00edvel 24 horas por dia, 7 dias por semana, para ajud\u00e1-lo com quaisquer d\u00favidas ou preocupa\u00e7\u00f5es relacionadas ao seu pedido. Estamos empenhados em garantir uma experi\u00eancia de compra tranquila.<\/p>\n<p>&nbsp;<\/p>\n<h2 data-immersive-translate-walked=\"2a0cf61a-a638-4a8b-9c6b-be1f7aea4831\"><strong data-immersive-translate-walked=\"2a0cf61a-a638-4a8b-9c6b-be1f7aea4831\" data-immersive-translate-paragraph=\"1\">ACOMPANHE SEU PEDIDO<\/strong><\/h2>\n<p data-immersive-translate-walked=\"2a0cf61a-a638-4a8b-9c6b-be1f7aea4831\" data-immersive-translate-paragraph=\"1\">Voc\u00ea pode acompanhar o status do seu pedido aqui: <a href=\"https:\/\/pophaw.com\/pt\/painel-de-parcelas\/\">https:\/\/pophaw.com\/parcel-panel\/.<\/a><\/p>","protected":false},"excerpt":{"rendered":"<p>&nbsp; Order Processing Time Please allow 1-2 business days for us to process your order for shipping. We quite often do same day delivery, but, understand, we are a team of humans, working with human hands and human brains. We are not perfect, but, we make every effort to get your order out quickly. In [&hellip;]<\/p>\n","protected":false},"author":1,"featured_media":0,"parent":0,"menu_order":0,"comment_status":"closed","ping_status":"open","template":"","meta":{"bwfblock_default_font":"","_uag_custom_page_level_css":"","site-sidebar-layout":"default","site-content-layout":"","ast-site-content-layout":"default","site-content-style":"default","site-sidebar-style":"default","ast-global-header-display":"","ast-banner-title-visibility":"","ast-main-header-display":"","ast-hfb-above-header-display":"","ast-hfb-below-header-display":"","ast-hfb-mobile-header-display":"","site-post-title":"","ast-breadcrumbs-content":"","ast-featured-img":"","footer-sml-layout":"","ast-disable-related-posts":"","theme-transparent-header-meta":"default","adv-header-id-meta":"","stick-header-meta":"default","header-above-stick-meta":"","header-main-stick-meta":"","header-below-stick-meta":"","astra-migrate-meta-layouts":"set","ast-page-background-enabled":"default","ast-page-background-meta":{"desktop":{"background-color":"","background-image":"","background-repeat":"repeat","background-position":"center center","background-size":"auto","background-attachment":"scroll","background-type":"","background-media":"","overlay-type":"","overlay-color":"","overlay-opacity":"","overlay-gradient":""},"tablet":{"background-color":"","background-image":"","background-repeat":"repeat","background-position":"center center","background-size":"auto","background-attachment":"scroll","background-type":"","background-media":"","overlay-type":"","overlay-color":"","overlay-opacity":"","overlay-gradient":""},"mobile":{"background-color":"","background-image":"","background-repeat":"repeat","background-position":"center center","background-size":"auto","background-attachment":"scroll","background-type":"","background-media":"","overlay-type":"","overlay-color":"","overlay-opacity":"","overlay-gradient":""}},"ast-content-background-meta":{"desktop":{"background-color":"var(--ast-global-color-5)","background-image":"","background-repeat":"repeat","background-position":"center center","background-size":"auto","background-attachment":"scroll","background-type":"","background-media":"","overlay-type":"","overlay-color":"","overlay-opacity":"","overlay-gradient":""},"tablet":{"background-color":"var(--ast-global-color-5)","background-image":"","background-repeat":"repeat","background-position":"center center","background-size":"auto","background-attachment":"scroll","background-type":"","background-media":"","overlay-type":"","overlay-color":"","overlay-opacity":"","overlay-gradient":""},"mobile":{"background-color":"var(--ast-global-color-5)","background-image":"","background-repeat":"repeat","background-position":"center center","background-size":"auto","background-attachment":"scroll","background-type":"","background-media":"","overlay-type":"","overlay-color":"","overlay-opacity":"","overlay-gradient":""}},"footnotes":""},"class_list":["post-858","page","type-page","status-publish","hentry"],"spectra_custom_meta":{"_wp_page_template":["default"],"insight_page_options":["s:1316:\"a:37:{s:11:\"site_layout\";s:0:\"\";s:10:\"site_width\";s:0:\"\";s:16:\"site_top_spacing\";s:0:\"\";s:19:\"site_bottom_spacing\";s:0:\"\";s:10:\"site_class\";s:0:\"\";s:21:\"site_background_color\";s:0:\"\";s:21:\"site_background_image\";s:0:\"\";s:22:\"site_background_repeat\";s:9:\"no-repeat\";s:26:\"site_background_attachment\";s:0:\"\";s:24:\"site_background_position\";s:0:\"\";s:20:\"site_background_size\";s:0:\"\";s:24:\"content_background_color\";s:0:\"\";s:24:\"content_background_image\";s:0:\"\";s:25:\"content_background_repeat\";s:9:\"no-repeat\";s:27:\"content_background_position\";s:0:\"\";s:12:\"top_bar_type\";s:0:\"\";s:11:\"header_type\";s:0:\"\";s:14:\"header_overlay\";s:0:\"\";s:11:\"header_skin\";s:0:\"\";s:12:\"menu_display\";s:0:\"\";s:13:\"menu_one_page\";s:1:\"0\";s:16:\"custom_dark_logo\";s:0:\"\";s:17:\"custom_light_logo\";s:0:\"\";s:17:\"custom_logo_width\";s:0:\"\";s:24:\"custom_sticky_logo_width\";s:0:\"\";s:21:\"page_title_bar_layout\";s:0:\"\";s:29:\"page_title_bar_bottom_spacing\";s:0:\"\";s:31:\"page_title_bar_background_color\";s:0:\"\";s:25:\"page_title_bar_background\";s:0:\"\";s:33:\"page_title_bar_background_overlay\";s:0:\"\";s:29:\"page_title_bar_custom_heading\";s:0:\"\";s:14:\"page_sidebar_1\";s:7:\"default\";s:14:\"page_sidebar_2\";s:7:\"default\";s:21:\"page_sidebar_position\";s:7:\"default\";s:17:\"revolution_slider\";s:0:\"\";s:15:\"slider_position\";s:5:\"below\";s:13:\"footer_enable\";s:0:\"\";}\";"],"_dp_original":["852"],"_edit_last":["1"],"_wxr_import_has_attachment_refs":["1"],"rank_math_og_content_image":["a:2:{s:5:\"check\";s:32:\"8b551fa25815f0b13c70f528dd221a82\";s:6:\"images\";a:1:{i:0;i:9654;}}"],"_edit_lock":["1740651594:1"],"rank_math_seo_score":["69"],"rank_math_contentai_score":["a:5:{s:8:\"keywords\";s:5:\"74.51\";s:9:\"wordCount\";s:1:\"0\";s:9:\"linkCount\";s:1:\"0\";s:12:\"headingCount\";s:1:\"0\";s:10:\"mediaCount\";s:1:\"0\";}"],"rank_math_focus_keyword":["Shipping"],"rank_math_analytic_object_id":["34"],"rank_math_robots":["a:2:{i:0;s:5:\"index\";i:1;s:6:\"follow\";}"],"site-sidebar-layout":["default"],"ast-site-content-layout":["default"],"site-content-style":["default"],"site-sidebar-style":["default"],"theme-transparent-header-meta":["default"],"stick-header-meta":["default"],"classic-editor-remember":["classic-editor"],"astra-migrate-meta-layouts":["set"],"surerank_settings_general":["a:7:{s:9:\"separator\";s:1:\"-\";s:10:\"page_title\";s:21:\"%title% - %site_name%\";s:25:\"auto_generate_description\";b:1;s:16:\"page_description\";s:9:\"%excerpt%\";s:16:\"auto_description\";s:159:\"\u00a0 Order Processing Time Please allow 1-2 business days for us to process your order for shipping. We quite often do same day delivery, but, understand, we are\";s:14:\"fallback_image\";s:0:\"\";s:13:\"canonical_url\";s:36:\"https:\/\/pophaw.com\/shipping-options\/\";}"],"surerank_settings_post_no_index":["no"],"surerank_settings_post_no_follow":["no"],"surerank_settings_post_no_archive":["no"],"surerank_settings_social":["a:23:{s:15:\"open_graph_tags\";b:1;s:18:\"facebook_meta_tags\";b:1;s:17:\"twitter_meta_tags\";b:1;s:16:\"oembeded_scripts\";b:1;s:17:\"oembeded_og_title\";b:1;s:22:\"oembeded_social_images\";b:1;s:27:\"oembeded_remove_author_name\";b:1;s:17:\"facebook_page_url\";s:54:\"https:\/\/www.facebook.com\/profile.php?id=61571207938497\";s:24:\"facebook_author_fallback\";s:0:\"\";s:17:\"twitter_card_type\";s:19:\"summary_large_image\";s:24:\"twitter_same_as_facebook\";b:1;s:24:\"twitter_profile_username\";s:0:\"\";s:24:\"twitter_profile_fallback\";s:0:\"\";s:14:\"facebook_title\";s:21:\"%title% - %site_name%\";s:20:\"facebook_description\";s:9:\"%content%\";s:18:\"facebook_image_url\";s:0:\"\";s:17:\"facebook_image_id\";i:0;s:20:\"facebook_image_width\";i:0;s:21:\"facebook_image_height\";i:0;s:13:\"twitter_title\";s:21:\"%title% - %site_name%\";s:19:\"twitter_description\";s:9:\"%content%\";s:17:\"twitter_image_url\";s:0:\"\";s:16:\"twitter_image_id\";i:0;}"],"surerank_migration":["1"],"astra_style_timestamp_css":["1775181395"],"_uag_css_file_name":["uag-css-858.css"],"rank_math_internal_links_processed":["1"],"_uag_page_assets":["a:9:{s:3:\"css\";s:263:\".uag-blocks-common-selector{z-index:var(--z-index-desktop) !important}@media (max-width: 976px){.uag-blocks-common-selector{z-index:var(--z-index-tablet) !important}}@media (max-width: 767px){.uag-blocks-common-selector{z-index:var(--z-index-mobile) !important}}\n\";s:2:\"js\";s:0:\"\";s:18:\"current_block_list\";a:15:{i:0;s:23:\"surecart\/slide-out-cart\";i:1;s:30:\"surecart\/slide-out-cart-header\";i:2;s:29:\"surecart\/slide-out-cart-items\";i:3;s:30:\"surecart\/slide-out-cart-coupon\";i:4;s:32:\"surecart\/slide-out-cart-subtotal\";i:5;s:38:\"surecart\/slide-out-cart-bump-line-item\";i:6;s:30:\"surecart\/slide-out-cart-submit\";i:7;s:11:\"core\/search\";i:8;s:10:\"core\/group\";i:9;s:12:\"core\/heading\";i:10;s:17:\"core\/latest-posts\";i:11;s:20:\"core\/latest-comments\";i:12;s:13:\"core\/archives\";i:13;s:15:\"core\/categories\";i:14;s:14:\"core\/shortcode\";}s:8:\"uag_flag\";b:0;s:11:\"uag_version\";s:10:\"1775168599\";s:6:\"gfonts\";a:0:{}s:10:\"gfonts_url\";s:0:\"\";s:12:\"gfonts_files\";a:0:{}s:14:\"uag_faq_layout\";b:0;}"]},"uagb_featured_image_src":{"full":false,"thumbnail":false,"medium":false,"medium_large":false,"large":false,"ryviu-small":false,"ryviu-medium":false,"1536x1536":false,"2048x2048":false,"trp-custom-language-flag":false,"woocommerce_thumbnail":false,"woocommerce_single":false,"woocommerce_gallery_thumbnail":false},"uagb_author_info":{"display_name":"Dr. Rowan","author_link":"https:\/\/pophaw.com\/pt\/author\/xiaoxi99201\/"},"uagb_comment_info":0,"uagb_excerpt":"&nbsp; Order Processing Time Please allow 1-2 business days for us to process your order for shipping. We quite often do same day delivery, but, understand, we are a team of humans, working with human hands and human brains. We are not perfect, but, we make every effort to get your order out quickly. In&hellip;","_links":{"self":[{"href":"https:\/\/pophaw.com\/pt\/wp-json\/wp\/v2\/pages\/858","targetHints":{"allow":["GET"]}}],"collection":[{"href":"https:\/\/pophaw.com\/pt\/wp-json\/wp\/v2\/pages"}],"about":[{"href":"https:\/\/pophaw.com\/pt\/wp-json\/wp\/v2\/types\/page"}],"author":[{"embeddable":true,"href":"https:\/\/pophaw.com\/pt\/wp-json\/wp\/v2\/users\/1"}],"replies":[{"embeddable":true,"href":"https:\/\/pophaw.com\/pt\/wp-json\/wp\/v2\/comments?post=858"}],"version-history":[{"count":0,"href":"https:\/\/pophaw.com\/pt\/wp-json\/wp\/v2\/pages\/858\/revisions"}],"wp:attachment":[{"href":"https:\/\/pophaw.com\/pt\/wp-json\/wp\/v2\/media?parent=858"}],"curies":[{"name":"wp","href":"https:\/\/api.w.org\/{rel}","templated":true}]}}