{"id":10013,"date":"2025-01-08T01:21:59","date_gmt":"2025-01-08T09:21:59","guid":{"rendered":"https:\/\/pophaw.com\/?post_type=product&#038;p=10013"},"modified":"2025-02-13T02:00:23","modified_gmt":"2025-02-13T10:00:23","slug":"massageador-de-joelho-aquecido","status":"publish","type":"product","link":"https:\/\/pophaw.com\/pt\/product\/massageador-de-joelho-aquecido\/","title":{"rendered":"Massageador de joelho aquecido com controle sem fio"},"content":{"rendered":"<p>Massageador de joelho aquecido com controle sem fio e vibra\u00e7\u00e3o para al\u00edvio da dor nas articula\u00e7\u00f5es do joelho<\/p>\n<p><strong>Caracter\u00edsticas:<\/strong><\/p>\n<p>1. Joelheiras com aquecimento e vibra\u00e7\u00e3o, seu especialista em cuidados com as articula\u00e7\u00f5es em casa para melhorar seus problemas articulares, 3 n\u00edveis de intensidade de massagem para atingir diretamente os pontos doloridos.<br \/>\n2. Circula\u00e7\u00e3o de energia t\u00e9rmica em uma grande \u00e1rea, remodelando a for\u00e7a do joelho e fornecendo cuidados quentes durante todo o dia, com uma temperatura m\u00e1xima de at\u00e9 70\u00b0C\/158\u00b0F.<br \/>\n3. Compressa quente de moxa, processamento natural de moxa combinado com ervas chinesas feitas de pacotes de moxa.<br \/>\n4. Massagem de vibra\u00e7\u00e3o dupla para relaxamento profundo e tamb\u00e9m um dispositivo de terapia corporal com uma al\u00e7a de extens\u00e3o de 90 cm para cuidados com o ombro\/cotovelo\/joelho\/perna.<br \/>\n5. Relaxe suas pernas o tempo todo, leve e port\u00e1til, uso sem fio, bateria de grande capacidade de 5000mAh, longa dura\u00e7\u00e3o, prote\u00e7\u00e3o cont\u00ednua dos joelhos.<\/p>\n<p><strong>Especifica\u00e7\u00f5es:<\/strong><\/p>\n<p>Modelo do produto: AMH01<br \/>\nCor : Preto<br \/>\nPot\u00eancia nominal: 10W<br \/>\nTens\u00e3o nominal: DC5V<br \/>\nCapacidade da bateria: 5000mAh<br \/>\nTempo de uso testado das joelheiras:<br \/>\nDura\u00e7\u00e3o da bateria: Massagem (marcha mais alta) 10H<br \/>\nAquecimento (marcha mais alta) : 2.5-3H<br \/>\nAquecimento (60 graus) : 4H<br \/>\nEMS+aquecimento (marcha mais alta) : 1.5H<br \/>\nPeso l\u00edquido do produto: 299g<br \/>\nPeso bruto do produto: 471g<br \/>\nTamanho do produto: cm<br \/>\nTamanho da embalagem: 20,5 * 13 * 7,6 cm<\/p>\n<p><strong>Lista de embalagem:<\/strong><\/p>\n<p>Host * 1<br \/>\nJoelheiras * 1<br \/>\nArrastar dois fios de eletrodo (117 cm) * 1<br \/>\nPar de * adesivos de eletrodos * 1<br \/>\nAl\u00e7a de extens\u00e3o (92 cm) * 1<br \/>\nCabo de dados USB * 1<br \/>\nManual em ingl\u00eas * 1<br \/>\nCaixa de cor inglesa * 1<\/p>\n<p><img loading=\"lazy\" decoding=\"async\" class=\"alignnone size-full wp-image-10029\" src=\"https:\/\/pophaw.com\/wp-content\/uploads\/2025\/01\/Main-image-17-2.webp\" alt=\"\" width=\"1000\" height=\"1000\" srcset=\"https:\/\/pophaw.com\/wp-content\/uploads\/2025\/01\/Main-image-17-2.webp 1000w, https:\/\/pophaw.com\/wp-content\/uploads\/2025\/01\/Main-image-17-2-300x300.webp 300w, https:\/\/pophaw.com\/wp-content\/uploads\/2025\/01\/Main-image-17-2-100x100.webp 100w, https:\/\/pophaw.com\/wp-content\/uploads\/2025\/01\/Main-image-17-2-600x600.webp 600w, https:\/\/pophaw.com\/wp-content\/uploads\/2025\/01\/Main-image-17-2-150x150.webp 150w, https:\/\/pophaw.com\/wp-content\/uploads\/2025\/01\/Main-image-17-2-768x768.webp 768w\" sizes=\"auto, (max-width: 1000px) 100vw, 1000px\" \/> <img loading=\"lazy\" decoding=\"async\" class=\"alignnone size-full wp-image-10030\" src=\"https:\/\/pophaw.com\/wp-content\/uploads\/2025\/01\/Main-image-18-1.webp\" alt=\"\" width=\"1000\" height=\"1000\" srcset=\"https:\/\/pophaw.com\/wp-content\/uploads\/2025\/01\/Main-image-18-1.webp 1000w, https:\/\/pophaw.com\/wp-content\/uploads\/2025\/01\/Main-image-18-1-300x300.webp 300w, https:\/\/pophaw.com\/wp-content\/uploads\/2025\/01\/Main-image-18-1-100x100.webp 100w, https:\/\/pophaw.com\/wp-content\/uploads\/2025\/01\/Main-image-18-1-600x600.webp 600w, https:\/\/pophaw.com\/wp-content\/uploads\/2025\/01\/Main-image-18-1-150x150.webp 150w, https:\/\/pophaw.com\/wp-content\/uploads\/2025\/01\/Main-image-18-1-768x768.webp 768w\" sizes=\"auto, (max-width: 1000px) 100vw, 1000px\" \/> <img loading=\"lazy\" decoding=\"async\" class=\"alignnone size-full wp-image-10031\" src=\"https:\/\/pophaw.com\/wp-content\/uploads\/2025\/01\/Main-image-19-1.webp\" alt=\"\" width=\"1000\" height=\"1000\" srcset=\"https:\/\/pophaw.com\/wp-content\/uploads\/2025\/01\/Main-image-19-1.webp 1000w, https:\/\/pophaw.com\/wp-content\/uploads\/2025\/01\/Main-image-19-1-300x300.webp 300w, https:\/\/pophaw.com\/wp-content\/uploads\/2025\/01\/Main-image-19-1-100x100.webp 100w, https:\/\/pophaw.com\/wp-content\/uploads\/2025\/01\/Main-image-19-1-600x600.webp 600w, https:\/\/pophaw.com\/wp-content\/uploads\/2025\/01\/Main-image-19-1-150x150.webp 150w, https:\/\/pophaw.com\/wp-content\/uploads\/2025\/01\/Main-image-19-1-768x768.webp 768w\" sizes=\"auto, (max-width: 1000px) 100vw, 1000px\" \/><\/p>","protected":false},"excerpt":{"rendered":"<p>Com vibra\u00e7\u00e3o para al\u00edvio da dor nas articula\u00e7\u00f5es do joelho<\/p>","protected":false},"featured_media":10014,"template":"","meta":{"bwfblock_default_font":"","_uag_custom_page_level_css":"","site-sidebar-layout":"default","site-content-layout":"","ast-site-content-layout":"default","site-content-style":"default","site-sidebar-style":"default","ast-global-header-display":"","ast-banner-title-visibility":"","ast-main-header-display":"","ast-hfb-above-header-display":"","ast-hfb-below-header-display":"","ast-hfb-mobile-header-display":"","site-post-title":"","ast-breadcrumbs-content":"","ast-featured-img":"","footer-sml-layout":"","ast-disable-related-posts":"","theme-transparent-header-meta":"default","adv-header-id-meta":"","stick-header-meta":"default","header-above-stick-meta":"","header-main-stick-meta":"","header-below-stick-meta":"","astra-migrate-meta-layouts":"set","ast-page-background-enabled":"default","ast-page-background-meta":{"desktop":{"background-color":"","background-image":"","background-repeat":"repeat","background-position":"center center","background-size":"auto","background-attachment":"scroll","background-type":"","background-media":"","overlay-type":"","overlay-color":"","overlay-opacity":"","overlay-gradient":""},"tablet":{"background-color":"","background-image":"","background-repeat":"repeat","background-position":"center center","background-size":"auto","background-attachment":"scroll","background-type":"","background-media":"","overlay-type":"","overlay-color":"","overlay-opacity":"","overlay-gradient":""},"mobile":{"background-color":"","background-image":"","background-repeat":"repeat","background-position":"center center","background-size":"auto","background-attachment":"scroll","background-type":"","background-media":"","overlay-type":"","overlay-color":"","overlay-opacity":"","overlay-gradient":""}},"ast-content-background-meta":{"desktop":{"background-color":"var(--ast-global-color-5)","background-image":"","background-repeat":"repeat","background-position":"center center","background-size":"auto","background-attachment":"scroll","background-type":"","background-media":"","overlay-type":"","overlay-color":"","overlay-opacity":"","overlay-gradient":""},"tablet":{"background-color":"var(--ast-global-color-5)","background-image":"","background-repeat":"repeat","background-position":"center center","background-size":"auto","background-attachment":"scroll","background-type":"","background-media":"","overlay-type":"","overlay-color":"","overlay-opacity":"","overlay-gradient":""},"mobile":{"background-color":"var(--ast-global-color-5)","background-image":"","background-repeat":"repeat","background-position":"center center","background-size":"auto","background-attachment":"scroll","background-type":"","background-media":"","overlay-type":"","overlay-color":"","overlay-opacity":"","overlay-gradient":""}}},"product_brand":[73],"product_cat":[340,103,336],"product_tag":[],"class_list":{"0":"post-10013","1":"product","2":"type-product","3":"status-publish","4":"has-post-thumbnail","6":"product_brand-pophaw","7":"product_cat-massager","8":"product_cat-fitness-weight-management","9":"product_cat-healthcare-products","10":"desktop-align-center","11":"tablet-align-center","12":"mobile-align-center","13":"ast-product-gallery-layout-horizontal-slider","14":"ast-magnify-disabled","15":"ast-product-single-variable","16":"ast-product-tabs-layout-horizontal","18":"first","19":"instock","20":"featured","21":"shipping-taxable","22":"purchasable","23":"product-type-variable"},"spectra_custom_meta":{"_edit_lock":["1749132262:1"],"_edit_last":["1"],"total_sales":["0"],"_tax_status":["taxable"],"_tax_class":[""],"_manage_stock":["no"],"_backorders":["no"],"_sold_individually":["no"],"_virtual":["no"],"_downloadable":["no"],"_download_limit":["-1"],"_download_expiry":["-1"],"_stock":[null],"_stock_status":["instock"],"_wc_average_rating":["0"],"_wc_review_count":["0"],"_product_attributes":["a:1:{s:20:\"pa_quantity-per-case\";a:6:{s:4:\"name\";s:20:\"pa_quantity-per-case\";s:5:\"value\";s:0:\"\";s:8:\"position\";i:0;s:10:\"is_visible\";i:1;s:12:\"is_variation\";i:1;s:11:\"is_taxonomy\";i:1;}}"],"_product_version":["9.6.1"],"rank_math_seo_score":["84"],"rank_math_focus_keyword":["Knee Massager"],"rank_math_description":["Wireless Control Heated Knee Massager with Vibration for Knee Joint Pain Relief"],"_thumbnail_id":["10014"],"_wc_gla_sync_status":["synced"],"_admin_notes":["https:\/\/www.ebay.com\/itm\/387432539135"],"_custom_product_field":[""],"_wc_gla_visibility":["sync-and-show"],"_product_image_gallery":["10015,10016,10017,10018,10019,10020,10021,10022,10023,10024,10025,10026,10027,10028"],"_wc_facebook_commerce_enabled":["no"],"fb_product_group_id":["28123541323958133"],"rank_math_primary_product_brand":["73"],"rank_math_primary_product_cat":["340"],"rank_math_primary_fb_product_set":["0"],"site-sidebar-layout":["default"],"ast-site-content-layout":["default"],"site-content-style":["default"],"site-sidebar-style":["default"],"theme-transparent-header-meta":["default"],"stick-header-meta":["default"],"rank_math_analytic_object_id":["207"],"_wc_gla_synced_at":["1774926044"],"_wc_gla_google_ids":["a:1:{s:2:\"US\";s:22:\"online:en:US:gla_10033\";}"],"_sku":["PH11335026"],"wp_statistics_words_count":["207"],"wpil_sync_report3":["1"],"wpil_links_inbound_internal_count":["0"],"wpil_links_inbound_internal_count_data":["eJxLtDKwqq4FAAZPAf4="],"wpil_links_outbound_internal_count":["0"],"wpil_links_outbound_internal_count_data":["eJxLtDKwqq4FAAZPAf4="],"wpil_links_outbound_external_count":["0"],"wpil_links_outbound_external_count_data":["eJxLtDKwqq4FAAZPAf4="],"wpil_sync_report2_time":["2025-01-27T07:29:10+00:00"],"classic-editor-remember":["classic-editor"],"_price":["40.95","70.95"],"fb_brand":[""],"astra-migrate-meta-layouts":["set"],"omnisend_last_sync":["2025-05-16T11:05:10+00:00"],"_wc_facebook_sync_enabled":["yes"],"fb_visibility":["yes"],"_wc_facebook_sync_enabled_v2":["yes"],"surerank_settings_general":["a:7:{s:9:\"separator\";s:1:\"-\";s:10:\"page_title\";s:21:\"%title% - %site_name%\";s:25:\"auto_generate_description\";b:1;s:16:\"page_description\";s:79:\"Wireless Control Heated Knee Massager with Vibration for Knee Joint Pain Relief\";s:16:\"auto_description\";s:157:\"Wireless Control Heated Knee Massager with Vibration for Knee Joint Pain Relief Features: 1. Heating and vibration knee pads, your home joint care specialist\";s:14:\"fallback_image\";s:0:\"\";s:13:\"canonical_url\";s:48:\"https:\/\/pophaw.com\/product\/heated-knee-massager\/\";}"],"surerank_settings_post_no_index":["no"],"surerank_settings_post_no_follow":["no"],"surerank_settings_post_no_archive":["no"],"surerank_settings_social":["a:23:{s:15:\"open_graph_tags\";b:1;s:18:\"facebook_meta_tags\";b:1;s:17:\"twitter_meta_tags\";b:1;s:16:\"oembeded_scripts\";b:1;s:17:\"oembeded_og_title\";b:1;s:22:\"oembeded_social_images\";b:1;s:27:\"oembeded_remove_author_name\";b:1;s:17:\"facebook_page_url\";s:54:\"https:\/\/www.facebook.com\/profile.php?id=61571207938497\";s:24:\"facebook_author_fallback\";s:0:\"\";s:17:\"twitter_card_type\";s:19:\"summary_large_image\";s:24:\"twitter_same_as_facebook\";b:1;s:24:\"twitter_profile_username\";s:0:\"\";s:24:\"twitter_profile_fallback\";s:0:\"\";s:14:\"facebook_title\";s:21:\"%title% - %site_name%\";s:20:\"facebook_description\";s:9:\"%content%\";s:18:\"facebook_image_url\";s:66:\"https:\/\/pophaw.com\/wp-content\/uploads\/2025\/01\/Main-image-16-2.webp\";s:17:\"facebook_image_id\";i:10014;s:20:\"facebook_image_width\";i:1000;s:21:\"facebook_image_height\";i:1000;s:13:\"twitter_title\";s:21:\"%title% - %site_name%\";s:19:\"twitter_description\";s:9:\"%content%\";s:17:\"twitter_image_url\";s:66:\"https:\/\/pophaw.com\/wp-content\/uploads\/2025\/01\/Main-image-16-2.webp\";s:16:\"twitter_image_id\";i:10014;}"],"surerank_migration":["1"],"astra_style_timestamp_css":["1775182447"],"wwpp_product_wholesale_visibility_filter":["all"],"_uag_css_file_name":["uag-css-10013.css"],"rank_math_internal_links_processed":["1"],"_uag_page_assets":["a:9:{s:3:\"css\";s:263:\".uag-blocks-common-selector{z-index:var(--z-index-desktop) !important}@media (max-width: 976px){.uag-blocks-common-selector{z-index:var(--z-index-tablet) !important}}@media (max-width: 767px){.uag-blocks-common-selector{z-index:var(--z-index-mobile) !important}}\n\";s:2:\"js\";s:0:\"\";s:18:\"current_block_list\";a:15:{i:0;s:23:\"surecart\/slide-out-cart\";i:1;s:30:\"surecart\/slide-out-cart-header\";i:2;s:29:\"surecart\/slide-out-cart-items\";i:3;s:30:\"surecart\/slide-out-cart-coupon\";i:4;s:32:\"surecart\/slide-out-cart-subtotal\";i:5;s:38:\"surecart\/slide-out-cart-bump-line-item\";i:6;s:30:\"surecart\/slide-out-cart-submit\";i:7;s:11:\"core\/search\";i:8;s:10:\"core\/group\";i:9;s:12:\"core\/heading\";i:10;s:17:\"core\/latest-posts\";i:11;s:20:\"core\/latest-comments\";i:12;s:13:\"core\/archives\";i:13;s:15:\"core\/categories\";i:14;s:14:\"core\/shortcode\";}s:8:\"uag_flag\";b:0;s:11:\"uag_version\";s:10:\"1775168599\";s:6:\"gfonts\";a:0:{}s:10:\"gfonts_url\";s:0:\"\";s:12:\"gfonts_files\";a:0:{}s:14:\"uag_faq_layout\";b:0;}"],"_wc_gla_mc_status":["approved"]},"uagb_featured_image_src":{"full":["https:\/\/pophaw.com\/wp-content\/uploads\/2025\/01\/Main-image-16-2.webp",1000,1000,false],"thumbnail":["https:\/\/pophaw.com\/wp-content\/uploads\/2025\/01\/Main-image-16-2-150x150.webp",150,150,true],"medium":["https:\/\/pophaw.com\/wp-content\/uploads\/2025\/01\/Main-image-16-2-300x300.webp",300,300,true],"medium_large":["https:\/\/pophaw.com\/wp-content\/uploads\/2025\/01\/Main-image-16-2-768x768.webp",768,768,true],"large":["https:\/\/pophaw.com\/wp-content\/uploads\/2025\/01\/Main-image-16-2.webp",1000,1000,false],"ryviu-small":["https:\/\/pophaw.com\/wp-content\/uploads\/2025\/01\/Main-image-16-2.webp",40,40,false],"ryviu-medium":["https:\/\/pophaw.com\/wp-content\/uploads\/2025\/01\/Main-image-16-2.webp",132,132,false],"1536x1536":["https:\/\/pophaw.com\/wp-content\/uploads\/2025\/01\/Main-image-16-2.webp",1000,1000,false],"2048x2048":["https:\/\/pophaw.com\/wp-content\/uploads\/2025\/01\/Main-image-16-2.webp",1000,1000,false],"trp-custom-language-flag":["https:\/\/pophaw.com\/wp-content\/uploads\/2025\/01\/Main-image-16-2.webp",12,12,false],"woocommerce_thumbnail":["https:\/\/pophaw.com\/wp-content\/uploads\/2025\/01\/Main-image-16-2-300x300.webp",300,300,true],"woocommerce_single":["https:\/\/pophaw.com\/wp-content\/uploads\/2025\/01\/Main-image-16-2-600x600.webp",600,600,true],"woocommerce_gallery_thumbnail":["https:\/\/pophaw.com\/wp-content\/uploads\/2025\/01\/Main-image-16-2-100x100.webp",100,100,true]},"uagb_author_info":{"display_name":"Dr. Rowan","author_link":"https:\/\/pophaw.com\/pt\/author\/"},"uagb_comment_info":0,"uagb_excerpt":"With Vibration for Knee Joint Pain Relief","_links":{"self":[{"href":"https:\/\/pophaw.com\/pt\/wp-json\/wp\/v2\/product\/10013","targetHints":{"allow":["GET"]}}],"collection":[{"href":"https:\/\/pophaw.com\/pt\/wp-json\/wp\/v2\/product"}],"about":[{"href":"https:\/\/pophaw.com\/pt\/wp-json\/wp\/v2\/types\/product"}],"wp:featuredmedia":[{"embeddable":true,"href":"https:\/\/pophaw.com\/pt\/wp-json\/wp\/v2\/media\/10014"}],"wp:attachment":[{"href":"https:\/\/pophaw.com\/pt\/wp-json\/wp\/v2\/media?parent=10013"}],"wp:term":[{"taxonomy":"product_brand","embeddable":true,"href":"https:\/\/pophaw.com\/pt\/wp-json\/wp\/v2\/product_brand?post=10013"},{"taxonomy":"product_cat","embeddable":true,"href":"https:\/\/pophaw.com\/pt\/wp-json\/wp\/v2\/product_cat?post=10013"},{"taxonomy":"product_tag","embeddable":true,"href":"https:\/\/pophaw.com\/pt\/wp-json\/wp\/v2\/product_tag?post=10013"}],"curies":[{"name":"wp","href":"https:\/\/api.w.org\/{rel}","templated":true}]}}