{"id":10143,"date":"2025-01-09T01:10:46","date_gmt":"2025-01-09T09:10:46","guid":{"rendered":"https:\/\/pophaw.com\/?post_type=product&#038;p=10143"},"modified":"2025-01-25T23:30:42","modified_gmt":"2025-01-26T07:30:42","slug":"kit-de-tiras-para-teste-de-gravidez-wondfo-hcg","status":"publish","type":"product","link":"https:\/\/pophaw.com\/pt\/product\/kit-de-tiras-para-teste-de-gravidez-wondfo-hcg\/","title":{"rendered":"Kit de tiras para teste de gravidez HCG da Wondfo, 100 unidades"},"content":{"rendered":"<p>Wondfo: Tiras de teste de gravidez, precis\u00e3o superior a 99%, r\u00e1pidas e confi\u00e1veis<\/p>\n<p><strong>Aprovado pela FDA:<\/strong> Todos os testes com aprova\u00e7\u00e3o do FDA\/CE\/FSC lhe d\u00e3o tranquilidade.<br \/>\n<strong>Altamente sens\u00edvel:<\/strong> N\u00edveis de hCG t\u00e3o baixos quanto 25 mIU\/ml podem ser detectados em 3 a 5 minutos.<br \/>\n<strong>Design f\u00e1cil de usar:<\/strong> Cada teste \u00e9 selado em uma bolsa individual. Ele pode ser levado para qualquer lugar com prote\u00e7\u00e3o da privacidade.<br \/>\n<strong>Resultado r\u00e1pido e confi\u00e1vel:<\/strong> Mergulhe o teste na urina por 5 a 10 segundos e leia o resultado em 3 a 5 minutos (linhas duplas para gr\u00e1vidas e linhas simples para n\u00e3o gr\u00e1vidas).<br \/>\n<strong>Design de pacote de valor:<\/strong> Para mulheres que est\u00e3o tentando engravidar ou se preparando para a gravidez. Os testes de ovula\u00e7\u00e3o ajudam a prever os dias mais f\u00e9rteis, mesmo que a dura\u00e7\u00e3o do ciclo seja vari\u00e1vel. Os testes de gravidez indicam a gravidez mais cedo do que a aus\u00eancia de menstrua\u00e7\u00e3o. As tiras de teste de ovula\u00e7\u00e3o suficientes ajudam as clientes a manter o controle de sua ovula\u00e7\u00e3o e minimizam a probabilidade de perder o pico de LH.<\/p>","protected":false},"excerpt":{"rendered":"<p><em>Precis\u00e3o superior a 99% - r\u00e1pido e confi\u00e1vel<\/em><\/p>","protected":false},"featured_media":10144,"template":"","meta":{"bwfblock_default_font":"","_uag_custom_page_level_css":"","site-sidebar-layout":"default","site-content-layout":"","ast-site-content-layout":"default","site-content-style":"default","site-sidebar-style":"default","ast-global-header-display":"","ast-banner-title-visibility":"","ast-main-header-display":"","ast-hfb-above-header-display":"","ast-hfb-below-header-display":"","ast-hfb-mobile-header-display":"","site-post-title":"","ast-breadcrumbs-content":"","ast-featured-img":"","footer-sml-layout":"","ast-disable-related-posts":"","theme-transparent-header-meta":"default","adv-header-id-meta":"","stick-header-meta":"default","header-above-stick-meta":"","header-main-stick-meta":"","header-below-stick-meta":"","astra-migrate-meta-layouts":"set","ast-page-background-enabled":"default","ast-page-background-meta":{"desktop":{"background-color":"","background-image":"","background-repeat":"repeat","background-position":"center center","background-size":"auto","background-attachment":"scroll","background-type":"","background-media":"","overlay-type":"","overlay-color":"","overlay-opacity":"","overlay-gradient":""},"tablet":{"background-color":"","background-image":"","background-repeat":"repeat","background-position":"center center","background-size":"auto","background-attachment":"scroll","background-type":"","background-media":"","overlay-type":"","overlay-color":"","overlay-opacity":"","overlay-gradient":""},"mobile":{"background-color":"","background-image":"","background-repeat":"repeat","background-position":"center center","background-size":"auto","background-attachment":"scroll","background-type":"","background-media":"","overlay-type":"","overlay-color":"","overlay-opacity":"","overlay-gradient":""}},"ast-content-background-meta":{"desktop":{"background-color":"var(--ast-global-color-5)","background-image":"","background-repeat":"repeat","background-position":"center center","background-size":"auto","background-attachment":"scroll","background-type":"","background-media":"","overlay-type":"","overlay-color":"","overlay-opacity":"","overlay-gradient":""},"tablet":{"background-color":"var(--ast-global-color-5)","background-image":"","background-repeat":"repeat","background-position":"center center","background-size":"auto","background-attachment":"scroll","background-type":"","background-media":"","overlay-type":"","overlay-color":"","overlay-opacity":"","overlay-gradient":""},"mobile":{"background-color":"var(--ast-global-color-5)","background-image":"","background-repeat":"repeat","background-position":"center center","background-size":"auto","background-attachment":"scroll","background-type":"","background-media":"","overlay-type":"","overlay-color":"","overlay-opacity":"","overlay-gradient":""}}},"product_brand":[321],"product_cat":[339,336,189,99],"product_tag":[],"class_list":{"0":"post-10143","1":"product","2":"type-product","3":"status-publish","4":"has-post-thumbnail","6":"product_brand-wondfo","7":"product_cat-monitoring","8":"product_cat-healthcare-products","9":"product_cat-home-diagnostics","10":"product_cat-home-medical-supplies","11":"desktop-align-center","12":"tablet-align-center","13":"mobile-align-center","14":"ast-product-gallery-layout-horizontal-slider","15":"ast-magnify-disabled","16":"ast-product-tabs-layout-horizontal","18":"first","19":"instock","20":"shipping-taxable","21":"purchasable","22":"product-type-simple"},"spectra_custom_meta":{"_edit_lock":["1737876643:1"],"_edit_last":["1"],"rank_math_seo_score":["82"],"rank_math_focus_keyword":["Pregnancy Test Strips"],"rank_math_description":["Wondfo: Pregnancy Test Strips, Over 99% Accuracy, Fast and Reliable"],"_thumbnail_id":["10144"],"_admin_notes":["https:\/\/www.ebay.com\/itm\/166263820248"],"_custom_product_field":[""],"_sku":["EB218038"],"_regular_price":["24.99"],"total_sales":["0"],"_tax_status":["taxable"],"_tax_class":[""],"_manage_stock":["no"],"_backorders":["no"],"_sold_individually":["no"],"_virtual":["no"],"_downloadable":["no"],"_download_limit":["-1"],"_download_expiry":["-1"],"_stock":[null],"_stock_status":["instock"],"_wc_average_rating":["0"],"_wc_review_count":["0"],"_product_version":["9.6.0"],"_price":["24.99"],"_wc_gla_visibility":["dont-sync-and-show"],"_product_image_gallery":["10145,10146,10147,10148"],"_wc_facebook_sync_enabled":["yes"],"fb_visibility":["yes"],"fb_product_description":[""],"_wc_facebook_product_image_source":["product"],"_wc_facebook_commerce_enabled":["no"],"fb_product_group_id":["8963053870457642"],"rank_math_primary_product_brand":["0"],"rank_math_primary_product_cat":["339"],"rank_math_primary_fb_product_set":["0"],"site-sidebar-layout":["default"],"ast-site-content-layout":["default"],"site-content-style":["default"],"site-sidebar-style":["default"],"theme-transparent-header-meta":["default"],"stick-header-meta":["default"],"rank_math_analytic_object_id":["214"],"fb_product_item_id":["8963053997124296"],"_global_unique_id":["17841900187664"],"astra-migrate-meta-layouts":["set"],"wp_statistics_words_count":["140"],"wpil_sync_report3":["1"],"wpil_links_inbound_internal_count":["0"],"wpil_links_inbound_internal_count_data":["eJxLtDKwqq4FAAZPAf4="],"wpil_links_outbound_internal_count":["0"],"wpil_links_outbound_internal_count_data":["eJxLtDKwqq4FAAZPAf4="],"wpil_links_outbound_external_count":["0"],"wpil_links_outbound_external_count_data":["eJxLtDKwqq4FAAZPAf4="],"wpil_sync_report2_time":["2025-01-27T07:29:10+00:00"],"omnisend_last_sync":["2025-05-16T11:05:10+00:00"],"surerank_settings_general":["a:7:{s:9:\"separator\";s:1:\"-\";s:10:\"page_title\";s:21:\"%title% - %site_name%\";s:25:\"auto_generate_description\";b:1;s:16:\"page_description\";s:66:\"Wondfo: Pregnancy Test Strips, Over 99 Accuracy, Fast and Reliable\";s:16:\"auto_description\";s:152:\"Wondfo: Pregnancy Test Strips, Over 99% Accuracy, Fast and Reliable FDA Approved: All tests that have FDA\/CE\/FSC approval give you peace of mind. Highly\";s:14:\"fallback_image\";s:0:\"\";s:13:\"canonical_url\";s:64:\"https:\/\/pophaw.com\/product\/wondfo-hcg-pregnancy-test-strips-kit\/\";}"],"surerank_settings_post_no_index":["no"],"surerank_settings_post_no_follow":["no"],"surerank_settings_post_no_archive":["no"],"surerank_settings_social":["a:23:{s:15:\"open_graph_tags\";b:1;s:18:\"facebook_meta_tags\";b:1;s:17:\"twitter_meta_tags\";b:1;s:16:\"oembeded_scripts\";b:1;s:17:\"oembeded_og_title\";b:1;s:22:\"oembeded_social_images\";b:1;s:27:\"oembeded_remove_author_name\";b:1;s:17:\"facebook_page_url\";s:54:\"https:\/\/www.facebook.com\/profile.php?id=61571207938497\";s:24:\"facebook_author_fallback\";s:0:\"\";s:17:\"twitter_card_type\";s:19:\"summary_large_image\";s:24:\"twitter_same_as_facebook\";b:1;s:24:\"twitter_profile_username\";s:0:\"\";s:24:\"twitter_profile_fallback\";s:0:\"\";s:14:\"facebook_title\";s:21:\"%title% - %site_name%\";s:20:\"facebook_description\";s:9:\"%content%\";s:18:\"facebook_image_url\";s:65:\"https:\/\/pophaw.com\/wp-content\/uploads\/2025\/01\/Main-image-1-7.webp\";s:17:\"facebook_image_id\";i:10144;s:20:\"facebook_image_width\";i:1600;s:21:\"facebook_image_height\";i:1600;s:13:\"twitter_title\";s:21:\"%title% - %site_name%\";s:19:\"twitter_description\";s:9:\"%content%\";s:17:\"twitter_image_url\";s:65:\"https:\/\/pophaw.com\/wp-content\/uploads\/2025\/01\/Main-image-1-7.webp\";s:16:\"twitter_image_id\";i:10144;}"],"surerank_migration":["1"],"astra_style_timestamp_css":["1775193005"],"wwpp_product_wholesale_visibility_filter":["all"],"_uag_css_file_name":["uag-css-10143.css"],"rank_math_internal_links_processed":["1"],"_uag_page_assets":["a:9:{s:3:\"css\";s:0:\"\";s:2:\"js\";s:0:\"\";s:18:\"current_block_list\";a:15:{i:0;s:23:\"surecart\/slide-out-cart\";i:1;s:30:\"surecart\/slide-out-cart-header\";i:2;s:29:\"surecart\/slide-out-cart-items\";i:3;s:30:\"surecart\/slide-out-cart-coupon\";i:4;s:32:\"surecart\/slide-out-cart-subtotal\";i:5;s:38:\"surecart\/slide-out-cart-bump-line-item\";i:6;s:30:\"surecart\/slide-out-cart-submit\";i:7;s:11:\"core\/search\";i:8;s:10:\"core\/group\";i:9;s:12:\"core\/heading\";i:10;s:17:\"core\/latest-posts\";i:11;s:20:\"core\/latest-comments\";i:12;s:13:\"core\/archives\";i:13;s:15:\"core\/categories\";i:14;s:14:\"core\/shortcode\";}s:8:\"uag_flag\";b:0;s:11:\"uag_version\";s:10:\"1775168599\";s:6:\"gfonts\";a:0:{}s:10:\"gfonts_url\";s:0:\"\";s:12:\"gfonts_files\";a:0:{}s:14:\"uag_faq_layout\";b:0;}"]},"uagb_featured_image_src":{"full":["https:\/\/pophaw.com\/wp-content\/uploads\/2025\/01\/Main-image-1-7.webp",1600,1600,false],"thumbnail":["https:\/\/pophaw.com\/wp-content\/uploads\/2025\/01\/Main-image-1-7-150x150.webp",150,150,true],"medium":["https:\/\/pophaw.com\/wp-content\/uploads\/2025\/01\/Main-image-1-7-300x300.webp",300,300,true],"medium_large":["https:\/\/pophaw.com\/wp-content\/uploads\/2025\/01\/Main-image-1-7-768x768.webp",768,768,true],"large":["https:\/\/pophaw.com\/wp-content\/uploads\/2025\/01\/Main-image-1-7-1024x1024.webp",1024,1024,true],"ryviu-small":["https:\/\/pophaw.com\/wp-content\/uploads\/2025\/01\/Main-image-1-7.webp",40,40,false],"ryviu-medium":["https:\/\/pophaw.com\/wp-content\/uploads\/2025\/01\/Main-image-1-7.webp",132,132,false],"1536x1536":["https:\/\/pophaw.com\/wp-content\/uploads\/2025\/01\/Main-image-1-7-1536x1536.webp",1536,1536,true],"2048x2048":["https:\/\/pophaw.com\/wp-content\/uploads\/2025\/01\/Main-image-1-7.webp",1600,1600,false],"trp-custom-language-flag":["https:\/\/pophaw.com\/wp-content\/uploads\/2025\/01\/Main-image-1-7.webp",12,12,false],"woocommerce_thumbnail":["https:\/\/pophaw.com\/wp-content\/uploads\/2025\/01\/Main-image-1-7-300x300.webp",300,300,true],"woocommerce_single":["https:\/\/pophaw.com\/wp-content\/uploads\/2025\/01\/Main-image-1-7-600x600.webp",600,600,true],"woocommerce_gallery_thumbnail":["https:\/\/pophaw.com\/wp-content\/uploads\/2025\/01\/Main-image-1-7-100x100.webp",100,100,true]},"uagb_author_info":{"display_name":"Dr. Rowan","author_link":"https:\/\/pophaw.com\/pt\/author\/"},"uagb_comment_info":0,"uagb_excerpt":"Over 99% Accuracy - Fast and Reliable","_links":{"self":[{"href":"https:\/\/pophaw.com\/pt\/wp-json\/wp\/v2\/product\/10143","targetHints":{"allow":["GET"]}}],"collection":[{"href":"https:\/\/pophaw.com\/pt\/wp-json\/wp\/v2\/product"}],"about":[{"href":"https:\/\/pophaw.com\/pt\/wp-json\/wp\/v2\/types\/product"}],"wp:featuredmedia":[{"embeddable":true,"href":"https:\/\/pophaw.com\/pt\/wp-json\/wp\/v2\/media\/10144"}],"wp:attachment":[{"href":"https:\/\/pophaw.com\/pt\/wp-json\/wp\/v2\/media?parent=10143"}],"wp:term":[{"taxonomy":"product_brand","embeddable":true,"href":"https:\/\/pophaw.com\/pt\/wp-json\/wp\/v2\/product_brand?post=10143"},{"taxonomy":"product_cat","embeddable":true,"href":"https:\/\/pophaw.com\/pt\/wp-json\/wp\/v2\/product_cat?post=10143"},{"taxonomy":"product_tag","embeddable":true,"href":"https:\/\/pophaw.com\/pt\/wp-json\/wp\/v2\/product_tag?post=10143"}],"curies":[{"name":"wp","href":"https:\/\/api.w.org\/{rel}","templated":true}]}}