{"id":10158,"date":"2025-01-10T01:28:28","date_gmt":"2025-01-10T09:28:28","guid":{"rendered":"https:\/\/pophaw.com\/?post_type=product&#038;p=10158"},"modified":"2025-01-25T23:31:19","modified_gmt":"2025-01-26T07:31:19","slug":"melhor-sistema-de-alerta-medico-4g-de-seguranca","status":"publish","type":"product","link":"https:\/\/pophaw.com\/pt\/product\/melhor-sistema-de-alerta-medico-4g-de-seguranca\/","title":{"rendered":"Melhor sistema de alerta m\u00e9dico Safety+ 4G"},"content":{"rendered":"<p>Sistema de alerta m\u00e9dico Safety+ 4G: Bot\u00e3o de p\u00e2nico vest\u00edvel, leve e compacto, com detec\u00e7\u00e3o de queda, rastreamento por GPS, monitoramento 24 horas por dia, 7 dias por semana e um aplicativo m\u00f3vel para cuidadores - garantindo a seguran\u00e7a pessoal com ativa\u00e7\u00e3o sem fio e prote\u00e7\u00e3o confi\u00e1vel.<\/p>\n<ul class=\"a-unordered-list a-vertical a-spacing-mini\">\n<li><strong>PRIMEIRO M\u00caS GR\u00c1TIS + A\u00c7\u00c3O F\u00c1CIL <\/strong>D\u00ea o pontap\u00e9 inicial em sua jornada Safety+ com uma simples chamada de ativa\u00e7\u00e3o antes do uso. Obtenha o primeiro m\u00eas de servi\u00e7o totalmente gratuito ap\u00f3s a ativa\u00e7\u00e3o. Depois, desfrute de uma assinatura com tudo inclu\u00eddo por apenas $40\/m\u00eas: Monitoramento 24 horas por dia, 7 dias por semana, detec\u00e7\u00e3o de quedas, localiza\u00e7\u00e3o por GPS, rastreamento de passos, cobertura 4G em todo o pa\u00eds, um aplicativo m\u00f3vel e acesso ao excepcional servi\u00e7o Safety+. <em>Sistema de alerta m\u00e9dico<\/em> Recursos. Ativa\u00e7\u00e3o GRATUITA, sem taxas ocultas, 1\u00ba m\u00eas GRATUITO. A assinatura ap\u00f3s o primeiro m\u00eas gratuito est\u00e1 sujeita aos nossos Termos e Condi\u00e7\u00f5es.<\/li>\n<li><strong>MONITORAMENTO DE EMERG\u00caNCIA NACIONAL 24 HORAS POR DIA, 7 DIAS POR SEMANA:<\/strong> O Safety+ 4G <em>Sistema de alerta m\u00e9dico<\/em> garante seguran\u00e7a constante em casa e em tr\u00e2nsito. Conecte-se instantaneamente \u00e0 nossa Central de Monitoramento de Emerg\u00eancias, sediada nos EUA, pressionando o bot\u00e3o de ajuda. Operadores treinados garantem assist\u00eancia r\u00e1pida (tempo m\u00e9dio de resposta inferior a 9 segundos), enviando ajuda (se necess\u00e1rio) para a sua localiza\u00e7\u00e3o exata e notificando a fam\u00edlia. Os cuidadores podem monitorar a atividade por meio do aplicativo, proporcionando tranquilidade. Sistema de alerta de vida para idosos com suporte em v\u00e1rios idiomas.<\/li>\n<li><strong>Detec\u00e7\u00e3o de quedas inclu\u00edda! (SEM CUSTO ADICIONAL) <\/strong>O recurso integrado de detec\u00e7\u00e3o de queda aumenta sua seguran\u00e7a. Se uma queda for detectada, o <em>Sistema de alerta m\u00e9dico<\/em> envia instantaneamente um sinal para a nossa central de monitoramento de emerg\u00eancia 24 horas por dia, 7 dias por semana. Nossa equipe liga para o dispositivo (tempo m\u00e9dio de resposta inferior a 9 segundos) usando o alto-falante e o microfone embutidos para confirmar se a ajuda \u00e9 necess\u00e1ria e envia a assist\u00eancia, se necess\u00e1rio. Perfeito para idosos, pessoas com dificuldades de mobilidade, recupera\u00e7\u00e3o p\u00f3s-cir\u00fargica ou qualquer pessoa com 55 anos ou mais. A detec\u00e7\u00e3o de quedas est\u00e1 inclu\u00edda sem custo adicional (os concorrentes cobram at\u00e9 $10\/m\u00eas por esse recurso).<\/li>\n<li><strong>RECURSOS DO CUIDADOR VIA APLICATIVO M\u00d3VEL:<\/strong> O aplicativo gratuito para cuidadores mant\u00e9m os membros da fam\u00edlia informados sobre sua seguran\u00e7a. Esse aplicativo abrangente inclui um painel de controle em tempo real que mostra sua localiza\u00e7\u00e3o, atividade matinal, contagem de passos e status da bateria. As notifica\u00e7\u00f5es push para alertas de emerg\u00eancia instant\u00e2neos mant\u00eam os cuidadores atualizados, garantindo sua seguran\u00e7a. Crie um c\u00edrculo de cuidados para compartilhar informa\u00e7\u00f5es, rastreamento e alertas com entes queridos e cuidadores.<\/li>\n<li><strong>BATERIA RESISTENTE \u00c0 \u00c1GUA E DE LONGA DURA\u00c7\u00c3O <\/strong>Sinta-se confiante ao usar o dispositivo no chuveiro ou na chuva. Ele oferece at\u00e9 6 dias de dura\u00e7\u00e3o da bateria, e a recarga com a base de carregamento inclu\u00edda \u00e9 f\u00e1cil e conveniente.<\/li>\n<li><strong>V\u00c1RIAS MANEIRAS DE USAR:<\/strong> Use o cord\u00e3o inclu\u00eddo para us\u00e1-lo no pesco\u00e7o ou prenda-o no c\u00f3s da cal\u00e7a com o clipe para cinto inclu\u00eddo.<\/li>\n<li><strong>F\u00c1CIL CONFIGURA\u00c7\u00c3O:<\/strong> N\u00e3o \u00e9 necess\u00e1rio um smartphone. O dispositivo SOS Mobile \u00e9 totalmente equipado e est\u00e1 pronto para ser usado assim que sai da caixa. N\u00e3o h\u00e1 necessidade de se conectar a um provedor de rede ou smartphone - o servi\u00e7o de celular mensal est\u00e1 inclu\u00eddo na sua taxa de monitoramento.<\/li>\n<li><strong>INCLU\u00cdDO:<\/strong> 1x SOS <em>Sistema de alerta m\u00e9dico<\/em> Dispositivo (GPS, celular, detec\u00e7\u00e3o de queda), 1 base de carregamento com adaptador de energia, 1 cord\u00e3o com fecho magn\u00e9tico, 1 presilha para cinto e acesso ao aplicativo de rastreamento do cuidador.<\/li>\n<\/ul>\n<div style=\"width: 854px;\" class=\"wp-video\"><video class=\"wp-video-shortcode\" id=\"video-10158-1\" width=\"854\" height=\"480\" preload=\"metadata\" controls=\"controls\"><source type=\"video\/mp4\" src=\"https:\/\/pophaw.com\/wp-content\/uploads\/2025\/01\/video_1.mp4?_=1\" \/><a href=\"https:\/\/pophaw.com\/wp-content\/uploads\/2025\/01\/video_1.mp4\">https:\/\/pophaw.com\/wp-content\/uploads\/2025\/01\/video_1.mp4<\/a><\/video><\/div>","protected":false},"excerpt":{"rendered":"<p>Detec\u00e7\u00e3o de quedas, localiza\u00e7\u00e3o por GPS, monitoramento 24 horas por dia, 7 dias por semana<\/p>","protected":false},"featured_media":10159,"template":"","meta":{"bwfblock_default_font":"","_uag_custom_page_level_css":"","site-sidebar-layout":"default","site-content-layout":"","ast-site-content-layout":"default","site-content-style":"default","site-sidebar-style":"default","ast-global-header-display":"","ast-banner-title-visibility":"","ast-main-header-display":"","ast-hfb-above-header-display":"","ast-hfb-below-header-display":"","ast-hfb-mobile-header-display":"","site-post-title":"","ast-breadcrumbs-content":"","ast-featured-img":"","footer-sml-layout":"","ast-disable-related-posts":"","theme-transparent-header-meta":"default","adv-header-id-meta":"","stick-header-meta":"default","header-above-stick-meta":"","header-main-stick-meta":"","header-below-stick-meta":"","astra-migrate-meta-layouts":"set","ast-page-background-enabled":"default","ast-page-background-meta":{"desktop":{"background-color":"","background-image":"","background-repeat":"repeat","background-position":"center center","background-size":"auto","background-attachment":"scroll","background-type":"","background-media":"","overlay-type":"","overlay-color":"","overlay-opacity":"","overlay-gradient":""},"tablet":{"background-color":"","background-image":"","background-repeat":"repeat","background-position":"center center","background-size":"auto","background-attachment":"scroll","background-type":"","background-media":"","overlay-type":"","overlay-color":"","overlay-opacity":"","overlay-gradient":""},"mobile":{"background-color":"","background-image":"","background-repeat":"repeat","background-position":"center center","background-size":"auto","background-attachment":"scroll","background-type":"","background-media":"","overlay-type":"","overlay-color":"","overlay-opacity":"","overlay-gradient":""}},"ast-content-background-meta":{"desktop":{"background-color":"var(--ast-global-color-5)","background-image":"","background-repeat":"repeat","background-position":"center center","background-size":"auto","background-attachment":"scroll","background-type":"","background-media":"","overlay-type":"","overlay-color":"","overlay-opacity":"","overlay-gradient":""},"tablet":{"background-color":"var(--ast-global-color-5)","background-image":"","background-repeat":"repeat","background-position":"center center","background-size":"auto","background-attachment":"scroll","background-type":"","background-media":"","overlay-type":"","overlay-color":"","overlay-opacity":"","overlay-gradient":""},"mobile":{"background-color":"var(--ast-global-color-5)","background-image":"","background-repeat":"repeat","background-position":"center center","background-size":"auto","background-attachment":"scroll","background-type":"","background-media":"","overlay-type":"","overlay-color":"","overlay-opacity":"","overlay-gradient":""}}},"product_brand":[327],"product_cat":[339,336,189,99],"product_tag":[],"class_list":{"0":"post-10158","1":"product","2":"type-product","3":"status-publish","4":"has-post-thumbnail","6":"product_brand-connected-caregiver","7":"product_cat-monitoring","8":"product_cat-healthcare-products","9":"product_cat-home-diagnostics","10":"product_cat-home-medical-supplies","11":"desktop-align-center","12":"tablet-align-center","13":"mobile-align-center","14":"ast-product-gallery-layout-horizontal-slider","15":"ast-magnify-disabled","16":"ast-product-tabs-layout-horizontal","18":"first","19":"instock","20":"shipping-taxable","21":"purchasable","22":"product-type-simple"},"spectra_custom_meta":{"_edit_lock":["1737876681:1"],"_edit_last":["1"],"rank_math_schema_WooCommerceProduct":["a:2:{s:5:\"@type\";s:18:\"WooCommerceProduct\";s:8:\"metadata\";a:3:{s:5:\"title\";s:19:\"WooCommerce Product\";s:4:\"type\";s:8:\"template\";s:9:\"isPrimary\";b:1;}}"],"rank_math_schema_VideoObject":["a:12:{s:5:\"@type\";s:11:\"VideoObject\";s:8:\"metadata\";a:8:{s:5:\"title\";s:5:\"Video\";s:4:\"type\";s:8:\"template\";s:9:\"shortcode\";s:15:\"s-6780e83754fc2\";s:9:\"isPrimary\";b:1;s:23:\"reviewLocationShortcode\";s:24:\"[rank_math_rich_snippet]\";s:8:\"category\";s:12:\"%categories%\";s:4:\"tags\";s:6:\"%tags%\";s:15:\"isAutoGenerated\";b:1;}s:4:\"name\";s:11:\"%seo_title%\";s:11:\"description\";s:17:\"%seo_description%\";s:10:\"uploadDate\";s:20:\"%date(Y-m-dTH:i:sP)%\";s:12:\"thumbnailUrl\";s:16:\"%post_thumbnail%\";s:8:\"embedUrl\";s:0:\"\";s:10:\"contentUrl\";s:57:\"https:\/\/pophaw.com\/wp-content\/uploads\/2025\/01\/video_1.mp4\";s:8:\"duration\";s:0:\"\";s:5:\"width\";i:854;s:6:\"height\";i:480;s:16:\"isFamilyFriendly\";b:1;}"],"rank_math_seo_score":["95"],"rank_math_focus_keyword":["Medical Alert System"],"rank_math_description":["Safety+ 4G Medical Alert System: Lightweight and compact wearable panic button featuring fall detection, GPS tracking, 24\/7 monitoring, and a mobile caregiver app\u2014ensuring personal safety with wireless activation and reliable protection."],"_thumbnail_id":["10159"],"_wp_old_slug":["safety-4g-medical-alert-system"],"_admin_notes":["https:\/\/www.ebay.com\/itm\/116173655710"],"_custom_product_field":[""],"_sku":["EB218039"],"_global_unique_id":["17841900187695"],"_regular_price":["49"],"total_sales":["0"],"_tax_status":["taxable"],"_tax_class":[""],"_manage_stock":["no"],"_backorders":["no"],"_sold_individually":["no"],"_virtual":["no"],"_downloadable":["no"],"_download_limit":["-1"],"_download_expiry":["-1"],"_stock":[null],"_stock_status":["instock"],"_wc_average_rating":["0"],"_wc_review_count":["0"],"_product_version":["9.6.0"],"_price":["49"],"_wc_gla_visibility":["sync-and-show"],"_wc_gla_sync_status":["synced"],"_product_image_gallery":["10160,10161,10162,10163,10164,10165"],"_wc_facebook_sync_enabled":["yes"],"fb_visibility":["yes"],"fb_product_description":[""],"_wc_facebook_product_image_source":["product"],"_wc_facebook_commerce_enabled":["no"],"fb_product_group_id":["9506993729311377"],"rank_math_primary_product_brand":["0"],"rank_math_primary_product_cat":["339"],"rank_math_primary_fb_product_set":["0"],"site-sidebar-layout":["default"],"ast-site-content-layout":["default"],"site-content-style":["default"],"site-sidebar-style":["default"],"theme-transparent-header-meta":["default"],"stick-header-meta":["default"],"rank_math_analytic_object_id":["216"],"fb_product_item_id":["9506993979311352"],"_wc_gla_synced_at":["1773802835"],"_wc_gla_google_ids":["a:1:{s:2:\"US\";s:22:\"online:en:US:gla_10158\";}"],"astra-migrate-meta-layouts":["set"],"wp_statistics_words_count":["467"],"wpil_sync_report3":["1"],"wpil_links_inbound_internal_count":["0"],"wpil_links_inbound_internal_count_data":["eJxLtDKwqq4FAAZPAf4="],"wpil_links_outbound_internal_count":["1"],"wpil_links_outbound_internal_count_data":["eJytUEFuwyAQ\/Av3BnDittp8IW2PPSICKEbBLAJct4ry97Kx1ab33nZmh5llNEi4eBD7N5A9sPfkg3pB64I6+HhmILdwKfAELDSovGV7EhfYAptyYG3q23KoNRXgPGEa9LwxOPI5PRiM1cXKpxRQ28I70fVcSP7hrUMlN2PakcGuvcdSaZQC2K8HMc\/AfHPJUbewI8hFn2761wYegeloBsz\/cgpVoK11Vh2\/VArTyUdKFcshAY2uHiMpW9LqSagTa0Hz4EtyWZnsdHU\/bUnZvlGUniqS7J6uWZuzj6e7boke0U7BqT\/qbg25BX\/Whb9evwEfCpKf"],"wpil_links_outbound_external_count":["0"],"wpil_links_outbound_external_count_data":["eJxLtDKwqq4FAAZPAf4="],"wpil_sync_report2_time":["2025-01-27T07:29:10+00:00"],"omnisend_last_sync":["2025-05-16T11:05:10+00:00"],"surerank_settings_general":["a:7:{s:9:\"separator\";s:1:\"-\";s:10:\"page_title\";s:21:\"%title% - %site_name%\";s:25:\"auto_generate_description\";b:1;s:16:\"page_description\";s:239:\"Safety+ 4G Medical Alert System: Lightweight and compact wearable panic button featuring fall detection, GPS tracking, 24\/7 monitoring, and a mobile caregiver app\u2014ensuring personal safety with wireless activation and reliable protection.\";s:16:\"auto_description\";s:158:\"Safety+ 4G Medical Alert System: Lightweight and compact wearable panic button featuring fall detection, GPS tracking, 24\/7 monitoring, and a mobile caregiver\";s:14:\"fallback_image\";s:0:\"\";s:13:\"canonical_url\";s:63:\"https:\/\/pophaw.com\/product\/best-safety-4g-medical-alert-system\/\";}"],"surerank_settings_post_no_index":["no"],"surerank_settings_post_no_follow":["no"],"surerank_settings_post_no_archive":["no"],"surerank_settings_social":["a:23:{s:15:\"open_graph_tags\";b:1;s:18:\"facebook_meta_tags\";b:1;s:17:\"twitter_meta_tags\";b:1;s:16:\"oembeded_scripts\";b:1;s:17:\"oembeded_og_title\";b:1;s:22:\"oembeded_social_images\";b:1;s:27:\"oembeded_remove_author_name\";b:1;s:17:\"facebook_page_url\";s:54:\"https:\/\/www.facebook.com\/profile.php?id=61571207938497\";s:24:\"facebook_author_fallback\";s:0:\"\";s:17:\"twitter_card_type\";s:19:\"summary_large_image\";s:24:\"twitter_same_as_facebook\";b:1;s:24:\"twitter_profile_username\";s:0:\"\";s:24:\"twitter_profile_fallback\";s:0:\"\";s:14:\"facebook_title\";s:21:\"%title% - %site_name%\";s:20:\"facebook_description\";s:9:\"%content%\";s:18:\"facebook_image_url\";s:65:\"https:\/\/pophaw.com\/wp-content\/uploads\/2025\/01\/Main-image-1-9.webp\";s:17:\"facebook_image_id\";i:10159;s:20:\"facebook_image_width\";i:679;s:21:\"facebook_image_height\";i:778;s:13:\"twitter_title\";s:21:\"%title% - %site_name%\";s:19:\"twitter_description\";s:9:\"%content%\";s:17:\"twitter_image_url\";s:65:\"https:\/\/pophaw.com\/wp-content\/uploads\/2025\/01\/Main-image-1-9.webp\";s:16:\"twitter_image_id\";i:10159;}"],"surerank_migration":["1"],"astra_style_timestamp_css":["1775168892"],"wwpp_product_wholesale_visibility_filter":["all"],"_uag_css_file_name":["uag-css-10158.css"],"rank_math_internal_links_processed":["1"],"_uag_page_assets":["a:9:{s:3:\"css\";s:263:\".uag-blocks-common-selector{z-index:var(--z-index-desktop) !important}@media (max-width: 976px){.uag-blocks-common-selector{z-index:var(--z-index-tablet) !important}}@media (max-width: 767px){.uag-blocks-common-selector{z-index:var(--z-index-mobile) !important}}\n\";s:2:\"js\";s:0:\"\";s:18:\"current_block_list\";a:15:{i:0;s:23:\"surecart\/slide-out-cart\";i:1;s:30:\"surecart\/slide-out-cart-header\";i:2;s:29:\"surecart\/slide-out-cart-items\";i:3;s:30:\"surecart\/slide-out-cart-coupon\";i:4;s:32:\"surecart\/slide-out-cart-subtotal\";i:5;s:38:\"surecart\/slide-out-cart-bump-line-item\";i:6;s:30:\"surecart\/slide-out-cart-submit\";i:7;s:11:\"core\/search\";i:8;s:10:\"core\/group\";i:9;s:12:\"core\/heading\";i:10;s:17:\"core\/latest-posts\";i:11;s:20:\"core\/latest-comments\";i:12;s:13:\"core\/archives\";i:13;s:15:\"core\/categories\";i:14;s:14:\"core\/shortcode\";}s:8:\"uag_flag\";b:0;s:11:\"uag_version\";s:10:\"1775168599\";s:6:\"gfonts\";a:0:{}s:10:\"gfonts_url\";s:0:\"\";s:12:\"gfonts_files\";a:0:{}s:14:\"uag_faq_layout\";b:0;}"],"_wc_gla_mc_status":["approved"]},"uagb_featured_image_src":{"full":["https:\/\/pophaw.com\/wp-content\/uploads\/2025\/01\/Main-image-1-9.webp",679,778,false],"thumbnail":["https:\/\/pophaw.com\/wp-content\/uploads\/2025\/01\/Main-image-1-9-150x150.webp",150,150,true],"medium":["https:\/\/pophaw.com\/wp-content\/uploads\/2025\/01\/Main-image-1-9-262x300.webp",262,300,true],"medium_large":["https:\/\/pophaw.com\/wp-content\/uploads\/2025\/01\/Main-image-1-9.webp",679,778,false],"large":["https:\/\/pophaw.com\/wp-content\/uploads\/2025\/01\/Main-image-1-9.webp",679,778,false],"ryviu-small":["https:\/\/pophaw.com\/wp-content\/uploads\/2025\/01\/Main-image-1-9.webp",35,40,false],"ryviu-medium":["https:\/\/pophaw.com\/wp-content\/uploads\/2025\/01\/Main-image-1-9.webp",115,132,false],"1536x1536":["https:\/\/pophaw.com\/wp-content\/uploads\/2025\/01\/Main-image-1-9.webp",679,778,false],"2048x2048":["https:\/\/pophaw.com\/wp-content\/uploads\/2025\/01\/Main-image-1-9.webp",679,778,false],"trp-custom-language-flag":["https:\/\/pophaw.com\/wp-content\/uploads\/2025\/01\/Main-image-1-9.webp",10,12,false],"woocommerce_thumbnail":["https:\/\/pophaw.com\/wp-content\/uploads\/2025\/01\/Main-image-1-9-300x300.webp",300,300,true],"woocommerce_single":["https:\/\/pophaw.com\/wp-content\/uploads\/2025\/01\/Main-image-1-9-600x687.webp",600,687,true],"woocommerce_gallery_thumbnail":["https:\/\/pophaw.com\/wp-content\/uploads\/2025\/01\/Main-image-1-9-100x100.webp",100,100,true]},"uagb_author_info":{"display_name":"Dr. Rowan","author_link":"https:\/\/pophaw.com\/pt\/author\/"},"uagb_comment_info":0,"uagb_excerpt":"Fall Detection, GPS Location, 24\/7 Monitoring","_links":{"self":[{"href":"https:\/\/pophaw.com\/pt\/wp-json\/wp\/v2\/product\/10158","targetHints":{"allow":["GET"]}}],"collection":[{"href":"https:\/\/pophaw.com\/pt\/wp-json\/wp\/v2\/product"}],"about":[{"href":"https:\/\/pophaw.com\/pt\/wp-json\/wp\/v2\/types\/product"}],"wp:featuredmedia":[{"embeddable":true,"href":"https:\/\/pophaw.com\/pt\/wp-json\/wp\/v2\/media\/10159"}],"wp:attachment":[{"href":"https:\/\/pophaw.com\/pt\/wp-json\/wp\/v2\/media?parent=10158"}],"wp:term":[{"taxonomy":"product_brand","embeddable":true,"href":"https:\/\/pophaw.com\/pt\/wp-json\/wp\/v2\/product_brand?post=10158"},{"taxonomy":"product_cat","embeddable":true,"href":"https:\/\/pophaw.com\/pt\/wp-json\/wp\/v2\/product_cat?post=10158"},{"taxonomy":"product_tag","embeddable":true,"href":"https:\/\/pophaw.com\/pt\/wp-json\/wp\/v2\/product_tag?post=10158"}],"curies":[{"name":"wp","href":"https:\/\/api.w.org\/{rel}","templated":true}]}}