{"id":10189,"date":"2025-01-10T04:24:11","date_gmt":"2025-01-10T12:24:11","guid":{"rendered":"https:\/\/pophaw.com\/?post_type=product&#038;p=10189"},"modified":"2025-02-28T04:42:09","modified_gmt":"2025-02-28T12:42:09","slug":"almofada-para-cadeira-de-rodas-com-camada-de-espuma-viscoelastica","status":"publish","type":"product","link":"https:\/\/pophaw.com\/pt\/product\/almofada-para-cadeira-de-rodas-com-camada-de-espuma-viscoelastica\/","title":{"rendered":"Almofada para cadeira de rodas com camada de espuma de mem\u00f3ria"},"content":{"rendered":"<p id=\"title\" class=\"a-size-large a-spacing-none\"><span id=\"productTitle\" class=\"a-size-large product-title-word-break\">Ifoam Gel Infused Memory Foam Layer Wheelchair Cushion - Almofada de assento para cadeira de rodas, cadeira de escrit\u00f3rio, cadeira de cozinha, assentos de carro - Al\u00edvio da dor de press\u00e3o e do c\u00f3ccix - Base de poliestireno de alta densidade<\/span><\/p>\n<ul class=\"a-unordered-list a-vertical a-spacing-mini\">\n<li class=\"a-spacing-mini\"><span class=\"a-list-item\">Excelente conforto - O recorte estrategicamente projetado para o c\u00f3ccix flutua o c\u00f3ccix, de modo que mesmo as pessoas com sensibilidade no sacro podem ficar sentadas por longos per\u00edodos sem desconforto. A almofada da cadeira de rodas distribui o peso uniformemente e oferece suporte onde voc\u00ea mais precisa<\/span><\/li>\n<li class=\"a-spacing-mini\"><span class=\"a-list-item\">Almofada de assento de espuma com infus\u00e3o de gel\/espuma com constru\u00e7\u00e3o em gel - Coberta com malha respir\u00e1vel que pode ser removida para facilitar a lavagem, a almofada apresenta uma espuma de alta densidade com infus\u00e3o de gel refrescante que se adapta facilmente ao formato do seu corpo.<\/span><\/li>\n<li class=\"a-spacing-mini\"><span class=\"a-list-item\">SEAT RISER: funciona com qualquer cadeira e \u00e9 feito de espuma dur\u00e1vel, leve e de alta densidade que se adapta ao corpo, reduzindo a press\u00e3o nas costas e no c\u00f3ccix, evitando a compress\u00e3o<\/span><\/li>\n<li class=\"a-spacing-mini\"><span class=\"a-list-item\">SEGURAN\u00c7A e PROTE\u00c7\u00c3O: para aumentar a seguran\u00e7a dos usu\u00e1rios na cadeira de rodas para as atividades di\u00e1rias, nossa equipe projetou um fundo antiderrapante que impede que ela se mova, mesmo quando voc\u00ea se desloca na cadeira de rodas ou na scooter.<\/span><\/li>\n<li class=\"a-spacing-mini\"><span class=\"a-list-item\">TAMANHO PARA SE ADEQUAR A QUALQUER CADEIRA: a almofada de espuma de gel CYLEN (18\u2033 x 17\u2033 x 3\u2033) se adapta \u00e0 maioria das cadeiras de rodas; ela tamb\u00e9m pode transformar assentos de scooters, cadeiras de escrit\u00f3rio, assentos de carro e cadeiras de jantar em assentos confort\u00e1veis.<\/span><\/li>\n<li class=\"a-spacing-mini\"><span class=\"a-list-item\">Conforto da espuma de mem\u00f3ria: duas camadas proporcionam conforto superior. Camada superior de espuma de mem\u00f3ria. 1. A camada superior da almofada de espuma apresenta espuma viscoel\u00e1stica macia para conforto e excelente preven\u00e7\u00e3o de press\u00e3o. 2. N\u00facleo de espuma de grau m\u00e9dico: uma camada de n\u00facleo de alta densidade ap\u00f3ia a espuma viscoel\u00e1stica para garantir a firmeza e o apoio certos.<\/span><\/li>\n<\/ul>","protected":false},"excerpt":{"rendered":"<p>Base de poliestireno de alta densidade<\/p>","protected":false},"featured_media":10190,"template":"","meta":{"bwfblock_default_font":"","_uag_custom_page_level_css":"","site-sidebar-layout":"default","site-content-layout":"","ast-site-content-layout":"default","site-content-style":"default","site-sidebar-style":"default","ast-global-header-display":"","ast-banner-title-visibility":"","ast-main-header-display":"","ast-hfb-above-header-display":"","ast-hfb-below-header-display":"","ast-hfb-mobile-header-display":"","site-post-title":"","ast-breadcrumbs-content":"","ast-featured-img":"","footer-sml-layout":"","ast-disable-related-posts":"","theme-transparent-header-meta":"default","adv-header-id-meta":"","stick-header-meta":"default","header-above-stick-meta":"","header-main-stick-meta":"","header-below-stick-meta":"","astra-migrate-meta-layouts":"set","ast-page-background-enabled":"default","ast-page-background-meta":{"desktop":{"background-color":"","background-image":"","background-repeat":"repeat","background-position":"center center","background-size":"auto","background-attachment":"scroll","background-type":"","background-media":"","overlay-type":"","overlay-color":"","overlay-opacity":"","overlay-gradient":""},"tablet":{"background-color":"","background-image":"","background-repeat":"repeat","background-position":"center center","background-size":"auto","background-attachment":"scroll","background-type":"","background-media":"","overlay-type":"","overlay-color":"","overlay-opacity":"","overlay-gradient":""},"mobile":{"background-color":"","background-image":"","background-repeat":"repeat","background-position":"center center","background-size":"auto","background-attachment":"scroll","background-type":"","background-media":"","overlay-type":"","overlay-color":"","overlay-opacity":"","overlay-gradient":""}},"ast-content-background-meta":{"desktop":{"background-color":"var(--ast-global-color-5)","background-image":"","background-repeat":"repeat","background-position":"center center","background-size":"auto","background-attachment":"scroll","background-type":"","background-media":"","overlay-type":"","overlay-color":"","overlay-opacity":"","overlay-gradient":""},"tablet":{"background-color":"var(--ast-global-color-5)","background-image":"","background-repeat":"repeat","background-position":"center center","background-size":"auto","background-attachment":"scroll","background-type":"","background-media":"","overlay-type":"","overlay-color":"","overlay-opacity":"","overlay-gradient":""},"mobile":{"background-color":"var(--ast-global-color-5)","background-image":"","background-repeat":"repeat","background-position":"center center","background-size":"auto","background-attachment":"scroll","background-type":"","background-media":"","overlay-type":"","overlay-color":"","overlay-opacity":"","overlay-gradient":""}}},"product_brand":[73],"product_cat":[341,336,99,96],"product_tag":[],"class_list":{"0":"post-10189","1":"product","2":"type-product","3":"status-publish","4":"has-post-thumbnail","6":"product_brand-pophaw","7":"product_cat-mobility","8":"product_cat-healthcare-products","9":"product_cat-home-medical-supplies","10":"product_cat-mobility-support","11":"desktop-align-center","12":"tablet-align-center","13":"mobile-align-center","14":"ast-product-gallery-layout-horizontal-slider","15":"ast-magnify-disabled","16":"ast-product-tabs-layout-horizontal","18":"first","19":"instock","20":"shipping-taxable","21":"purchasable","22":"product-type-simple"},"spectra_custom_meta":{"_edit_lock":["1737876771:1"],"_edit_last":["1"],"rank_math_seo_score":["90"],"rank_math_focus_keyword":["Wheelchair Cushion"],"rank_math_description":["Ifoam Gel Infused Memory Foam Layer Wheelchair Cushion\u2014Seat Cushion for Wheelchair-Office Chair, Kitchen Chair, Car Seats-Pressure Sore and Tailbone Pain Relief-High Dense Polyfoam Base"],"_thumbnail_id":["10190"],"_admin_notes":["https:\/\/www.amazon.com\/CYLEN-Infused-Memory-Wheelchair-Cushion\/dp\/B0C6M5NWGT\/ref=zg_bs_g_8626646011_d_sccl_36\/135-5421861-2593665?th=1"],"_custom_product_field":[""],"_sku":["PH11335029"],"_global_unique_id":["17841900187749"],"_regular_price":["29.9"],"total_sales":["0"],"_tax_status":["taxable"],"_tax_class":[""],"_manage_stock":["no"],"_backorders":["no"],"_sold_individually":["no"],"_virtual":["no"],"_downloadable":["no"],"_download_limit":["-1"],"_download_expiry":["-1"],"_stock":[null],"_stock_status":["instock"],"_wc_average_rating":["0"],"_wc_review_count":["0"],"_product_version":["9.7.0"],"_price":["29.9"],"_wc_gla_visibility":["sync-and-show"],"_wc_gla_sync_status":["synced"],"_product_image_gallery":["10191,10192,10193,10194,10195"],"_wc_facebook_sync_enabled":["yes"],"fb_visibility":["yes"],"fb_product_description":[""],"_wc_facebook_product_image_source":["product"],"_wc_facebook_commerce_enabled":["no"],"fb_product_group_id":["8655778211217722"],"rank_math_primary_product_brand":["73"],"rank_math_primary_product_cat":["341"],"rank_math_primary_fb_product_set":["0"],"site-sidebar-layout":["default"],"ast-site-content-layout":["default"],"site-content-style":["default"],"site-sidebar-style":["default"],"theme-transparent-header-meta":["default"],"astra-migrate-meta-layouts":["set"],"stick-header-meta":["default"],"rank_math_analytic_object_id":["221"],"fb_product_item_id":["8655778451217698"],"_wc_gla_synced_at":["1774062210"],"_wc_gla_google_ids":["a:1:{s:2:\"US\";s:22:\"online:en:US:gla_10189\";}"],"wp_statistics_words_count":["241"],"wpil_sync_report3":["1"],"wpil_links_inbound_internal_count":["0"],"wpil_links_inbound_internal_count_data":["eJxLtDKwqq4FAAZPAf4="],"wpil_links_outbound_internal_count":["0"],"wpil_links_outbound_internal_count_data":["eJxLtDKwqq4FAAZPAf4="],"wpil_links_outbound_external_count":["0"],"wpil_links_outbound_external_count_data":["eJxLtDKwqq4FAAZPAf4="],"wpil_sync_report2_time":["2025-01-27T07:29:10+00:00"],"omnisend_last_sync":["2025-05-16T11:05:10+00:00"],"surerank_settings_general":["a:7:{s:9:\"separator\";s:1:\"-\";s:10:\"page_title\";s:21:\"%title% - %site_name%\";s:25:\"auto_generate_description\";b:1;s:16:\"page_description\";s:187:\"Ifoam Gel Infused Memory Foam Layer Wheelchair Cushion\u2014Seat Cushion for Wheelchair-Office Chair, Kitchen Chair, Car Seats-Pressure Sore and Tailbone Pain Relief-High Dense Polyfoam Base\";s:16:\"auto_description\";s:155:\"Ifoam Gel Infused Memory Foam Layer Wheelchair Cushion\u2014Seat Cushion for Wheelchair-Office Chair, Kitchen Chair, Car Seats-Pressure Sore and Tailbone Pain\";s:14:\"fallback_image\";s:0:\"\";s:13:\"canonical_url\";s:64:\"https:\/\/pophaw.com\/product\/memory-foam-layer-wheelchair-cushion\/\";}"],"surerank_settings_post_no_index":["no"],"surerank_settings_post_no_follow":["no"],"surerank_settings_post_no_archive":["no"],"surerank_settings_social":["a:23:{s:15:\"open_graph_tags\";b:1;s:18:\"facebook_meta_tags\";b:1;s:17:\"twitter_meta_tags\";b:1;s:16:\"oembeded_scripts\";b:1;s:17:\"oembeded_og_title\";b:1;s:22:\"oembeded_social_images\";b:1;s:27:\"oembeded_remove_author_name\";b:1;s:17:\"facebook_page_url\";s:54:\"https:\/\/www.facebook.com\/profile.php?id=61571207938497\";s:24:\"facebook_author_fallback\";s:0:\"\";s:17:\"twitter_card_type\";s:19:\"summary_large_image\";s:24:\"twitter_same_as_facebook\";b:1;s:24:\"twitter_profile_username\";s:0:\"\";s:24:\"twitter_profile_fallback\";s:0:\"\";s:14:\"facebook_title\";s:21:\"%title% - %site_name%\";s:20:\"facebook_description\";s:9:\"%content%\";s:18:\"facebook_image_url\";s:60:\"https:\/\/pophaw.com\/wp-content\/uploads\/2025\/01\/image_1-2.webp\";s:17:\"facebook_image_id\";i:10190;s:20:\"facebook_image_width\";i:1500;s:21:\"facebook_image_height\";i:1500;s:13:\"twitter_title\";s:21:\"%title% - %site_name%\";s:19:\"twitter_description\";s:9:\"%content%\";s:17:\"twitter_image_url\";s:60:\"https:\/\/pophaw.com\/wp-content\/uploads\/2025\/01\/image_1-2.webp\";s:16:\"twitter_image_id\";i:10190;}"],"surerank_migration":["1"],"astra_style_timestamp_css":["1775174779"],"wwpp_product_wholesale_visibility_filter":["all"],"_uag_css_file_name":["uag-css-10189.css"],"rank_math_internal_links_processed":["1"],"_uag_page_assets":["a:9:{s:3:\"css\";s:263:\".uag-blocks-common-selector{z-index:var(--z-index-desktop) !important}@media (max-width: 976px){.uag-blocks-common-selector{z-index:var(--z-index-tablet) !important}}@media (max-width: 767px){.uag-blocks-common-selector{z-index:var(--z-index-mobile) !important}}\n\";s:2:\"js\";s:0:\"\";s:18:\"current_block_list\";a:15:{i:0;s:23:\"surecart\/slide-out-cart\";i:1;s:30:\"surecart\/slide-out-cart-header\";i:2;s:29:\"surecart\/slide-out-cart-items\";i:3;s:30:\"surecart\/slide-out-cart-coupon\";i:4;s:32:\"surecart\/slide-out-cart-subtotal\";i:5;s:38:\"surecart\/slide-out-cart-bump-line-item\";i:6;s:30:\"surecart\/slide-out-cart-submit\";i:7;s:11:\"core\/search\";i:8;s:10:\"core\/group\";i:9;s:12:\"core\/heading\";i:10;s:17:\"core\/latest-posts\";i:11;s:20:\"core\/latest-comments\";i:12;s:13:\"core\/archives\";i:13;s:15:\"core\/categories\";i:14;s:14:\"core\/shortcode\";}s:8:\"uag_flag\";b:0;s:11:\"uag_version\";s:10:\"1775168599\";s:6:\"gfonts\";a:0:{}s:10:\"gfonts_url\";s:0:\"\";s:12:\"gfonts_files\";a:0:{}s:14:\"uag_faq_layout\";b:0;}"],"_wc_gla_mc_status":["approved"]},"uagb_featured_image_src":{"full":["https:\/\/pophaw.com\/wp-content\/uploads\/2025\/01\/image_1-2.webp",1500,1500,false],"thumbnail":["https:\/\/pophaw.com\/wp-content\/uploads\/2025\/01\/image_1-2-150x150.webp",150,150,true],"medium":["https:\/\/pophaw.com\/wp-content\/uploads\/2025\/01\/image_1-2-300x300.webp",300,300,true],"medium_large":["https:\/\/pophaw.com\/wp-content\/uploads\/2025\/01\/image_1-2-768x768.webp",768,768,true],"large":["https:\/\/pophaw.com\/wp-content\/uploads\/2025\/01\/image_1-2-1024x1024.webp",1024,1024,true],"ryviu-small":["https:\/\/pophaw.com\/wp-content\/uploads\/2025\/01\/image_1-2.webp",40,40,false],"ryviu-medium":["https:\/\/pophaw.com\/wp-content\/uploads\/2025\/01\/image_1-2.webp",132,132,false],"1536x1536":["https:\/\/pophaw.com\/wp-content\/uploads\/2025\/01\/image_1-2.webp",1500,1500,false],"2048x2048":["https:\/\/pophaw.com\/wp-content\/uploads\/2025\/01\/image_1-2.webp",1500,1500,false],"trp-custom-language-flag":["https:\/\/pophaw.com\/wp-content\/uploads\/2025\/01\/image_1-2.webp",12,12,false],"woocommerce_thumbnail":["https:\/\/pophaw.com\/wp-content\/uploads\/2025\/01\/image_1-2-300x300.webp",300,300,true],"woocommerce_single":["https:\/\/pophaw.com\/wp-content\/uploads\/2025\/01\/image_1-2-600x600.webp",600,600,true],"woocommerce_gallery_thumbnail":["https:\/\/pophaw.com\/wp-content\/uploads\/2025\/01\/image_1-2-100x100.webp",100,100,true]},"uagb_author_info":{"display_name":"Dr. Rowan","author_link":"https:\/\/pophaw.com\/pt\/author\/"},"uagb_comment_info":0,"uagb_excerpt":"High Dense Polyfoam Base","_links":{"self":[{"href":"https:\/\/pophaw.com\/pt\/wp-json\/wp\/v2\/product\/10189","targetHints":{"allow":["GET"]}}],"collection":[{"href":"https:\/\/pophaw.com\/pt\/wp-json\/wp\/v2\/product"}],"about":[{"href":"https:\/\/pophaw.com\/pt\/wp-json\/wp\/v2\/types\/product"}],"wp:featuredmedia":[{"embeddable":true,"href":"https:\/\/pophaw.com\/pt\/wp-json\/wp\/v2\/media\/10190"}],"wp:attachment":[{"href":"https:\/\/pophaw.com\/pt\/wp-json\/wp\/v2\/media?parent=10189"}],"wp:term":[{"taxonomy":"product_brand","embeddable":true,"href":"https:\/\/pophaw.com\/pt\/wp-json\/wp\/v2\/product_brand?post=10189"},{"taxonomy":"product_cat","embeddable":true,"href":"https:\/\/pophaw.com\/pt\/wp-json\/wp\/v2\/product_cat?post=10189"},{"taxonomy":"product_tag","embeddable":true,"href":"https:\/\/pophaw.com\/pt\/wp-json\/wp\/v2\/product_tag?post=10189"}],"curies":[{"name":"wp","href":"https:\/\/api.w.org\/{rel}","templated":true}]}}