{"id":10276,"date":"2025-01-11T04:17:44","date_gmt":"2025-01-11T12:17:44","guid":{"rendered":"https:\/\/pophaw.com\/?post_type=product&#038;p=10276"},"modified":"2025-01-25T23:34:03","modified_gmt":"2025-01-26T07:34:03","slug":"estimulador-muscular-de-unidade-de-tensao","status":"publish","type":"product","link":"https:\/\/pophaw.com\/pt\/product\/estimulador-muscular-de-unidade-de-tensao\/","title":{"rendered":"Estimulador muscular de unidade tensora"},"content":{"rendered":"<p><strong>Unidade Tens Estimulador Muscular Circula\u00e7\u00e3o Corporal Al\u00edvio da Dor M\u00e1quina Terap\u00eautica Dispositivo<\/strong><\/p>\n<ul data-immersive-translate-walked=\"1aa85f84-c85f-4901-96d7-35103d5ada9c\">\n<li data-immersive-translate-walked=\"1aa85f84-c85f-4901-96d7-35103d5ada9c\">\n<div data-immersive-translate-walked=\"1aa85f84-c85f-4901-96d7-35103d5ada9c\"><span data-immersive-translate-walked=\"1aa85f84-c85f-4901-96d7-35103d5ada9c\">\u00c9 uma combina\u00e7\u00e3o de dispositivos TENS e PMS, um m\u00e9todo de al\u00edvio da dor sem medicamentos usado por fisioterapeutas e prescrito por m\u00e9dicos h\u00e1 mais de 40 anos.<\/span><\/div>\n<\/li>\n<li data-immersive-translate-walked=\"1aa85f84-c85f-4901-96d7-35103d5ada9c\">\n<div data-immersive-translate-walked=\"1aa85f84-c85f-4901-96d7-35103d5ada9c\"><span data-immersive-translate-walked=\"1aa85f84-c85f-4901-96d7-35103d5ada9c\">Os massageadores TechCare fornecem pulsos de baixa voltagem \u00e0 pele para estimular as fibras nervosas, bloqueando efetivamente o sinal de dor para o c\u00e9rebro.<\/span><\/div>\n<\/li>\n<li data-immersive-translate-walked=\"1aa85f84-c85f-4901-96d7-35103d5ada9c\">\n<div data-immersive-translate-walked=\"1aa85f84-c85f-4901-96d7-35103d5ada9c\"><span data-immersive-translate-walked=\"1aa85f84-c85f-4901-96d7-35103d5ada9c\">Tamb\u00e9m aumenta as endorfinas naturais. N\u00e3o haver\u00e1 mais necessidade de tomar analg\u00e9sicos!<\/span><\/div>\n<\/li>\n<li data-immersive-translate-walked=\"1aa85f84-c85f-4901-96d7-35103d5ada9c\">\n<div data-immersive-translate-walked=\"1aa85f84-c85f-4901-96d7-35103d5ada9c\"><span data-immersive-translate-walked=\"1aa85f84-c85f-4901-96d7-35103d5ada9c\">Bateria de l\u00edtio embutida recarreg\u00e1vel\u00a0<\/span><\/div>\n<\/li>\n<li data-immersive-translate-walked=\"1aa85f84-c85f-4901-96d7-35103d5ada9c\">\n<div data-immersive-translate-walked=\"1aa85f84-c85f-4901-96d7-35103d5ada9c\"><span data-immersive-translate-walked=\"1aa85f84-c85f-4901-96d7-35103d5ada9c\">Op\u00e7\u00f5es de modos de massagem do Tens Ems<\/span><\/div>\n<\/li>\n<li data-immersive-translate-walked=\"1aa85f84-c85f-4901-96d7-35103d5ada9c\">\n<div data-immersive-translate-walked=\"1aa85f84-c85f-4901-96d7-35103d5ada9c\"><span data-immersive-translate-walked=\"1aa85f84-c85f-4901-96d7-35103d5ada9c\">24 modos diferentes de massagem m\u00faltipla<\/span><\/div>\n<\/li>\n<li data-immersive-translate-walked=\"1aa85f84-c85f-4901-96d7-35103d5ada9c\">\n<div data-immersive-translate-walked=\"1aa85f84-c85f-4901-96d7-35103d5ada9c\"><span data-immersive-translate-walked=\"1aa85f84-c85f-4901-96d7-35103d5ada9c\">2 canais, dez unidades<\/span><\/div>\n<\/li>\n<li data-immersive-translate-walked=\"1aa85f84-c85f-4901-96d7-35103d5ada9c\">\n<div data-immersive-translate-walked=\"1aa85f84-c85f-4901-96d7-35103d5ada9c\"><span data-immersive-translate-walked=\"1aa85f84-c85f-4901-96d7-35103d5ada9c\">20 n\u00edveis diferentes de intensidade ajust\u00e1veis<\/span><\/div>\n<\/li>\n<li data-immersive-translate-walked=\"1aa85f84-c85f-4901-96d7-35103d5ada9c\">\n<div data-immersive-translate-walked=\"1aa85f84-c85f-4901-96d7-35103d5ada9c\"><span data-immersive-translate-walked=\"1aa85f84-c85f-4901-96d7-35103d5ada9c\">Desligamento autom\u00e1tico\u00a0<\/span><\/div>\n<\/li>\n<li data-immersive-translate-walked=\"1aa85f84-c85f-4901-96d7-35103d5ada9c\">\n<div data-immersive-translate-walked=\"1aa85f84-c85f-4901-96d7-35103d5ada9c\"><span data-immersive-translate-walked=\"1aa85f84-c85f-4901-96d7-35103d5ada9c\">Melhorar a circula\u00e7\u00e3o sangu\u00ednea<\/span><\/div>\n<\/li>\n<li data-immersive-translate-walked=\"1aa85f84-c85f-4901-96d7-35103d5ada9c\">\n<div data-immersive-translate-walked=\"1aa85f84-c85f-4901-96d7-35103d5ada9c\"><span data-immersive-translate-walked=\"1aa85f84-c85f-4901-96d7-35103d5ada9c\">F\u00e1cil de usar e simples<\/span><\/div>\n<\/li>\n<li data-immersive-translate-walked=\"1aa85f84-c85f-4901-96d7-35103d5ada9c\">\n<div data-immersive-translate-walked=\"1aa85f84-c85f-4901-96d7-35103d5ada9c\"><span data-immersive-translate-walked=\"1aa85f84-c85f-4901-96d7-35103d5ada9c\">Modos de massagem multiprogramados. Tapping, Acupuntura, Deep Tissue, Foot, Cupping, Combo.<\/span><\/div>\n<\/li>\n<li data-immersive-translate-walked=\"1aa85f84-c85f-4901-96d7-35103d5ada9c\">\n<div data-immersive-translate-walked=\"1aa85f84-c85f-4901-96d7-35103d5ada9c\"><span data-immersive-translate-walked=\"1aa85f84-c85f-4901-96d7-35103d5ada9c\">Temporizador ajust\u00e1vel de 10 a 60 minutos usando o bot\u00e3o \u201cT\u201d.<\/span><\/div>\n<\/li>\n<li data-immersive-translate-walked=\"1aa85f84-c85f-4901-96d7-35103d5ada9c\">\n<div data-immersive-translate-walked=\"1aa85f84-c85f-4901-96d7-35103d5ada9c\"><span data-immersive-translate-walked=\"1aa85f84-c85f-4901-96d7-35103d5ada9c\">Bateria interna recarreg\u00e1vel de l\u00edtio.<\/span><\/div>\n<\/li>\n<li data-immersive-translate-walked=\"1aa85f84-c85f-4901-96d7-35103d5ada9c\">\n<div data-immersive-translate-walked=\"1aa85f84-c85f-4901-96d7-35103d5ada9c\"><span data-immersive-translate-walked=\"1aa85f84-c85f-4901-96d7-35103d5ada9c\">At\u00e9 20 horas de uso cont\u00ednuo.<\/span><\/div>\n<\/li>\n<li data-immersive-translate-walked=\"1aa85f84-c85f-4901-96d7-35103d5ada9c\">\n<div data-immersive-translate-walked=\"1aa85f84-c85f-4901-96d7-35103d5ada9c\"><span data-immersive-translate-walked=\"1aa85f84-c85f-4901-96d7-35103d5ada9c\">A sa\u00edda A-B permitir\u00e1 que voc\u00ea o use como dois usu\u00e1rios separados.<\/span><\/div>\n<\/li>\n<li data-immersive-translate-walked=\"1aa85f84-c85f-4901-96d7-35103d5ada9c\">\n<div data-immersive-translate-walked=\"1aa85f84-c85f-4901-96d7-35103d5ada9c\"><span data-immersive-translate-walked=\"1aa85f84-c85f-4901-96d7-35103d5ada9c\" data-immersive-translate-paragraph=\"1\">Tamanho de bolso<\/span><\/div>\n<\/li>\n<li data-immersive-translate-walked=\"1aa85f84-c85f-4901-96d7-35103d5ada9c\">\n<div data-immersive-translate-walked=\"1aa85f84-c85f-4901-96d7-35103d5ada9c\"><span data-immersive-translate-walked=\"1aa85f84-c85f-4901-96d7-35103d5ada9c\" data-immersive-translate-paragraph=\"1\">Port\u00e1til<\/span><\/div>\n<\/li>\n<li data-immersive-translate-walked=\"1aa85f84-c85f-4901-96d7-35103d5ada9c\">\n<div data-immersive-translate-walked=\"1aa85f84-c85f-4901-96d7-35103d5ada9c\"><span data-immersive-translate-walked=\"1aa85f84-c85f-4901-96d7-35103d5ada9c\" data-immersive-translate-paragraph=\"1\">Eleg\u00edvel para FSA\/HSA<\/span><\/div>\n<\/li>\n<li data-immersive-translate-walked=\"1aa85f84-c85f-4901-96d7-35103d5ada9c\">\n<div data-immersive-translate-walked=\"1aa85f84-c85f-4901-96d7-35103d5ada9c\"><span data-immersive-translate-walked=\"1aa85f84-c85f-4901-96d7-35103d5ada9c\" data-immersive-translate-paragraph=\"1\">Tratar dois locais de dor ao mesmo tempo<\/span><\/div>\n<\/li>\n<li data-immersive-translate-walked=\"1aa85f84-c85f-4901-96d7-35103d5ada9c\">\n<div data-immersive-translate-walked=\"1aa85f84-c85f-4901-96d7-35103d5ada9c\"><span data-immersive-translate-walked=\"1aa85f84-c85f-4901-96d7-35103d5ada9c\" data-immersive-translate-paragraph=\"1\">Analg\u00e9sico natural<\/span><\/div>\n<\/li>\n<li data-immersive-translate-walked=\"1aa85f84-c85f-4901-96d7-35103d5ada9c\">\n<div data-immersive-translate-walked=\"1aa85f84-c85f-4901-96d7-35103d5ada9c\"><span data-immersive-translate-walked=\"1aa85f84-c85f-4901-96d7-35103d5ada9c\" data-immersive-translate-paragraph=\"1\">Terapia sem drogas<\/span><\/div>\n<\/li>\n<li data-immersive-translate-walked=\"1aa85f84-c85f-4901-96d7-35103d5ada9c\">\n<div data-immersive-translate-walked=\"1aa85f84-c85f-4901-96d7-35103d5ada9c\"><span data-immersive-translate-walked=\"1aa85f84-c85f-4901-96d7-35103d5ada9c\" data-immersive-translate-paragraph=\"1\">Seguran\u00e7a e efic\u00e1cia<\/span><\/div>\n<\/li>\n<li data-immersive-translate-walked=\"1aa85f84-c85f-4901-96d7-35103d5ada9c\">\n<div data-immersive-translate-walked=\"1aa85f84-c85f-4901-96d7-35103d5ada9c\"><span data-immersive-translate-walked=\"1aa85f84-c85f-4901-96d7-35103d5ada9c\" data-immersive-translate-paragraph=\"1\">Leve<\/span><\/div>\n<\/li>\n<li data-immersive-translate-walked=\"1aa85f84-c85f-4901-96d7-35103d5ada9c\">\n<div data-immersive-translate-walked=\"1aa85f84-c85f-4901-96d7-35103d5ada9c\"><span data-immersive-translate-walked=\"1aa85f84-c85f-4901-96d7-35103d5ada9c\" data-immersive-translate-paragraph=\"1\">Garantia vital\u00edcia<\/span><\/div>\n<\/li>\n<li data-immersive-translate-walked=\"1aa85f84-c85f-4901-96d7-35103d5ada9c\">\n<div data-immersive-translate-walked=\"1aa85f84-c85f-4901-96d7-35103d5ada9c\"><span data-immersive-translate-walked=\"1aa85f84-c85f-4901-96d7-35103d5ada9c\" data-immersive-translate-paragraph=\"1\">Dispositivo combinado de Tens e Ems<\/span><\/div>\n<\/li>\n<\/ul>\n<p data-immersive-translate-walked=\"1aa85f84-c85f-4901-96d7-35103d5ada9c\"><strong>O pacote do estimulador muscular Tens Unit inclui\u00a0<\/strong><\/p>\n<p data-immersive-translate-walked=\"1aa85f84-c85f-4901-96d7-35103d5ada9c\">1x Controlador do modelo mais novo,<br \/>\n6 eletrodos grandes (almofadas),<br \/>\n2 cabos de eletrodos,<br \/>\n1 par de chinelos massageadores<br \/>\n1 cintur\u00e3o massageador<br \/>\nManual do usu\u00e1rio,<br \/>\nCarregador USB e de parede,<br \/>\n1 almofada de eletrodo pequeno e suporte de fio,<br \/>\n1 Tabela de pontos de tratamento<br \/>\nTodos eles v\u00eam com GARANTIA LIMITADA VITAL\u00cdCIA.<\/p>\n<p>O TechCare Massager Plus \u00e9 um dispositivo multifuncional de dois canais alimentado por bateria, que oferece as qualidades de TENS (Transcutaneous Electrical Nerve Stimulator) e PMS (Powered Muscle Simulator) em um \u00fanico dispositivo. O Pro oferece uma tela LCD grande, v\u00e1rios modos de massagem e 2 sa\u00eddas A-B. Essa unidade possui um cron\u00f4metro ajust\u00e1vel, um indicador de dura\u00e7\u00e3o da bateria e uma bateria de l\u00edtio integrada.<\/p>\n<p>GARANTIA: O Tens Unit Muscle Stimulator Massager tem garantia vital\u00edcia limitada e garantia de reembolso de 30 dias.<\/p>\n<p>Os sapatos massageadores ajust\u00e1veis de alta qualidade se adaptam \u00e0 maioria dos p\u00e9s.<br \/>\nVoc\u00ea apenas senta e relaxa enquanto os sapatos massageiam seus p\u00e9s.<br \/>\n2 eletrodos de silicone embutidos que eliminam a necessidade de comprar almofadas de eletrodos de reposi\u00e7\u00e3o<br \/>\nAlivia a dor nos p\u00e9s e nas pernas e os m\u00fasculos doloridos das pernas enquanto voc\u00ea est\u00e1 trabalhando ou assistindo \u00e0 TV. Fornece um pulso el\u00e9trico em uma superf\u00edcie maior sob seus p\u00e9s para que voc\u00ea possa us\u00e1-lo enquanto estiver sentado em sua mesa ou assistindo \u00e0 TV.<\/p>\n<p>Al\u00edvio da dor direcionado e de alta tecnologia para m\u00fasculos lombares doloridos e ajuda a queimar gordura na regi\u00e3o da barriga.<br \/>\nCompat\u00edvel com as melhores unidades TENS do mercado, como TechCare Massagers, iRest Massagers, Unimed Massagers e outras unidades TENS populares.<br \/>\n2 eletrodos de silicone embutidos que eliminam a necessidade de comprar almofadas de eletrodos de reposi\u00e7\u00e3o<br \/>\nCinto extra-longo ajust\u00e1vel, com 34\u2033 de comprimento. Tamanho \u00fanico.<\/p>\n<p><strong>LEIA O MANUAL DO USU\u00c1RIO ANTES DE COME\u00c7AR a usar a m\u00e1quina.<\/strong><br \/>\nSe for a primeira vez que estiver usando o dispositivo, mantenha-o carregado por pelo menos 10 horas<br \/>\nSe voc\u00ea n\u00e3o usar muito o dispositivo, carregue-o duas vezes por m\u00eas para prolongar a vida \u00fatil da bateria.<br \/>\nO dispositivo tem recursos de seguran\u00e7a. O dispositivo n\u00e3o come\u00e7ar\u00e1 a funcionar antes que voc\u00ea coloque as almofadas em seu corpo.<\/p>","protected":false},"excerpt":{"rendered":"<p>1x Controlador de modelo mais recente, 6 eletrodos grandes (almofadas), 2 cabos de eletrodos, 1 par de chinelos massageadores, 1 cinto massageador, manual do usu\u00e1rio, carregador USB e de parede, 1 almofada de eletrodo pequeno e suporte de fio, 1 tabela de pontos de tratamento<\/p>","protected":false},"featured_media":10278,"template":"","meta":{"bwfblock_default_font":"","_uag_custom_page_level_css":"","site-sidebar-layout":"default","site-content-layout":"","ast-site-content-layout":"default","site-content-style":"default","site-sidebar-style":"default","ast-global-header-display":"","ast-banner-title-visibility":"","ast-main-header-display":"","ast-hfb-above-header-display":"","ast-hfb-below-header-display":"","ast-hfb-mobile-header-display":"","site-post-title":"","ast-breadcrumbs-content":"","ast-featured-img":"","footer-sml-layout":"","ast-disable-related-posts":"","theme-transparent-header-meta":"default","adv-header-id-meta":"","stick-header-meta":"default","header-above-stick-meta":"","header-main-stick-meta":"","header-below-stick-meta":"","astra-migrate-meta-layouts":"set","ast-page-background-enabled":"default","ast-page-background-meta":{"desktop":{"background-color":"","background-image":"","background-repeat":"repeat","background-position":"center center","background-size":"auto","background-attachment":"scroll","background-type":"","background-media":"","overlay-type":"","overlay-color":"","overlay-opacity":"","overlay-gradient":""},"tablet":{"background-color":"","background-image":"","background-repeat":"repeat","background-position":"center center","background-size":"auto","background-attachment":"scroll","background-type":"","background-media":"","overlay-type":"","overlay-color":"","overlay-opacity":"","overlay-gradient":""},"mobile":{"background-color":"","background-image":"","background-repeat":"repeat","background-position":"center center","background-size":"auto","background-attachment":"scroll","background-type":"","background-media":"","overlay-type":"","overlay-color":"","overlay-opacity":"","overlay-gradient":""}},"ast-content-background-meta":{"desktop":{"background-color":"var(--ast-global-color-5)","background-image":"","background-repeat":"repeat","background-position":"center center","background-size":"auto","background-attachment":"scroll","background-type":"","background-media":"","overlay-type":"","overlay-color":"","overlay-opacity":"","overlay-gradient":""},"tablet":{"background-color":"var(--ast-global-color-5)","background-image":"","background-repeat":"repeat","background-position":"center center","background-size":"auto","background-attachment":"scroll","background-type":"","background-media":"","overlay-type":"","overlay-color":"","overlay-opacity":"","overlay-gradient":""},"mobile":{"background-color":"var(--ast-global-color-5)","background-image":"","background-repeat":"repeat","background-position":"center center","background-size":"auto","background-attachment":"scroll","background-type":"","background-media":"","overlay-type":"","overlay-color":"","overlay-opacity":"","overlay-gradient":""}}},"product_brand":[73],"product_cat":[344,336,99,124],"product_tag":[],"class_list":{"0":"post-10276","1":"product","2":"type-product","3":"status-publish","4":"has-post-thumbnail","6":"product_brand-pophaw","7":"product_cat-pain-management","8":"product_cat-healthcare-products","9":"product_cat-home-medical-supplies","10":"product_cat-pain-management-therapy","11":"desktop-align-center","12":"tablet-align-center","13":"mobile-align-center","14":"ast-product-gallery-layout-horizontal-slider","15":"ast-product-gallery-with-no-image","16":"ast-magnify-disabled","17":"ast-product-tabs-layout-horizontal","19":"first","20":"instock","21":"shipping-taxable","22":"purchasable","23":"product-type-simple"},"spectra_custom_meta":{"classic-editor-remember":["classic-editor"],"_edit_lock":["1737876845:1"],"_edit_last":["1"],"rank_math_seo_score":["84"],"rank_math_focus_keyword":["Tens Unit Muscle Stimulator"],"rank_math_description":["Tens Unit Muscle Stimulator Body Circulation Pain Relief Therapy Machine Device. 1x Newest Model Controller, 6 Large Electrodes ( Pads ), 2 Electrodes Cables, 1 Pair of Massager Slipper, 1 Massager Belt, User's Manual, USB and Wall Charger, 1 Small Electrode Pad and Wire Holder, 1 Treatment Points Chart"],"_thumbnail_id":["10278"],"_admin_notes":["https:\/\/www.ebay.com\/itm\/363650789228"],"_custom_product_field":[""],"_sku":["EB218046"],"_global_unique_id":["17841900187787"],"_regular_price":["59.99"],"total_sales":["0"],"_tax_status":["taxable"],"_tax_class":[""],"_manage_stock":["no"],"_backorders":["no"],"_sold_individually":["no"],"_virtual":["no"],"_downloadable":["no"],"_download_limit":["-1"],"_download_expiry":["-1"],"_stock":[null],"_stock_status":["instock"],"_wc_average_rating":["0"],"_wc_review_count":["0"],"_product_version":["9.6.0"],"_price":["59.99"],"_wc_gla_visibility":["sync-and-show"],"_wc_gla_sync_status":["synced"],"_wc_facebook_sync_enabled":["yes"],"fb_visibility":["yes"],"fb_product_description":[""],"_wc_facebook_product_image_source":["product"],"_wc_facebook_commerce_enabled":["no"],"fb_product_group_id":["28126110150337387"],"rank_math_primary_product_brand":["73"],"rank_math_primary_product_cat":["344"],"rank_math_primary_fb_product_set":["0"],"site-sidebar-layout":["default"],"ast-site-content-layout":["default"],"site-content-style":["default"],"site-sidebar-style":["default"],"theme-transparent-header-meta":["default"],"astra-migrate-meta-layouts":["set"],"stick-header-meta":["default"],"rank_math_analytic_object_id":["228"],"_wc_gla_synced_at":["1773802835"],"_wc_gla_google_ids":["a:1:{s:2:\"US\";s:22:\"online:en:US:gla_10276\";}"],"fb_product_item_id":["28126110570337345"],"wp_statistics_words_count":["483"],"wpil_sync_report3":["1"],"wpil_links_inbound_internal_count":["0"],"wpil_links_inbound_internal_count_data":["eJxLtDKwqq4FAAZPAf4="],"wpil_links_outbound_internal_count":["0"],"wpil_links_outbound_internal_count_data":["eJxLtDKwqq4FAAZPAf4="],"wpil_links_outbound_external_count":["0"],"wpil_links_outbound_external_count_data":["eJxLtDKwqq4FAAZPAf4="],"wpil_sync_report2_time":["2025-01-27T07:29:10+00:00"],"omnisend_last_sync":["2025-05-16T11:05:10+00:00"],"surerank_settings_general":["a:7:{s:9:\"separator\";s:1:\"-\";s:10:\"page_title\";s:21:\"%title% - %site_name%\";s:25:\"auto_generate_description\";b:1;s:16:\"page_description\";s:304:\"Tens Unit Muscle Stimulator Body Circulation Pain Relief Therapy Machine Device. 1x Newest Model Controller, 6 Large Electrodes ( Pads ), 2 Electrodes Cables, 1 Pair of Massager Slipper, 1 Massager Belt, User's Manual, USB and Wall Charger, 1 Small Electrode Pad and Wire Holder, 1 Treatment Points Chart\";s:16:\"auto_description\";s:156:\"Tens Unit Muscle Stimulator Body Circulation Pain Relief Therapy Machine Device Tens Unit Muscle Stimulator Package Includes\u00a0 1x Newest Model Controller, 6\";s:14:\"fallback_image\";s:0:\"\";s:13:\"canonical_url\";s:55:\"https:\/\/pophaw.com\/product\/tens-unit-muscle-stimulator\/\";}"],"surerank_settings_post_no_index":["no"],"surerank_settings_post_no_follow":["no"],"surerank_settings_post_no_archive":["no"],"surerank_settings_social":["a:23:{s:15:\"open_graph_tags\";b:1;s:18:\"facebook_meta_tags\";b:1;s:17:\"twitter_meta_tags\";b:1;s:16:\"oembeded_scripts\";b:1;s:17:\"oembeded_og_title\";b:1;s:22:\"oembeded_social_images\";b:1;s:27:\"oembeded_remove_author_name\";b:1;s:17:\"facebook_page_url\";s:54:\"https:\/\/www.facebook.com\/profile.php?id=61571207938497\";s:24:\"facebook_author_fallback\";s:0:\"\";s:17:\"twitter_card_type\";s:19:\"summary_large_image\";s:24:\"twitter_same_as_facebook\";b:1;s:24:\"twitter_profile_username\";s:0:\"\";s:24:\"twitter_profile_fallback\";s:0:\"\";s:14:\"facebook_title\";s:21:\"%title% - %site_name%\";s:20:\"facebook_description\";s:9:\"%content%\";s:18:\"facebook_image_url\";s:66:\"https:\/\/pophaw.com\/wp-content\/uploads\/2025\/01\/Main-image-1-13.webp\";s:17:\"facebook_image_id\";i:10278;s:20:\"facebook_image_width\";i:1080;s:21:\"facebook_image_height\";i:1080;s:13:\"twitter_title\";s:21:\"%title% - %site_name%\";s:19:\"twitter_description\";s:9:\"%content%\";s:17:\"twitter_image_url\";s:66:\"https:\/\/pophaw.com\/wp-content\/uploads\/2025\/01\/Main-image-1-13.webp\";s:16:\"twitter_image_id\";i:10278;}"],"surerank_migration":["1"],"astra_style_timestamp_css":["1775194092"],"wwpp_product_wholesale_visibility_filter":["all"],"_uag_css_file_name":["uag-css-10276.css"],"rank_math_internal_links_processed":["1"],"_uag_page_assets":["a:9:{s:3:\"css\";s:0:\"\";s:2:\"js\";s:0:\"\";s:18:\"current_block_list\";a:15:{i:0;s:23:\"surecart\/slide-out-cart\";i:1;s:30:\"surecart\/slide-out-cart-header\";i:2;s:29:\"surecart\/slide-out-cart-items\";i:3;s:30:\"surecart\/slide-out-cart-coupon\";i:4;s:32:\"surecart\/slide-out-cart-subtotal\";i:5;s:38:\"surecart\/slide-out-cart-bump-line-item\";i:6;s:30:\"surecart\/slide-out-cart-submit\";i:7;s:11:\"core\/search\";i:8;s:10:\"core\/group\";i:9;s:12:\"core\/heading\";i:10;s:17:\"core\/latest-posts\";i:11;s:20:\"core\/latest-comments\";i:12;s:13:\"core\/archives\";i:13;s:15:\"core\/categories\";i:14;s:14:\"core\/shortcode\";}s:8:\"uag_flag\";b:0;s:11:\"uag_version\";s:10:\"1775168599\";s:6:\"gfonts\";a:0:{}s:10:\"gfonts_url\";s:0:\"\";s:12:\"gfonts_files\";a:0:{}s:14:\"uag_faq_layout\";b:0;}"],"_wc_gla_mc_status":["approved"]},"uagb_featured_image_src":{"full":["https:\/\/pophaw.com\/wp-content\/uploads\/2025\/01\/Main-image-1-13.webp",1080,1080,false],"thumbnail":["https:\/\/pophaw.com\/wp-content\/uploads\/2025\/01\/Main-image-1-13-150x150.webp",150,150,true],"medium":["https:\/\/pophaw.com\/wp-content\/uploads\/2025\/01\/Main-image-1-13-300x300.webp",300,300,true],"medium_large":["https:\/\/pophaw.com\/wp-content\/uploads\/2025\/01\/Main-image-1-13-768x768.webp",768,768,true],"large":["https:\/\/pophaw.com\/wp-content\/uploads\/2025\/01\/Main-image-1-13-1024x1024.webp",1024,1024,true],"ryviu-small":["https:\/\/pophaw.com\/wp-content\/uploads\/2025\/01\/Main-image-1-13.webp",40,40,false],"ryviu-medium":["https:\/\/pophaw.com\/wp-content\/uploads\/2025\/01\/Main-image-1-13.webp",132,132,false],"1536x1536":["https:\/\/pophaw.com\/wp-content\/uploads\/2025\/01\/Main-image-1-13.webp",1080,1080,false],"2048x2048":["https:\/\/pophaw.com\/wp-content\/uploads\/2025\/01\/Main-image-1-13.webp",1080,1080,false],"trp-custom-language-flag":["https:\/\/pophaw.com\/wp-content\/uploads\/2025\/01\/Main-image-1-13.webp",12,12,false],"woocommerce_thumbnail":["https:\/\/pophaw.com\/wp-content\/uploads\/2025\/01\/Main-image-1-13-300x300.webp",300,300,true],"woocommerce_single":["https:\/\/pophaw.com\/wp-content\/uploads\/2025\/01\/Main-image-1-13-600x600.webp",600,600,true],"woocommerce_gallery_thumbnail":["https:\/\/pophaw.com\/wp-content\/uploads\/2025\/01\/Main-image-1-13-100x100.webp",100,100,true]},"uagb_author_info":{"display_name":"Dr. Rowan","author_link":"https:\/\/pophaw.com\/pt\/author\/"},"uagb_comment_info":0,"uagb_excerpt":"1x Newest Model Controller, 6 Large Electrodes ( Pads ), 2 Electrodes Cables, 1 Pair of Massager Slipper, 1 Massager Belt, User's Manual, USB and Wall Charger, 1 Small Electrode Pad and Wire Holder, 1 Treatment Points Chart","_links":{"self":[{"href":"https:\/\/pophaw.com\/pt\/wp-json\/wp\/v2\/product\/10276","targetHints":{"allow":["GET"]}}],"collection":[{"href":"https:\/\/pophaw.com\/pt\/wp-json\/wp\/v2\/product"}],"about":[{"href":"https:\/\/pophaw.com\/pt\/wp-json\/wp\/v2\/types\/product"}],"wp:featuredmedia":[{"embeddable":true,"href":"https:\/\/pophaw.com\/pt\/wp-json\/wp\/v2\/media\/10278"}],"wp:attachment":[{"href":"https:\/\/pophaw.com\/pt\/wp-json\/wp\/v2\/media?parent=10276"}],"wp:term":[{"taxonomy":"product_brand","embeddable":true,"href":"https:\/\/pophaw.com\/pt\/wp-json\/wp\/v2\/product_brand?post=10276"},{"taxonomy":"product_cat","embeddable":true,"href":"https:\/\/pophaw.com\/pt\/wp-json\/wp\/v2\/product_cat?post=10276"},{"taxonomy":"product_tag","embeddable":true,"href":"https:\/\/pophaw.com\/pt\/wp-json\/wp\/v2\/product_tag?post=10276"}],"curies":[{"name":"wp","href":"https:\/\/api.w.org\/{rel}","templated":true}]}}