{"id":10279,"date":"2025-01-11T04:36:40","date_gmt":"2025-01-11T12:36:40","guid":{"rendered":"https:\/\/pophaw.com\/?post_type=product&#038;p=10279"},"modified":"2025-01-28T23:42:52","modified_gmt":"2025-01-29T07:42:52","slug":"100-unidades-de-adesivos-para-alivio-da-dor-no-joelho","status":"publish","type":"product","link":"https:\/\/pophaw.com\/pt\/product\/100-unidades-de-adesivos-para-alivio-da-dor-no-joelho\/","title":{"rendered":"100 unidades de adesivos para al\u00edvio da dor no joelho"},"content":{"rendered":"<p>O <strong>Patches para al\u00edvio da dor no joelho<\/strong> s\u00e3o projetados para proporcionar al\u00edvio r\u00e1pido e eficaz do desconforto, da rigidez e da dor nas articula\u00e7\u00f5es dos joelhos. Infundidos com ingredientes naturais, esses adesivos f\u00e1ceis de aplicar fornecem calor calmante direcionado para aliviar a dor e melhorar a circula\u00e7\u00e3o. Perfeitos para o tratamento de artrite, les\u00f5es esportivas ou desgaste geral, esses adesivos oferecem uma solu\u00e7\u00e3o n\u00e3o invasiva e conveniente para apoiar a sa\u00fade e a mobilidade do joelho ao longo do dia.<\/p>\n<p>Cor: conforme mostrado na figura<br \/>\nPrazo de validade: 3 anos<br \/>\nTamanho da embalagem: 14 * 11 * 2cm\/5,51 * 4,33 * 0,79 polegadas<\/p>\n<p><strong>Fun\u00e7\u00e3o:<\/strong><br \/>\nAlivia rapidamente v\u00e1rias dores relacionadas a tens\u00e3o muscular, dor no pesco\u00e7o, artrite reumatoide, osteoartrite, dor no joelho, tenossinovite, tens\u00e3o e entorse, ci\u00e1tica e fibromialgia. \u00c9 indispens\u00e1vel para quem trabalha em escrit\u00f3rios e \u00e9 muito popular em climas e \u00e1reas quentes. \u00c9 indispens\u00e1vel para quem trabalha em escrit\u00f3rios e \u00e9 muito popular em climas quentes e \u00e1reas quentes.<br \/>\nEfic\u00e1cia: Pode aliviar a dor e o desconforto no joelho causados pelo vento, frio, umidade e tens\u00e3o e promover a sa\u00fade.<br \/>\nPrecau\u00e7\u00f5es: N\u00e3o use este produto em mulheres gr\u00e1vidas, beb\u00eas ou pessoas al\u00e9rgicas a ele.<\/p>\n<p><strong>Como usar os adesivos para al\u00edvio da dor no joelho:<\/strong><br \/>\n-Limpe e seque a \u00e1rea afetada<br \/>\nRemova o revestimento pl\u00e1stico de um lado do adesivo.<br \/>\nNivele o lado em que voc\u00ea deseja aliviar a dor.<\/p>\n<p><strong>Observa\u00e7\u00f5es:<\/strong><br \/>\nPode haver algumas diferen\u00e7as sutis entre a cor da imagem e a do projeto real.<br \/>\nObrigado pela medi\u00e7\u00e3o manual; permita uma diferen\u00e7a de 1-2 mm.<\/p>\n<p><strong>O pacote inclui:<\/strong><br \/>\n10 * Pasta para articula\u00e7\u00e3o do joelho * 10<\/p>","protected":false},"excerpt":{"rendered":"<p>Alivia rapidamente v\u00e1rias dores relacionadas a tens\u00e3o muscular, dor no pesco\u00e7o, artrite reumatoide, osteoartrite, dor no joelho, tenossinovite, tens\u00e3o e entorse, ci\u00e1tica e fibromialgia.<\/p>","protected":false},"featured_media":10280,"template":"","meta":{"bwfblock_default_font":"","_uag_custom_page_level_css":"","site-sidebar-layout":"default","site-content-layout":"","ast-site-content-layout":"default","site-content-style":"default","site-sidebar-style":"default","ast-global-header-display":"","ast-banner-title-visibility":"","ast-main-header-display":"","ast-hfb-above-header-display":"","ast-hfb-below-header-display":"","ast-hfb-mobile-header-display":"","site-post-title":"","ast-breadcrumbs-content":"","ast-featured-img":"","footer-sml-layout":"","ast-disable-related-posts":"","theme-transparent-header-meta":"default","adv-header-id-meta":"","stick-header-meta":"default","header-above-stick-meta":"","header-main-stick-meta":"","header-below-stick-meta":"","astra-migrate-meta-layouts":"set","ast-page-background-enabled":"default","ast-page-background-meta":{"desktop":{"background-color":"","background-image":"","background-repeat":"repeat","background-position":"center center","background-size":"auto","background-attachment":"scroll","background-type":"","background-media":"","overlay-type":"","overlay-color":"","overlay-opacity":"","overlay-gradient":""},"tablet":{"background-color":"","background-image":"","background-repeat":"repeat","background-position":"center center","background-size":"auto","background-attachment":"scroll","background-type":"","background-media":"","overlay-type":"","overlay-color":"","overlay-opacity":"","overlay-gradient":""},"mobile":{"background-color":"","background-image":"","background-repeat":"repeat","background-position":"center center","background-size":"auto","background-attachment":"scroll","background-type":"","background-media":"","overlay-type":"","overlay-color":"","overlay-opacity":"","overlay-gradient":""}},"ast-content-background-meta":{"desktop":{"background-color":"var(--ast-global-color-5)","background-image":"","background-repeat":"repeat","background-position":"center center","background-size":"auto","background-attachment":"scroll","background-type":"","background-media":"","overlay-type":"","overlay-color":"","overlay-opacity":"","overlay-gradient":""},"tablet":{"background-color":"var(--ast-global-color-5)","background-image":"","background-repeat":"repeat","background-position":"center center","background-size":"auto","background-attachment":"scroll","background-type":"","background-media":"","overlay-type":"","overlay-color":"","overlay-opacity":"","overlay-gradient":""},"mobile":{"background-color":"var(--ast-global-color-5)","background-image":"","background-repeat":"repeat","background-position":"center center","background-size":"auto","background-attachment":"scroll","background-type":"","background-media":"","overlay-type":"","overlay-color":"","overlay-opacity":"","overlay-gradient":""}}},"product_brand":[73],"product_cat":[344,336,99,124],"product_tag":[],"class_list":{"0":"post-10279","1":"product","2":"type-product","3":"status-publish","4":"has-post-thumbnail","6":"product_brand-pophaw","7":"product_cat-pain-management","8":"product_cat-healthcare-products","9":"product_cat-home-medical-supplies","10":"product_cat-pain-management-therapy","11":"desktop-align-center","12":"tablet-align-center","13":"mobile-align-center","14":"ast-product-gallery-layout-horizontal-slider","15":"ast-magnify-disabled","16":"ast-product-tabs-layout-horizontal","18":"first","19":"instock","20":"shipping-taxable","21":"purchasable","22":"product-type-simple"},"spectra_custom_meta":{"classic-editor-remember":["classic-editor"],"_edit_lock":["1738137228:1"],"_edit_last":["1"],"rank_math_seo_score":["90"],"rank_math_focus_keyword":["Knee Pain Relief Patches"],"_thumbnail_id":["10280"],"_admin_notes":["https:\/\/www.ebay.com\/itm\/387670759609"],"_custom_product_field":[""],"_sku":["EB218047"],"_global_unique_id":["17841900187794"],"_regular_price":["17.5"],"total_sales":["1"],"_tax_status":["taxable"],"_tax_class":[""],"_manage_stock":["no"],"_backorders":["no"],"_sold_individually":["no"],"_virtual":["no"],"_downloadable":["no"],"_download_limit":["-1"],"_download_expiry":["-1"],"_stock":[null],"_stock_status":["instock"],"_wc_average_rating":["0"],"_wc_review_count":["0"],"_product_version":["9.6.0"],"_price":["17.5"],"_wc_gla_visibility":["sync-and-show"],"_wc_gla_sync_status":["synced"],"_product_image_gallery":["10281,10282,10283,10284,10285,10286,10287,10288,10289,10290"],"_wc_facebook_sync_enabled":["yes"],"fb_visibility":["yes"],"fb_product_description":[""],"_wc_facebook_product_image_source":["product"],"_wc_facebook_commerce_enabled":["no"],"fb_product_group_id":["9002524529836212"],"_wc_gla_synced_at":["1773802835"],"_wc_gla_google_ids":["a:1:{s:2:\"US\";s:22:\"online:en:US:gla_10279\";}"],"rank_math_primary_product_brand":["73"],"rank_math_primary_product_cat":["344"],"rank_math_primary_fb_product_set":["0"],"site-sidebar-layout":["default"],"ast-site-content-layout":["default"],"site-content-style":["default"],"site-sidebar-style":["default"],"theme-transparent-header-meta":["default"],"stick-header-meta":["default"],"rank_math_analytic_object_id":["229"],"fb_product_item_id":["9002524843169514"],"wp_statistics_words_count":["231"],"wpil_sync_report3":["1"],"wpil_links_inbound_internal_count":["0"],"wpil_links_inbound_internal_count_data":["eJxLtDKwqq4FAAZPAf4="],"wpil_links_outbound_internal_count":["0"],"wpil_links_outbound_internal_count_data":["eJxLtDKwqq4FAAZPAf4="],"wpil_links_outbound_external_count":["0"],"wpil_links_outbound_external_count_data":["eJxLtDKwqq4FAAZPAf4="],"wpil_sync_report2_time":["2025-01-27T07:29:10+00:00"],"rank_math_description":["Relieve knee pain quickly with 100PCS Knee Pain Relief Patches. Infused with natural ingredients for fast, targeted relief. Buy now!"],"astra-migrate-meta-layouts":["set"],"omnisend_last_sync":["2025-05-16T11:05:10+00:00"],"surerank_settings_general":["a:7:{s:9:\"separator\";s:1:\"-\";s:10:\"page_title\";s:21:\"%title% - %site_name%\";s:25:\"auto_generate_description\";b:1;s:16:\"page_description\";s:132:\"Relieve knee pain quickly with 100PCS Knee Pain Relief Patches. Infused with natural ingredients for fast, targeted relief. Buy now!\";s:16:\"auto_description\";s:148:\"The Knee Pain Relief Patches are designed to provide fast and effective relief from knee discomfort, stiffness, and joint pain. Infused with natural\";s:14:\"fallback_image\";s:0:\"\";s:13:\"canonical_url\";s:59:\"https:\/\/pophaw.com\/product\/100pcs-knee-pain-relief-patches\/\";}"],"surerank_settings_post_no_index":["no"],"surerank_settings_post_no_follow":["no"],"surerank_settings_post_no_archive":["no"],"surerank_settings_social":["a:23:{s:15:\"open_graph_tags\";b:1;s:18:\"facebook_meta_tags\";b:1;s:17:\"twitter_meta_tags\";b:1;s:16:\"oembeded_scripts\";b:1;s:17:\"oembeded_og_title\";b:1;s:22:\"oembeded_social_images\";b:1;s:27:\"oembeded_remove_author_name\";b:1;s:17:\"facebook_page_url\";s:54:\"https:\/\/www.facebook.com\/profile.php?id=61571207938497\";s:24:\"facebook_author_fallback\";s:0:\"\";s:17:\"twitter_card_type\";s:19:\"summary_large_image\";s:24:\"twitter_same_as_facebook\";b:1;s:24:\"twitter_profile_username\";s:0:\"\";s:24:\"twitter_profile_fallback\";s:0:\"\";s:14:\"facebook_title\";s:21:\"%title% - %site_name%\";s:20:\"facebook_description\";s:9:\"%content%\";s:18:\"facebook_image_url\";s:66:\"https:\/\/pophaw.com\/wp-content\/uploads\/2025\/01\/Main-image-17-3.webp\";s:17:\"facebook_image_id\";i:10280;s:20:\"facebook_image_width\";i:1001;s:21:\"facebook_image_height\";i:1001;s:13:\"twitter_title\";s:21:\"%title% - %site_name%\";s:19:\"twitter_description\";s:9:\"%content%\";s:17:\"twitter_image_url\";s:66:\"https:\/\/pophaw.com\/wp-content\/uploads\/2025\/01\/Main-image-17-3.webp\";s:16:\"twitter_image_id\";i:10280;}"],"surerank_migration":["1"],"astra_style_timestamp_css":["1775174757"],"wwpp_product_wholesale_visibility_filter":["all"],"_uag_css_file_name":["uag-css-10279.css"],"rank_math_internal_links_processed":["1"],"_uag_page_assets":["a:9:{s:3:\"css\";s:263:\".uag-blocks-common-selector{z-index:var(--z-index-desktop) !important}@media (max-width: 976px){.uag-blocks-common-selector{z-index:var(--z-index-tablet) !important}}@media (max-width: 767px){.uag-blocks-common-selector{z-index:var(--z-index-mobile) !important}}\n\";s:2:\"js\";s:0:\"\";s:18:\"current_block_list\";a:15:{i:0;s:23:\"surecart\/slide-out-cart\";i:1;s:30:\"surecart\/slide-out-cart-header\";i:2;s:29:\"surecart\/slide-out-cart-items\";i:3;s:30:\"surecart\/slide-out-cart-coupon\";i:4;s:32:\"surecart\/slide-out-cart-subtotal\";i:5;s:38:\"surecart\/slide-out-cart-bump-line-item\";i:6;s:30:\"surecart\/slide-out-cart-submit\";i:7;s:11:\"core\/search\";i:8;s:10:\"core\/group\";i:9;s:12:\"core\/heading\";i:10;s:17:\"core\/latest-posts\";i:11;s:20:\"core\/latest-comments\";i:12;s:13:\"core\/archives\";i:13;s:15:\"core\/categories\";i:14;s:14:\"core\/shortcode\";}s:8:\"uag_flag\";b:0;s:11:\"uag_version\";s:10:\"1775168599\";s:6:\"gfonts\";a:0:{}s:10:\"gfonts_url\";s:0:\"\";s:12:\"gfonts_files\";a:0:{}s:14:\"uag_faq_layout\";b:0;}"],"_wc_gla_mc_status":["approved"]},"uagb_featured_image_src":{"full":["https:\/\/pophaw.com\/wp-content\/uploads\/2025\/01\/Main-image-17-3.webp",1001,1001,false],"thumbnail":["https:\/\/pophaw.com\/wp-content\/uploads\/2025\/01\/Main-image-17-3-150x150.webp",150,150,true],"medium":["https:\/\/pophaw.com\/wp-content\/uploads\/2025\/01\/Main-image-17-3-300x300.webp",300,300,true],"medium_large":["https:\/\/pophaw.com\/wp-content\/uploads\/2025\/01\/Main-image-17-3-768x768.webp",768,768,true],"large":["https:\/\/pophaw.com\/wp-content\/uploads\/2025\/01\/Main-image-17-3.webp",1001,1001,false],"ryviu-small":["https:\/\/pophaw.com\/wp-content\/uploads\/2025\/01\/Main-image-17-3.webp",40,40,false],"ryviu-medium":["https:\/\/pophaw.com\/wp-content\/uploads\/2025\/01\/Main-image-17-3.webp",132,132,false],"1536x1536":["https:\/\/pophaw.com\/wp-content\/uploads\/2025\/01\/Main-image-17-3.webp",1001,1001,false],"2048x2048":["https:\/\/pophaw.com\/wp-content\/uploads\/2025\/01\/Main-image-17-3.webp",1001,1001,false],"trp-custom-language-flag":["https:\/\/pophaw.com\/wp-content\/uploads\/2025\/01\/Main-image-17-3.webp",12,12,false],"woocommerce_thumbnail":["https:\/\/pophaw.com\/wp-content\/uploads\/2025\/01\/Main-image-17-3-300x300.webp",300,300,true],"woocommerce_single":["https:\/\/pophaw.com\/wp-content\/uploads\/2025\/01\/Main-image-17-3-600x600.webp",600,600,true],"woocommerce_gallery_thumbnail":["https:\/\/pophaw.com\/wp-content\/uploads\/2025\/01\/Main-image-17-3-100x100.webp",100,100,true]},"uagb_author_info":{"display_name":"Dr. Rowan","author_link":"https:\/\/pophaw.com\/pt\/author\/"},"uagb_comment_info":0,"uagb_excerpt":"Quickly relieve various pains related to muscle strain, neck pain, rheumatoid arthritis, osteoarthritis, knee pain, tenosynovitis, strain and sprain, sciatica, and fibromyalgia.","_links":{"self":[{"href":"https:\/\/pophaw.com\/pt\/wp-json\/wp\/v2\/product\/10279","targetHints":{"allow":["GET"]}}],"collection":[{"href":"https:\/\/pophaw.com\/pt\/wp-json\/wp\/v2\/product"}],"about":[{"href":"https:\/\/pophaw.com\/pt\/wp-json\/wp\/v2\/types\/product"}],"wp:featuredmedia":[{"embeddable":true,"href":"https:\/\/pophaw.com\/pt\/wp-json\/wp\/v2\/media\/10280"}],"wp:attachment":[{"href":"https:\/\/pophaw.com\/pt\/wp-json\/wp\/v2\/media?parent=10279"}],"wp:term":[{"taxonomy":"product_brand","embeddable":true,"href":"https:\/\/pophaw.com\/pt\/wp-json\/wp\/v2\/product_brand?post=10279"},{"taxonomy":"product_cat","embeddable":true,"href":"https:\/\/pophaw.com\/pt\/wp-json\/wp\/v2\/product_cat?post=10279"},{"taxonomy":"product_tag","embeddable":true,"href":"https:\/\/pophaw.com\/pt\/wp-json\/wp\/v2\/product_tag?post=10279"}],"curies":[{"name":"wp","href":"https:\/\/api.w.org\/{rel}","templated":true}]}}