{"id":10300,"date":"2025-01-11T05:53:34","date_gmt":"2025-01-11T13:53:34","guid":{"rendered":"https:\/\/pophaw.com\/?post_type=product&#038;p=10300"},"modified":"2025-01-25T23:34:52","modified_gmt":"2025-01-26T07:34:52","slug":"melhor-dispositivo-de-tracao-do-pescoco-cervical","status":"publish","type":"product","link":"https:\/\/pophaw.com\/pt\/product\/melhor-dispositivo-de-tracao-do-pescoco-cervical\/","title":{"rendered":"Melhor dispositivo de tra\u00e7\u00e3o cervical para pesco\u00e7o"},"content":{"rendered":"<p id=\"title\" class=\"a-size-large a-spacing-none\" data-immersive-translate-walked=\"9a6cedf9-d888-429c-b4b7-745f31946e27\"><span id=\"productTitle\" class=\"a-size-large product-title-word-break\" data-immersive-translate-walked=\"9a6cedf9-d888-429c-b4b7-745f31946e27\" data-immersive-translate-paragraph=\"1\">Dispositivo de tra\u00e7\u00e3o cervical para o pesco\u00e7o, maca ajust\u00e1vel com bomba de ar para o pesco\u00e7o com 3 pot\u00eancias de tra\u00e7\u00e3o e 8 airbags de suporte, tra\u00e7\u00e3o para o pesco\u00e7o em casa, dispositivo de descompress\u00e3o para o al\u00edvio da dor no pesco\u00e7o<\/span><\/p>\n<ul class=\"a-unordered-list a-vertical a-spacing-mini\" data-immersive-translate-walked=\"9a6cedf9-d888-429c-b4b7-745f31946e27\">\n<li class=\"a-spacing-mini\" data-immersive-translate-walked=\"9a6cedf9-d888-429c-b4b7-745f31946e27\"><span class=\"a-list-item\" data-immersive-translate-walked=\"9a6cedf9-d888-429c-b4b7-745f31946e27\" data-immersive-translate-paragraph=\"1\">\u3010Dispositivo de tra\u00e7\u00e3o cervical ajust\u00e1vel\u3011: Os dispositivos tradicionais de tra\u00e7\u00e3o do pesco\u00e7o esticam o pesco\u00e7o levantando a cabe\u00e7a ou o queixo para cima. O dispositivo de tra\u00e7\u00e3o cervical Alphay permite a tra\u00e7\u00e3o sim\u00e9trica para diferentes curvaturas da coluna. O dispositivo de tra\u00e7\u00e3o cervical empurra vigorosamente as v\u00e9rtebras por meio dos bra\u00e7os mec\u00e2nicos em ambos os lados e coopera com 3 tra\u00e7\u00f5es de for\u00e7a e 8 suportes de airbag integrados para abrir totalmente o espa\u00e7o intervertebral e liberar o nervo comprimido.<\/span><\/li>\n<li class=\"a-spacing-mini\" data-immersive-translate-walked=\"9a6cedf9-d888-429c-b4b7-745f31946e27\"><span class=\"a-list-item\" data-immersive-translate-walked=\"9a6cedf9-d888-429c-b4b7-745f31946e27\" data-immersive-translate-paragraph=\"1\">\u3010Melhoria de v\u00e1rios problemas cervicais e pr\u00e1tico de usar\u3011: O redutor de press\u00e3o do pesco\u00e7o pode aliviar v\u00e1rios desconfortos e dores no pesco\u00e7o. Ao come\u00e7ar a us\u00e1-lo, voc\u00ea pode escolher a altura e a frequ\u00eancia de uso de acordo com a sua situa\u00e7\u00e3o real. Recomenda-se usar o colar cervical de 2 a 3 vezes por dia durante 10 a 20 dias, pois o desconforto, como a rigidez e a tens\u00e3o no pesco\u00e7o, desaparecer\u00e1 gradualmente!<\/span><\/li>\n<li class=\"a-spacing-mini\" data-immersive-translate-walked=\"9a6cedf9-d888-429c-b4b7-745f31946e27\"><span class=\"a-list-item\" data-immersive-translate-walked=\"9a6cedf9-d888-429c-b4b7-745f31946e27\" data-immersive-translate-paragraph=\"1\">\u3010Projeto de seguran\u00e7a e material respir\u00e1vel\u3011: O colar de tra\u00e7\u00e3o cervical tem O design de press\u00e3o limitada do airbag de seguran\u00e7a evita que ele estoure e garante sua seguran\u00e7a. Retire a bomba de ar rapidamente depois que ela estiver totalmente cheia para evitar vazamento de ar (n\u00e3o se esque\u00e7a de carregar a bomba de ar el\u00e9trica). O colar cervical \u00e9 feito com acolchoamento ultramacio e respir\u00e1vel para reduzir qualquer atrito com a pele, desconforto ou superaquecimento.<\/span><\/li>\n<li class=\"a-spacing-mini\" data-immersive-translate-walked=\"9a6cedf9-d888-429c-b4b7-745f31946e27\"><span class=\"a-list-item\" data-immersive-translate-walked=\"9a6cedf9-d888-429c-b4b7-745f31946e27\" data-immersive-translate-paragraph=\"1\">\u3010Suporte di\u00e1rio para o pesco\u00e7o e f\u00e1cil de usar\u3011: A mobilidade m\u00e1xima \u00e9 permitida em vez de ficar confinado \u00e0 porta; voc\u00ea pode usar o dispositivo de tra\u00e7\u00e3o cervical enquanto trabalha, faz tarefas dom\u00e9sticas, assiste \u00e0 TV e usa o telefone. Ao mesmo tempo, tamb\u00e9m economiza tempo para ir ao fisioterapeuta.<\/span><\/li>\n<li class=\"a-spacing-mini\" data-immersive-translate-walked=\"9a6cedf9-d888-429c-b4b7-745f31946e27\"><span class=\"a-list-item\" data-immersive-translate-walked=\"9a6cedf9-d888-429c-b4b7-745f31946e27\" data-immersive-translate-paragraph=\"1\">\u3010Um presente sobre sa\u00fade\u3011: O dispositivo de tra\u00e7\u00e3o do pesco\u00e7o cervical pode ser um presente especial para sua fam\u00edlia e amigos. Se eles apresentarem os seguintes sintomas: 1) O m\u00e9dico recomenda tra\u00e7\u00e3o e alongamento da coluna cervical (diagn\u00f3stico de espondilose cervical por resson\u00e2ncia magn\u00e9tica, raio X ou tomografia computadorizada). 2) Dor de compress\u00e3o da coluna cervical de longa dura\u00e7\u00e3o. 3) Dorm\u00eancia nos ombros e bra\u00e7os. 4) Ouvir sons ou sentir tontura ao girar a coluna cervical. 5) Tracionar os c\u00f4ndilos da coluna cervical, n\u00e3o fixar.<\/span><\/li>\n<\/ul>\n<div style=\"width: 854px;\" class=\"wp-video\"><video class=\"wp-video-shortcode\" id=\"video-10300-1\" width=\"854\" height=\"480\" preload=\"metadata\" controls=\"controls\"><source type=\"video\/mp4\" src=\"https:\/\/pophaw.com\/wp-content\/uploads\/2025\/01\/video_1-1.mp4?_=1\" \/><a href=\"https:\/\/pophaw.com\/wp-content\/uploads\/2025\/01\/video_1-1.mp4\">https:\/\/pophaw.com\/wp-content\/uploads\/2025\/01\/video_1-1.mp4<\/a><\/video><\/div>","protected":false},"excerpt":{"rendered":"<p>3 Power Traction e 8 Airbags de apoio<\/p>","protected":false},"featured_media":10302,"template":"","meta":{"bwfblock_default_font":"","_uag_custom_page_level_css":"","site-sidebar-layout":"default","site-content-layout":"","ast-site-content-layout":"default","site-content-style":"default","site-sidebar-style":"default","ast-global-header-display":"","ast-banner-title-visibility":"","ast-main-header-display":"","ast-hfb-above-header-display":"","ast-hfb-below-header-display":"","ast-hfb-mobile-header-display":"","site-post-title":"","ast-breadcrumbs-content":"","ast-featured-img":"","footer-sml-layout":"","ast-disable-related-posts":"","theme-transparent-header-meta":"default","adv-header-id-meta":"","stick-header-meta":"default","header-above-stick-meta":"","header-main-stick-meta":"","header-below-stick-meta":"","astra-migrate-meta-layouts":"set","ast-page-background-enabled":"default","ast-page-background-meta":{"desktop":{"background-color":"","background-image":"","background-repeat":"repeat","background-position":"center center","background-size":"auto","background-attachment":"scroll","background-type":"","background-media":"","overlay-type":"","overlay-color":"","overlay-opacity":"","overlay-gradient":""},"tablet":{"background-color":"","background-image":"","background-repeat":"repeat","background-position":"center center","background-size":"auto","background-attachment":"scroll","background-type":"","background-media":"","overlay-type":"","overlay-color":"","overlay-opacity":"","overlay-gradient":""},"mobile":{"background-color":"","background-image":"","background-repeat":"repeat","background-position":"center center","background-size":"auto","background-attachment":"scroll","background-type":"","background-media":"","overlay-type":"","overlay-color":"","overlay-opacity":"","overlay-gradient":""}},"ast-content-background-meta":{"desktop":{"background-color":"var(--ast-global-color-5)","background-image":"","background-repeat":"repeat","background-position":"center center","background-size":"auto","background-attachment":"scroll","background-type":"","background-media":"","overlay-type":"","overlay-color":"","overlay-opacity":"","overlay-gradient":""},"tablet":{"background-color":"var(--ast-global-color-5)","background-image":"","background-repeat":"repeat","background-position":"center center","background-size":"auto","background-attachment":"scroll","background-type":"","background-media":"","overlay-type":"","overlay-color":"","overlay-opacity":"","overlay-gradient":""},"mobile":{"background-color":"var(--ast-global-color-5)","background-image":"","background-repeat":"repeat","background-position":"center center","background-size":"auto","background-attachment":"scroll","background-type":"","background-media":"","overlay-type":"","overlay-color":"","overlay-opacity":"","overlay-gradient":""}}},"product_brand":[73],"product_cat":[344,336,99,124],"product_tag":[],"class_list":{"0":"post-10300","1":"product","2":"type-product","3":"status-publish","4":"has-post-thumbnail","6":"product_brand-pophaw","7":"product_cat-pain-management","8":"product_cat-healthcare-products","9":"product_cat-home-medical-supplies","10":"product_cat-pain-management-therapy","11":"desktop-align-center","12":"tablet-align-center","13":"mobile-align-center","14":"ast-product-gallery-layout-horizontal-slider","15":"ast-magnify-disabled","16":"ast-product-tabs-layout-horizontal","18":"first","19":"instock","20":"shipping-taxable","21":"purchasable","22":"product-type-simple"},"spectra_custom_meta":{"classic-editor-remember":["classic-editor"],"_edit_lock":["1738841158:1"],"_edit_last":["1"],"rank_math_seo_score":["95"],"rank_math_focus_keyword":["Cervical Neck Traction Device"],"rank_math_description":["Cervical Neck Traction Device, Adjustable Air Pump Neck Stretcher with 3 Power Traction and 8 Airbag Support, Neck Traction at Home, Neck Decompression Device for Neck Pain Relief"],"_thumbnail_id":["10302"],"_admin_notes":["https:\/\/www.ebay.com\/itm\/186694082289\r\n\r\nhttps:\/\/www.alibaba.com\/product-detail\/Cervical-Traction-Support-Device-Inflatable-Neck_1601036453087.html?xp=7x6stEa2MdzQ11Rmt7sqbiGwMTZBic-baa1QkPOE5ckjwAABlH-TFi-_typAkxwbVINzMRryXzd6wOwjC9yzxy95o0XySSo1fTcafosymj8sMbeanHAIqwcTEART57S-&cps_sk=lksj3ojd&bm=cps&src=saf&url=httpswww.alibaba.comproduct-detailCervical-Traction-Support-Device-Inflatable-Neck_1601036453087.html"],"_custom_product_field":[""],"_sku":["PH11335031"],"_global_unique_id":["17841900187817"],"_regular_price":["109.99"],"total_sales":["0"],"_tax_status":["taxable"],"_tax_class":[""],"_manage_stock":["no"],"_backorders":["no"],"_sold_individually":["no"],"_virtual":["no"],"_downloadable":["no"],"_download_limit":["-1"],"_download_expiry":["-1"],"_stock":[null],"_stock_status":["instock"],"_wc_average_rating":["0"],"_wc_review_count":["0"],"_product_version":["9.6.0"],"_price":["109.99"],"_wc_gla_visibility":["sync-and-show"],"_wc_gla_sync_status":["synced"],"_product_image_gallery":["10303,10304,10305,10306,10307"],"_wc_facebook_sync_enabled":["yes"],"fb_visibility":["yes"],"fb_product_description":[""],"_wc_facebook_product_image_source":["product"],"_wc_facebook_commerce_enabled":["no"],"fb_product_group_id":["8344598925640585"],"rank_math_primary_product_brand":["73"],"rank_math_primary_product_cat":["344"],"rank_math_primary_fb_product_set":["0"],"site-sidebar-layout":["default"],"ast-site-content-layout":["default"],"site-content-style":["default"],"site-sidebar-style":["default"],"theme-transparent-header-meta":["default"],"stick-header-meta":["default"],"rank_math_analytic_object_id":["231"],"fb_product_item_id":["8344599202307224"],"_wc_gla_synced_at":["1773802835"],"_wc_gla_google_ids":["a:1:{s:2:\"US\";s:22:\"online:en:US:gla_10300\";}"],"rank_math_schema_WooCommerceProduct":["a:2:{s:5:\"@type\";s:18:\"WooCommerceProduct\";s:8:\"metadata\";a:3:{s:5:\"title\";s:19:\"WooCommerce Product\";s:4:\"type\";s:8:\"template\";s:9:\"isPrimary\";b:1;}}"],"rank_math_schema_VideoObject":["a:12:{s:5:\"@type\";s:11:\"VideoObject\";s:8:\"metadata\";a:8:{s:5:\"title\";s:5:\"Video\";s:4:\"type\";s:8:\"template\";s:9:\"shortcode\";s:15:\"s-6782798644f32\";s:9:\"isPrimary\";b:1;s:23:\"reviewLocationShortcode\";s:24:\"[rank_math_rich_snippet]\";s:8:\"category\";s:12:\"%categories%\";s:4:\"tags\";s:6:\"%tags%\";s:15:\"isAutoGenerated\";b:1;}s:4:\"name\";s:11:\"%seo_title%\";s:11:\"description\";s:17:\"%seo_description%\";s:10:\"uploadDate\";s:20:\"%date(Y-m-dTH:i:sP)%\";s:12:\"thumbnailUrl\";s:16:\"%post_thumbnail%\";s:8:\"embedUrl\";s:0:\"\";s:10:\"contentUrl\";s:59:\"https:\/\/pophaw.com\/wp-content\/uploads\/2025\/01\/video_1-1.mp4\";s:8:\"duration\";s:0:\"\";s:5:\"width\";i:854;s:6:\"height\";i:480;s:16:\"isFamilyFriendly\";b:1;}"],"astra-migrate-meta-layouts":["set"],"wp_statistics_words_count":["355"],"wpil_sync_report3":["1"],"wpil_links_inbound_internal_count":["0"],"wpil_links_inbound_internal_count_data":["eJxLtDKwqq4FAAZPAf4="],"wpil_links_outbound_internal_count":["1"],"wpil_links_outbound_internal_count_data":["eJytkM1uwyAQhN+FewI4cX82r5A2xx4RARSjYBbxE7eK8u6F2GrTe2+7o08zuyOBw9UC2x2A90A+gnXiDbVxYm\/9mQDfwDXBMxBXV2E12TU4wQZIiY7UqX8FMuQcElAaMAxyWisc6RRWCn02PtMSHEqdaMe6njJOL1YbFHzF12PYNottdcCU28gZkF+XprwAsdUnelnjjsBnPtz597o8AZFeDRj\/6ZhWg9TaaHH8EsGVk\/Utl82nOFQyW\/SNrK0srm3r2FLSNNgUTBQqGpnNT2Oc10eSkCVjwx7lHKU6W3966LfJI+rijPhDd0vIPfgzz\/rt9g3bjZNf"],"wpil_links_outbound_external_count":["0"],"wpil_links_outbound_external_count_data":["eJxLtDKwqq4FAAZPAf4="],"wpil_sync_report2_time":["2025-01-27T07:29:10+00:00"],"omnisend_last_sync":["2025-05-16T11:05:10+00:00"],"surerank_settings_general":["a:7:{s:9:\"separator\";s:1:\"-\";s:10:\"page_title\";s:21:\"%title% - %site_name%\";s:25:\"auto_generate_description\";b:1;s:16:\"page_description\";s:179:\"Cervical Neck Traction Device, Adjustable Air Pump Neck Stretcher with 3 Power Traction and 8 Airbag Support, Neck Traction at Home, Neck Decompression Device for Neck Pain Relief\";s:16:\"auto_description\";s:158:\"Cervical Neck Traction Device, Adjustable Air Pump Neck Stretcher with 3 Power Traction and 8 Airbag Support, Neck Traction at Home, Neck Decompression Device\";s:14:\"fallback_image\";s:0:\"\";s:13:\"canonical_url\";s:62:\"https:\/\/pophaw.com\/product\/best-cervical-neck-traction-device\/\";}"],"surerank_settings_post_no_index":["no"],"surerank_settings_post_no_follow":["no"],"surerank_settings_post_no_archive":["no"],"surerank_settings_social":["a:23:{s:15:\"open_graph_tags\";b:1;s:18:\"facebook_meta_tags\";b:1;s:17:\"twitter_meta_tags\";b:1;s:16:\"oembeded_scripts\";b:1;s:17:\"oembeded_og_title\";b:1;s:22:\"oembeded_social_images\";b:1;s:27:\"oembeded_remove_author_name\";b:1;s:17:\"facebook_page_url\";s:54:\"https:\/\/www.facebook.com\/profile.php?id=61571207938497\";s:24:\"facebook_author_fallback\";s:0:\"\";s:17:\"twitter_card_type\";s:19:\"summary_large_image\";s:24:\"twitter_same_as_facebook\";b:1;s:24:\"twitter_profile_username\";s:0:\"\";s:24:\"twitter_profile_fallback\";s:0:\"\";s:14:\"facebook_title\";s:21:\"%title% - %site_name%\";s:20:\"facebook_description\";s:9:\"%content%\";s:18:\"facebook_image_url\";s:60:\"https:\/\/pophaw.com\/wp-content\/uploads\/2025\/01\/image_1-5.webp\";s:17:\"facebook_image_id\";i:10302;s:20:\"facebook_image_width\";i:1600;s:21:\"facebook_image_height\";i:1600;s:13:\"twitter_title\";s:21:\"%title% - %site_name%\";s:19:\"twitter_description\";s:9:\"%content%\";s:17:\"twitter_image_url\";s:60:\"https:\/\/pophaw.com\/wp-content\/uploads\/2025\/01\/image_1-5.webp\";s:16:\"twitter_image_id\";i:10302;}"],"surerank_migration":["1"],"astra_style_timestamp_css":["1775192922"],"wwpp_product_wholesale_visibility_filter":["all"],"_uag_css_file_name":["uag-css-10300.css"],"rank_math_internal_links_processed":["1"],"_uag_page_assets":["a:9:{s:3:\"css\";s:263:\".uag-blocks-common-selector{z-index:var(--z-index-desktop) !important}@media (max-width: 976px){.uag-blocks-common-selector{z-index:var(--z-index-tablet) !important}}@media (max-width: 767px){.uag-blocks-common-selector{z-index:var(--z-index-mobile) !important}}\n\";s:2:\"js\";s:0:\"\";s:18:\"current_block_list\";a:15:{i:0;s:23:\"surecart\/slide-out-cart\";i:1;s:30:\"surecart\/slide-out-cart-header\";i:2;s:29:\"surecart\/slide-out-cart-items\";i:3;s:30:\"surecart\/slide-out-cart-coupon\";i:4;s:32:\"surecart\/slide-out-cart-subtotal\";i:5;s:38:\"surecart\/slide-out-cart-bump-line-item\";i:6;s:30:\"surecart\/slide-out-cart-submit\";i:7;s:11:\"core\/search\";i:8;s:10:\"core\/group\";i:9;s:12:\"core\/heading\";i:10;s:17:\"core\/latest-posts\";i:11;s:20:\"core\/latest-comments\";i:12;s:13:\"core\/archives\";i:13;s:15:\"core\/categories\";i:14;s:14:\"core\/shortcode\";}s:8:\"uag_flag\";b:0;s:11:\"uag_version\";s:10:\"1775168599\";s:6:\"gfonts\";a:0:{}s:10:\"gfonts_url\";s:0:\"\";s:12:\"gfonts_files\";a:0:{}s:14:\"uag_faq_layout\";b:0;}"],"_wc_gla_mc_status":["approved"]},"uagb_featured_image_src":{"full":["https:\/\/pophaw.com\/wp-content\/uploads\/2025\/01\/image_1-5.webp",1600,1600,false],"thumbnail":["https:\/\/pophaw.com\/wp-content\/uploads\/2025\/01\/image_1-5-150x150.webp",150,150,true],"medium":["https:\/\/pophaw.com\/wp-content\/uploads\/2025\/01\/image_1-5-300x300.webp",300,300,true],"medium_large":["https:\/\/pophaw.com\/wp-content\/uploads\/2025\/01\/image_1-5-768x768.webp",768,768,true],"large":["https:\/\/pophaw.com\/wp-content\/uploads\/2025\/01\/image_1-5-1024x1024.webp",1024,1024,true],"ryviu-small":["https:\/\/pophaw.com\/wp-content\/uploads\/2025\/01\/image_1-5.webp",40,40,false],"ryviu-medium":["https:\/\/pophaw.com\/wp-content\/uploads\/2025\/01\/image_1-5.webp",132,132,false],"1536x1536":["https:\/\/pophaw.com\/wp-content\/uploads\/2025\/01\/image_1-5-1536x1536.webp",1536,1536,true],"2048x2048":["https:\/\/pophaw.com\/wp-content\/uploads\/2025\/01\/image_1-5.webp",1600,1600,false],"trp-custom-language-flag":["https:\/\/pophaw.com\/wp-content\/uploads\/2025\/01\/image_1-5.webp",12,12,false],"woocommerce_thumbnail":["https:\/\/pophaw.com\/wp-content\/uploads\/2025\/01\/image_1-5-300x300.webp",300,300,true],"woocommerce_single":["https:\/\/pophaw.com\/wp-content\/uploads\/2025\/01\/image_1-5-600x600.webp",600,600,true],"woocommerce_gallery_thumbnail":["https:\/\/pophaw.com\/wp-content\/uploads\/2025\/01\/image_1-5-100x100.webp",100,100,true]},"uagb_author_info":{"display_name":"Dr. Rowan","author_link":"https:\/\/pophaw.com\/pt\/author\/"},"uagb_comment_info":0,"uagb_excerpt":"3 Power Traction and 8 Airbag Support","_links":{"self":[{"href":"https:\/\/pophaw.com\/pt\/wp-json\/wp\/v2\/product\/10300","targetHints":{"allow":["GET"]}}],"collection":[{"href":"https:\/\/pophaw.com\/pt\/wp-json\/wp\/v2\/product"}],"about":[{"href":"https:\/\/pophaw.com\/pt\/wp-json\/wp\/v2\/types\/product"}],"wp:featuredmedia":[{"embeddable":true,"href":"https:\/\/pophaw.com\/pt\/wp-json\/wp\/v2\/media\/10302"}],"wp:attachment":[{"href":"https:\/\/pophaw.com\/pt\/wp-json\/wp\/v2\/media?parent=10300"}],"wp:term":[{"taxonomy":"product_brand","embeddable":true,"href":"https:\/\/pophaw.com\/pt\/wp-json\/wp\/v2\/product_brand?post=10300"},{"taxonomy":"product_cat","embeddable":true,"href":"https:\/\/pophaw.com\/pt\/wp-json\/wp\/v2\/product_cat?post=10300"},{"taxonomy":"product_tag","embeddable":true,"href":"https:\/\/pophaw.com\/pt\/wp-json\/wp\/v2\/product_tag?post=10300"}],"curies":[{"name":"wp","href":"https:\/\/api.w.org\/{rel}","templated":true}]}}