{"id":10729,"date":"2025-01-22T04:51:16","date_gmt":"2025-01-22T12:51:16","guid":{"rendered":"https:\/\/pophaw.com\/?post_type=product&#038;p=10729"},"modified":"2025-03-18T02:32:44","modified_gmt":"2025-03-18T09:32:44","slug":"coq-10-300-mg","status":"publish","type":"product","link":"https:\/\/pophaw.com\/pt\/product\/coq-10-300-mg\/","title":{"rendered":"CoQ-10 300 MG"},"content":{"rendered":"<p><span style=\"color: #000000;\">O antioxidante CoQ-10 300 MG apoia a produ\u00e7\u00e3o de energia celular e oferece amplo suporte cardiovascular.<\/span><\/p>\n<h2><span style=\"color: #000000;\">APLICA\u00c7\u00d5ES CL\u00cdNICAS<\/span><\/h2>\n<ul>\n<li><span style=\"color: #000000;\">Aumenta a produ\u00e7\u00e3o de energia celular e o desempenho f\u00edsico<\/span><\/li>\n<li><span style=\"color: #000000;\">Apoia a sa\u00fade cardiovascular<\/span><\/li>\n<li><span style=\"color: #000000;\">Aumenta a atividade antioxidante<\/span><\/li>\n<li><span style=\"color: #000000;\">Apoia o equil\u00edbrio do a\u00e7\u00facar no sangue j\u00e1 dentro dos n\u00edveis normais<\/span><\/li>\n<li><span style=\"color: #000000;\">Promove a sa\u00fade neurol\u00f3gica<\/span><\/li>\n<\/ul>\n<p><span style=\"color: #000000;\"><strong>Sugest\u00e3o de uso:<\/strong><\/span><br \/>\n<span style=\"color: #000000;\">1 c\u00e1psula gelatinosa mole por dia ou conforme recomendado por seu m\u00e9dico.<\/span><\/p>\n<div style=\"width: 1920px;\" class=\"wp-video\"><video class=\"wp-video-shortcode\" id=\"video-10729-1\" width=\"1920\" height=\"1080\" preload=\"metadata\" controls=\"controls\"><source type=\"video\/mp4\" src=\"https:\/\/pophaw.com\/wp-content\/uploads\/2025\/01\/OMPI-CoQ10.mp4?_=1\" \/><a href=\"https:\/\/pophaw.com\/wp-content\/uploads\/2025\/01\/OMPI-CoQ10.mp4\">https:\/\/pophaw.com\/wp-content\/uploads\/2025\/01\/OMPI-CoQ10.mp4<\/a><\/video><\/div>","protected":false},"excerpt":{"rendered":"<p>The antioxidant CoQ-10 300 MG supports cellular energy production and provides wide-ranging cardiovascular support. CLINICAL APPLICATIONS Enhances Cellular Energy Production and Physical Performance Supports Cardiovascular Health Boosts Antioxidant Activity Supports Blood Sugar Balance Already Within Normal Levels Promotes Neurological Health Suggested Use: 1 soft gel capsule per day or as recommended by your health care [&hellip;]<\/p>\n","protected":false},"featured_media":10730,"template":"","meta":{"bwfblock_default_font":"","_uag_custom_page_level_css":"","site-sidebar-layout":"default","site-content-layout":"","ast-site-content-layout":"default","site-content-style":"default","site-sidebar-style":"default","ast-global-header-display":"","ast-banner-title-visibility":"","ast-main-header-display":"","ast-hfb-above-header-display":"","ast-hfb-below-header-display":"","ast-hfb-mobile-header-display":"","site-post-title":"","ast-breadcrumbs-content":"","ast-featured-img":"","footer-sml-layout":"","ast-disable-related-posts":"","theme-transparent-header-meta":"default","adv-header-id-meta":"","stick-header-meta":"default","header-above-stick-meta":"","header-main-stick-meta":"","header-below-stick-meta":"","astra-migrate-meta-layouts":"set","ast-page-background-enabled":"default","ast-page-background-meta":{"desktop":{"background-color":"","background-image":"","background-repeat":"repeat","background-position":"center center","background-size":"auto","background-attachment":"scroll","background-type":"","background-media":"","overlay-type":"","overlay-color":"","overlay-opacity":"","overlay-gradient":""},"tablet":{"background-color":"","background-image":"","background-repeat":"repeat","background-position":"center center","background-size":"auto","background-attachment":"scroll","background-type":"","background-media":"","overlay-type":"","overlay-color":"","overlay-opacity":"","overlay-gradient":""},"mobile":{"background-color":"","background-image":"","background-repeat":"repeat","background-position":"center center","background-size":"auto","background-attachment":"scroll","background-type":"","background-media":"","overlay-type":"","overlay-color":"","overlay-opacity":"","overlay-gradient":""}},"ast-content-background-meta":{"desktop":{"background-color":"var(--ast-global-color-5)","background-image":"","background-repeat":"repeat","background-position":"center center","background-size":"auto","background-attachment":"scroll","background-type":"","background-media":"","overlay-type":"","overlay-color":"","overlay-opacity":"","overlay-gradient":""},"tablet":{"background-color":"var(--ast-global-color-5)","background-image":"","background-repeat":"repeat","background-position":"center center","background-size":"auto","background-attachment":"scroll","background-type":"","background-media":"","overlay-type":"","overlay-color":"","overlay-opacity":"","overlay-gradient":""},"mobile":{"background-color":"var(--ast-global-color-5)","background-image":"","background-repeat":"repeat","background-position":"center center","background-size":"auto","background-attachment":"scroll","background-type":"","background-media":"","overlay-type":"","overlay-color":"","overlay-opacity":"","overlay-gradient":""}}},"product_brand":[170],"product_cat":[127],"product_tag":[],"class_list":{"0":"post-10729","1":"product","2":"type-product","3":"status-publish","4":"has-post-thumbnail","6":"product_brand-ortho-molecular-products","7":"product_cat-dietary-supplements","8":"desktop-align-center","9":"tablet-align-center","10":"mobile-align-center","11":"ast-product-gallery-layout-horizontal-slider","12":"ast-magnify-disabled","13":"ast-product-single-variable","14":"ast-product-tabs-layout-horizontal","16":"first","17":"instock","18":"sale","19":"shipping-taxable","20":"purchasable","21":"product-type-variable"},"spectra_custom_meta":{"classic-editor-remember":["classic-editor"],"_edit_lock":["1742301461:1"],"_edit_last":["1"],"total_sales":["0"],"_tax_status":["taxable"],"_tax_class":[""],"_manage_stock":["no"],"_backorders":["no"],"_sold_individually":["no"],"_virtual":["no"],"_downloadable":["no"],"_download_limit":["-1"],"_download_expiry":["-1"],"_stock":[null],"_stock_status":["instock"],"_wc_average_rating":["0"],"_wc_review_count":["0"],"_product_attributes":["a:1:{s:11:\"pa_capsules\";a:6:{s:4:\"name\";s:11:\"pa_capsules\";s:5:\"value\";s:0:\"\";s:8:\"position\";i:0;s:10:\"is_visible\";i:0;s:12:\"is_variation\";i:1;s:11:\"is_taxonomy\";i:1;}}"],"_product_version":["9.7.1"],"rank_math_schema_WooCommerceProduct":["a:2:{s:5:\"@type\";s:18:\"WooCommerceProduct\";s:8:\"metadata\";a:3:{s:5:\"title\";s:19:\"WooCommerce Product\";s:4:\"type\";s:8:\"template\";s:9:\"isPrimary\";b:1;}}"],"rank_math_schema_VideoObject":["a:12:{s:5:\"@type\";s:11:\"VideoObject\";s:8:\"metadata\";a:8:{s:5:\"title\";s:5:\"Video\";s:4:\"type\";s:8:\"template\";s:9:\"shortcode\";s:15:\"s-6790e9bfd194a\";s:9:\"isPrimary\";b:1;s:23:\"reviewLocationShortcode\";s:24:\"[rank_math_rich_snippet]\";s:8:\"category\";s:12:\"%categories%\";s:4:\"tags\";s:6:\"%tags%\";s:15:\"isAutoGenerated\";b:1;}s:4:\"name\";s:11:\"%seo_title%\";s:11:\"description\";s:17:\"%seo_description%\";s:10:\"uploadDate\";s:20:\"%date(Y-m-dTH:i:sP)%\";s:12:\"thumbnailUrl\";s:16:\"%post_thumbnail%\";s:8:\"embedUrl\";s:0:\"\";s:10:\"contentUrl\";s:60:\"https:\/\/pophaw.com\/wp-content\/uploads\/2025\/01\/OMPI-CoQ10.mp4\";s:8:\"duration\";s:0:\"\";s:5:\"width\";i:1920;s:6:\"height\";i:1080;s:16:\"isFamilyFriendly\";b:1;}"],"rank_math_seo_score":["81"],"rank_math_focus_keyword":["CoQ-10 300 MG"],"rank_math_description":["The antioxidant CoQ-10 300 MG supports cellular energy production and provides wide-ranging cardiovascular support."],"_thumbnail_id":["10730"],"_custom_product_field":[""],"_admin_notes":[""],"_ppcp_button_position":["bottom"],"_sku":["NRT070"],"_global_unique_id":["17841900187909"],"_wc_gla_visibility":["sync-and-show"],"_product_image_gallery":["10735"],"_wc_facebook_google_product_category":[""],"fb_product_group_id":["28197693536541053"],"rank_math_primary_product_brand":["170"],"rank_math_primary_product_cat":["127"],"rank_math_primary_fb_product_set":["0"],"site-sidebar-layout":["default"],"ast-site-content-layout":["default"],"site-content-style":["default"],"site-sidebar-style":["default"],"theme-transparent-header-meta":["default"],"stick-header-meta":["default"],"rank_math_analytic_object_id":["245"],"_wc_facebook_enhanced_catalog_attributes_capacity":[""],"_wc_facebook_enhanced_catalog_attributes_age_group":[""],"_wc_facebook_enhanced_catalog_attributes_gender":[""],"_wc_facebook_enhanced_catalog_attributes_ingredients":[""],"_wc_facebook_enhanced_catalog_attributes_health_concern":[""],"_wc_facebook_enhanced_catalog_attributes_pattern":[""],"_wc_facebook_enhanced_catalog_attributes_power_type":[""],"_wc_facebook_enhanced_catalog_attributes_product_form":[""],"_wc_facebook_enhanced_catalog_attributes_result_time":[""],"_wc_facebook_enhanced_catalog_attributes_scent":[""],"_wc_facebook_enhanced_catalog_attributes_absorbency":[""],"_wc_facebook_enhanced_catalog_attributes_material":[""],"_wc_facebook_enhanced_catalog_attributes_serving_size":[""],"_wc_facebook_enhanced_catalog_attributes_size":[""],"_wc_facebook_enhanced_catalog_attributes_skin_care_concern":[""],"_wc_facebook_enhanced_catalog_attributes_skin_type":[""],"_wc_facebook_enhanced_catalog_attributes_spf_value":[""],"_wc_facebook_enhanced_catalog_attributes_standard_features":[""],"_wc_facebook_enhanced_catalog_attributes_stop_use_indications":[""],"_wc_facebook_enhanced_catalog_attributes_package_quantity":[""],"_wc_facebook_enhanced_catalog_attributes_lens_material":[""],"_wc_facebook_enhanced_catalog_attributes_lens_type":[""],"_wc_facebook_enhanced_catalog_attributes_lens_tint":[""],"_wc_facebook_enhanced_catalog_attributes_keywords":[""],"_wc_facebook_enhanced_catalog_attributes_is_powered":[""],"_wc_facebook_enhanced_catalog_attributes_instructions":[""],"_wc_facebook_enhanced_catalog_attributes_ingredients_composition":[""],"_wc_facebook_enhanced_catalog_attributes_inactive_ingredients":[""],"_wc_facebook_enhanced_catalog_attributes_flavor":[""],"_wc_facebook_enhanced_catalog_attributes_eyewear_rim":[""],"_wc_facebook_enhanced_catalog_attributes_dosage":[""],"_wc_facebook_enhanced_catalog_attributes_color":[""],"_wc_facebook_enhanced_catalog_attributes_brand":[""],"_wc_facebook_enhanced_catalog_attributes_body_part":[""],"_wc_facebook_enhanced_catalog_attributes_batteries_required":[""],"_wc_facebook_enhanced_catalog_attributes_u_v_rating":[""],"wpil_sync_report3":["1"],"wpil_links_inbound_internal_count":["0"],"wpil_links_inbound_internal_count_data":["eJxLtDKwqq4FAAZPAf4="],"wpil_links_outbound_internal_count":["1"],"wpil_links_outbound_internal_count_data":["eJytkE9PAyEQxb8L9xbYtmqmx55MrNWTR0KBdElZhvAnq2n63YXuRuvd28zLy+\/NPAkcLhbY9gB8A+QjWCf2qI0TL9afCfAVXBI8AnF1FVaTbTMnWAEp0ZE6PTAgfc4hAaUBQy\/HpcKBjmGh0GfjMy3BodSJdqzbUMbpYf\/2vNjhO2fLIawbY10RmHIbecX9YpryBMRWUPSy5h2BT\/5w87+2A4BIr3qM\/3VNK0JqbbQ4fongysn6FsymWxwqmS365qy9zNi2dWyuaextCiYKFY3M5qczzusnSciSsdnu5RylOlt\/umu4yQPq4oz44+7mkFvwZ5706\/Ubu96S0Q=="],"wpil_links_outbound_external_count":["0"],"wpil_links_outbound_external_count_data":["eJxLtDKwqq4FAAZPAf4="],"wpil_sync_report2_time":["2025-01-27T07:29:10+00:00"],"_fixed_price_rules":["a:0:{}"],"_wc_gla_sync_status":["synced"],"fb_brand":[""],"_wc_gla_synced_at":["1776049267"],"_wc_gla_google_ids":["a:1:{s:2:\"US\";s:22:\"online:en:US:gla_10733\";}"],"_price":["58","73"],"astra-migrate-meta-layouts":["set"],"omnisend_last_sync":["2025-05-16T11:05:10+00:00"],"_wc_facebook_sync_enabled":["yes"],"fb_visibility":["yes"],"_wc_facebook_sync_enabled_v2":["yes"],"surerank_settings_general":["a:7:{s:9:\"separator\";s:1:\"-\";s:10:\"page_title\";s:21:\"%title% - %site_name%\";s:25:\"auto_generate_description\";b:1;s:16:\"page_description\";s:115:\"The antioxidant CoQ-10 300 MG supports cellular energy production and provides wide-ranging cardiovascular support.\";s:16:\"auto_description\";s:159:\"The antioxidant CoQ-10 300 MG supports cellular energy production and provides wide-ranging cardiovascular support. CLINICAL APPLICATIONS Suggested Use: 1 soft\";s:14:\"fallback_image\";s:0:\"\";s:13:\"canonical_url\";s:41:\"https:\/\/pophaw.com\/product\/coq-10-300-mg\/\";}"],"surerank_settings_post_no_index":["no"],"surerank_settings_post_no_follow":["no"],"surerank_settings_post_no_archive":["no"],"surerank_settings_social":["a:23:{s:15:\"open_graph_tags\";b:1;s:18:\"facebook_meta_tags\";b:1;s:17:\"twitter_meta_tags\";b:1;s:16:\"oembeded_scripts\";b:1;s:17:\"oembeded_og_title\";b:1;s:22:\"oembeded_social_images\";b:1;s:27:\"oembeded_remove_author_name\";b:1;s:17:\"facebook_page_url\";s:54:\"https:\/\/www.facebook.com\/profile.php?id=61571207938497\";s:24:\"facebook_author_fallback\";s:0:\"\";s:17:\"twitter_card_type\";s:19:\"summary_large_image\";s:24:\"twitter_same_as_facebook\";b:1;s:24:\"twitter_profile_username\";s:0:\"\";s:24:\"twitter_profile_fallback\";s:0:\"\";s:14:\"facebook_title\";s:21:\"%title% - %site_name%\";s:20:\"facebook_description\";s:9:\"%content%\";s:18:\"facebook_image_url\";s:66:\"https:\/\/pophaw.com\/wp-content\/uploads\/2025\/01\/coq-10-300-mg-1.webp\";s:17:\"facebook_image_id\";i:10730;s:20:\"facebook_image_width\";i:565;s:21:\"facebook_image_height\";i:565;s:13:\"twitter_title\";s:21:\"%title% - %site_name%\";s:19:\"twitter_description\";s:9:\"%content%\";s:17:\"twitter_image_url\";s:66:\"https:\/\/pophaw.com\/wp-content\/uploads\/2025\/01\/coq-10-300-mg-1.webp\";s:16:\"twitter_image_id\";i:10730;}"],"surerank_migration":["1"],"astra_style_timestamp_css":["1775877238"],"wwpp_product_wholesale_visibility_filter":["all"],"_uag_css_file_name":["uag-css-10729.css"],"rank_math_internal_links_processed":["1"],"_wc_gla_mc_status":["approved"],"_uag_page_assets":["a:9:{s:3:\"css\";s:263:\".uag-blocks-common-selector{z-index:var(--z-index-desktop) !important}@media (max-width: 976px){.uag-blocks-common-selector{z-index:var(--z-index-tablet) !important}}@media (max-width: 767px){.uag-blocks-common-selector{z-index:var(--z-index-mobile) !important}}\n\";s:2:\"js\";s:0:\"\";s:18:\"current_block_list\";a:15:{i:0;s:23:\"surecart\/slide-out-cart\";i:1;s:30:\"surecart\/slide-out-cart-header\";i:2;s:29:\"surecart\/slide-out-cart-items\";i:3;s:30:\"surecart\/slide-out-cart-coupon\";i:4;s:32:\"surecart\/slide-out-cart-subtotal\";i:5;s:38:\"surecart\/slide-out-cart-bump-line-item\";i:6;s:30:\"surecart\/slide-out-cart-submit\";i:7;s:11:\"core\/search\";i:8;s:10:\"core\/group\";i:9;s:12:\"core\/heading\";i:10;s:17:\"core\/latest-posts\";i:11;s:20:\"core\/latest-comments\";i:12;s:13:\"core\/archives\";i:13;s:15:\"core\/categories\";i:14;s:14:\"core\/shortcode\";}s:8:\"uag_flag\";b:0;s:11:\"uag_version\";s:10:\"1776697765\";s:6:\"gfonts\";a:0:{}s:10:\"gfonts_url\";s:0:\"\";s:12:\"gfonts_files\";a:0:{}s:14:\"uag_faq_layout\";b:0;}"]},"uagb_featured_image_src":{"full":["https:\/\/pophaw.com\/wp-content\/uploads\/2025\/01\/coq-10-300-mg-1.webp",565,565,false],"thumbnail":["https:\/\/pophaw.com\/wp-content\/uploads\/2025\/01\/coq-10-300-mg-1-150x150.webp",150,150,true],"medium":["https:\/\/pophaw.com\/wp-content\/uploads\/2025\/01\/coq-10-300-mg-1-300x300.webp",300,300,true],"medium_large":["https:\/\/pophaw.com\/wp-content\/uploads\/2025\/01\/coq-10-300-mg-1.webp",565,565,false],"large":["https:\/\/pophaw.com\/wp-content\/uploads\/2025\/01\/coq-10-300-mg-1.webp",565,565,false],"ryviu-small":["https:\/\/pophaw.com\/wp-content\/uploads\/2025\/01\/coq-10-300-mg-1.webp",40,40,false],"ryviu-medium":["https:\/\/pophaw.com\/wp-content\/uploads\/2025\/01\/coq-10-300-mg-1.webp",132,132,false],"1536x1536":["https:\/\/pophaw.com\/wp-content\/uploads\/2025\/01\/coq-10-300-mg-1.webp",565,565,false],"2048x2048":["https:\/\/pophaw.com\/wp-content\/uploads\/2025\/01\/coq-10-300-mg-1.webp",565,565,false],"trp-custom-language-flag":["https:\/\/pophaw.com\/wp-content\/uploads\/2025\/01\/coq-10-300-mg-1.webp",12,12,false],"woocommerce_thumbnail":["https:\/\/pophaw.com\/wp-content\/uploads\/2025\/01\/coq-10-300-mg-1-300x300.webp",300,300,true],"woocommerce_single":["https:\/\/pophaw.com\/wp-content\/uploads\/2025\/01\/coq-10-300-mg-1.webp",565,565,false],"woocommerce_gallery_thumbnail":["https:\/\/pophaw.com\/wp-content\/uploads\/2025\/01\/coq-10-300-mg-1-100x100.webp",100,100,true]},"uagb_author_info":{"display_name":"Dr. Rowan","author_link":"https:\/\/pophaw.com\/pt\/author\/"},"uagb_comment_info":0,"uagb_excerpt":"The antioxidant CoQ-10 300 MG supports cellular energy production and provides wide-ranging cardiovascular support. CLINICAL APPLICATIONS Enhances Cellular Energy Production and Physical Performance Supports Cardiovascular Health Boosts Antioxidant Activity Supports Blood Sugar Balance Already Within Normal Levels Promotes Neurological Health Suggested Use: 1 soft gel capsule per day or as recommended by your health care&hellip;","_links":{"self":[{"href":"https:\/\/pophaw.com\/pt\/wp-json\/wp\/v2\/product\/10729","targetHints":{"allow":["GET"]}}],"collection":[{"href":"https:\/\/pophaw.com\/pt\/wp-json\/wp\/v2\/product"}],"about":[{"href":"https:\/\/pophaw.com\/pt\/wp-json\/wp\/v2\/types\/product"}],"wp:featuredmedia":[{"embeddable":true,"href":"https:\/\/pophaw.com\/pt\/wp-json\/wp\/v2\/media\/10730"}],"wp:attachment":[{"href":"https:\/\/pophaw.com\/pt\/wp-json\/wp\/v2\/media?parent=10729"}],"wp:term":[{"taxonomy":"product_brand","embeddable":true,"href":"https:\/\/pophaw.com\/pt\/wp-json\/wp\/v2\/product_brand?post=10729"},{"taxonomy":"product_cat","embeddable":true,"href":"https:\/\/pophaw.com\/pt\/wp-json\/wp\/v2\/product_cat?post=10729"},{"taxonomy":"product_tag","embeddable":true,"href":"https:\/\/pophaw.com\/pt\/wp-json\/wp\/v2\/product_tag?post=10729"}],"curies":[{"name":"wp","href":"https:\/\/api.w.org\/{rel}","templated":true}]}}