{"id":10801,"date":"2025-01-24T06:23:35","date_gmt":"2025-01-24T14:23:35","guid":{"rendered":"https:\/\/pophaw.com\/?post_type=product&#038;p=10801"},"modified":"2025-01-25T23:35:40","modified_gmt":"2025-01-26T07:35:40","slug":"expansor-de-exercicios-respiratorios-para-pulmoes","status":"publish","type":"product","link":"https:\/\/pophaw.com\/pt\/product\/expansor-de-exercicios-respiratorios-para-pulmoes\/","title":{"rendered":"Expansor para exerc\u00edcios de respira\u00e7\u00e3o pulmonar"},"content":{"rendered":"<p>Melhore sua sa\u00fade respirat\u00f3ria com este eficaz <strong>Exercitador de pulm\u00e3o<\/strong>. Projetado para fortalecer os pulm\u00f5es e aumentar a capacidade respirat\u00f3ria, \u00e9 ideal para pessoas que est\u00e3o se recuperando de problemas respirat\u00f3rios ou que desejam aumentar o desempenho pulmonar. Compacto, f\u00e1cil de usar e perfeito para exerc\u00edcios pulmonares di\u00e1rios em casa.<\/p>\n<ul class=\"a-unordered-list a-vertical a-spacing-mini\">\n<li class=\"a-spacing-mini\"><span class=\"a-list-item\">Melhore a fun\u00e7\u00e3o e a recupera\u00e7\u00e3o da respira\u00e7\u00e3o: O treinador de respira\u00e7\u00e3o foi projetado para ajud\u00e1-lo a melhorar o esporte da respira\u00e7\u00e3o, exercitar os m\u00fasculos dos pulm\u00f5es e promover a ingest\u00e3o de oxig\u00eanio.<\/span><\/li>\n<li class=\"a-spacing-mini\"><span class=\"a-list-item\">Remo\u00e7\u00e3o natural de muco: O dispositivo utiliza a tecnologia OPEP. A terapia cient\u00edfica produz um fluxo de ar oscilante para abrir as vias a\u00e9reas bloqueadas, promovendo uma melhor respira\u00e7\u00e3o e uma sa\u00fade respirat\u00f3ria aprimorada e ajudando a remover o muco dos pulm\u00f5es.<\/span><\/li>\n<li class=\"a-spacing-mini\"><span class=\"a-list-item\">3 tamanhos diferentes de bolas: Equipado com bolas de 15\/17\/19 mm, ele oferece n\u00edveis de resist\u00eancia expiat\u00f3ria ajust\u00e1veis. A bola maior oferece mais resist\u00eancia do que a pequena, e uma resist\u00eancia maior ajuda a limpar mais o muco. \u00c9 adequado para pessoas de todas as idades.<\/span><\/li>\n<li class=\"a-spacing-mini\"><span class=\"a-list-item\">Pequeno e port\u00e1til: Esse exercitador de respira\u00e7\u00e3o permite que voc\u00ea exercite seus pulm\u00f5es a qualquer hora e em qualquer lugar. Recomendamos 10 minutos de exerc\u00edcios de respira\u00e7\u00e3o, 2 a 3 vezes por dia.<\/span><\/li>\n<li class=\"a-spacing-mini\"><span class=\"a-list-item\">P\u00f3s-venda: Temos o compromisso de fornecer aos consumidores produtos saud\u00e1veis e um servi\u00e7o hospitaleiro. Entre em contato conosco se tiver alguma d\u00favida.<\/span><\/li>\n<\/ul>\n<p>&nbsp;<\/p>\n<h2>Certifique-se de limpar ap\u00f3s cada uso<\/h2>\n<ul>\n<li>Aumenta o volume do consumo de oxig\u00eanio pelos pulm\u00f5es.<\/li>\n<li>Maior capacidade de reten\u00e7\u00e3o da respira\u00e7\u00e3o.<\/li>\n<li>Eliminar o ar preso nos alv\u00e9olos para melhorar a troca de gases.<\/li>\n<li>Melhora a respira\u00e7\u00e3o e reduz a falta de ar.<\/li>\n<li>Ajudam a melhorar e a manter a higiene pulmonar, ajudando a remover os poluentes dos pulm\u00f5es.<\/li>\n<li>Diminuir o ac\u00famulo de lactato nos m\u00fasculos.<\/li>\n<li>Uma caixa de prote\u00e7\u00e3o \u00e9 fornecida para proteger o dispositivo contra arranh\u00f5es, colis\u00f5es, poeira, bact\u00e9rias e \u00e1gua.<\/li>\n<li>Op\u00e7\u00e3o eficaz e de baixo custo para a remo\u00e7\u00e3o de muco.<\/li>\n<li>S\u00e3o necess\u00e1rias sess\u00f5es curtas para obter o m\u00e1ximo de efic\u00e1cia.<\/li>\n<li>Mantenha as vias a\u00e9reas abertas.<\/li>\n<\/ul>\n<p>&nbsp;<\/p>\n<h2>Pacote<\/h2>\n<ul>\n<li>1 Lung Exerciser Dispositivo de remo\u00e7\u00e3o de muco<\/li>\n<li>3 rolamentos de esferas de a\u00e7o inoxid\u00e1vel de tamanhos diferentes<\/li>\n<li>1 estojo de viagem para f\u00e1cil armazenamento<\/li>\n<li>1 bocal extra<\/li>\n<\/ul>","protected":false},"excerpt":{"rendered":"<p>3 tamanhos diferentes de bolas com 15\/17\/19 mm<\/p>","protected":false},"featured_media":10812,"template":"","meta":{"bwfblock_default_font":"","_uag_custom_page_level_css":"","site-sidebar-layout":"default","site-content-layout":"","ast-site-content-layout":"default","site-content-style":"default","site-sidebar-style":"default","ast-global-header-display":"","ast-banner-title-visibility":"","ast-main-header-display":"","ast-hfb-above-header-display":"","ast-hfb-below-header-display":"","ast-hfb-mobile-header-display":"","site-post-title":"","ast-breadcrumbs-content":"","ast-featured-img":"","footer-sml-layout":"","ast-disable-related-posts":"","theme-transparent-header-meta":"default","adv-header-id-meta":"","stick-header-meta":"default","header-above-stick-meta":"","header-main-stick-meta":"","header-below-stick-meta":"","astra-migrate-meta-layouts":"set","ast-page-background-enabled":"default","ast-page-background-meta":{"desktop":{"background-color":"","background-image":"","background-repeat":"repeat","background-position":"center center","background-size":"auto","background-attachment":"scroll","background-type":"","background-media":"","overlay-type":"","overlay-color":"","overlay-opacity":"","overlay-gradient":""},"tablet":{"background-color":"","background-image":"","background-repeat":"repeat","background-position":"center center","background-size":"auto","background-attachment":"scroll","background-type":"","background-media":"","overlay-type":"","overlay-color":"","overlay-opacity":"","overlay-gradient":""},"mobile":{"background-color":"","background-image":"","background-repeat":"repeat","background-position":"center center","background-size":"auto","background-attachment":"scroll","background-type":"","background-media":"","overlay-type":"","overlay-color":"","overlay-opacity":"","overlay-gradient":""}},"ast-content-background-meta":{"desktop":{"background-color":"var(--ast-global-color-5)","background-image":"","background-repeat":"repeat","background-position":"center center","background-size":"auto","background-attachment":"scroll","background-type":"","background-media":"","overlay-type":"","overlay-color":"","overlay-opacity":"","overlay-gradient":""},"tablet":{"background-color":"var(--ast-global-color-5)","background-image":"","background-repeat":"repeat","background-position":"center center","background-size":"auto","background-attachment":"scroll","background-type":"","background-media":"","overlay-type":"","overlay-color":"","overlay-opacity":"","overlay-gradient":""},"mobile":{"background-color":"var(--ast-global-color-5)","background-image":"","background-repeat":"repeat","background-position":"center center","background-size":"auto","background-attachment":"scroll","background-type":"","background-media":"","overlay-type":"","overlay-color":"","overlay-opacity":"","overlay-gradient":""}}},"product_brand":[73],"product_cat":[342,306,336,305],"product_tag":[],"class_list":{"0":"post-10801","1":"product","2":"type-product","3":"status-publish","4":"has-post-thumbnail","6":"product_brand-pophaw","7":"product_cat-respiratory-care","8":"product_cat-breathing-exercises-aids","9":"product_cat-healthcare-products","10":"product_cat-respiratory-care-products","11":"desktop-align-center","12":"tablet-align-center","13":"mobile-align-center","14":"ast-product-gallery-layout-horizontal-slider","15":"ast-magnify-disabled","16":"ast-product-tabs-layout-horizontal","18":"first","19":"instock","20":"shipping-taxable","21":"purchasable","22":"product-type-simple"},"spectra_custom_meta":{"classic-editor-remember":["classic-editor"],"_edit_lock":["1737876942:1"],"_edit_last":["1"],"rank_math_seo_score":["89"],"rank_math_focus_keyword":["Lung exerciser"],"_wp_old_slug":["breathing-lung-exerciser-expander-mucus-removal-device-kids-adults-copd"],"_custom_product_field":[""],"_admin_notes":["https:\/\/www.ebay.com\/itm\/255976363555"],"_ppcp_button_position":["bottom"],"_sku":["EB218051"],"_global_unique_id":["17841900187947"],"_regular_price":["34"],"total_sales":["0"],"_tax_status":["taxable"],"_tax_class":[""],"_manage_stock":["no"],"_backorders":["no"],"_sold_individually":["no"],"_virtual":["no"],"_downloadable":["no"],"_download_limit":["-1"],"_download_expiry":["-1"],"_stock":[null],"_stock_status":["instock"],"_wc_average_rating":["0"],"_wc_review_count":["0"],"_product_version":["9.6.0"],"_price":["34"],"_wc_gla_visibility":["sync-and-show"],"_wc_gla_sync_status":["synced"],"_product_image_gallery":["10809,10810,10811"],"_wc_facebook_sync_enabled":["yes"],"fb_visibility":["yes"],"fb_product_description":[""],"_wc_facebook_product_image_source":["product"],"fb_product_group_id":["9361323833981144"],"rank_math_primary_product_brand":["73"],"rank_math_primary_product_cat":["342"],"rank_math_primary_fb_product_set":["0"],"site-sidebar-layout":["default"],"ast-site-content-layout":["default"],"site-content-style":["default"],"site-sidebar-style":["default"],"theme-transparent-header-meta":["default"],"stick-header-meta":["default"],"wp_statistics_words_count":["306"],"rank_math_analytic_object_id":["250"],"fb_product_item_id":["9361324040647790"],"_wc_gla_synced_at":["1773802835"],"_wc_gla_google_ids":["a:1:{s:2:\"US\";s:22:\"online:en:US:gla_10801\";}"],"rank_math_description":["Improve your respiratory health with this effective Lung Exerciser. Designed to strengthen your lungs and enhance breathing capacity, it's ideal for individuals recovering from respiratory conditions or looking to boost lung performance."],"_thumbnail_id":["10812"],"astra-migrate-meta-layouts":["set"],"wpil_sync_report3":["1"],"wpil_links_inbound_internal_count":["0"],"wpil_links_inbound_internal_count_data":["eJxLtDKwqq4FAAZPAf4="],"wpil_links_outbound_internal_count":["0"],"wpil_links_outbound_internal_count_data":["eJxLtDKwqq4FAAZPAf4="],"wpil_links_outbound_external_count":["0"],"wpil_links_outbound_external_count_data":["eJxLtDKwqq4FAAZPAf4="],"wpil_sync_report2_time":["2025-01-27T07:29:10+00:00"],"omnisend_last_sync":["2025-05-16T11:05:10+00:00"],"surerank_settings_general":["a:7:{s:9:\"separator\";s:1:\"-\";s:10:\"page_title\";s:21:\"%title% - %site_name%\";s:25:\"auto_generate_description\";b:1;s:16:\"page_description\";s:237:\"Improve your respiratory health with this effective Lung Exerciser. Designed to strengthen your lungs and enhance breathing capacity, it's ideal for individuals recovering from respiratory conditions or looking to boost lung performance.\";s:16:\"auto_description\";s:148:\"Improve your respiratory health with this effective Lung Exerciser. Designed to strengthen your lungs and enhance breathing capacity, it's ideal for\";s:14:\"fallback_image\";s:0:\"\";s:13:\"canonical_url\";s:61:\"https:\/\/pophaw.com\/product\/breathing-lung-exerciser-expander\/\";}"],"surerank_settings_post_no_index":["no"],"surerank_settings_post_no_follow":["no"],"surerank_settings_post_no_archive":["no"],"surerank_settings_social":["a:23:{s:15:\"open_graph_tags\";b:1;s:18:\"facebook_meta_tags\";b:1;s:17:\"twitter_meta_tags\";b:1;s:16:\"oembeded_scripts\";b:1;s:17:\"oembeded_og_title\";b:1;s:22:\"oembeded_social_images\";b:1;s:27:\"oembeded_remove_author_name\";b:1;s:17:\"facebook_page_url\";s:54:\"https:\/\/www.facebook.com\/profile.php?id=61571207938497\";s:24:\"facebook_author_fallback\";s:0:\"\";s:17:\"twitter_card_type\";s:19:\"summary_large_image\";s:24:\"twitter_same_as_facebook\";b:1;s:24:\"twitter_profile_username\";s:0:\"\";s:24:\"twitter_profile_fallback\";s:0:\"\";s:14:\"facebook_title\";s:21:\"%title% - %site_name%\";s:20:\"facebook_description\";s:9:\"%content%\";s:18:\"facebook_image_url\";s:65:\"https:\/\/pophaw.com\/wp-content\/uploads\/2025\/01\/Lung-Exerciser.webp\";s:17:\"facebook_image_id\";i:10812;s:20:\"facebook_image_width\";i:1280;s:21:\"facebook_image_height\";i:1280;s:13:\"twitter_title\";s:21:\"%title% - %site_name%\";s:19:\"twitter_description\";s:9:\"%content%\";s:17:\"twitter_image_url\";s:65:\"https:\/\/pophaw.com\/wp-content\/uploads\/2025\/01\/Lung-Exerciser.webp\";s:16:\"twitter_image_id\";i:10812;}"],"surerank_migration":["1"],"astra_style_timestamp_css":["1775173195"],"wwpp_product_wholesale_visibility_filter":["all"],"_uag_css_file_name":["uag-css-10801.css"],"rank_math_internal_links_processed":["1"],"_uag_page_assets":["a:9:{s:3:\"css\";s:263:\".uag-blocks-common-selector{z-index:var(--z-index-desktop) !important}@media (max-width: 976px){.uag-blocks-common-selector{z-index:var(--z-index-tablet) !important}}@media (max-width: 767px){.uag-blocks-common-selector{z-index:var(--z-index-mobile) !important}}\n\";s:2:\"js\";s:0:\"\";s:18:\"current_block_list\";a:15:{i:0;s:23:\"surecart\/slide-out-cart\";i:1;s:30:\"surecart\/slide-out-cart-header\";i:2;s:29:\"surecart\/slide-out-cart-items\";i:3;s:30:\"surecart\/slide-out-cart-coupon\";i:4;s:32:\"surecart\/slide-out-cart-subtotal\";i:5;s:38:\"surecart\/slide-out-cart-bump-line-item\";i:6;s:30:\"surecart\/slide-out-cart-submit\";i:7;s:11:\"core\/search\";i:8;s:10:\"core\/group\";i:9;s:12:\"core\/heading\";i:10;s:17:\"core\/latest-posts\";i:11;s:20:\"core\/latest-comments\";i:12;s:13:\"core\/archives\";i:13;s:15:\"core\/categories\";i:14;s:14:\"core\/shortcode\";}s:8:\"uag_flag\";b:0;s:11:\"uag_version\";s:10:\"1775168599\";s:6:\"gfonts\";a:0:{}s:10:\"gfonts_url\";s:0:\"\";s:12:\"gfonts_files\";a:0:{}s:14:\"uag_faq_layout\";b:0;}"],"_wc_gla_mc_status":["approved"]},"uagb_featured_image_src":{"full":["https:\/\/pophaw.com\/wp-content\/uploads\/2025\/01\/Lung-Exerciser.webp",1280,1280,false],"thumbnail":["https:\/\/pophaw.com\/wp-content\/uploads\/2025\/01\/Lung-Exerciser-150x150.webp",150,150,true],"medium":["https:\/\/pophaw.com\/wp-content\/uploads\/2025\/01\/Lung-Exerciser-300x300.webp",300,300,true],"medium_large":["https:\/\/pophaw.com\/wp-content\/uploads\/2025\/01\/Lung-Exerciser-768x768.webp",768,768,true],"large":["https:\/\/pophaw.com\/wp-content\/uploads\/2025\/01\/Lung-Exerciser-1024x1024.webp",1024,1024,true],"ryviu-small":["https:\/\/pophaw.com\/wp-content\/uploads\/2025\/01\/Lung-Exerciser.webp",40,40,false],"ryviu-medium":["https:\/\/pophaw.com\/wp-content\/uploads\/2025\/01\/Lung-Exerciser.webp",132,132,false],"1536x1536":["https:\/\/pophaw.com\/wp-content\/uploads\/2025\/01\/Lung-Exerciser.webp",1280,1280,false],"2048x2048":["https:\/\/pophaw.com\/wp-content\/uploads\/2025\/01\/Lung-Exerciser.webp",1280,1280,false],"trp-custom-language-flag":["https:\/\/pophaw.com\/wp-content\/uploads\/2025\/01\/Lung-Exerciser.webp",12,12,false],"woocommerce_thumbnail":["https:\/\/pophaw.com\/wp-content\/uploads\/2025\/01\/Lung-Exerciser-300x300.webp",300,300,true],"woocommerce_single":["https:\/\/pophaw.com\/wp-content\/uploads\/2025\/01\/Lung-Exerciser-600x600.webp",600,600,true],"woocommerce_gallery_thumbnail":["https:\/\/pophaw.com\/wp-content\/uploads\/2025\/01\/Lung-Exerciser-100x100.webp",100,100,true]},"uagb_author_info":{"display_name":"Dr. Rowan","author_link":"https:\/\/pophaw.com\/pt\/author\/"},"uagb_comment_info":0,"uagb_excerpt":"3 Different Sizes of Balls with 15\/17\/19 mm","_links":{"self":[{"href":"https:\/\/pophaw.com\/pt\/wp-json\/wp\/v2\/product\/10801","targetHints":{"allow":["GET"]}}],"collection":[{"href":"https:\/\/pophaw.com\/pt\/wp-json\/wp\/v2\/product"}],"about":[{"href":"https:\/\/pophaw.com\/pt\/wp-json\/wp\/v2\/types\/product"}],"wp:featuredmedia":[{"embeddable":true,"href":"https:\/\/pophaw.com\/pt\/wp-json\/wp\/v2\/media\/10812"}],"wp:attachment":[{"href":"https:\/\/pophaw.com\/pt\/wp-json\/wp\/v2\/media?parent=10801"}],"wp:term":[{"taxonomy":"product_brand","embeddable":true,"href":"https:\/\/pophaw.com\/pt\/wp-json\/wp\/v2\/product_brand?post=10801"},{"taxonomy":"product_cat","embeddable":true,"href":"https:\/\/pophaw.com\/pt\/wp-json\/wp\/v2\/product_cat?post=10801"},{"taxonomy":"product_tag","embeddable":true,"href":"https:\/\/pophaw.com\/pt\/wp-json\/wp\/v2\/product_tag?post=10801"}],"curies":[{"name":"wp","href":"https:\/\/api.w.org\/{rel}","templated":true}]}}