{"id":11380,"date":"2025-01-31T18:53:24","date_gmt":"2025-02-01T02:53:24","guid":{"rendered":"https:\/\/pophaw.com\/?post_type=product&#038;p=11380"},"modified":"2025-02-05T18:42:29","modified_gmt":"2025-02-06T02:42:29","slug":"thyrotain-120-capsulas","status":"publish","type":"product","link":"https:\/\/pophaw.com\/pt\/product\/thyrotain-120-capsulas\/","title":{"rendered":"Thyrotain - 120 C\u00e1psulas"},"content":{"rendered":"<p>O Thyrotain \u00e9 uma formula\u00e7\u00e3o abrangente que fornece uma mistura de nutrientes e produtos bot\u00e2nicos que trabalham em sinergia para apoiar a sa\u00fade da tireoide. O Thyrotain inclui L-tirosina e iodo, que constituem a espinha dorsal dos horm\u00f4nios tireoidianos tiroxina (T4) e triiodotironina (T3). A adi\u00e7\u00e3o de zinco, sel\u00eanio, vitamina A e o guggulipid bot\u00e2nico ativam enzimas que aumentam a convers\u00e3o de T4 no horm\u00f4nio ativo da tireoide, o T3. A vitamina A e o zinco tamb\u00e9m ajudam a melhorar a sensibilidade celular aos horm\u00f4nios da tireoide. A c\u00farcuma, juntamente com os antioxidantes vitamina C e E e a N-acetilciste\u00edna (NAC), fornece uma poderosa combina\u00e7\u00e3o de antioxidantes que impulsionam a sa\u00fade da tireoide ao reduzir o estresse dos radicais livres.<\/p>\n<h3><\/h3>\n<h2>Como funciona<\/h2>\n<ul>\n<li>Ajuda a manter a fun\u00e7\u00e3o saud\u00e1vel da tireoide<\/li>\n<li>Promove a s\u00edntese dos horm\u00f4nios da tireoide<\/li>\n<li>Ajuda a apoiar a convers\u00e3o de T4 em T3<\/li>\n<li>Melhora a sensibilidade celular aos horm\u00f4nios da tireoide<\/li>\n<li>Apoia um equil\u00edbrio inflamat\u00f3rio e antioxidante saud\u00e1vel<\/li>\n<\/ul>\n<p>&nbsp;<\/p>\n<p><strong>Sugest\u00e3o de uso:<\/strong><\/p>\n<p>4 c\u00e1psulas de Thyrotain por dia ou conforme recomendado por seu m\u00e9dico.<\/p>\n<p>&nbsp;<\/p>\n<p><strong>Vitaminas e minerais<\/strong><\/p>\n<p>Os horm\u00f4nios da tireoide s\u00e3o produzidos a partir do amino\u00e1cido L-tirosina e do iodo. O iodo \u00e9 um mineral essencial e \u00e9 necess\u00e1rio para a s\u00edntese dos horm\u00f4nios da tireoide, pois \u00e9 um dos componentes mais importantes dos horm\u00f4nios T4 e T3. A gl\u00e2ndula tireoide absorve o iodo do sangue e o incorpora aos horm\u00f4nios da tireoide. Al\u00e9m de apoiar a produ\u00e7\u00e3o de horm\u00f4nios da tireoide, pesquisas mostram que o iodo atua como antioxidante, apoiando uma gl\u00e2ndula tireoide saud\u00e1vel e protegendo v\u00e1rios tecidos, inclusive o tecido mam\u00e1rio, os olhos e o revestimento gastrointestinal.<\/p>\n<p>O estado normal da tireoide depende de n\u00edveis adequados de muitos minerais para a s\u00edntese e o metabolismo dos horm\u00f4nios da tireoide. Os minerais zinco e sel\u00eanio s\u00e3o cofatores necess\u00e1rios para as enzimas que convertem T4 em T3. Foi demonstrado que a defici\u00eancia de sel\u00eanio contribui para a diminui\u00e7\u00e3o da convers\u00e3o de T4 em T3. A suplementa\u00e7\u00e3o de sel\u00eanio tamb\u00e9m pode ajudar a diminuir os anticorpos de tireoperoxidase (TPO) na autoimunidade da tireoide. Foi demonstrado que a suplementa\u00e7\u00e3o com zinco restaura os n\u00edveis de T3 em pacientes com T4 normal e T3 baixo, demonstrando seu papel no processo de convers\u00e3o. A vitamina A e a vitamina E tamb\u00e9m s\u00e3o necess\u00e1rias para a produ\u00e7\u00e3o normal do horm\u00f4nio da tireoide.<\/p>\n<p><strong>Antioxidantes (c\u00farcuma, vitaminas C e E e N-acetilciste\u00edna)<\/strong><\/p>\n<p>O aumento da atividade dos radicais livres pode comprometer a convers\u00e3o saud\u00e1vel de T4 em T3. A N-acetilciste\u00edna (NAC), um precursor da glutationa, o principal antioxidante do corpo, estimula a sa\u00fade da tireoide acelerando a atividade antioxidante na gl\u00e2ndula tireoide. Foi demonstrado que a Complete Turmeric Matrix, juntamente com os antioxidantes vitamina C e E, promove a sa\u00fade da gl\u00e2ndula tireoide devido \u00e0 atividade antioxidante direta.<\/p>\n<p><strong>Ashwagandha<\/strong><\/p>\n<p>Ashwagandha (<em>Withania somnifera<\/em>) tem sido usado nos sistemas m\u00e9dicos aryuv\u00e9dicos e ind\u00edgenas h\u00e1 mais de 3.000 anos e tem sido examinado em estudos de pesquisa por seus efeitos de redu\u00e7\u00e3o do estresse. Descobriu-se que a Ashwagandha apresenta atividade agonista GABA, o que explica sua capacidade de relaxar o sistema nervoso. A Ashwagandha tamb\u00e9m pode estimular a atividade da tireoide indiretamente, por meio de seus efeitos nos sistemas antioxidantes celulares, especificamente aumentando as enzimas antioxidantes super\u00f3xido dismutase e catalase e reduzindo a peroxida\u00e7\u00e3o lip\u00eddica.<\/p>\n<p><strong>Guggulip\u00eddeo<\/strong><\/p>\n<p>A resina de goma da planta guggul tem sido usada na medicina ayurv\u00e9dica na \u00cdndia h\u00e1 quase 3.000 anos. O guggulip\u00eddeo (<em>Commiphora mukul<\/em>) demonstrou apoiar a fun\u00e7\u00e3o da tireoide, principalmente ao diminuir a peroxida\u00e7\u00e3o lip\u00eddica no f\u00edgado, o principal local de gera\u00e7\u00e3o de T3. O extrato de guggul tamb\u00e9m demonstrou ter a\u00e7\u00e3o estimulante da tireoide, aumentando a capta\u00e7\u00e3o de iodo pela gl\u00e2ndula tireoide e aumentando as atividades da peroxidase e da protease da tireoide.<\/p>\n<p>&nbsp;<\/p>\n<p>O logotipo, o texto, as marcas registradas, os gr\u00e1ficos, os v\u00eddeos e as imagens fotogr\u00e1ficas da Ortho Molecular Products s\u00e3o de propriedade da Ortho Molecular Products, Inc. e s\u00e3o usados com permiss\u00e3o. Direitos autorais \u00a9 2024<\/p>\n<p><strong>Este produto destina-se a ser usado com a orienta\u00e7\u00e3o de seu profissional de sa\u00fade e n\u00e3o deve ser revendido. A Ortho Molecular utiliza apenas revendedores autorizados e pode tomar medidas legais contra aqueles que revendem este produto.<\/strong><\/p>\n<p>*Isen\u00e7\u00e3o de responsabilidade da FDA: as informa\u00e7\u00f5es sobre este produto e as declara\u00e7\u00f5es feitas s\u00e3o fornecidas pelo fabricante, exceto as avalia\u00e7\u00f5es dos clientes, que n\u00e3o s\u00e3o avaliadas. Consulte www.orthomolecularproducts.com para obter informa\u00e7\u00f5es sobre a rela\u00e7\u00e3o entre este produto e quaisquer declara\u00e7\u00f5es feitas.\u00a0<em>Os resultados podem variar de pessoa para pessoa com base no tamanho do corpo e em outros fatores, e a efic\u00e1cia n\u00e3o \u00e9 garantida para voc\u00ea.<\/em>\u00a0Sempre procure a orienta\u00e7\u00e3o de um profissional de sa\u00fade para tomar suplementos diet\u00e9ticos, nutricionais, fitoter\u00e1picos ou homeop\u00e1ticos.<\/p>\n<p>Essas declara\u00e7\u00f5es n\u00e3o foram avaliadas pela Food and Drug Administration. Este produto n\u00e3o se destina a diagnosticar, tratar, curar ou prevenir qualquer doen\u00e7a.<\/p>","protected":false},"excerpt":{"rendered":"<p>Ajuda a manter a fun\u00e7\u00e3o saud\u00e1vel da tireoide<\/p>","protected":false},"featured_media":11381,"template":"","meta":{"bwfblock_default_font":"","_uag_custom_page_level_css":"","site-sidebar-layout":"default","site-content-layout":"","ast-site-content-layout":"default","site-content-style":"default","site-sidebar-style":"default","ast-global-header-display":"","ast-banner-title-visibility":"","ast-main-header-display":"","ast-hfb-above-header-display":"","ast-hfb-below-header-display":"","ast-hfb-mobile-header-display":"","site-post-title":"","ast-breadcrumbs-content":"","ast-featured-img":"","footer-sml-layout":"","ast-disable-related-posts":"","theme-transparent-header-meta":"default","adv-header-id-meta":"","stick-header-meta":"default","header-above-stick-meta":"","header-main-stick-meta":"","header-below-stick-meta":"","astra-migrate-meta-layouts":"set","ast-page-background-enabled":"default","ast-page-background-meta":{"desktop":{"background-color":"","background-image":"","background-repeat":"repeat","background-position":"center center","background-size":"auto","background-attachment":"scroll","background-type":"","background-media":"","overlay-type":"","overlay-color":"","overlay-opacity":"","overlay-gradient":""},"tablet":{"background-color":"","background-image":"","background-repeat":"repeat","background-position":"center center","background-size":"auto","background-attachment":"scroll","background-type":"","background-media":"","overlay-type":"","overlay-color":"","overlay-opacity":"","overlay-gradient":""},"mobile":{"background-color":"","background-image":"","background-repeat":"repeat","background-position":"center center","background-size":"auto","background-attachment":"scroll","background-type":"","background-media":"","overlay-type":"","overlay-color":"","overlay-opacity":"","overlay-gradient":""}},"ast-content-background-meta":{"desktop":{"background-color":"var(--ast-global-color-5)","background-image":"","background-repeat":"repeat","background-position":"center center","background-size":"auto","background-attachment":"scroll","background-type":"","background-media":"","overlay-type":"","overlay-color":"","overlay-opacity":"","overlay-gradient":""},"tablet":{"background-color":"var(--ast-global-color-5)","background-image":"","background-repeat":"repeat","background-position":"center center","background-size":"auto","background-attachment":"scroll","background-type":"","background-media":"","overlay-type":"","overlay-color":"","overlay-opacity":"","overlay-gradient":""},"mobile":{"background-color":"var(--ast-global-color-5)","background-image":"","background-repeat":"repeat","background-position":"center center","background-size":"auto","background-attachment":"scroll","background-type":"","background-media":"","overlay-type":"","overlay-color":"","overlay-opacity":"","overlay-gradient":""}}},"product_brand":[170],"product_cat":[127],"product_tag":[],"class_list":{"0":"post-11380","1":"product","2":"type-product","3":"status-publish","4":"has-post-thumbnail","6":"product_brand-ortho-molecular-products","7":"product_cat-dietary-supplements","8":"desktop-align-center","9":"tablet-align-center","10":"mobile-align-center","11":"ast-product-gallery-layout-horizontal-slider","12":"ast-magnify-disabled","13":"ast-product-tabs-layout-horizontal","15":"first","16":"instock","17":"shipping-taxable","18":"purchasable","19":"product-type-simple"},"spectra_custom_meta":{"classic-editor-remember":["classic-editor"],"_edit_lock":["1738903647:1"],"_edit_last":["1"],"wpil_sync_report3":["1"],"rank_math_seo_score":["82"],"rank_math_focus_keyword":["Thyrotain"],"rank_math_description":["Thyrotain is a comprehensive formulation that provides a blend of nutrients and botanicals working in synergy to support thyroid health."],"_thumbnail_id":["11381"],"_custom_product_field":[""],"_admin_notes":[""],"_sku":["NRT071"],"_global_unique_id":["17841900187961"],"_regular_price":["48"],"total_sales":["0"],"_tax_status":["taxable"],"_tax_class":[""],"_manage_stock":["no"],"_backorders":["no"],"_sold_individually":["no"],"_virtual":["no"],"_downloadable":["no"],"_download_limit":["-1"],"_download_expiry":["-1"],"_stock":[null],"_stock_status":["instock"],"_wc_average_rating":["0"],"_wc_review_count":["0"],"_product_version":["9.6.1"],"_price":["48"],"_wc_gla_visibility":["dont-sync-and-show"],"_product_image_gallery":["11382"],"_wc_facebook_sync_enabled":["yes"],"fb_visibility":["yes"],"fb_product_description":[""],"_wc_facebook_product_image_source":["product"],"_wc_facebook_google_product_category":[""],"fb_product_group_id":["10007494035933525"],"rank_math_primary_product_brand":["170"],"rank_math_primary_product_cat":["127"],"rank_math_primary_fb_product_set":["0"],"site-sidebar-layout":["default"],"ast-site-content-layout":["default"],"site-content-style":["default"],"site-sidebar-style":["default"],"theme-transparent-header-meta":["default"],"stick-header-meta":["default"],"rank_math_analytic_object_id":["266"],"fb_product_item_id":["10007494182600177"],"_wc_facebook_enhanced_catalog_attributes_capacity":[""],"_wc_facebook_enhanced_catalog_attributes_age_group":[""],"_wc_facebook_enhanced_catalog_attributes_gender":[""],"_wc_facebook_enhanced_catalog_attributes_ingredients":[""],"_wc_facebook_enhanced_catalog_attributes_health_concern":[""],"_wc_facebook_enhanced_catalog_attributes_pattern":[""],"_wc_facebook_enhanced_catalog_attributes_power_type":[""],"_wc_facebook_enhanced_catalog_attributes_product_form":[""],"_wc_facebook_enhanced_catalog_attributes_result_time":[""],"_wc_facebook_enhanced_catalog_attributes_scent":[""],"_wc_facebook_enhanced_catalog_attributes_absorbency":[""],"_wc_facebook_enhanced_catalog_attributes_material":[""],"_wc_facebook_enhanced_catalog_attributes_serving_size":[""],"_wc_facebook_enhanced_catalog_attributes_size":[""],"_wc_facebook_enhanced_catalog_attributes_skin_care_concern":[""],"_wc_facebook_enhanced_catalog_attributes_skin_type":[""],"_wc_facebook_enhanced_catalog_attributes_spf_value":[""],"_wc_facebook_enhanced_catalog_attributes_standard_features":[""],"_wc_facebook_enhanced_catalog_attributes_stop_use_indications":[""],"_wc_facebook_enhanced_catalog_attributes_package_quantity":[""],"_wc_facebook_enhanced_catalog_attributes_lens_material":[""],"_wc_facebook_enhanced_catalog_attributes_lens_type":[""],"_wc_facebook_enhanced_catalog_attributes_lens_tint":[""],"_wc_facebook_enhanced_catalog_attributes_keywords":[""],"_wc_facebook_enhanced_catalog_attributes_is_powered":[""],"_wc_facebook_enhanced_catalog_attributes_instructions":[""],"_wc_facebook_enhanced_catalog_attributes_ingredients_composition":[""],"_wc_facebook_enhanced_catalog_attributes_inactive_ingredients":[""],"_wc_facebook_enhanced_catalog_attributes_flavor":[""],"_wc_facebook_enhanced_catalog_attributes_eyewear_rim":[""],"_wc_facebook_enhanced_catalog_attributes_dosage":[""],"_wc_facebook_enhanced_catalog_attributes_color":[""],"_wc_facebook_enhanced_catalog_attributes_brand":[""],"_wc_facebook_enhanced_catalog_attributes_body_part":[""],"_wc_facebook_enhanced_catalog_attributes_batteries_required":[""],"_wc_facebook_enhanced_catalog_attributes_u_v_rating":[""],"_fz_country_restriction_type":["specific"],"_restricted_countries":["a:1:{i:0;s:2:\"US\";}"],"astra-migrate-meta-layouts":["set"],"omnisend_last_sync":["2025-05-16T11:05:10+00:00"],"surerank_settings_general":["a:7:{s:9:\"separator\";s:1:\"-\";s:10:\"page_title\";s:21:\"%title% - %site_name%\";s:25:\"auto_generate_description\";b:1;s:16:\"page_description\";s:136:\"Thyrotain is a comprehensive formulation that provides a blend of nutrients and botanicals working in synergy to support thyroid health.\";s:16:\"auto_description\";s:155:\"Thyrotain is a comprehensive formulation that provides a blend of nutrients and botanicals working in synergy to support thyroid health. Thyrotain includes\";s:14:\"fallback_image\";s:0:\"\";s:13:\"canonical_url\";s:50:\"https:\/\/pophaw.com\/product\/thyrotain-120-capsules\/\";}"],"surerank_settings_post_no_index":["no"],"surerank_settings_post_no_follow":["no"],"surerank_settings_post_no_archive":["no"],"surerank_settings_social":["a:23:{s:15:\"open_graph_tags\";b:1;s:18:\"facebook_meta_tags\";b:1;s:17:\"twitter_meta_tags\";b:1;s:16:\"oembeded_scripts\";b:1;s:17:\"oembeded_og_title\";b:1;s:22:\"oembeded_social_images\";b:1;s:27:\"oembeded_remove_author_name\";b:1;s:17:\"facebook_page_url\";s:54:\"https:\/\/www.facebook.com\/profile.php?id=61571207938497\";s:24:\"facebook_author_fallback\";s:0:\"\";s:17:\"twitter_card_type\";s:19:\"summary_large_image\";s:24:\"twitter_same_as_facebook\";b:1;s:24:\"twitter_profile_username\";s:0:\"\";s:24:\"twitter_profile_fallback\";s:0:\"\";s:14:\"facebook_title\";s:21:\"%title% - %site_name%\";s:20:\"facebook_description\";s:9:\"%content%\";s:18:\"facebook_image_url\";s:60:\"https:\/\/pophaw.com\/wp-content\/uploads\/2025\/01\/Thyrotain.webp\";s:17:\"facebook_image_id\";i:11381;s:20:\"facebook_image_width\";i:565;s:21:\"facebook_image_height\";i:565;s:13:\"twitter_title\";s:21:\"%title% - %site_name%\";s:19:\"twitter_description\";s:9:\"%content%\";s:17:\"twitter_image_url\";s:60:\"https:\/\/pophaw.com\/wp-content\/uploads\/2025\/01\/Thyrotain.webp\";s:16:\"twitter_image_id\";i:11381;}"],"surerank_migration":["1"],"astra_style_timestamp_css":["1775874669"],"wwpp_product_wholesale_visibility_filter":["all"],"_uag_css_file_name":["uag-css-11380.css"],"rank_math_internal_links_processed":["1"],"_uag_page_assets":["a:9:{s:3:\"css\";s:263:\".uag-blocks-common-selector{z-index:var(--z-index-desktop) !important}@media (max-width: 976px){.uag-blocks-common-selector{z-index:var(--z-index-tablet) !important}}@media (max-width: 767px){.uag-blocks-common-selector{z-index:var(--z-index-mobile) !important}}\n\";s:2:\"js\";s:0:\"\";s:18:\"current_block_list\";a:15:{i:0;s:23:\"surecart\/slide-out-cart\";i:1;s:30:\"surecart\/slide-out-cart-header\";i:2;s:29:\"surecart\/slide-out-cart-items\";i:3;s:30:\"surecart\/slide-out-cart-coupon\";i:4;s:32:\"surecart\/slide-out-cart-subtotal\";i:5;s:38:\"surecart\/slide-out-cart-bump-line-item\";i:6;s:30:\"surecart\/slide-out-cart-submit\";i:7;s:11:\"core\/search\";i:8;s:10:\"core\/group\";i:9;s:12:\"core\/heading\";i:10;s:17:\"core\/latest-posts\";i:11;s:20:\"core\/latest-comments\";i:12;s:13:\"core\/archives\";i:13;s:15:\"core\/categories\";i:14;s:14:\"core\/shortcode\";}s:8:\"uag_flag\";b:0;s:11:\"uag_version\";s:10:\"1776697765\";s:6:\"gfonts\";a:0:{}s:10:\"gfonts_url\";s:0:\"\";s:12:\"gfonts_files\";a:0:{}s:14:\"uag_faq_layout\";b:0;}"]},"uagb_featured_image_src":{"full":["https:\/\/pophaw.com\/wp-content\/uploads\/2025\/01\/Thyrotain.webp",565,565,false],"thumbnail":["https:\/\/pophaw.com\/wp-content\/uploads\/2025\/01\/Thyrotain-150x150.webp",150,150,true],"medium":["https:\/\/pophaw.com\/wp-content\/uploads\/2025\/01\/Thyrotain-300x300.webp",300,300,true],"medium_large":["https:\/\/pophaw.com\/wp-content\/uploads\/2025\/01\/Thyrotain.webp",565,565,false],"large":["https:\/\/pophaw.com\/wp-content\/uploads\/2025\/01\/Thyrotain.webp",565,565,false],"ryviu-small":["https:\/\/pophaw.com\/wp-content\/uploads\/2025\/01\/Thyrotain.webp",40,40,false],"ryviu-medium":["https:\/\/pophaw.com\/wp-content\/uploads\/2025\/01\/Thyrotain.webp",132,132,false],"1536x1536":["https:\/\/pophaw.com\/wp-content\/uploads\/2025\/01\/Thyrotain.webp",565,565,false],"2048x2048":["https:\/\/pophaw.com\/wp-content\/uploads\/2025\/01\/Thyrotain.webp",565,565,false],"trp-custom-language-flag":["https:\/\/pophaw.com\/wp-content\/uploads\/2025\/01\/Thyrotain.webp",12,12,false],"woocommerce_thumbnail":["https:\/\/pophaw.com\/wp-content\/uploads\/2025\/01\/Thyrotain-300x300.webp",300,300,true],"woocommerce_single":["https:\/\/pophaw.com\/wp-content\/uploads\/2025\/01\/Thyrotain.webp",565,565,false],"woocommerce_gallery_thumbnail":["https:\/\/pophaw.com\/wp-content\/uploads\/2025\/01\/Thyrotain-100x100.webp",100,100,true]},"uagb_author_info":{"display_name":"Dr. Rowan","author_link":"https:\/\/pophaw.com\/pt\/author\/"},"uagb_comment_info":0,"uagb_excerpt":"Helps to Maintain Healthy Thyroid Function","_links":{"self":[{"href":"https:\/\/pophaw.com\/pt\/wp-json\/wp\/v2\/product\/11380","targetHints":{"allow":["GET"]}}],"collection":[{"href":"https:\/\/pophaw.com\/pt\/wp-json\/wp\/v2\/product"}],"about":[{"href":"https:\/\/pophaw.com\/pt\/wp-json\/wp\/v2\/types\/product"}],"wp:featuredmedia":[{"embeddable":true,"href":"https:\/\/pophaw.com\/pt\/wp-json\/wp\/v2\/media\/11381"}],"wp:attachment":[{"href":"https:\/\/pophaw.com\/pt\/wp-json\/wp\/v2\/media?parent=11380"}],"wp:term":[{"taxonomy":"product_brand","embeddable":true,"href":"https:\/\/pophaw.com\/pt\/wp-json\/wp\/v2\/product_brand?post=11380"},{"taxonomy":"product_cat","embeddable":true,"href":"https:\/\/pophaw.com\/pt\/wp-json\/wp\/v2\/product_cat?post=11380"},{"taxonomy":"product_tag","embeddable":true,"href":"https:\/\/pophaw.com\/pt\/wp-json\/wp\/v2\/product_tag?post=11380"}],"curies":[{"name":"wp","href":"https:\/\/api.w.org\/{rel}","templated":true}]}}